{"id":97,"date":"2022-08-03T08:11:44","date_gmt":"2022-08-03T08:11:44","guid":{"rendered":"https:\/\/eggtraymachine.org\/?post_type=product&#038;p=97"},"modified":"2024-06-18T16:46:05","modified_gmt":"2024-06-18T08:46:05","slug":"apple-tray-making-machine","status":"publish","type":"product","link":"https:\/\/eggtraymachine.org\/sw\/product\/apple-tray-making-machine\/","title":{"rendered":"Mashine ya kutengeneza tray za tufaha | mashine ya tray za matunda ya karatasi\u00a0"},"content":{"rendered":"<p>Mashine ya kutengeneza tray za tufaa ni mashine inayotumika kutengeneza tray za pakiti za matunda, na pia inaweza kutengeneza tray za matunda mengine, kama vile matunda ya kiwi, kaki, na matunda mengine ambayo yanaweza kuharibiwa kwa urahisi.<\/p>    <p>Mashine ya tray ya tufaha inaweza kutengeneza trays za karatasi za ukubwa tofauti kwa kubadilisha molds tofauti. Kwa kuwa trays za tufaha zinatengenezwa kwa bidhaa za karatasi za taka, vifaa vya ufungaji ni bidhaa rafiki kwa mazingira. Haitachafua mazingira wakati wa mchakato wa uzalishaji.<\/p>    <h2 class=\"wp-block-heading\">Mchakato wa usindikaji wa tray za tufaha<\/h2>   <div class=\"wp-block-image\"> <figure class=\"aligncenter size-full\"><img loading=\"lazy\" decoding=\"async\" width=\"720\" height=\"540\" src=\"https:\/\/eggtraymachine.org\/wp-content\/uploads\/2022\/08\/Apple-tray-processing-process.webp\" alt=\"Mchakato wa usindikaji wa tray za tufaha\" class=\"wp-image-101\" title=\"\" srcset=\"https:\/\/eggtraymachine.org\/wp-content\/uploads\/2022\/08\/Apple-tray-processing-process.webp 720w, https:\/\/eggtraymachine.org\/wp-content\/uploads\/2022\/08\/Apple-tray-processing-process-300x225.webp 300w\" sizes=\"auto, (max-width: 720px) 100vw, 720px\" \/><figcaption class=\"wp-element-caption\">Mchakato wa usindikaji wa tray za tufaha<\/figcaption><\/figure> <\/div>   <p class=\"translation-block\">Apple trays need to use waste paper as a raw material for a production called processing, which can be paper products such as cartons, books, newspapers, etc. The <a href=\"https:\/\/eggtraymachine.org\/sw\/product\/egg-tray-production-line\/\">process of apple tray processing <\/a>is pulping first, then apple tray molding, and finally drying and packaging. Since the raw material of the apple tray is paper, it is a degradable packaging material. very environmentally friendly<\/p>    <h2 class=\"wp-block-heading\">Vigezo vya holder za tufaha<\/h2>    <figure class=\"wp-block-gallery has-nested-images columns-default is-cropped wp-block-gallery-2 is-layout-flex wp-block-gallery-is-layout-flex\"> <figure class=\"wp-block-image size-large\"><img loading=\"lazy\" decoding=\"async\" width=\"720\" height=\"540\" data-id=\"107\" src=\"https:\/\/eggtraymachine.org\/wp-content\/uploads\/2022\/08\/apple-tray-mold.webp\" alt=\"ukungu wa tray za tufaha\" class=\"wp-image-107\" title=\"\" srcset=\"https:\/\/eggtraymachine.org\/wp-content\/uploads\/2022\/08\/apple-tray-mold.webp 720w, https:\/\/eggtraymachine.org\/wp-content\/uploads\/2022\/08\/apple-tray-mold-300x225.webp 300w\" sizes=\"auto, (max-width: 720px) 100vw, 720px\" \/><figcaption class=\"wp-element-caption\">\u00c4pplebricka form<\/figcaption><\/figure>    <figure class=\"wp-block-image size-large\"><img loading=\"lazy\" decoding=\"async\" width=\"720\" height=\"540\" data-id=\"108\" src=\"https:\/\/eggtraymachine.org\/wp-content\/uploads\/2022\/08\/apple-tray.webp\" alt=\"fataki ya tufaha\" class=\"wp-image-108\" title=\"\" srcset=\"https:\/\/eggtraymachine.org\/wp-content\/uploads\/2022\/08\/apple-tray.webp 720w, https:\/\/eggtraymachine.org\/wp-content\/uploads\/2022\/08\/apple-tray-300x225.webp 300w\" sizes=\"auto, (max-width: 720px) 100vw, 720px\" \/><figcaption class=\"wp-element-caption\">Fataki ya Tufaha<\/figcaption><\/figure> <\/figure>    <p>Kuna mifano mingi ya tray za tufaha kutoka kampuni ya Shuliy, ikianza na 1000pc\/h hadi 8000pc\/h, mfano mdogo zaidi ni 1000pc\/h, pia huitwa SL-3*1, mashine ina mhimili mmoja, na kuna tray tatu ndogo za tufaha kwenye mfano wa mhimili mmoja ili tray tatu za tufaha ziweze kutengenezwa kwa kila usindikaji.<\/p>    <figure class=\"wp-block-table\"><table><tbody><tr><td>modell<\/td><td>kapacitet<\/td><td>konsumtion av papper<\/td><td>Matumizi ya Maji<\/td><td>energi som anv\u00e4nds<\/td><td>arbetare<\/td><\/tr><tr><td>SL-3*1<\/td><td>1000-1500st\/h<\/td><td>120kg\/h<\/td><td>300kg\/h<\/td><td>32kw\/h<\/td><td>3-4<\/td><\/tr><tr><td>SL-4*1<\/td><td>1500-2000PCS\/h<\/td><td>160kg\/h<\/td><td>380kg\/h<\/td><td>45kw\/h<\/td><td>3-4<\/td><\/tr><tr><td>SL-3*4<\/td><td>2000-2500pcs\/h<\/td><td>200kg\/h<\/td><td>450kg\/h<\/td><td>58kw\/h<\/td><td>4-5<\/td><\/tr><tr><td>SL-4*4<\/td><td>3000-3500pcs\/h<\/td><td>280kg\/h<\/td><td>560kg\/h<\/td><td>78kw\/h<\/td><td>4-5<\/td><\/tr><tr><td>SL-4*8<\/td><td>4000st\/h<\/td><td>320kg\/h<\/td><td>600kg\/h<\/td><td>80kw\/h<\/td><td>5-6<\/td><\/tr><tr><td>SL-5*8<\/td><td>5000styck\/h<\/td><td>400kg\/h<\/td><td>750kg\/h<\/td><td>85kw\/h<\/td><td>3-4<\/td><\/tr><tr><td>SL-5*12<\/td><td>6000pcs\/h<\/td><td>480kg\/h<\/td><td>900kg\/h<\/td><td>90kw\/h<\/td><td>3-4<\/td><\/tr><tr><td>SL-6*12<\/td><td>8000pcs\/h<\/td><td>640kg\/h<\/td><td>1040kg\/h<\/td><td>100kw\/h<\/td><td>3-4<\/td><\/tr><\/tbody><\/table><figcaption class=\"wp-element-caption\">parametrar f\u00f6r maskin f\u00f6r tillverkning av \u00e4pplebrickor<\/figcaption><\/figure>    <h2 class=\"wp-block-heading\" id=\"h-why-use-an-apple-tray\">Kwa nini kutumia tray ya tufaha?<\/h2>   <div class=\"wp-block-image\"> <figure class=\"aligncenter size-full\"><img loading=\"lazy\" decoding=\"async\" width=\"720\" height=\"540\" src=\"https:\/\/eggtraymachine.org\/wp-content\/uploads\/2022\/08\/Apple-tray.webp\" alt=\"Fataki ya tufaha\" class=\"wp-image-100\" title=\"\" srcset=\"https:\/\/eggtraymachine.org\/wp-content\/uploads\/2022\/08\/Apple-tray.webp 720w, https:\/\/eggtraymachine.org\/wp-content\/uploads\/2022\/08\/Apple-tray-300x225.webp 300w\" sizes=\"auto, (max-width: 720px) 100vw, 720px\" \/><figcaption class=\"wp-element-caption\">Fataki ya tufaha<\/figcaption><\/figure> <\/div>   <p>Kuna maeneo mengi ambapo matunda yanauzwa au yanahitaji kusafirishwa kwa umbali mrefu. Ikiwa hakuna ulinzi kwenye tray za tufaa, matunda yanaweza kugongana, ambayo itasababisha tufaa kuwa rahisi kuoza. Kwa hivyo, matunda yanayohitaji kusafirishwa kwa umbali mrefu yatawekwa kwenye tray ya matunda kwa ajili ya ulinzi. <\/p>    <p>Mashine ya kutengeneza tray za tufaha imeundwa na kutengenezwa kulingana na umbo wa kijiometri, vipimo, na mahitaji ya ulinzi ya bidhaa inayopakiwa. Ina athari bora za ulinzi kama vile buffering, upinzani wa mshtuko, upinzani wa mkatakata, upinzani wa athari, kupambana na umeme wa stati, kupambana na kutu, kuzuia unyevu, n.k.<\/p>    <p> Inatumika sana katika vyombo vya glasi, keramik, vifaa vya kielektroniki, sehemu za mitambo, vifaa, zana, vichekesho, simu za mkononi, na bidhaa nyingine kwenye ufungaji wa ndani, huku kukiwa na maendeleo ya teknolojia na teknolojia ya uzalishaji, sahani za karatasi pia zinatumika polepole katika ufungaji wa nje wa bidhaa, zikifunga moja kwa moja bidhaa.<\/p>    <h2 class=\"wp-block-heading\">Ni tray zipi za matunda zinazoweza kusindikwa?<\/h2>    <figure class=\"wp-block-gallery has-nested-images columns-default is-cropped wp-block-gallery-3 is-layout-flex wp-block-gallery-is-layout-flex\"> <figure class=\"wp-block-image size-large\"><img loading=\"lazy\" decoding=\"async\" width=\"720\" height=\"540\" data-id=\"103\" src=\"https:\/\/eggtraymachine.org\/wp-content\/uploads\/2022\/08\/fruit-trays.webp\" alt=\"fruktbrickor\" class=\"wp-image-103\" title=\"\" srcset=\"https:\/\/eggtraymachine.org\/wp-content\/uploads\/2022\/08\/fruit-trays.webp 720w, https:\/\/eggtraymachine.org\/wp-content\/uploads\/2022\/08\/fruit-trays-300x225.webp 300w\" sizes=\"auto, (max-width: 720px) 100vw, 720px\" \/><figcaption class=\"wp-element-caption\">Fruktbrickor<\/figcaption><\/figure>    <figure class=\"wp-block-image size-large\"><img loading=\"lazy\" decoding=\"async\" width=\"720\" height=\"540\" data-id=\"104\" src=\"https:\/\/eggtraymachine.org\/wp-content\/uploads\/2022\/08\/fruit-tray.webp\" alt=\"fruktbrickor\" class=\"wp-image-104\" title=\"\" srcset=\"https:\/\/eggtraymachine.org\/wp-content\/uploads\/2022\/08\/fruit-tray.webp 720w, https:\/\/eggtraymachine.org\/wp-content\/uploads\/2022\/08\/fruit-tray-300x225.webp 300w\" sizes=\"auto, (max-width: 720px) 100vw, 720px\" \/><figcaption class=\"wp-element-caption\">Fruktbrickor<\/figcaption><\/figure>    <figure class=\"wp-block-image size-large\"><img loading=\"lazy\" decoding=\"async\" width=\"720\" height=\"540\" data-id=\"105\" src=\"https:\/\/eggtraymachine.org\/wp-content\/uploads\/2022\/08\/fruit-tray-1.webp\" alt=\"fruktbrickor\" class=\"wp-image-105\" title=\"\" srcset=\"https:\/\/eggtraymachine.org\/wp-content\/uploads\/2022\/08\/fruit-tray-1.webp 720w, https:\/\/eggtraymachine.org\/wp-content\/uploads\/2022\/08\/fruit-tray-1-300x225.webp 300w\" sizes=\"auto, (max-width: 720px) 100vw, 720px\" \/><figcaption class=\"wp-element-caption\">Fruktbrickor<\/figcaption><\/figure> <\/figure>    <p class=\"translation-block\">M\u00e5nga frukter skadas inte av att pressas och beh\u00f6ver bra f\u00f6rpackning, denna fruktbricka-maskin kan inte bara bearbeta \u00e4pplebrickor utan ocks\u00e5 brickor f\u00f6r druvor, persimoner, <a href=\"https:\/\/nl.wikipedia.org\/wiki\/Kiwi_(fruit)\" data-type=\"URL\" data-id=\"https:\/\/nl.wikipedia.org\/wiki\/Kiwi_(fruit)\" target=\"_blank\" rel=\"noopener\">kiwi<\/a>, p\u00e4ron och andra frukter eftersom v\u00e5ra \u00e4pplebricka-maskins formar kan anpassas, den motsvarande formen kan tillverkas enligt kundens frukts form. D\u00e4rf\u00f6r,<a href=\"https:\/\/eggtraymachine.org\/sw\/product\/egg-carton-production-line\/\" data-type=\"URL\" data-id=\"https:\/\/eggtraymachine.org\/product\/egg-carton-production-line\/\"> <\/a><a href=\"https:\/\/eggtraymachine.org\/sw\/product\/egg-tray-forming-machine\/\" data-type=\"URL\" data-id=\"https:\/\/eggtraymachine.org\/product\/egg-carton-production-line\/\">pappersbricka-produktionsmaskin<\/a><a href=\"https:\/\/eggtraymachine.org\/sw\/product\/egg-carton-production-line\/\" data-type=\"URL\" data-id=\"https:\/\/eggtraymachine.org\/product\/egg-carton-production-line\/\">s<\/a> anv\u00e4nds i stor utstr\u00e4ckning. <\/p>    <p>Ni muhimu kutambua kwamba, mashine yetu ya kutengeneza masanduku ya mayai inaweza kutengeneza tu tray za mayai za karatasi.<\/p>    <h2 class=\"wp-block-heading\">Sifa za mashine ya kutengeneza tray za tufaha<\/h2>   <div class=\"wp-block-image\"> <figure class=\"aligncenter size-full\"><img loading=\"lazy\" decoding=\"async\" width=\"720\" height=\"540\" src=\"https:\/\/eggtraymachine.org\/wp-content\/uploads\/2022\/08\/apple-tray-making-machine.webp\" alt=\"\u00e4pplebricka tillverkningsmaskin\" class=\"wp-image-106\" title=\"\" srcset=\"https:\/\/eggtraymachine.org\/wp-content\/uploads\/2022\/08\/apple-tray-making-machine.webp 720w, https:\/\/eggtraymachine.org\/wp-content\/uploads\/2022\/08\/apple-tray-making-machine-300x225.webp 300w\" sizes=\"auto, (max-width: 720px) 100vw, 720px\" \/><figcaption class=\"wp-element-caption\">\u00c4ppelskivmaskin<\/figcaption><\/figure> <\/div>   <ol class=\"wp-block-list\"> <li>Mfano wa mashine ya kutengeneza tray za tufaha ni mashine iliyounganishwa. Inaweza kutekeleza kazi za suction ya nyuma, kuunda na kuweka tray za tufaha. <\/li>    <li>Den antar ett PLC-kontrollsystem. Under bildningsprocessen av \u00e4ppell\u00e5dor kommer pulpen f\u00f6rst att adsorberas p\u00e5 maskinen, och sedan kommer den att formas. <\/li>    <li>Maji ya ziada katika tray ya tufaha yatabana, na mashine ya kutengeneza tray ya tufaha itatoa umbo wa tray ya tufaha iliyoundwa. Mchakato mzima wa usindikaji wa tray ya tufaha ni wa kiotomatiki kabisa.<\/li> <\/ol>    <h2 class=\"wp-block-heading\">Exportera till Turkiet pappersfruktbricka maskin&nbsp;<\/h2>   <div class=\"wp-block-image\"> <figure class=\"aligncenter size-full\"><img loading=\"lazy\" decoding=\"async\" width=\"720\" height=\"540\" src=\"https:\/\/eggtraymachine.org\/wp-content\/uploads\/2022\/08\/Export-to-Turkey-paper-fruit-tray-machine-.webp\" alt=\"Exportera till Turkiet pappersfruktbricka maskin\u00a0\" class=\"wp-image-102\" title=\"\" srcset=\"https:\/\/eggtraymachine.org\/wp-content\/uploads\/2022\/08\/Export-to-Turkey-paper-fruit-tray-machine-.webp 720w, https:\/\/eggtraymachine.org\/wp-content\/uploads\/2022\/08\/Export-to-Turkey-paper-fruit-tray-machine--300x225.webp 300w\" sizes=\"auto, (max-width: 720px) 100vw, 720px\" \/><figcaption class=\"wp-element-caption\">Exportera till Turkiet pappersfruktbricka maskin&nbsp;<\/figcaption><\/figure> <\/div>   <p class=\"translation-block\">We exported an <a href=\"https:\/\/eggtraymachine.org\/sw\/product\/egg-tray-production-line\/\" data-type=\"URL\" data-id=\"https:\/\/eggtraymachine.org\/product\/egg-tray-production-line\/\">apple tray production line<\/a> to Turkey. The customer is a company. It mainly sells fruit trays after production to fruit export companies. Fruits need to be packaged before export. The customer purchased three kinds of molds, one an egg tray mold, one an apple tray mold, and the other a grape tray. Grapes need better protection during transportation.<\/p>","protected":false},"excerpt":{"rendered":"<p>Mashine ya tray ya tufaha ni mashine inayotumika kutengeneza tray ya pakiti ya matunda, na pia inaweza kutengeneza tray nyingine za matunda, kama vile matunda ya kiwi, persimmon, na matunda mengine ambayo yanaweza kusagwa kwa urahisi.<\/p>","protected":false},"author":1,"featured_media":99,"parent":0,"template":"","tags":[27,26],"product-type":[10,4],"class_list":["post-97","product","type-product","status-publish","has-post-thumbnail","hentry","tag-egg-carton-machine","tag-egg-tray-machine","product-type-paper-pulp-tray-forming","product-type-product"],"_links":{"self":[{"href":"https:\/\/eggtraymachine.org\/sw\/wp-json\/wp\/v2\/product\/97","targetHints":{"allow":["GET"]}}],"collection":[{"href":"https:\/\/eggtraymachine.org\/sw\/wp-json\/wp\/v2\/product"}],"about":[{"href":"https:\/\/eggtraymachine.org\/sw\/wp-json\/wp\/v2\/types\/product"}],"author":[{"embeddable":true,"href":"https:\/\/eggtraymachine.org\/sw\/wp-json\/wp\/v2\/users\/1"}],"wp:featuredmedia":[{"embeddable":true,"href":"https:\/\/eggtraymachine.org\/sw\/wp-json\/wp\/v2\/media\/99"}],"wp:attachment":[{"href":"https:\/\/eggtraymachine.org\/sw\/wp-json\/wp\/v2\/media?parent=97"}],"wp:term":[{"taxonomy":"post_tag","embeddable":true,"href":"https:\/\/eggtraymachine.org\/sw\/wp-json\/wp\/v2\/tags?post=97"},{"taxonomy":"product-type","embeddable":true,"href":"https:\/\/eggtraymachine.org\/sw\/wp-json\/wp\/v2\/product-type?post=97"}],"curies":[{"name":"wp","href":"https:\/\/api.w.org\/{rel}","templated":true}]}}