{"id":47,"date":"2022-08-02T09:44:58","date_gmt":"2022-08-02T09:44:58","guid":{"rendered":"https:\/\/eggtraymachine.org\/?post_type=product&#038;p=47"},"modified":"2024-06-26T16:15:25","modified_gmt":"2024-06-26T08:15:25","slug":"egg-carton-production-line","status":"publish","type":"product","link":"https:\/\/eggtraymachine.org\/sw\/product\/egg-carton-production-line\/","title":{"rendered":"Linje ya Uzalishaji wa Kizimba cha Mayai | Mashine ya Kizimba cha Mayai"},"content":{"rendered":"<p>Shuliy \u00e4ggkartongproduktionslinje erbjuder en helhetsl\u00f6sning f\u00f6r allt fr\u00e5n massaformning till torkning och f\u00f6rpackning. Den kan s\u00e4kerst\u00e4lla produktionen av h\u00f6gkvalitativa \u00e4ggkartonger. <\/p>    <p>Kapasiteten p\u00e5 1,000-8,000 stycken per timme kan m\u00f6ta de flesta av efterfr\u00e5gan p\u00e5 \u00e4ggkartongproduktion. D\u00e4rf\u00f6r, oavsett om du \u00e4r ett litet till medelstort f\u00f6retag eller en stor g\u00e5rd, kan v\u00e5r \u00e4ggkartongstillverkningslinje m\u00f6ta dina behov.<\/p>    <figure class=\"wp-block-embed is-type-video is-provider-youtube wp-block-embed-youtube wp-embed-aspect-16-9 wp-has-aspect-ratio\"><div class=\"wp-block-embed__wrapper\"> <iframe loading=\"lazy\" title=\"Hur g\u00f6r man \u00e4ggtr\u00e5g? Titta p\u00e5 v\u00e5r avancerade 3D-video av \u00e4ggtr\u00e5gsproduktionsmaskinen i aktion!\" width=\"500\" height=\"281\" src=\"https:\/\/www.youtube.com\/embed\/-0mtegid0ts?feature=oembed\" frameborder=\"0\" allow=\"accelerometer; autoplay; clipboard-write; encrypted-media; gyroscope; picture-in-picture; web-share\" referrerpolicy=\"strict-origin-when-cross-origin\" allowfullscreen><\/iframe> <\/div><figcaption class=\"wp-element-caption\">video ya uzalishaji wa tray za mayai<\/figcaption><\/figure>    <p>Uzalishaji wa masanduku ya mayai ya karatasi unafanywa kwa kutumia karatasi ya taka. Baada ya mchakato rahisi, bidhaa za masanduku ya mayai zinaweza kupatikana. Kuna aina mbili za tray za mayai na masanduku ya mayai ambayo kwa kawaida hutumiwa kwa ufungaji wa mayai. Masanduku ya mayai ni imara zaidi yanapotumiwa kwa ufungaji wa mayai, na yana kazi kama uhifadhi na kuondoa harufu yanapowekwa ndani ya jokofu. Hivyo masanduku ya mayai hutumiwa mara nyingi katika maduka makubwa na viwanda vya usindikaji wa mayai.<\/p>   <div class=\"wp-block-image\"> <figure class=\"aligncenter size-full\"><img loading=\"lazy\" decoding=\"async\" width=\"720\" height=\"540\" src=\"https:\/\/eggtraymachine.org\/wp-content\/uploads\/2022\/08\/egg-carton-machine-factory.webp\" alt=\"kiwanda cha mashine za katoni za mayai\" class=\"wp-image-367\" title=\"\" srcset=\"https:\/\/eggtraymachine.org\/wp-content\/uploads\/2022\/08\/egg-carton-machine-factory.webp 720w, https:\/\/eggtraymachine.org\/wp-content\/uploads\/2022\/08\/egg-carton-machine-factory-300x225.webp 300w\" sizes=\"auto, (max-width: 720px) 100vw, 720px\" \/><figcaption class=\"wp-element-caption\">kiwanda cha mashine za katoni za mayai<\/figcaption><\/figure> <\/div>   <h2 class=\"wp-block-heading\" id=\"h-raw-materials-for-egg-carton-production-line\">Vifaa vya malighafi kwa ajili ya uzalishaji wa laini ya katoni za mayai<\/h2>    <p class=\"translation-block\">Uzalishaji wa katoni za mayai unaweza kutumia makreti ya kadibodi yaliyotengenezwa kwa njia ya bati, karatasi za zamani, vitabu vilivyotumika, na bidhaa zingine za karatasi kutengeneza katoni za mayai. Inatumia zaidi rasilimali za karatasi zilizorejeshwa, kusagwa na kutengenezwa kuwa rangi, na kisha mashine za kutengeneza katoni za mayai kutengeneza masanduku ya mayai. <\/p>    <p>Ut\u00f6ver avfallspapper \u00e4r vatten, lim och antimikrobiella medel viktiga. Lim ger styrka \u00e5t pappers\u00e4ggtr\u00e5g. Antimikrobiella medel f\u00f6rl\u00e4nger livsl\u00e4ngden p\u00e5 \u00e4ggtr\u00e5get och s\u00e4kerst\u00e4ller livsmedelss\u00e4kerhet.<\/p>    <p>Eftersom r\u00e5materialkostnaden f\u00f6r produktion av \u00e4ggkartonger \u00e4r l\u00e5g, \u00e4r vinsten av \u00e4ggkartonger h\u00f6g, vilket \u00e4r anledningen till att m\u00e5nga m\u00e4nniskor producerar \u00e4ggkartonger.<\/p>    <figure class=\"wp-block-gallery has-nested-images columns-default is-cropped wp-block-gallery-2 is-layout-flex wp-block-gallery-is-layout-flex\"> <figure class=\"wp-block-image size-large\"><img loading=\"lazy\" decoding=\"async\" width=\"720\" height=\"540\" data-id=\"570\" src=\"https:\/\/eggtraymachine.org\/wp-content\/uploads\/2022\/08\/corrugated-cardboard.jpg\" alt=\"karatasi ya corrugated\" class=\"wp-image-570\" title=\"\" srcset=\"https:\/\/eggtraymachine.org\/wp-content\/uploads\/2022\/08\/corrugated-cardboard.jpg 720w, https:\/\/eggtraymachine.org\/wp-content\/uploads\/2022\/08\/corrugated-cardboard-300x225.jpg 300w, https:\/\/eggtraymachine.org\/wp-content\/uploads\/2022\/08\/corrugated-cardboard-16x12.jpg 16w\" sizes=\"auto, (max-width: 720px) 100vw, 720px\" \/><figcaption class=\"wp-element-caption\">Picha ya mchanganyiko<\/figcaption><\/figure>    <figure class=\"wp-block-image size-large\"><img loading=\"lazy\" decoding=\"async\" width=\"720\" height=\"540\" data-id=\"571\" src=\"https:\/\/eggtraymachine.org\/wp-content\/uploads\/2022\/08\/newspaper.jpg\" alt=\"gazeti\" class=\"wp-image-571\" title=\"\" srcset=\"https:\/\/eggtraymachine.org\/wp-content\/uploads\/2022\/08\/newspaper.jpg 720w, https:\/\/eggtraymachine.org\/wp-content\/uploads\/2022\/08\/newspaper-300x225.jpg 300w, https:\/\/eggtraymachine.org\/wp-content\/uploads\/2022\/08\/newspaper-16x12.jpg 16w\" sizes=\"auto, (max-width: 720px) 100vw, 720px\" \/><figcaption class=\"wp-element-caption\">Gazeti<\/figcaption><\/figure> <\/figure>    <h2 class=\"wp-block-heading\">Mchakato wa uzalishaji wa laini ya katoni za mayai<\/h2>    <figure class=\"wp-block-image size-full\"><img loading=\"lazy\" decoding=\"async\" width=\"720\" height=\"540\" src=\"https:\/\/eggtraymachine.org\/wp-content\/uploads\/2022\/08\/Egg-carton-production-line.webp\" alt=\"Linje ya uzalishaji wa vikombe vya mayai\" class=\"wp-image-53\" title=\"\" srcset=\"https:\/\/eggtraymachine.org\/wp-content\/uploads\/2022\/08\/Egg-carton-production-line.webp 720w, https:\/\/eggtraymachine.org\/wp-content\/uploads\/2022\/08\/Egg-carton-production-line-300x225.webp 300w\" sizes=\"auto, (max-width: 720px) 100vw, 720px\" \/><figcaption class=\"wp-element-caption\">\u00c4ggkartongproduktionslinje<\/figcaption><\/figure>    <p>Mchakato wa uzalishaji wa masanduku ya mayai na uzalishaji wa tray za mayai ni sawa. Zote zinahitaji kupitia hatua za kusaga \u2192 kuunda masanduku ya mayai \u2192 kukausha masanduku ya mayai \u2192 usindikaji wa pili wa masanduku ya mayai (hiari) \u2192 ufungashaji wa masanduku ya mayai.<\/p>    <h2 class=\"wp-block-heading\">Mashine kuu za kutengeneza katoni za mayai<\/h2>    <div class=\"wp-block-media-text alignwide is-stacked-on-mobile\"><figure class=\"wp-block-media-text__media\"><img loading=\"lazy\" decoding=\"async\" width=\"720\" height=\"540\" src=\"https:\/\/eggtraymachine.org\/wp-content\/uploads\/2022\/08\/Egg-carton-pulper.webp\" alt=\"Pulper ya katoni za mayai\" class=\"wp-image-57 size-full\" title=\"\" srcset=\"https:\/\/eggtraymachine.org\/wp-content\/uploads\/2022\/08\/Egg-carton-pulper.webp 720w, https:\/\/eggtraymachine.org\/wp-content\/uploads\/2022\/08\/Egg-carton-pulper-300x225.webp 300w\" sizes=\"auto, (max-width: 720px) 100vw, 720px\" \/><\/figure><div class=\"wp-block-media-text__content\"> <h3 class=\"wp-block-heading\">Pulper ya katoni za mayai<\/h3>    <p class=\"translation-block\"><a href=\"https:\/\/eggtraymachine.org\/sw\/product\/egg-tray-pulper\/\">Kikwanguo cha katoni za mayai<\/a> ni hatua ya kwanza ya laini ya uzalishaji wa katoni za mayai ambayo hutoa rangi yenye umoja kutoka kwa karatasi iliyotumika.<\/p> <\/div><\/div>    <div class=\"wp-block-media-text alignwide has-media-on-the-right is-stacked-on-mobile\"><div class=\"wp-block-media-text__content\"> <h3 class=\"wp-block-heading\">Mashine ya kuunda katoni za mayai<\/h3>    <p class=\"translation-block\"><a href=\"https:\/\/eggtraymachine.org\/sw\/product\/egg-tray-forming-machine\/\">Mashine ya kutengeneza katoni za mayai<\/a> ni hatua muhimu zaidi katika mchakato wa uzalishaji wa katoni za mayai. Inachukua rangi kwenye umbo la katoni ya yai kwa kutumia ukungu na kuikandamiza kwenye umbo.<\/p> <\/div><figure class=\"wp-block-media-text__media\"><img loading=\"lazy\" decoding=\"async\" width=\"720\" height=\"540\" src=\"https:\/\/eggtraymachine.org\/wp-content\/uploads\/2022\/08\/Egg-carton-forming-machine.webp\" alt=\"Mashine ya kuunda katoni za mayai\" class=\"wp-image-58 size-full\" title=\"\" srcset=\"https:\/\/eggtraymachine.org\/wp-content\/uploads\/2022\/08\/Egg-carton-forming-machine.webp 720w, https:\/\/eggtraymachine.org\/wp-content\/uploads\/2022\/08\/Egg-carton-forming-machine-300x225.webp 300w\" sizes=\"auto, (max-width: 720px) 100vw, 720px\" \/><\/figure><\/div>    <div class=\"wp-block-media-text alignwide is-stacked-on-mobile\"><figure class=\"wp-block-media-text__media\"><img loading=\"lazy\" decoding=\"async\" width=\"626\" height=\"654\" src=\"https:\/\/eggtraymachine.org\/wp-content\/uploads\/2022\/08\/Egg-carton-thermoforming-machine-1.webp\" alt=\"Mashine ya thermoforming ya katoni za mayai\" class=\"wp-image-63 size-full\" title=\"\" srcset=\"https:\/\/eggtraymachine.org\/wp-content\/uploads\/2022\/08\/Egg-carton-thermoforming-machine-1.webp 626w, https:\/\/eggtraymachine.org\/wp-content\/uploads\/2022\/08\/Egg-carton-thermoforming-machine-1-287x300.webp 287w\" sizes=\"auto, (max-width: 626px) 100vw, 626px\" \/><\/figure><div class=\"wp-block-media-text__content\"> <h3 class=\"wp-block-heading\">Mashine ya thermoforming ya katoni za mayai<\/h3>    <p class=\"translation-block\">Mashine ya kusukuma mayai ya moto inaweza kutumika kuunda na kuimarisha kifungashio cha mayai kwa kupasha joto na kukikandamiza katika ukungu wa mashine.<\/p> <\/div><\/div>    <div class=\"wp-block-media-text alignwide has-media-on-the-right is-stacked-on-mobile\"><div class=\"wp-block-media-text__content\"> <h3 class=\"wp-block-heading\">Kikavuzi cha katoni za mayai<\/h3>    <p class=\"translation-block\"><a href=\"https:\/\/eggtraymachine.org\/sw\/product\/paper-egg-tray-dryer-egg-tray-drying-machine\/\">Vikaushio vya katoni za mayai<\/a> hutumia hewa ya moto kuondoa unyevu kutoka kwa katoni za mayai.<\/p> <\/div><figure class=\"wp-block-media-text__media\"><img loading=\"lazy\" decoding=\"async\" width=\"720\" height=\"540\" src=\"https:\/\/eggtraymachine.org\/wp-content\/uploads\/2022\/08\/egg-carton-dryer.webp\" alt=\"\u00e4ggkartongtork\" class=\"wp-image-62 size-full\" title=\"\" srcset=\"https:\/\/eggtraymachine.org\/wp-content\/uploads\/2022\/08\/egg-carton-dryer.webp 720w, https:\/\/eggtraymachine.org\/wp-content\/uploads\/2022\/08\/egg-carton-dryer-300x225.webp 300w\" sizes=\"auto, (max-width: 720px) 100vw, 720px\" \/><\/figure><\/div>    <h2 class=\"wp-block-heading\">Njia ya kukausha katoni za mayai<\/h2>    <p>Som n\u00e4mnts ovan kan du v\u00e4lja en torkare f\u00f6r \u00e4ggkartonger med flera lager, som \u00e4r effektiv och platsbesparande. Den torkade br\u00e4nslet kan v\u00e4ljas p\u00e5 olika s\u00e4tt som gas eller br\u00e4nnolja. J\u00e4mf\u00f6rt med torkning i tegelugnar \u00e4r den st\u00f6rsta f\u00f6rdelen med torkaren att den sparar br\u00e4nsle och samtidigt kan spara cirka 30% av energin.<\/p>    <p>Dessutom kan torkning av \u00e4ggkartonger anv\u00e4nda naturlig torkning, vilket \u00e4r l\u00e4mpligt f\u00f6r produktion i liten skala. Du kan ocks\u00e5 bygga din tegelugn f\u00f6r torkning, vilket kr\u00e4ver tillr\u00e4ckligt med utrymme. <\/p>    <figure class=\"wp-block-gallery has-nested-images columns-default is-cropped wp-block-gallery-3 is-layout-flex wp-block-gallery-is-layout-flex\"> <figure class=\"wp-block-image size-large\"><img loading=\"lazy\" decoding=\"async\" width=\"720\" height=\"540\" data-id=\"72\" src=\"https:\/\/eggtraymachine.org\/wp-content\/uploads\/2022\/08\/Brick-kiln-drying-egg-trays.webp\" alt=\"tanu ya matofali kuika mayai\" class=\"wp-image-72\" title=\"\" srcset=\"https:\/\/eggtraymachine.org\/wp-content\/uploads\/2022\/08\/Brick-kiln-drying-egg-trays.webp 720w, https:\/\/eggtraymachine.org\/wp-content\/uploads\/2022\/08\/Brick-kiln-drying-egg-trays-300x225.webp 300w\" sizes=\"auto, (max-width: 720px) 100vw, 720px\" \/><figcaption class=\"wp-element-caption\">Tindiga ya Kijivu ya Kijivu<\/figcaption><\/figure>    <figure class=\"wp-block-image size-large\"><img loading=\"lazy\" decoding=\"async\" width=\"720\" height=\"540\" data-id=\"581\" src=\"https:\/\/eggtraymachine.org\/wp-content\/uploads\/2022\/08\/dry-naturally.webp\" alt=\"ika kiasili\" class=\"wp-image-581\" title=\"\" srcset=\"https:\/\/eggtraymachine.org\/wp-content\/uploads\/2022\/08\/dry-naturally.webp 720w, https:\/\/eggtraymachine.org\/wp-content\/uploads\/2022\/08\/dry-naturally-300x225.webp 300w, https:\/\/eggtraymachine.org\/wp-content\/uploads\/2022\/08\/dry-naturally-16x12.webp 16w\" sizes=\"auto, (max-width: 720px) 100vw, 720px\" \/><figcaption class=\"wp-element-caption\">Kukauka Kiasili<\/figcaption><\/figure> <\/figure>    <h2 class=\"wp-block-heading\">Parametri za proizvodnju kutija za jaja<\/h2>    <figure class=\"wp-block-table\"><table><tbody><tr><td>Modell<\/td><td>Kapacitet<\/td><td>Matumizi ya Karatasi<\/td><td>Matumizi ya Maji<\/td><td>Nishati Inayotumika<\/td><td>Arbetare<\/td><\/tr><tr><td>SL-3*1<\/td><td>1000-1500st\/h<\/td><td>120kg\/h<\/td><td>300kg\/h<\/td><td>32kw\/h<\/td><td>3-4<\/td><\/tr><tr><td>SL-4*1<\/td><td>1500-2000PCS\/h<\/td><td>160kg\/h<\/td><td>380kg\/h<\/td><td>45kw\/h<\/td><td>3-4<\/td><\/tr><tr><td>SL-3*4<\/td><td>2000-2500pcs\/h<\/td><td>200kg\/h<\/td><td>450kg\/h<\/td><td>58kw\/h<\/td><td>4-5<\/td><\/tr><tr><td>SL-4*4<\/td><td>3000-3500pcs\/h<\/td><td>280kg\/h<\/td><td>560kg\/h<\/td><td>78kw\/h<\/td><td>4-5<\/td><\/tr><tr><td>SL-4*8<\/td><td>4000st\/h<\/td><td>320kg\/h<\/td><td>600kg\/h<\/td><td>80kw\/h<\/td><td>5-6<\/td><\/tr><tr><td>SL-5*8<\/td><td>5000styck\/h<\/td><td>400kg\/h<\/td><td>750kg\/h<\/td><td>85kw\/h<\/td><td>3-4<\/td><\/tr><tr><td>SL-5*12<\/td><td>6000pcs\/h<\/td><td>480kg\/h<\/td><td>900kg\/h<\/td><td>90kw\/h<\/td><td>3-4<\/td><\/tr><tr><td>SL-6*12<\/td><td>8000pcs\/h<\/td><td>640kg\/h<\/td><td>1040kg\/h<\/td><td>100kw\/h<\/td><td>3-4<\/td><\/tr><\/tbody><\/table><figcaption class=\"wp-element-caption\">mchakato wa uzalishaji wa katoni za mayai<\/figcaption><\/figure>    <p>Konfigureringen av produktionlinjen f\u00f6r \u00e4ggkartonger, graden av automatisering och maskinens storlek avg\u00f6r produktionen av \u00e4ggkartonger. Detta inneb\u00e4r att om du vill f\u00e5 8000 stycken \u00e4ggkartonger p\u00e5 en timme, s\u00e5 beh\u00f6ver du v\u00e4lja en linje med h\u00f6g automatisering, h\u00f6g konfiguration och en st\u00f6rre maskin.<\/p>    <figure class=\"wp-block-image size-full\"><img loading=\"lazy\" decoding=\"async\" width=\"720\" height=\"540\" src=\"https:\/\/eggtraymachine.org\/wp-content\/uploads\/2022\/08\/Egg-cartons.webp\" alt=\"Kondoo za mayai \" class=\"wp-image-365\" title=\"\" srcset=\"https:\/\/eggtraymachine.org\/wp-content\/uploads\/2022\/08\/Egg-cartons.webp 720w, https:\/\/eggtraymachine.org\/wp-content\/uploads\/2022\/08\/Egg-cartons-300x225.webp 300w\" sizes=\"auto, (max-width: 720px) 100vw, 720px\" \/><figcaption class=\"wp-element-caption\">Karton ya Mayai <\/figcaption><\/figure>    <h2 class=\"wp-block-heading\">Kako proizvesti kutije za jaja razli\u010ditih veli\u010dina?<\/h2>    <p>Kipen ya mayai ina ukubwa tofauti kwa kila mtengenezaji wa kipenyo cha mayai. Wengine wanahitaji mayai sita kwa kipenyo, na wengine wanahitaji mayai 12 kwa kipenyo au mayai 18 kwa kipenyo. Je, mashine ya kipenyo cha mayai inazalishaje masanduku ya mayai ya vipimo tofauti? Inategemea muundo wa ukungu wa mashine. Kwa hivyo, mashine ya kipenyo cha mayai ina kazi mbalimbali na inaweza kuzalisha ukubwa tofauti wa vipenyo vya mayai.<\/p>    <figure class=\"wp-block-image size-full\"><img loading=\"lazy\" decoding=\"async\" width=\"720\" height=\"540\" src=\"https:\/\/eggtraymachine.org\/wp-content\/uploads\/2022\/08\/egg-carton-molds.webp\" alt=\"mould za mayai\" class=\"wp-image-578\" title=\"\" srcset=\"https:\/\/eggtraymachine.org\/wp-content\/uploads\/2022\/08\/egg-carton-molds.webp 720w, https:\/\/eggtraymachine.org\/wp-content\/uploads\/2022\/08\/egg-carton-molds-300x225.webp 300w, https:\/\/eggtraymachine.org\/wp-content\/uploads\/2022\/08\/egg-carton-molds-16x12.webp 16w\" sizes=\"auto, (max-width: 720px) 100vw, 720px\" \/><figcaption class=\"wp-element-caption\">Moldi za Karton ya Mayai<\/figcaption><\/figure>    <h2 class=\"wp-block-heading\">Kako se proizvode kutije za jaja razli\u010ditih boja?<\/h2>    <p>Tutaona masanduku ya mayai ya rangi nyingine katika maduka makubwa au maeneo mengine, siyo tu meupe lakini masanduku ya mayai ya rangi tofauti yanatengenezwa vipi? Kwa kweli, wakati wa mchakato wa uzalishaji wa masanduku ya mayai, kuna mchakato muhimu sana wa kupuliza. Unaweza kuongeza rangi na rangi wakati wa mchakato wa kupuliza ili kutengeneza masanduku ya mayai ya rangi tofauti.<\/p>    <figure class=\"wp-block-gallery has-nested-images columns-default is-cropped wp-block-gallery-4 is-layout-flex wp-block-gallery-is-layout-flex\"> <figure class=\"wp-block-image size-large\"><img loading=\"lazy\" decoding=\"async\" width=\"720\" height=\"540\" data-id=\"364\" src=\"https:\/\/eggtraymachine.org\/wp-content\/uploads\/2022\/08\/egg-cartons.webp\" alt=\"kondoo za mayai\" class=\"wp-image-364\" title=\"\" srcset=\"https:\/\/eggtraymachine.org\/wp-content\/uploads\/2022\/08\/egg-cartons.webp 720w, https:\/\/eggtraymachine.org\/wp-content\/uploads\/2022\/08\/egg-cartons-300x225.webp 300w\" sizes=\"auto, (max-width: 720px) 100vw, 720px\" \/><figcaption class=\"wp-element-caption\">Karton ya Mayai<\/figcaption><\/figure>    <figure class=\"wp-block-image size-large\"><img loading=\"lazy\" decoding=\"async\" width=\"720\" height=\"540\" data-id=\"363\" src=\"https:\/\/eggtraymachine.org\/wp-content\/uploads\/2022\/08\/egg-cartons-of-different-colors-1.webp\" alt=\"maktaba za mayai za rangi tofauti\" class=\"wp-image-363\" title=\"\" srcset=\"https:\/\/eggtraymachine.org\/wp-content\/uploads\/2022\/08\/egg-cartons-of-different-colors-1.webp 720w, https:\/\/eggtraymachine.org\/wp-content\/uploads\/2022\/08\/egg-cartons-of-different-colors-1-300x225.webp 300w\" sizes=\"auto, (max-width: 720px) 100vw, 720px\" \/><figcaption class=\"wp-element-caption\">Karton za Mayai za Rangi Tofauti<\/figcaption><\/figure> <\/figure>    <h2 class=\"wp-block-heading\">Vad \u00e4r skillnaden mellan produktion av \u00e4ggkartonger och \u00e4ggtr\u00e5g?<\/h2>    <p>Som vi alla vet, finns det tv\u00e5 typer av f\u00f6rpackningsmetoder f\u00f6r v\u00e5ra vanliga \u00e4gg. Den ena \u00e4r en \u00e4ggbricka och den andra \u00e4r en \u00e4ggkartong. Vad \u00e4r skillnaden mellan produktionsmetoderna f\u00f6r dessa tv\u00e5 produkter? Faktum \u00e4r att produktionen av r\u00e5material och produktionsprocessen f\u00f6r \u00e4ggbrickor och \u00e4ggkartonger \u00e4r densamma. <\/p>    <p>Den enda skillnaden i produktionen \u00e4r att formar f\u00f6r \u00e4ggtraysmaskiner f\u00f6r \u00e4ggtrays och \u00e4ggl\u00e5dor \u00e4r olika. V\u00e5ra formar kan anpassas efter kundens behov. P\u00e5 s\u00e5 s\u00e4tt blir kunderna mer diversifierade i produktionen och mer konkurrenskraftiga i f\u00f6rs\u00e4ljningen.<\/p>    <figure class=\"wp-block-gallery has-nested-images columns-default is-cropped wp-block-gallery-5 is-layout-flex wp-block-gallery-is-layout-flex\"> <figure class=\"wp-block-image size-large\"><img loading=\"lazy\" decoding=\"async\" width=\"720\" height=\"540\" data-id=\"579\" src=\"https:\/\/eggtraymachine.org\/wp-content\/uploads\/2022\/08\/egg-tray-mold-1.webp\" alt=\"\u00c4ggplattform\" class=\"wp-image-579\" title=\"\" srcset=\"https:\/\/eggtraymachine.org\/wp-content\/uploads\/2022\/08\/egg-tray-mold-1.webp 720w, https:\/\/eggtraymachine.org\/wp-content\/uploads\/2022\/08\/egg-tray-mold-1-300x225.webp 300w, https:\/\/eggtraymachine.org\/wp-content\/uploads\/2022\/08\/egg-tray-mold-1-16x12.webp 16w\" sizes=\"auto, (max-width: 720px) 100vw, 720px\" \/><figcaption class=\"wp-element-caption\">Form f\u00f6r \u00e4ggplatta<\/figcaption><\/figure>    <figure class=\"wp-block-image size-large\"><img loading=\"lazy\" decoding=\"async\" width=\"720\" height=\"540\" data-id=\"580\" src=\"https:\/\/eggtraymachine.org\/wp-content\/uploads\/2022\/08\/egg-carton-mold.webp\" alt=\"mould ya maktaba ya mayai\" class=\"wp-image-580\" title=\"\" srcset=\"https:\/\/eggtraymachine.org\/wp-content\/uploads\/2022\/08\/egg-carton-mold.webp 720w, https:\/\/eggtraymachine.org\/wp-content\/uploads\/2022\/08\/egg-carton-mold-300x225.webp 300w, https:\/\/eggtraymachine.org\/wp-content\/uploads\/2022\/08\/egg-carton-mold-16x12.webp 16w\" sizes=\"auto, (max-width: 720px) 100vw, 720px\" \/><figcaption class=\"wp-element-caption\">Moldi ya Karton ya Mayai<\/figcaption><\/figure> <\/figure>    <h2 class=\"wp-block-heading\">Kup\u010dev slu\u010daj o proizvodnoj liniji za kutije za jaja<\/h2>    <figure class=\"wp-block-image size-full\"><img loading=\"lazy\" decoding=\"async\" width=\"720\" height=\"540\" src=\"https:\/\/eggtraymachine.org\/wp-content\/uploads\/2022\/08\/Egg-carton-machine-delivery.webp\" alt=\"Uwasilishaji wa mashine ya masanduku ya mayai\" class=\"wp-image-67\" title=\"\" srcset=\"https:\/\/eggtraymachine.org\/wp-content\/uploads\/2022\/08\/Egg-carton-machine-delivery.webp 720w, https:\/\/eggtraymachine.org\/wp-content\/uploads\/2022\/08\/Egg-carton-machine-delivery-300x225.webp 300w\" sizes=\"auto, (max-width: 720px) 100vw, 720px\" \/><figcaption class=\"wp-element-caption\">Leverans av Maskin f\u00f6r \u00c4ggkartonger<\/figcaption><\/figure>    <p class=\"translation-block\">Kuna <a href=\"https:\/\/eggtraymachine.org\/sw\/Info\/egg-tray-machine-exported-to-cameroon\/\" data-type=\"URL\" data-id=\"https:\/\/eggtraymachine.org\/Info\/egg-tray-machine-exported-to-cameroon\/\">mteja wa shamba la kuku nchini Kamerun<\/a> ambaye anataka laini ya uzalishaji wa mashine ya katoni za mayai. Mteja ana shamba la kuku na anataka kupanua biashara yake. Kwa hivyo anachagua kuchakata katoni za mayai, sio tu kukidhi mahitaji ya mashamba yake ya mayai, lakini pia kuuzwa nje.<\/p>    <p class=\"translation-block\">Mteja aliagiza laini ya uzalishaji wa katoni za mayai, ikijumuisha kikwanguo, mashine ya kutengeneza katoni za mayai, <a href=\"https:\/\/eggtraymachine.org\/sw\/product\/egg-tray-carton-hot-pressing-machine\/\" data-type=\"URL\" data-id=\"https:\/\/eggtraymachine.org\/product\/egg-tray-carton-hot-pressing-machine\/\">mashine ya kutengeneza kwa maji<\/a>, na mashine ya kufungashia katoni za mayai. Baada ya mashine kusafirishwa kwenda Kamerun, alidhibiti kikamilifu uzalishaji wa katoni za mayai ndani ya wiki moja ya uzalishaji. <\/p>    <p>Innan k\u00f6pet kommer vi att skicka produktionsrelaterad information om \u00e4ggtr\u00e5den till kunden, och den professionella f\u00f6rs\u00e4ljaren kommer att f\u00f6rklara anv\u00e4ndningen och strukturen av maskinen. S\u00e5 kunder kan snabbt producera \u00e4ggkartonger. Om du letar efter en effektiv tillverkningslinje f\u00f6r \u00e4ggkartonger, tveka inte att kontakta oss.<\/p>","protected":false},"excerpt":{"rendered":"<p>Mstari wetu wa uzalishaji wa carton za mayai unatoa mchakato usio na mshono kutoka kwa umbo la pulp hadi kukausha na kupakia. Wafanyakazi 3-4 tu wanahitajika.<\/p>","protected":false},"author":1,"featured_media":121,"parent":0,"template":"","tags":[27,12],"product-type":[3],"class_list":["post-47","product","type-product","status-publish","has-post-thumbnail","hentry","tag-egg-carton-machine","tag-egg-carton-production-line","product-type-egg-tray-production"],"_links":{"self":[{"href":"https:\/\/eggtraymachine.org\/sw\/wp-json\/wp\/v2\/product\/47","targetHints":{"allow":["GET"]}}],"collection":[{"href":"https:\/\/eggtraymachine.org\/sw\/wp-json\/wp\/v2\/product"}],"about":[{"href":"https:\/\/eggtraymachine.org\/sw\/wp-json\/wp\/v2\/types\/product"}],"author":[{"embeddable":true,"href":"https:\/\/eggtraymachine.org\/sw\/wp-json\/wp\/v2\/users\/1"}],"wp:featuredmedia":[{"embeddable":true,"href":"https:\/\/eggtraymachine.org\/sw\/wp-json\/wp\/v2\/media\/121"}],"wp:attachment":[{"href":"https:\/\/eggtraymachine.org\/sw\/wp-json\/wp\/v2\/media?parent=47"}],"wp:term":[{"taxonomy":"post_tag","embeddable":true,"href":"https:\/\/eggtraymachine.org\/sw\/wp-json\/wp\/v2\/tags?post=47"},{"taxonomy":"product-type","embeddable":true,"href":"https:\/\/eggtraymachine.org\/sw\/wp-json\/wp\/v2\/product-type?post=47"}],"curies":[{"name":"wp","href":"https:\/\/api.w.org\/{rel}","templated":true}]}}