{"id":432,"date":"2023-03-10T16:59:59","date_gmt":"2023-03-10T08:59:59","guid":{"rendered":"https:\/\/eggtraymachine.org\/?post_type=product&#038;p=432"},"modified":"2024-06-19T15:33:44","modified_gmt":"2024-06-19T07:33:44","slug":"quail-egg-tray-machine","status":"publish","type":"product","link":"https:\/\/eggtraymachine.org\/sw\/product\/quail-egg-tray-machine\/","title":{"rendered":"Maskin f\u00f6r \u00e4ggtr\u00e5g av vaktel | Maskin f\u00f6r tillverkning av vaktel\u00e4ggl\u00e5dor"},"content":{"rendered":"<p class=\"translation-block\">Mashine ya trei za mayai ya kware ni kifaa cha kutengeneza trei za mayai ya kware. Malighafi kwa ajili ya kutengeneza <a href=\"https:\/\/en.wikipedia.org\/wiki\/Quail_eggs\" data-type=\"URL\" data-id=\"https:\/\/en.wikipedia.org\/wiki\/Quail_eggs\" target=\"_blank\" rel=\"noopener\">mayai ya kware<\/a> ni karatasi taka. Mashine hii haina uchafuzi katika mchakato wa uzalishaji na ni tasnia rafiki kwa mazingira inayoungwa mkono na nchi na serikali nyingi. <\/p>    <p>Mstari wa uzalishaji wa tray za mayai ya bata na sanduku la mayai unaweza pia kuzalisha tray za mayai, tray za matunda, urinal za kutumika mara moja, tray za divai, na sanduku za ufungaji wa vifaa vya usahihi.<\/p>   <div class=\"wp-block-image\"> <figure class=\"aligncenter size-full\"><img loading=\"lazy\" decoding=\"async\" width=\"720\" height=\"540\" src=\"https:\/\/eggtraymachine.org\/wp-content\/uploads\/2023\/03\/Waste-paper-processing-for-different-packaging-products.webp\" alt=\"Bearbetning av avfallspapper f\u00f6r olika f\u00f6rpackningsprodukter\" class=\"wp-image-444\" title=\"\" srcset=\"https:\/\/eggtraymachine.org\/wp-content\/uploads\/2023\/03\/Waste-paper-processing-for-different-packaging-products.webp 720w, https:\/\/eggtraymachine.org\/wp-content\/uploads\/2023\/03\/Waste-paper-processing-for-different-packaging-products-300x225.webp 300w\" sizes=\"auto, (max-width: 720px) 100vw, 720px\" \/><figcaption class=\"wp-element-caption\">Bearbetning av avfallspapper f\u00f6r olika f\u00f6rpackningsprodukter<\/figcaption><\/figure> <\/div>   <h2 class=\"wp-block-heading\">Video ya mashine ya tray ya mayai ya karatasi<\/h2>    <figure class=\"wp-block-embed is-type-video is-provider-youtube wp-block-embed-youtube wp-embed-aspect-16-9 wp-has-aspect-ratio\"><div class=\"wp-block-embed__wrapper\"> <iframe loading=\"lazy\" title=\"1000pcs\/h-6000pcs\/h video ya 3D ya laini ya uzalishaji wa tray za mayai za kiotomatiki | uzalishaji wa masanduku ya mayai ya karatasi\" width=\"500\" height=\"281\" src=\"https:\/\/www.youtube.com\/embed\/qjUwbSb-hiI?feature=oembed\" frameborder=\"0\" allow=\"accelerometer; autoplay; clipboard-write; encrypted-media; gyroscope; picture-in-picture; web-share\" referrerpolicy=\"strict-origin-when-cross-origin\" allowfullscreen><\/iframe> <\/div><figcaption class=\"wp-element-caption\">Video ya uzalishaji wa katoni za mayai<\/figcaption><\/figure>    <h2 class=\"wp-block-heading\">Mchakato wa uzalishaji wa tray ya mayai ya quail<\/h2>    <p class=\"translation-block\">Mchakato mkuu wa uzalishaji wa trei za mayai ya kware ni kusagwa kwa karatasi taka\u2192homogenization\u2192kutengeneza\u2192kukausha\u2192kupakia. Kuna njia tatu za kukausha trei za mayai: kukausha kwa asili, kukausha kwa tanuri ya matofali, na kukausha kwa kitengeneza chuma. Mashine za boksi za mayai ya kware unazohitaji kutumia ni pamoja na pulpers, mashine za trei za mayai ya kware, <a href=\"https:\/\/eggtraymachine.org\/sw\/product\/paper-egg-tray-dryer-egg-tray-drying-machine\/\">matenki ya kukaushia mayai<\/a>, na mashine za kupakia trei za mayai.<\/p>   <div class=\"wp-block-image\"> <figure class=\"aligncenter size-full\"><img loading=\"lazy\" decoding=\"async\" width=\"720\" height=\"540\" src=\"https:\/\/eggtraymachine.org\/wp-content\/uploads\/2023\/03\/Quail-egg-tray-production-process.webp\" alt=\"Mchakato wa uzalishaji wa tray ya mayai ya quail\" class=\"wp-image-442\" title=\"\" srcset=\"https:\/\/eggtraymachine.org\/wp-content\/uploads\/2023\/03\/Quail-egg-tray-production-process.webp 720w, https:\/\/eggtraymachine.org\/wp-content\/uploads\/2023\/03\/Quail-egg-tray-production-process-300x225.webp 300w\" sizes=\"auto, (max-width: 720px) 100vw, 720px\" \/><figcaption class=\"wp-element-caption\">Mchakato wa uzalishaji wa tray ya mayai ya quail<\/figcaption><\/figure> <\/div>   <h2 class=\"wp-block-heading\">Kigezo cha mashine ya kutengeneza katoni za mayai ya quail<\/h2>    <ul class=\"wp-block-list\"> <li>Modell: Sl-4\u00d74<\/li>    <li>Matokeo: 3000pcs\/h<\/li>    <li>Nguvu: 45kw<\/li>    <li>Matumizi ya karatasi: 240kg\/h<\/li>    <li>Matumizi ya maji: 480kg\/h<\/li>    <li>Njia ya kukausha: Kukausha kwa tanuru la matofali au kavu ya chuma<\/li> <\/ul>    <p>Yaliyomo hapo juu ni vigezo vya mashine yenye uwezo wa uzalishaji wa trays 300 za mayai ya kuoko per saa. Ikiwa unataka kujua vigezo vya uwezo mwingine wa uzalishaji wa mashine ya trays za mayai ya kuoko, tafadhali wasiliana nasi kupitia dirisha linalojitokeza katika kona ya chini kulia.<\/p>    <h2 class=\"wp-block-heading\">Jinsi ya kubinafsisha laini ya uzalishaji wa tray za mayai ya bata?<\/h2>    <figure class=\"wp-block-gallery has-nested-images columns-default is-cropped wp-block-gallery-2 is-layout-flex wp-block-gallery-is-layout-flex\"> <figure class=\"wp-block-image size-large\"><img loading=\"lazy\" decoding=\"async\" width=\"720\" height=\"540\" data-id=\"436\" src=\"https:\/\/eggtraymachine.org\/wp-content\/uploads\/2023\/03\/Quail-egg-tray-machine-1.webp\" alt=\"Maskin f\u00f6r \u00e4ggkartong f\u00f6r vaktel\u00e4gg\" class=\"wp-image-436\" title=\"\" srcset=\"https:\/\/eggtraymachine.org\/wp-content\/uploads\/2023\/03\/Quail-egg-tray-machine-1.webp 720w, https:\/\/eggtraymachine.org\/wp-content\/uploads\/2023\/03\/Quail-egg-tray-machine-1-300x225.webp 300w\" sizes=\"auto, (max-width: 720px) 100vw, 720px\" \/><figcaption class=\"wp-element-caption\">Maskin f\u00f6r \u00e4ggtr\u00e5g f\u00f6r vaktlar<\/figcaption><\/figure>    <figure class=\"wp-block-image size-large\"><img loading=\"lazy\" decoding=\"async\" width=\"720\" height=\"540\" data-id=\"437\" src=\"https:\/\/eggtraymachine.org\/wp-content\/uploads\/2023\/03\/Quail-egg-tray-machine-details.webp\" alt=\"Detaljer om kvitto \u00e4gg bricka maskin\" class=\"wp-image-437\" title=\"\" srcset=\"https:\/\/eggtraymachine.org\/wp-content\/uploads\/2023\/03\/Quail-egg-tray-machine-details.webp 720w, https:\/\/eggtraymachine.org\/wp-content\/uploads\/2023\/03\/Quail-egg-tray-machine-details-300x225.webp 300w\" sizes=\"auto, (max-width: 720px) 100vw, 720px\" \/><figcaption class=\"wp-element-caption\">Maelezo ya Mashine ya Tray ya Mayai ya Kuku<\/figcaption><\/figure>    <figure class=\"wp-block-image size-large\"><img loading=\"lazy\" decoding=\"async\" width=\"720\" height=\"540\" data-id=\"438\" src=\"https:\/\/eggtraymachine.org\/wp-content\/uploads\/2023\/03\/Quail-egg-tray-machine-delivery.webp\" alt=\"Uwasilishaji wa mashine ya tray ya mayai ya kuku\" class=\"wp-image-438\" title=\"\" srcset=\"https:\/\/eggtraymachine.org\/wp-content\/uploads\/2023\/03\/Quail-egg-tray-machine-delivery.webp 720w, https:\/\/eggtraymachine.org\/wp-content\/uploads\/2023\/03\/Quail-egg-tray-machine-delivery-300x225.webp 300w\" sizes=\"auto, (max-width: 720px) 100vw, 720px\" \/><figcaption class=\"wp-element-caption\">Uwasilishaji wa Mashine ya Tray ya Mayai ya Kuku<\/figcaption><\/figure> <\/figure>    <p>Om du beh\u00f6ver en tray f\u00f6r vaktel\u00e4gg och en produktionslinje f\u00f6r vaktel\u00e4ggkartonger, m\u00e5ste du best\u00e4mma vilken kapacitet du vill producera. Den produktion vi kan hantera \u00e4r 1000st\/h-6000st\/h. Dessutom m\u00e5ste du ange storleken p\u00e5 vaktel\u00e4ggstrayen du vill ha. D\u00e5 kan vi anpassa formen enligt de uppgifter du tillhandah\u00e5ller.<\/p>    <h2 class=\"wp-block-heading\">Malighafi za uzalishaji wa tray za mayai ya bata<\/h2>    <p>Ni nini malighafi za uzalishaji wa tray za mayai ya ndege? Mashine ya tray za mayai ya ndege inatumia karatasi za taka na pia inahitaji maji. Bei ya karatasi za taka ni ya chini, ambayo itadhibiti gharama za uzalishaji wa tray za mayai ya ndege, na maji katika mchakato wa uzalishaji yanaweza kurejelewa.<\/p>    <h2 class=\"wp-block-heading\">Je, mashine hiyo hiyo inatumika kutengeneza tray za mayai ya bata na masanduku ya mayai ya bata?<\/h2>    <p>Mashine hiyo hiyo inatumika kutengeneza tray za mayai na masanduku ya mayai, lakini mitungi tofauti inatumika. Mashine inahitaji kuandaliwa kwa bidhaa tofauti na mitungi tofauti ya bidhaa. Mitungi ya bidhaa pia imegawanywa katika vifaa tofauti, mitungi ya tray za mayai ina mitungi ya plastiki na mitungi ya alumini. Mitungi ya alumini ni ya ubora mzuri, lakini bei yake ni ya juu kwa kiasi fulani. Kwa maelezo zaidi, tafadhali wasiliana nasi, na tutatumia taarifa zaidi za kina.<\/p>    <figure class=\"wp-block-image size-full\"><img loading=\"lazy\" decoding=\"async\" width=\"720\" height=\"540\" src=\"https:\/\/eggtraymachine.org\/wp-content\/uploads\/2023\/03\/quail-egg-tray-and-box.webp\" alt=\"Tray na sanduku la mayai ya quail\" class=\"wp-image-443\" title=\"\" srcset=\"https:\/\/eggtraymachine.org\/wp-content\/uploads\/2023\/03\/quail-egg-tray-and-box.webp 720w, https:\/\/eggtraymachine.org\/wp-content\/uploads\/2023\/03\/quail-egg-tray-and-box-300x225.webp 300w\" sizes=\"auto, (max-width: 720px) 100vw, 720px\" \/><figcaption class=\"wp-element-caption\">Kuvudundu ya mayai ya kware na sanduku<\/figcaption><\/figure>    <h2 class=\"wp-block-heading\">Tofauti kati ya mashine ya tray ya mayai ya bata na mashine ya tray ya mayai<\/h2>    <figure class=\"wp-block-gallery has-nested-images columns-default is-cropped wp-block-gallery-3 is-layout-flex wp-block-gallery-is-layout-flex\"> <figure class=\"wp-block-image size-large\"><img loading=\"lazy\" decoding=\"async\" width=\"720\" height=\"540\" data-id=\"440\" src=\"https:\/\/eggtraymachine.org\/wp-content\/uploads\/2023\/03\/egg-tray-machine-mold-1.webp\" alt=\"ukungu wa mashine ya kizimba cha mayai\" class=\"wp-image-440\" title=\"\" srcset=\"https:\/\/eggtraymachine.org\/wp-content\/uploads\/2023\/03\/egg-tray-machine-mold-1.webp 720w, https:\/\/eggtraymachine.org\/wp-content\/uploads\/2023\/03\/egg-tray-machine-mold-1-300x225.webp 300w\" sizes=\"auto, (max-width: 720px) 100vw, 720px\" \/><figcaption class=\"wp-element-caption\">Ukungu wa Mashine ya Tray ya Mayai<\/figcaption><\/figure>    <figure class=\"wp-block-image size-large\"><img loading=\"lazy\" decoding=\"async\" width=\"720\" height=\"540\" data-id=\"441\" src=\"https:\/\/eggtraymachine.org\/wp-content\/uploads\/2023\/03\/egg-carton-machine-mold.webp\" alt=\"\u00e4ggkartong maskin form\" class=\"wp-image-441\" title=\"\" srcset=\"https:\/\/eggtraymachine.org\/wp-content\/uploads\/2023\/03\/egg-carton-machine-mold.webp 720w, https:\/\/eggtraymachine.org\/wp-content\/uploads\/2023\/03\/egg-carton-machine-mold-300x225.webp 300w\" sizes=\"auto, (max-width: 720px) 100vw, 720px\" \/><figcaption class=\"wp-element-caption\">Ukungu wa Mashine ya Katoni ya Mayai<\/figcaption><\/figure> <\/figure>    <p class=\"translation-block\">Malighafi na mchakato wa uzalishaji wa mashine ya trei za mayai ya kware na <a href=\"https:\/\/eggtraymachine.org\/sw\/product\/2000pc-h-pulp-egg-tray-machine\/\" data-type=\"URL\" data-id=\"https:\/\/eggtraymachine.org\/product\/2000pc-h-pulp-egg-tray-machine\/\">mashine ya trei za mayai<\/a> ni sawa, lakini ukungu wa kutengeneza trei za mayai ya kware unahitaji kubinafsishwa. Nyingine ni sawa.<\/p>","protected":false},"excerpt":{"rendered":"<p>Mashine ya tray za mayai ya bata ni kifaa cha kutengeneza tray za mayai ya bata. Malighafi ya kutengeneza tray za mayai ya bata ni karatasi taka. Mashine hii haina uchafuzi katika mchakato wa uzalishaji na ni sekta rafiki kwa mazingira inayoungwa mkono na nchi nyingi na serikali. Mstari wa uzalishaji wa tray za mayai ya bata na sanduku la mayai pia unaweza kutengeneza tray za mayai, tray za matunda, vyoo vya kutumika, tray za divai, na masanduku ya ufungaji wa vifaa vya usahihi.<\/p>","protected":false},"author":1,"featured_media":433,"parent":0,"template":"","tags":[31],"product-type":[9,4],"class_list":["post-432","product","type-product","status-publish","has-post-thumbnail","hentry","tag-quail-egg-tray-machine","product-type-egg-tray-making","product-type-product"],"_links":{"self":[{"href":"https:\/\/eggtraymachine.org\/sw\/wp-json\/wp\/v2\/product\/432","targetHints":{"allow":["GET"]}}],"collection":[{"href":"https:\/\/eggtraymachine.org\/sw\/wp-json\/wp\/v2\/product"}],"about":[{"href":"https:\/\/eggtraymachine.org\/sw\/wp-json\/wp\/v2\/types\/product"}],"author":[{"embeddable":true,"href":"https:\/\/eggtraymachine.org\/sw\/wp-json\/wp\/v2\/users\/1"}],"wp:featuredmedia":[{"embeddable":true,"href":"https:\/\/eggtraymachine.org\/sw\/wp-json\/wp\/v2\/media\/433"}],"wp:attachment":[{"href":"https:\/\/eggtraymachine.org\/sw\/wp-json\/wp\/v2\/media?parent=432"}],"wp:term":[{"taxonomy":"post_tag","embeddable":true,"href":"https:\/\/eggtraymachine.org\/sw\/wp-json\/wp\/v2\/tags?post=432"},{"taxonomy":"product-type","embeddable":true,"href":"https:\/\/eggtraymachine.org\/sw\/wp-json\/wp\/v2\/product-type?post=432"}],"curies":[{"name":"wp","href":"https:\/\/api.w.org\/{rel}","templated":true}]}}