{"id":384,"date":"2026-04-01T11:04:40","date_gmt":"2026-04-01T03:04:40","guid":{"rendered":"https:\/\/eggtraymachine.org\/?post_type=product&#038;p=384"},"modified":"2026-04-01T11:04:40","modified_gmt":"2026-04-01T03:04:40","slug":"paper-wine-tray-making-machine","status":"publish","type":"product","link":"https:\/\/eggtraymachine.org\/sw\/product\/paper-wine-tray-making-machine\/","title":{"rendered":"Maskin f\u00f6r tillverkning av pappersvink\u00e4rl | Formad massa f\u00f6rpackningsmaskin"},"content":{"rendered":"<p>Mashine ya kutengeneza tray za divai za karatasi ni aina ya tray ya karatasi kwa ajili ya kufunga chupa za divai. Mashine ya uzalishaji wa tray za divai inatumia karatasi taka kufanya michakato kama vile kusaga, kuunda, kukausha, n.k., ili kutengeneza ufungaji wa chupa za divai ili kuzuia bidhaa za kioo kugonga na kuvunjika. Mashine hii ya kutengeneza tray za divai za karatasi inaweza kutengeneza tray za mayai, tray za bustani, tray za tufaha, na bidhaa nyingine. Mashine hii imeshasafirishwa kwenda Kanada, Nigeria, Saudi Arabia, Oman, Afrika Kusini, na mengineyo.<\/p>    <figure class=\"wp-block-image size-full\"><img loading=\"lazy\" decoding=\"async\" width=\"720\" height=\"540\" src=\"https:\/\/eggtraymachine.org\/wp-content\/uploads\/2022\/11\/Paper-wine-tray.jpg\" alt=\"Maskin f\u00f6r tillverkning av pappersvinklar\" class=\"wp-image-386\" title=\"\" srcset=\"https:\/\/eggtraymachine.org\/wp-content\/uploads\/2022\/11\/Paper-wine-tray.jpg 720w, https:\/\/eggtraymachine.org\/wp-content\/uploads\/2022\/11\/Paper-wine-tray-300x225.jpg 300w\" sizes=\"auto, (max-width: 720px) 100vw, 720px\" \/><figcaption class=\"wp-element-caption\">Mashine ya kutengeneza tray ya divai ya karatasi<\/figcaption><\/figure>    <h2 class=\"wp-block-heading\">Kwa nini mashine ya tray ya mayai inaweza kutengeneza tray ya divai<\/h2>    <p class=\"translation-block\">Kwa sababu mofomu zinazozalishwa na <a href=\"https:\/\/eggtraymachine.org\/sw\/product\/2000pc-h-pulp-egg-tray-machine\/\" data-type=\"URL\" data-id=\"https:\/\/eggtraymachine.org\/product\/2000pc-h-pulp-egg-tray-machine\/\">mashine ya kutengeneza trei za mayai<\/a> zinaweza kubadilishwa, maumbo tofauti ya vifungashio yanaweza kuzalishwa kwa kubadilisha mofomu tofauti. Hii pia ndiyo sababu ya utofauti wa kazi za mashine ya kutengeneza trei za mayai. Ikiwa unahitaji kuagiza trei ya divai kwa ajili ya mashine yako ya divai ili kuzalisha kifungashio cha divai nyekundu, basi unahitaji tu kutoa ukubwa wa chupa ya divai, na unaweza kubinafsisha mashine ya kipekee.<\/p>    <figure class=\"wp-block-gallery has-nested-images columns-2 is-cropped wp-block-gallery-2 is-layout-flex wp-block-gallery-is-layout-flex\"> <figure class=\"wp-block-image size-large\"><img loading=\"lazy\" decoding=\"async\" width=\"720\" height=\"540\" data-id=\"387\" src=\"https:\/\/eggtraymachine.org\/wp-content\/uploads\/2022\/11\/Paper-wine-tray-making-machine-1.jpg\" alt=\"vinsfat\" class=\"wp-image-387\" title=\"\" srcset=\"https:\/\/eggtraymachine.org\/wp-content\/uploads\/2022\/11\/Paper-wine-tray-making-machine-1.jpg 720w, https:\/\/eggtraymachine.org\/wp-content\/uploads\/2022\/11\/Paper-wine-tray-making-machine-1-300x225.jpg 300w\" sizes=\"auto, (max-width: 720px) 100vw, 720px\" \/><figcaption class=\"wp-element-caption\">Vinbricka<\/figcaption><\/figure>    <figure class=\"wp-block-image size-large\"><img loading=\"lazy\" decoding=\"async\" width=\"720\" height=\"540\" data-id=\"389\" src=\"https:\/\/eggtraymachine.org\/wp-content\/uploads\/2022\/11\/friut-tray.jpg\" alt=\"tray ya matunda\" class=\"wp-image-389\" title=\"\" srcset=\"https:\/\/eggtraymachine.org\/wp-content\/uploads\/2022\/11\/friut-tray.jpg 720w, https:\/\/eggtraymachine.org\/wp-content\/uploads\/2022\/11\/friut-tray-300x225.jpg 300w\" sizes=\"auto, (max-width: 720px) 100vw, 720px\" \/><figcaption class=\"wp-element-caption\">Fataki ya Matunda<\/figcaption><\/figure>    <figure class=\"wp-block-image size-large\"><img loading=\"lazy\" decoding=\"async\" width=\"720\" height=\"540\" data-id=\"390\" src=\"https:\/\/eggtraymachine.org\/wp-content\/uploads\/2022\/11\/paper-tray.jpg\" alt=\"tray ya karatasi\" class=\"wp-image-390\" title=\"\" srcset=\"https:\/\/eggtraymachine.org\/wp-content\/uploads\/2022\/11\/paper-tray.jpg 720w, https:\/\/eggtraymachine.org\/wp-content\/uploads\/2022\/11\/paper-tray-300x225.jpg 300w\" sizes=\"auto, (max-width: 720px) 100vw, 720px\" \/><figcaption class=\"wp-element-caption\">Pappersbricka<\/figcaption><\/figure>    <figure class=\"wp-block-image size-large\"><img loading=\"lazy\" decoding=\"async\" width=\"720\" height=\"540\" data-id=\"391\" src=\"https:\/\/eggtraymachine.org\/wp-content\/uploads\/2022\/11\/packing-tray.jpg\" alt=\"f\u00f6rpackningsfat\" class=\"wp-image-391\" title=\"\" srcset=\"https:\/\/eggtraymachine.org\/wp-content\/uploads\/2022\/11\/packing-tray.jpg 720w, https:\/\/eggtraymachine.org\/wp-content\/uploads\/2022\/11\/packing-tray-300x225.jpg 300w\" sizes=\"auto, (max-width: 720px) 100vw, 720px\" \/><figcaption class=\"wp-element-caption\">Fataki ya Kufunga<\/figcaption><\/figure> <\/figure>    <h2 class=\"wp-block-heading\">Mchakato wa uzalishaji wa tray ya divai ya karatasi<\/h2>    <figure class=\"wp-block-image size-full\"><img loading=\"lazy\" decoding=\"async\" width=\"720\" height=\"540\" src=\"https:\/\/eggtraymachine.org\/wp-content\/uploads\/2022\/11\/Paper-wine-tray-making-machine-2.jpg\" alt=\"Maskin f\u00f6r tillverkning av pappersvinklar\" class=\"wp-image-392\" title=\"\" srcset=\"https:\/\/eggtraymachine.org\/wp-content\/uploads\/2022\/11\/Paper-wine-tray-making-machine-2.jpg 720w, https:\/\/eggtraymachine.org\/wp-content\/uploads\/2022\/11\/Paper-wine-tray-making-machine-2-300x225.jpg 300w\" sizes=\"auto, (max-width: 720px) 100vw, 720px\" \/><figcaption class=\"wp-element-caption\">Mashine ya kutengeneza tray ya divai ya karatasi<\/figcaption><\/figure>    <h3 class=\"wp-block-heading\">1. Massa system f\u00f6r pappersvink\u00e4rl-tillverkningsmaskin<\/h3>    <p class=\"translation-block\">(1) Weka malighafi kwenye <a href=\"https:\/\/en.wikipedia.org\/wiki\/Pulp_(paper)\" target=\"_blank\" rel=\"noopener\">mashine ya kutengeneza mimbari<\/a>, ongeza kiasi kinachofaa cha maji, koroga kwa muda mrefu ili kubadilisha karatasi taka kuwa mimbari, kisha uweke kwenye tangi la kuhifadhi mimbari kwa ajili ya kuhifadhi.<\/p>    <p>(2) Tia pulp katika tanki la kuhifadhi pulp kwenye tanki la kuchanganya pulp, punguza mkusanyiko wa pulp katika tanki la kuchanganya pulp, na piga tena kupitia maji meupe katika tanki la kurudi na pulp nzito katika tanki la kuhifadhi pulp kupitia homogenizer. Baada ya kurekebisha hadi pulp inayofaa, weka katika tanki ya usambazaji wa pulp kutumika katika mfumo wa kuunda.<\/p>    <p>&nbsp;Utrustning som anv\u00e4nds: massapulper, homogeniserare, massapump, vibrationssk\u00e4rm, massadekompressor<\/p>    <h3 class=\"wp-block-heading\">2. Att bilda ett system<\/h3>    <figure class=\"wp-block-image size-full\"><img loading=\"lazy\" decoding=\"async\" width=\"720\" height=\"540\" src=\"https:\/\/eggtraymachine.org\/wp-content\/uploads\/2022\/11\/Paper-wine-tray-forming-machine.jpg\" alt=\"Maskin f\u00f6r att forma pappersvinkartonger\" class=\"wp-image-393\" title=\"\" srcset=\"https:\/\/eggtraymachine.org\/wp-content\/uploads\/2022\/11\/Paper-wine-tray-forming-machine.jpg 720w, https:\/\/eggtraymachine.org\/wp-content\/uploads\/2022\/11\/Paper-wine-tray-forming-machine-300x225.jpg 300w\" sizes=\"auto, (max-width: 720px) 100vw, 720px\" \/><figcaption class=\"wp-element-caption\">Maskin f\u00f6r formning av pappersvinbricka<\/figcaption><\/figure>    <p>(1) Liten i tanken f\u00f6r pappersmassa matas in i formningsmaskinen, och adsorberas av vakuumsystemet, massan passerar genom formen p\u00e5 utrustningen, och massan l\u00e4mnas kvar p\u00e5 formen f\u00f6r att formas, och det vita vattnet adsorberas och \u00f6verf\u00f6rs tillbaka till vattentanken av vakuumpumpen.<br>(2) Baada ya ukungu kunyonya, ukungu wa uhamisho hupitia shinikizo chanya la compressor ya hewa kutoa hewa, na bidhaa iliyoundwa inakumbwa kutoka kwa ukungu wa uundaji hadi ukungu unaozunguka, na zingine hutumwa nje kupitia ukungu wa uhamisho.<br>Utrustning som anv\u00e4nds: formningsmaskin, form, vakuumpump, negativ trycktank, vattenpump, luftkompressor, formreng\u00f6ringsmaskin<\/p>    <h3 class=\"wp-block-heading\">3. Torkningssystem<\/h3>    <figure class=\"wp-block-gallery has-nested-images columns-default is-cropped wp-block-gallery-3 is-layout-flex wp-block-gallery-is-layout-flex\"> <figure class=\"wp-block-image size-large\"><img loading=\"lazy\" decoding=\"async\" width=\"720\" height=\"540\" data-id=\"395\" src=\"https:\/\/eggtraymachine.org\/wp-content\/uploads\/2022\/11\/red-wine-tray-making-mahcine.jpg\" alt=\"Maskin f\u00f6r tillverkning av r\u00f6dvinsfat\" class=\"wp-image-395\" title=\"\" srcset=\"https:\/\/eggtraymachine.org\/wp-content\/uploads\/2022\/11\/red-wine-tray-making-mahcine.jpg 720w, https:\/\/eggtraymachine.org\/wp-content\/uploads\/2022\/11\/red-wine-tray-making-mahcine-300x225.jpg 300w\" sizes=\"auto, (max-width: 720px) 100vw, 720px\" \/><figcaption class=\"wp-element-caption\">Mashine ya Kutengeneza Fataki ya Divai Nyekundu<\/figcaption><\/figure>    <figure class=\"wp-block-image size-large\"><img loading=\"lazy\" decoding=\"async\" width=\"720\" height=\"540\" data-id=\"394\" src=\"https:\/\/eggtraymachine.org\/wp-content\/uploads\/2022\/11\/Drying-system.jpg\" alt=\"system f\u00f6r torkning\" class=\"wp-image-394\" title=\"\" srcset=\"https:\/\/eggtraymachine.org\/wp-content\/uploads\/2022\/11\/Drying-system.jpg 720w, https:\/\/eggtraymachine.org\/wp-content\/uploads\/2022\/11\/Drying-system-300x225.jpg 300w\" sizes=\"auto, (max-width: 720px) 100vw, 720px\" \/><figcaption class=\"wp-element-caption\">Taasisi ya Kukausha<\/figcaption><\/figure> <\/figure>    <p>(1) Naturlig torkmetod: f\u00f6rlita sig direkt p\u00e5 v\u00e4dret och naturlig vind f\u00f6r att torka produkten.<br>(2) Ukaaji wa jadi: tanuru ya matofali iliyojengwa kwenye mtaro, chanzo cha joto kinaweza kuchagua gesi asilia, dizeli, makaa, kuni kavu, vyanzo vya joto kama gesi ya petroli iliyomwagika.<br>(3) Ny flerlagers torklinje: 6-lagers metalltorklinje kan spara mer \u00e4n 30% energi j\u00e4mf\u00f6rt med transmissions torkning, och den huvudsakliga v\u00e4rmek\u00e4llan \u00e4r naturgas, dieselolja och flytande petroleumgas.<\/p>    <h2 class=\"wp-block-heading\">4. Till\u00e4ggsf\u00f6rpackning av f\u00e4rdiga produkter<\/h2>    <p class=\"translation-block\">(1) Kiweka kiotomatiki<br>(2) <a href=\"https:\/\/eggtraymachine.org\/sw\/product\/egg-tray-packing-machine\/\" data-type=\"URL\" data-id=\"https:\/\/eggtraymachine.org\/product\/egg-tray-packing-machine\/\">Mashine ya kufunga trei za mayai<\/a><\/p>    <p>Vifaa na michakato ya kiteknolojia inayotumika katika uzalishaji wa tray za divai ni sawa na zile za tray za mayai. Uzalishaji ni rahisi kwa kiasi fulani, na kuna aina nyingi za mashine za kutengeneza tray za divai za karatasi. Uzalishaji wa chini ni mashine ya kutengeneza tray za divai za karatasi 1000pc\/h.<\/p>    <figure class=\"wp-block-image size-full\"><img loading=\"lazy\" decoding=\"async\" width=\"720\" height=\"540\" src=\"https:\/\/eggtraymachine.org\/wp-content\/uploads\/2022\/11\/Paper-wine-tray-forming-machine.jpg\" alt=\"Maskin f\u00f6r att forma pappersvinkartonger\" class=\"wp-image-393\" title=\"\" srcset=\"https:\/\/eggtraymachine.org\/wp-content\/uploads\/2022\/11\/Paper-wine-tray-forming-machine.jpg 720w, https:\/\/eggtraymachine.org\/wp-content\/uploads\/2022\/11\/Paper-wine-tray-forming-machine-300x225.jpg 300w\" sizes=\"auto, (max-width: 720px) 100vw, 720px\" \/><figcaption class=\"wp-element-caption\">Maskin f\u00f6r formning av pappersvinbricka<\/figcaption><\/figure>","protected":false},"excerpt":{"rendered":"<p>The paper wine tray-making machine is a kind of paper tray for wine bottle packaging. The wine tray production machine uses waste paper to perform processes such as crushing, molding, drying, etc., to produce the packaging of wine bottles to prevent glass products from hitting and breaking. This paper wine tray-making machine can Production of [&hellip;]<\/p>\n","protected":false},"author":1,"featured_media":385,"parent":0,"template":"","tags":[29],"product-type":[10],"class_list":["post-384","product","type-product","status-publish","has-post-thumbnail","hentry","tag-paper-wine-tray-making-machine","product-type-paper-pulp-tray-forming"],"_links":{"self":[{"href":"https:\/\/eggtraymachine.org\/sw\/wp-json\/wp\/v2\/product\/384","targetHints":{"allow":["GET"]}}],"collection":[{"href":"https:\/\/eggtraymachine.org\/sw\/wp-json\/wp\/v2\/product"}],"about":[{"href":"https:\/\/eggtraymachine.org\/sw\/wp-json\/wp\/v2\/types\/product"}],"author":[{"embeddable":true,"href":"https:\/\/eggtraymachine.org\/sw\/wp-json\/wp\/v2\/users\/1"}],"wp:featuredmedia":[{"embeddable":true,"href":"https:\/\/eggtraymachine.org\/sw\/wp-json\/wp\/v2\/media\/385"}],"wp:attachment":[{"href":"https:\/\/eggtraymachine.org\/sw\/wp-json\/wp\/v2\/media?parent=384"}],"wp:term":[{"taxonomy":"post_tag","embeddable":true,"href":"https:\/\/eggtraymachine.org\/sw\/wp-json\/wp\/v2\/tags?post=384"},{"taxonomy":"product-type","embeddable":true,"href":"https:\/\/eggtraymachine.org\/sw\/wp-json\/wp\/v2\/product-type?post=384"}],"curies":[{"name":"wp","href":"https:\/\/api.w.org\/{rel}","templated":true}]}}