{"id":277,"date":"2022-08-12T06:20:33","date_gmt":"2022-08-12T06:20:33","guid":{"rendered":"https:\/\/eggtraymachine.org\/?post_type=product&#038;p=277"},"modified":"2022-12-05T10:14:13","modified_gmt":"2022-12-05T02:14:13","slug":"2000pc-h-pulp-egg-tray-machine","status":"publish","type":"product","link":"https:\/\/eggtraymachine.org\/sw\/product\/2000pc-h-pulp-egg-tray-machine\/","title":{"rendered":"2000pc\/h maskin f\u00f6r pappersmassa \u00e4ggkartong"},"content":{"rendered":"<p class=\"translation-block\">This pulp egg tray machine is an egg tray machine with an output of 2000pc per hour, and our <a href=\"https:\/\/eggtraymachine.org\/sw\/product\/egg-tray-production-line\/\">egg tray production has 1000-8000 different configurations<\/a>. The egg tray is recycled by using waste paper. After crushing, the egg tray is made. The normal size of the produced egg tray is 30 holes, and it can also be customized.<\/p>    <figure class=\"wp-block-embed is-type-video is-provider-youtube wp-block-embed-youtube wp-embed-aspect-16-9 wp-has-aspect-ratio\"><div class=\"wp-block-embed__wrapper\"> <iframe loading=\"lazy\" title=\"Maskin f\u00f6r lila \u00e4ggkartonger | maskin f\u00f6r tillverkning av pappers\u00e4ggkartonger | projekt f\u00f6r \u00e5tervinning av avfallspapper\" width=\"500\" height=\"281\" src=\"https:\/\/www.youtube.com\/embed\/5HgNoY7QYm0?feature=oembed\" frameborder=\"0\" allow=\"accelerometer; autoplay; clipboard-write; encrypted-media; gyroscope; picture-in-picture; web-share\" referrerpolicy=\"strict-origin-when-cross-origin\" allowfullscreen><\/iframe> <\/div><\/figure>    <h2 class=\"wp-block-heading\" id=\"h-why-is-the-egg-tray-industry-so-popular\">Varf\u00f6r \u00e4r \u00e4ggbrickaindustrin s\u00e5 popul\u00e4r?<\/h2>    <figure class=\"wp-block-gallery has-nested-images columns-default is-cropped wp-block-gallery-2 is-layout-flex wp-block-gallery-is-layout-flex\"> <figure class=\"wp-block-image size-large\"><img loading=\"lazy\" decoding=\"async\" width=\"720\" height=\"540\" data-id=\"283\" src=\"https:\/\/eggtraymachine.org\/wp-content\/uploads\/2022\/08\/pulp-egg-tray-after-packing.webp\" alt=\"pulp\u00e4ggbricka efter packning\" class=\"wp-image-283\" title=\"\" srcset=\"https:\/\/eggtraymachine.org\/wp-content\/uploads\/2022\/08\/pulp-egg-tray-after-packing.webp 720w, https:\/\/eggtraymachine.org\/wp-content\/uploads\/2022\/08\/pulp-egg-tray-after-packing-300x225.webp 300w\" sizes=\"auto, (max-width: 720px) 100vw, 720px\" \/><figcaption class=\"wp-element-caption\">Pulp \u00e4ggkartong efter packning<\/figcaption><\/figure>    <figure class=\"wp-block-image size-large\"><img loading=\"lazy\" decoding=\"async\" width=\"720\" height=\"540\" data-id=\"284\" src=\"https:\/\/eggtraymachine.org\/wp-content\/uploads\/2022\/08\/pulp-egg-tray.webp\" alt=\"pulp\u00e4ggsbricka\" class=\"wp-image-284\" title=\"\" srcset=\"https:\/\/eggtraymachine.org\/wp-content\/uploads\/2022\/08\/pulp-egg-tray.webp 720w, https:\/\/eggtraymachine.org\/wp-content\/uploads\/2022\/08\/pulp-egg-tray-300x225.webp 300w\" sizes=\"auto, (max-width: 720px) 100vw, 720px\" \/><figcaption class=\"wp-element-caption\">Pulp \u00e4ggkartong<\/figcaption><\/figure> <\/figure>    <p>Kuna sababu tatu za umaarufu wa uzalishaji wa tray za mayai. Kwanza, gharama ya uzalishaji wa tray za mayai ni ya chini, na gharama ya uzalishaji wa tray za mayai, hasa malighafi, ni ya chini. Aidha, uzalishaji wa tray za mayai ni mchakato wa kirafiki kwa mazingira, na mchakato mzima wa uzalishaji wa tray za mayai haujaathiriwa na uchafuzi na unakidhi viwango vya usafi wa mazingira vya nchi mbalimbali. Hatimaye, tray za mayai ni bidhaa zinazotumika, na watengenezaji wa tray za mayai wanaweza kuwa na wateja wa kawaida na maagizo thabiti. Hizi ndizo sababu zinazofanya uzalishaji wa tray za mayai kuwa maarufu sana.<\/p>    <h2 class=\"wp-block-heading\">Parameter f\u00f6r 2000st\/h pulp \u00e4ggbricka maskin<\/h2>   <div class=\"wp-block-image\"> <figure class=\"aligncenter size-full\"><img loading=\"lazy\" decoding=\"async\" width=\"720\" height=\"540\" src=\"https:\/\/eggtraymachine.org\/wp-content\/uploads\/2022\/08\/pulp-egg-tray-machine-1.webp\" alt=\"Pulp \u00e4ggkartong formningsmaskin\" class=\"wp-image-285\" title=\"\" srcset=\"https:\/\/eggtraymachine.org\/wp-content\/uploads\/2022\/08\/pulp-egg-tray-machine-1.webp 720w, https:\/\/eggtraymachine.org\/wp-content\/uploads\/2022\/08\/pulp-egg-tray-machine-1-300x225.webp 300w\" sizes=\"auto, (max-width: 720px) 100vw, 720px\" \/><figcaption class=\"wp-element-caption\">Pulp \u00e4ggkartong formningsmaskin<\/figcaption><\/figure> <\/div>   <figure class=\"wp-block-table\"><table><tbody><tr><td>modell<\/td><td>  utg\u00e5ng<\/td><td>konsumtion av papper<\/td><td>Matumizi ya Maji<br><\/td><td>energi som anv\u00e4nds<\/td><td>nummer f\u00f6r arbete<\/td><\/tr><tr><td>SL-3*4<\/td><td>2000-2500pcs\/h<\/td><td>200kg\/h<\/td><td>450kg\/h<\/td><td>58kw\/h<\/td><td>4-5<\/td><\/tr><\/tbody><\/table><figcaption class=\"wp-element-caption\"> maskini wa tray za mayai ya pulp<\/figcaption><\/figure>    <p class=\"translation-block\">The minimum output of this<a href=\"https:\/\/en.wikipedia.org\/wiki\/Pulp_(band)\" data-type=\"URL\" data-id=\"https:\/\/en.wikipedia.org\/wiki\/Pulp_(band)\" target=\"_blank\" rel=\"noopener\"> pulp<\/a> egg tray machine is 2000\/h, and the highest can reach 2500pc\/h, which has a certain relationship with the operation skills of the egg tray production line workers. After calculating, 200kg of paper and 450kg of paper need to be consumed in one hour. The ratio of water to paper is about 3:1.<\/p>    <h2 class=\"wp-block-heading\">Modellval av \u00e4ggbricka maskin<\/h2>   <div class=\"wp-block-image\"> <figure class=\"aligncenter size-full\"><img loading=\"lazy\" decoding=\"async\" width=\"720\" height=\"540\" src=\"https:\/\/eggtraymachine.org\/wp-content\/uploads\/2022\/08\/egg-tray-machine-factory-1.webp\" alt=\"kiwanda cha mashine za tray ya mayai\" class=\"wp-image-287\" title=\"\" srcset=\"https:\/\/eggtraymachine.org\/wp-content\/uploads\/2022\/08\/egg-tray-machine-factory-1.webp 720w, https:\/\/eggtraymachine.org\/wp-content\/uploads\/2022\/08\/egg-tray-machine-factory-1-300x225.webp 300w\" sizes=\"auto, (max-width: 720px) 100vw, 720px\" \/><figcaption class=\"wp-element-caption\">kiwanda cha mashine za tray ya mayai<\/figcaption><\/figure> <\/div>   <p class=\"translation-block\">Shuliy factory has egg tray production lines with different outputs of 1000-8000pc\/h, which meet the needs of most egg tray production, among which <a href=\"https:\/\/eggtraymachine.org\/sw\/product\/egg-tray-making-machine\/\">1000-2000pc\/h egg tray production<\/a> belongs to small-volume egg tray processing, suitable for family workshops Production. Or when a small factory processes egg trays, 8000pc\/h is the maximum output. If you work 8 hours a day, you can produce 64,000pc per day, which can form a certain scale of egg tray processing.<\/p>    <h2 class=\"wp-block-heading\">Konfiguration av produktionsutrustning f\u00f6r \u00e4ggkartonger p\u00e5 2000 stycken\/tim<\/h2>   <div class=\"wp-block-image\"> <figure class=\"aligncenter size-full\"><img loading=\"lazy\" decoding=\"async\" width=\"720\" height=\"540\" src=\"https:\/\/eggtraymachine.org\/wp-content\/uploads\/2022\/08\/egg-tray-production-line-5.webp\" alt=\"Produktionslinje f\u00f6r \u00e4ggkartonger\" class=\"wp-image-286\" title=\"\" srcset=\"https:\/\/eggtraymachine.org\/wp-content\/uploads\/2022\/08\/egg-tray-production-line-5.webp 720w, https:\/\/eggtraymachine.org\/wp-content\/uploads\/2022\/08\/egg-tray-production-line-5-300x225.webp 300w\" sizes=\"auto, (max-width: 720px) 100vw, 720px\" \/><figcaption class=\"wp-element-caption\">Produktionslinje f\u00f6r \u00e4ggkartonger<\/figcaption><\/figure> <\/div>   <p>Produktion av 2000 stycken \u00e4ggkartonger per timme kr\u00e4ver en pulper, en \u00e4ggkartongformningsmaskin, en tork och en balare. Dessa enheter bildar en komplett produktionslinje f\u00f6r \u00e4ggkartonger.<\/p>    <h2 class=\"wp-block-heading\">Form f\u00f6r pulp \u00e4ggbricka maskin<\/h2>    <figure class=\"wp-block-gallery has-nested-images columns-default is-cropped wp-block-gallery-3 is-layout-flex wp-block-gallery-is-layout-flex\"> <figure class=\"wp-block-image size-large\"><img loading=\"lazy\" decoding=\"async\" width=\"720\" height=\"540\" data-id=\"288\" src=\"https:\/\/eggtraymachine.org\/wp-content\/uploads\/2022\/08\/plastic-egg-tray-mould.webp\" alt=\"moldi wa tray za mayai za plastiki\" class=\"wp-image-288\" title=\"\" srcset=\"https:\/\/eggtraymachine.org\/wp-content\/uploads\/2022\/08\/plastic-egg-tray-mould.webp 720w, https:\/\/eggtraymachine.org\/wp-content\/uploads\/2022\/08\/plastic-egg-tray-mould-300x225.webp 300w\" sizes=\"auto, (max-width: 720px) 100vw, 720px\" \/><figcaption class=\"wp-element-caption\">Kiolezo cha Plastiki cha Tray ya Mayai<\/figcaption><\/figure>    <figure class=\"wp-block-image size-large\"><img loading=\"lazy\" decoding=\"async\" width=\"720\" height=\"540\" data-id=\"289\" src=\"https:\/\/eggtraymachine.org\/wp-content\/uploads\/2022\/08\/metal-egg-tray-mould.webp\" alt=\"metall\u00e4ggbricka form\" class=\"wp-image-289\" title=\"\" srcset=\"https:\/\/eggtraymachine.org\/wp-content\/uploads\/2022\/08\/metal-egg-tray-mould.webp 720w, https:\/\/eggtraymachine.org\/wp-content\/uploads\/2022\/08\/metal-egg-tray-mould-300x225.webp 300w\" sizes=\"auto, (max-width: 720px) 100vw, 720px\" \/><figcaption class=\"wp-element-caption\">Mold ya Tray za Mayai ya Metali<\/figcaption><\/figure> <\/figure>    <p>Moldet f\u00f6r pulp\u00e4ggtraysmaskinen har tv\u00e5 material, det ena \u00e4r \u00e4ggtrays gjort av plastmaterial, och det andra \u00e4r \u00e4ggtrays gjort av metallmaterial. Ocks\u00e5 lite dyrare. F\u00f6r att g\u00f6ra olika typer av \u00e4ggtrays beh\u00f6ver du bara byta ut olika \u00e4ggtraysmuggar, men f\u00f6rutom att g\u00f6ra \u00e4ggtrays kr\u00e4vs metall\u00e4ggtrays f\u00f6r att g\u00f6ra andra typer av pappersprodukter. Eftersom metall\u00e4ggtrays \u00e4r gjorda mer noggrant kan plast\u00e4ggtrays inte uppfylla kraven.<\/p>    <h2 class=\"wp-block-heading\">2000kg\/h torkare f\u00f6r \u00e4ggkartonger<\/h2>   <div class=\"wp-block-image\"> <figure class=\"aligncenter size-full\"><img loading=\"lazy\" decoding=\"async\" width=\"720\" height=\"540\" src=\"https:\/\/eggtraymachine.org\/wp-content\/uploads\/2022\/08\/egg-tray-after-drying.webp\" alt=\"tray za mayai baada ya kukausha\" class=\"wp-image-290\" title=\"\" srcset=\"https:\/\/eggtraymachine.org\/wp-content\/uploads\/2022\/08\/egg-tray-after-drying.webp 720w, https:\/\/eggtraymachine.org\/wp-content\/uploads\/2022\/08\/egg-tray-after-drying-300x225.webp 300w\" sizes=\"auto, (max-width: 720px) 100vw, 720px\" \/><figcaption class=\"wp-element-caption\">tray za mayai baada ya kukausha<\/figcaption><\/figure> <\/div>   <p class=\"translation-block\">Natural drying of 2000kg\/h egg trays can no longer meet the production needs. It needs to be dried with a <a href=\"https:\/\/eggtraymachine.org\/sw\/product\/paper-egg-tray-dryer-egg-tray-drying-machine\/\">metal egg tray dryer<\/a>, or a brick kiln can be built for drying. The drying efficiency of the dryer is about 30-40 minutes, and the drying process can be fully automatic production.<\/p>    <h2 class=\"wp-block-heading\">2000st\/h pulp \u00e4ggkartongmaskin video<\/h2>    <figure class=\"wp-block-embed is-type-video is-provider-youtube wp-block-embed-youtube wp-embed-aspect-16-9 wp-has-aspect-ratio\"><div class=\"wp-block-embed__wrapper\"> <iframe loading=\"lazy\" title=\"Kiwanda cha mashine za tray za mayai kimezalisha mashine 2000pc\/h za tray za mayai kwa wateja wa Uzbekistan\" width=\"500\" height=\"281\" src=\"https:\/\/www.youtube.com\/embed\/qA1CohOIiFc?feature=oembed\" frameborder=\"0\" allow=\"accelerometer; autoplay; clipboard-write; encrypted-media; gyroscope; picture-in-picture; web-share\" referrerpolicy=\"strict-origin-when-cross-origin\" allowfullscreen><\/iframe> <\/div><figcaption class=\"wp-element-caption\">\u00e4ggbricka maskin video<\/figcaption><\/figure>","protected":false},"excerpt":{"rendered":"<p>Mashine hii ya tray ya mayai ya pulp ni mashine ya tray ya mayai yenye uwezo wa kutoa mayai 2000 kwa saa, na uzalishaji wetu wa tray za mayai una mipangilio tofauti ya 1000-8000. <\/p>","protected":false},"author":1,"featured_media":282,"parent":0,"template":"","tags":[26],"product-type":[9,4],"class_list":["post-277","product","type-product","status-publish","has-post-thumbnail","hentry","tag-egg-tray-machine","product-type-egg-tray-making","product-type-product"],"_links":{"self":[{"href":"https:\/\/eggtraymachine.org\/sw\/wp-json\/wp\/v2\/product\/277","targetHints":{"allow":["GET"]}}],"collection":[{"href":"https:\/\/eggtraymachine.org\/sw\/wp-json\/wp\/v2\/product"}],"about":[{"href":"https:\/\/eggtraymachine.org\/sw\/wp-json\/wp\/v2\/types\/product"}],"author":[{"embeddable":true,"href":"https:\/\/eggtraymachine.org\/sw\/wp-json\/wp\/v2\/users\/1"}],"wp:featuredmedia":[{"embeddable":true,"href":"https:\/\/eggtraymachine.org\/sw\/wp-json\/wp\/v2\/media\/282"}],"wp:attachment":[{"href":"https:\/\/eggtraymachine.org\/sw\/wp-json\/wp\/v2\/media?parent=277"}],"wp:term":[{"taxonomy":"post_tag","embeddable":true,"href":"https:\/\/eggtraymachine.org\/sw\/wp-json\/wp\/v2\/tags?post=277"},{"taxonomy":"product-type","embeddable":true,"href":"https:\/\/eggtraymachine.org\/sw\/wp-json\/wp\/v2\/product-type?post=277"}],"curies":[{"name":"wp","href":"https:\/\/api.w.org\/{rel}","templated":true}]}}