{"id":224,"date":"2022-08-11T02:59:56","date_gmt":"2022-08-11T02:59:56","guid":{"rendered":"https:\/\/eggtraymachine.org\/?post_type=product&#038;p=224"},"modified":"2025-08-14T14:20:27","modified_gmt":"2025-08-14T06:20:27","slug":"egg-tray-carton-hot-pressing-machine","status":"publish","type":"product","link":"https:\/\/eggtraymachine.org\/sw\/product\/egg-tray-carton-hot-pressing-machine\/","title":{"rendered":"Maskini wa kubana katoni za mayai"},"content":{"rendered":"<p class=\"translation-block\">Mashine ya kuzaa tray ya mayai kwa joto ni mashine ya kusawazisha uso wa tray za mayai na trays za mayai, na kwa usindikaji wa kina wa trays za mayai. Inatumika kwa kawaida kwa kuzaa kwa joto baada ya <a href=\"https:\/\/eggtraymachine.org\/sw\/product\/egg-tray-production-line\/\">sanduku la kuunda la mashine ya kuunda tray ya mayai<\/a>, na inaweza kufungashwa baada ya kuzaa kwa joto. <\/p>    <p>Mashine ya kuzaa kwa joto inachukua sekunde 6-10 kuzaa tray ya mayai, ikiwa na ufanisi wa uzalishaji wa juu sana. Hivi sasa, mashine ya kuunda kwa joto imesafirishwa hadi Marekani, Ufaransa, Vietnam, Ufilipino, na maeneo mengine.<\/p>    <h2 class=\"wp-block-heading\">Video ya kazi ya mashine ya moto ya kubana tray za mayai<\/h2>    <figure class=\"wp-block-embed is-type-video is-provider-youtube wp-block-embed-youtube wp-embed-aspect-16-9 wp-has-aspect-ratio\"><div class=\"wp-block-embed__wrapper\"> <iframe loading=\"lazy\" title=\"Avtagbar \u00e4ggbricka varmpress | kan pressa fyra \u00e5t g\u00e5ngen\" width=\"422\" height=\"750\" src=\"https:\/\/www.youtube.com\/embed\/L_EJA79i29Y?feature=oembed\" frameborder=\"0\" allow=\"accelerometer; autoplay; clipboard-write; encrypted-media; gyroscope; picture-in-picture; web-share\" referrerpolicy=\"strict-origin-when-cross-origin\" allowfullscreen><\/iframe> <\/div><\/figure>    <h2 class=\"wp-block-heading\">Ni bidhaa zipi lazima zirekebishwe kwa sura?<\/h2>    <figure class=\"wp-block-gallery has-nested-images columns-default is-cropped wp-block-gallery-2 is-layout-flex wp-block-gallery-is-layout-flex\"> <figure class=\"wp-block-image size-large\"><img loading=\"lazy\" decoding=\"async\" width=\"720\" height=\"540\" data-id=\"469\" src=\"https:\/\/eggtraymachine.org\/wp-content\/uploads\/2023\/03\/egg-tray-making-1.webp\" alt=\"utengenezaji wa tray ya mayai\" class=\"wp-image-469\" title=\"\" srcset=\"https:\/\/eggtraymachine.org\/wp-content\/uploads\/2023\/03\/egg-tray-making-1.webp 720w, https:\/\/eggtraymachine.org\/wp-content\/uploads\/2023\/03\/egg-tray-making-1-300x225.webp 300w\" sizes=\"auto, (max-width: 720px) 100vw, 720px\" \/><figcaption class=\"wp-element-caption\">Utengenezaji wa Tray za Mayai<\/figcaption><\/figure>    <figure class=\"wp-block-image size-large\"><img loading=\"lazy\" decoding=\"async\" width=\"720\" height=\"540\" data-id=\"444\" src=\"https:\/\/eggtraymachine.org\/wp-content\/uploads\/2023\/03\/Waste-paper-processing-for-different-packaging-products.webp\" alt=\"Bearbetning av avfallspapper f\u00f6r olika f\u00f6rpackningsprodukter\" class=\"wp-image-444\" title=\"\" srcset=\"https:\/\/eggtraymachine.org\/wp-content\/uploads\/2023\/03\/Waste-paper-processing-for-different-packaging-products.webp 720w, https:\/\/eggtraymachine.org\/wp-content\/uploads\/2023\/03\/Waste-paper-processing-for-different-packaging-products-300x225.webp 300w\" sizes=\"auto, (max-width: 720px) 100vw, 720px\" \/><figcaption class=\"wp-element-caption\">Bearbetning av avfallspapper f\u00f6r olika f\u00f6rpackningsprodukter<\/figcaption><\/figure> <\/figure>    <p>Mikono ya mayai ya premium na bidhaa nyingine za karatasi zinahitaji mashine za kupasha moto. Ikiwa mahitaji ya muonekano wa mikono ya mayai si ya juu sana, mikono ya mayai inaweza kuachwa, lakini bidhaa nyingine za karatasi zinahitaji kuandaliwa na mashine ya kupasha moto, kama vile masanduku ya mayai, mikono ya matunda, mikono ya divai, na mikono ya vinywaji vya kahawa.<\/p>    <figure class=\"wp-block-gallery has-nested-images columns-default is-cropped wp-block-gallery-3 is-layout-flex wp-block-gallery-is-layout-flex\"> <figure class=\"wp-block-image size-large\"><img loading=\"lazy\" decoding=\"async\" width=\"720\" height=\"540\" data-id=\"387\" src=\"https:\/\/eggtraymachine.org\/wp-content\/uploads\/2022\/11\/Paper-wine-tray-making-machine-1.jpg\" alt=\"vinsfat\" class=\"wp-image-387\" title=\"\" srcset=\"https:\/\/eggtraymachine.org\/wp-content\/uploads\/2022\/11\/Paper-wine-tray-making-machine-1.jpg 720w, https:\/\/eggtraymachine.org\/wp-content\/uploads\/2022\/11\/Paper-wine-tray-making-machine-1-300x225.jpg 300w\" sizes=\"auto, (max-width: 720px) 100vw, 720px\" \/><figcaption class=\"wp-element-caption\">Vinbricka<\/figcaption><\/figure>    <figure class=\"wp-block-image size-large\"><img loading=\"lazy\" decoding=\"async\" width=\"720\" height=\"540\" data-id=\"386\" src=\"https:\/\/eggtraymachine.org\/wp-content\/uploads\/2022\/11\/Paper-wine-tray.jpg\" alt=\"Maskin f\u00f6r tillverkning av pappersvinklar\" class=\"wp-image-386\" title=\"\" srcset=\"https:\/\/eggtraymachine.org\/wp-content\/uploads\/2022\/11\/Paper-wine-tray.jpg 720w, https:\/\/eggtraymachine.org\/wp-content\/uploads\/2022\/11\/Paper-wine-tray-300x225.jpg 300w\" sizes=\"auto, (max-width: 720px) 100vw, 720px\" \/><figcaption class=\"wp-element-caption\">Mashine ya kutengeneza tray ya divai ya karatasi<\/figcaption><\/figure> <\/figure>    <h2 class=\"wp-block-heading\">Kazi ya mashine ya kubana tray za mayai<\/h2>    <figure class=\"wp-block-gallery aligncenter has-nested-images columns-default is-cropped wp-block-gallery-4 is-layout-flex wp-block-gallery-is-layout-flex\"> <figure class=\"wp-block-image size-full\"><img loading=\"lazy\" decoding=\"async\" width=\"720\" height=\"540\" data-id=\"230\" src=\"https:\/\/eggtraymachine.org\/wp-content\/uploads\/2022\/08\/egg-tray-pressing-machine-function.webp\" alt=\"Funktion av pressmaskin f\u00f6r \u00e4ggbrickor\" class=\"wp-image-230\" title=\"\" srcset=\"https:\/\/eggtraymachine.org\/wp-content\/uploads\/2022\/08\/egg-tray-pressing-machine-function.webp 720w, https:\/\/eggtraymachine.org\/wp-content\/uploads\/2022\/08\/egg-tray-pressing-machine-function-300x225.webp 300w\" sizes=\"auto, (max-width: 720px) 100vw, 720px\" \/><figcaption class=\"wp-element-caption\">Funktion av \u00e4ggbricka hetpressningsmaskin<\/figcaption><\/figure>    <figure class=\"wp-block-image size-full\"><img loading=\"lazy\" decoding=\"async\" width=\"720\" height=\"540\" data-id=\"388\" src=\"https:\/\/eggtraymachine.org\/wp-content\/uploads\/2022\/11\/wine-tray.jpg\" alt=\"vinsfat\" class=\"wp-image-388\" title=\"\" srcset=\"https:\/\/eggtraymachine.org\/wp-content\/uploads\/2022\/11\/wine-tray.jpg 720w, https:\/\/eggtraymachine.org\/wp-content\/uploads\/2022\/11\/wine-tray-300x225.jpg 300w\" sizes=\"auto, (max-width: 720px) 100vw, 720px\" \/><figcaption class=\"wp-element-caption\">Vinbricka<\/figcaption><\/figure> <\/figure>    <p class=\"translation-block\"><a href=\"https:\/\/en.wikipedia.org\/wiki\/Hot_Press\" data-type=\"URL\" data-id=\"https:\/\/en.wikipedia.org\/wiki\/Hot_Press\" target=\"_blank\" rel=\"noopener\">Kuinua kwa joto<\/a> inatumika kwa kurekebisha umbo baada ya tray ya mayai kuundwa, ambayo inaweza kufanya uso wa tray ya mayai au tray ya karatasi kuwa laini zaidi. Baada ya kutumia mashine ya kuunda kwa joto, carton ya mayai itakuwa nzuri zaidi, ambayo inaweza kuongeza bei ya carton ya mayai na kuleta faida kubwa.<\/p>    <h2 class=\"wp-block-heading\">Jinsi ya kutumia mashine ya moto ya kubana tray za mayai?<\/h2>    <p>Mashine ya kuzaa carton ya mayai kwa joto ni mashine ya nusu-automatique inayohitaji kuendeshwa kwa mikono. Kwa kuzaa mashine, uso wa carton ya mayai na tray ya mayai ni sawa zaidi. Joto linaweza kubadilishwa kati ya nyuzi 150-200 Celsius kulingana na mahitaji halisi. <\/p>    <p>Ina matumizi mengi, ambayo inaweza kutumika kuzaa carton za mayai, trays za divai, trays za matunda, na trays nyingine za karatasi. Wakati unaohitajika kuzaa tray ya mayai ni sekunde 6-10. Ufanisi wa uzalishaji ni wa juu sana.<\/p>    <figure class=\"wp-block-gallery aligncenter has-nested-images columns-default is-cropped wp-block-gallery-5 is-layout-flex wp-block-gallery-is-layout-flex\"> <figure class=\"wp-block-image size-large\"><img loading=\"lazy\" decoding=\"async\" width=\"540\" height=\"720\" data-id=\"733\" src=\"https:\/\/eggtraymachine.org\/wp-content\/uploads\/2025\/08\/egg-carton-hot-press-machine.webp\" alt=\"mashine ya kuzaa carton ya mayai kwa joto\" class=\"wp-image-733\" title=\"\" srcset=\"https:\/\/eggtraymachine.org\/wp-content\/uploads\/2025\/08\/egg-carton-hot-press-machine.webp 540w, https:\/\/eggtraymachine.org\/wp-content\/uploads\/2025\/08\/egg-carton-hot-press-machine-225x300.webp 225w, https:\/\/eggtraymachine.org\/wp-content\/uploads\/2025\/08\/egg-carton-hot-press-machine-9x12.webp 9w\" sizes=\"auto, (max-width: 540px) 100vw, 540px\" \/><figcaption class=\"wp-element-caption\">Mashine ya Kuzaa Carton ya Mayai kwa Joto<\/figcaption><\/figure>    <figure class=\"wp-block-image size-large\"><img loading=\"lazy\" decoding=\"async\" width=\"720\" height=\"540\" data-id=\"739\" src=\"https:\/\/eggtraymachine.org\/wp-content\/uploads\/2025\/08\/hot-pressing-disk.webp\" alt=\"mashine yenye masanduku machache juu yake\" class=\"wp-image-739\" title=\"\" srcset=\"https:\/\/eggtraymachine.org\/wp-content\/uploads\/2025\/08\/hot-pressing-disk.webp 720w, https:\/\/eggtraymachine.org\/wp-content\/uploads\/2025\/08\/hot-pressing-disk-300x225.webp 300w, https:\/\/eggtraymachine.org\/wp-content\/uploads\/2025\/08\/hot-pressing-disk-16x12.webp 16w\" sizes=\"auto, (max-width: 720px) 100vw, 720px\" \/><figcaption class=\"wp-element-caption\">Disku ya Kuzaa kwa Joto<\/figcaption><\/figure> <\/figure>    <h2 class=\"wp-block-heading\">Jinsi mashine ya moto ya kubana masanduku ya mayai inavyofanya kazi<\/h2>    <figure class=\"wp-block-gallery has-nested-images columns-default is-cropped wp-block-gallery-6 is-layout-flex wp-block-gallery-is-layout-flex\"> <figure class=\"wp-block-image size-full\"><img loading=\"lazy\" decoding=\"async\" width=\"540\" height=\"720\" data-id=\"738\" src=\"https:\/\/eggtraymachine.org\/wp-content\/uploads\/2025\/08\/hot-press-machine.webp\" alt=\"mashine ya kupasha moto\" class=\"wp-image-738\" title=\"\" srcset=\"https:\/\/eggtraymachine.org\/wp-content\/uploads\/2025\/08\/hot-press-machine.webp 540w, https:\/\/eggtraymachine.org\/wp-content\/uploads\/2025\/08\/hot-press-machine-225x300.webp 225w, https:\/\/eggtraymachine.org\/wp-content\/uploads\/2025\/08\/hot-press-machine-9x12.webp 9w\" sizes=\"auto, (max-width: 540px) 100vw, 540px\" \/><figcaption class=\"wp-element-caption\">Mashine ya Kuzaa kwa Joto<\/figcaption><\/figure>    <figure class=\"wp-block-image size-full\"><img loading=\"lazy\" decoding=\"async\" width=\"540\" height=\"720\" data-id=\"734\" src=\"https:\/\/eggtraymachine.org\/wp-content\/uploads\/2025\/08\/egg-carton-hot-press.webp\" alt=\"kuzaa carton ya mayai kwa joto\" class=\"wp-image-734\" title=\"\" srcset=\"https:\/\/eggtraymachine.org\/wp-content\/uploads\/2025\/08\/egg-carton-hot-press.webp 540w, https:\/\/eggtraymachine.org\/wp-content\/uploads\/2025\/08\/egg-carton-hot-press-225x300.webp 225w, https:\/\/eggtraymachine.org\/wp-content\/uploads\/2025\/08\/egg-carton-hot-press-9x12.webp 9w\" sizes=\"auto, (max-width: 540px) 100vw, 540px\" \/><figcaption class=\"wp-element-caption\">Kuzaa Carton ya Mayai kwa Joto<\/figcaption><\/figure>    <figure class=\"wp-block-image size-full\"><img loading=\"lazy\" decoding=\"async\" width=\"540\" height=\"720\" data-id=\"736\" src=\"https:\/\/eggtraymachine.org\/wp-content\/uploads\/2025\/08\/egg-tray-hot-press.webp\" alt=\"hettrays varmpress\" class=\"wp-image-736\" title=\"\" srcset=\"https:\/\/eggtraymachine.org\/wp-content\/uploads\/2025\/08\/egg-tray-hot-press.webp 540w, https:\/\/eggtraymachine.org\/wp-content\/uploads\/2025\/08\/egg-tray-hot-press-225x300.webp 225w, https:\/\/eggtraymachine.org\/wp-content\/uploads\/2025\/08\/egg-tray-hot-press-9x12.webp 9w\" sizes=\"auto, (max-width: 540px) 100vw, 540px\" \/><figcaption class=\"wp-element-caption\">Kuzaa Tray ya Mayai kwa Joto<\/figcaption><\/figure> <\/figure>    <p>Kuzaa tray ya mayai kwa joto inaundwa kwa joto la juu. Wakati uso wa carton ya mayai unakabiliwa na joto la juu, folds kwenye uso zitapanuka, kama vile kupiga nguo nyumbani, ambayo inatumia kanuni sawa ya kazi. Joto la mashine ya kuzaa tray ya mayai pia linaweza kubadilishwa, ambayo ni rahisi na ya kutosha.<\/p>    <h2 class=\"wp-block-heading\">Strukturen av den heta pressformningsmaskinen<\/h2>    <p>Komponenterna centrala i maskinen f\u00f6r varmpressning av \u00e4ggkartonger inkluderar motorn, v\u00e4xeln, motorn, lagret, v\u00e4xell\u00e5dan, etc. Huvudkomponenten \u00e4r motorn. Formen f\u00f6r varmpressen av \u00e4ggkartongen kan bytas ut, och olika formar beh\u00f6ver bytas ut f\u00f6r att bearbeta olika pappersbrickor.<\/p>    <figure class=\"wp-block-gallery has-nested-images columns-default is-cropped wp-block-gallery-7 is-layout-flex wp-block-gallery-is-layout-flex\"> <figure class=\"wp-block-image size-large\"><img loading=\"lazy\" decoding=\"async\" width=\"720\" height=\"540\" data-id=\"739\" src=\"https:\/\/eggtraymachine.org\/wp-content\/uploads\/2025\/08\/hot-pressing-disk.webp\" alt=\"mashine yenye masanduku machache juu yake\" class=\"wp-image-739\" title=\"\" srcset=\"https:\/\/eggtraymachine.org\/wp-content\/uploads\/2025\/08\/hot-pressing-disk.webp 720w, https:\/\/eggtraymachine.org\/wp-content\/uploads\/2025\/08\/hot-pressing-disk-300x225.webp 300w, https:\/\/eggtraymachine.org\/wp-content\/uploads\/2025\/08\/hot-pressing-disk-16x12.webp 16w\" sizes=\"auto, (max-width: 720px) 100vw, 720px\" \/><figcaption class=\"wp-element-caption\">Disku ya Kuzaa kwa Joto<\/figcaption><\/figure>    <figure class=\"wp-block-image size-large\"><img loading=\"lazy\" decoding=\"async\" width=\"720\" height=\"540\" data-id=\"741\" src=\"https:\/\/eggtraymachine.org\/wp-content\/uploads\/2025\/08\/the-mold.webp\" alt=\"ukungu\" class=\"wp-image-741\" title=\"\" srcset=\"https:\/\/eggtraymachine.org\/wp-content\/uploads\/2025\/08\/the-mold.webp 720w, https:\/\/eggtraymachine.org\/wp-content\/uploads\/2025\/08\/the-mold-300x225.webp 300w, https:\/\/eggtraymachine.org\/wp-content\/uploads\/2025\/08\/the-mold-16x12.webp 16w\" sizes=\"auto, (max-width: 720px) 100vw, 720px\" \/><figcaption class=\"wp-element-caption\">Mold<\/figcaption><\/figure>    <figure class=\"wp-block-image size-full\"><img loading=\"lazy\" decoding=\"async\" width=\"720\" height=\"540\" data-id=\"758\" src=\"https:\/\/eggtraymachine.org\/wp-content\/uploads\/2022\/08\/hot-press-control.webp\" alt=\"udhibiti wa moto\" class=\"wp-image-758\" title=\"\" srcset=\"https:\/\/eggtraymachine.org\/wp-content\/uploads\/2022\/08\/hot-press-control.webp 720w, https:\/\/eggtraymachine.org\/wp-content\/uploads\/2022\/08\/hot-press-control-300x225.webp 300w, https:\/\/eggtraymachine.org\/wp-content\/uploads\/2022\/08\/hot-press-control-16x12.webp 16w\" sizes=\"auto, (max-width: 720px) 100vw, 720px\" \/><figcaption class=\"wp-element-caption\">Udhibiti wa Kuzaa kwa Joto<\/figcaption><\/figure> <\/figure>    <h2 class=\"wp-block-heading\">Faida za mashine ya kuzaa tray ya mayai<\/h2>    <figure class=\"wp-block-gallery has-nested-images columns-default is-cropped wp-block-gallery-8 is-layout-flex wp-block-gallery-is-layout-flex\"> <figure class=\"wp-block-image size-large\"><img loading=\"lazy\" decoding=\"async\" width=\"720\" height=\"540\" data-id=\"234\" src=\"https:\/\/eggtraymachine.org\/wp-content\/uploads\/2022\/08\/egg-tray-pressing-machine.webp\" alt=\"\" class=\"wp-image-234\" title=\"\" srcset=\"https:\/\/eggtraymachine.org\/wp-content\/uploads\/2022\/08\/egg-tray-pressing-machine.webp 720w, https:\/\/eggtraymachine.org\/wp-content\/uploads\/2022\/08\/egg-tray-pressing-machine-300x225.webp 300w\" sizes=\"auto, (max-width: 720px) 100vw, 720px\" \/><figcaption class=\"wp-element-caption\">Mashine ya Kubana Katoni za Mayai<\/figcaption><\/figure>    <figure class=\"wp-block-image size-large\"><img loading=\"lazy\" decoding=\"async\" width=\"720\" height=\"540\" data-id=\"235\" src=\"https:\/\/eggtraymachine.org\/wp-content\/uploads\/2022\/08\/friut-tray.webp\" alt=\"\" class=\"wp-image-235\" title=\"\" srcset=\"https:\/\/eggtraymachine.org\/wp-content\/uploads\/2022\/08\/friut-tray.webp 720w, https:\/\/eggtraymachine.org\/wp-content\/uploads\/2022\/08\/friut-tray-300x225.webp 300w\" sizes=\"auto, (max-width: 720px) 100vw, 720px\" \/><figcaption class=\"wp-element-caption\">\u00c4ggkartong varmpressning <\/figcaption><\/figure> <\/figure>    <ul class=\"wp-block-list\"> <li>Uendeshaji rahisi, mtu mmoja anaweza kukamilisha kazi ya kuzaa tray ya mayai.<\/li>    <li>Maskinen \u00e4r utrustad med en r\u00e4knare, vilket g\u00f6r den l\u00e4tt att anv\u00e4nda.<\/li>    <li>Ikiwa na kifaa cha usalama cha infrared.<\/li>    <li>Ikiwa na kazi za kupuliza mold ya juu na chini.<\/li> <\/ul>    <h2 class=\"wp-block-heading\" id=\"h-parameters-of-hot-press-forming-machine\">Vigezo vya mashine ya kuunda kwa joto<\/h2>    <figure class=\"wp-block-table\"><table><tbody><tr><td>Namn<\/td><td>maskini wa kubonyeza moto wa tray ya mayai kwa ajili ya kurekebisha umbo<\/td><\/tr><tr><td>Vipimo<\/td><td>1200*800*1800mm<\/td><\/tr><tr><td>Shinikizo la kazi<\/td><td>Tani 15<\/td><\/tr><tr><td>Kraft<\/td><td>6.5kw<\/td><\/tr><tr><td>Joto la kazi<\/td><td>160~200\u2103 <\/td><\/tr><tr><td>Muda wa mzunguko wa kazi<\/td><td>sekunde 6-10<\/td><\/tr><tr><td>Hewa iliyoshinikizwa inahitajika<\/td><td>0.5~0.6mpa, 1m\u00b3\/min<\/td><\/tr><tr><td>Udhibiti<\/td><td>Udhibiti wa PLC<\/td><\/tr><\/tbody><\/table><\/figure>    <figure class=\"wp-block-gallery has-nested-images columns-default is-cropped wp-block-gallery-9 is-layout-flex wp-block-gallery-is-layout-flex\"> <figure class=\"wp-block-image size-large\"><img loading=\"lazy\" decoding=\"async\" width=\"720\" height=\"540\" data-id=\"740\" src=\"https:\/\/eggtraymachine.org\/wp-content\/uploads\/2025\/08\/large-hot-press-machine.webp\" alt=\"mashine kubwa ya moto\" class=\"wp-image-740\" title=\"\" srcset=\"https:\/\/eggtraymachine.org\/wp-content\/uploads\/2025\/08\/large-hot-press-machine.webp 720w, https:\/\/eggtraymachine.org\/wp-content\/uploads\/2025\/08\/large-hot-press-machine-300x225.webp 300w, https:\/\/eggtraymachine.org\/wp-content\/uploads\/2025\/08\/large-hot-press-machine-16x12.webp 16w\" sizes=\"auto, (max-width: 720px) 100vw, 720px\" \/><figcaption class=\"wp-element-caption\">Mashine Kubwa ya Kuzaa kwa Joto<\/figcaption><\/figure>    <figure class=\"wp-block-image size-large\"><img loading=\"lazy\" decoding=\"async\" width=\"720\" height=\"540\" data-id=\"735\" src=\"https:\/\/eggtraymachine.org\/wp-content\/uploads\/2025\/08\/egg-tray-hot-press-factory.webp\" alt=\"kiwanda cha moto cha katoni ya yai\" class=\"wp-image-735\" title=\"\" srcset=\"https:\/\/eggtraymachine.org\/wp-content\/uploads\/2025\/08\/egg-tray-hot-press-factory.webp 720w, https:\/\/eggtraymachine.org\/wp-content\/uploads\/2025\/08\/egg-tray-hot-press-factory-300x225.webp 300w, https:\/\/eggtraymachine.org\/wp-content\/uploads\/2025\/08\/egg-tray-hot-press-factory-16x12.webp 16w\" sizes=\"auto, (max-width: 720px) 100vw, 720px\" \/><figcaption class=\"wp-element-caption\">Kiwanda cha Kuzaa Tray ya Mayai kwa Joto<\/figcaption><\/figure> <\/figure>    <h2 class=\"wp-block-heading\">Maswali Yanayoulizwa Mara kwa Mara<\/h2>   <div id=\"rank-math-faq\" class=\"rank-math-block\"> <div class=\"rank-math-list\"> <div id=\"faq-question-1755141787350\" class=\"rank-math-list-item\"> <h3 class=\"rank-math-question\">Je! kazi ya mashine ya kupasha joto tray ya mayai ni nini?<\/h3> <div class=\"rank-math-answer\">  <p>Den anv\u00e4nds f\u00f6r att pressa formpressad cellulosaprtr\u00e5g av skum vid h\u00f6ga temperaturer s\u00e5 att de blir mjukare, h\u00e5rdare och mer vattenbest\u00e4ndiga, vilket f\u00f6rb\u00e4ttrar utseende och h\u00e5llbarhet.<\/p>  <\/div> <\/div> <div id=\"faq-question-1755141923887\" class=\"rank-math-list-item\"> <h3 class=\"rank-math-question\">Kan maskinen anv\u00e4ndas f\u00f6r andra brickor \u00e4n \u00e4ggbrickor?<\/h3> <div class=\"rank-math-answer\">  <p>Ja, genom att byta form kan det anv\u00e4ndas f\u00f6r fruktbrickor, flaskbrickor, dryckesh\u00e5llare och andra formpressade massa produkter.<\/p>  <\/div> <\/div> <div id=\"faq-question-1755141959328\" class=\"rank-math-list-item\"> <h3 class=\"rank-math-question\">Does hot pressing increase tray strength?<\/h3> <div class=\"rank-math-answer\">  <p>Ndio, inashinikiza muundo wa nyuzi, kuboresha nguvu za mitambo, kuzuia maji, na upinzani wa mabadiliko.<\/p>  <\/div> <\/div> <div id=\"faq-question-1755142031199\" class=\"rank-math-list-item\"> <h3 class=\"rank-math-question\">Czy mog\u0119 dostosowa\u0107 kszta\u0142t formy i logo?<\/h3> <div class=\"rank-math-answer\">  <p>Ndiyo, tunaweza kutengeneza moldi na umbizo la tray unalotaka, ukubwa wa seli, na nembo iliyo chokewa.<\/p>  <\/div> <\/div> <div id=\"faq-question-1755141708912\" class=\"rank-math-list-item\"> <h3 class=\"rank-math-question\">Beh\u00f6ver min \u00e4ggtraysproduktionslinje vara utrustad med en hetpressmaskin?<\/h3> <div class=\"rank-math-answer\">  <p>Tidak selalu. Mesin press panas adalah peralatan opsional. Namun, baki telur yang telah dipanaskan terlihat lebih baik dan bisa memeroleh harga yang lebih tinggi.<\/p>  <\/div> <\/div> <\/div> <\/div>   <h2 class=\"wp-block-heading\">Kontakta oss!<\/h2>    <p>Ikiwa ungependa kujifunza zaidi kuhusu mashine za kuzaa tray za mayai kwa joto, video, au nukuu, tafadhali jisikie huru kuwasiliana nasi.<\/p>","protected":false},"excerpt":{"rendered":"<p>Mashine ya kupasha joto tray za mayai ni mashine ya kusafisha uso wa tray za mayai na tray za mayai, na kwa ajili ya usindikaji wa kina wa tray za mayai. <\/p>","protected":false},"author":1,"featured_media":228,"parent":0,"template":"","tags":[19,22],"product-type":[4,20],"class_list":["post-224","product","type-product","status-publish","has-post-thumbnail","hentry","tag-egg-tray-hot-pressing-machine","tag-egg-tray-packing-machine","product-type-product","product-type-egg-tray-pressing-machine"],"_links":{"self":[{"href":"https:\/\/eggtraymachine.org\/sw\/wp-json\/wp\/v2\/product\/224","targetHints":{"allow":["GET"]}}],"collection":[{"href":"https:\/\/eggtraymachine.org\/sw\/wp-json\/wp\/v2\/product"}],"about":[{"href":"https:\/\/eggtraymachine.org\/sw\/wp-json\/wp\/v2\/types\/product"}],"author":[{"embeddable":true,"href":"https:\/\/eggtraymachine.org\/sw\/wp-json\/wp\/v2\/users\/1"}],"wp:featuredmedia":[{"embeddable":true,"href":"https:\/\/eggtraymachine.org\/sw\/wp-json\/wp\/v2\/media\/228"}],"wp:attachment":[{"href":"https:\/\/eggtraymachine.org\/sw\/wp-json\/wp\/v2\/media?parent=224"}],"wp:term":[{"taxonomy":"post_tag","embeddable":true,"href":"https:\/\/eggtraymachine.org\/sw\/wp-json\/wp\/v2\/tags?post=224"},{"taxonomy":"product-type","embeddable":true,"href":"https:\/\/eggtraymachine.org\/sw\/wp-json\/wp\/v2\/product-type?post=224"}],"curies":[{"name":"wp","href":"https:\/\/api.w.org\/{rel}","templated":true}]}}