{"id":157,"date":"2022-08-09T02:16:34","date_gmt":"2022-08-09T02:16:34","guid":{"rendered":"https:\/\/eggtraymachine.org\/?post_type=product&#038;p=157"},"modified":"2024-06-19T10:57:33","modified_gmt":"2024-06-19T02:57:33","slug":"paper-egg-tray-dryer-egg-tray-drying-machine","status":"publish","type":"product","link":"https:\/\/eggtraymachine.org\/sw\/product\/paper-egg-tray-dryer-egg-tray-drying-machine\/","title":{"rendered":"Torkare f\u00f6r pappers\u00e4ggtr\u00e5g | maskin f\u00f6r torkning av \u00e4ggtr\u00e5g"},"content":{"rendered":"<p>Mashine ya kukausha tray za mayai ya karatasi ni kifaa muhimu kwa ajili ya kukausha tray za mayai baada ya kuundwa. Kwa kuwa tray za mayai zinatengenezwa kwa kupuliza, tray za mayai zitakuwa na maji mengi baada ya kuundwa. Hivyo basi, mashine ya kukausha tray za mayai inahitajika kwa ajili ya kukausha. Vifaa vyetu vya kukausha tray za mayai vinaweza kukausha kundi la tray za mayai ndani ya dakika 30. Mashine ya kukausha tray za mayai ya chuma pia inaathari fulani kwenye ubora wa tray za mayai. <\/p>    <figure class=\"wp-block-image size-full\"><img loading=\"lazy\" decoding=\"async\" width=\"720\" height=\"540\" src=\"https:\/\/eggtraymachine.org\/wp-content\/uploads\/2022\/08\/Undried-egg-tray.webp\" alt=\"bricka f\u00f6r \u00e4gg som inte torkats\" class=\"wp-image-160\" title=\"\" srcset=\"https:\/\/eggtraymachine.org\/wp-content\/uploads\/2022\/08\/Undried-egg-tray.webp 720w, https:\/\/eggtraymachine.org\/wp-content\/uploads\/2022\/08\/Undried-egg-tray-300x225.webp 300w\" sizes=\"auto, (max-width: 720px) 100vw, 720px\" \/><figcaption class=\"wp-element-caption\">Banda ya mayai isiyokauka<\/figcaption><\/figure>    <h2 class=\"wp-block-heading\">Faida za kavu ya karatasi ya mayai<\/h2>    <ul class=\"wp-block-list\"> <li>30% mindre br\u00e4nsle \u00e4n ett tegelhus.<\/li>    <li>Temperaturen \u00e4r kontrollerbar f\u00f6r att s\u00e4kerst\u00e4lla kvaliteten p\u00e5 \u00e4ggplattorna i torktumlaren, och \u00e4ggplattorna blir gelatinerade eftersom de \u00e4r f\u00f6r h\u00f6ga.<\/li>    <li>Maskinen f\u00f6r \u00e4ggplattor med flera lager upptar en liten yta och sparar utrymme.<\/li>    <li>Papperstork f\u00f6r \u00e4ggplattor \u00e4r helt automatisk produktion, vilket sparar arbetare.<\/li> <\/ul>    <figure class=\"wp-block-image size-full\"><img loading=\"lazy\" decoding=\"async\" width=\"720\" height=\"540\" src=\"https:\/\/eggtraymachine.org\/wp-content\/uploads\/2022\/08\/Use-the-egg-tray-after-drying.webp\" alt=\"Tumia tray ya mayai baada ya kukausha\" class=\"wp-image-165\" title=\"\" srcset=\"https:\/\/eggtraymachine.org\/wp-content\/uploads\/2022\/08\/Use-the-egg-tray-after-drying.webp 720w, https:\/\/eggtraymachine.org\/wp-content\/uploads\/2022\/08\/Use-the-egg-tray-after-drying-300x225.webp 300w\" sizes=\"auto, (max-width: 720px) 100vw, 720px\" \/><figcaption class=\"wp-element-caption\">Tumia tray ya mayai baada ya kukausha<\/figcaption><\/figure>    <h2 class=\"wp-block-heading\">Parameta za kavu ya mayai<\/h2>    <figure class=\"wp-block-table\"><table><tbody><tr><td>form<\/td><td>utg\u00e5ng<\/td><td>konsumtion av papper<\/td><td>konsumtion av vatten<\/td><td>energi som anv\u00e4nds<\/td><td>nummer av arbetare<\/td><\/tr><tr><td>SL-4*4<\/td><td>3500st\/h<\/td><td>280kg\/h<\/td><td>560kg\/h<\/td><td>78 kg\/h<\/td><td>4-5<\/td><\/tr><tr><td>SL-4*8<\/td><td>4000st\/h<\/td><td>320kg\/h<\/td><td>600kg\/h<\/td><td>80kg\/h<\/td><td>5-6<\/td><\/tr><tr><td>SL-5*8<\/td><td>5000styck\/h<\/td><td>400kg\/h<\/td><td>750kg\/h<\/td><td>85kg\/h<\/td><td>3-4<\/td><\/tr><tr><td>SL-5*12<\/td><td>6000pcs\/h<\/td><td>480kg\/h<\/td><td>900kg\/h<\/td><td>90kg\/h<\/td><td>3-4<\/td><\/tr><tr><td>SL-6*12<\/td><td>8000pcs\/h<\/td><td>640kg\/h<\/td><td>1040kg\/h<\/td><td>100kg\/h<\/td><td>3-4<\/td><\/tr><\/tbody><\/table><figcaption class=\"wp-element-caption\">Parameta za kavu ya mayai<\/figcaption><\/figure>    <p>Katika Mashine za Tray za Mayai za Shuliy, tuna mashine 5 za kuoka tray za mayai zinazouzwa kwa haraka. Uzalishaji wa mifano hii mitano ya mashine ni 3500pcs\/h, 4000pcs\/h, 5000pcs\/h, na 8000pcs\/h. Unaweza kuchagua vifaa sahihi vya kuoka kulingana na ukubwa wa kiwanda chako cha uzalishaji wa tray za mayai.<\/p>    <h2 class=\"wp-block-heading\" id=\"h-introduction-of-egg-tray-drying-method\">Utangulizi wa mbinu ya kukausha mayai<\/h2>    <h3 class=\"wp-block-heading\">Maskin f\u00f6r torkning av \u00e4ggkartonger <\/h3>    <figure class=\"wp-block-image size-full\"><img loading=\"lazy\" decoding=\"async\" width=\"720\" height=\"540\" src=\"https:\/\/eggtraymachine.org\/wp-content\/uploads\/2022\/08\/Paper-egg-tray-drying.webp\" alt=\"Torkning av papper\u00e4ggkartong\" class=\"wp-image-163\" title=\"\" srcset=\"https:\/\/eggtraymachine.org\/wp-content\/uploads\/2022\/08\/Paper-egg-tray-drying.webp 720w, https:\/\/eggtraymachine.org\/wp-content\/uploads\/2022\/08\/Paper-egg-tray-drying-300x225.webp 300w\" sizes=\"auto, (max-width: 720px) 100vw, 720px\" \/><figcaption class=\"wp-element-caption\">Torka f\u00f6r pappers\u00e4ggsbrickor<\/figcaption><\/figure>    <p class=\"translation-block\">Mashine ya kukausha tray za mayai inafaa kwa <a href=\"https:\/\/eggtraymachine.org\/sw\/product\/egg-carton-production-line\/\">mchakato wa uzalishaji wa tray za mayai<\/a> wenye uzalishaji mkubwa. Dryer ya tray za mayai inahitaji takriban dakika 30 kukausha kundi la tray za mayai, na ufanisi wake ni wa juu. Aidha, dryer ya chuma inaweza kuokoa 30% ikilinganishwa na dryer ya tanuru ya matofali.<\/p>    <h3 class=\"wp-block-heading\">T drying ya asili<\/h3>    <figure class=\"wp-block-image size-full\"><img loading=\"lazy\" decoding=\"async\" width=\"720\" height=\"540\" src=\"https:\/\/eggtraymachine.org\/wp-content\/uploads\/2022\/08\/Natural-drying-egg-try.webp\" alt=\"Naturlig torkning av \u00e4ggkartong\" class=\"wp-image-161\" title=\"\" srcset=\"https:\/\/eggtraymachine.org\/wp-content\/uploads\/2022\/08\/Natural-drying-egg-try.webp 720w, https:\/\/eggtraymachine.org\/wp-content\/uploads\/2022\/08\/Natural-drying-egg-try-300x225.webp 300w\" sizes=\"auto, (max-width: 720px) 100vw, 720px\" \/><figcaption class=\"wp-element-caption\">T drying ya asili ya mayai<\/figcaption><\/figure>    <p>Kukausha kwa asili ni njia rahisi zaidi ya kukausha tray za mayai. Kwa ujumla, ikiwa pato ni 1000-2000pcs\/h, kukausha kwa asili kunaweza kutumika. Wakati joto linapofikia 30-40 digrii Celsius, inaweza kukauka ndani ya siku moja.<\/p>    <h3 class=\"wp-block-heading\">Kukausha katika tanuru la matofali<\/h3>    <figure class=\"wp-block-image size-full\"><img loading=\"lazy\" decoding=\"async\" width=\"720\" height=\"540\" src=\"https:\/\/eggtraymachine.org\/wp-content\/uploads\/2022\/08\/Brick-kiln-dried-egg-tray.webp\" alt=\"Torkad \u00e4ggkartong i tegelugn\" class=\"wp-image-162\" title=\"\" srcset=\"https:\/\/eggtraymachine.org\/wp-content\/uploads\/2022\/08\/Brick-kiln-dried-egg-tray.webp 720w, https:\/\/eggtraymachine.org\/wp-content\/uploads\/2022\/08\/Brick-kiln-dried-egg-tray-300x225.webp 300w\" sizes=\"auto, (max-width: 720px) 100vw, 720px\" \/><figcaption class=\"wp-element-caption\">Tray ya mayai iliyokaushwa kwa tanuru ya matofali<\/figcaption><\/figure>    <p class=\"translation-block\">Wakati wa kukausha <a href=\"https:\/\/en.wikipedia.org\/wiki\/Brick_Kiln\" data-type=\"URL\" data-id=\"https:\/\/en.wikipedia.org\/wiki\/Brick_Kiln\" target=\"_blank\" rel=\"noopener\">tanuru ya matofali<\/a>, jenga tanuru ya matofali kwa ajili ya kukausha. Ufanisi wa kukausha kwa tanuru ya matofali ni mkubwa zaidi kuliko ule wa kukausha kwa asili. Eneo la tovuti la kukausha kwa tanuru ya matofali ni mita za mraba 30, na ufanisi wa kazi wa kukausha kwa tanuru ya matofali ni wa juu, ambao unafaa kwa uzalishaji wa kati.<\/p>    <h3 class=\"wp-block-heading\">V\u00e4rmek\u00e4llan f\u00f6r papper\u00e4ggsbricka torkare<\/h3>    <figure class=\"wp-block-image size-full\"><img loading=\"lazy\" decoding=\"async\" width=\"720\" height=\"540\" src=\"https:\/\/eggtraymachine.org\/wp-content\/uploads\/2022\/08\/egg-tray-drying.webp\" alt=\"torkning av \u00e4ggplattor\" class=\"wp-image-166\" title=\"\" srcset=\"https:\/\/eggtraymachine.org\/wp-content\/uploads\/2022\/08\/egg-tray-drying.webp 720w, https:\/\/eggtraymachine.org\/wp-content\/uploads\/2022\/08\/egg-tray-drying-300x225.webp 300w\" sizes=\"auto, (max-width: 720px) 100vw, 720px\" \/><figcaption class=\"wp-element-caption\">Torkning av \u00e4ggplattor<\/figcaption><\/figure>    <p>Mashine ya kukausha tray za mayai inaweza kutumia gesi asilia, dizeli, petroli, pellets za biomasi, au mafuta ya uhamasishaji joto kama chanzo cha joto, na joto la kupasha ni 180-220\u00b0C. Kwa kutumia shabiki kutoa mvuke wa maji kutoka kwa bidhaa, tray za mayai zinaweza kukauka haraka. <\/p>    <p>Ni muhimu sana kuwa na uwezo wa kudhibiti joto katika mashine ya kukausha tray za mayai za karatasi. Kwa kuwa tray ya mayai ni bidhaa ya karatasi, ikiwa joto la ndani la mashine liko juu sana, ni rahisi kuwaka kwa tray ya mayai, na ikiwa liko chini sana, ufanisi wa kukausha tray ya mayai utapungua.<\/p>    <h2 class=\"wp-block-heading\">Torktumlare f\u00f6r \u00e4ggkartonger med ett lager eller flera lager<\/h2>    <figure class=\"wp-block-image size-full\"><img loading=\"lazy\" decoding=\"async\" width=\"720\" height=\"540\" src=\"https:\/\/eggtraymachine.org\/wp-content\/uploads\/2022\/08\/egg-tray-drying-machine-1.webp\" alt=\"Maskin f\u00f6r torkning av \u00e4ggkartonger\" class=\"wp-image-164\" title=\"\" srcset=\"https:\/\/eggtraymachine.org\/wp-content\/uploads\/2022\/08\/egg-tray-drying-machine-1.webp 720w, https:\/\/eggtraymachine.org\/wp-content\/uploads\/2022\/08\/egg-tray-drying-machine-1-300x225.webp 300w\" sizes=\"auto, (max-width: 720px) 100vw, 720px\" \/><figcaption class=\"wp-element-caption\"> Torka f\u00f6r pappers\u00e4ggsbrickor<\/figcaption><\/figure>    <p>Kuna aina mbili za mashine za kukausha tray za mayai, mashine za kukausha tray za mayai za safu moja, na mashine za kukausha katoni za mayai za safu nyingi. Ufanisi wa kazi wa mashine za safu moja na mashine za safu nyingi ni sawa. Eneo la mashine ya kukausha safu moja ni mita 40, na matumizi ya eneo la mashine ya kukausha safu nyingi ni mita 15, ambayo ni muhimu sana kwa wateja wenye maeneo madogo ya kiwanda.<\/p>    <p>Dessutom har torkaren f\u00f6r pappers\u00e4ggtr\u00e5g med flera lager en st\u00f6rre kapacitet, vilket g\u00f6r den l\u00e4mplig f\u00f6r tillverkning av \u00e4ggtr\u00e5g i medel- och storskalig produktion. Om du har en stor fabrik f\u00f6r tillverkning av \u00e4ggtr\u00e5g rekommenderar jag att du v\u00e4ljer denna torkare med flera lager.<\/p>","protected":false},"excerpt":{"rendered":"<p>Torrtork f\u00f6r pappers\u00e4ggtr\u00e5g \u00e4r l\u00e4mplig f\u00f6r \u00e4ggtr\u00e5gproduktionslinje med stor kapacitet. V\u00e5r \u00e4ggtr\u00e5gtork tar cirka 30 minuter att torka en sats \u00e4ggtr\u00e5g.<\/p>","protected":false},"author":1,"featured_media":159,"parent":0,"template":"","tags":[27,28,13],"product-type":[4,15],"class_list":["post-157","product","type-product","status-publish","has-post-thumbnail","hentry","tag-egg-carton-machine","tag-egg-tray","tag-paper-egg-tray-dryer","product-type-product","product-type-egg-tray-dryer"],"_links":{"self":[{"href":"https:\/\/eggtraymachine.org\/sw\/wp-json\/wp\/v2\/product\/157","targetHints":{"allow":["GET"]}}],"collection":[{"href":"https:\/\/eggtraymachine.org\/sw\/wp-json\/wp\/v2\/product"}],"about":[{"href":"https:\/\/eggtraymachine.org\/sw\/wp-json\/wp\/v2\/types\/product"}],"author":[{"embeddable":true,"href":"https:\/\/eggtraymachine.org\/sw\/wp-json\/wp\/v2\/users\/1"}],"wp:featuredmedia":[{"embeddable":true,"href":"https:\/\/eggtraymachine.org\/sw\/wp-json\/wp\/v2\/media\/159"}],"wp:attachment":[{"href":"https:\/\/eggtraymachine.org\/sw\/wp-json\/wp\/v2\/media?parent=157"}],"wp:term":[{"taxonomy":"post_tag","embeddable":true,"href":"https:\/\/eggtraymachine.org\/sw\/wp-json\/wp\/v2\/tags?post=157"},{"taxonomy":"product-type","embeddable":true,"href":"https:\/\/eggtraymachine.org\/sw\/wp-json\/wp\/v2\/product-type?post=157"}],"curies":[{"name":"wp","href":"https:\/\/api.w.org\/{rel}","templated":true}]}}