{"id":2,"date":"2022-08-01T10:18:31","date_gmt":"2022-08-01T10:18:31","guid":{"rendered":"https:\/\/eggtraymachine.org\/?page_id=2"},"modified":"2022-08-12T08:39:14","modified_gmt":"2022-08-12T08:39:14","slug":"about-us","status":"publish","type":"page","link":"https:\/\/eggtraymachine.org\/sw\/about-us\/","title":{"rendered":"Om oss"},"content":{"rendered":"<p>Kampuni ya Shuliy ni mtengenezaji mwenye uzoefu wa miaka 20 katika tray za mayai. Hivi sasa, imeunda kiwango fulani katika tasnia ya tray za mayai. Kiwanda cha Shuliy kimejikita katika uvumbuzi wa mashine za tray za mayai katika miaka ya hivi karibuni, ikitoa huduma bora zaidi kwa watumiaji. Kwa mfano, sasa kuna si tu mashine za uzalishaji wa tray za mayai, bali pia bidhaa za karatasi kama tray za tufaha na tray za divai.<\/p>   <div class=\"wp-block-image\"> <figure class=\"aligncenter size-full\"><img loading=\"lazy\" decoding=\"async\" width=\"877\" height=\"575\" src=\"https:\/\/eggtraymachine.org\/wp-content\/uploads\/2022\/08\/Shuliy-Company.webp\" alt=\"Shuliy F\u00f6retag \" class=\"wp-image-297\" title=\"\" srcset=\"https:\/\/eggtraymachine.org\/wp-content\/uploads\/2022\/08\/Shuliy-Company.webp 877w, https:\/\/eggtraymachine.org\/wp-content\/uploads\/2022\/08\/Shuliy-Company-300x197.webp 300w, https:\/\/eggtraymachine.org\/wp-content\/uploads\/2022\/08\/Shuliy-Company-768x504.webp 768w\" sizes=\"auto, (max-width: 877px) 100vw, 877px\" \/><figcaption>Shuliy F\u00f6retag <\/figcaption><\/figure> <\/div>   <h2 class=\"wp-block-heading\" id=\"h-what-egg-tray-equipment-do-we-have\">Vilken \u00e4ggkartongutrustning har vi?<\/h2>   <div class=\"wp-block-image\"> <figure class=\"aligncenter size-full\"><img loading=\"lazy\" decoding=\"async\" width=\"605\" height=\"424\" src=\"https:\/\/eggtraymachine.org\/wp-content\/uploads\/2022\/08\/egg-tray-equipment.webp\" alt=\"\u00e4ggkartongutrustning\" class=\"wp-image-298\" title=\"\" srcset=\"https:\/\/eggtraymachine.org\/wp-content\/uploads\/2022\/08\/egg-tray-equipment.webp 605w, https:\/\/eggtraymachine.org\/wp-content\/uploads\/2022\/08\/egg-tray-equipment-300x210.webp 300w\" sizes=\"auto, (max-width: 605px) 100vw, 605px\" \/><figcaption>\u00e4ggkartongutrustning<\/figcaption><\/figure> <\/div>   <p>Shuliy kwa sasa ina vifaa kamili vya uzalishaji wa tray za mayai na vifaa vya uzalishaji wa katoni za mayai. Uzalishaji wa tray za mayai unaweza kuwa 1000pc\/h-8000pc\/h. Uzalishaji wa tray za mayai unajumuisha kupuliza tray za mayai, kuunda tray za mayai, kukausha tray za mayai, na uzalishaji wa tray za mayai. Hatua kama vile ufungashaji wa tray, ikiwa unataka kuanzisha kiwanda cha tray za mayai, unahitaji wafanyakazi 4-5 tu kuzalisha tray za mayai.<\/p>    <h2 class=\"wp-block-heading\">Ni hali gani ni nzuri kwako kutengeneza trays za mayai?<\/h2>   <div class=\"wp-block-image\"> <figure class=\"aligncenter size-full\"><img loading=\"lazy\" decoding=\"async\" width=\"600\" height=\"400\" src=\"https:\/\/eggtraymachine.org\/wp-content\/uploads\/2022\/08\/egg-trays.webp\" alt=\"\u00e4ggkartonger\" class=\"wp-image-300\" title=\"\" srcset=\"https:\/\/eggtraymachine.org\/wp-content\/uploads\/2022\/08\/egg-trays.webp 600w, https:\/\/eggtraymachine.org\/wp-content\/uploads\/2022\/08\/egg-trays-300x200.webp 300w\" sizes=\"auto, (max-width: 600px) 100vw, 600px\" \/><figcaption>\u00e4ggkartonger<\/figcaption><\/figure> <\/div>   <ol class=\"wp-block-list\"><li>Om det finns mycket pappersresurser runt omkring. Om det finns mycket avfallspapper p\u00e5 din plats, kan du anv\u00e4nda detta avfallspapper f\u00f6r att \u00e5tervinna och bearbeta \u00e4ggkartonger.<\/li><\/ol>    <p>   2. Om det finns m\u00e5nga kycklingg\u00e5rdar runt omkring. \u00c4ggkartonger s\u00e4ljs huvudsakligen till vissa kycklingg\u00e5rdar, och det finns kycklingfabriker runt omkring dig f\u00f6r att f\u00e5 fasta best\u00e4llningar p\u00e5 \u00e4ggkartonger.<\/p>    <p>   3. Om regeringen begr\u00e4nsar f\u00f6rorenande industrier. Om ditt land har begr\u00e4nsningar f\u00f6r f\u00f6rorenande industrier och du letar efter ett l\u00e4mpligt projekt, d\u00e5 \u00e4r produktion av \u00e4ggkartonger ett bra val, och det finns ingen milj\u00f6f\u00f6rorening i hela processen f\u00f6r produktion av \u00e4ggkartonger.<\/p>    <h2 class=\"wp-block-heading\">huduma yetu<\/h2>   <div class=\"wp-block-image\"> <figure class=\"aligncenter size-full\"><img loading=\"lazy\" decoding=\"async\" width=\"716\" height=\"833\" src=\"https:\/\/eggtraymachine.org\/wp-content\/uploads\/2022\/08\/Egg-Tray-Certificate.webp\" alt=\"Cheti cha Tray ya Mayai\" class=\"wp-image-301\" title=\"\" srcset=\"https:\/\/eggtraymachine.org\/wp-content\/uploads\/2022\/08\/Egg-Tray-Certificate.webp 716w, https:\/\/eggtraymachine.org\/wp-content\/uploads\/2022\/08\/Egg-Tray-Certificate-258x300.webp 258w\" sizes=\"auto, (max-width: 716px) 100vw, 716px\" \/><figcaption>Cheti cha Tray ya Mayai<\/figcaption><\/figure> <\/div>   <ul class=\"wp-block-list\"><li>Tillhandah\u00e5ll video om produktion av \u00e4ggkartonger. M\u00e5nga kunder \u00e4r inte bekanta med produktionen av \u00e4ggkartonger, vi kan ge detaljerad information f\u00f6r att hj\u00e4lpa till att f\u00f6rst\u00e5 \u00e4ggkartongsindustrin.<\/li><li>Mashine ya tray za mayai kujaribu mashine Baada ya uzalishaji wa mashine ya tray za mayai kukamilika, unaweza kujaribu utendaji wa mashine na kutuma video<\/li><li>Saidia kujenga kiwanda Shuliy ina wabunifu wa kitaalamu wanaweza kutoa michoro ya kubuni ya kiwanda cha trays za mayai<\/li><li>Husa wateja kutengeneza bajeti Kulingana na uzalishaji wa tray ya mayai ya mteja, bajeti ya kuendeleza viwanda vipya inaweza kuhesabiwa, ambayo ni rahisi kwa wateja kupanga biashara zao.<\/li><\/ul>","protected":false},"excerpt":{"rendered":"<p>Shuliy Company is a manufacturer with 20 years of experience in egg trays. At present, it has formed a certain scale in the egg tray industry. Shuliy factory has been committed to the innovation of egg tray machines in recent years, providing more consumers. Better service. For example, now there are not only egg tray [&hellip;]<\/p>\n","protected":false},"author":1,"featured_media":0,"parent":0,"menu_order":0,"comment_status":"closed","ping_status":"open","template":"","meta":{"footnotes":""},"class_list":["post-2","page","type-page","status-publish","hentry"],"_links":{"self":[{"href":"https:\/\/eggtraymachine.org\/sw\/wp-json\/wp\/v2\/pages\/2","targetHints":{"allow":["GET"]}}],"collection":[{"href":"https:\/\/eggtraymachine.org\/sw\/wp-json\/wp\/v2\/pages"}],"about":[{"href":"https:\/\/eggtraymachine.org\/sw\/wp-json\/wp\/v2\/types\/page"}],"author":[{"embeddable":true,"href":"https:\/\/eggtraymachine.org\/sw\/wp-json\/wp\/v2\/users\/1"}],"replies":[{"embeddable":true,"href":"https:\/\/eggtraymachine.org\/sw\/wp-json\/wp\/v2\/comments?post=2"}],"version-history":[{"count":0,"href":"https:\/\/eggtraymachine.org\/sw\/wp-json\/wp\/v2\/pages\/2\/revisions"}],"wp:attachment":[{"href":"https:\/\/eggtraymachine.org\/sw\/wp-json\/wp\/v2\/media?parent=2"}],"curies":[{"name":"wp","href":"https:\/\/api.w.org\/{rel}","templated":true}]}}