{"id":97,"date":"2022-08-03T08:11:44","date_gmt":"2022-08-03T08:11:44","guid":{"rendered":"https:\/\/eggtraymachine.org\/?post_type=product&#038;p=97"},"modified":"2024-06-18T16:46:05","modified_gmt":"2024-06-18T08:46:05","slug":"apple-tray-making-machine","status":"publish","type":"product","link":"https:\/\/eggtraymachine.org\/pt\/product\/apple-tray-making-machine\/","title":{"rendered":"M\u00e1quina para fazer bandejas de ma\u00e7\u00e3 | m\u00e1quina de bandeja de frutas de papel\u00a0"},"content":{"rendered":"<p>A m\u00e1quina para fazer bandejas de ma\u00e7\u00e3 \u00e9 uma m\u00e1quina usada para produzir bandejas para embalagem de frutas, podendo tamb\u00e9m produzir outras bandejas de frutas, como kiwis, caquis e outras frutas que s\u00e3o facilmente esmagadas.<\/p>    <p>A m\u00e1quina de bandeja de ma\u00e7\u00e3 pode fazer bandejas de papel de diferentes tamanhos, substituindo diferentes moldes. Como as bandejas de ma\u00e7\u00e3 s\u00e3o feitas de res\u00edduos de papel, os materiais de embalagem s\u00e3o produtos ecologicamente corretos. N\u00e3o poluir\u00e1 o meio ambiente durante o processo de produ\u00e7\u00e3o.<\/p>    <h2 class=\"wp-block-heading\">Processo de processamento da bandeja Apple<\/h2>   <div class=\"wp-block-image\"> <figure class=\"aligncenter size-full\"><img loading=\"lazy\" decoding=\"async\" width=\"720\" height=\"540\" src=\"https:\/\/eggtraymachine.org\/wp-content\/uploads\/2022\/08\/Apple-tray-processing-process.webp\" alt=\"Processo de processamento da bandeja Apple\" class=\"wp-image-101\" title=\"\" srcset=\"https:\/\/eggtraymachine.org\/wp-content\/uploads\/2022\/08\/Apple-tray-processing-process.webp 720w, https:\/\/eggtraymachine.org\/wp-content\/uploads\/2022\/08\/Apple-tray-processing-process-300x225.webp 300w\" sizes=\"auto, (max-width: 720px) 100vw, 720px\" \/><figcaption class=\"wp-element-caption\">Processo de processamento da bandeja Apple<\/figcaption><\/figure> <\/div>   <p class=\"translation-block\">As bandejas de ma\u00e7\u00e3 precisam usar papel reciclado como mat\u00e9ria-prima para um processo chamado processamento, que pode ser produtos de papel, como caixas, livros, jornais, etc. O <a href=\"https:\/\/eggtraymachine.org\/pt\/product\/egg-tray-production-line\/\">processo de processamento de bandejas de ma\u00e7\u00e3<\/a> consiste em primeiro fazer a polpa, depois moldar as bandejas de ma\u00e7\u00e3 e, finalmente, secar e embalar. Como a mat\u00e9ria-prima da bandeja de ma\u00e7\u00e3 \u00e9 papel, \u00e9 um material de embalagem degrad\u00e1vel. muito ecol\u00f3gico.<\/p>    <h2 class=\"wp-block-heading\">Par\u00e2metros do suporte Apple<\/h2>    <figure class=\"wp-block-gallery has-nested-images columns-default is-cropped wp-block-gallery-2 is-layout-flex wp-block-gallery-is-layout-flex\"> <figure class=\"wp-block-image size-large\"><img loading=\"lazy\" decoding=\"async\" width=\"720\" height=\"540\" data-id=\"107\" src=\"https:\/\/eggtraymachine.org\/wp-content\/uploads\/2022\/08\/apple-tray-mold.webp\" alt=\"molde de bandeja de ma\u00e7\u00e3\" class=\"wp-image-107\" title=\"\" srcset=\"https:\/\/eggtraymachine.org\/wp-content\/uploads\/2022\/08\/apple-tray-mold.webp 720w, https:\/\/eggtraymachine.org\/wp-content\/uploads\/2022\/08\/apple-tray-mold-300x225.webp 300w\" sizes=\"auto, (max-width: 720px) 100vw, 720px\" \/><figcaption class=\"wp-element-caption\">Molde de bandeja de ma\u00e7\u00e3<\/figcaption><\/figure>    <figure class=\"wp-block-image size-large\"><img loading=\"lazy\" decoding=\"async\" width=\"720\" height=\"540\" data-id=\"108\" src=\"https:\/\/eggtraymachine.org\/wp-content\/uploads\/2022\/08\/apple-tray.webp\" alt=\"bandeja de ma\u00e7\u00e3\" class=\"wp-image-108\" title=\"\" srcset=\"https:\/\/eggtraymachine.org\/wp-content\/uploads\/2022\/08\/apple-tray.webp 720w, https:\/\/eggtraymachine.org\/wp-content\/uploads\/2022\/08\/apple-tray-300x225.webp 300w\" sizes=\"auto, (max-width: 720px) 100vw, 720px\" \/><figcaption class=\"wp-element-caption\">Bandeja de ma\u00e7\u00e3<\/figcaption><\/figure> <\/figure>    <p>Existem muitos modelos de bandejas de ma\u00e7\u00e3 da empresa Shuliy, variando de 1000 unidades \/ h a 8000 unidades \/ h, o menor modelo \u00e9 1000 unidades \/ h, tamb\u00e9m chamado de SL-3 * 1, a m\u00e1quina tem um eixo e h\u00e1 tr\u00eas pequenas bandejas de ma\u00e7\u00e3 em um modelo de eixo para que 3 bandejas de ma\u00e7\u00e3 possam ser produzidas por processamento.<\/p>    <figure class=\"wp-block-table\"><table><tbody><tr><td>modelo<\/td><td>capacidade<\/td><td>consumo de papel<\/td><td>Consumo de \u00e1gua<\/td><td>energia utilizada<\/td><td>trabalhador<\/td><\/tr><tr><td>SL-3*1<\/td><td>1000-1500 unidades\/h<\/td><td>120kg\/hora<\/td><td>300kg\/h<\/td><td>32 kw\/h<\/td><td>3-4<\/td><\/tr><tr><td>SL-4*1<\/td><td>1500-2000 PCS\/h<\/td><td>160kg\/hora<\/td><td>380kg\/hora<\/td><td>45 kw\/h<\/td><td>3-4<\/td><\/tr><tr><td>SL-3*4<\/td><td>2.000-2.500 unidades\/h<\/td><td>200kg\/hora<\/td><td>450kg\/hora<\/td><td>58 kw\/h<\/td><td>4-5<\/td><\/tr><tr><td>SL-4*4<\/td><td>3000-3500 unidades\/h<\/td><td>280kg\/hora<\/td><td>560kg\/hora<\/td><td>78 kw\/h<\/td><td>4-5<\/td><\/tr><tr><td>SL-4*8<\/td><td>4000 unidades\/h<\/td><td>320kg\/hora<\/td><td>600kg\/hora<\/td><td>80 kw\/h<\/td><td>5-6<\/td><\/tr><tr><td>SL-5*8<\/td><td>5000 unidades\/h<\/td><td>400kg\/hora<\/td><td>750kg\/hora<\/td><td>85 kw\/h<\/td><td>3-4<\/td><\/tr><tr><td>SL-5*12<\/td><td>6000 unidades\/h<\/td><td>480kg\/hora<\/td><td>900kg\/hora<\/td><td>90 kw\/h<\/td><td>3-4<\/td><\/tr><tr><td>SL-6*12<\/td><td>8000 unidades\/h<\/td><td>640kg\/h<\/td><td>1.040 kg\/hora<\/td><td>100 kw\/h<\/td><td>3-4<\/td><\/tr><\/tbody><\/table><figcaption class=\"wp-element-caption\">Par\u00e2metros da m\u00e1quina para fazer bandeja de ma\u00e7\u00e3<\/figcaption><\/figure>    <h2 class=\"wp-block-heading\" id=\"h-why-use-an-apple-tray\">Por que usar uma bandeja de ma\u00e7\u00e3?<\/h2>   <div class=\"wp-block-image\"> <figure class=\"aligncenter size-full\"><img loading=\"lazy\" decoding=\"async\" width=\"720\" height=\"540\" src=\"https:\/\/eggtraymachine.org\/wp-content\/uploads\/2022\/08\/Apple-tray.webp\" alt=\"Bandeja de ma\u00e7\u00e3\" class=\"wp-image-100\" title=\"\" srcset=\"https:\/\/eggtraymachine.org\/wp-content\/uploads\/2022\/08\/Apple-tray.webp 720w, https:\/\/eggtraymachine.org\/wp-content\/uploads\/2022\/08\/Apple-tray-300x225.webp 300w\" sizes=\"auto, (max-width: 720px) 100vw, 720px\" \/><figcaption class=\"wp-element-caption\">Bandeja de ma\u00e7\u00e3<\/figcaption><\/figure> <\/div>   <p>Existem muitas \u00e1reas onde as frutas s\u00e3o exportadas ou precisam ser transportadas por longas dist\u00e2ncias. Se n\u00e3o houver prote\u00e7\u00e3o nas bandejas de ma\u00e7\u00e3, as frutas podem colidir umas com as outras, o que tornar\u00e1 as ma\u00e7\u00e3s extremamente perec\u00edveis. Portanto, as frutas que precisam ser transportadas por longas dist\u00e2ncias ser\u00e3o colocadas na bandeja de frutas para prote\u00e7\u00e3o. <\/p>    <p>A m\u00e1quina para fazer bandejas de ma\u00e7\u00e3 \u00e9 projetada e fabricada de acordo com a forma geom\u00e9trica, especifica\u00e7\u00f5es e requisitos de prote\u00e7\u00e3o do produto a ser embalado. Possui efeitos de prote\u00e7\u00e3o ideais, como amortecimento, resist\u00eancia ao choque, resist\u00eancia \u00e0 compress\u00e3o, resist\u00eancia ao impacto, antiest\u00e1tico, anticorros\u00e3o, \u00e0 prova de umidade, etc.<\/p>    <p> \u00c9 amplamente utilizado em vidros, cer\u00e2micas, eletrodom\u00e9sticos, pe\u00e7as mec\u00e2nicas, instrumentos, ferramentas, brinquedos, telefones celulares e outros produtos nas embalagens de forro, com o aprimoramento da tecnologia e da tecnologia de produ\u00e7\u00e3o, as bandejas de papel tamb\u00e9m s\u00e3o lentamente utilizadas em embalagens externas de produtos, embalando diretamente o produto.<\/p>    <h2 class=\"wp-block-heading\">Quais bandejas de frutas podem ser processadas?<\/h2>    <figure class=\"wp-block-gallery has-nested-images columns-default is-cropped wp-block-gallery-3 is-layout-flex wp-block-gallery-is-layout-flex\"> <figure class=\"wp-block-image size-large\"><img loading=\"lazy\" decoding=\"async\" width=\"720\" height=\"540\" data-id=\"103\" src=\"https:\/\/eggtraymachine.org\/wp-content\/uploads\/2022\/08\/fruit-trays.webp\" alt=\"bandejas de frutas\" class=\"wp-image-103\" title=\"\" srcset=\"https:\/\/eggtraymachine.org\/wp-content\/uploads\/2022\/08\/fruit-trays.webp 720w, https:\/\/eggtraymachine.org\/wp-content\/uploads\/2022\/08\/fruit-trays-300x225.webp 300w\" sizes=\"auto, (max-width: 720px) 100vw, 720px\" \/><figcaption class=\"wp-element-caption\">Bandejas de frutas<\/figcaption><\/figure>    <figure class=\"wp-block-image size-large\"><img loading=\"lazy\" decoding=\"async\" width=\"720\" height=\"540\" data-id=\"104\" src=\"https:\/\/eggtraymachine.org\/wp-content\/uploads\/2022\/08\/fruit-tray.webp\" alt=\"bandejas de frutas\" class=\"wp-image-104\" title=\"\" srcset=\"https:\/\/eggtraymachine.org\/wp-content\/uploads\/2022\/08\/fruit-tray.webp 720w, https:\/\/eggtraymachine.org\/wp-content\/uploads\/2022\/08\/fruit-tray-300x225.webp 300w\" sizes=\"auto, (max-width: 720px) 100vw, 720px\" \/><figcaption class=\"wp-element-caption\">Bandejas de frutas<\/figcaption><\/figure>    <figure class=\"wp-block-image size-large\"><img loading=\"lazy\" decoding=\"async\" width=\"720\" height=\"540\" data-id=\"105\" src=\"https:\/\/eggtraymachine.org\/wp-content\/uploads\/2022\/08\/fruit-tray-1.webp\" alt=\"bandejas de frutas\" class=\"wp-image-105\" title=\"\" srcset=\"https:\/\/eggtraymachine.org\/wp-content\/uploads\/2022\/08\/fruit-tray-1.webp 720w, https:\/\/eggtraymachine.org\/wp-content\/uploads\/2022\/08\/fruit-tray-1-300x225.webp 300w\" sizes=\"auto, (max-width: 720px) 100vw, 720px\" \/><figcaption class=\"wp-element-caption\">Bandejas de frutas<\/figcaption><\/figure> <\/figure>    <p class=\"translation-block\">Muitas frutas n\u00e3o se machucam com o aperto e precisam de uma boa embalagem, esta m\u00e1quina para fazer bandejas de frutas pode n\u00e3o apenas processar bandejas de ma\u00e7\u00e3, mas tamb\u00e9m bandejas de uvas, caquis, <a href=\"https:\/\/nl.wikipedia.org\/wiki\/Kiwi_(fruit)\" data-type=\"URL\" data-id=\"https:\/\/nl.wikipedia.org\/wiki\/Kiwi_(fruit)\" target=\"_blank\" rel=\"noopener\">kiwi<\/a>, peras e outras frutas porque os moldes da nossa m\u00e1quina de fazer bandejas de ma\u00e7\u00e3 podem ser personalizados, o molde correspondente pode ser feito de acordo com a forma da fruta do cliente. Portanto, <a href=\"https:\/\/eggtraymachine.org\/pt\/product\/egg-carton-production-line\/\" data-type=\"URL\" data-id=\"https:\/\/eggtraymachine.org\/product\/egg-carton-production-line\/\"> <\/a><a href=\"https:\/\/eggtraymachine.org\/pt\/product\/egg-tray-forming-machine\/\" data-type=\"URL\" data-id=\"https:\/\/eggtraymachine.org\/product\/egg-carton-production-line\/\">m\u00e1quinas de produ\u00e7\u00e3o de bandejas de papel<\/a><a href=\"https:\/\/eggtraymachine.org\/pt\/product\/egg-carton-production-line\/\" data-type=\"URL\" data-id=\"https:\/\/eggtraymachine.org\/product\/egg-carton-production-line\/\">s<\/a> s\u00e3o amplamente utilizadas. <\/p>    <p>\u00c9 importante observar que nossa m\u00e1quina de fazer caixas de ovos s\u00f3 pode fazer bandejas de papel para ovos.<\/p>    <h2 class=\"wp-block-heading\">Caracter\u00edsticas da m\u00e1quina para fazer bandejas de ma\u00e7\u00e3<\/h2>   <div class=\"wp-block-image\"> <figure class=\"aligncenter size-full\"><img loading=\"lazy\" decoding=\"async\" width=\"720\" height=\"540\" src=\"https:\/\/eggtraymachine.org\/wp-content\/uploads\/2022\/08\/apple-tray-making-machine.webp\" alt=\"m\u00e1quina de fazer bandejas de ma\u00e7\u00e3\" class=\"wp-image-106\" title=\"\" srcset=\"https:\/\/eggtraymachine.org\/wp-content\/uploads\/2022\/08\/apple-tray-making-machine.webp 720w, https:\/\/eggtraymachine.org\/wp-content\/uploads\/2022\/08\/apple-tray-making-machine-300x225.webp 300w\" sizes=\"auto, (max-width: 720px) 100vw, 720px\" \/><figcaption class=\"wp-element-caption\">m\u00e1quina de fazer bandeja de ma\u00e7\u00e3<\/figcaption><\/figure> <\/div>   <ol class=\"wp-block-list\"> <li>O modelo da m\u00e1quina para fazer bandejas de ma\u00e7\u00e3 \u00e9 uma m\u00e1quina integrada. Pode desempenhar as fun\u00e7\u00f5es de suc\u00e7\u00e3o retr\u00f3grada, formando e colocando bandejas de ma\u00e7\u00e3. <\/li>    <li>Adota um sistema de controle PLC. Durante o processo de conforma\u00e7\u00e3o das bandejas de ma\u00e7\u00e3, a polpa ser\u00e1 primeiro adsorvida na m\u00e1quina e depois formada. <\/li>    <li>O excesso de \u00e1gua na bandeja de ma\u00e7\u00e3 ser\u00e1 espremido e a m\u00e1quina para fazer bandejas de ma\u00e7\u00e3 desmoldar\u00e1 a bandeja de ma\u00e7\u00e3 formada. Todo o processo de processamento da bandeja Apple \u00e9 totalmente autom\u00e1tico.<\/li> <\/ol>    <h2 class=\"wp-block-heading\">Exportar para a Turquia m\u00e1quina de bandeja de frutas de papel&nbsp;<\/h2>   <div class=\"wp-block-image\"> <figure class=\"aligncenter size-full\"><img loading=\"lazy\" decoding=\"async\" width=\"720\" height=\"540\" src=\"https:\/\/eggtraymachine.org\/wp-content\/uploads\/2022\/08\/Export-to-Turkey-paper-fruit-tray-machine-.webp\" alt=\"Exportar para a Turquia m\u00e1quina de bandeja de frutas de papel\u00a0\" class=\"wp-image-102\" title=\"\" srcset=\"https:\/\/eggtraymachine.org\/wp-content\/uploads\/2022\/08\/Export-to-Turkey-paper-fruit-tray-machine-.webp 720w, https:\/\/eggtraymachine.org\/wp-content\/uploads\/2022\/08\/Export-to-Turkey-paper-fruit-tray-machine--300x225.webp 300w\" sizes=\"auto, (max-width: 720px) 100vw, 720px\" \/><figcaption class=\"wp-element-caption\">Exportar para a Turquia m\u00e1quina de bandeja de frutas de papel&nbsp;<\/figcaption><\/figure> <\/div>   <p class=\"translation-block\">Exportamos uma <a href=\"https:\/\/eggtraymachine.org\/pt\/product\/egg-tray-production-line\/\" data-type=\"URL\" data-id=\"https:\/\/eggtraymachine.org\/product\/egg-tray-production-line\/\">linha de produ\u00e7\u00e3o de bandejas de ma\u00e7\u00e3<\/a> para a Turquia. O cliente \u00e9 uma empresa. Ela vende principalmente bandejas de frutas ap\u00f3s a produ\u00e7\u00e3o para empresas de exporta\u00e7\u00e3o de frutas. As frutas precisam ser embaladas antes da exporta\u00e7\u00e3o. O cliente comprou tr\u00eas tipos de moldes, um molde de bandeja de ovo, um molde de bandeja de ma\u00e7\u00e3 e o outro um molde de bandeja de uva. As uvas precisam de melhor prote\u00e7\u00e3o durante o transporte.<\/p>","protected":false},"excerpt":{"rendered":"<p>A m\u00e1quina de bandeja de ma\u00e7\u00e3 \u00e9 uma m\u00e1quina usada para produzir uma bandeja para embalagem de frutas, podendo tamb\u00e9m produzir outras bandejas de frutas, como kiwis, caquis e outras frutas que s\u00e3o facilmente esmagadas.<\/p>","protected":false},"author":1,"featured_media":99,"parent":0,"template":"","tags":[27,26],"product-type":[10,4],"class_list":["post-97","product","type-product","status-publish","has-post-thumbnail","hentry","tag-egg-carton-machine","tag-egg-tray-machine","product-type-paper-pulp-tray-forming","product-type-product"],"_links":{"self":[{"href":"https:\/\/eggtraymachine.org\/pt\/wp-json\/wp\/v2\/product\/97","targetHints":{"allow":["GET"]}}],"collection":[{"href":"https:\/\/eggtraymachine.org\/pt\/wp-json\/wp\/v2\/product"}],"about":[{"href":"https:\/\/eggtraymachine.org\/pt\/wp-json\/wp\/v2\/types\/product"}],"author":[{"embeddable":true,"href":"https:\/\/eggtraymachine.org\/pt\/wp-json\/wp\/v2\/users\/1"}],"wp:featuredmedia":[{"embeddable":true,"href":"https:\/\/eggtraymachine.org\/pt\/wp-json\/wp\/v2\/media\/99"}],"wp:attachment":[{"href":"https:\/\/eggtraymachine.org\/pt\/wp-json\/wp\/v2\/media?parent=97"}],"wp:term":[{"taxonomy":"post_tag","embeddable":true,"href":"https:\/\/eggtraymachine.org\/pt\/wp-json\/wp\/v2\/tags?post=97"},{"taxonomy":"product-type","embeddable":true,"href":"https:\/\/eggtraymachine.org\/pt\/wp-json\/wp\/v2\/product-type?post=97"}],"curies":[{"name":"wp","href":"https:\/\/api.w.org\/{rel}","templated":true}]}}