{"id":47,"date":"2022-08-02T09:44:58","date_gmt":"2022-08-02T09:44:58","guid":{"rendered":"https:\/\/eggtraymachine.org\/?post_type=product&#038;p=47"},"modified":"2024-06-26T16:15:25","modified_gmt":"2024-06-26T08:15:25","slug":"egg-carton-production-line","status":"publish","type":"product","link":"https:\/\/eggtraymachine.org\/pt\/product\/egg-carton-production-line\/","title":{"rendered":"Linha de produ\u00e7\u00e3o de caixas de ovos | M\u00e1quina de caixa de ovos"},"content":{"rendered":"<p>A linha de produ\u00e7\u00e3o de caixas de ovos Shuliy oferece uma solu\u00e7\u00e3o completa para tudo, desde moldagem de polpa at\u00e9 secagem e embalagem. Pode garantir a produ\u00e7\u00e3o de caixas de ovos de alta qualidade. <\/p>    <p>A capacidade de 1.000-8.000 unidades por hora pode atender \u00e0 maioria das demandas de produ\u00e7\u00e3o de caixas de ovos. Portanto, seja voc\u00ea uma pequena e m\u00e9dia empresa ou uma grande fazenda, nossa linha de fabrica\u00e7\u00e3o de caixas para ovos pode atender \u00e0s suas necessidades.<\/p>    <figure class=\"wp-block-embed is-type-video is-provider-youtube wp-block-embed-youtube wp-embed-aspect-16-9 wp-has-aspect-ratio\"><div class=\"wp-block-embed__wrapper\"> <iframe loading=\"lazy\" title=\"Como fazer bandejas para ovos? Assista ao nosso v\u00eddeo 3D avan\u00e7ado da m\u00e1quina de fazer bandejas para ovos em a\u00e7\u00e3o!\" width=\"500\" height=\"281\" src=\"https:\/\/www.youtube.com\/embed\/-0mtegid0ts?feature=oembed\" frameborder=\"0\" allow=\"accelerometer; autoplay; clipboard-write; encrypted-media; gyroscope; picture-in-picture; web-share\" referrerpolicy=\"strict-origin-when-cross-origin\" allowfullscreen><\/iframe> <\/div><figcaption class=\"wp-element-caption\">v\u00eddeo de produ\u00e7\u00e3o de bandeja de ovos<\/figcaption><\/figure>    <p>A produ\u00e7\u00e3o de caixas de ovos de papel \u00e9 processada usando res\u00edduos de papel. Ap\u00f3s processamento simples, podem ser obtidos produtos de caixa de ovos. Existem dois tipos de bandejas e caixas de ovos geralmente usadas para embalar ovos. As caixas de ovos s\u00e3o mais resistentes quando utilizadas para embalar ovos e possuem fun\u00e7\u00f5es como preserva\u00e7\u00e3o e odor quando colocadas dentro da geladeira. Portanto, as caixas de ovos s\u00e3o frequentemente usadas em supermercados e f\u00e1bricas de processamento de ovos.<\/p>   <div class=\"wp-block-image\"> <figure class=\"aligncenter size-full\"><img loading=\"lazy\" decoding=\"async\" width=\"720\" height=\"540\" src=\"https:\/\/eggtraymachine.org\/wp-content\/uploads\/2022\/08\/egg-carton-machine-factory.webp\" alt=\"f\u00e1brica de m\u00e1quinas de caixa de ovos\" class=\"wp-image-367\" title=\"\" srcset=\"https:\/\/eggtraymachine.org\/wp-content\/uploads\/2022\/08\/egg-carton-machine-factory.webp 720w, https:\/\/eggtraymachine.org\/wp-content\/uploads\/2022\/08\/egg-carton-machine-factory-300x225.webp 300w\" sizes=\"auto, (max-width: 720px) 100vw, 720px\" \/><figcaption class=\"wp-element-caption\">f\u00e1brica de m\u00e1quinas de caixa de ovos<\/figcaption><\/figure> <\/div>   <h2 class=\"wp-block-heading\" id=\"h-raw-materials-for-egg-carton-production-line\">Mat\u00e9rias-primas para linha de produ\u00e7\u00e3o de caixas de ovos<\/h2>    <p class=\"translation-block\">A produ\u00e7\u00e3o de caixas de ovos pode utilizar <a href=\"https:\/\/en.wikipedia.org\/wiki\/Cardboard_box\" data-type=\"URL\" data-id=\"https:\/\/en.wikipedia.org\/wiki\/Cardboard_box\" target=\"_blank\" rel=\"noopener\">caixas de papel\u00e3o<\/a> ondulado, papel de qualidade descartado, livros descartados e outros produtos de papel para fabricar caixas de ovos. Utiliza principalmente recursos de papel reciclado, tritura\u00e7\u00e3o e polpa, e em seguida, m\u00e1quinas de forma\u00e7\u00e3o de caixas de ovos para moldar as caixas de ovos. <\/p>    <p>Al\u00e9m dos res\u00edduos de papel, \u00e1gua, adesivos e agentes antimicrobianos s\u00e3o essenciais. Os adesivos d\u00e3o resist\u00eancia \u00e0s bandejas de papel para ovos. Os agentes antimicrobianos prolongam a vida \u00fatil da bandeja para ovos e garantem a seguran\u00e7a alimentar.<\/p>    <p>Como o custo da mat\u00e9ria-prima na produ\u00e7\u00e3o de caixas de ovos \u00e9 baixo, o lucro das caixas de ovos \u00e9 alto, e \u00e9 por isso que muitas pessoas produzem caixas de ovos.<\/p>    <figure class=\"wp-block-gallery has-nested-images columns-default is-cropped wp-block-gallery-2 is-layout-flex wp-block-gallery-is-layout-flex\"> <figure class=\"wp-block-image size-large\"><img loading=\"lazy\" decoding=\"async\" width=\"720\" height=\"540\" data-id=\"570\" src=\"https:\/\/eggtraymachine.org\/wp-content\/uploads\/2022\/08\/corrugated-cardboard.jpg\" alt=\"papel\u00e3o ondulado\" class=\"wp-image-570\" title=\"\" srcset=\"https:\/\/eggtraymachine.org\/wp-content\/uploads\/2022\/08\/corrugated-cardboard.jpg 720w, https:\/\/eggtraymachine.org\/wp-content\/uploads\/2022\/08\/corrugated-cardboard-300x225.jpg 300w, https:\/\/eggtraymachine.org\/wp-content\/uploads\/2022\/08\/corrugated-cardboard-16x12.jpg 16w\" sizes=\"auto, (max-width: 720px) 100vw, 720px\" \/><figcaption class=\"wp-element-caption\">Papel\u00e3o Ondulado<\/figcaption><\/figure>    <figure class=\"wp-block-image size-large\"><img loading=\"lazy\" decoding=\"async\" width=\"720\" height=\"540\" data-id=\"571\" src=\"https:\/\/eggtraymachine.org\/wp-content\/uploads\/2022\/08\/newspaper.jpg\" alt=\"jornal\" class=\"wp-image-571\" title=\"\" srcset=\"https:\/\/eggtraymachine.org\/wp-content\/uploads\/2022\/08\/newspaper.jpg 720w, https:\/\/eggtraymachine.org\/wp-content\/uploads\/2022\/08\/newspaper-300x225.jpg 300w, https:\/\/eggtraymachine.org\/wp-content\/uploads\/2022\/08\/newspaper-16x12.jpg 16w\" sizes=\"auto, (max-width: 720px) 100vw, 720px\" \/><figcaption class=\"wp-element-caption\">Jornal<\/figcaption><\/figure> <\/figure>    <h2 class=\"wp-block-heading\">Processo de linha de produ\u00e7\u00e3o de caixas de ovos<\/h2>    <figure class=\"wp-block-image size-full\"><img loading=\"lazy\" decoding=\"async\" width=\"720\" height=\"540\" src=\"https:\/\/eggtraymachine.org\/wp-content\/uploads\/2022\/08\/Egg-carton-production-line.webp\" alt=\"Linha de produ\u00e7\u00e3o de caixas de ovos\" class=\"wp-image-53\" title=\"\" srcset=\"https:\/\/eggtraymachine.org\/wp-content\/uploads\/2022\/08\/Egg-carton-production-line.webp 720w, https:\/\/eggtraymachine.org\/wp-content\/uploads\/2022\/08\/Egg-carton-production-line-300x225.webp 300w\" sizes=\"auto, (max-width: 720px) 100vw, 720px\" \/><figcaption class=\"wp-element-caption\">Linha de produ\u00e7\u00e3o de caixas de ovos<\/figcaption><\/figure>    <p>O processo de produ\u00e7\u00e3o de caixas de ovos e de bandejas para ovos \u00e9 o mesmo. Todos eles precisam passar pelas etapas de despolpamento \u2192 forma\u00e7\u00e3o da caixa de ovos \u2192 secagem da caixa de ovos \u2192 processamento secund\u00e1rio da caixa de ovos (opcional) \u2192 embalagem da caixa de ovos.<\/p>    <h2 class=\"wp-block-heading\">Principais m\u00e1quinas para fabrica\u00e7\u00e3o de caixas de ovos<\/h2>    <div class=\"wp-block-media-text alignwide is-stacked-on-mobile\"><figure class=\"wp-block-media-text__media\"><img loading=\"lazy\" decoding=\"async\" width=\"720\" height=\"540\" src=\"https:\/\/eggtraymachine.org\/wp-content\/uploads\/2022\/08\/Egg-carton-pulper.webp\" alt=\"Despolpador de caixas de ovos\" class=\"wp-image-57 size-full\" title=\"\" srcset=\"https:\/\/eggtraymachine.org\/wp-content\/uploads\/2022\/08\/Egg-carton-pulper.webp 720w, https:\/\/eggtraymachine.org\/wp-content\/uploads\/2022\/08\/Egg-carton-pulper-300x225.webp 300w\" sizes=\"auto, (max-width: 720px) 100vw, 720px\" \/><\/figure><div class=\"wp-block-media-text__content\"> <h3 class=\"wp-block-heading\">Despolpador de caixas de ovos<\/h3>    <p class=\"translation-block\">O <a href=\"https:\/\/eggtraymachine.org\/pt\/product\/egg-tray-pulper\/\">pulper de caixas de ovos<\/a> \u00e9 o primeiro passo da linha de produ\u00e7\u00e3o de caixas de ovos que produz uma polpa homog\u00eanea a partir de papel reciclado.<\/p> <\/div><\/div>    <div class=\"wp-block-media-text alignwide has-media-on-the-right is-stacked-on-mobile\"><div class=\"wp-block-media-text__content\"> <h3 class=\"wp-block-heading\">M\u00e1quina formadora de caixa de ovos<\/h3>    <p class=\"translation-block\">A <a href=\"https:\/\/eggtraymachine.org\/pt\/product\/egg-tray-forming-machine\/\">m\u00e1quina formadora de caixas de ovos<\/a> \u00e9 o passo mais cr\u00edtico no processo de produ\u00e7\u00e3o de caixas de ovos. Ela adsorve a polpa na forma de uma caixa de ovos usando um molde e a comprime na forma.<\/p> <\/div><figure class=\"wp-block-media-text__media\"><img loading=\"lazy\" decoding=\"async\" width=\"720\" height=\"540\" src=\"https:\/\/eggtraymachine.org\/wp-content\/uploads\/2022\/08\/Egg-carton-forming-machine.webp\" alt=\"M\u00e1quina formadora de caixa de ovos\" class=\"wp-image-58 size-full\" title=\"\" srcset=\"https:\/\/eggtraymachine.org\/wp-content\/uploads\/2022\/08\/Egg-carton-forming-machine.webp 720w, https:\/\/eggtraymachine.org\/wp-content\/uploads\/2022\/08\/Egg-carton-forming-machine-300x225.webp 300w\" sizes=\"auto, (max-width: 720px) 100vw, 720px\" \/><\/figure><\/div>    <div class=\"wp-block-media-text alignwide is-stacked-on-mobile\"><figure class=\"wp-block-media-text__media\"><img loading=\"lazy\" decoding=\"async\" width=\"626\" height=\"654\" src=\"https:\/\/eggtraymachine.org\/wp-content\/uploads\/2022\/08\/Egg-carton-thermoforming-machine-1.webp\" alt=\"M\u00e1quina termoformadora de caixa de ovos\" class=\"wp-image-63 size-full\" title=\"\" srcset=\"https:\/\/eggtraymachine.org\/wp-content\/uploads\/2022\/08\/Egg-carton-thermoforming-machine-1.webp 626w, https:\/\/eggtraymachine.org\/wp-content\/uploads\/2022\/08\/Egg-carton-thermoforming-machine-1-287x300.webp 287w\" sizes=\"auto, (max-width: 626px) 100vw, 626px\" \/><\/figure><div class=\"wp-block-media-text__content\"> <h3 class=\"wp-block-heading\">M\u00e1quina termoformadora de caixa de ovos<\/h3>    <p class=\"translation-block\">A <a href=\"https:\/\/eggtraymachine.org\/pt\/product\/egg-tray-carton-hot-pressing-machine\/\">m\u00e1quina de prensagem a quente para caixas de ovos<\/a> pode ser usada para moldar e fortalecer ainda mais a caixa de ovos, aquecendo-a e prensando-a no molde da m\u00e1quina.<\/p> <\/div><\/div>    <div class=\"wp-block-media-text alignwide has-media-on-the-right is-stacked-on-mobile\"><div class=\"wp-block-media-text__content\"> <h3 class=\"wp-block-heading\">Secador de caixas de ovos<\/h3>    <p class=\"translation-block\">Os <a href=\"https:\/\/eggtraymachine.org\/pt\/product\/paper-egg-tray-dryer-egg-tray-drying-machine\/\">secadores de caixas de ovos<\/a> utilizam ar quente para remover a umidade das caixas de ovos.<\/p> <\/div><figure class=\"wp-block-media-text__media\"><img loading=\"lazy\" decoding=\"async\" width=\"720\" height=\"540\" src=\"https:\/\/eggtraymachine.org\/wp-content\/uploads\/2022\/08\/egg-carton-dryer.webp\" alt=\"secador de caixa de ovo\" class=\"wp-image-62 size-full\" title=\"\" srcset=\"https:\/\/eggtraymachine.org\/wp-content\/uploads\/2022\/08\/egg-carton-dryer.webp 720w, https:\/\/eggtraymachine.org\/wp-content\/uploads\/2022\/08\/egg-carton-dryer-300x225.webp 300w\" sizes=\"auto, (max-width: 720px) 100vw, 720px\" \/><\/figure><\/div>    <h2 class=\"wp-block-heading\">M\u00e9todo de secagem de caixa de ovos<\/h2>    <p>Conforme mencionado acima, voc\u00ea pode escolher um secador de caixas de ovos multicamadas, que \u00e9 eficiente e economiza espa\u00e7o. O combust\u00edvel seco pode ser selecionado de v\u00e1rias maneiras, como g\u00e1s ou \u00f3leo combust\u00edvel. Em compara\u00e7\u00e3o com a secagem em forno de tijolos, a maior vantagem do secador \u00e9 que ele economiza combust\u00edvel e ao mesmo tempo pode economizar cerca de 30% de energia.<\/p>    <p>Al\u00e9m disso, a secagem de caixas de ovos pode usar secagem natural, que \u00e9 adequada para produ\u00e7\u00e3o de pequenos volumes. Voc\u00ea tamb\u00e9m pode construir seu forno de tijolos para secagem, o que requer espa\u00e7o suficiente. <\/p>    <figure class=\"wp-block-gallery has-nested-images columns-default is-cropped wp-block-gallery-3 is-layout-flex wp-block-gallery-is-layout-flex\"> <figure class=\"wp-block-image size-large\"><img loading=\"lazy\" decoding=\"async\" width=\"720\" height=\"540\" data-id=\"72\" src=\"https:\/\/eggtraymachine.org\/wp-content\/uploads\/2022\/08\/Brick-kiln-drying-egg-trays.webp\" alt=\"caixa de ovos secando em forno de tijolos\" class=\"wp-image-72\" title=\"\" srcset=\"https:\/\/eggtraymachine.org\/wp-content\/uploads\/2022\/08\/Brick-kiln-drying-egg-trays.webp 720w, https:\/\/eggtraymachine.org\/wp-content\/uploads\/2022\/08\/Brick-kiln-drying-egg-trays-300x225.webp 300w\" sizes=\"auto, (max-width: 720px) 100vw, 720px\" \/><figcaption class=\"wp-element-caption\">Caixa de ovos para secagem em forno de tijolos<\/figcaption><\/figure>    <figure class=\"wp-block-image size-large\"><img loading=\"lazy\" decoding=\"async\" width=\"720\" height=\"540\" data-id=\"581\" src=\"https:\/\/eggtraymachine.org\/wp-content\/uploads\/2022\/08\/dry-naturally.webp\" alt=\"secar naturalmente\" class=\"wp-image-581\" title=\"\" srcset=\"https:\/\/eggtraymachine.org\/wp-content\/uploads\/2022\/08\/dry-naturally.webp 720w, https:\/\/eggtraymachine.org\/wp-content\/uploads\/2022\/08\/dry-naturally-300x225.webp 300w, https:\/\/eggtraymachine.org\/wp-content\/uploads\/2022\/08\/dry-naturally-16x12.webp 16w\" sizes=\"auto, (max-width: 720px) 100vw, 720px\" \/><figcaption class=\"wp-element-caption\">Seque naturalmente<\/figcaption><\/figure> <\/figure>    <h2 class=\"wp-block-heading\">Par\u00e2metro da linha de produ\u00e7\u00e3o de caixas de ovos<\/h2>    <figure class=\"wp-block-table\"><table><tbody><tr><td>Modelo<\/td><td>Capacidade<\/td><td>Consumo de papel<\/td><td>Consumo de \u00e1gua<\/td><td>Energia Utilizada<\/td><td>Trabalhador<\/td><\/tr><tr><td>SL-3*1<\/td><td>1000-1500 unidades\/h<\/td><td>120kg\/hora<\/td><td>300kg\/h<\/td><td>32 kw\/h<\/td><td>3-4<\/td><\/tr><tr><td>SL-4*1<\/td><td>1500-2000 PCS\/h<\/td><td>160kg\/hora<\/td><td>380kg\/hora<\/td><td>45 kw\/h<\/td><td>3-4<\/td><\/tr><tr><td>SL-3*4<\/td><td>2.000-2.500 unidades\/h<\/td><td>200kg\/hora<\/td><td>450kg\/hora<\/td><td>58 kw\/h<\/td><td>4-5<\/td><\/tr><tr><td>SL-4*4<\/td><td>3000-3500 unidades\/h<\/td><td>280kg\/hora<\/td><td>560kg\/hora<\/td><td>78 kw\/h<\/td><td>4-5<\/td><\/tr><tr><td>SL-4*8<\/td><td>4000 unidades\/h<\/td><td>320kg\/hora<\/td><td>600kg\/hora<\/td><td>80 kw\/h<\/td><td>5-6<\/td><\/tr><tr><td>SL-5*8<\/td><td>5000 unidades\/h<\/td><td>400kg\/hora<\/td><td>750kg\/hora<\/td><td>85 kw\/h<\/td><td>3-4<\/td><\/tr><tr><td>SL-5*12<\/td><td>6000 unidades\/h<\/td><td>480kg\/hora<\/td><td>900kg\/hora<\/td><td>90 kw\/h<\/td><td>3-4<\/td><\/tr><tr><td>SL-6*12<\/td><td>8000 unidades\/h<\/td><td>640kg\/h<\/td><td>1.040 kg\/hora<\/td><td>100 kw\/h<\/td><td>3-4<\/td><\/tr><\/tbody><\/table><figcaption class=\"wp-element-caption\">linha de produ\u00e7\u00e3o de caixas de ovos<\/figcaption><\/figure>    <p>A configura\u00e7\u00e3o da linha de produ\u00e7\u00e3o de caixas de ovos, o grau de automa\u00e7\u00e3o e o tamanho da m\u00e1quina determinam a produ\u00e7\u00e3o de caixas de ovos. Isso significa que se voc\u00ea deseja obter 8.000 unidades de caixas de ovos em uma hora, ent\u00e3o voc\u00ea precisa escolher uma linha com alta automa\u00e7\u00e3o, alta configura\u00e7\u00e3o e uma m\u00e1quina maior.<\/p>    <figure class=\"wp-block-image size-full\"><img loading=\"lazy\" decoding=\"async\" width=\"720\" height=\"540\" src=\"https:\/\/eggtraymachine.org\/wp-content\/uploads\/2022\/08\/Egg-cartons.webp\" alt=\"Caixas de ovos \" class=\"wp-image-365\" title=\"\" srcset=\"https:\/\/eggtraymachine.org\/wp-content\/uploads\/2022\/08\/Egg-cartons.webp 720w, https:\/\/eggtraymachine.org\/wp-content\/uploads\/2022\/08\/Egg-cartons-300x225.webp 300w\" sizes=\"auto, (max-width: 720px) 100vw, 720px\" \/><figcaption class=\"wp-element-caption\">Caixas de ovos <\/figcaption><\/figure>    <h2 class=\"wp-block-heading\">Como produzir caixas de ovos de diferentes tamanhos\uff1f<\/h2>    <p>O tamanho da caixa de ovos \u00e9 diferente para cada fabricante de caixa de ovos. Alguns requerem seis ovos por caixa e outros requerem 12 ovos por caixa ou 18 ovos por caixa. Ent\u00e3o, como a m\u00e1quina de embalar ovos produz caixas de ovos com especifica\u00e7\u00f5es diferentes? \u00c9 determinado pelo projeto do molde da m\u00e1quina. Portanto, a m\u00e1quina de embalagem de ovos tem v\u00e1rias fun\u00e7\u00f5es e pode produzir diferentes tamanhos de caixas de ovos.<\/p>    <figure class=\"wp-block-image size-full\"><img loading=\"lazy\" decoding=\"async\" width=\"720\" height=\"540\" src=\"https:\/\/eggtraymachine.org\/wp-content\/uploads\/2022\/08\/egg-carton-molds.webp\" alt=\"moldes de caixa de ovo\" class=\"wp-image-578\" title=\"\" srcset=\"https:\/\/eggtraymachine.org\/wp-content\/uploads\/2022\/08\/egg-carton-molds.webp 720w, https:\/\/eggtraymachine.org\/wp-content\/uploads\/2022\/08\/egg-carton-molds-300x225.webp 300w, https:\/\/eggtraymachine.org\/wp-content\/uploads\/2022\/08\/egg-carton-molds-16x12.webp 16w\" sizes=\"auto, (max-width: 720px) 100vw, 720px\" \/><figcaption class=\"wp-element-caption\">Moldes para caixas de ovos<\/figcaption><\/figure>    <h2 class=\"wp-block-heading\">Como s\u00e3o produzidas as caixas de ovos de diferentes cores?<\/h2>    <p>Veremos caixas de ovos de outras cores em supermercados ou outros locais, n\u00e3o s\u00f3 brancos, mas como s\u00e3o produzidas as caixas de ovos coloridas? Na verdade, durante o processo de produ\u00e7\u00e3o das caixas de ovos, ocorre um processo de despolpa\u00e7\u00e3o muito importante. Voc\u00ea pode adicionar corantes e corantes durante o processo de polpa\u00e7\u00e3o para produzir caixas de ovos de cores diferentes.<\/p>    <figure class=\"wp-block-gallery has-nested-images columns-default is-cropped wp-block-gallery-4 is-layout-flex wp-block-gallery-is-layout-flex\"> <figure class=\"wp-block-image size-large\"><img loading=\"lazy\" decoding=\"async\" width=\"720\" height=\"540\" data-id=\"364\" src=\"https:\/\/eggtraymachine.org\/wp-content\/uploads\/2022\/08\/egg-cartons.webp\" alt=\"caixas de ovos\" class=\"wp-image-364\" title=\"\" srcset=\"https:\/\/eggtraymachine.org\/wp-content\/uploads\/2022\/08\/egg-cartons.webp 720w, https:\/\/eggtraymachine.org\/wp-content\/uploads\/2022\/08\/egg-cartons-300x225.webp 300w\" sizes=\"auto, (max-width: 720px) 100vw, 720px\" \/><figcaption class=\"wp-element-caption\">Caixas de ovos<\/figcaption><\/figure>    <figure class=\"wp-block-image size-large\"><img loading=\"lazy\" decoding=\"async\" width=\"720\" height=\"540\" data-id=\"363\" src=\"https:\/\/eggtraymachine.org\/wp-content\/uploads\/2022\/08\/egg-cartons-of-different-colors-1.webp\" alt=\"caixas de ovos de cores diferentes\" class=\"wp-image-363\" title=\"\" srcset=\"https:\/\/eggtraymachine.org\/wp-content\/uploads\/2022\/08\/egg-cartons-of-different-colors-1.webp 720w, https:\/\/eggtraymachine.org\/wp-content\/uploads\/2022\/08\/egg-cartons-of-different-colors-1-300x225.webp 300w\" sizes=\"auto, (max-width: 720px) 100vw, 720px\" \/><figcaption class=\"wp-element-caption\">Caixas de ovos de cores diferentes<\/figcaption><\/figure> <\/figure>    <h2 class=\"wp-block-heading\">Qual \u00e9 a diferen\u00e7a entre a produ\u00e7\u00e3o de caixas de ovos e de bandejas para ovos?<\/h2>    <p>Como todos sabemos, existem dois tipos de m\u00e9todos de embalagem para os nossos ovos comuns. Uma \u00e9 uma bandeja de ovos e a outra \u00e9 uma caixa de ovos. Qual \u00e9 a diferen\u00e7a entre os m\u00e9todos de produ\u00e7\u00e3o desses dois produtos? Na verdade, a produ\u00e7\u00e3o de mat\u00e9rias-primas e o processo de produ\u00e7\u00e3o de bandejas e caixas para ovos s\u00e3o os mesmos. <\/p>    <p>A \u00fanica diferen\u00e7a na produ\u00e7\u00e3o \u00e9 que os moldes das m\u00e1quinas formadoras de bandejas para ovos e caixas para ovos s\u00e3o diferentes. Nossos moldes podem ser personalizados de acordo com a necessidade do cliente. Desta forma, os clientes ficam mais diversificados na produ\u00e7\u00e3o e mais competitivos nas vendas.<\/p>    <figure class=\"wp-block-gallery has-nested-images columns-default is-cropped wp-block-gallery-5 is-layout-flex wp-block-gallery-is-layout-flex\"> <figure class=\"wp-block-image size-large\"><img loading=\"lazy\" decoding=\"async\" width=\"720\" height=\"540\" data-id=\"579\" src=\"https:\/\/eggtraymachine.org\/wp-content\/uploads\/2022\/08\/egg-tray-mold-1.webp\" alt=\"molde para bandeja de ovos\" class=\"wp-image-579\" title=\"\" srcset=\"https:\/\/eggtraymachine.org\/wp-content\/uploads\/2022\/08\/egg-tray-mold-1.webp 720w, https:\/\/eggtraymachine.org\/wp-content\/uploads\/2022\/08\/egg-tray-mold-1-300x225.webp 300w, https:\/\/eggtraymachine.org\/wp-content\/uploads\/2022\/08\/egg-tray-mold-1-16x12.webp 16w\" sizes=\"auto, (max-width: 720px) 100vw, 720px\" \/><figcaption class=\"wp-element-caption\">Molde para bandeja de ovos<\/figcaption><\/figure>    <figure class=\"wp-block-image size-large\"><img loading=\"lazy\" decoding=\"async\" width=\"720\" height=\"540\" data-id=\"580\" src=\"https:\/\/eggtraymachine.org\/wp-content\/uploads\/2022\/08\/egg-carton-mold.webp\" alt=\"molde de caixa de ovo\" class=\"wp-image-580\" title=\"\" srcset=\"https:\/\/eggtraymachine.org\/wp-content\/uploads\/2022\/08\/egg-carton-mold.webp 720w, https:\/\/eggtraymachine.org\/wp-content\/uploads\/2022\/08\/egg-carton-mold-300x225.webp 300w, https:\/\/eggtraymachine.org\/wp-content\/uploads\/2022\/08\/egg-carton-mold-16x12.webp 16w\" sizes=\"auto, (max-width: 720px) 100vw, 720px\" \/><figcaption class=\"wp-element-caption\">Molde de caixa de ovo<\/figcaption><\/figure> <\/figure>    <h2 class=\"wp-block-heading\">Caso de cliente sobre linha de produ\u00e7\u00e3o de caixas de ovos<\/h2>    <figure class=\"wp-block-image size-full\"><img loading=\"lazy\" decoding=\"async\" width=\"720\" height=\"540\" src=\"https:\/\/eggtraymachine.org\/wp-content\/uploads\/2022\/08\/Egg-carton-machine-delivery.webp\" alt=\"Entrega de m\u00e1quina de caixa de ovos\" class=\"wp-image-67\" title=\"\" srcset=\"https:\/\/eggtraymachine.org\/wp-content\/uploads\/2022\/08\/Egg-carton-machine-delivery.webp 720w, https:\/\/eggtraymachine.org\/wp-content\/uploads\/2022\/08\/Egg-carton-machine-delivery-300x225.webp 300w\" sizes=\"auto, (max-width: 720px) 100vw, 720px\" \/><figcaption class=\"wp-element-caption\">Entrega de m\u00e1quina de caixa de ovos<\/figcaption><\/figure>    <p class=\"translation-block\">H\u00e1 um <a href=\"https:\/\/eggtraymachine.org\/pt\/Info\/egg-tray-machine-exported-to-cameroon\/\" data-type=\"URL\" data-id=\"https:\/\/eggtraymachine.org\/Info\/egg-tray-machine-exported-to-cameroon\/\">cliente de uma granja de frangos em Camar\u00f5es<\/a> que deseja uma linha de produ\u00e7\u00e3o de m\u00e1quinas de caixas de ovos. O cliente possui uma granja de frangos e deseja expandir seu neg\u00f3cio. Assim, ele opta por processar caixas de ovos, n\u00e3o apenas para atender \u00e0s necessidades de suas caixas de ovos da granja, mas tamb\u00e9m para vender externamente.<\/p>    <p class=\"translation-block\">O cliente encomendou uma linha de produ\u00e7\u00e3o de caixas de ovos, incluindo um pulper, uma m\u00e1quina formadora de caixas de ovos, uma <a href=\"https:\/\/eggtraymachine.org\/pt\/product\/egg-tray-carton-hot-pressing-machine\/\" data-type=\"URL\" data-id=\"https:\/\/eggtraymachine.org\/product\/egg-tray-carton-hot-pressing-machine\/\">m\u00e1quina de hidroformagem<\/a> e uma m\u00e1quina de embalagem de caixas de ovos. Ap\u00f3s a m\u00e1quina ser enviada para Camar\u00f5es, ele teve total controle sobre a produ\u00e7\u00e3o de caixas de ovos dentro de uma semana. <\/p>    <p>Antes da compra, enviaremos ao cliente as informa\u00e7\u00f5es relacionadas \u00e0 produ\u00e7\u00e3o da bandeja para ovos, e o vendedor profissional explicar\u00e1 o uso e estrutura da m\u00e1quina. Assim, os clientes podem produzir rapidamente caixas de ovos. Se voc\u00ea est\u00e1 procurando uma linha eficiente de fabrica\u00e7\u00e3o de caixas de ovos, n\u00e3o hesite em nos contatar.<\/p>","protected":false},"excerpt":{"rendered":"<p>Nossa linha de produ\u00e7\u00e3o de carrinhos de ovos oferece um processo cont\u00ednuo, desde a moldagem da polpa at\u00e9 a secagem e embalagem. S\u00e3o necess\u00e1rios apenas 3-4 trabalhadores.<\/p>","protected":false},"author":1,"featured_media":121,"parent":0,"template":"","tags":[27,12],"product-type":[3],"class_list":["post-47","product","type-product","status-publish","has-post-thumbnail","hentry","tag-egg-carton-machine","tag-egg-carton-production-line","product-type-egg-tray-production"],"_links":{"self":[{"href":"https:\/\/eggtraymachine.org\/pt\/wp-json\/wp\/v2\/product\/47","targetHints":{"allow":["GET"]}}],"collection":[{"href":"https:\/\/eggtraymachine.org\/pt\/wp-json\/wp\/v2\/product"}],"about":[{"href":"https:\/\/eggtraymachine.org\/pt\/wp-json\/wp\/v2\/types\/product"}],"author":[{"embeddable":true,"href":"https:\/\/eggtraymachine.org\/pt\/wp-json\/wp\/v2\/users\/1"}],"wp:featuredmedia":[{"embeddable":true,"href":"https:\/\/eggtraymachine.org\/pt\/wp-json\/wp\/v2\/media\/121"}],"wp:attachment":[{"href":"https:\/\/eggtraymachine.org\/pt\/wp-json\/wp\/v2\/media?parent=47"}],"wp:term":[{"taxonomy":"post_tag","embeddable":true,"href":"https:\/\/eggtraymachine.org\/pt\/wp-json\/wp\/v2\/tags?post=47"},{"taxonomy":"product-type","embeddable":true,"href":"https:\/\/eggtraymachine.org\/pt\/wp-json\/wp\/v2\/product-type?post=47"}],"curies":[{"name":"wp","href":"https:\/\/api.w.org\/{rel}","templated":true}]}}