{"id":432,"date":"2023-03-10T16:59:59","date_gmt":"2023-03-10T08:59:59","guid":{"rendered":"https:\/\/eggtraymachine.org\/?post_type=product&#038;p=432"},"modified":"2024-06-19T15:33:44","modified_gmt":"2024-06-19T07:33:44","slug":"quail-egg-tray-machine","status":"publish","type":"product","link":"https:\/\/eggtraymachine.org\/pt\/product\/quail-egg-tray-machine\/","title":{"rendered":"M\u00e1quina de bandeja para ovos de codorna | m\u00e1quina para fazer caixa de ovo de codorna"},"content":{"rendered":"<p class=\"translation-block\">A m\u00e1quina para caixas de ovos de codorniz \u00e9 um dispositivo para fabricar caixas de ovos de codorniz. A mat\u00e9ria-prima para fabricar <a href=\"https:\/\/en.wikipedia.org\/wiki\/Quail_eggs\" data-type=\"URL\" data-id=\"https:\/\/en.wikipedia.org\/wiki\/Quail_eggs\" target=\"_blank\" rel=\"noopener\">ovos de codorniz<\/a> \u00e9 papel usado. Esta m\u00e1quina n\u00e3o polui o processo de produ\u00e7\u00e3o e \u00e9 uma ind\u00fastria amiga do ambiente apoiada por muitos pa\u00edses e governos. <\/p>    <p>A linha de produ\u00e7\u00e3o de bandejas para ovos de codorna e caixas de ovos tamb\u00e9m pode produzir bandejas para ovos, bandejas de frutas, mict\u00f3rios descart\u00e1veis, bandejas de vinho e caixas para embalagens de instrumentos de precis\u00e3o.<\/p>   <div class=\"wp-block-image\"> <figure class=\"aligncenter size-full\"><img loading=\"lazy\" decoding=\"async\" width=\"720\" height=\"540\" src=\"https:\/\/eggtraymachine.org\/wp-content\/uploads\/2023\/03\/Waste-paper-processing-for-different-packaging-products.webp\" alt=\"Processamento de res\u00edduos de papel para diferentes produtos de embalagem\" class=\"wp-image-444\" title=\"\" srcset=\"https:\/\/eggtraymachine.org\/wp-content\/uploads\/2023\/03\/Waste-paper-processing-for-different-packaging-products.webp 720w, https:\/\/eggtraymachine.org\/wp-content\/uploads\/2023\/03\/Waste-paper-processing-for-different-packaging-products-300x225.webp 300w\" sizes=\"auto, (max-width: 720px) 100vw, 720px\" \/><figcaption class=\"wp-element-caption\">Processamento de res\u00edduos de papel para diferentes produtos de embalagem<\/figcaption><\/figure> <\/div>   <h2 class=\"wp-block-heading\">V\u00eddeo da m\u00e1quina de bandeja para ovos de papel<\/h2>    <figure class=\"wp-block-embed is-type-video is-provider-youtube wp-block-embed-youtube wp-embed-aspect-16-9 wp-has-aspect-ratio\"><div class=\"wp-block-embed__wrapper\"> <iframe loading=\"lazy\" title=\"1000pcs\/h-6000pcs\/h v\u00eddeo 3D da linha de produ\u00e7\u00e3o autom\u00e1tica de bandejas para ovos | produ\u00e7\u00e3o de caixas de ovos de papel\" width=\"500\" height=\"281\" src=\"https:\/\/www.youtube.com\/embed\/qjUwbSb-hiI?feature=oembed\" frameborder=\"0\" allow=\"accelerometer; autoplay; clipboard-write; encrypted-media; gyroscope; picture-in-picture; web-share\" referrerpolicy=\"strict-origin-when-cross-origin\" allowfullscreen><\/iframe> <\/div><figcaption class=\"wp-element-caption\">v\u00eddeo de produ\u00e7\u00e3o de caixa de ovos<\/figcaption><\/figure>    <h2 class=\"wp-block-heading\">Processo de produ\u00e7\u00e3o de bandeja para ovos de codorna<\/h2>    <p class=\"translation-block\">O processo principal de produ\u00e7\u00e3o de caixas de ovos de codorniz \u00e9 tritura\u00e7\u00e3o de papel usado\u2192homogeneiza\u00e7\u00e3o\u2192forma\u00e7\u00e3o\u2192secagem\u2192embalagem. Existem tr\u00eas m\u00e9todos de secagem de caixas de ovos: secagem ao ar livre, secagem em forno de tijolo e secagem em secador de metal. As m\u00e1quinas para caixas de ovos de codorniz que precisa de usar incluem polpadores, m\u00e1quinas para caixas de ovos de codorniz, <a href=\"https:\/\/eggtraymachine.org\/pt\/product\/paper-egg-tray-dryer-egg-tray-drying-machine\/\">secadores de caixas de ovos<\/a> e m\u00e1quinas de embalagem de caixas de ovos.<\/p>   <div class=\"wp-block-image\"> <figure class=\"aligncenter size-full\"><img loading=\"lazy\" decoding=\"async\" width=\"720\" height=\"540\" src=\"https:\/\/eggtraymachine.org\/wp-content\/uploads\/2023\/03\/Quail-egg-tray-production-process.webp\" alt=\"Processo de produ\u00e7\u00e3o de bandeja para ovos de codorna\" class=\"wp-image-442\" title=\"\" srcset=\"https:\/\/eggtraymachine.org\/wp-content\/uploads\/2023\/03\/Quail-egg-tray-production-process.webp 720w, https:\/\/eggtraymachine.org\/wp-content\/uploads\/2023\/03\/Quail-egg-tray-production-process-300x225.webp 300w\" sizes=\"auto, (max-width: 720px) 100vw, 720px\" \/><figcaption class=\"wp-element-caption\">Processo de produ\u00e7\u00e3o de bandeja para ovos de codorna<\/figcaption><\/figure> <\/div>   <h2 class=\"wp-block-heading\">Par\u00e2metro da m\u00e1quina para fazer caixa de ovo de codorna<\/h2>    <ul class=\"wp-block-list\"> <li>Modelo: Sl-4\u00d74<\/li>    <li>Sa\u00edda: 3000 unidades\/h<\/li>    <li>Pot\u00eancia: 45 kW<\/li>    <li>Consumo de papel: 240kg\/h<\/li>    <li>Consumo de \u00e1gua: 480kg\/h<\/li>    <li>M\u00e9todo de secagem: Secagem em forno de tijolos ou secador de metal<\/li> <\/ul>    <p>Acima est\u00e3o os par\u00e2metros da m\u00e1quina com capacidade de produ\u00e7\u00e3o de 300 bandejas de ovos de codorna por hora. Se voc\u00ea deseja conhecer os par\u00e2metros de outras capacidades de produ\u00e7\u00e3o da m\u00e1quina de bandeja para ovos de codorna, entre em contato conosco atrav\u00e9s da janela pop-up no canto inferior direito.<\/p>    <h2 class=\"wp-block-heading\">Como personalizar a linha de produ\u00e7\u00e3o de bandejas para ovos de codorna?<\/h2>    <figure class=\"wp-block-gallery has-nested-images columns-default is-cropped wp-block-gallery-2 is-layout-flex wp-block-gallery-is-layout-flex\"> <figure class=\"wp-block-image size-large\"><img loading=\"lazy\" decoding=\"async\" width=\"720\" height=\"540\" data-id=\"436\" src=\"https:\/\/eggtraymachine.org\/wp-content\/uploads\/2023\/03\/Quail-egg-tray-machine-1.webp\" alt=\"M\u00e1quina de bandeja para ovos de codorna\" class=\"wp-image-436\" title=\"\" srcset=\"https:\/\/eggtraymachine.org\/wp-content\/uploads\/2023\/03\/Quail-egg-tray-machine-1.webp 720w, https:\/\/eggtraymachine.org\/wp-content\/uploads\/2023\/03\/Quail-egg-tray-machine-1-300x225.webp 300w\" sizes=\"auto, (max-width: 720px) 100vw, 720px\" \/><figcaption class=\"wp-element-caption\">M\u00e1quina de bandeja para ovos de codorna<\/figcaption><\/figure>    <figure class=\"wp-block-image size-large\"><img loading=\"lazy\" decoding=\"async\" width=\"720\" height=\"540\" data-id=\"437\" src=\"https:\/\/eggtraymachine.org\/wp-content\/uploads\/2023\/03\/Quail-egg-tray-machine-details.webp\" alt=\"Detalhes da m\u00e1quina de bandeja para ovos de codorna\" class=\"wp-image-437\" title=\"\" srcset=\"https:\/\/eggtraymachine.org\/wp-content\/uploads\/2023\/03\/Quail-egg-tray-machine-details.webp 720w, https:\/\/eggtraymachine.org\/wp-content\/uploads\/2023\/03\/Quail-egg-tray-machine-details-300x225.webp 300w\" sizes=\"auto, (max-width: 720px) 100vw, 720px\" \/><figcaption class=\"wp-element-caption\">Detalhes da m\u00e1quina da bandeja para ovos de codorna<\/figcaption><\/figure>    <figure class=\"wp-block-image size-large\"><img loading=\"lazy\" decoding=\"async\" width=\"720\" height=\"540\" data-id=\"438\" src=\"https:\/\/eggtraymachine.org\/wp-content\/uploads\/2023\/03\/Quail-egg-tray-machine-delivery.webp\" alt=\"Entrega de m\u00e1quina de bandeja para ovos de codorna\" class=\"wp-image-438\" title=\"\" srcset=\"https:\/\/eggtraymachine.org\/wp-content\/uploads\/2023\/03\/Quail-egg-tray-machine-delivery.webp 720w, https:\/\/eggtraymachine.org\/wp-content\/uploads\/2023\/03\/Quail-egg-tray-machine-delivery-300x225.webp 300w\" sizes=\"auto, (max-width: 720px) 100vw, 720px\" \/><figcaption class=\"wp-element-caption\">Entrega de m\u00e1quina de bandeja para ovos de codorna<\/figcaption><\/figure> <\/figure>    <p>Se voc\u00ea precisa de uma bandeja para ovos de codorna e uma linha de produ\u00e7\u00e3o de caixas para ovos de codorna, ent\u00e3o voc\u00ea precisa decidir qual capacidade deseja produzir. A sa\u00edda que podemos suportar \u00e9 de 1000pcs\/h-6000pcs\/h. Al\u00e9m disso, voc\u00ea precisa fornecer o tamanho da bandeja de ovos de codorna que deseja. Ent\u00e3o podemos personalizar o molde de acordo com os dados que voc\u00ea fornecer.<\/p>    <h2 class=\"wp-block-heading\">Mat\u00e9rias-primas para produ\u00e7\u00e3o de bandejas para ovos de codorna<\/h2>    <p>Quais s\u00e3o as mat\u00e9rias-primas para a produ\u00e7\u00e3o de bandejas para ovos de codorna? A m\u00e1quina de bandeja para ovos de codorna usa res\u00edduos de papel e tamb\u00e9m precisa de \u00e1gua. O pre\u00e7o dos res\u00edduos de papel \u00e9 relativamente baixo, o que controlar\u00e1 o custo de produ\u00e7\u00e3o de bandejas para ovos de codorna, e a \u00e1gua do processo de produ\u00e7\u00e3o pode ser reciclada.<\/p>    <h2 class=\"wp-block-heading\">A mesma m\u00e1quina \u00e9 usada para produzir bandejas e caixas para ovos de codorna?<\/h2>    <p>A mesma m\u00e1quina \u00e9 usada para produzir bandejas e caixas para ovos, mas s\u00e3o usados \u200b\u200bmoldes diferentes. A m\u00e1quina precisa ser configurada para diferentes produtos e moldes de produtos diferentes. Os moldes de produtos tamb\u00e9m s\u00e3o divididos em diferentes materiais, os moldes para bandejas de ovos possuem moldes de pl\u00e1stico e moldes de alum\u00ednio. Os moldes de alum\u00ednio s\u00e3o de melhor qualidade, mas o pre\u00e7o \u00e9 inevitavelmente relativamente alto. Para mais detalhes, entre em contato conosco e enviaremos algumas informa\u00e7\u00f5es mais detalhadas.<\/p>    <figure class=\"wp-block-image size-full\"><img loading=\"lazy\" decoding=\"async\" width=\"720\" height=\"540\" src=\"https:\/\/eggtraymachine.org\/wp-content\/uploads\/2023\/03\/quail-egg-tray-and-box.webp\" alt=\"bandeja e caixa para ovos de codorna\" class=\"wp-image-443\" title=\"\" srcset=\"https:\/\/eggtraymachine.org\/wp-content\/uploads\/2023\/03\/quail-egg-tray-and-box.webp 720w, https:\/\/eggtraymachine.org\/wp-content\/uploads\/2023\/03\/quail-egg-tray-and-box-300x225.webp 300w\" sizes=\"auto, (max-width: 720px) 100vw, 720px\" \/><figcaption class=\"wp-element-caption\">Bandeja e caixa para ovos de codorna<\/figcaption><\/figure>    <h2 class=\"wp-block-heading\">A diferen\u00e7a entre uma m\u00e1quina de bandeja para ovos de codorna e uma m\u00e1quina de bandeja para ovos<\/h2>    <figure class=\"wp-block-gallery has-nested-images columns-default is-cropped wp-block-gallery-3 is-layout-flex wp-block-gallery-is-layout-flex\"> <figure class=\"wp-block-image size-large\"><img loading=\"lazy\" decoding=\"async\" width=\"720\" height=\"540\" data-id=\"440\" src=\"https:\/\/eggtraymachine.org\/wp-content\/uploads\/2023\/03\/egg-tray-machine-mold-1.webp\" alt=\"molde para m\u00e1quina de bandeja de ovos\" class=\"wp-image-440\" title=\"\" srcset=\"https:\/\/eggtraymachine.org\/wp-content\/uploads\/2023\/03\/egg-tray-machine-mold-1.webp 720w, https:\/\/eggtraymachine.org\/wp-content\/uploads\/2023\/03\/egg-tray-machine-mold-1-300x225.webp 300w\" sizes=\"auto, (max-width: 720px) 100vw, 720px\" \/><figcaption class=\"wp-element-caption\">Molde para m\u00e1quina de bandeja de ovos<\/figcaption><\/figure>    <figure class=\"wp-block-image size-large\"><img loading=\"lazy\" decoding=\"async\" width=\"720\" height=\"540\" data-id=\"441\" src=\"https:\/\/eggtraymachine.org\/wp-content\/uploads\/2023\/03\/egg-carton-machine-mold.webp\" alt=\"molde para m\u00e1quina de caixa de ovo\" class=\"wp-image-441\" title=\"\" srcset=\"https:\/\/eggtraymachine.org\/wp-content\/uploads\/2023\/03\/egg-carton-machine-mold.webp 720w, https:\/\/eggtraymachine.org\/wp-content\/uploads\/2023\/03\/egg-carton-machine-mold-300x225.webp 300w\" sizes=\"auto, (max-width: 720px) 100vw, 720px\" \/><figcaption class=\"wp-element-caption\">Molde para m\u00e1quina de caixa de ovos<\/figcaption><\/figure> <\/figure>    <p class=\"translation-block\">As mat\u00e9rias-primas e o processo de produ\u00e7\u00e3o da m\u00e1quina de caixas de ovos de codorniz e da <a href=\"https:\/\/eggtraymachine.org\/pt\/product\/2000pc-h-pulp-egg-tray-machine\/\" data-type=\"URL\" data-id=\"https:\/\/eggtraymachine.org\/product\/2000pc-h-pulp-egg-tray-machine\/\">m\u00e1quina de caixas de ovos<\/a> s\u00e3o os mesmos, mas o molde para produzir a caixa de ovos de codorniz precisa de ser personalizado. O resto \u00e9 igual.<\/p>","protected":false},"excerpt":{"rendered":"<p>A m\u00e1quina de bandeja para ovos de codorna \u00e9 um dispositivo para fazer bandejas para ovos de codorna. A mat\u00e9ria-prima para a fabrica\u00e7\u00e3o de bandejas para ovos de codorna s\u00e3o os res\u00edduos de papel. Esta m\u00e1quina n\u00e3o polui o processo de produ\u00e7\u00e3o e \u00e9 uma ind\u00fastria ecologicamente correta, apoiada por muitos pa\u00edses e governos. A linha de produ\u00e7\u00e3o de bandejas para ovos de codorna e caixas de ovos tamb\u00e9m pode produzir bandejas para ovos, bandejas de frutas, mict\u00f3rios descart\u00e1veis, bandejas de vinho e caixas para embalagens de instrumentos de precis\u00e3o.<\/p>","protected":false},"author":1,"featured_media":433,"parent":0,"template":"","tags":[31],"product-type":[9,4],"class_list":["post-432","product","type-product","status-publish","has-post-thumbnail","hentry","tag-quail-egg-tray-machine","product-type-egg-tray-making","product-type-product"],"_links":{"self":[{"href":"https:\/\/eggtraymachine.org\/pt\/wp-json\/wp\/v2\/product\/432","targetHints":{"allow":["GET"]}}],"collection":[{"href":"https:\/\/eggtraymachine.org\/pt\/wp-json\/wp\/v2\/product"}],"about":[{"href":"https:\/\/eggtraymachine.org\/pt\/wp-json\/wp\/v2\/types\/product"}],"author":[{"embeddable":true,"href":"https:\/\/eggtraymachine.org\/pt\/wp-json\/wp\/v2\/users\/1"}],"wp:featuredmedia":[{"embeddable":true,"href":"https:\/\/eggtraymachine.org\/pt\/wp-json\/wp\/v2\/media\/433"}],"wp:attachment":[{"href":"https:\/\/eggtraymachine.org\/pt\/wp-json\/wp\/v2\/media?parent=432"}],"wp:term":[{"taxonomy":"post_tag","embeddable":true,"href":"https:\/\/eggtraymachine.org\/pt\/wp-json\/wp\/v2\/tags?post=432"},{"taxonomy":"product-type","embeddable":true,"href":"https:\/\/eggtraymachine.org\/pt\/wp-json\/wp\/v2\/product-type?post=432"}],"curies":[{"name":"wp","href":"https:\/\/api.w.org\/{rel}","templated":true}]}}