{"id":384,"date":"2026-04-01T11:04:40","date_gmt":"2026-04-01T03:04:40","guid":{"rendered":"https:\/\/eggtraymachine.org\/?post_type=product&#038;p=384"},"modified":"2026-04-01T11:04:40","modified_gmt":"2026-04-01T03:04:40","slug":"paper-wine-tray-making-machine","status":"publish","type":"product","link":"https:\/\/eggtraymachine.org\/pt\/product\/paper-wine-tray-making-machine\/","title":{"rendered":"M\u00e1quina para fazer bandejas de papel para vinho | m\u00e1quina de embalagem de polpa moldada"},"content":{"rendered":"<p>A m\u00e1quina para fazer bandejas de papel para vinho \u00e9 um tipo de bandeja de papel para embalagens de garrafas de vinho. A m\u00e1quina de produ\u00e7\u00e3o de bandejas para vinho utiliza res\u00edduos de papel para realizar processos como tritura\u00e7\u00e3o, moldagem, secagem, etc., para produzir a embalagem de garrafas de vinho para evitar que os produtos de vidro batam e quebrem. Esta m\u00e1quina para fazer bandejas de papel para vinho pode produzir bandejas para ovos, bandejas para ber\u00e7\u00e1rios, bandejas para ma\u00e7\u00e3s e outros produtos. A m\u00e1quina foi vendida para Canad\u00e1, Nig\u00e9ria, Ar\u00e1bia Saudita, Om\u00e3, \u00c1frica do Sul e muito mais.<\/p>    <figure class=\"wp-block-image size-full\"><img loading=\"lazy\" decoding=\"async\" width=\"720\" height=\"540\" src=\"https:\/\/eggtraymachine.org\/wp-content\/uploads\/2022\/11\/Paper-wine-tray.jpg\" alt=\"M\u00e1quina de fazer bandejas de vinho de papel\" class=\"wp-image-386\" title=\"\" srcset=\"https:\/\/eggtraymachine.org\/wp-content\/uploads\/2022\/11\/Paper-wine-tray.jpg 720w, https:\/\/eggtraymachine.org\/wp-content\/uploads\/2022\/11\/Paper-wine-tray-300x225.jpg 300w\" sizes=\"auto, (max-width: 720px) 100vw, 720px\" \/><figcaption class=\"wp-element-caption\">M\u00e1quina para fazer bandejas de vinho de papel<\/figcaption><\/figure>    <h2 class=\"wp-block-heading\">Por que a m\u00e1quina de bandeja para ovos pode produzir uma bandeja para vinho<\/h2>    <p class=\"translation-block\">Como os moldes produzidos pela<a href=\"https:\/\/eggtraymachine.org\/pt\/product\/2000pc-h-pulp-egg-tray-machine\/\" data-type=\"URL\" data-id=\"https:\/\/eggtraymachine.org\/product\/2000pc-h-pulp-egg-tray-machine\/\"> m\u00e1quina de tabuleiros de ovos<\/a> podem ser substitu\u00eddos, diferentes formas de embalagem podem ser produzidas alterando diferentes moldes. Esta \u00e9 tamb\u00e9m a raz\u00e3o para a diversidade de fun\u00e7\u00f5es da m\u00e1quina de tabuleiros de ovos. Se precisar de encomendar um tabuleiro de vinho para a sua m\u00e1quina de adega para produzir a embalagem de vinho tinto, ent\u00e3o s\u00f3 precisa de fornecer o tamanho da garrafa de vinho, e pode personalizar uma m\u00e1quina \u00fanica.<\/p>    <figure class=\"wp-block-gallery has-nested-images columns-2 is-cropped wp-block-gallery-2 is-layout-flex wp-block-gallery-is-layout-flex\"> <figure class=\"wp-block-image size-large\"><img loading=\"lazy\" decoding=\"async\" width=\"720\" height=\"540\" data-id=\"387\" src=\"https:\/\/eggtraymachine.org\/wp-content\/uploads\/2022\/11\/Paper-wine-tray-making-machine-1.jpg\" alt=\"bandeja de vinho\" class=\"wp-image-387\" title=\"\" srcset=\"https:\/\/eggtraymachine.org\/wp-content\/uploads\/2022\/11\/Paper-wine-tray-making-machine-1.jpg 720w, https:\/\/eggtraymachine.org\/wp-content\/uploads\/2022\/11\/Paper-wine-tray-making-machine-1-300x225.jpg 300w\" sizes=\"auto, (max-width: 720px) 100vw, 720px\" \/><figcaption class=\"wp-element-caption\">Bandeja de vinho<\/figcaption><\/figure>    <figure class=\"wp-block-image size-large\"><img loading=\"lazy\" decoding=\"async\" width=\"720\" height=\"540\" data-id=\"389\" src=\"https:\/\/eggtraymachine.org\/wp-content\/uploads\/2022\/11\/friut-tray.jpg\" alt=\"bandeja de frutas\" class=\"wp-image-389\" title=\"\" srcset=\"https:\/\/eggtraymachine.org\/wp-content\/uploads\/2022\/11\/friut-tray.jpg 720w, https:\/\/eggtraymachine.org\/wp-content\/uploads\/2022\/11\/friut-tray-300x225.jpg 300w\" sizes=\"auto, (max-width: 720px) 100vw, 720px\" \/><figcaption class=\"wp-element-caption\">Bandeja de Fritas<\/figcaption><\/figure>    <figure class=\"wp-block-image size-large\"><img loading=\"lazy\" decoding=\"async\" width=\"720\" height=\"540\" data-id=\"390\" src=\"https:\/\/eggtraymachine.org\/wp-content\/uploads\/2022\/11\/paper-tray.jpg\" alt=\"bandeja de papel\" class=\"wp-image-390\" title=\"\" srcset=\"https:\/\/eggtraymachine.org\/wp-content\/uploads\/2022\/11\/paper-tray.jpg 720w, https:\/\/eggtraymachine.org\/wp-content\/uploads\/2022\/11\/paper-tray-300x225.jpg 300w\" sizes=\"auto, (max-width: 720px) 100vw, 720px\" \/><figcaption class=\"wp-element-caption\">Bandeja de papel<\/figcaption><\/figure>    <figure class=\"wp-block-image size-large\"><img loading=\"lazy\" decoding=\"async\" width=\"720\" height=\"540\" data-id=\"391\" src=\"https:\/\/eggtraymachine.org\/wp-content\/uploads\/2022\/11\/packing-tray.jpg\" alt=\"bandeja de embalagem\" class=\"wp-image-391\" title=\"\" srcset=\"https:\/\/eggtraymachine.org\/wp-content\/uploads\/2022\/11\/packing-tray.jpg 720w, https:\/\/eggtraymachine.org\/wp-content\/uploads\/2022\/11\/packing-tray-300x225.jpg 300w\" sizes=\"auto, (max-width: 720px) 100vw, 720px\" \/><figcaption class=\"wp-element-caption\">Bandeja de embalagem<\/figcaption><\/figure> <\/figure>    <h2 class=\"wp-block-heading\">Processo de produ\u00e7\u00e3o de bandeja de vinho de papel<\/h2>    <figure class=\"wp-block-image size-full\"><img loading=\"lazy\" decoding=\"async\" width=\"720\" height=\"540\" src=\"https:\/\/eggtraymachine.org\/wp-content\/uploads\/2022\/11\/Paper-wine-tray-making-machine-2.jpg\" alt=\"M\u00e1quina de fazer bandejas de vinho de papel\" class=\"wp-image-392\" title=\"\" srcset=\"https:\/\/eggtraymachine.org\/wp-content\/uploads\/2022\/11\/Paper-wine-tray-making-machine-2.jpg 720w, https:\/\/eggtraymachine.org\/wp-content\/uploads\/2022\/11\/Paper-wine-tray-making-machine-2-300x225.jpg 300w\" sizes=\"auto, (max-width: 720px) 100vw, 720px\" \/><figcaption class=\"wp-element-caption\">M\u00e1quina para fazer bandejas de vinho de papel<\/figcaption><\/figure>    <h3 class=\"wp-block-heading\">1. Sistema de polpa\u00e7\u00e3o da m\u00e1quina para fazer bandejas de vinho de papel<\/h3>    <p class=\"translation-block\">(1) Coloque a mat\u00e9ria-prima na m\u00e1quina de<a href=\"https:\/\/en.wikipedia.org\/wiki\/Pulp_(paper)\" target=\"_blank\" rel=\"noopener\"> polpa\u00e7\u00e3o<\/a>, adicione uma quantidade apropriada de \u00e1gua, agite por muito tempo para transformar o papel usado em polpa e, em seguida, coloque-o no tanque de armazenamento de polpa para armazenamento.<\/p>    <p>(2) Coloque a polpa do tanque de armazenamento de polpa no tanque de mistura de polpa, ajuste a concentra\u00e7\u00e3o de polpa no tanque de mistura de polpa e mexa ainda mais a \u00e1gua branca no tanque de retorno e a polpa espessa no tanque de armazenamento de polpa atrav\u00e9s do homogeneizador . Ap\u00f3s ajustar para uma polpa adequada, coloque-a no tanque de abastecimento de polpa para ser utilizada no sistema de conforma\u00e7\u00e3o.<\/p>    <p>&nbsp;Equipamentos utilizados: despolpador, homogeneizador, bomba de polpa, peneira vibrat\u00f3ria, descompressor de polpa<\/p>    <h3 class=\"wp-block-heading\">2. Formando um sistema<\/h3>    <figure class=\"wp-block-image size-full\"><img loading=\"lazy\" decoding=\"async\" width=\"720\" height=\"540\" src=\"https:\/\/eggtraymachine.org\/wp-content\/uploads\/2022\/11\/Paper-wine-tray-forming-machine.jpg\" alt=\"M\u00e1quina formadora de bandeja para vinho de papel\" class=\"wp-image-393\" title=\"\" srcset=\"https:\/\/eggtraymachine.org\/wp-content\/uploads\/2022\/11\/Paper-wine-tray-forming-machine.jpg 720w, https:\/\/eggtraymachine.org\/wp-content\/uploads\/2022\/11\/Paper-wine-tray-forming-machine-300x225.jpg 300w\" sizes=\"auto, (max-width: 720px) 100vw, 720px\" \/><figcaption class=\"wp-element-caption\">M\u00e1quina formadora de bandeja de vinho de papel<\/figcaption><\/figure>    <p>(1) A polpa no tanque de abastecimento de polpa \u00e9 alimentada na m\u00e1quina formadora e adsorvida pelo sistema de v\u00e1cuo, a polpa passa pelo molde do equipamento e a polpa \u00e9 deixada no molde para se formar, e a \u00e1gua branca \u00e9 adsorvido e transferido de volta para o tanque de \u00e1gua pela bomba de v\u00e1cuo.<br>(2) Depois que o molde \u00e9 adsorvido, o molde de transfer\u00eancia passa pela press\u00e3o positiva do compressor de ar para descarregar o ar, e o produto moldado \u00e9 soprado do molde de moldagem para o molde rotativo, e alguns s\u00e3o enviados pelo molde de transfer\u00eancia .<br>Equipamentos utilizados: m\u00e1quina de moldagem, molde, bomba de v\u00e1cuo, tanque de press\u00e3o negativa, bomba de \u00e1gua, compressor de ar, m\u00e1quina de limpeza de moldes<\/p>    <h3 class=\"wp-block-heading\">3. Sistema de secagem<\/h3>    <figure class=\"wp-block-gallery has-nested-images columns-default is-cropped wp-block-gallery-3 is-layout-flex wp-block-gallery-is-layout-flex\"> <figure class=\"wp-block-image size-large\"><img loading=\"lazy\" decoding=\"async\" width=\"720\" height=\"540\" data-id=\"395\" src=\"https:\/\/eggtraymachine.org\/wp-content\/uploads\/2022\/11\/red-wine-tray-making-mahcine.jpg\" alt=\"bandeja de vinho tinto fazendo mahcine\" class=\"wp-image-395\" title=\"\" srcset=\"https:\/\/eggtraymachine.org\/wp-content\/uploads\/2022\/11\/red-wine-tray-making-mahcine.jpg 720w, https:\/\/eggtraymachine.org\/wp-content\/uploads\/2022\/11\/red-wine-tray-making-mahcine-300x225.jpg 300w\" sizes=\"auto, (max-width: 720px) 100vw, 720px\" \/><figcaption class=\"wp-element-caption\">Bandeja de vinho tinto fazendo Mahcine<\/figcaption><\/figure>    <figure class=\"wp-block-image size-large\"><img loading=\"lazy\" decoding=\"async\" width=\"720\" height=\"540\" data-id=\"394\" src=\"https:\/\/eggtraymachine.org\/wp-content\/uploads\/2022\/11\/Drying-system.jpg\" alt=\"sistema de secagem\" class=\"wp-image-394\" title=\"\" srcset=\"https:\/\/eggtraymachine.org\/wp-content\/uploads\/2022\/11\/Drying-system.jpg 720w, https:\/\/eggtraymachine.org\/wp-content\/uploads\/2022\/11\/Drying-system-300x225.jpg 300w\" sizes=\"auto, (max-width: 720px) 100vw, 720px\" \/><figcaption class=\"wp-element-caption\">Sistema de secagem<\/figcaption><\/figure> <\/figure>    <p>(1) M\u00e9todo de secagem natural: depende diretamente do clima e do vento natural para secar o produto.<br>(2) Secagem tradicional: forno t\u00fanel constru\u00eddo em tijolos, a fonte de calor pode escolher g\u00e1s natural, diesel, carv\u00e3o, madeira seca, fontes de calor como g\u00e1s liquefeito de petr\u00f3leo.<br>(3) Nova linha de secagem multicamadas: a linha de secagem de metal de 6 camadas pode economizar energia em mais de 30% em compara\u00e7\u00e3o com a secagem por transmiss\u00e3o, e a principal fonte de calor \u00e9 g\u00e1s natural, \u00f3leo diesel e g\u00e1s liquefeito de petr\u00f3leo.<\/p>    <h2 class=\"wp-block-heading\">4. Embalagem auxiliar de produtos acabados<\/h2>    <p class=\"translation-block\">(1) Empilhador autom\u00e1tico<br>(2) <a href=\"https:\/\/eggtraymachine.org\/pt\/product\/egg-tray-packing-machine\/\" data-type=\"URL\" data-id=\"https:\/\/eggtraymachine.org\/product\/egg-tray-packing-machine\/\">Embaladora<\/a><\/p>    <p>Os equipamentos e processos tecnol\u00f3gicos utilizados na produ\u00e7\u00e3o das bandejas para vinhos s\u00e3o iguais aos das bandejas para ovos. A produ\u00e7\u00e3o \u00e9 relativamente simples e existem muitos tipos de m\u00e1quinas para fazer bandejas de papel para vinho. A produ\u00e7\u00e3o m\u00ednima \u00e9 uma m\u00e1quina para fazer bandejas de papel para vinho de 1000 unidades \/ h.<\/p>    <figure class=\"wp-block-image size-full\"><img loading=\"lazy\" decoding=\"async\" width=\"720\" height=\"540\" src=\"https:\/\/eggtraymachine.org\/wp-content\/uploads\/2022\/11\/Paper-wine-tray-forming-machine.jpg\" alt=\"M\u00e1quina formadora de bandeja para vinho de papel\" class=\"wp-image-393\" title=\"\" srcset=\"https:\/\/eggtraymachine.org\/wp-content\/uploads\/2022\/11\/Paper-wine-tray-forming-machine.jpg 720w, https:\/\/eggtraymachine.org\/wp-content\/uploads\/2022\/11\/Paper-wine-tray-forming-machine-300x225.jpg 300w\" sizes=\"auto, (max-width: 720px) 100vw, 720px\" \/><figcaption class=\"wp-element-caption\">M\u00e1quina formadora de bandeja de vinho de papel<\/figcaption><\/figure>","protected":false},"excerpt":{"rendered":"<p>The paper wine tray-making machine is a kind of paper tray for wine bottle packaging. The wine tray production machine uses waste paper to perform processes such as crushing, molding, drying, etc., to produce the packaging of wine bottles to prevent glass products from hitting and breaking. This paper wine tray-making machine can Production of [&hellip;]<\/p>\n","protected":false},"author":1,"featured_media":385,"parent":0,"template":"","tags":[29],"product-type":[10],"class_list":["post-384","product","type-product","status-publish","has-post-thumbnail","hentry","tag-paper-wine-tray-making-machine","product-type-paper-pulp-tray-forming"],"_links":{"self":[{"href":"https:\/\/eggtraymachine.org\/pt\/wp-json\/wp\/v2\/product\/384","targetHints":{"allow":["GET"]}}],"collection":[{"href":"https:\/\/eggtraymachine.org\/pt\/wp-json\/wp\/v2\/product"}],"about":[{"href":"https:\/\/eggtraymachine.org\/pt\/wp-json\/wp\/v2\/types\/product"}],"author":[{"embeddable":true,"href":"https:\/\/eggtraymachine.org\/pt\/wp-json\/wp\/v2\/users\/1"}],"wp:featuredmedia":[{"embeddable":true,"href":"https:\/\/eggtraymachine.org\/pt\/wp-json\/wp\/v2\/media\/385"}],"wp:attachment":[{"href":"https:\/\/eggtraymachine.org\/pt\/wp-json\/wp\/v2\/media?parent=384"}],"wp:term":[{"taxonomy":"post_tag","embeddable":true,"href":"https:\/\/eggtraymachine.org\/pt\/wp-json\/wp\/v2\/tags?post=384"},{"taxonomy":"product-type","embeddable":true,"href":"https:\/\/eggtraymachine.org\/pt\/wp-json\/wp\/v2\/product-type?post=384"}],"curies":[{"name":"wp","href":"https:\/\/api.w.org\/{rel}","templated":true}]}}