{"id":277,"date":"2022-08-12T06:20:33","date_gmt":"2022-08-12T06:20:33","guid":{"rendered":"https:\/\/eggtraymachine.org\/?post_type=product&#038;p=277"},"modified":"2022-12-05T10:14:13","modified_gmt":"2022-12-05T02:14:13","slug":"2000pc-h-pulp-egg-tray-machine","status":"publish","type":"product","link":"https:\/\/eggtraymachine.org\/pt\/product\/2000pc-h-pulp-egg-tray-machine\/","title":{"rendered":"m\u00e1quina da bandeja do ovo da polpa 2000pc\/h"},"content":{"rendered":"<p class=\"translation-block\">Esta m\u00e1quina de bandejas de papel de polpa gera at\u00e9 2000 unidades por hora, e a nossa <a href=\"https:\/\/eggtraymachine.org\/pt\/product\/egg-tray-production-line\/\">produ\u00e7\u00e3o de bandejas de egg tray tem 1000-8000 configura\u00e7\u00f5es diferentes<\/a>. A bandeja \u00e9 reciclada atrav\u00e9s de papel usado. Ap\u00f3s a tritura\u00e7\u00e3o, a bandeja \u00e9 produzida. O tamanho normal da bandeja produzida \u00e9 de 30 furos, e tamb\u00e9m pode ser personalizado.<\/p>    <figure class=\"wp-block-embed is-type-video is-provider-youtube wp-block-embed-youtube wp-embed-aspect-16-9 wp-has-aspect-ratio\"><div class=\"wp-block-embed__wrapper\"> <iframe loading=\"lazy\" title=\"M\u00e1quina de produto de bandeja de ovo roxo | a m\u00e1quina de fazer bandeja para ovos de papel | projeto de reciclagem de res\u00edduos de papel\" width=\"500\" height=\"281\" src=\"https:\/\/www.youtube.com\/embed\/5HgNoY7QYm0?feature=oembed\" frameborder=\"0\" allow=\"accelerometer; autoplay; clipboard-write; encrypted-media; gyroscope; picture-in-picture; web-share\" referrerpolicy=\"strict-origin-when-cross-origin\" allowfullscreen><\/iframe> <\/div><\/figure>    <h2 class=\"wp-block-heading\" id=\"h-why-is-the-egg-tray-industry-so-popular\">Por que a ind\u00fastria de bandejas para ovos \u00e9 t\u00e3o popular?<\/h2>    <figure class=\"wp-block-gallery has-nested-images columns-default is-cropped wp-block-gallery-2 is-layout-flex wp-block-gallery-is-layout-flex\"> <figure class=\"wp-block-image size-large\"><img loading=\"lazy\" decoding=\"async\" width=\"720\" height=\"540\" data-id=\"283\" src=\"https:\/\/eggtraymachine.org\/wp-content\/uploads\/2022\/08\/pulp-egg-tray-after-packing.webp\" alt=\"bandeja de ovos de polpa ap\u00f3s embalagem\" class=\"wp-image-283\" title=\"\" srcset=\"https:\/\/eggtraymachine.org\/wp-content\/uploads\/2022\/08\/pulp-egg-tray-after-packing.webp 720w, https:\/\/eggtraymachine.org\/wp-content\/uploads\/2022\/08\/pulp-egg-tray-after-packing-300x225.webp 300w\" sizes=\"auto, (max-width: 720px) 100vw, 720px\" \/><figcaption class=\"wp-element-caption\">Bandeja de ovo de polpa ap\u00f3s embalagem<\/figcaption><\/figure>    <figure class=\"wp-block-image size-large\"><img loading=\"lazy\" decoding=\"async\" width=\"720\" height=\"540\" data-id=\"284\" src=\"https:\/\/eggtraymachine.org\/wp-content\/uploads\/2022\/08\/pulp-egg-tray.webp\" alt=\"bandeja de ovo de polpa\" class=\"wp-image-284\" title=\"\" srcset=\"https:\/\/eggtraymachine.org\/wp-content\/uploads\/2022\/08\/pulp-egg-tray.webp 720w, https:\/\/eggtraymachine.org\/wp-content\/uploads\/2022\/08\/pulp-egg-tray-300x225.webp 300w\" sizes=\"auto, (max-width: 720px) 100vw, 720px\" \/><figcaption class=\"wp-element-caption\">Bandeja de Ovos de Polpa<\/figcaption><\/figure> <\/figure>    <p>Existem tr\u00eas raz\u00f5es para a popularidade da produ\u00e7\u00e3o de bandejas para ovos. Primeiro, o custo de produ\u00e7\u00e3o das bandejas para ovos \u00e9 baixo e o custo de produ\u00e7\u00e3o das bandejas para ovos, especialmente as mat\u00e9rias-primas, \u00e9 baixo. Al\u00e9m disso, a produ\u00e7\u00e3o de bandejas para ovos \u00e9 um processo ecologicamente correto, e todo o processo de produ\u00e7\u00e3o de bandejas para ovos \u00e9 livre de polui\u00e7\u00e3o e atende aos padr\u00f5es de saneamento ambiental de diversos pa\u00edses. Finalmente, as bandejas para ovos s\u00e3o consum\u00edveis e os fabricantes de bandejas para ovos podem ter clientes regulares e pedidos est\u00e1veis. Estas s\u00e3o as raz\u00f5es pelas quais a produ\u00e7\u00e3o de bandejas para ovos \u00e9 t\u00e3o popular.<\/p>    <h2 class=\"wp-block-heading\">par\u00e2metro da m\u00e1quina da bandeja do ovo da polpa 2000pc\/h<\/h2>   <div class=\"wp-block-image\"> <figure class=\"aligncenter size-full\"><img loading=\"lazy\" decoding=\"async\" width=\"720\" height=\"540\" src=\"https:\/\/eggtraymachine.org\/wp-content\/uploads\/2022\/08\/pulp-egg-tray-machine-1.webp\" alt=\"m\u00e1quina formadora de bandeja para ovos de polpa\" class=\"wp-image-285\" title=\"\" srcset=\"https:\/\/eggtraymachine.org\/wp-content\/uploads\/2022\/08\/pulp-egg-tray-machine-1.webp 720w, https:\/\/eggtraymachine.org\/wp-content\/uploads\/2022\/08\/pulp-egg-tray-machine-1-300x225.webp 300w\" sizes=\"auto, (max-width: 720px) 100vw, 720px\" \/><figcaption class=\"wp-element-caption\">m\u00e1quina formadora de bandeja para ovos de polpa<\/figcaption><\/figure> <\/div>   <figure class=\"wp-block-table\"><table><tbody><tr><td>modelo<\/td><td>  sa\u00edda<\/td><td>consumo de papel<\/td><td>Consumo de \u00e1gua<br><\/td><td>energia utilizada<\/td><td>n\u00famero de Trabalho<\/td><\/tr><tr><td>SL-3*4<\/td><td>2.000-2.500 unidades\/h<\/td><td>200kg\/hora<\/td><td>450kg\/hora<\/td><td>58 kw\/h<\/td><td>4-5<\/td><\/tr><\/tbody><\/table><figcaption class=\"wp-element-caption\"> par\u00e2metro da m\u00e1quina da bandeja de ovos de polpa<\/figcaption><\/figure>    <p class=\"translation-block\">A produ\u00e7\u00e3o m\u00ednima desta <a href=\"https:\/\/en.wikipedia.org\/wiki\/Pulp_(band)\" data-type=\"URL\" data-id=\"https:\/\/en.wikipedia.org\/wiki\/Pulp_(band)\" target=\"_blank\" rel=\"noopener\">polpa<\/a> de bandeja de ovo \u00e9 2000\/h, e a mais alta pode alcan\u00e7ar 2500pc\/h, o que tem uma certa rela\u00e7\u00e3o com as habilidades de opera\u00e7\u00e3o dos trabalhadores da linha de produ\u00e7\u00e3o de bandejas. Ap\u00f3s o c\u00e1lculo, 200 kg de papel e 450 kg de papel precisam de ser consumidos numa hora. A rela\u00e7\u00e3o \u00e1gua\/papel \u00e9 de cerca de 3:1.<\/p>    <h2 class=\"wp-block-heading\">Sele\u00e7\u00e3o de modelo de m\u00e1quina de bandeja para ovos<\/h2>   <div class=\"wp-block-image\"> <figure class=\"aligncenter size-full\"><img loading=\"lazy\" decoding=\"async\" width=\"720\" height=\"540\" src=\"https:\/\/eggtraymachine.org\/wp-content\/uploads\/2022\/08\/egg-tray-machine-factory-1.webp\" alt=\"f\u00e1brica de m\u00e1quinas de bandeja para ovos\" class=\"wp-image-287\" title=\"\" srcset=\"https:\/\/eggtraymachine.org\/wp-content\/uploads\/2022\/08\/egg-tray-machine-factory-1.webp 720w, https:\/\/eggtraymachine.org\/wp-content\/uploads\/2022\/08\/egg-tray-machine-factory-1-300x225.webp 300w\" sizes=\"auto, (max-width: 720px) 100vw, 720px\" \/><figcaption class=\"wp-element-caption\">f\u00e1brica de m\u00e1quinas de bandeja para ovos<\/figcaption><\/figure> <\/div>   <p class=\"translation-block\">A f\u00e1brica Shuliy tem linhas de produ\u00e7\u00e3o de bandejas com diferentes outputs de 1000-8000pc\/h, que atendem \u00e0s necessidades da maioria da produ\u00e7\u00e3o de bandejas, entre as quais <a href=\"https:\/\/eggtraymachine.org\/pt\/product\/egg-tray-making-machine\/\">produ\u00e7\u00e3o de bandejas de 1000-2000pc\/h<\/a> pertence ao processamento de bandejas de baixo volume, adequado para oficinas familiares. Ou, quando uma pequena f\u00e1brica processa bandejas, 8000pc\/h \u00e9 o output m\u00e1ximo. Se trabalhar 8 horas por dia, pode produzir 64.000pc por dia, o que pode formar uma certa escala de processamento de bandejas.<\/p>    <h2 class=\"wp-block-heading\">Configura\u00e7\u00e3o do equipamento de produ\u00e7\u00e3o de bandeja de ovos 2.000 pc\/h<\/h2>   <div class=\"wp-block-image\"> <figure class=\"aligncenter size-full\"><img loading=\"lazy\" decoding=\"async\" width=\"720\" height=\"540\" src=\"https:\/\/eggtraymachine.org\/wp-content\/uploads\/2022\/08\/egg-tray-production-line-5.webp\" alt=\"linha de produ\u00e7\u00e3o de bandeja para ovos\" class=\"wp-image-286\" title=\"\" srcset=\"https:\/\/eggtraymachine.org\/wp-content\/uploads\/2022\/08\/egg-tray-production-line-5.webp 720w, https:\/\/eggtraymachine.org\/wp-content\/uploads\/2022\/08\/egg-tray-production-line-5-300x225.webp 300w\" sizes=\"auto, (max-width: 720px) 100vw, 720px\" \/><figcaption class=\"wp-element-caption\">linha de produ\u00e7\u00e3o de bandeja para ovos<\/figcaption><\/figure> <\/div>   <p>A produ\u00e7\u00e3o de bandejas para ovos de 2.000 unidades \/ h requer um despolpador, uma m\u00e1quina formadora de bandejas para ovos, um secador e uma enfardadeira. Esses dispositivos formam uma linha completa de produ\u00e7\u00e3o de bandejas para ovos.<\/p>    <h2 class=\"wp-block-heading\">Molde para m\u00e1quina de bandeja de ovos de polpa<\/h2>    <figure class=\"wp-block-gallery has-nested-images columns-default is-cropped wp-block-gallery-3 is-layout-flex wp-block-gallery-is-layout-flex\"> <figure class=\"wp-block-image size-large\"><img loading=\"lazy\" decoding=\"async\" width=\"720\" height=\"540\" data-id=\"288\" src=\"https:\/\/eggtraymachine.org\/wp-content\/uploads\/2022\/08\/plastic-egg-tray-mould.webp\" alt=\"molde de bandeja de ovos de pl\u00e1stico\" class=\"wp-image-288\" title=\"\" srcset=\"https:\/\/eggtraymachine.org\/wp-content\/uploads\/2022\/08\/plastic-egg-tray-mould.webp 720w, https:\/\/eggtraymachine.org\/wp-content\/uploads\/2022\/08\/plastic-egg-tray-mould-300x225.webp 300w\" sizes=\"auto, (max-width: 720px) 100vw, 720px\" \/><figcaption class=\"wp-element-caption\">Molde de bandeja de ovos de pl\u00e1stico<\/figcaption><\/figure>    <figure class=\"wp-block-image size-large\"><img loading=\"lazy\" decoding=\"async\" width=\"720\" height=\"540\" data-id=\"289\" src=\"https:\/\/eggtraymachine.org\/wp-content\/uploads\/2022\/08\/metal-egg-tray-mould.webp\" alt=\"molde de bandeja de ovo de metal\" class=\"wp-image-289\" title=\"\" srcset=\"https:\/\/eggtraymachine.org\/wp-content\/uploads\/2022\/08\/metal-egg-tray-mould.webp 720w, https:\/\/eggtraymachine.org\/wp-content\/uploads\/2022\/08\/metal-egg-tray-mould-300x225.webp 300w\" sizes=\"auto, (max-width: 720px) 100vw, 720px\" \/><figcaption class=\"wp-element-caption\">Molde de bandeja de ovo de metal<\/figcaption><\/figure> <\/figure>    <p>O molde da m\u00e1quina de bandeja para ovos de polpa tem dois materiais, um \u00e9 a bandeja para ovos feita de material pl\u00e1stico e o outro \u00e9 a bandeja para ovos feita de material met\u00e1lico. Tamb\u00e9m um pouco mais caro. Para fazer diferentes tipos de bandejas para ovos, voc\u00ea s\u00f3 precisa substituir diferentes moldes de bandeja para ovos, mas al\u00e9m de fazer bandejas para ovos, bandejas de metal para ovos s\u00e3o necess\u00e1rias para fazer outros tipos de produtos de papel. Como as bandejas de metal para ovos s\u00e3o feitas de maneira mais fina, as bandejas de pl\u00e1stico para ovos n\u00e3o atendem aos requisitos.<\/p>    <h2 class=\"wp-block-heading\">secador de bandeja para ovos 2000kg\/h<\/h2>   <div class=\"wp-block-image\"> <figure class=\"aligncenter size-full\"><img loading=\"lazy\" decoding=\"async\" width=\"720\" height=\"540\" src=\"https:\/\/eggtraymachine.org\/wp-content\/uploads\/2022\/08\/egg-tray-after-drying.webp\" alt=\"bandeja de ovos depois de secar\" class=\"wp-image-290\" title=\"\" srcset=\"https:\/\/eggtraymachine.org\/wp-content\/uploads\/2022\/08\/egg-tray-after-drying.webp 720w, https:\/\/eggtraymachine.org\/wp-content\/uploads\/2022\/08\/egg-tray-after-drying-300x225.webp 300w\" sizes=\"auto, (max-width: 720px) 100vw, 720px\" \/><figcaption class=\"wp-element-caption\">bandeja de ovos depois de secar<\/figcaption><\/figure> <\/div>   <p class=\"translation-block\">A secagem natural de bandejas de 2000kg\/h j\u00e1 n\u00e3o satisfaz as necessidades de produ\u00e7\u00e3o. \u00c9 necess\u00e1rio secar com um <a href=\"https:\/\/eggtraymachine.org\/pt\/product\/paper-egg-tray-dryer-egg-tray-drying-machine\/\">secador de bandejas de metal<\/a>, ou pode ser construido um forno de tijolos para secar. A efici\u00eancia de secagem do secador \u00e9 de cerca de 30-40 minutos, e o processo de secagem pode ter produ\u00e7\u00e3o totalmente autom\u00e1tica.<\/p>    <h2 class=\"wp-block-heading\">v\u00eddeo da m\u00e1quina da bandeja do ovo da polpa 2000pc\/h<\/h2>    <figure class=\"wp-block-embed is-type-video is-provider-youtube wp-block-embed-youtube wp-embed-aspect-16-9 wp-has-aspect-ratio\"><div class=\"wp-block-embed__wrapper\"> <iframe loading=\"lazy\" title=\"A f\u00e1brica de m\u00e1quinas de bandejas para ovos produziu m\u00e1quinas de bandejas para ovos de 2.000 unidades \/ h para clientes do Uzbequist\u00e3o\" width=\"500\" height=\"281\" src=\"https:\/\/www.youtube.com\/embed\/qA1CohOIiFc?feature=oembed\" frameborder=\"0\" allow=\"accelerometer; autoplay; clipboard-write; encrypted-media; gyroscope; picture-in-picture; web-share\" referrerpolicy=\"strict-origin-when-cross-origin\" allowfullscreen><\/iframe> <\/div><figcaption class=\"wp-element-caption\">v\u00eddeo da m\u00e1quina de bandeja para ovos<\/figcaption><\/figure>","protected":false},"excerpt":{"rendered":"<p>Esta m\u00e1quina de bandeja para ovos com polpa \u00e9 uma m\u00e1quina para bandeja para ovos com uma produ\u00e7\u00e3o de 2.000 unidades por hora, e nossa produ\u00e7\u00e3o de bandejas para ovos tem de 1.000 a 8.000 configura\u00e7\u00f5es diferentes. <\/p>","protected":false},"author":1,"featured_media":282,"parent":0,"template":"","tags":[26],"product-type":[9,4],"class_list":["post-277","product","type-product","status-publish","has-post-thumbnail","hentry","tag-egg-tray-machine","product-type-egg-tray-making","product-type-product"],"_links":{"self":[{"href":"https:\/\/eggtraymachine.org\/pt\/wp-json\/wp\/v2\/product\/277","targetHints":{"allow":["GET"]}}],"collection":[{"href":"https:\/\/eggtraymachine.org\/pt\/wp-json\/wp\/v2\/product"}],"about":[{"href":"https:\/\/eggtraymachine.org\/pt\/wp-json\/wp\/v2\/types\/product"}],"author":[{"embeddable":true,"href":"https:\/\/eggtraymachine.org\/pt\/wp-json\/wp\/v2\/users\/1"}],"wp:featuredmedia":[{"embeddable":true,"href":"https:\/\/eggtraymachine.org\/pt\/wp-json\/wp\/v2\/media\/282"}],"wp:attachment":[{"href":"https:\/\/eggtraymachine.org\/pt\/wp-json\/wp\/v2\/media?parent=277"}],"wp:term":[{"taxonomy":"post_tag","embeddable":true,"href":"https:\/\/eggtraymachine.org\/pt\/wp-json\/wp\/v2\/tags?post=277"},{"taxonomy":"product-type","embeddable":true,"href":"https:\/\/eggtraymachine.org\/pt\/wp-json\/wp\/v2\/product-type?post=277"}],"curies":[{"name":"wp","href":"https:\/\/api.w.org\/{rel}","templated":true}]}}