{"id":224,"date":"2022-08-11T02:59:56","date_gmt":"2022-08-11T02:59:56","guid":{"rendered":"https:\/\/eggtraymachine.org\/?post_type=product&#038;p=224"},"modified":"2025-08-14T14:20:27","modified_gmt":"2025-08-14T06:20:27","slug":"egg-tray-carton-hot-pressing-machine","status":"publish","type":"product","link":"https:\/\/eggtraymachine.org\/pt\/product\/egg-tray-carton-hot-pressing-machine\/","title":{"rendered":"M\u00e1quina de prensagem a quente de caixa de bandeja de ovos"},"content":{"rendered":"<p class=\"translation-block\">Uma m\u00e1quina de prensa a quente para caixas de bandejas de ovos \u00e9 uma m\u00e1quina para alisar a superf\u00edcie das bandejas de ovos e bandejas de ovos, e para o processamento profundo das bandejas de ovos. Geralmente \u00e9 utilizada para prensar a quente ap\u00f3s <a href=\"https:\/\/eggtraymachine.org\/pt\/product\/egg-tray-production-line\/\">a caixa de forma\u00e7\u00e3o da m\u00e1quina de forma\u00e7\u00e3o de bandejas de ovos<\/a>, e pode ser embalada ap\u00f3s a prensagem a quente. <\/p>    <p>A prensa a quente leva apenas 6-10 segundos para prensar uma bandeja de ovos, com efici\u00eancia de produ\u00e7\u00e3o extremamente alta. Atualmente, a m\u00e1quina de forma\u00e7\u00e3o a quente foi vendida para os Estados Unidos, Fran\u00e7a, Vietn\u00e3, Filipinas e outros lugares.<\/p>    <h2 class=\"wp-block-heading\">V\u00eddeo de funcionamento da prensa a quente para bandejas de ovos<\/h2>    <figure class=\"wp-block-embed is-type-video is-provider-youtube wp-block-embed-youtube wp-embed-aspect-16-9 wp-has-aspect-ratio\"><div class=\"wp-block-embed__wrapper\"> <iframe loading=\"lazy\" title=\"Prensa a quente com bandeja de ovos remov\u00edvel | pode prensar quatro de cada vez\" width=\"422\" height=\"750\" src=\"https:\/\/www.youtube.com\/embed\/L_EJA79i29Y?feature=oembed\" frameborder=\"0\" allow=\"accelerometer; autoplay; clipboard-write; encrypted-media; gyroscope; picture-in-picture; web-share\" referrerpolicy=\"strict-origin-when-cross-origin\" allowfullscreen><\/iframe> <\/div><\/figure>    <h2 class=\"wp-block-heading\">Quais produtos devem ter forma corrigida?<\/h2>    <figure class=\"wp-block-gallery has-nested-images columns-default is-cropped wp-block-gallery-2 is-layout-flex wp-block-gallery-is-layout-flex\"> <figure class=\"wp-block-image size-large\"><img loading=\"lazy\" decoding=\"async\" width=\"720\" height=\"540\" data-id=\"469\" src=\"https:\/\/eggtraymachine.org\/wp-content\/uploads\/2023\/03\/egg-tray-making-1.webp\" alt=\"fazer bandeja para ovos\" class=\"wp-image-469\" title=\"\" srcset=\"https:\/\/eggtraymachine.org\/wp-content\/uploads\/2023\/03\/egg-tray-making-1.webp 720w, https:\/\/eggtraymachine.org\/wp-content\/uploads\/2023\/03\/egg-tray-making-1-300x225.webp 300w\" sizes=\"auto, (max-width: 720px) 100vw, 720px\" \/><figcaption class=\"wp-element-caption\">Fabrica\u00e7\u00e3o de bandeja para ovos<\/figcaption><\/figure>    <figure class=\"wp-block-image size-large\"><img loading=\"lazy\" decoding=\"async\" width=\"720\" height=\"540\" data-id=\"444\" src=\"https:\/\/eggtraymachine.org\/wp-content\/uploads\/2023\/03\/Waste-paper-processing-for-different-packaging-products.webp\" alt=\"Processamento de res\u00edduos de papel para diferentes produtos de embalagem\" class=\"wp-image-444\" title=\"\" srcset=\"https:\/\/eggtraymachine.org\/wp-content\/uploads\/2023\/03\/Waste-paper-processing-for-different-packaging-products.webp 720w, https:\/\/eggtraymachine.org\/wp-content\/uploads\/2023\/03\/Waste-paper-processing-for-different-packaging-products-300x225.webp 300w\" sizes=\"auto, (max-width: 720px) 100vw, 720px\" \/><figcaption class=\"wp-element-caption\">Processamento de res\u00edduos de papel para diferentes produtos de embalagem<\/figcaption><\/figure> <\/figure>    <p>Bandejas de ovos premium e outros produtos de papel requerem m\u00e1quinas de prensagem a quente. Se os requisitos para a apar\u00eancia da bandeja para ovos n\u00e3o forem muito altos, a bandeja para ovos pode ser omitida, mas outros produtos de papel precisam ser equipados com uma m\u00e1quina de prensagem a quente, como caixas de ovos, bandejas de frutas, bandejas de vinho e bebidas de caf\u00e9 bandejas.<\/p>    <figure class=\"wp-block-gallery has-nested-images columns-default is-cropped wp-block-gallery-3 is-layout-flex wp-block-gallery-is-layout-flex\"> <figure class=\"wp-block-image size-large\"><img loading=\"lazy\" decoding=\"async\" width=\"720\" height=\"540\" data-id=\"387\" src=\"https:\/\/eggtraymachine.org\/wp-content\/uploads\/2022\/11\/Paper-wine-tray-making-machine-1.jpg\" alt=\"bandeja de vinho\" class=\"wp-image-387\" title=\"\" srcset=\"https:\/\/eggtraymachine.org\/wp-content\/uploads\/2022\/11\/Paper-wine-tray-making-machine-1.jpg 720w, https:\/\/eggtraymachine.org\/wp-content\/uploads\/2022\/11\/Paper-wine-tray-making-machine-1-300x225.jpg 300w\" sizes=\"auto, (max-width: 720px) 100vw, 720px\" \/><figcaption class=\"wp-element-caption\">Bandeja de vinho<\/figcaption><\/figure>    <figure class=\"wp-block-image size-large\"><img loading=\"lazy\" decoding=\"async\" width=\"720\" height=\"540\" data-id=\"386\" src=\"https:\/\/eggtraymachine.org\/wp-content\/uploads\/2022\/11\/Paper-wine-tray.jpg\" alt=\"M\u00e1quina de fazer bandejas de vinho de papel\" class=\"wp-image-386\" title=\"\" srcset=\"https:\/\/eggtraymachine.org\/wp-content\/uploads\/2022\/11\/Paper-wine-tray.jpg 720w, https:\/\/eggtraymachine.org\/wp-content\/uploads\/2022\/11\/Paper-wine-tray-300x225.jpg 300w\" sizes=\"auto, (max-width: 720px) 100vw, 720px\" \/><figcaption class=\"wp-element-caption\">M\u00e1quina para fazer bandejas de vinho de papel<\/figcaption><\/figure> <\/figure>    <h2 class=\"wp-block-heading\">A fun\u00e7\u00e3o da m\u00e1quina de prensagem de bandeja para ovos<\/h2>    <figure class=\"wp-block-gallery aligncenter has-nested-images columns-default is-cropped wp-block-gallery-4 is-layout-flex wp-block-gallery-is-layout-flex\"> <figure class=\"wp-block-image size-full\"><img loading=\"lazy\" decoding=\"async\" width=\"720\" height=\"540\" data-id=\"230\" src=\"https:\/\/eggtraymachine.org\/wp-content\/uploads\/2022\/08\/egg-tray-pressing-machine-function.webp\" alt=\"fun\u00e7\u00e3o de m\u00e1quina de prensagem de bandeja de ovos\" class=\"wp-image-230\" title=\"\" srcset=\"https:\/\/eggtraymachine.org\/wp-content\/uploads\/2022\/08\/egg-tray-pressing-machine-function.webp 720w, https:\/\/eggtraymachine.org\/wp-content\/uploads\/2022\/08\/egg-tray-pressing-machine-function-300x225.webp 300w\" sizes=\"auto, (max-width: 720px) 100vw, 720px\" \/><figcaption class=\"wp-element-caption\">Fun\u00e7\u00e3o de m\u00e1quina de prensagem a quente de bandeja de ovos<\/figcaption><\/figure>    <figure class=\"wp-block-image size-full\"><img loading=\"lazy\" decoding=\"async\" width=\"720\" height=\"540\" data-id=\"388\" src=\"https:\/\/eggtraymachine.org\/wp-content\/uploads\/2022\/11\/wine-tray.jpg\" alt=\"bandeja de vinho\" class=\"wp-image-388\" title=\"\" srcset=\"https:\/\/eggtraymachine.org\/wp-content\/uploads\/2022\/11\/wine-tray.jpg 720w, https:\/\/eggtraymachine.org\/wp-content\/uploads\/2022\/11\/wine-tray-300x225.jpg 300w\" sizes=\"auto, (max-width: 720px) 100vw, 720px\" \/><figcaption class=\"wp-element-caption\">Bandeja de vinho<\/figcaption><\/figure> <\/figure>    <p class=\"translation-block\">A <a href=\"https:\/\/en.wikipedia.org\/wiki\/Hot_Press\" data-type=\"URL\" data-id=\"https:\/\/en.wikipedia.org\/wiki\/Hot_Press\" target=\"_blank\" rel=\"noopener\">prensa a quente<\/a> \u00e9 usada para corre\u00e7\u00e3o de forma ap\u00f3s a forma\u00e7\u00e3o da bandeja de ovos, o que pode deixar a superf\u00edcie da bandeja de ovos ou bandeja de papel mais lisa. Ap\u00f3s usar a m\u00e1quina de forma\u00e7\u00e3o a quente, a caixa de ovos ficar\u00e1 mais bonita, o que pode aumentar o pre\u00e7o da caixa de ovos e produzir maiores lucros.<\/p>    <h2 class=\"wp-block-heading\">Como usar a m\u00e1quina de prensagem a quente de bandeja para ovos?<\/h2>    <p>Uma m\u00e1quina de prensagem a quente para caixas de ovos \u00e9 uma m\u00e1quina semi-autom\u00e1tica que precisa ser operada manualmente. Ao prensar a quente a m\u00e1quina, a superf\u00edcie da caixa de ovos e da bandeja de ovos fica mais uniforme. A temperatura pode ser ajustada entre 150-200 graus Celsius de acordo com as necessidades reais. <\/p>    <p>Tem uma ampla gama de aplica\u00e7\u00f5es, que pode ser usada para prensar a quente caixas de ovos, bandejas de vinho, bandejas de frutas e outras bandejas de papel. O tempo necess\u00e1rio para prensar a quente uma bandeja de ovos \u00e9 de 6-10 segundos. A efici\u00eancia de produ\u00e7\u00e3o \u00e9 muito alta.<\/p>    <figure class=\"wp-block-gallery aligncenter has-nested-images columns-default is-cropped wp-block-gallery-5 is-layout-flex wp-block-gallery-is-layout-flex\"> <figure class=\"wp-block-image size-large\"><img loading=\"lazy\" decoding=\"async\" width=\"540\" height=\"720\" data-id=\"733\" src=\"https:\/\/eggtraymachine.org\/wp-content\/uploads\/2025\/08\/egg-carton-hot-press-machine.webp\" alt=\"m\u00e1quina de prensa a quente para caixas de ovos\" class=\"wp-image-733\" title=\"\" srcset=\"https:\/\/eggtraymachine.org\/wp-content\/uploads\/2025\/08\/egg-carton-hot-press-machine.webp 540w, https:\/\/eggtraymachine.org\/wp-content\/uploads\/2025\/08\/egg-carton-hot-press-machine-225x300.webp 225w, https:\/\/eggtraymachine.org\/wp-content\/uploads\/2025\/08\/egg-carton-hot-press-machine-9x12.webp 9w\" sizes=\"auto, (max-width: 540px) 100vw, 540px\" \/><figcaption class=\"wp-element-caption\">M\u00e1quina de Prensa a Quente para Caixas de Ovos<\/figcaption><\/figure>    <figure class=\"wp-block-image size-large\"><img loading=\"lazy\" decoding=\"async\" width=\"720\" height=\"540\" data-id=\"739\" src=\"https:\/\/eggtraymachine.org\/wp-content\/uploads\/2025\/08\/hot-pressing-disk.webp\" alt=\"uma m\u00e1quina com algumas caixas sobre ela\" class=\"wp-image-739\" title=\"\" srcset=\"https:\/\/eggtraymachine.org\/wp-content\/uploads\/2025\/08\/hot-pressing-disk.webp 720w, https:\/\/eggtraymachine.org\/wp-content\/uploads\/2025\/08\/hot-pressing-disk-300x225.webp 300w, https:\/\/eggtraymachine.org\/wp-content\/uploads\/2025\/08\/hot-pressing-disk-16x12.webp 16w\" sizes=\"auto, (max-width: 720px) 100vw, 720px\" \/><figcaption class=\"wp-element-caption\">Disco de Prensa a Quente<\/figcaption><\/figure> <\/figure>    <h2 class=\"wp-block-heading\">Como funciona uma m\u00e1quina de prensagem a quente de caixas de ovos<\/h2>    <figure class=\"wp-block-gallery has-nested-images columns-default is-cropped wp-block-gallery-6 is-layout-flex wp-block-gallery-is-layout-flex\"> <figure class=\"wp-block-image size-full\"><img loading=\"lazy\" decoding=\"async\" width=\"540\" height=\"720\" data-id=\"738\" src=\"https:\/\/eggtraymachine.org\/wp-content\/uploads\/2025\/08\/hot-press-machine.webp\" alt=\"m\u00e1quina de prensagem a quente\" class=\"wp-image-738\" title=\"\" srcset=\"https:\/\/eggtraymachine.org\/wp-content\/uploads\/2025\/08\/hot-press-machine.webp 540w, https:\/\/eggtraymachine.org\/wp-content\/uploads\/2025\/08\/hot-press-machine-225x300.webp 225w, https:\/\/eggtraymachine.org\/wp-content\/uploads\/2025\/08\/hot-press-machine-9x12.webp 9w\" sizes=\"auto, (max-width: 540px) 100vw, 540px\" \/><figcaption class=\"wp-element-caption\">M\u00e1quina de Prensa a Quente<\/figcaption><\/figure>    <figure class=\"wp-block-image size-full\"><img loading=\"lazy\" decoding=\"async\" width=\"540\" height=\"720\" data-id=\"734\" src=\"https:\/\/eggtraymachine.org\/wp-content\/uploads\/2025\/08\/egg-carton-hot-press.webp\" alt=\"prensa a quente para caixas de ovos\" class=\"wp-image-734\" title=\"\" srcset=\"https:\/\/eggtraymachine.org\/wp-content\/uploads\/2025\/08\/egg-carton-hot-press.webp 540w, https:\/\/eggtraymachine.org\/wp-content\/uploads\/2025\/08\/egg-carton-hot-press-225x300.webp 225w, https:\/\/eggtraymachine.org\/wp-content\/uploads\/2025\/08\/egg-carton-hot-press-9x12.webp 9w\" sizes=\"auto, (max-width: 540px) 100vw, 540px\" \/><figcaption class=\"wp-element-caption\">Prensa a Quente para Caixas de Ovos<\/figcaption><\/figure>    <figure class=\"wp-block-image size-full\"><img loading=\"lazy\" decoding=\"async\" width=\"540\" height=\"720\" data-id=\"736\" src=\"https:\/\/eggtraymachine.org\/wp-content\/uploads\/2025\/08\/egg-tray-hot-press.webp\" alt=\"prensa quente para bandeja de ovos\" class=\"wp-image-736\" title=\"\" srcset=\"https:\/\/eggtraymachine.org\/wp-content\/uploads\/2025\/08\/egg-tray-hot-press.webp 540w, https:\/\/eggtraymachine.org\/wp-content\/uploads\/2025\/08\/egg-tray-hot-press-225x300.webp 225w, https:\/\/eggtraymachine.org\/wp-content\/uploads\/2025\/08\/egg-tray-hot-press-9x12.webp 9w\" sizes=\"auto, (max-width: 540px) 100vw, 540px\" \/><figcaption class=\"wp-element-caption\">Prensa a Quente para Bandejas de Ovos<\/figcaption><\/figure> <\/figure>    <p>A prensa a quente para bandejas de ovos \u00e9 formada por alta temperatura. Quando a superf\u00edcie da caixa de ovos \u00e9 exposta a alta temperatura, as rugas na superf\u00edcie se esticar\u00e3o, assim como ao passar roupas em casa, que utiliza o mesmo princ\u00edpio de trabalho. A temperatura da m\u00e1quina de prensagem a quente para bandejas de ovos tamb\u00e9m pode ser ajustada, o que \u00e9 muito simples e conveniente.<\/p>    <h2 class=\"wp-block-heading\">A estrutura da m\u00e1quina modeladora de prensa a quente<\/h2>    <p>Os componentes principais da m\u00e1quina de prensagem a quente de bandeja para ovos incluem motor, engrenagem, motor, rolamento, caixa de engrenagens, etc. O molde da prensa quente da bandeja para ovos pode ser substitu\u00eddo e diferentes moldes precisam ser substitu\u00eddos para processar diferentes bandejas de papel.<\/p>    <figure class=\"wp-block-gallery has-nested-images columns-default is-cropped wp-block-gallery-7 is-layout-flex wp-block-gallery-is-layout-flex\"> <figure class=\"wp-block-image size-large\"><img loading=\"lazy\" decoding=\"async\" width=\"720\" height=\"540\" data-id=\"739\" src=\"https:\/\/eggtraymachine.org\/wp-content\/uploads\/2025\/08\/hot-pressing-disk.webp\" alt=\"uma m\u00e1quina com algumas caixas sobre ela\" class=\"wp-image-739\" title=\"\" srcset=\"https:\/\/eggtraymachine.org\/wp-content\/uploads\/2025\/08\/hot-pressing-disk.webp 720w, https:\/\/eggtraymachine.org\/wp-content\/uploads\/2025\/08\/hot-pressing-disk-300x225.webp 300w, https:\/\/eggtraymachine.org\/wp-content\/uploads\/2025\/08\/hot-pressing-disk-16x12.webp 16w\" sizes=\"auto, (max-width: 720px) 100vw, 720px\" \/><figcaption class=\"wp-element-caption\">Disco de Prensa a Quente<\/figcaption><\/figure>    <figure class=\"wp-block-image size-large\"><img loading=\"lazy\" decoding=\"async\" width=\"720\" height=\"540\" data-id=\"741\" src=\"https:\/\/eggtraymachine.org\/wp-content\/uploads\/2025\/08\/the-mold.webp\" alt=\"o molde\" class=\"wp-image-741\" title=\"\" srcset=\"https:\/\/eggtraymachine.org\/wp-content\/uploads\/2025\/08\/the-mold.webp 720w, https:\/\/eggtraymachine.org\/wp-content\/uploads\/2025\/08\/the-mold-300x225.webp 300w, https:\/\/eggtraymachine.org\/wp-content\/uploads\/2025\/08\/the-mold-16x12.webp 16w\" sizes=\"auto, (max-width: 720px) 100vw, 720px\" \/><figcaption class=\"wp-element-caption\">O Molde<\/figcaption><\/figure>    <figure class=\"wp-block-image size-full\"><img loading=\"lazy\" decoding=\"async\" width=\"720\" height=\"540\" data-id=\"758\" src=\"https:\/\/eggtraymachine.org\/wp-content\/uploads\/2022\/08\/hot-press-control.webp\" alt=\"controlo de prensa a quente\" class=\"wp-image-758\" title=\"\" srcset=\"https:\/\/eggtraymachine.org\/wp-content\/uploads\/2022\/08\/hot-press-control.webp 720w, https:\/\/eggtraymachine.org\/wp-content\/uploads\/2022\/08\/hot-press-control-300x225.webp 300w, https:\/\/eggtraymachine.org\/wp-content\/uploads\/2022\/08\/hot-press-control-16x12.webp 16w\" sizes=\"auto, (max-width: 720px) 100vw, 720px\" \/><figcaption class=\"wp-element-caption\">Controle da Prensa a Quente<\/figcaption><\/figure> <\/figure>    <h2 class=\"wp-block-heading\">Vantagens da m\u00e1quina de prensagem de bandejas de ovos<\/h2>    <figure class=\"wp-block-gallery has-nested-images columns-default is-cropped wp-block-gallery-8 is-layout-flex wp-block-gallery-is-layout-flex\"> <figure class=\"wp-block-image size-large\"><img loading=\"lazy\" decoding=\"async\" width=\"720\" height=\"540\" data-id=\"234\" src=\"https:\/\/eggtraymachine.org\/wp-content\/uploads\/2022\/08\/egg-tray-pressing-machine.webp\" alt=\"\" class=\"wp-image-234\" title=\"\" srcset=\"https:\/\/eggtraymachine.org\/wp-content\/uploads\/2022\/08\/egg-tray-pressing-machine.webp 720w, https:\/\/eggtraymachine.org\/wp-content\/uploads\/2022\/08\/egg-tray-pressing-machine-300x225.webp 300w\" sizes=\"auto, (max-width: 720px) 100vw, 720px\" \/><figcaption class=\"wp-element-caption\">M\u00e1quina de prensagem a quente de caixa de bandeja de ovos<\/figcaption><\/figure>    <figure class=\"wp-block-image size-large\"><img loading=\"lazy\" decoding=\"async\" width=\"720\" height=\"540\" data-id=\"235\" src=\"https:\/\/eggtraymachine.org\/wp-content\/uploads\/2022\/08\/friut-tray.webp\" alt=\"\" class=\"wp-image-235\" title=\"\" srcset=\"https:\/\/eggtraymachine.org\/wp-content\/uploads\/2022\/08\/friut-tray.webp 720w, https:\/\/eggtraymachine.org\/wp-content\/uploads\/2022\/08\/friut-tray-300x225.webp 300w\" sizes=\"auto, (max-width: 720px) 100vw, 720px\" \/><figcaption class=\"wp-element-caption\">Prensagem a quente da caixa da bandeja de ovos <\/figcaption><\/figure> <\/figure>    <ul class=\"wp-block-list\"> <li>Opera\u00e7\u00e3o simples, uma pessoa pode completar o trabalho de prensagem a quente das bandejas de ovos.<\/li>    <li>A m\u00e1quina est\u00e1 equipada com um contador de f\u00e1cil opera\u00e7\u00e3o.<\/li>    <li>Com um dispositivo de seguran\u00e7a por infravermelho.<\/li>    <li>Com fun\u00e7\u00f5es de sopro de molde superior e inferior.<\/li> <\/ul>    <h2 class=\"wp-block-heading\" id=\"h-parameters-of-hot-press-forming-machine\">Par\u00e2metros da m\u00e1quina de forma\u00e7\u00e3o a quente<\/h2>    <figure class=\"wp-block-table\"><table><tbody><tr><td>Nome<\/td><td>M\u00e1quina de prensagem a quente de bandeja de ovos para corre\u00e7\u00e3o de forma<\/td><\/tr><tr><td>Dimens\u00e3o<\/td><td>1200*800*1800mm<\/td><\/tr><tr><td>Press\u00e3o de trabalho<\/td><td>15 toneladas<\/td><\/tr><tr><td>Poder<\/td><td>6,5 kW<\/td><\/tr><tr><td>Temperatura de trabalho<\/td><td>160 ~ 200 \u2103 <\/td><\/tr><tr><td>Tempo de ciclo de trabalho<\/td><td>6-10 segundos<\/td><\/tr><tr><td>Ar comprimido necess\u00e1rio<\/td><td>0.5~0.6mpa, 1m\u00b3\/min<\/td><\/tr><tr><td>Ao controle<\/td><td>Controle CLP<\/td><\/tr><\/tbody><\/table><\/figure>    <figure class=\"wp-block-gallery has-nested-images columns-default is-cropped wp-block-gallery-9 is-layout-flex wp-block-gallery-is-layout-flex\"> <figure class=\"wp-block-image size-large\"><img loading=\"lazy\" decoding=\"async\" width=\"720\" height=\"540\" data-id=\"740\" src=\"https:\/\/eggtraymachine.org\/wp-content\/uploads\/2025\/08\/large-hot-press-machine.webp\" alt=\"grande m\u00e1quina de prensa a quente\" class=\"wp-image-740\" title=\"\" srcset=\"https:\/\/eggtraymachine.org\/wp-content\/uploads\/2025\/08\/large-hot-press-machine.webp 720w, https:\/\/eggtraymachine.org\/wp-content\/uploads\/2025\/08\/large-hot-press-machine-300x225.webp 300w, https:\/\/eggtraymachine.org\/wp-content\/uploads\/2025\/08\/large-hot-press-machine-16x12.webp 16w\" sizes=\"auto, (max-width: 720px) 100vw, 720px\" \/><figcaption class=\"wp-element-caption\">M\u00e1quina de Prensa a Quente Grande<\/figcaption><\/figure>    <figure class=\"wp-block-image size-large\"><img loading=\"lazy\" decoding=\"async\" width=\"720\" height=\"540\" data-id=\"735\" src=\"https:\/\/eggtraymachine.org\/wp-content\/uploads\/2025\/08\/egg-tray-hot-press-factory.webp\" alt=\"f\u00e1brica de prensa a quente de bandeja de ovos\" class=\"wp-image-735\" title=\"\" srcset=\"https:\/\/eggtraymachine.org\/wp-content\/uploads\/2025\/08\/egg-tray-hot-press-factory.webp 720w, https:\/\/eggtraymachine.org\/wp-content\/uploads\/2025\/08\/egg-tray-hot-press-factory-300x225.webp 300w, https:\/\/eggtraymachine.org\/wp-content\/uploads\/2025\/08\/egg-tray-hot-press-factory-16x12.webp 16w\" sizes=\"auto, (max-width: 720px) 100vw, 720px\" \/><figcaption class=\"wp-element-caption\">F\u00e1brica de Prensa a Quente para Bandejas de Ovos<\/figcaption><\/figure> <\/figure>    <h2 class=\"wp-block-heading\">Perguntas Frequentes<\/h2>   <div id=\"rank-math-faq\" class=\"rank-math-block\"> <div class=\"rank-math-list\"> <div id=\"faq-question-1755141787350\" class=\"rank-math-list-item\"> <h3 class=\"rank-math-question\">Qual \u00e9 a fun\u00e7\u00e3o de uma m\u00e1quina prensa calef. de bandejas para ovos?<\/h3> <div class=\"rank-math-answer\">  <p>\u00c9 usada para prensar bandejas de ovos de polpa moldada a altas temperaturas para torn\u00e1-las mais suaves, mais duras e mais resistentes \u00e0 \u00e1gua, melhorando a apar\u00eancia e a durabilidade.<\/p>  <\/div> <\/div> <div id=\"faq-question-1755141923887\" class=\"rank-math-list-item\"> <h3 class=\"rank-math-question\">Pode a m\u00e1quina ser usada para bandejas al\u00e9m de bandejas de ovos?<\/h3> <div class=\"rank-math-answer\">  <p>Sim, mudando o molde, pode ser utilizado para bandejas de fruta, bandejas de garrafas, porta-copos e outros produtos de polpa moldada.<\/p>  <\/div> <\/div> <div id=\"faq-question-1755141959328\" class=\"rank-math-list-item\"> <h3 class=\"rank-math-question\">A prensagem a quente aumenta a resist\u00eancia da bandeja?<\/h3> <div class=\"rank-math-answer\">  <p>Sim, compacta a estrutura da fibra, melhorando a resist\u00eancia mec\u00e2nica, a impermeabilidade e a resist\u00eancia \u00e0 deforma\u00e7\u00e3o.<\/p>  <\/div> <\/div> <div id=\"faq-question-1755142031199\" class=\"rank-math-list-item\"> <h3 class=\"rank-math-question\">Posso personalizar a forma do molde e o logotipo?<\/h3> <div class=\"rank-math-answer\">  <p>Sim, podemos produzir moldes com a forma de bandeja desejada, tamanho de c\u00e9lula e logotipo em relevo.<\/p>  <\/div> <\/div> <div id=\"faq-question-1755141708912\" class=\"rank-math-list-item\"> <h3 class=\"rank-math-question\">A minha linha de produ\u00e7\u00e3o de bandejas de ovos precisa de estar equipada com uma m\u00e1quina de prensagem a quente?<\/h3> <div class=\"rank-math-answer\">  <p>N\u00e3o necessariamente. Uma m\u00e1quina de prensa a quente \u00e9 um equipamento opcional. No entanto, bandejas de ovos que foram prensadas a quente t\u00eam uma apar\u00eancia melhor e podem comandar um pre\u00e7o mais alto.<\/p>  <\/div> <\/div> <\/div> <\/div>   <h2 class=\"wp-block-heading\">Contacte-nos!<\/h2>    <p>Se voc\u00ea gostaria de saber mais sobre m\u00e1quinas de prensa a quente para bandejas de ovos, v\u00eddeos ou cota\u00e7\u00f5es, sinta-se \u00e0 vontade para entrar em contato conosco.<\/p>","protected":false},"excerpt":{"rendered":"<p>Uma m\u00e1quina de prensagem a quente de bandejas para ovos \u00e9 uma m\u00e1quina para alisar a superf\u00edcie de bandejas e bandejas para ovos e para processamento profundo de bandejas para ovos. <\/p>","protected":false},"author":1,"featured_media":228,"parent":0,"template":"","tags":[19,22],"product-type":[4,20],"class_list":["post-224","product","type-product","status-publish","has-post-thumbnail","hentry","tag-egg-tray-hot-pressing-machine","tag-egg-tray-packing-machine","product-type-product","product-type-egg-tray-pressing-machine"],"_links":{"self":[{"href":"https:\/\/eggtraymachine.org\/pt\/wp-json\/wp\/v2\/product\/224","targetHints":{"allow":["GET"]}}],"collection":[{"href":"https:\/\/eggtraymachine.org\/pt\/wp-json\/wp\/v2\/product"}],"about":[{"href":"https:\/\/eggtraymachine.org\/pt\/wp-json\/wp\/v2\/types\/product"}],"author":[{"embeddable":true,"href":"https:\/\/eggtraymachine.org\/pt\/wp-json\/wp\/v2\/users\/1"}],"wp:featuredmedia":[{"embeddable":true,"href":"https:\/\/eggtraymachine.org\/pt\/wp-json\/wp\/v2\/media\/228"}],"wp:attachment":[{"href":"https:\/\/eggtraymachine.org\/pt\/wp-json\/wp\/v2\/media?parent=224"}],"wp:term":[{"taxonomy":"post_tag","embeddable":true,"href":"https:\/\/eggtraymachine.org\/pt\/wp-json\/wp\/v2\/tags?post=224"},{"taxonomy":"product-type","embeddable":true,"href":"https:\/\/eggtraymachine.org\/pt\/wp-json\/wp\/v2\/product-type?post=224"}],"curies":[{"name":"wp","href":"https:\/\/api.w.org\/{rel}","templated":true}]}}