{"id":169,"date":"2022-08-09T07:46:24","date_gmt":"2022-08-09T07:46:24","guid":{"rendered":"https:\/\/eggtraymachine.org\/?post_type=product&#038;p=169"},"modified":"2022-09-29T17:16:49","modified_gmt":"2022-09-29T09:16:49","slug":"egg-tray-pulper","status":"publish","type":"product","link":"https:\/\/eggtraymachine.org\/pt\/product\/egg-tray-pulper\/","title":{"rendered":"Despolpador de bandeja para ovos | m\u00e1quina trituradora de papel"},"content":{"rendered":"<p class=\"translation-block\">A cuba de ovos, tamb\u00e9m conhecida como m\u00e1quina de trituradora de papel, \u00e9 um dispositivo utilizado para esmagar e <a href=\"https:\/\/en.wikipedia.org\/wiki\/Pulp_(paper)\" target=\"_blank\" rel=\"noopener\">fazer polpa<\/a> a partir de res\u00edduos. Durante o processamento de bandejas de ovos, o papel precisa primeiro ser transformado em polpa, e depois as bandejas s\u00e3o feitas por uma m\u00e1quina de conforma\u00e7\u00e3o. A m\u00e1quina de polpa de bandejas de ovos \u00e9 uma m\u00e1quina necess\u00e1ria para a produ\u00e7\u00e3o de bandejas de ovos e a base para a produ\u00e7\u00e3o de bandejas de ovos. A m\u00e1quina de polpa tamb\u00e9m pode ser usada para a conforma\u00e7\u00e3o de v\u00e1rias formas de produtos de papel em f\u00e1bricas de lou\u00e7a, ind\u00fastrias de manufatura de papel e suportes para garrafas de vinho.<\/p>    <figure class=\"wp-block-gallery has-nested-images columns-default is-cropped wp-block-gallery-2 is-layout-flex wp-block-gallery-is-layout-flex\"> <figure class=\"wp-block-image size-large\"><img loading=\"lazy\" decoding=\"async\" width=\"720\" height=\"540\" data-id=\"179\" src=\"https:\/\/eggtraymachine.org\/wp-content\/uploads\/2022\/08\/egg-tray-10.webp\" alt=\"\" class=\"wp-image-179\" title=\"\" srcset=\"https:\/\/eggtraymachine.org\/wp-content\/uploads\/2022\/08\/egg-tray-10.webp 720w, https:\/\/eggtraymachine.org\/wp-content\/uploads\/2022\/08\/egg-tray-10-300x225.webp 300w\" sizes=\"auto, (max-width: 720px) 100vw, 720px\" \/><\/figure>    <figure class=\"wp-block-image size-large\"><img loading=\"lazy\" decoding=\"async\" width=\"720\" height=\"540\" data-id=\"180\" src=\"https:\/\/eggtraymachine.org\/wp-content\/uploads\/2022\/08\/paper-products.webp\" alt=\"produtos de papel\" class=\"wp-image-180\" title=\"\" srcset=\"https:\/\/eggtraymachine.org\/wp-content\/uploads\/2022\/08\/paper-products.webp 720w, https:\/\/eggtraymachine.org\/wp-content\/uploads\/2022\/08\/paper-products-300x225.webp 300w\" sizes=\"auto, (max-width: 720px) 100vw, 720px\" \/><figcaption>Produtos de papel<\/figcaption><\/figure> <\/figure>    <h2 class=\"wp-block-heading\" id=\"h-the-raw-material-of-egg-tray-pulper\">A mat\u00e9ria-prima do despolpador de bandeja para ovos<\/h2>    <p>As mat\u00e9rias-primas do despolpador s\u00e3o principalmente produtos de papel, como caixas de papel\u00e3o ondulado, livros usados \u200b\u200be papel A4, que podem ser utilizados na produ\u00e7\u00e3o de bandejas para ovos. O despolpador pode aproveitar esses res\u00edduos de papel para reciclagem e tritura\u00e7\u00e3o em celulose, o que vale a pena mencionar. Sim, no processo de despolpamento n\u00e3o h\u00e1 necessidade de tritura\u00e7\u00e3o do papel, podendo ser processado diretamente por despolpador hidr\u00e1ulico.<\/p>    <h2 class=\"wp-block-heading\">Quais s\u00e3o os ingredientes do despolpador de bandeja para ovos?<\/h2>    <figure class=\"wp-block-image size-full\"><img loading=\"lazy\" decoding=\"async\" width=\"720\" height=\"540\" src=\"https:\/\/eggtraymachine.org\/wp-content\/uploads\/2022\/08\/Egg-trays-of-different-colors.webp\" alt=\"Bandejas de ovos de cores diferentes\" class=\"wp-image-178\" title=\"\" srcset=\"https:\/\/eggtraymachine.org\/wp-content\/uploads\/2022\/08\/Egg-trays-of-different-colors.webp 720w, https:\/\/eggtraymachine.org\/wp-content\/uploads\/2022\/08\/Egg-trays-of-different-colors-300x225.webp 300w\" sizes=\"auto, (max-width: 720px) 100vw, 720px\" \/><figcaption>Bandejas de ovos de cores diferentes<\/figcaption><\/figure>    <p>O principal componente da m\u00e1quina de bandeja para ovos \u00e9 a polpa, mas para deixar a bandeja para ovos mais firme, geralmente \u00e9 necess\u00e1rio adicionar certos aditivos \u00e0 bandeja para ovos. Voc\u00ea pode adicionar um pouco de p\u00f3 de pedra \u00e0 polpa para garantir que a bandeja de ovos tenha formato suficiente. Al\u00e9m disso, \u00e9 necess\u00e1rio adicionar um pouco de cola para garantir que a polpa fique pegajosa. Claro, isso precisa ser adicionado proporcionalmente. \u00c9 necess\u00e1rio experimentar v\u00e1rias vezes durante a produ\u00e7\u00e3o para encontrar a melhor propor\u00e7\u00e3o a ser adicionada.<\/p>    <h2 class=\"wp-block-heading\">O efeito da despolpa\u00e7\u00e3o na qualidade das bandejas de ovos<\/h2>    <figure class=\"wp-block-image size-full\"><img loading=\"lazy\" decoding=\"async\" width=\"720\" height=\"540\" src=\"https:\/\/eggtraymachine.org\/wp-content\/uploads\/2022\/08\/Egg-tray-pulping-tank.webp\" alt=\"Tanque de polpa\u00e7\u00e3o de bandeja de ovos\" class=\"wp-image-172\" title=\"\" srcset=\"https:\/\/eggtraymachine.org\/wp-content\/uploads\/2022\/08\/Egg-tray-pulping-tank.webp 720w, https:\/\/eggtraymachine.org\/wp-content\/uploads\/2022\/08\/Egg-tray-pulping-tank-300x225.webp 300w\" sizes=\"auto, (max-width: 720px) 100vw, 720px\" \/><figcaption>Tanque de polpa\u00e7\u00e3o de bandeja de ovos<\/figcaption><\/figure>    <p>A polpa\u00e7\u00e3o \u00e9 a primeira etapa na produ\u00e7\u00e3o das bandejas de ovos, e o impacto da polpa\u00e7\u00e3o nas bandejas de ovos \u00e9 muito importante, como a propor\u00e7\u00e3o de \u00e1gua e papel, e o ajuste de cor das bandejas de ovos s\u00e3o todos feitos nesta etapa da polpa\u00e7\u00e3o. Al\u00e9m disso, quanto maior a maciez da polpa, mais bonita ser\u00e1 a bandeja de ovos produzida. Portanto, na polpa\u00e7\u00e3o, s\u00e3o selecionados despolpadores de bandejas para ovos e mat\u00e9rias-primas de alta qualidade.<\/p>    <h2 class=\"wp-block-heading\">Como fazer polpa de bandeja para ovos?<\/h2>    <figure class=\"wp-block-image size-full\"><img loading=\"lazy\" decoding=\"async\" width=\"725\" height=\"210\" src=\"https:\/\/eggtraymachine.org\/wp-content\/uploads\/2022\/08\/make-egg-tray-pulp.webp\" alt=\"fazer polpa de bandeja de ovos\" class=\"wp-image-173\" title=\"\" srcset=\"https:\/\/eggtraymachine.org\/wp-content\/uploads\/2022\/08\/make-egg-tray-pulp.webp 725w, https:\/\/eggtraymachine.org\/wp-content\/uploads\/2022\/08\/make-egg-tray-pulp-300x87.webp 300w\" sizes=\"auto, (max-width: 725px) 100vw, 725px\" \/><figcaption>Fa\u00e7a polpa de bandeja de ovos<\/figcaption><\/figure>    <p class=\"translation-block\">A polpa de bandeja de ovos requer uma m\u00e1quina de polpa de bandeja de ovos e tr\u00eas tanques, o primeiro tanque \u00e9 usado para segurar a polpa, o segundo tanque \u00e9 usado para ajustar a propor\u00e7\u00e3o de polpa e \u00e1gua, e o terceiro tanque \u00e9 um tanque de armazenamento de \u00e1gua. Ap\u00f3s o processamento em tr\u00eas tanques, a mat\u00e9ria-prima da polpa que atende ao <a href=\"https:\/\/eggtraymachine.org\/pt\/product\/egg-tray-forming-machine\/\">formador de bandejas de ovos<\/a> \u00e9 produzida, ent\u00e3o a bandeja de ovos \u00e9 conformada, e por fim, \u00e9 <a href=\"https:\/\/eggtraymachine.org\/pt\/product\/paper-egg-tray-dryer-egg-tray-drying-machine\/\">seca<\/a> a bandeja de ovos. A \u00e1gua produzida pela bandeja de ovos pode ser reciclada, o que facilita a poupan\u00e7a de \u00e1gua.<\/p>    <h2 class=\"wp-block-heading\">Par\u00e2metros da m\u00e1quina trituradora de papel<\/h2>    <figure class=\"wp-block-gallery has-nested-images columns-default is-cropped wp-block-gallery-3 is-layout-flex wp-block-gallery-is-layout-flex\"> <figure class=\"wp-block-image size-large\"><img loading=\"lazy\" decoding=\"async\" width=\"720\" height=\"540\" data-id=\"174\" src=\"https:\/\/eggtraymachine.org\/wp-content\/uploads\/2022\/08\/egg-tray-pulper.webp\" alt=\"despolpador de bandeja de ovos\" class=\"wp-image-174\" title=\"\" srcset=\"https:\/\/eggtraymachine.org\/wp-content\/uploads\/2022\/08\/egg-tray-pulper.webp 720w, https:\/\/eggtraymachine.org\/wp-content\/uploads\/2022\/08\/egg-tray-pulper-300x225.webp 300w\" sizes=\"auto, (max-width: 720px) 100vw, 720px\" \/><figcaption>Despolpador de bandeja de ovos Sl-2.0 <\/figcaption><\/figure>    <figure class=\"wp-block-image size-large\"><img loading=\"lazy\" decoding=\"async\" width=\"720\" height=\"540\" data-id=\"175\" src=\"https:\/\/eggtraymachine.org\/wp-content\/uploads\/2022\/08\/egg-tray-pulper-1.webp\" alt=\"despolpador de bandeja de ovos\" class=\"wp-image-175\" title=\"\" srcset=\"https:\/\/eggtraymachine.org\/wp-content\/uploads\/2022\/08\/egg-tray-pulper-1.webp 720w, https:\/\/eggtraymachine.org\/wp-content\/uploads\/2022\/08\/egg-tray-pulper-1-300x225.webp 300w\" sizes=\"auto, (max-width: 720px) 100vw, 720px\" \/><figcaption>Despolpador de bandeja de ovos Sl-1.0 <\/figcaption><\/figure>    <figure class=\"wp-block-image size-large\"><img loading=\"lazy\" decoding=\"async\" width=\"720\" height=\"540\" data-id=\"176\" src=\"https:\/\/eggtraymachine.org\/wp-content\/uploads\/2022\/08\/egg-tray-pulper-2.webp\" alt=\"despolpador de bandeja de ovos\" class=\"wp-image-176\" title=\"\" srcset=\"https:\/\/eggtraymachine.org\/wp-content\/uploads\/2022\/08\/egg-tray-pulper-2.webp 720w, https:\/\/eggtraymachine.org\/wp-content\/uploads\/2022\/08\/egg-tray-pulper-2-300x225.webp 300w\" sizes=\"auto, (max-width: 720px) 100vw, 720px\" \/><figcaption>Despolpador de bandeja de ovos Sl-4.5<\/figcaption><\/figure> <\/figure>    <figure class=\"wp-block-table\"><table><tbody><tr><td>Modelo<\/td><td>Pot\u00eancia (kW)<\/td><td>Volume\uff08m\u00b3\uff09<\/td><td>Tamanho (mm)<\/td><td>Capacidade (kg\/uma vez)<\/td><\/tr><tr><td>SL-1.0<\/td><td>7.5<\/td><td>1.2<\/td><td>1400*1200*1400<\/td><td>300<\/td><\/tr><tr><td>SL-2.0<\/td><td>11<\/td><td>2.0<\/td><td>1550*1500*1400<\/td><td>400<\/td><\/tr><tr><td>SL-4.5<\/td><td>22<\/td><td>4.5<\/td><td>2200*2200*2600<\/td><td>600<\/td><\/tr><\/tbody><\/table><figcaption>Par\u00e2metros da m\u00e1quina trituradora de papel<\/figcaption><\/figure>    <h2 class=\"wp-block-heading\">Quais pe\u00e7as est\u00e3o inclu\u00eddas no despolpador\uff1f<\/h2>    <figure class=\"wp-block-image size-full\"><img loading=\"lazy\" decoding=\"async\" width=\"720\" height=\"540\" src=\"https:\/\/eggtraymachine.org\/wp-content\/uploads\/2022\/08\/Pulping-machine-composition.webp\" alt=\"Composi\u00e7\u00e3o da m\u00e1quina de polpa\u00e7\u00e3o\" class=\"wp-image-177\" title=\"\" srcset=\"https:\/\/eggtraymachine.org\/wp-content\/uploads\/2022\/08\/Pulping-machine-composition.webp 720w, https:\/\/eggtraymachine.org\/wp-content\/uploads\/2022\/08\/Pulping-machine-composition-300x225.webp 300w\" sizes=\"auto, (max-width: 720px) 100vw, 720px\" \/><figcaption>Composi\u00e7\u00e3o da m\u00e1quina de polpa\u00e7\u00e3o<\/figcaption><\/figure>    <p class=\"translation-block\">A polpa da bandeja de ovos \u00e9 composta por tr\u00eas partes, que s\u00e3o a polpa hidr\u00e1ulica, o refino de polpa e a bomba de polpa, que n\u00e3o s\u00f3 atingem a fun\u00e7\u00e3o de esmagamento do papel, mas tamb\u00e9m a moagem da polpa para assegurar a suavidade da polpa. Misturar bem com \u00e1gua para assegurar que a espessura da bandeja de ovos seja uniforme. A polpa \u00e9 o trabalho b\u00e1sico de fazer bandejas de ovos. Depois da polpa, \u00e9 ent\u00e3o moldada e seca. Podemos fornecer um conjunto completo de <a href=\"https:\/\/eggtraymachine.org\/pt\/product\/egg-tray-production-line\/\" data-type=\"URL\" data-id=\"https:\/\/eggtraymachine.org\/product\/egg-tray-production-line\/\">linhas de produ\u00e7\u00e3o de bandejas de ovos<\/a>, e tamb\u00e9m podemos produzir <a href=\"https:\/\/eggtraymachine.org\/pt\/product\/egg-carton-production-line\/\" data-type=\"URL\" data-id=\"https:\/\/eggtraymachine.org\/product\/egg-carton-production-line\/\">linhas de produ\u00e7\u00e3o de caixas de ovos<\/a> ou <a href=\"https:\/\/eggtraymachine.org\/pt\/product\/apple-tray-making-machine\/\" data-type=\"URL\" data-id=\"https:\/\/eggtraymachine.org\/product\/apple-tray-making-machine\/\">outra m\u00e1quina de embalagem para outros itens fr\u00e1geis<\/a>.<\/p>","protected":false},"excerpt":{"rendered":"<p>O despolpador de bandeja de ovos, tamb\u00e9m conhecido como trituradora de papel, \u00e9 um dispositivo usado para triturar e produzir polpa a partir de res\u00edduos<\/p>","protected":false},"author":1,"featured_media":171,"parent":0,"template":"","tags":[27,28,17],"product-type":[18,4],"class_list":["post-169","product","type-product","status-publish","has-post-thumbnail","hentry","tag-egg-carton-machine","tag-egg-tray","tag-egg-tray-pulper","product-type-egg-tray-pulper","product-type-product"],"_links":{"self":[{"href":"https:\/\/eggtraymachine.org\/pt\/wp-json\/wp\/v2\/product\/169","targetHints":{"allow":["GET"]}}],"collection":[{"href":"https:\/\/eggtraymachine.org\/pt\/wp-json\/wp\/v2\/product"}],"about":[{"href":"https:\/\/eggtraymachine.org\/pt\/wp-json\/wp\/v2\/types\/product"}],"author":[{"embeddable":true,"href":"https:\/\/eggtraymachine.org\/pt\/wp-json\/wp\/v2\/users\/1"}],"wp:featuredmedia":[{"embeddable":true,"href":"https:\/\/eggtraymachine.org\/pt\/wp-json\/wp\/v2\/media\/171"}],"wp:attachment":[{"href":"https:\/\/eggtraymachine.org\/pt\/wp-json\/wp\/v2\/media?parent=169"}],"wp:term":[{"taxonomy":"post_tag","embeddable":true,"href":"https:\/\/eggtraymachine.org\/pt\/wp-json\/wp\/v2\/tags?post=169"},{"taxonomy":"product-type","embeddable":true,"href":"https:\/\/eggtraymachine.org\/pt\/wp-json\/wp\/v2\/product-type?post=169"}],"curies":[{"name":"wp","href":"https:\/\/api.w.org\/{rel}","templated":true}]}}