{"id":157,"date":"2022-08-09T02:16:34","date_gmt":"2022-08-09T02:16:34","guid":{"rendered":"https:\/\/eggtraymachine.org\/?post_type=product&#038;p=157"},"modified":"2024-06-19T10:57:33","modified_gmt":"2024-06-19T02:57:33","slug":"paper-egg-tray-dryer-egg-tray-drying-machine","status":"publish","type":"product","link":"https:\/\/eggtraymachine.org\/pt\/product\/paper-egg-tray-dryer-egg-tray-drying-machine\/","title":{"rendered":"Secador de bandeja para ovos de papel | m\u00e1quina de secar bandeja de ovos"},"content":{"rendered":"<p>O secador de bandeja para ovos de papel \u00e9 um dispositivo essencial para desidratar a bandeja para ovos ap\u00f3s sua forma\u00e7\u00e3o. Como a bandeja para ovos \u00e9 feita por polpa, a bandeja para ovos conter\u00e1 muita \u00e1gua depois de criada. Portanto, uma m\u00e1quina de secar bandejas de ovos \u00e9 necess\u00e1ria para a desidrata\u00e7\u00e3o. Nosso equipamento de secagem de bandejas para ovos pode secar um lote de bandejas para ovos em 30 minutos. O secador de bandeja met\u00e1lica para ovos tamb\u00e9m tem um certo impacto na qualidade da bandeja para ovos. <\/p>    <figure class=\"wp-block-image size-full\"><img loading=\"lazy\" decoding=\"async\" width=\"720\" height=\"540\" src=\"https:\/\/eggtraymachine.org\/wp-content\/uploads\/2022\/08\/Undried-egg-tray.webp\" alt=\"bandeja de ovos n\u00e3o secos\" class=\"wp-image-160\" title=\"\" srcset=\"https:\/\/eggtraymachine.org\/wp-content\/uploads\/2022\/08\/Undried-egg-tray.webp 720w, https:\/\/eggtraymachine.org\/wp-content\/uploads\/2022\/08\/Undried-egg-tray-300x225.webp 300w\" sizes=\"auto, (max-width: 720px) 100vw, 720px\" \/><figcaption class=\"wp-element-caption\">Bandeja de ovos n\u00e3o secos<\/figcaption><\/figure>    <h2 class=\"wp-block-heading\">Vantagens do secador de bandeja para ovos de papel<\/h2>    <ul class=\"wp-block-list\"> <li>30% menos combust\u00edvel do que uma casa de tijolos.<\/li>    <li>A temperatura \u00e9 control\u00e1vel para garantir a qualidade das bandejas de ovos na secadora e das bandejas de ovos. s\u00e3o gelatinizados porque s\u00e3o muito altos.<\/li>    <li>A m\u00e1quina de bandeja para ovos multicamadas ocupa uma pequena \u00e1rea e economiza espa\u00e7o.<\/li>    <li>O secador de bandeja para ovos de papel \u00e9 de produ\u00e7\u00e3o totalmente autom\u00e1tica, economizando trabalhadores.<\/li> <\/ul>    <figure class=\"wp-block-image size-full\"><img loading=\"lazy\" decoding=\"async\" width=\"720\" height=\"540\" src=\"https:\/\/eggtraymachine.org\/wp-content\/uploads\/2022\/08\/Use-the-egg-tray-after-drying.webp\" alt=\"Use a bandeja de ovos ap\u00f3s a secagem\" class=\"wp-image-165\" title=\"\" srcset=\"https:\/\/eggtraymachine.org\/wp-content\/uploads\/2022\/08\/Use-the-egg-tray-after-drying.webp 720w, https:\/\/eggtraymachine.org\/wp-content\/uploads\/2022\/08\/Use-the-egg-tray-after-drying-300x225.webp 300w\" sizes=\"auto, (max-width: 720px) 100vw, 720px\" \/><figcaption class=\"wp-element-caption\">Use a bandeja de ovos ap\u00f3s a secagem<\/figcaption><\/figure>    <h2 class=\"wp-block-heading\">Par\u00e2metros do secador de bandeja para ovos<\/h2>    <figure class=\"wp-block-table\"><table><tbody><tr><td>mofo<\/td><td>sa\u00edda<\/td><td>consumo de papel<\/td><td>consumo de \u00e1gua<\/td><td>energia utilizada<\/td><td>n\u00famero do trabalhador<\/td><\/tr><tr><td>SL-4*4<\/td><td>3500 unidades\/h<\/td><td>280kg\/hora<\/td><td>560kg\/hora<\/td><td>78kg\/h<\/td><td>4-5<\/td><\/tr><tr><td>SL-4*8<\/td><td>4000 unidades\/h<\/td><td>320kg\/hora<\/td><td>600kg\/hora<\/td><td>80kg\/hora<\/td><td>5-6<\/td><\/tr><tr><td>SL-5*8<\/td><td>5000 unidades\/h<\/td><td>400kg\/hora<\/td><td>750kg\/hora<\/td><td>85kg\/hora<\/td><td>3-4<\/td><\/tr><tr><td>SL-5*12<\/td><td>6000 unidades\/h<\/td><td>480kg\/hora<\/td><td>900kg\/hora<\/td><td>90kg\/hora<\/td><td>3-4<\/td><\/tr><tr><td>SL-6*12<\/td><td>8000 unidades\/h<\/td><td>640kg\/h<\/td><td>1.040 kg\/hora<\/td><td>100kg\/hora<\/td><td>3-4<\/td><\/tr><\/tbody><\/table><figcaption class=\"wp-element-caption\">Par\u00e2metros do secador de bandeja para ovos<\/figcaption><\/figure>    <p>Na Shuliy Egg Tray Machinery, temos \u00e0 venda as 5 m\u00e1quinas secadoras de bandejas para ovos mais vendidas acima. A produ\u00e7\u00e3o desses cinco modelos de m\u00e1quinas \u00e9 3.500 unidades\/h, 4.000 unidades\/h, 5.000 unidades\/h e 8.000 unidades\/h. Voc\u00ea pode escolher o equipamento de secagem certo de acordo com o tamanho de sua planta de produ\u00e7\u00e3o de bandejas para ovos.<\/p>    <h2 class=\"wp-block-heading\" id=\"h-introduction-of-egg-tray-drying-method\">Introdu\u00e7\u00e3o do m\u00e9todo de secagem da bandeja para ovos<\/h2>    <h3 class=\"wp-block-heading\">M\u00e1quina de secar bandeja para ovos <\/h3>    <figure class=\"wp-block-image size-full\"><img loading=\"lazy\" decoding=\"async\" width=\"720\" height=\"540\" src=\"https:\/\/eggtraymachine.org\/wp-content\/uploads\/2022\/08\/Paper-egg-tray-drying.webp\" alt=\"Secagem de bandeja de ovos de papel\" class=\"wp-image-163\" title=\"\" srcset=\"https:\/\/eggtraymachine.org\/wp-content\/uploads\/2022\/08\/Paper-egg-tray-drying.webp 720w, https:\/\/eggtraymachine.org\/wp-content\/uploads\/2022\/08\/Paper-egg-tray-drying-300x225.webp 300w\" sizes=\"auto, (max-width: 720px) 100vw, 720px\" \/><figcaption class=\"wp-element-caption\">Secador de bandeja para ovos de papel<\/figcaption><\/figure>    <p class=\"translation-block\">O secador de bandejas de ovos \u00e9 adequado para a <a href=\"https:\/\/eggtraymachine.org\/pt\/product\/egg-carton-production-line\/\">linha de produ\u00e7\u00e3o de bandejas de ovos<\/a> com grande produ\u00e7\u00e3o. O secador de bandejas de ovos leva cerca de 30 minutos para secar uma fornada de bandejas de ovos, e a efici\u00eancia \u00e9 relativamente alta. Al\u00e9m disso, o secador met\u00e1lico pode poupar 30% em compara\u00e7\u00e3o com o secador de alvenaria. combust\u00edvel.<\/p>    <h3 class=\"wp-block-heading\">Secagem natural<\/h3>    <figure class=\"wp-block-image size-full\"><img loading=\"lazy\" decoding=\"async\" width=\"720\" height=\"540\" src=\"https:\/\/eggtraymachine.org\/wp-content\/uploads\/2022\/08\/Natural-drying-egg-try.webp\" alt=\"Experimente ovo de secagem natural\" class=\"wp-image-161\" title=\"\" srcset=\"https:\/\/eggtraymachine.org\/wp-content\/uploads\/2022\/08\/Natural-drying-egg-try.webp 720w, https:\/\/eggtraymachine.org\/wp-content\/uploads\/2022\/08\/Natural-drying-egg-try-300x225.webp 300w\" sizes=\"auto, (max-width: 720px) 100vw, 720px\" \/><figcaption class=\"wp-element-caption\">Bandeja de ovos de secagem natural<\/figcaption><\/figure>    <p>A secagem natural \u00e9 o m\u00e9todo de secagem mais simples para a secagem em bandejas de ovos. Geralmente, se a produ\u00e7\u00e3o for 1000-2000pcs\/h, a secagem natural pode ser usada. Quando a temperatura atinge 30-40 graus Celsius, pode ser seco em um dia.<\/p>    <h3 class=\"wp-block-heading\">Secagem em forno de tijolos<\/h3>    <figure class=\"wp-block-image size-full\"><img loading=\"lazy\" decoding=\"async\" width=\"720\" height=\"540\" src=\"https:\/\/eggtraymachine.org\/wp-content\/uploads\/2022\/08\/Brick-kiln-dried-egg-tray.webp\" alt=\"Bandeja de ovos secos em forno de tijolos\" class=\"wp-image-162\" title=\"\" srcset=\"https:\/\/eggtraymachine.org\/wp-content\/uploads\/2022\/08\/Brick-kiln-dried-egg-tray.webp 720w, https:\/\/eggtraymachine.org\/wp-content\/uploads\/2022\/08\/Brick-kiln-dried-egg-tray-300x225.webp 300w\" sizes=\"auto, (max-width: 720px) 100vw, 720px\" \/><figcaption class=\"wp-element-caption\">Bandeja de ovos secos em forno de tijolo<\/figcaption><\/figure>    <p class=\"translation-block\">Ao secar o <a href=\"https:\/\/en.wikipedia.org\/wiki\/Brick_Kiln\" data-type=\"URL\" data-id=\"https:\/\/en.wikipedia.org\/wiki\/Brick_Kiln\" target=\"_blank\" rel=\"noopener\">forno de tijolos<\/a>, construa um forno de tijolos para secagem. A efici\u00eancia da secagem por forno de tijolos \u00e9 superior \u00e0 da secagem natural. A \u00e1rea do local de secagem por forno de tijolos \u00e9 de 30 metros quadrados, e a efici\u00eancia de funcionamento da secagem por forno de tijolos \u00e9 relativamente alta, sendo adequada para produ\u00e7\u00e3o de tamanho m\u00e9dio.<\/p>    <h3 class=\"wp-block-heading\">A fonte de calor para o secador de bandeja para ovos de papel<\/h3>    <figure class=\"wp-block-image size-full\"><img loading=\"lazy\" decoding=\"async\" width=\"720\" height=\"540\" src=\"https:\/\/eggtraymachine.org\/wp-content\/uploads\/2022\/08\/egg-tray-drying.webp\" alt=\"secagem de bandeja de ovos\" class=\"wp-image-166\" title=\"\" srcset=\"https:\/\/eggtraymachine.org\/wp-content\/uploads\/2022\/08\/egg-tray-drying.webp 720w, https:\/\/eggtraymachine.org\/wp-content\/uploads\/2022\/08\/egg-tray-drying-300x225.webp 300w\" sizes=\"auto, (max-width: 720px) 100vw, 720px\" \/><figcaption class=\"wp-element-caption\">Secagem de bandeja de ovos<\/figcaption><\/figure>    <p>A m\u00e1quina de secagem de bandeja para ovos pode usar g\u00e1s natural, diesel, gasolina, pellets de biomassa ou \u00f3leo de transfer\u00eancia de calor como fonte de calor, e a temperatura de aquecimento \u00e9 de 180-220\u00b0C. Utilizando o ventilador para extrair a \u00e1gua evaporada do produto, a bandeja para ovos pode ser seca rapidamente. <\/p>    <p>\u00c9 muito importante poder controlar a temperatura no secador de bandeja de papel para ovos. Como a bandeja para ovos \u00e9 um produto de papel, se a temperatura interna da m\u00e1quina for muito alta, \u00e9 f\u00e1cil acender a bandeja para ovos e, se estiver muito baixa, a efici\u00eancia de secagem da bandeja para ovos ser\u00e1 reduzida.<\/p>    <h2 class=\"wp-block-heading\">Secador de caixas de ovos de camada \u00fanica ou secador de caixas de ovos multicamadas<\/h2>    <figure class=\"wp-block-image size-full\"><img loading=\"lazy\" decoding=\"async\" width=\"720\" height=\"540\" src=\"https:\/\/eggtraymachine.org\/wp-content\/uploads\/2022\/08\/egg-tray-drying-machine-1.webp\" alt=\"m\u00e1quina de secar bandeja de ovos\" class=\"wp-image-164\" title=\"\" srcset=\"https:\/\/eggtraymachine.org\/wp-content\/uploads\/2022\/08\/egg-tray-drying-machine-1.webp 720w, https:\/\/eggtraymachine.org\/wp-content\/uploads\/2022\/08\/egg-tray-drying-machine-1-300x225.webp 300w\" sizes=\"auto, (max-width: 720px) 100vw, 720px\" \/><figcaption class=\"wp-element-caption\"> Secador de bandeja para ovos de papel<\/figcaption><\/figure>    <p>Existem dois tipos de m\u00e1quinas de secagem de bandejas para ovos, m\u00e1quinas de secagem de bandejas para ovos de camada \u00fanica e m\u00e1quinas de secagem de caixas de ovos multicamadas. A efici\u00eancia de trabalho de m\u00e1quinas de camada \u00fanica e m\u00e1quinas multicamadas \u00e9 a mesma. A \u00e1rea da m\u00e1quina de secagem de camada \u00fanica \u00e9 de 40 metros, e a \u00e1rea utilizada da m\u00e1quina de secagem de m\u00faltiplas camadas \u00e9 de 15 metros, o que \u00e9 muito importante para clientes com \u00e1reas de f\u00e1brica menores.<\/p>    <p>Al\u00e9m disso, o secador de bandejas para ovos de papel multicamadas tem uma capacidade maior, o que \u00e9 adequado para a fabrica\u00e7\u00e3o de bandejas para ovos em m\u00e9dia e grande escala. Se voc\u00ea tem uma grande f\u00e1brica de bandejas para ovos, recomendo que escolha este secador multicamadas.<\/p>","protected":false},"excerpt":{"rendered":"<p>O secador de bandeja para ovos de papel \u00e9 adequado para a linha de produ\u00e7\u00e3o de bandejas para ovos com grande produ\u00e7\u00e3o. Nossa m\u00e1quina de secar bandejas para ovos leva cerca de 30 minutos para secar um lote de bandejas para ovos<\/p>","protected":false},"author":1,"featured_media":159,"parent":0,"template":"","tags":[27,28,13],"product-type":[4,15],"class_list":["post-157","product","type-product","status-publish","has-post-thumbnail","hentry","tag-egg-carton-machine","tag-egg-tray","tag-paper-egg-tray-dryer","product-type-product","product-type-egg-tray-dryer"],"_links":{"self":[{"href":"https:\/\/eggtraymachine.org\/pt\/wp-json\/wp\/v2\/product\/157","targetHints":{"allow":["GET"]}}],"collection":[{"href":"https:\/\/eggtraymachine.org\/pt\/wp-json\/wp\/v2\/product"}],"about":[{"href":"https:\/\/eggtraymachine.org\/pt\/wp-json\/wp\/v2\/types\/product"}],"author":[{"embeddable":true,"href":"https:\/\/eggtraymachine.org\/pt\/wp-json\/wp\/v2\/users\/1"}],"wp:featuredmedia":[{"embeddable":true,"href":"https:\/\/eggtraymachine.org\/pt\/wp-json\/wp\/v2\/media\/159"}],"wp:attachment":[{"href":"https:\/\/eggtraymachine.org\/pt\/wp-json\/wp\/v2\/media?parent=157"}],"wp:term":[{"taxonomy":"post_tag","embeddable":true,"href":"https:\/\/eggtraymachine.org\/pt\/wp-json\/wp\/v2\/tags?post=157"},{"taxonomy":"product-type","embeddable":true,"href":"https:\/\/eggtraymachine.org\/pt\/wp-json\/wp\/v2\/product-type?post=157"}],"curies":[{"name":"wp","href":"https:\/\/api.w.org\/{rel}","templated":true}]}}