{"id":2,"date":"2022-08-01T10:18:31","date_gmt":"2022-08-01T10:18:31","guid":{"rendered":"https:\/\/eggtraymachine.org\/?page_id=2"},"modified":"2026-04-23T17:02:57","modified_gmt":"2026-04-23T09:02:57","slug":"about-us","status":"publish","type":"page","link":"https:\/\/eggtraymachine.org\/pt\/about-us\/","title":{"rendered":"Sobre n\u00f3s"},"content":{"rendered":"<p>A Shuliy \u00e9 uma fabricante com mais de 10 anos de experi\u00eancia em bandejas de ovos. Atualmente, possui uma certa escala na ind\u00fastria de bandejas de ovos. A f\u00e1brica Shuliy tem-se dedicado \u00e0 inova\u00e7\u00e3o de m\u00e1quinas de bandejas de ovos nos \u00faltimos anos, oferecendo melhor servi\u00e7o a mais consumidores. Por exemplo, agora h\u00e1 n\u00e3o s\u00f3 m\u00e1quinas de produ\u00e7\u00e3o de bandejas de ovos, mas tamb\u00e9m produtos de papel como bandejas de ma\u00e7\u00e3 e bandejas de vinho.<\/p>    <figure class=\"wp-block-gallery has-nested-images columns-default is-cropped wp-block-gallery-2 is-layout-flex wp-block-gallery-is-layout-flex\"> <figure class=\"wp-block-image size-large\"><img loading=\"lazy\" decoding=\"async\" width=\"1024\" height=\"373\" data-id=\"990\" src=\"https:\/\/eggtraymachine.org\/wp-content\/uploads\/2026\/04\/Egg-Carton-Production-Line-1024x373.webp\" alt=\"Linha de produ\u00e7\u00e3o de caixas de ovos\" class=\"wp-image-990\" title=\"\" srcset=\"https:\/\/eggtraymachine.org\/wp-content\/uploads\/2026\/04\/Egg-Carton-Production-Line-1024x373.webp 1024w, https:\/\/eggtraymachine.org\/wp-content\/uploads\/2026\/04\/Egg-Carton-Production-Line-300x109.webp 300w, https:\/\/eggtraymachine.org\/wp-content\/uploads\/2026\/04\/Egg-Carton-Production-Line-768x280.webp 768w, https:\/\/eggtraymachine.org\/wp-content\/uploads\/2026\/04\/Egg-Carton-Production-Line-18x7.webp 18w, https:\/\/eggtraymachine.org\/wp-content\/uploads\/2026\/04\/Egg-Carton-Production-Line-1536x560.webp 1536w, https:\/\/eggtraymachine.org\/wp-content\/uploads\/2026\/04\/Egg-Carton-Production-Line.webp 1920w\" sizes=\"auto, (max-width: 1024px) 100vw, 1024px\" \/><figcaption class=\"wp-element-caption\">Linha de produ\u00e7\u00e3o de caixas de ovos<\/figcaption><\/figure> <\/figure>    <h2 class=\"wp-block-heading\" id=\"h-what-egg-tray-equipment-do-we-have\">Que equipamento de bandeja para ovos temos\uff1f<\/h2>    <p>A Shuliy possui atualmente equipamento completo de linha de produ\u00e7\u00e3o de bandejas de ovos e de caixas de ovos. A produ\u00e7\u00e3o de bandejas de ovos pode atingir 1000 pe\u00e7as\/h-8000 pe\u00e7as\/h. A produ\u00e7\u00e3o de bandejas de ovos inclui a pulpa, moldagem, secagem e produ\u00e7\u00e3o de bandejas de ovos. Etapas como embalagem de bandejas, se desejar iniciar uma f\u00e1brica de bandejas de ovos, basta 4-5 trabalhadores para produzir bandejas de ovos.<\/p>    <figure class=\"wp-block-gallery has-nested-images columns-default is-cropped wp-block-gallery-3 is-layout-flex wp-block-gallery-is-layout-flex\"> <figure class=\"wp-block-image size-large\"><img loading=\"lazy\" decoding=\"async\" width=\"720\" height=\"540\" data-id=\"876\" src=\"https:\/\/eggtraymachine.org\/wp-content\/uploads\/2025\/10\/Shuliy-Egg-Tray-Processing-Factory.webp\" alt=\"F\u00e1brica de processamento de bandejas de ovos Shuliy\" class=\"wp-image-876\" title=\"\" srcset=\"https:\/\/eggtraymachine.org\/wp-content\/uploads\/2025\/10\/Shuliy-Egg-Tray-Processing-Factory.webp 720w, https:\/\/eggtraymachine.org\/wp-content\/uploads\/2025\/10\/Shuliy-Egg-Tray-Processing-Factory-300x225.webp 300w, https:\/\/eggtraymachine.org\/wp-content\/uploads\/2025\/10\/Shuliy-Egg-Tray-Processing-Factory-16x12.webp 16w\" sizes=\"auto, (max-width: 720px) 100vw, 720px\" \/><figcaption class=\"wp-element-caption\">F\u00e1brica de processamento de bandejas de ovos Shuliy<\/figcaption><\/figure>    <figure class=\"wp-block-image size-large\"><img loading=\"lazy\" decoding=\"async\" width=\"720\" height=\"540\" data-id=\"867\" src=\"https:\/\/eggtraymachine.org\/wp-content\/uploads\/2025\/10\/Egg-Tray-Processing-Factory.webp\" alt=\"F\u00e1brica de Processamento de Bandejas de Ovos\" class=\"wp-image-867\" title=\"\" srcset=\"https:\/\/eggtraymachine.org\/wp-content\/uploads\/2025\/10\/Egg-Tray-Processing-Factory.webp 720w, https:\/\/eggtraymachine.org\/wp-content\/uploads\/2025\/10\/Egg-Tray-Processing-Factory-300x225.webp 300w, https:\/\/eggtraymachine.org\/wp-content\/uploads\/2025\/10\/Egg-Tray-Processing-Factory-16x12.webp 16w\" sizes=\"auto, (max-width: 720px) 100vw, 720px\" \/><figcaption class=\"wp-element-caption\">F\u00e1brica de Processamento de Bandejas de Ovos<\/figcaption><\/figure>    <figure class=\"wp-block-image size-large\"><img loading=\"lazy\" decoding=\"async\" width=\"720\" height=\"540\" data-id=\"865\" src=\"https:\/\/eggtraymachine.org\/wp-content\/uploads\/2025\/10\/Egg-Tray-Manufacturing-Plant.webp\" alt=\"F\u00e1brica de Produ\u00e7\u00e3o de Bandejas de Ovos\" class=\"wp-image-865\" title=\"\" srcset=\"https:\/\/eggtraymachine.org\/wp-content\/uploads\/2025\/10\/Egg-Tray-Manufacturing-Plant.webp 720w, https:\/\/eggtraymachine.org\/wp-content\/uploads\/2025\/10\/Egg-Tray-Manufacturing-Plant-300x225.webp 300w, https:\/\/eggtraymachine.org\/wp-content\/uploads\/2025\/10\/Egg-Tray-Manufacturing-Plant-16x12.webp 16w\" sizes=\"auto, (max-width: 720px) 100vw, 720px\" \/><figcaption class=\"wp-element-caption\">F\u00e1brica de Produ\u00e7\u00e3o de Bandejas de Ovos<\/figcaption><\/figure> <\/figure>    <h2 class=\"wp-block-heading\">Nossas principais for\u00e7as<\/h2>    <p class=\"translation-block\"><strong>Mais de 10 anos de experi\u00eancia na fabrica\u00e7\u00e3o<\/strong><\/p>    <p>Tecnologia madura, qualidade est\u00e1vel, equipa profissional para garantir desempenho fi\u00e1vel da m\u00e1quina.<\/p>    <p class=\"translation-block\"><strong>Linha de produ\u00e7\u00e3o completa<\/strong><\/p>    <p>Solu\u00e7\u00e3o completa desde a pulpa, moldagem, secagem at\u00e9 embalagem, opera\u00e7\u00e3o f\u00e1cil com apenas 4-5 trabalhadores.<\/p>    <p class=\"translation-block\"><strong>Ecol\u00f3gico e econ\u00f3mico<\/strong><\/p>    <p>Utilizar papel reciclado como mat\u00e9ria-prima, baixo custo, sem polui\u00e7\u00e3o, e cumprir os padr\u00f5es globais de prote\u00e7\u00e3o ambiental.<\/p>    <p class=\"translation-block\"><strong>Solu\u00e7\u00f5es personalizadas<\/strong><\/p>    <p>Apoio \u00e0 personaliza\u00e7\u00e3o de produ\u00e7\u00e3o, configura\u00e7\u00e3o e design de layout de f\u00e1brica para diferentes clientes.<\/p>    <figure class=\"wp-block-gallery aligncenter has-nested-images columns-default is-cropped wp-block-gallery-4 is-layout-flex wp-block-gallery-is-layout-flex\"> <figure class=\"wp-block-image size-full\"><img loading=\"lazy\" decoding=\"async\" width=\"720\" height=\"540\" data-id=\"999\" src=\"https:\/\/eggtraymachine.org\/wp-content\/uploads\/2026\/04\/Visit-by-Pakistani-Clients.webp\" alt=\"Visit by Pakistani Clients\" class=\"wp-image-999\" title=\"\" srcset=\"https:\/\/eggtraymachine.org\/wp-content\/uploads\/2026\/04\/Visit-by-Pakistani-Clients.webp 720w, https:\/\/eggtraymachine.org\/wp-content\/uploads\/2026\/04\/Visit-by-Pakistani-Clients-300x225.webp 300w, https:\/\/eggtraymachine.org\/wp-content\/uploads\/2026\/04\/Visit-by-Pakistani-Clients-16x12.webp 16w\" sizes=\"auto, (max-width: 720px) 100vw, 720px\" \/><figcaption class=\"wp-element-caption\">Visita de clientes paquistaneses<\/figcaption><\/figure>    <figure class=\"wp-block-image size-full\"><img loading=\"lazy\" decoding=\"async\" width=\"720\" height=\"540\" data-id=\"1003\" src=\"https:\/\/eggtraymachine.org\/wp-content\/uploads\/2026\/04\/Burkina-Faso-Egg-Tray-making-machine.webp\" alt=\"Burkina Faso Egg Tray making machine\" class=\"wp-image-1003\" title=\"\" srcset=\"https:\/\/eggtraymachine.org\/wp-content\/uploads\/2026\/04\/Burkina-Faso-Egg-Tray-making-machine.webp 720w, https:\/\/eggtraymachine.org\/wp-content\/uploads\/2026\/04\/Burkina-Faso-Egg-Tray-making-machine-300x225.webp 300w, https:\/\/eggtraymachine.org\/wp-content\/uploads\/2026\/04\/Burkina-Faso-Egg-Tray-making-machine-16x12.webp 16w\" sizes=\"auto, (max-width: 720px) 100vw, 720px\" \/><figcaption class=\"wp-element-caption\">M\u00e1quina de fazer bandejas de ovos de Burkina Faso<\/figcaption><\/figure>    <figure class=\"wp-block-image size-full\"><img loading=\"lazy\" decoding=\"async\" width=\"720\" height=\"540\" data-id=\"1004\" src=\"https:\/\/eggtraymachine.org\/wp-content\/uploads\/2026\/04\/Benin-Egg-Tray-Machine.webp\" alt=\"Benin Clients Visit the Factory\" class=\"wp-image-1004\" title=\"\" srcset=\"https:\/\/eggtraymachine.org\/wp-content\/uploads\/2026\/04\/Benin-Egg-Tray-Machine.webp 720w, https:\/\/eggtraymachine.org\/wp-content\/uploads\/2026\/04\/Benin-Egg-Tray-Machine-300x225.webp 300w, https:\/\/eggtraymachine.org\/wp-content\/uploads\/2026\/04\/Benin-Egg-Tray-Machine-16x12.webp 16w\" sizes=\"auto, (max-width: 720px) 100vw, 720px\" \/><figcaption class=\"wp-element-caption\">Clientes de Benim visitam a f\u00e1brica<\/figcaption><\/figure> <\/figure>    <h2 class=\"wp-block-heading\">Quais condi\u00e7\u00f5es s\u00e3o boas para voc\u00ea produzir bandejas de ovos?<\/h2>    <p>Se houver muitos recursos de papel por a\u00ed. Se houver muitos res\u00edduos de papel em seu local, voc\u00ea poder\u00e1 usar esses res\u00edduos de papel para reciclar e processar bandejas de ovos<\/p>    <p>Se houver muitas explora\u00e7\u00f5es de galinhas por perto. As bandejas de ovos s\u00e3o principalmente vendidas a algumas explora\u00e7\u00f5es de galinhas, e h\u00e1 f\u00e1bricas de galinhas ao seu redor para obter encomendas fixas de bandejas de ovos.<\/p>    <p>Se o governo restringir ind\u00fastrias poluentes. Se o seu pa\u00eds tiver restri\u00e7\u00f5es \u00e0s ind\u00fastrias poluentes e estiver \u00e0 procura de um projeto adequado, a produ\u00e7\u00e3o de bandejas de ovos \u00e9 uma boa escolha, pois n\u00e3o envolve polui\u00e7\u00e3o ambiental durante todo o processo.<\/p>    <figure class=\"wp-block-gallery has-nested-images columns-default is-cropped wp-block-gallery-5 is-layout-flex wp-block-gallery-is-layout-flex\"> <figure class=\"wp-block-image size-large\"><img loading=\"lazy\" decoding=\"async\" width=\"720\" height=\"540\" data-id=\"871\" src=\"https:\/\/eggtraymachine.org\/wp-content\/uploads\/2025\/10\/Fully-Automatic-Egg-Carton-Production-Line.webp\" alt=\"Linha de produ\u00e7\u00e3o de caixas de ma\u00e7\u00e3 totalmente autom\u00e1tica\" class=\"wp-image-871\" title=\"\" srcset=\"https:\/\/eggtraymachine.org\/wp-content\/uploads\/2025\/10\/Fully-Automatic-Egg-Carton-Production-Line.webp 720w, https:\/\/eggtraymachine.org\/wp-content\/uploads\/2025\/10\/Fully-Automatic-Egg-Carton-Production-Line-300x225.webp 300w, https:\/\/eggtraymachine.org\/wp-content\/uploads\/2025\/10\/Fully-Automatic-Egg-Carton-Production-Line-16x12.webp 16w\" sizes=\"auto, (max-width: 720px) 100vw, 720px\" \/><figcaption class=\"wp-element-caption\">Linha de produ\u00e7\u00e3o de caixas de ma\u00e7\u00e3 totalmente autom\u00e1tica<\/figcaption><\/figure>    <figure class=\"wp-block-image size-large\"><img loading=\"lazy\" decoding=\"async\" width=\"720\" height=\"540\" data-id=\"873\" src=\"https:\/\/eggtraymachine.org\/wp-content\/uploads\/2025\/10\/Fully-automatic-egg-tray-processing-plant.webp\" alt=\"F\u00e1brica de processamento de bandejas de ma\u00e7\u00e3 totalmente autom\u00e1tica\" class=\"wp-image-873\" title=\"\" srcset=\"https:\/\/eggtraymachine.org\/wp-content\/uploads\/2025\/10\/Fully-automatic-egg-tray-processing-plant.webp 720w, https:\/\/eggtraymachine.org\/wp-content\/uploads\/2025\/10\/Fully-automatic-egg-tray-processing-plant-300x225.webp 300w, https:\/\/eggtraymachine.org\/wp-content\/uploads\/2025\/10\/Fully-automatic-egg-tray-processing-plant-16x12.webp 16w\" sizes=\"auto, (max-width: 720px) 100vw, 720px\" \/><figcaption class=\"wp-element-caption\">F\u00e1brica de processamento de bandejas de ma\u00e7\u00e3 totalmente autom\u00e1tica<\/figcaption><\/figure> <\/figure>    <h2 class=\"wp-block-heading\">Nosso servi\u00e7o<\/h2>    <ul class=\"wp-block-list\"> <li>Fornecer v\u00eddeo de produ\u00e7\u00e3o de bandejas de ovos. Muitos clientes n\u00e3o est\u00e3o familiarizados com a produ\u00e7\u00e3o de bandejas de ovos, por isso podemos fornecer informa\u00e7\u00f5es detalhadas para ajud\u00e1-los a entender a ind\u00fastria de bandejas de ovos<\/li>    <li>M\u00e1quina de teste de bandeja de ovos. Ap\u00f3s a produ\u00e7\u00e3o da m\u00e1quina de bandeja de ovos estar conclu\u00edda, pode-se testar o desempenho da m\u00e1quina e enviar o v\u00eddeo<\/li>    <li>Ajudar a construir a f\u00e1brica. A Shuliy tem designers profissionais que podem fornecer os desenhos de projeto da f\u00e1brica de bandejas de ovos<\/li>    <li>Ajudar os clientes a fazer or\u00e7amentos. Com base na produ\u00e7\u00e3o de bandejas de ovos do cliente, o or\u00e7amento para desenvolver novas ind\u00fastrias pode ser calculado, facilitando o planeamento do neg\u00f3cio pelos clientes.<\/li> <\/ul>    <figure class=\"wp-block-gallery aligncenter has-nested-images columns-default is-cropped wp-block-gallery-6 is-layout-flex wp-block-gallery-is-layout-flex\"> <figure class=\"wp-block-image size-full\"><img loading=\"lazy\" decoding=\"async\" width=\"716\" height=\"833\" data-id=\"301\" src=\"https:\/\/eggtraymachine.org\/wp-content\/uploads\/2022\/08\/Egg-Tray-Certificate.webp\" alt=\"Certificado de bandeja de ovos\" class=\"wp-image-301\" title=\"\" srcset=\"https:\/\/eggtraymachine.org\/wp-content\/uploads\/2022\/08\/Egg-Tray-Certificate.webp 716w, https:\/\/eggtraymachine.org\/wp-content\/uploads\/2022\/08\/Egg-Tray-Certificate-258x300.webp 258w\" sizes=\"auto, (max-width: 716px) 100vw, 716px\" \/><figcaption class=\"wp-element-caption\">Certificado de bandeja de ovos<\/figcaption><\/figure>    <figure class=\"wp-block-image size-full\"><img loading=\"lazy\" decoding=\"async\" width=\"540\" height=\"720\" data-id=\"1002\" src=\"https:\/\/eggtraymachine.org\/wp-content\/uploads\/2026\/04\/India-Egg-Tray-Machine.webp\" alt=\"Clientes indianos visitam a f\u00e1brica\" class=\"wp-image-1002\" title=\"\" srcset=\"https:\/\/eggtraymachine.org\/wp-content\/uploads\/2026\/04\/India-Egg-Tray-Machine.webp 540w, https:\/\/eggtraymachine.org\/wp-content\/uploads\/2026\/04\/India-Egg-Tray-Machine-225x300.webp 225w, https:\/\/eggtraymachine.org\/wp-content\/uploads\/2026\/04\/India-Egg-Tray-Machine-9x12.webp 9w\" sizes=\"auto, (max-width: 540px) 100vw, 540px\" \/><figcaption class=\"wp-element-caption\">Clientes indianos visitam a f\u00e1brica<\/figcaption><\/figure> <\/figure>","protected":false},"excerpt":{"rendered":"<p>Shuliy Company is a manufacturer with 10+ years of experience in egg trays. At present, it has formed a certain scale in the egg tray industry. Shuliy factory has been committed to the innovation of egg tray machines in recent years, providing more consumers. Better service. For example, now there are not only egg tray [&hellip;]<\/p>\n","protected":false},"author":1,"featured_media":0,"parent":0,"menu_order":0,"comment_status":"closed","ping_status":"open","template":"","meta":{"footnotes":""},"class_list":["post-2","page","type-page","status-publish","hentry"],"_links":{"self":[{"href":"https:\/\/eggtraymachine.org\/pt\/wp-json\/wp\/v2\/pages\/2","targetHints":{"allow":["GET"]}}],"collection":[{"href":"https:\/\/eggtraymachine.org\/pt\/wp-json\/wp\/v2\/pages"}],"about":[{"href":"https:\/\/eggtraymachine.org\/pt\/wp-json\/wp\/v2\/types\/page"}],"author":[{"embeddable":true,"href":"https:\/\/eggtraymachine.org\/pt\/wp-json\/wp\/v2\/users\/1"}],"replies":[{"embeddable":true,"href":"https:\/\/eggtraymachine.org\/pt\/wp-json\/wp\/v2\/comments?post=2"}],"version-history":[{"count":10,"href":"https:\/\/eggtraymachine.org\/pt\/wp-json\/wp\/v2\/pages\/2\/revisions"}],"predecessor-version":[{"id":1029,"href":"https:\/\/eggtraymachine.org\/pt\/wp-json\/wp\/v2\/pages\/2\/revisions\/1029"}],"wp:attachment":[{"href":"https:\/\/eggtraymachine.org\/pt\/wp-json\/wp\/v2\/media?parent=2"}],"curies":[{"name":"wp","href":"https:\/\/api.w.org\/{rel}","templated":true}]}}