{"id":97,"date":"2022-08-03T08:11:44","date_gmt":"2022-08-03T08:11:44","guid":{"rendered":"https:\/\/eggtraymachine.org\/?post_type=product&#038;p=97"},"modified":"2024-06-18T16:46:05","modified_gmt":"2024-06-18T08:46:05","slug":"apple-tray-making-machine","status":"publish","type":"product","link":"https:\/\/eggtraymachine.org\/fr\/product\/apple-tray-making-machine\/","title":{"rendered":"Machine de fabrication de plateaux de pommes | machine \u00e0 plateaux de fruits en papier\u00a0"},"content":{"rendered":"<p>La machine de fabrication de plateaux de pommes est une machine utilis\u00e9e pour produire un plateau d'emballage de fruits et peut \u00e9galement produire d'autres plateaux de fruits, tels que des kiwis, des kakis et d'autres fruits facilement \u00e9cras\u00e9s.<\/p>    <p>La machine \u00e0 plateaux de pommes peut fabriquer des plateaux en papier de diff\u00e9rentes tailles en rempla\u00e7ant diff\u00e9rents moules. \u00c9tant donn\u00e9 que les plateaux de pommes sont fabriqu\u00e9s \u00e0 partir de vieux papiers, les mat\u00e9riaux d'emballage sont des produits respectueux de l'environnement. Cela ne polluera pas l\u2019environnement pendant le processus de production.<\/p>    <h2 class=\"wp-block-heading\">Processus de traitement du plateau de pommes<\/h2>   <div class=\"wp-block-image\"> <figure class=\"aligncenter size-full\"><img loading=\"lazy\" decoding=\"async\" width=\"720\" height=\"540\" src=\"https:\/\/eggtraymachine.org\/wp-content\/uploads\/2022\/08\/Apple-tray-processing-process.webp\" alt=\"Processus de traitement du plateau de pommes\" class=\"wp-image-101\" title=\"\" srcset=\"https:\/\/eggtraymachine.org\/wp-content\/uploads\/2022\/08\/Apple-tray-processing-process.webp 720w, https:\/\/eggtraymachine.org\/wp-content\/uploads\/2022\/08\/Apple-tray-processing-process-300x225.webp 300w\" sizes=\"auto, (max-width: 720px) 100vw, 720px\" \/><figcaption class=\"wp-element-caption\">Processus de traitement du plateau de pommes<\/figcaption><\/figure> <\/div>   <p class=\"translation-block\">Les plateaux pour pommes doivent utiliser du papier usag\u00e9 comme mati\u00e8re premi\u00e8re pour un processus appel\u00e9 traitement, qui peut \u00eatre des produits en papier tels que des cartons, des livres, des journaux, etc. Le <a href=\"https:\/\/eggtraymachine.org\/fr\/product\/egg-tray-production-line\/\">processus de traitement des plateaux pour pommes<\/a> consiste d'abord \u00e0 faire de la p\u00e2te, puis \u00e0 mouler le plateau pour pommes, et enfin \u00e0 s\u00e9cher et emballer. \u00c9tant donn\u00e9 que la mati\u00e8re premi\u00e8re du plateau pour pommes est du papier, c'est un mat\u00e9riau d'emballage d\u00e9gradable, tr\u00e8s respectueux de l'environnement.<\/p>    <h2 class=\"wp-block-heading\">Param\u00e8tres du support Apple<\/h2>    <figure class=\"wp-block-gallery has-nested-images columns-default is-cropped wp-block-gallery-2 is-layout-flex wp-block-gallery-is-layout-flex\"> <figure class=\"wp-block-image size-large\"><img loading=\"lazy\" decoding=\"async\" width=\"720\" height=\"540\" data-id=\"107\" src=\"https:\/\/eggtraymachine.org\/wp-content\/uploads\/2022\/08\/apple-tray-mold.webp\" alt=\"moule \u00e0 plateau de pommes\" class=\"wp-image-107\" title=\"\" srcset=\"https:\/\/eggtraymachine.org\/wp-content\/uploads\/2022\/08\/apple-tray-mold.webp 720w, https:\/\/eggtraymachine.org\/wp-content\/uploads\/2022\/08\/apple-tray-mold-300x225.webp 300w\" sizes=\"auto, (max-width: 720px) 100vw, 720px\" \/><figcaption class=\"wp-element-caption\">Moule \u00e0 plateau de pommes<\/figcaption><\/figure>    <figure class=\"wp-block-image size-large\"><img loading=\"lazy\" decoding=\"async\" width=\"720\" height=\"540\" data-id=\"108\" src=\"https:\/\/eggtraymachine.org\/wp-content\/uploads\/2022\/08\/apple-tray.webp\" alt=\"plateau de pommes\" class=\"wp-image-108\" title=\"\" srcset=\"https:\/\/eggtraymachine.org\/wp-content\/uploads\/2022\/08\/apple-tray.webp 720w, https:\/\/eggtraymachine.org\/wp-content\/uploads\/2022\/08\/apple-tray-300x225.webp 300w\" sizes=\"auto, (max-width: 720px) 100vw, 720px\" \/><figcaption class=\"wp-element-caption\">Plateau de pommes<\/figcaption><\/figure> <\/figure>    <p>Il existe de nombreux mod\u00e8les de plateaux \u00e0 pommes de la soci\u00e9t\u00e9 Shuliy, allant de 1 000 pc\/h \u00e0 8 000 pc\/h, le plus petit mod\u00e8le est de 1 000 pc\/h, \u00e9galement appel\u00e9 SL-3*1, la machine a un axe et il y a trois petits plateaux \u00e0 pommes. sur un mod\u00e8le \u00e0 un axe afin de pouvoir produire 3 plateaux de pommes par transformation.<\/p>    <figure class=\"wp-block-table\"><table><tbody><tr><td>mod\u00e8le<\/td><td>capacit\u00e9<\/td><td>consommation de papier<\/td><td>Consommation d'eau<\/td><td>\u00e9nergie utilis\u00e9e<\/td><td>ouvrier<\/td><\/tr><tr><td>SL-3*1<\/td><td>1000-1500 pi\u00e8ces\/heure<\/td><td>120kg\/heure<\/td><td>300kg\/h<\/td><td>32 kW\/h<\/td><td>3-4<\/td><\/tr><tr><td>SL-4*1<\/td><td>1500-2000 pi\u00e8ces\/h<\/td><td>160kg\/h<\/td><td>380kg\/h<\/td><td>45 kW\/h<\/td><td>3-4<\/td><\/tr><tr><td>SL-3*4<\/td><td>2000-2500 pi\u00e8ces\/heure<\/td><td>200kg\/h<\/td><td>450kg\/h<\/td><td>58 kW\/h<\/td><td>4-5<\/td><\/tr><tr><td>SL-4*4<\/td><td>3000-3500 pi\u00e8ces\/heure<\/td><td>280kg\/h<\/td><td>560kg\/heure<\/td><td>78 kW\/h<\/td><td>4-5<\/td><\/tr><tr><td>SL-4*8<\/td><td>4000 pi\u00e8ces\/heure<\/td><td>320kg\/heure<\/td><td>600kg\/heure<\/td><td>80 kW\/h<\/td><td>5-6<\/td><\/tr><tr><td>SL-5*8<\/td><td>5000 pi\u00e8ces\/heure<\/td><td>400kg\/heure<\/td><td>750kg\/heure<\/td><td>85 kW\/h<\/td><td>3-4<\/td><\/tr><tr><td>SL-5*12<\/td><td>6000 pi\u00e8ces\/heure<\/td><td>480kg\/h<\/td><td>900kg\/heure<\/td><td>90 kW\/h<\/td><td>3-4<\/td><\/tr><tr><td>SL-6*12<\/td><td>8000 pi\u00e8ces\/heure<\/td><td>640 kg\/heure<\/td><td>1040 kg\/heure<\/td><td>100 kW\/h<\/td><td>3-4<\/td><\/tr><\/tbody><\/table><figcaption class=\"wp-element-caption\">Param\u00e8tres de la machine de fabrication de plateaux \u00e0 pommes<\/figcaption><\/figure>    <h2 class=\"wp-block-heading\" id=\"h-why-use-an-apple-tray\">Pourquoi utiliser un bac \u00e0 pommes ?<\/h2>   <div class=\"wp-block-image\"> <figure class=\"aligncenter size-full\"><img loading=\"lazy\" decoding=\"async\" width=\"720\" height=\"540\" src=\"https:\/\/eggtraymachine.org\/wp-content\/uploads\/2022\/08\/Apple-tray.webp\" alt=\"Plateau de pommes\" class=\"wp-image-100\" title=\"\" srcset=\"https:\/\/eggtraymachine.org\/wp-content\/uploads\/2022\/08\/Apple-tray.webp 720w, https:\/\/eggtraymachine.org\/wp-content\/uploads\/2022\/08\/Apple-tray-300x225.webp 300w\" sizes=\"auto, (max-width: 720px) 100vw, 720px\" \/><figcaption class=\"wp-element-caption\">Plateau de pommes<\/figcaption><\/figure> <\/div>   <p>Il existe de nombreuses r\u00e9gions o\u00f9 les fruits sont export\u00e9s ou doivent \u00eatre transport\u00e9s sur de longues distances. S'il n'y a pas de protection sur les plateaux de pommes, les fruits peuvent entrer en collision les uns avec les autres, ce qui rendra les pommes extr\u00eamement p\u00e9rissables. Par cons\u00e9quent, les fruits qui doivent \u00eatre transport\u00e9s sur de longues distances seront plac\u00e9s dans le bac \u00e0 fruits pour plus de protection. <\/p>    <p>La machine de fabrication de barquettes de pommes est con\u00e7ue et fabriqu\u00e9e selon la forme g\u00e9om\u00e9trique, les sp\u00e9cifications et les exigences de protection du produit \u00e0 emballer. Il a des effets de protection id\u00e9aux tels que la mise en m\u00e9moire tampon, la r\u00e9sistance aux chocs, la r\u00e9sistance \u00e0 la compression, la r\u00e9sistance aux chocs, l'antistatique, l'anticorrosion, la r\u00e9sistance \u00e0 l'humidit\u00e9, etc.<\/p>    <p> Il est largement utilis\u00e9 dans la verrerie, la c\u00e9ramique, les appareils \u00e9lectroniques, les pi\u00e8ces m\u00e9caniques, les instruments, les outils, les jouets, les t\u00e9l\u00e9phones portables et d'autres produits sur l'emballage ext\u00e9rieur. Avec l'am\u00e9lioration de la technologie et de la technologie de production, les bacs \u00e0 papier sont \u00e9galement lentement utilis\u00e9s dans les emballages ext\u00e9rieurs. de produits, emballant directement le produit.<\/p>    <h2 class=\"wp-block-heading\">Quelles barquettes de fruits peuvent \u00eatre transform\u00e9es ?<\/h2>    <figure class=\"wp-block-gallery has-nested-images columns-default is-cropped wp-block-gallery-3 is-layout-flex wp-block-gallery-is-layout-flex\"> <figure class=\"wp-block-image size-large\"><img loading=\"lazy\" decoding=\"async\" width=\"720\" height=\"540\" data-id=\"103\" src=\"https:\/\/eggtraymachine.org\/wp-content\/uploads\/2022\/08\/fruit-trays.webp\" alt=\"plateaux de fruits\" class=\"wp-image-103\" title=\"\" srcset=\"https:\/\/eggtraymachine.org\/wp-content\/uploads\/2022\/08\/fruit-trays.webp 720w, https:\/\/eggtraymachine.org\/wp-content\/uploads\/2022\/08\/fruit-trays-300x225.webp 300w\" sizes=\"auto, (max-width: 720px) 100vw, 720px\" \/><figcaption class=\"wp-element-caption\">Plateaux de fruits<\/figcaption><\/figure>    <figure class=\"wp-block-image size-large\"><img loading=\"lazy\" decoding=\"async\" width=\"720\" height=\"540\" data-id=\"104\" src=\"https:\/\/eggtraymachine.org\/wp-content\/uploads\/2022\/08\/fruit-tray.webp\" alt=\"plateaux de fruits\" class=\"wp-image-104\" title=\"\" srcset=\"https:\/\/eggtraymachine.org\/wp-content\/uploads\/2022\/08\/fruit-tray.webp 720w, https:\/\/eggtraymachine.org\/wp-content\/uploads\/2022\/08\/fruit-tray-300x225.webp 300w\" sizes=\"auto, (max-width: 720px) 100vw, 720px\" \/><figcaption class=\"wp-element-caption\">Plateaux de fruits<\/figcaption><\/figure>    <figure class=\"wp-block-image size-large\"><img loading=\"lazy\" decoding=\"async\" width=\"720\" height=\"540\" data-id=\"105\" src=\"https:\/\/eggtraymachine.org\/wp-content\/uploads\/2022\/08\/fruit-tray-1.webp\" alt=\"plateaux de fruits\" class=\"wp-image-105\" title=\"\" srcset=\"https:\/\/eggtraymachine.org\/wp-content\/uploads\/2022\/08\/fruit-tray-1.webp 720w, https:\/\/eggtraymachine.org\/wp-content\/uploads\/2022\/08\/fruit-tray-1-300x225.webp 300w\" sizes=\"auto, (max-width: 720px) 100vw, 720px\" \/><figcaption class=\"wp-element-caption\">Plateaux de fruits<\/figcaption><\/figure> <\/figure>    <p class=\"translation-block\">De nombreux fruits ne craignent pas d'\u00eatre press\u00e9s et n\u00e9cessitent un bon emballage. Cette machine de fabrication de plateaux pour fruits peut non seulement traiter les plateaux de pommes, mais aussi les plateaux de raisins, de kakis, de <a href=\"https:\/\/nl.wikipedia.org\/wiki\/Kiwi_(fruit)\" data-type=\"URL\" data-id=\"https:\/\/nl.wikipedia.org\/wiki\/Kiwi_(fruit)\" target=\"_blank\" rel=\"noopener\">kiwis<\/a>, de poires et d'autres fruits, car nos moules de machine de fabrication de plateaux de pommes peuvent \u00eatre personnalis\u00e9s. Le moule correspondant peut \u00eatre fabriqu\u00e9 en fonction de la forme du fruit du client. Par cons\u00e9quent, les <a href=\"https:\/\/eggtraymachine.org\/fr\/product\/egg-carton-production-line\/\" data-type=\"URL\" data-id=\"https:\/\/eggtraymachine.org\/product\/egg-carton-production-line\/\"> <\/a><a href=\"https:\/\/eggtraymachine.org\/fr\/product\/egg-tray-forming-machine\/\" data-type=\"URL\" data-id=\"https:\/\/eggtraymachine.org\/product\/egg-carton-production-line\/\">machines de production de plateaux en papier<\/a><a href=\"https:\/\/eggtraymachine.org\/fr\/product\/egg-carton-production-line\/\" data-type=\"URL\" data-id=\"https:\/\/eggtraymachine.org\/product\/egg-carton-production-line\/\">s<\/a> sont largement utilis\u00e9es. <\/p>    <p>Il est important de noter que notre machine de fabrication de cartons \u00e0 \u0153ufs ne peut fabriquer que des plateaux \u00e0 \u0153ufs en papier.<\/p>    <h2 class=\"wp-block-heading\">Caract\u00e9ristiques de la machine de fabrication de barquettes de pommes<\/h2>   <div class=\"wp-block-image\"> <figure class=\"aligncenter size-full\"><img loading=\"lazy\" decoding=\"async\" width=\"720\" height=\"540\" src=\"https:\/\/eggtraymachine.org\/wp-content\/uploads\/2022\/08\/apple-tray-making-machine.webp\" alt=\"machine \u00e0 fabriquer des plateaux de pommes\" class=\"wp-image-106\" title=\"\" srcset=\"https:\/\/eggtraymachine.org\/wp-content\/uploads\/2022\/08\/apple-tray-making-machine.webp 720w, https:\/\/eggtraymachine.org\/wp-content\/uploads\/2022\/08\/apple-tray-making-machine-300x225.webp 300w\" sizes=\"auto, (max-width: 720px) 100vw, 720px\" \/><figcaption class=\"wp-element-caption\">machine de fabrication de plateaux de pommes<\/figcaption><\/figure> <\/div>   <ol class=\"wp-block-list\"> <li>Le mod\u00e8le de machine de fabrication de barquettes de pommes est une machine int\u00e9gr\u00e9e. Il peut remplir les fonctions d'aspiration r\u00e9trograde, de formation et de placement de plateaux \u00e0 pommes. <\/li>    <li>Il adopte un syst\u00e8me de contr\u00f4le PLC. Pendant le processus de formage des barquettes de pommes, la p\u00e2te sera d'abord adsorb\u00e9e sur la machine, puis elle sera form\u00e9e. <\/li>    <li>L'exc\u00e8s d'eau dans le bac \u00e0 pommes sera \u00e9vacu\u00e9 et la machine de fabrication de bacs \u00e0 pommes d\u00e9moulera le bac \u00e0 pommes form\u00e9. L'ensemble du processus de traitement du bac Apple est enti\u00e8rement automatique.<\/li> <\/ol>    <h2 class=\"wp-block-heading\">Exportation vers la machine de plateau de fruits en papier de Turquie&nbsp;<\/h2>   <div class=\"wp-block-image\"> <figure class=\"aligncenter size-full\"><img loading=\"lazy\" decoding=\"async\" width=\"720\" height=\"540\" src=\"https:\/\/eggtraymachine.org\/wp-content\/uploads\/2022\/08\/Export-to-Turkey-paper-fruit-tray-machine-.webp\" alt=\"Exportation vers la machine de plateau de fruits en papier de Turquie\u00a0\" class=\"wp-image-102\" title=\"\" srcset=\"https:\/\/eggtraymachine.org\/wp-content\/uploads\/2022\/08\/Export-to-Turkey-paper-fruit-tray-machine-.webp 720w, https:\/\/eggtraymachine.org\/wp-content\/uploads\/2022\/08\/Export-to-Turkey-paper-fruit-tray-machine--300x225.webp 300w\" sizes=\"auto, (max-width: 720px) 100vw, 720px\" \/><figcaption class=\"wp-element-caption\">Exportation vers la machine de plateau de fruits en papier de Turquie&nbsp;<\/figcaption><\/figure> <\/div>   <p class=\"translation-block\">Nous avons export\u00e9 une <a href=\"https:\/\/eggtraymachine.org\/fr\/product\/egg-tray-production-line\/\" data-type=\"URL\" data-id=\"https:\/\/eggtraymachine.org\/product\/egg-tray-production-line\/\">ligne de production de plateaux pour pommes<\/a> en Turquie. Le client est une entreprise. Elle vend principalement des plateaux \u00e0 fruits apr\u00e8s production aux entreprises d'exportation de fruits. Les fruits doivent \u00eatre emball\u00e9s avant l'exportation. Le client a achet\u00e9 trois types de moules, un moule \u00e0 plateaux d'\u0153ufs, un moule \u00e0 plateaux pour pommes et un autre pour les raisins. Les raisins n\u00e9cessitent une meilleure protection pendant le transport.<\/p>","protected":false},"excerpt":{"rendered":"<p>La machine \u00e0 plateaux de pommes est une machine utilis\u00e9e pour produire un plateau d'emballage de fruits et peut \u00e9galement produire d'autres plateaux de fruits, tels que des kiwis, des kakis et d'autres fruits facilement \u00e9cras\u00e9s.<\/p>","protected":false},"author":1,"featured_media":99,"parent":0,"template":"","tags":[27,26],"product-type":[10,4],"class_list":["post-97","product","type-product","status-publish","has-post-thumbnail","hentry","tag-egg-carton-machine","tag-egg-tray-machine","product-type-paper-pulp-tray-forming","product-type-product"],"_links":{"self":[{"href":"https:\/\/eggtraymachine.org\/fr\/wp-json\/wp\/v2\/product\/97","targetHints":{"allow":["GET"]}}],"collection":[{"href":"https:\/\/eggtraymachine.org\/fr\/wp-json\/wp\/v2\/product"}],"about":[{"href":"https:\/\/eggtraymachine.org\/fr\/wp-json\/wp\/v2\/types\/product"}],"author":[{"embeddable":true,"href":"https:\/\/eggtraymachine.org\/fr\/wp-json\/wp\/v2\/users\/1"}],"wp:featuredmedia":[{"embeddable":true,"href":"https:\/\/eggtraymachine.org\/fr\/wp-json\/wp\/v2\/media\/99"}],"wp:attachment":[{"href":"https:\/\/eggtraymachine.org\/fr\/wp-json\/wp\/v2\/media?parent=97"}],"wp:term":[{"taxonomy":"post_tag","embeddable":true,"href":"https:\/\/eggtraymachine.org\/fr\/wp-json\/wp\/v2\/tags?post=97"},{"taxonomy":"product-type","embeddable":true,"href":"https:\/\/eggtraymachine.org\/fr\/wp-json\/wp\/v2\/product-type?post=97"}],"curies":[{"name":"wp","href":"https:\/\/api.w.org\/{rel}","templated":true}]}}