{"id":80,"date":"2026-04-01T14:11:50","date_gmt":"2026-04-01T06:11:50","guid":{"rendered":"https:\/\/eggtraymachine.org\/?post_type=product&#038;p=80"},"modified":"2026-04-01T16:27:34","modified_gmt":"2026-04-01T08:27:34","slug":"egg-tray-making-machine","status":"publish","type":"product","link":"https:\/\/eggtraymachine.org\/fr\/product\/egg-tray-making-machine\/","title":{"rendered":"Machine de fabrication de plateaux \u00e0 \u0153ufs semi-automatique de 1000 pi\u00e8ces\/h"},"content":{"rendered":"<p class=\"translation-block\">La <strong>machine semi-automatique de fabrication de plateaux \u00e0 \u0153ufs 1000 pcs\/h<\/strong> est une solution d'entr\u00e9e con\u00e7ue sp\u00e9cifiquement pour les petits ateliers familiaux et les startups. Cette machine compacte mais efficace transforme le papier usag\u00e9 en plateaux \u00e0 \u0153ufs de qualit\u00e9, offrant une voie abordable dans l'industrie de fabrication de plateaux \u00e0 \u0153ufs.<\/p>    <p>En tant que machine semi-automatique, elle est sp\u00e9cialement con\u00e7ue pour les clients qui pr\u00e9f\u00e8rent les m\u00e9thodes de s\u00e9chage naturelles, ce qui en fait un choix id\u00e9al pour les r\u00e9gions au climat favorable. La machine se concentre sur la fonction de formation principale, le s\u00e9chage \u00e9tant assur\u00e9 par la lumi\u00e8re naturelle du soleil ou des m\u00e9thodes de s\u00e9chage simples.<\/p>   <div class=\"wp-block-image\"> <figure class=\"aligncenter size-large\"><img loading=\"lazy\" decoding=\"async\" width=\"720\" height=\"540\" src=\"https:\/\/eggtraymachine.org\/wp-content\/uploads\/2022\/08\/egg-tray-making-machine-1.webp\" alt=\"Machine semi-automatique \u00e0 1000 pcs\/h\" class=\"wp-image-83\" title=\"\" srcset=\"https:\/\/eggtraymachine.org\/wp-content\/uploads\/2022\/08\/egg-tray-making-machine-1.webp 720w, https:\/\/eggtraymachine.org\/wp-content\/uploads\/2022\/08\/egg-tray-making-machine-1-300x225.webp 300w\" sizes=\"auto, (max-width: 720px) 100vw, 720px\" \/><figcaption class=\"wp-element-caption\">Machine semi-automatique de fabrication de plateaux \u00e0 \u0153ufs 1000 pcs\/h<\/figcaption><\/figure> <\/div>   <h2 class=\"wp-block-heading\">Pourquoi choisir la machine semi-automatique 1000 pcs\/h ?<\/h2>    <p>Ce machine d'entr\u00e9e de gamme offre plusieurs avantages pour les petits producteurs :<\/p>    <ol class=\"wp-block-list\"> <li><strong>Investissement initial le plus bas :<\/strong> L'entr\u00e9e la plus abordable dans la fabrication de plateaux \u00e0 \u0153ufs<\/li>    <li><strong>Conception compacte :<\/strong> Facile \u00e0 int\u00e9grer dans de petits ateliers et espaces limit\u00e9s<\/li>    <li><strong>Op\u00e9ration simple :<\/strong> Peut \u00eatre g\u00e9r\u00e9e par 3-4 travailleurs avec une formation de base<\/li>    <li><strong>Compatible avec le s\u00e9chage naturel :<\/strong> Parfait pour les r\u00e9gions ensoleill\u00e9es<\/li>    <li><strong>Capacit\u00e9 multi-produits :<\/strong> Produits des plateaux \u00e0 \u0153ufs, des plateaux de fruits et d'autres produits avec des changements de moules<\/li> <\/ol>    <h2 class=\"wp-block-heading\">Sp\u00e9cifications techniques<\/h2>    <p>La machine semi-automatique \u00e0 1000 pcs\/h est con\u00e7ue pour une op\u00e9ration fiable et simple :<\/p>    <figure class=\"wp-block-table\"><table class=\"has-fixed-layout\"><tbody><tr><td><strong>Param\u00e8tre<\/strong><\/td><td><strong>sp\u00e9cification<\/strong><\/td><\/tr><tr><td>Mod\u00e8le<\/td><td>SL-3*1<\/td><\/tr><tr><td>Capacit\u00e9 de production<\/td><td>1 000-1 500 pcs\/h<\/td><\/tr><tr><td>Consommation de papier<\/td><td>120 kg\/heure<\/td><\/tr><tr><td>Consommation d'eau<\/td><td>300 kg\/h<\/td><\/tr><tr><td>Consommation d\u2019\u00e9nergie<\/td><td>32 kW\/h<\/td><\/tr><tr><td>Nombre de travailleurs<\/td><td>3-4 personnes<\/td><\/tr><tr><td>Configuration du moule<\/td><td>3 rang\u00e9es \u00d7 1 colonne<\/td><\/tr><tr><td>Type de machine<\/td><td>Semi-automatique<\/td><\/tr><\/tbody><\/table><figcaption class=\"wp-element-caption\">Sp\u00e9cifications de la machine \u00e0 \u0153ufs 1000 pcs\/h<\/figcaption><\/figure>   <div class=\"wp-block-image\"> <figure class=\"aligncenter size-large\"><img loading=\"lazy\" decoding=\"async\" width=\"720\" height=\"540\" src=\"https:\/\/eggtraymachine.org\/wp-content\/uploads\/2022\/08\/Egg-tray-machines-of-different-sizes.webp\" alt=\"machines \u00e0 plateaux \u00e0 \u0153ufs\" class=\"wp-image-90\" title=\"\" srcset=\"https:\/\/eggtraymachine.org\/wp-content\/uploads\/2022\/08\/Egg-tray-machines-of-different-sizes.webp 720w, https:\/\/eggtraymachine.org\/wp-content\/uploads\/2022\/08\/Egg-tray-machines-of-different-sizes-300x225.webp 300w\" sizes=\"auto, (max-width: 720px) 100vw, 720px\" \/><figcaption class=\"wp-element-caption\">Machines \u00e0 \u0153ufs de diff\u00e9rentes tailles<\/figcaption><\/figure> <\/div>   <h2 class=\"wp-block-heading\">M\u00e9thodes de s\u00e9chage<\/h2>    <p>La machine semi-automatique \u00e0 1000 pcs\/h est sp\u00e9cialement con\u00e7ue pour le s\u00e9chage naturel, mais supporte \u00e9galement des options de s\u00e9chage m\u00e9canique :<\/p>    <ul class=\"wp-block-list\"> <li><strong>S\u00e9chage naturel (recommand\u00e9) :<\/strong> Placez les plateaux au soleil. Id\u00e9al pour les r\u00e9gions ensoleill\u00e9es. Aucun \u00e9quipement suppl\u00e9mentaire requis \u2014 r\u00e9duit l'investissement initial.<\/li>    <li><strong>S\u00e9chage en briqueterie :<\/strong> Chambre de s\u00e9chage auto-construite pour un s\u00e9chage plus rapide par mauvais temps<\/li>    <li><strong>S\u00e8che-m\u00e9tal :<\/strong> Pour une production toute l'ann\u00e9e, quelles que soient les conditions m\u00e9t\u00e9orologiques<\/li> <\/ul>    <p>Consid\u00e9rez votre climat local et votre volume de production lors du choix d'une m\u00e9thode de s\u00e9chage.<\/p>    <h2 class=\"wp-block-heading\">Exigences en main-d'\u0153uvre<\/h2>    <p>L'un des principaux avantages de cette machine est sa faible exigence en main-d'\u0153uvre :<\/p>    <ul class=\"wp-block-list\"> <li><strong>1 travailleur :<\/strong> Pulping area &#8211; feeding raw materials<\/li>    <li><strong>1 travailleur :<\/strong> Forming area &#8211; machine operation<\/li>    <li><strong>1 travailleur :<\/strong> Empilage et emballage<\/li>    <li><strong>1 travailleur :<\/strong> Manutention des mat\u00e9riaux et entreposage<\/li> <\/ul>    <p class=\"translation-block\"><strong>Total: 4 workers per shift<\/strong> &#8211; The high degree of automation means operators mainly need to monitor and control the machine.<\/p>   <div class=\"wp-block-image\"> <figure class=\"aligncenter size-large\"><img loading=\"lazy\" decoding=\"async\" width=\"720\" height=\"540\" src=\"https:\/\/eggtraymachine.org\/wp-content\/uploads\/2022\/08\/Egg-tray-2.webp\" alt=\"production de plateaux \u00e0 \u0153ufs\" class=\"wp-image-91\" title=\"\" srcset=\"https:\/\/eggtraymachine.org\/wp-content\/uploads\/2022\/08\/Egg-tray-2.webp 720w, https:\/\/eggtraymachine.org\/wp-content\/uploads\/2022\/08\/Egg-tray-2-300x225.webp 300w\" sizes=\"auto, (max-width: 720px) 100vw, 720px\" \/><figcaption class=\"wp-element-caption\">Plateaux \u00e0 \u0153ufs finis<\/figcaption><\/figure> <\/div>   <h2 class=\"wp-block-heading\">Principales caract\u00e9ristiques et avantages<\/h2>    <ol class=\"wp-block-list\"> <li><strong>Bo\u00eete de vitesses de haute pr\u00e9cision :<\/strong> Assure un indexage pr\u00e9cis, un fonctionnement stable et de faibles niveaux de bruit<\/li>    <li><strong>Contr\u00f4le automatique PLC :<\/strong> Interface conviviale avec syst\u00e8me automatique de comptage des piles<\/li>    <li><strong>Construction en acier inoxydable :<\/strong> R\u00e9servoir de pulpe et bouclier en acier inoxydable r\u00e9sistant \u00e0 la corrosion pour une longue dur\u00e9e de vie<\/li>    <li><strong>Conception de moules personnalis\u00e9s :<\/strong> Ing\u00e9nieurs sp\u00e9cialis\u00e9s et ateliers de fabrication pour moules personnalis\u00e9s<\/li> <\/ol>    <figure class=\"wp-block-gallery has-nested-images columns-default is-cropped wp-block-gallery-2 is-layout-flex wp-block-gallery-is-layout-flex\"> <figure class=\"wp-block-image size-large\"><img loading=\"lazy\" decoding=\"async\" width=\"720\" height=\"540\" data-id=\"87\" src=\"https:\/\/eggtraymachine.org\/wp-content\/uploads\/2022\/08\/egg-tray-3.webp\" alt=\"egg tray products\" class=\"wp-image-87\" title=\"\" srcset=\"https:\/\/eggtraymachine.org\/wp-content\/uploads\/2022\/08\/egg-tray-3.webp 720w, https:\/\/eggtraymachine.org\/wp-content\/uploads\/2022\/08\/egg-tray-3-300x225.webp 300w\" sizes=\"auto, (max-width: 720px) 100vw, 720px\" \/><figcaption class=\"wp-element-caption\">Produits de plateaux \u00e0 \u0153ufs<\/figcaption><\/figure>    <figure class=\"wp-block-image size-large\"><img loading=\"lazy\" decoding=\"async\" width=\"720\" height=\"540\" data-id=\"88\" src=\"https:\/\/eggtraymachine.org\/wp-content\/uploads\/2022\/08\/egg-tray-4.webp\" alt=\"packed egg trays\" class=\"wp-image-88\" title=\"\" srcset=\"https:\/\/eggtraymachine.org\/wp-content\/uploads\/2022\/08\/egg-tray-4.webp 720w, https:\/\/eggtraymachine.org\/wp-content\/uploads\/2022\/08\/egg-tray-4-300x225.webp 300w\" sizes=\"auto, (max-width: 720px) 100vw, 720px\" \/><figcaption class=\"wp-element-caption\">Plateaux \u00e0 \u0153ufs emball\u00e9s<\/figcaption><\/figure>    <figure class=\"wp-block-image size-large\"><img loading=\"lazy\" decoding=\"async\" width=\"720\" height=\"540\" data-id=\"89\" src=\"https:\/\/eggtraymachine.org\/wp-content\/uploads\/2022\/08\/egg-tray-5.webp\" alt=\"egg tray in use\" class=\"wp-image-89\" title=\"\" srcset=\"https:\/\/eggtraymachine.org\/wp-content\/uploads\/2022\/08\/egg-tray-5.webp 720w, https:\/\/eggtraymachine.org\/wp-content\/uploads\/2022\/08\/egg-tray-5-300x225.webp 300w\" sizes=\"auto, (max-width: 720px) 100vw, 720px\" \/><figcaption class=\"wp-element-caption\">Utilisation du plateau \u00e0 \u0153ufs<\/figcaption><\/figure> <\/figure>    <h2 class=\"wp-block-heading\">Personnalisation des moules et polyvalence des produits<\/h2>    <p>La machine 1000 pcs\/h supporte le changement de moules pour produire divers produits :<\/p>    <ul class=\"wp-block-list\"> <li><strong>Plateaux \u00e0 \u0153ufs :<\/strong> Configurations 12 \u0153ufs, 24 \u0153ufs ou 36 \u0153ufs<\/li>    <li><strong>Plateaux \u00e0 vin :<\/strong> Moules personnalis\u00e9s pour l'emballage de bouteilles de vin<\/li>    <li><strong>Plateaux de fruits :<\/strong> Emballage de pommes, oranges et autres fruits<\/li>    <li><strong>Emballage industriel :<\/strong> Diverses applications industrielles<\/li> <\/ul>    <p>Changez simplement les moules pour passer d'un produit \u00e0 un autre \u2014 cette flexibilit\u00e9 maximise votre investissement.<\/p>   <div class=\"wp-block-image\"> <figure class=\"aligncenter size-large\"><img loading=\"lazy\" decoding=\"async\" width=\"720\" height=\"540\" src=\"https:\/\/eggtraymachine.org\/wp-content\/uploads\/2022\/08\/Egg-tray-making-machine-mold.webp\" alt=\"moule de machine \u00e0 plateau d&#039;oeufs\" class=\"wp-image-92\" title=\"\" srcset=\"https:\/\/eggtraymachine.org\/wp-content\/uploads\/2022\/08\/Egg-tray-making-machine-mold.webp 720w, https:\/\/eggtraymachine.org\/wp-content\/uploads\/2022\/08\/Egg-tray-making-machine-mold-300x225.webp 300w\" sizes=\"auto, (max-width: 720px) 100vw, 720px\" \/><figcaption class=\"wp-element-caption\">Moules personnalis\u00e9s pour plateaux \u00e0 \u0153ufs<\/figcaption><\/figure> <\/div>   <h2 class=\"wp-block-heading\">Ligne de production compl\u00e8te<\/h2>    <p>Pour une installation compl\u00e8te de fabrication de plateaux \u00e0 \u0153ufs, la machine de formation 1000 pcs\/h s'int\u00e8gre avec l'\u00e9quipement de support :<\/p>    <ul class=\"wp-block-list\"> <li><a href=\"https:\/\/eggtraymachine.org\/fr\/product\/egg-tray-pulper\/\">Pulpeur de barquettes \u00e0 \u0153ufs<\/a>: Convertit le papier usag\u00e9 en pulpe pr\u00eate \u00e0 la production<\/li>    <li><a href=\"https:\/\/eggtraymachine.org\/fr\/product\/egg-tray-drying-box\/\">S\u00e9choir \u00e0 plateaux \u00e0 \u0153ufs<\/a>: Pour le s\u00e9chage m\u00e9canique (optionnel)<\/li>    <li><a href=\"https:\/\/eggtraymachine.org\/fr\/product\/egg-tray-packing-machine\/\">Machine d'emballage de plateaux \u00e0 \u0153ufs<\/a>: Compacte et regroupe les plateaux finis<\/li>    <li><a href=\"https:\/\/eggtraymachine.org\/fr\/product\/egg-tray-carton-hot-pressing-machine\/\">Machine de pressage \u00e0 chaud<\/a>: Pour une qualit\u00e9 de surface sup\u00e9rieure (optionnel)<\/li> <\/ul>    <figure class=\"wp-block-gallery has-nested-images columns-default is-cropped wp-block-gallery-3 is-layout-flex wp-block-gallery-is-layout-flex\"> <figure class=\"wp-block-image size-large\"><img loading=\"lazy\" decoding=\"async\" width=\"720\" height=\"540\" data-id=\"871\" src=\"https:\/\/eggtraymachine.org\/wp-content\/uploads\/2025\/10\/Fully-Automatic-Egg-Carton-Production-Line.webp\" alt=\"Ligne de production automatique de cartons \u00e0 pommes\" class=\"wp-image-871\" title=\"\" srcset=\"https:\/\/eggtraymachine.org\/wp-content\/uploads\/2025\/10\/Fully-Automatic-Egg-Carton-Production-Line.webp 720w, https:\/\/eggtraymachine.org\/wp-content\/uploads\/2025\/10\/Fully-Automatic-Egg-Carton-Production-Line-300x225.webp 300w, https:\/\/eggtraymachine.org\/wp-content\/uploads\/2025\/10\/Fully-Automatic-Egg-Carton-Production-Line-16x12.webp 16w\" sizes=\"auto, (max-width: 720px) 100vw, 720px\" \/><figcaption class=\"wp-element-caption\">Ligne de production automatique de cartons \u00e0 pommes<\/figcaption><\/figure>    <figure class=\"wp-block-image size-large\"><img loading=\"lazy\" decoding=\"async\" width=\"720\" height=\"540\" data-id=\"867\" src=\"https:\/\/eggtraymachine.org\/wp-content\/uploads\/2025\/10\/Egg-Tray-Processing-Factory.webp\" alt=\"Usine de traitement des plateaux \u00e0 vin\" class=\"wp-image-867\" title=\"\" srcset=\"https:\/\/eggtraymachine.org\/wp-content\/uploads\/2025\/10\/Egg-Tray-Processing-Factory.webp 720w, https:\/\/eggtraymachine.org\/wp-content\/uploads\/2025\/10\/Egg-Tray-Processing-Factory-300x225.webp 300w, https:\/\/eggtraymachine.org\/wp-content\/uploads\/2025\/10\/Egg-Tray-Processing-Factory-16x12.webp 16w\" sizes=\"auto, (max-width: 720px) 100vw, 720px\" \/><figcaption class=\"wp-element-caption\">Usine de traitement des plateaux \u00e0 vin<\/figcaption><\/figure>    <figure class=\"wp-block-image size-large\"><img loading=\"lazy\" decoding=\"async\" width=\"720\" height=\"540\" data-id=\"876\" src=\"https:\/\/eggtraymachine.org\/wp-content\/uploads\/2025\/10\/Shuliy-Egg-Tray-Processing-Factory.webp\" alt=\"Usine de traitement des plateaux \u00e0 \u0153ufs Shuliy\" class=\"wp-image-876\" title=\"\" srcset=\"https:\/\/eggtraymachine.org\/wp-content\/uploads\/2025\/10\/Shuliy-Egg-Tray-Processing-Factory.webp 720w, https:\/\/eggtraymachine.org\/wp-content\/uploads\/2025\/10\/Shuliy-Egg-Tray-Processing-Factory-300x225.webp 300w, https:\/\/eggtraymachine.org\/wp-content\/uploads\/2025\/10\/Shuliy-Egg-Tray-Processing-Factory-16x12.webp 16w\" sizes=\"auto, (max-width: 720px) 100vw, 720px\" \/><figcaption class=\"wp-element-caption\">Usine de traitement de plateaux de fruits Shuliy<\/figcaption><\/figure> <\/figure>    <h2 class=\"wp-block-heading\">Comparaison de la gamme de produits<\/h2>    <p>Comparez le mod\u00e8le 1000 pcs\/h avec d'autres capacit\u00e9s :<\/p>    <figure class=\"wp-block-table\"><table class=\"has-fixed-layout\"><tbody><tr><td><strong>Mod\u00e8le<\/strong><\/td><td><strong>Capacit\u00e9<\/strong><\/td><td><strong>Travailleurs<\/strong><\/td><td><strong>Meilleur pour<\/strong><\/td><\/tr><tr><td><strong>SL-3*1<\/strong><\/td><td>1 000-1 500 pcs\/h<\/td><td>3-4<\/td><td>Petites ateliers (Ce mod\u00e8le)<\/td><\/tr><tr><td>SL-4*1<\/td><td>1 500-2 000 pcs\/h<\/td><td>3-4<\/td><td>Petite \u00e0 moyenne production<\/td><\/tr><tr><td>SL-3*4<\/td><td>2 000-2 500 pcs\/h<\/td><td>4-5<\/td><td>Entreprises en croissance<\/td><\/tr><tr><td>SL-4*4<\/td><td>3 000-3 500 pcs\/h<\/td><td>4-5<\/td><td>Production \u00e0 moyenne \u00e9chelle<\/td><\/tr><\/tbody><\/table><figcaption class=\"wp-element-caption\">Gamme de produits de la machine \u00e0 plateaux \u00e0 \u0153ufs<\/figcaption><\/figure>    <h2 class=\"wp-block-heading\">FAQ<\/h2>   <div id=\"rank-math-faq\" class=\"rank-math-block\"> <div class=\"rank-math-list\"> <div id=\"faq-1000-001\" class=\"rank-math-list-item\"> <h3 class=\"rank-math-question\">Quelle est la capacit\u00e9 de production de la machine \u00e0 \u0153ufs 1000 pcs\/h ?<\/h3> <div class=\"rank-math-answer\">  <p>La machine produit entre 1000 et 1500 plateaux \u00e0 \u0153ufs par heure dans des conditions normales de fonctionnement.<\/p>  <\/div> <\/div> <div id=\"faq-1000-002\" class=\"rank-math-list-item\"> <h3 class=\"rank-math-question\">Combien co\u00fbte une machine \u00e0 \u0153ufs 1000 pcs\/h ?<\/h3> <div class=\"rank-math-answer\">  <p>Les prix varient en fonction de la configuration et des options. Contactez-nous pour un devis personnalis\u00e9.<\/p>  <\/div> <\/div> <div id=\"faq-1000-003\" class=\"rank-math-list-item\"> <h3 class=\"rank-math-question\">Combien de travailleurs sont n\u00e9cessaires pour faire fonctionner cette machine ?<\/h3> <div class=\"rank-math-answer\">  <p>La machine semi-automatique \u00e0 1000 pcs\/h n\u00e9cessite 3-4 travailleurs pour fonctionner efficacement.<\/p>  <\/div> <\/div> <div id=\"faq-1000-004\" class=\"rank-math-list-item\"> <h3 class=\"rank-math-question\">Quelle m\u00e9thode de s\u00e9chage est la meilleure pour cette machine ?<\/h3> <div class=\"rank-math-answer\">  <p>Le s\u00e9chage naturel est recommand\u00e9 pour ce mod\u00e8le, ce qui le rend id\u00e9al pour les r\u00e9gions ensoleill\u00e9es.<\/p>  <\/div> <\/div> <div id=\"faq-1000-005\" class=\"rank-math-list-item\"> <h3 class=\"rank-math-question\">Cette machine peut-elle produire d'autres produits en plus des plateaux \u00e0 \u0153ufs ?<\/h3> <div class=\"rank-math-answer\">  <p>Oui, en changeant les moules, la m\u00eame machine peut produire des plateaux de fruits, des plateaux de vin et d'autres produits en pulpe moul\u00e9e.<\/p>  <\/div> <\/div> <div id=\"faq-1000-006\" class=\"rank-math-list-item\"> <h3 class=\"rank-math-question\">Combien de temps dure l'installation ?<\/h3> <div class=\"rank-math-answer\">  <p>Avec une assistance \u00e0 distance pour l'installation, la plupart des clients terminent l'installation en 3-7 jours.<\/p>  <\/div> <\/div> <div id=\"faq-1000-007\" class=\"rank-math-list-item\"> <h3 class=\"rank-math-question\">Quels mat\u00e9riaux bruts peuvent \u00eatre utilis\u00e9s ?<\/h3> <div class=\"rank-math-answer\">  <p>La machine traite divers types de papier usag\u00e9, y compris les journaux, les cartons et le papier de bureau.<\/p>  <\/div> <\/div> <\/div> <\/div>   <h2 class=\"wp-block-heading\">Lancez votre activit\u00e9 de fabrication de plateaux \u00e0 \u0153ufs d\u00e8s aujourd\u2019hui<\/h2>    <p>The 1000 pcs\/h semi-automatic egg tray making machine offers the most affordable entry point into the egg tray manufacturing industry. With low initial investment, simple operation, and minimal workforce requirements, it&#8217;s perfect for startups and small family workshops.<\/p>    <p>Contactez-nous d\u00e8s aujourd'hui pour discuter de vos besoins et recevoir un devis d\u00e9taill\u00e9 adapt\u00e9 \u00e0 votre projet.<\/p>","protected":false},"excerpt":{"rendered":"<p>Machine semi-automatique de fabrication de plateaux d'\u0153ufs 1000 pi\u00e8ces\/h pour petits ateliers familiaux. Utilise du papier recycl\u00e9, faible investissement, op\u00e9ration facile. S\u00e9chage naturel compatible. Parfait pour les startups.<\/p>","protected":false},"author":1,"featured_media":82,"parent":0,"template":"","tags":[27,28,25],"product-type":[4,9],"class_list":["post-80","product","type-product","status-publish","has-post-thumbnail","hentry","tag-egg-carton-machine","tag-egg-tray","tag-egg-tray-mahcine","product-type-product","product-type-egg-tray-making"],"_links":{"self":[{"href":"https:\/\/eggtraymachine.org\/fr\/wp-json\/wp\/v2\/product\/80","targetHints":{"allow":["GET"]}}],"collection":[{"href":"https:\/\/eggtraymachine.org\/fr\/wp-json\/wp\/v2\/product"}],"about":[{"href":"https:\/\/eggtraymachine.org\/fr\/wp-json\/wp\/v2\/types\/product"}],"author":[{"embeddable":true,"href":"https:\/\/eggtraymachine.org\/fr\/wp-json\/wp\/v2\/users\/1"}],"wp:featuredmedia":[{"embeddable":true,"href":"https:\/\/eggtraymachine.org\/fr\/wp-json\/wp\/v2\/media\/82"}],"wp:attachment":[{"href":"https:\/\/eggtraymachine.org\/fr\/wp-json\/wp\/v2\/media?parent=80"}],"wp:term":[{"taxonomy":"post_tag","embeddable":true,"href":"https:\/\/eggtraymachine.org\/fr\/wp-json\/wp\/v2\/tags?post=80"},{"taxonomy":"product-type","embeddable":true,"href":"https:\/\/eggtraymachine.org\/fr\/wp-json\/wp\/v2\/product-type?post=80"}],"curies":[{"name":"wp","href":"https:\/\/api.w.org\/{rel}","templated":true}]}}