{"id":47,"date":"2022-08-02T09:44:58","date_gmt":"2022-08-02T09:44:58","guid":{"rendered":"https:\/\/eggtraymachine.org\/?post_type=product&#038;p=47"},"modified":"2024-06-26T16:15:25","modified_gmt":"2024-06-26T08:15:25","slug":"egg-carton-production-line","status":"publish","type":"product","link":"https:\/\/eggtraymachine.org\/fr\/product\/egg-carton-production-line\/","title":{"rendered":"Ligne de production de cartons d'\u0153ufs | Machine \u00e0 cartonner les \u0153ufs"},"content":{"rendered":"<p>La ligne de production de cartons \u00e0 \u0153ufs Shuliy offre une solution unique pour tout, du moulage de la p\u00e2te au s\u00e9chage et \u00e0 l'emballage. Il peut garantir la production de cartons d\u2019\u0153ufs de haute qualit\u00e9. <\/p>    <p>La capacit\u00e9 de 1 000 \u00e0 8 000 pi\u00e8ces par heure peut r\u00e9pondre \u00e0 la plupart des demandes de production de cartons \u00e0 \u0153ufs. Ainsi, que vous soyez une petite ou moyenne entreprise ou une grande ferme, notre ligne de fabrication de cartons \u00e0 \u0153ufs peut r\u00e9pondre \u00e0 vos besoins.<\/p>    <figure class=\"wp-block-embed is-type-video is-provider-youtube wp-block-embed-youtube wp-embed-aspect-16-9 wp-has-aspect-ratio\"><div class=\"wp-block-embed__wrapper\"> <iframe loading=\"lazy\" title=\"Comment faire des plateaux \u00e0 \u0153ufs ? Regardez notre vid\u00e9o 3D avanc\u00e9e de la machine de fabrication de plateaux \u00e0 \u0153ufs en action\u00a0!\" width=\"500\" height=\"281\" src=\"https:\/\/www.youtube.com\/embed\/-0mtegid0ts?feature=oembed\" frameborder=\"0\" allow=\"accelerometer; autoplay; clipboard-write; encrypted-media; gyroscope; picture-in-picture; web-share\" referrerpolicy=\"strict-origin-when-cross-origin\" allowfullscreen><\/iframe> <\/div><figcaption class=\"wp-element-caption\">vid\u00e9o de production de plateaux \u00e0 \u0153ufs<\/figcaption><\/figure>    <p>La production de cartons \u00e0 \u0153ufs en papier est trait\u00e9e en utilisant des vieux papiers. Apr\u00e8s un traitement simple, des produits en carton d'\u0153ufs peuvent \u00eatre obtenus. Il existe deux types de plateaux \u00e0 \u0153ufs et de bo\u00eetes \u00e0 \u0153ufs g\u00e9n\u00e9ralement utilis\u00e9s pour emballer les \u0153ufs. Les bo\u00eetes \u00e0 \u0153ufs sont plus robustes lorsqu'elles sont utilis\u00e9es pour emballer des \u0153ufs et ont des fonctions telles que la conservation et l'odeur lorsqu'elles sont plac\u00e9es \u00e0 l'int\u00e9rieur du r\u00e9frig\u00e9rateur. Les bo\u00eetes \u00e0 \u0153ufs sont donc souvent utilis\u00e9es dans les supermarch\u00e9s et les usines de transformation des \u0153ufs.<\/p>   <div class=\"wp-block-image\"> <figure class=\"aligncenter size-full\"><img loading=\"lazy\" decoding=\"async\" width=\"720\" height=\"540\" src=\"https:\/\/eggtraymachine.org\/wp-content\/uploads\/2022\/08\/egg-carton-machine-factory.webp\" alt=\"usine de machines \u00e0 carton d&#039;oeufs\" class=\"wp-image-367\" title=\"\" srcset=\"https:\/\/eggtraymachine.org\/wp-content\/uploads\/2022\/08\/egg-carton-machine-factory.webp 720w, https:\/\/eggtraymachine.org\/wp-content\/uploads\/2022\/08\/egg-carton-machine-factory-300x225.webp 300w\" sizes=\"auto, (max-width: 720px) 100vw, 720px\" \/><figcaption class=\"wp-element-caption\">usine de machines \u00e0 carton d'oeufs<\/figcaption><\/figure> <\/div>   <h2 class=\"wp-block-heading\" id=\"h-raw-materials-for-egg-carton-production-line\">Mati\u00e8res premi\u00e8res pour la ligne de production de cartons d'\u0153ufs<\/h2>    <p class=\"translation-block\">La production de bo\u00eetes \u00e0 \u0153ufs peut utiliser des <a href=\"https:\/\/en.wikipedia.org\/wiki\/Cardboard_box\" data-type=\"URL\" data-id=\"https:\/\/en.wikipedia.org\/wiki\/Cardboard_box\" target=\"_blank\" rel=\"noopener\">bo\u00eetes en carton ondul\u00e9<\/a>, des d\u00e9chets de qualit\u00e9, des livres de d\u00e9chets et d'autres produits papier pour fabriquer des bo\u00eetes \u00e0 \u0153ufs. Elle utilise principalement des ressources papier recycl\u00e9, le broyage et le pulpage, puis des machines de formation des bo\u00eetes \u00e0 \u0153ufs pour former les bo\u00eetes. <\/p>    <p>Outre les vieux papiers, l\u2019eau, les adh\u00e9sifs et les agents antimicrobiens sont indispensables. Les adh\u00e9sifs ajoutent de la r\u00e9sistance aux plateaux \u00e0 \u0153ufs en papier. Les agents antimicrobiens prolongent la dur\u00e9e de vie du plateau \u00e0 \u0153ufs et garantissent la s\u00e9curit\u00e9 alimentaire.<\/p>    <p>\u00c9tant donn\u00e9 que le co\u00fbt des mati\u00e8res premi\u00e8res pour la production de cartons d\u2019\u0153ufs est faible, le profit des cartons d\u2019\u0153ufs est \u00e9lev\u00e9, c\u2019est pourquoi de nombreuses personnes produisent des cartons d\u2019\u0153ufs.<\/p>    <figure class=\"wp-block-gallery has-nested-images columns-default is-cropped wp-block-gallery-2 is-layout-flex wp-block-gallery-is-layout-flex\"> <figure class=\"wp-block-image size-large\"><img loading=\"lazy\" decoding=\"async\" width=\"720\" height=\"540\" data-id=\"570\" src=\"https:\/\/eggtraymachine.org\/wp-content\/uploads\/2022\/08\/corrugated-cardboard.jpg\" alt=\"Carton ondul\u00e9\" class=\"wp-image-570\" title=\"\" srcset=\"https:\/\/eggtraymachine.org\/wp-content\/uploads\/2022\/08\/corrugated-cardboard.jpg 720w, https:\/\/eggtraymachine.org\/wp-content\/uploads\/2022\/08\/corrugated-cardboard-300x225.jpg 300w, https:\/\/eggtraymachine.org\/wp-content\/uploads\/2022\/08\/corrugated-cardboard-16x12.jpg 16w\" sizes=\"auto, (max-width: 720px) 100vw, 720px\" \/><figcaption class=\"wp-element-caption\">Carton ondul\u00e9<\/figcaption><\/figure>    <figure class=\"wp-block-image size-large\"><img loading=\"lazy\" decoding=\"async\" width=\"720\" height=\"540\" data-id=\"571\" src=\"https:\/\/eggtraymachine.org\/wp-content\/uploads\/2022\/08\/newspaper.jpg\" alt=\"journal\" class=\"wp-image-571\" title=\"\" srcset=\"https:\/\/eggtraymachine.org\/wp-content\/uploads\/2022\/08\/newspaper.jpg 720w, https:\/\/eggtraymachine.org\/wp-content\/uploads\/2022\/08\/newspaper-300x225.jpg 300w, https:\/\/eggtraymachine.org\/wp-content\/uploads\/2022\/08\/newspaper-16x12.jpg 16w\" sizes=\"auto, (max-width: 720px) 100vw, 720px\" \/><figcaption class=\"wp-element-caption\">Journal<\/figcaption><\/figure> <\/figure>    <h2 class=\"wp-block-heading\">Processus de la ligne de production de cartons \u00e0 \u0153ufs<\/h2>    <figure class=\"wp-block-image size-full\"><img loading=\"lazy\" decoding=\"async\" width=\"720\" height=\"540\" src=\"https:\/\/eggtraymachine.org\/wp-content\/uploads\/2022\/08\/Egg-carton-production-line.webp\" alt=\"Ligne de production de cartons \u00e0 \u0153ufs\" class=\"wp-image-53\" title=\"\" srcset=\"https:\/\/eggtraymachine.org\/wp-content\/uploads\/2022\/08\/Egg-carton-production-line.webp 720w, https:\/\/eggtraymachine.org\/wp-content\/uploads\/2022\/08\/Egg-carton-production-line-300x225.webp 300w\" sizes=\"auto, (max-width: 720px) 100vw, 720px\" \/><figcaption class=\"wp-element-caption\">Ligne de production de cartons d'\u0153ufs<\/figcaption><\/figure>    <p>Le processus de production de bo\u00eetes \u00e0 \u0153ufs et de plateaux \u00e0 \u0153ufs est le m\u00eame. Ils doivent tous passer par les \u00e9tapes de r\u00e9duction en p\u00e2te \u2192 formation de cartons d'\u0153ufs \u2192 s\u00e9chage de cartons d'\u0153ufs \u2192 transformation secondaire de cartons d'\u0153ufs (facultatif) \u2192 emballage de cartons d'\u0153ufs.<\/p>    <h2 class=\"wp-block-heading\">Principales machines pour fabriquer des cartons d'\u0153ufs<\/h2>    <div class=\"wp-block-media-text alignwide is-stacked-on-mobile\"><figure class=\"wp-block-media-text__media\"><img loading=\"lazy\" decoding=\"async\" width=\"720\" height=\"540\" src=\"https:\/\/eggtraymachine.org\/wp-content\/uploads\/2022\/08\/Egg-carton-pulper.webp\" alt=\"Pulpeur de cartons d&#039;oeufs\" class=\"wp-image-57 size-full\" title=\"\" srcset=\"https:\/\/eggtraymachine.org\/wp-content\/uploads\/2022\/08\/Egg-carton-pulper.webp 720w, https:\/\/eggtraymachine.org\/wp-content\/uploads\/2022\/08\/Egg-carton-pulper-300x225.webp 300w\" sizes=\"auto, (max-width: 720px) 100vw, 720px\" \/><\/figure><div class=\"wp-block-media-text__content\"> <h3 class=\"wp-block-heading\">Pulpeur de cartons d'oeufs<\/h3>    <p class=\"translation-block\">La <a href=\"https:\/\/eggtraymachine.org\/fr\/product\/egg-tray-pulper\/\">pulpeuse de bo\u00eetes \u00e0 \u0153ufs<\/a> est la premi\u00e8re \u00e9tape de la ligne de production de bo\u00eetes \u00e0 \u0153ufs qui produit une pulpe homog\u00e8ne \u00e0 partir de papier usag\u00e9.<\/p> <\/div><\/div>    <div class=\"wp-block-media-text alignwide has-media-on-the-right is-stacked-on-mobile\"><div class=\"wp-block-media-text__content\"> <h3 class=\"wp-block-heading\">Machine de formage de cartons \u00e0 \u0153ufs<\/h3>    <p class=\"translation-block\">La <a href=\"https:\/\/eggtraymachine.org\/fr\/product\/egg-tray-forming-machine\/\">machine de formation des bo\u00eetes \u00e0 \u0153ufs<\/a> est l'\u00e9tape la plus critique du processus de production de bo\u00eetes \u00e0 \u0153ufs. Elle absorbe la pulpe dans la forme d'une bo\u00eete \u00e0 \u0153ufs \u00e0 l'aide d'un moule et la comprime pour lui donner sa forme.<\/p> <\/div><figure class=\"wp-block-media-text__media\"><img loading=\"lazy\" decoding=\"async\" width=\"720\" height=\"540\" src=\"https:\/\/eggtraymachine.org\/wp-content\/uploads\/2022\/08\/Egg-carton-forming-machine.webp\" alt=\"Machine de formage de cartons \u00e0 \u0153ufs\" class=\"wp-image-58 size-full\" title=\"\" srcset=\"https:\/\/eggtraymachine.org\/wp-content\/uploads\/2022\/08\/Egg-carton-forming-machine.webp 720w, https:\/\/eggtraymachine.org\/wp-content\/uploads\/2022\/08\/Egg-carton-forming-machine-300x225.webp 300w\" sizes=\"auto, (max-width: 720px) 100vw, 720px\" \/><\/figure><\/div>    <div class=\"wp-block-media-text alignwide is-stacked-on-mobile\"><figure class=\"wp-block-media-text__media\"><img loading=\"lazy\" decoding=\"async\" width=\"626\" height=\"654\" src=\"https:\/\/eggtraymachine.org\/wp-content\/uploads\/2022\/08\/Egg-carton-thermoforming-machine-1.webp\" alt=\"Thermoformeuse de cartons \u00e0 \u0153ufs\" class=\"wp-image-63 size-full\" title=\"\" srcset=\"https:\/\/eggtraymachine.org\/wp-content\/uploads\/2022\/08\/Egg-carton-thermoforming-machine-1.webp 626w, https:\/\/eggtraymachine.org\/wp-content\/uploads\/2022\/08\/Egg-carton-thermoforming-machine-1-287x300.webp 287w\" sizes=\"auto, (max-width: 626px) 100vw, 626px\" \/><\/figure><div class=\"wp-block-media-text__content\"> <h3 class=\"wp-block-heading\">Thermoformeuse de cartons \u00e0 \u0153ufs<\/h3>    <p class=\"translation-block\">La <a href=\"https:\/\/eggtraymachine.org\/fr\/product\/egg-tray-carton-hot-pressing-machine\/\">machine \u00e0 carton d\u2019\u0153ufs press\u00e9e \u00e0 chaud<\/a> peut \u00eatre utilis\u00e9e pour fa\u00e7onner et renforcer davantage l\u2019emballage en \u0153ufs en le chauffant et en le pressant dans le moule de la machine.<\/p> <\/div><\/div>    <div class=\"wp-block-media-text alignwide has-media-on-the-right is-stacked-on-mobile\"><div class=\"wp-block-media-text__content\"> <h3 class=\"wp-block-heading\">S\u00e9cheuse de cartons d'oeufs<\/h3>    <p class=\"translation-block\">Des <a href=\"https:\/\/eggtraymachine.org\/fr\/product\/paper-egg-tray-dryer-egg-tray-drying-machine\/\">s\u00e9chages de bo\u00eetes \u00e0 \u0153ufs<\/a> utilisent de l'air chaud pour \u00e9liminer l'humidit\u00e9 des bo\u00eetes \u00e0 \u0153ufs.<\/p> <\/div><figure class=\"wp-block-media-text__media\"><img loading=\"lazy\" decoding=\"async\" width=\"720\" height=\"540\" src=\"https:\/\/eggtraymachine.org\/wp-content\/uploads\/2022\/08\/egg-carton-dryer.webp\" alt=\"S\u00e9choir \u00e0 cartons d&#039;oeufs\" class=\"wp-image-62 size-full\" title=\"\" srcset=\"https:\/\/eggtraymachine.org\/wp-content\/uploads\/2022\/08\/egg-carton-dryer.webp 720w, https:\/\/eggtraymachine.org\/wp-content\/uploads\/2022\/08\/egg-carton-dryer-300x225.webp 300w\" sizes=\"auto, (max-width: 720px) 100vw, 720px\" \/><\/figure><\/div>    <h2 class=\"wp-block-heading\">M\u00e9thode de s\u00e9chage des cartons d'\u0153ufs<\/h2>    <p>Comme mentionn\u00e9 ci-dessus, vous pouvez choisir un s\u00e9choir pour cartons d'\u0153ufs multicouches, efficace et peu encombrant. Le combustible s\u00e9ch\u00e9 peut \u00eatre s\u00e9lectionn\u00e9 de diff\u00e9rentes mani\u00e8res comme le gaz ou le fioul. Par rapport au s\u00e9chage au four \u00e0 briques, le plus grand avantage du s\u00e9choir est qu'il \u00e9conomise du carburant et peut en m\u00eame temps \u00e9conomiser environ 30% d'\u00e9nergie.<\/p>    <p>De plus, le s\u00e9chage des cartons d'\u0153ufs peut utiliser un s\u00e9chage naturel, ce qui convient \u00e0 la production en petit volume. Vous pouvez \u00e9galement construire votre four \u00e0 briques pour le s\u00e9chage, ce qui n\u00e9cessite suffisamment d'espace. <\/p>    <figure class=\"wp-block-gallery has-nested-images columns-default is-cropped wp-block-gallery-3 is-layout-flex wp-block-gallery-is-layout-flex\"> <figure class=\"wp-block-image size-large\"><img loading=\"lazy\" decoding=\"async\" width=\"720\" height=\"540\" data-id=\"72\" src=\"https:\/\/eggtraymachine.org\/wp-content\/uploads\/2022\/08\/Brick-kiln-drying-egg-trays.webp\" alt=\"carton d&#039;oeufs de s\u00e9chage au four \u00e0 briques\" class=\"wp-image-72\" title=\"\" srcset=\"https:\/\/eggtraymachine.org\/wp-content\/uploads\/2022\/08\/Brick-kiln-drying-egg-trays.webp 720w, https:\/\/eggtraymachine.org\/wp-content\/uploads\/2022\/08\/Brick-kiln-drying-egg-trays-300x225.webp 300w\" sizes=\"auto, (max-width: 720px) 100vw, 720px\" \/><figcaption class=\"wp-element-caption\">Carton d'oeufs de s\u00e9chage au four \u00e0 briques<\/figcaption><\/figure>    <figure class=\"wp-block-image size-large\"><img loading=\"lazy\" decoding=\"async\" width=\"720\" height=\"540\" data-id=\"581\" src=\"https:\/\/eggtraymachine.org\/wp-content\/uploads\/2022\/08\/dry-naturally.webp\" alt=\"s\u00e9cher naturellement\" class=\"wp-image-581\" title=\"\" srcset=\"https:\/\/eggtraymachine.org\/wp-content\/uploads\/2022\/08\/dry-naturally.webp 720w, https:\/\/eggtraymachine.org\/wp-content\/uploads\/2022\/08\/dry-naturally-300x225.webp 300w, https:\/\/eggtraymachine.org\/wp-content\/uploads\/2022\/08\/dry-naturally-16x12.webp 16w\" sizes=\"auto, (max-width: 720px) 100vw, 720px\" \/><figcaption class=\"wp-element-caption\">S\u00e9cher naturellement<\/figcaption><\/figure> <\/figure>    <h2 class=\"wp-block-heading\">Param\u00e8tre de la ligne de production de cartons \u00e0 \u0153ufs<\/h2>    <figure class=\"wp-block-table\"><table><tbody><tr><td>Mod\u00e8le<\/td><td>Capacit\u00e9<\/td><td>Consommation de papier<\/td><td>Consommation d'eau<\/td><td>\u00c9nergie utilis\u00e9e<\/td><td>Ouvrier<\/td><\/tr><tr><td>SL-3*1<\/td><td>1000-1500 pi\u00e8ces\/heure<\/td><td>120kg\/heure<\/td><td>300kg\/h<\/td><td>32 kW\/h<\/td><td>3-4<\/td><\/tr><tr><td>SL-4*1<\/td><td>1500-2000 pi\u00e8ces\/h<\/td><td>160kg\/h<\/td><td>380kg\/h<\/td><td>45 kW\/h<\/td><td>3-4<\/td><\/tr><tr><td>SL-3*4<\/td><td>2000-2500 pi\u00e8ces\/heure<\/td><td>200kg\/h<\/td><td>450kg\/h<\/td><td>58 kW\/h<\/td><td>4-5<\/td><\/tr><tr><td>SL-4*4<\/td><td>3000-3500 pi\u00e8ces\/heure<\/td><td>280kg\/h<\/td><td>560kg\/heure<\/td><td>78 kW\/h<\/td><td>4-5<\/td><\/tr><tr><td>SL-4*8<\/td><td>4000 pi\u00e8ces\/heure<\/td><td>320kg\/heure<\/td><td>600kg\/heure<\/td><td>80 kW\/h<\/td><td>5-6<\/td><\/tr><tr><td>SL-5*8<\/td><td>5000 pi\u00e8ces\/heure<\/td><td>400kg\/heure<\/td><td>750kg\/heure<\/td><td>85 kW\/h<\/td><td>3-4<\/td><\/tr><tr><td>SL-5*12<\/td><td>6000 pi\u00e8ces\/heure<\/td><td>480kg\/h<\/td><td>900kg\/heure<\/td><td>90 kW\/h<\/td><td>3-4<\/td><\/tr><tr><td>SL-6*12<\/td><td>8000 pi\u00e8ces\/heure<\/td><td>640 kg\/heure<\/td><td>1040 kg\/heure<\/td><td>100 kW\/h<\/td><td>3-4<\/td><\/tr><\/tbody><\/table><figcaption class=\"wp-element-caption\">ligne de production de cartons d'oeufs<\/figcaption><\/figure>    <p>La configuration de la ligne de production de cartons d\u2019\u0153ufs, le degr\u00e9 d\u2019automatisation et la taille de la machine d\u00e9terminent la production de cartons d\u2019\u0153ufs. Cela signifie que si vous souhaitez obtenir 8\u00a0000 cartons d\u2019\u0153ufs en une heure, vous devez alors choisir une ligne avec une automatisation \u00e9lev\u00e9e, une configuration \u00e9lev\u00e9e et une machine plus grande.<\/p>    <figure class=\"wp-block-image size-full\"><img loading=\"lazy\" decoding=\"async\" width=\"720\" height=\"540\" src=\"https:\/\/eggtraymachine.org\/wp-content\/uploads\/2022\/08\/Egg-cartons.webp\" alt=\"Cartons d&#039;oeufs \" class=\"wp-image-365\" title=\"\" srcset=\"https:\/\/eggtraymachine.org\/wp-content\/uploads\/2022\/08\/Egg-cartons.webp 720w, https:\/\/eggtraymachine.org\/wp-content\/uploads\/2022\/08\/Egg-cartons-300x225.webp 300w\" sizes=\"auto, (max-width: 720px) 100vw, 720px\" \/><figcaption class=\"wp-element-caption\">Cartons d'oeufs <\/figcaption><\/figure>    <h2 class=\"wp-block-heading\">Comment produire des bo\u00eetes \u00e0 \u0153ufs de diff\u00e9rentes tailles\uff1f<\/h2>    <p>La taille de la bo\u00eete \u00e0 \u0153ufs est diff\u00e9rente pour chaque fabricant de bo\u00eetes \u00e0 \u0153ufs. Certains n\u00e9cessitent six \u0153ufs par carton et d\u2019autres 12 \u0153ufs par carton ou 18 \u0153ufs par carton. Alors, comment la machine \u00e0 cartonner les \u0153ufs produit-elle des bo\u00eetes \u00e0 \u0153ufs de sp\u00e9cifications diff\u00e9rentes\u00a0? Elle est d\u00e9termin\u00e9e par la conception du moule de la machine. Par cons\u00e9quent, la machine \u00e0 cartonner les \u0153ufs a diverses fonctions et peut produire diff\u00e9rentes tailles de cartons \u00e0 \u0153ufs.<\/p>    <figure class=\"wp-block-image size-full\"><img loading=\"lazy\" decoding=\"async\" width=\"720\" height=\"540\" src=\"https:\/\/eggtraymachine.org\/wp-content\/uploads\/2022\/08\/egg-carton-molds.webp\" alt=\"moules pour cartons d&#039;oeufs\" class=\"wp-image-578\" title=\"\" srcset=\"https:\/\/eggtraymachine.org\/wp-content\/uploads\/2022\/08\/egg-carton-molds.webp 720w, https:\/\/eggtraymachine.org\/wp-content\/uploads\/2022\/08\/egg-carton-molds-300x225.webp 300w, https:\/\/eggtraymachine.org\/wp-content\/uploads\/2022\/08\/egg-carton-molds-16x12.webp 16w\" sizes=\"auto, (max-width: 720px) 100vw, 720px\" \/><figcaption class=\"wp-element-caption\">Moules pour cartons d'\u0153ufs<\/figcaption><\/figure>    <h2 class=\"wp-block-heading\">Comment sont fabriqu\u00e9es les bo\u00eetes d\u2019\u0153ufs de diff\u00e9rentes couleurs ?<\/h2>    <p>Nous verrons des bo\u00eetes \u00e0 \u0153ufs d'autres couleurs dans les supermarch\u00e9s ou ailleurs, pas seulement blanches, mais comment sont produites les bo\u00eetes \u00e0 \u0153ufs color\u00e9es ? En fait, lors du processus de production des bo\u00eetes \u00e0 \u0153ufs, il y a un processus de r\u00e9duction en p\u00e2te tr\u00e8s important. Vous pouvez ajouter des colorants et des colorants pendant le processus de r\u00e9duction en p\u00e2te pour produire des cartons d'\u0153ufs de diff\u00e9rentes couleurs.<\/p>    <figure class=\"wp-block-gallery has-nested-images columns-default is-cropped wp-block-gallery-4 is-layout-flex wp-block-gallery-is-layout-flex\"> <figure class=\"wp-block-image size-large\"><img loading=\"lazy\" decoding=\"async\" width=\"720\" height=\"540\" data-id=\"364\" src=\"https:\/\/eggtraymachine.org\/wp-content\/uploads\/2022\/08\/egg-cartons.webp\" alt=\"cartons d&#039;oeufs\" class=\"wp-image-364\" title=\"\" srcset=\"https:\/\/eggtraymachine.org\/wp-content\/uploads\/2022\/08\/egg-cartons.webp 720w, https:\/\/eggtraymachine.org\/wp-content\/uploads\/2022\/08\/egg-cartons-300x225.webp 300w\" sizes=\"auto, (max-width: 720px) 100vw, 720px\" \/><figcaption class=\"wp-element-caption\">Cartons d'oeufs<\/figcaption><\/figure>    <figure class=\"wp-block-image size-large\"><img loading=\"lazy\" decoding=\"async\" width=\"720\" height=\"540\" data-id=\"363\" src=\"https:\/\/eggtraymachine.org\/wp-content\/uploads\/2022\/08\/egg-cartons-of-different-colors-1.webp\" alt=\"cartons d&#039;oeufs de diff\u00e9rentes couleurs\" class=\"wp-image-363\" title=\"\" srcset=\"https:\/\/eggtraymachine.org\/wp-content\/uploads\/2022\/08\/egg-cartons-of-different-colors-1.webp 720w, https:\/\/eggtraymachine.org\/wp-content\/uploads\/2022\/08\/egg-cartons-of-different-colors-1-300x225.webp 300w\" sizes=\"auto, (max-width: 720px) 100vw, 720px\" \/><figcaption class=\"wp-element-caption\">Cartons d'\u0153ufs de diff\u00e9rentes couleurs<\/figcaption><\/figure> <\/figure>    <h2 class=\"wp-block-heading\">Quelle est la diff\u00e9rence entre la production de cartons \u00e0 \u0153ufs et de plateaux \u00e0 \u0153ufs\u00a0?<\/h2>    <p>Comme nous le savons tous, il existe deux types de m\u00e9thodes d\u2019emballage pour nos \u0153ufs courants. L'un est un plateau \u00e0 \u0153ufs et l'autre est une bo\u00eete \u00e0 \u0153ufs. Quelle est la diff\u00e9rence entre les m\u00e9thodes de production de ces deux produits ? En fait, la production de mati\u00e8res premi\u00e8res et le processus de production des plateaux \u00e0 \u0153ufs et des bo\u00eetes \u00e0 \u0153ufs sont les m\u00eames. <\/p>    <p>La seule diff\u00e9rence dans la production est que les moules des machines de formage de plateaux \u00e0 \u0153ufs et des bo\u00eetes \u00e0 \u0153ufs sont diff\u00e9rents. Nos moules peuvent \u00eatre personnalis\u00e9s selon les besoins du client. De cette mani\u00e8re, les clients sont plus diversifi\u00e9s dans leur production et plus comp\u00e9titifs dans leurs ventes.<\/p>    <figure class=\"wp-block-gallery has-nested-images columns-default is-cropped wp-block-gallery-5 is-layout-flex wp-block-gallery-is-layout-flex\"> <figure class=\"wp-block-image size-large\"><img loading=\"lazy\" decoding=\"async\" width=\"720\" height=\"540\" data-id=\"579\" src=\"https:\/\/eggtraymachine.org\/wp-content\/uploads\/2022\/08\/egg-tray-mold-1.webp\" alt=\"moule \u00e0 plateau d&#039;oeufs\" class=\"wp-image-579\" title=\"\" srcset=\"https:\/\/eggtraymachine.org\/wp-content\/uploads\/2022\/08\/egg-tray-mold-1.webp 720w, https:\/\/eggtraymachine.org\/wp-content\/uploads\/2022\/08\/egg-tray-mold-1-300x225.webp 300w, https:\/\/eggtraymachine.org\/wp-content\/uploads\/2022\/08\/egg-tray-mold-1-16x12.webp 16w\" sizes=\"auto, (max-width: 720px) 100vw, 720px\" \/><figcaption class=\"wp-element-caption\">Moule \u00e0 plateau \u00e0 \u0153ufs<\/figcaption><\/figure>    <figure class=\"wp-block-image size-large\"><img loading=\"lazy\" decoding=\"async\" width=\"720\" height=\"540\" data-id=\"580\" src=\"https:\/\/eggtraymachine.org\/wp-content\/uploads\/2022\/08\/egg-carton-mold.webp\" alt=\"moule en carton d&#039;oeufs\" class=\"wp-image-580\" title=\"\" srcset=\"https:\/\/eggtraymachine.org\/wp-content\/uploads\/2022\/08\/egg-carton-mold.webp 720w, https:\/\/eggtraymachine.org\/wp-content\/uploads\/2022\/08\/egg-carton-mold-300x225.webp 300w, https:\/\/eggtraymachine.org\/wp-content\/uploads\/2022\/08\/egg-carton-mold-16x12.webp 16w\" sizes=\"auto, (max-width: 720px) 100vw, 720px\" \/><figcaption class=\"wp-element-caption\">Moule en carton d'oeufs<\/figcaption><\/figure> <\/figure>    <h2 class=\"wp-block-heading\">Cas client concernant une ligne de production de cartons \u00e0 \u0153ufs<\/h2>    <figure class=\"wp-block-image size-full\"><img loading=\"lazy\" decoding=\"async\" width=\"720\" height=\"540\" src=\"https:\/\/eggtraymachine.org\/wp-content\/uploads\/2022\/08\/Egg-carton-machine-delivery.webp\" alt=\"Livraison de machine \u00e0 cartons \u00e0 \u0153ufs\" class=\"wp-image-67\" title=\"\" srcset=\"https:\/\/eggtraymachine.org\/wp-content\/uploads\/2022\/08\/Egg-carton-machine-delivery.webp 720w, https:\/\/eggtraymachine.org\/wp-content\/uploads\/2022\/08\/Egg-carton-machine-delivery-300x225.webp 300w\" sizes=\"auto, (max-width: 720px) 100vw, 720px\" \/><figcaption class=\"wp-element-caption\">Livraison de machines \u00e0 cartonner les \u0153ufs<\/figcaption><\/figure>    <p class=\"translation-block\">Il existe un <a href=\"https:\/\/eggtraymachine.org\/fr\/Info\/egg-tray-machine-exported-to-cameroon\/\" data-type=\"URL\" data-id=\"https:\/\/eggtraymachine.org\/Info\/egg-tray-machine-exported-to-cameroon\/\">client d'une ferme avicole au Cameroun<\/a> qui souhaite une ligne de production de bo\u00eetes \u00e0 \u0153ufs. Le client poss\u00e8de une ferme avicole et veut d\u00e9velopper son activit\u00e9. Il choisit donc de traiter les bo\u00eetes \u00e0 \u0153ufs, non seulement pour r\u00e9pondre aux besoins des bo\u00eetes \u00e0 \u0153ufs de sa ferme avicole, mais aussi pour \u00eatre vendues \u00e0 l'ext\u00e9rieur.<\/p>    <p class=\"translation-block\">Le client a command\u00e9 une ligne de production de bo\u00eetes \u00e0 \u0153ufs, comprenant une pulpeuse, une machine de formage de bo\u00eetes \u00e0 \u0153ufs, une <a href=\"https:\/\/eggtraymachine.org\/fr\/product\/egg-tray-carton-hot-pressing-machine\/\" data-type=\"URL\" data-id=\"https:\/\/eggtraymachine.org\/product\/egg-tray-carton-hot-pressing-machine\/\">machine d\u2019hydroformage<\/a>, et une machine d\u2019emballage de bo\u00eetes \u00e0 \u0153ufs. Apr\u00e8s l\u2019exp\u00e9dition de la machine vers le Cameroun, il avait le contr\u00f4le total de la production de bo\u00eetes \u00e0 \u0153ufs dans la semaine qui a suivi la production. <\/p>    <p>Avant l'achat, nous enverrons au client les informations relatives \u00e0 la production du plateau \u00e0 \u0153ufs, et le vendeur professionnel expliquera l'utilisation et la structure de la machine. Les clients peuvent ainsi produire rapidement des cartons d\u2019\u0153ufs. Si vous recherchez une ligne de fabrication de cartons \u00e0 \u0153ufs efficace, n'h\u00e9sitez pas \u00e0 nous contacter.<\/p>","protected":false},"excerpt":{"rendered":"<p>Notre ligne de production de cartons d'\u0153ufs offre un processus transparent depuis le moulage de la p\u00e2te jusqu'au s\u00e9chage et \u00e0 l'emballage. Seulement 3 \u00e0 4 ouvriers sont n\u00e9cessaires.<\/p>","protected":false},"author":1,"featured_media":121,"parent":0,"template":"","tags":[27,12],"product-type":[3],"class_list":["post-47","product","type-product","status-publish","has-post-thumbnail","hentry","tag-egg-carton-machine","tag-egg-carton-production-line","product-type-egg-tray-production"],"_links":{"self":[{"href":"https:\/\/eggtraymachine.org\/fr\/wp-json\/wp\/v2\/product\/47","targetHints":{"allow":["GET"]}}],"collection":[{"href":"https:\/\/eggtraymachine.org\/fr\/wp-json\/wp\/v2\/product"}],"about":[{"href":"https:\/\/eggtraymachine.org\/fr\/wp-json\/wp\/v2\/types\/product"}],"author":[{"embeddable":true,"href":"https:\/\/eggtraymachine.org\/fr\/wp-json\/wp\/v2\/users\/1"}],"wp:featuredmedia":[{"embeddable":true,"href":"https:\/\/eggtraymachine.org\/fr\/wp-json\/wp\/v2\/media\/121"}],"wp:attachment":[{"href":"https:\/\/eggtraymachine.org\/fr\/wp-json\/wp\/v2\/media?parent=47"}],"wp:term":[{"taxonomy":"post_tag","embeddable":true,"href":"https:\/\/eggtraymachine.org\/fr\/wp-json\/wp\/v2\/tags?post=47"},{"taxonomy":"product-type","embeddable":true,"href":"https:\/\/eggtraymachine.org\/fr\/wp-json\/wp\/v2\/product-type?post=47"}],"curies":[{"name":"wp","href":"https:\/\/api.w.org\/{rel}","templated":true}]}}