{"id":432,"date":"2023-03-10T16:59:59","date_gmt":"2023-03-10T08:59:59","guid":{"rendered":"https:\/\/eggtraymachine.org\/?post_type=product&#038;p=432"},"modified":"2024-06-19T15:33:44","modified_gmt":"2024-06-19T07:33:44","slug":"quail-egg-tray-machine","status":"publish","type":"product","link":"https:\/\/eggtraymachine.org\/fr\/product\/quail-egg-tray-machine\/","title":{"rendered":"Machine \u00e0 plateau d'oeufs de caille | machine de fabrication de cartons pour \u0153ufs de caille"},"content":{"rendered":"<p class=\"translation-block\">La machine \u00e0 plateaux \u00e0 \u0153ufs de caille est un appareil pour fabriquer des plateaux \u00e0 \u0153ufs de caille. La mati\u00e8re premi\u00e8re pour la fabrication de plateaux \u00e0 \u0153ufs de caille est le papier de rebut. Cette machine n'a pas de pollution dans le processus de production et est une industrie respectueuse de l'environnement soutenue par de nombreux pays et gouvernements. <\/p>    <p>La ligne de production de plateaux \u00e0 \u0153ufs de caille et de bo\u00eetes \u00e0 \u0153ufs peut \u00e9galement produire des plateaux \u00e0 \u0153ufs, des plateaux \u00e0 fruits, des urinoirs jetables, des plateaux \u00e0 vin et des bo\u00eetes d'emballage d'instruments de pr\u00e9cision.<\/p>   <div class=\"wp-block-image\"> <figure class=\"aligncenter size-full\"><img loading=\"lazy\" decoding=\"async\" width=\"720\" height=\"540\" src=\"https:\/\/eggtraymachine.org\/wp-content\/uploads\/2023\/03\/Waste-paper-processing-for-different-packaging-products.webp\" alt=\"Traitement des vieux papiers pour diff\u00e9rents produits d&#039;emballage\" class=\"wp-image-444\" title=\"\" srcset=\"https:\/\/eggtraymachine.org\/wp-content\/uploads\/2023\/03\/Waste-paper-processing-for-different-packaging-products.webp 720w, https:\/\/eggtraymachine.org\/wp-content\/uploads\/2023\/03\/Waste-paper-processing-for-different-packaging-products-300x225.webp 300w\" sizes=\"auto, (max-width: 720px) 100vw, 720px\" \/><figcaption class=\"wp-element-caption\">Traitement des vieux papiers pour diff\u00e9rents produits d'emballage<\/figcaption><\/figure> <\/div>   <h2 class=\"wp-block-heading\">Vid\u00e9o de la machine \u00e0 plateaux \u00e0 \u0153ufs en papier<\/h2>    <figure class=\"wp-block-embed is-type-video is-provider-youtube wp-block-embed-youtube wp-embed-aspect-16-9 wp-has-aspect-ratio\"><div class=\"wp-block-embed__wrapper\"> <iframe loading=\"lazy\" title=\"1000pcs\/h-6000pcs\/h Vid\u00e9o 3D de la ligne de production automatique de plateaux \u00e0 \u0153ufs | production de cartons \u00e0 \u0153ufs en papier\" width=\"500\" height=\"281\" src=\"https:\/\/www.youtube.com\/embed\/qjUwbSb-hiI?feature=oembed\" frameborder=\"0\" allow=\"accelerometer; autoplay; clipboard-write; encrypted-media; gyroscope; picture-in-picture; web-share\" referrerpolicy=\"strict-origin-when-cross-origin\" allowfullscreen><\/iframe> <\/div><figcaption class=\"wp-element-caption\">vid\u00e9o de production de cartons d'\u0153ufs<\/figcaption><\/figure>    <h2 class=\"wp-block-heading\">Processus de production de plateaux \u00e0 \u0153ufs de caille<\/h2>    <p class=\"translation-block\">Le processus principal de production de plateaux \u00e0 \u0153ufs de caille est le broyage du papier de rebut \u2192 homog\u00e9n\u00e9isation \u2192 mise en forme \u2192 s\u00e9chage \u2192 emballage. Il existe trois m\u00e9thodes de s\u00e9chage des plateaux \u00e0 \u0153ufs : s\u00e9chage naturel, s\u00e9chage en four de briques et s\u00e9chage par s\u00e9choir m\u00e9tallique. Les machines \u00e0 cartons \u00e0 \u0153ufs de caille que vous devez utiliser comprennent des pulpeurs, des machines \u00e0 plateaux \u00e0 \u0153ufs de caille, des s\u00e9choirs \u00e0 plateaux \u00e0 \u0153ufs et des machines d'emballage de plateaux \u00e0 \u0153ufs.<\/p>   <div class=\"wp-block-image\"> <figure class=\"aligncenter size-full\"><img loading=\"lazy\" decoding=\"async\" width=\"720\" height=\"540\" src=\"https:\/\/eggtraymachine.org\/wp-content\/uploads\/2023\/03\/Quail-egg-tray-production-process.webp\" alt=\"Processus de production de plateaux \u00e0 \u0153ufs de caille\" class=\"wp-image-442\" title=\"\" srcset=\"https:\/\/eggtraymachine.org\/wp-content\/uploads\/2023\/03\/Quail-egg-tray-production-process.webp 720w, https:\/\/eggtraymachine.org\/wp-content\/uploads\/2023\/03\/Quail-egg-tray-production-process-300x225.webp 300w\" sizes=\"auto, (max-width: 720px) 100vw, 720px\" \/><figcaption class=\"wp-element-caption\">Processus de production de plateaux \u00e0 \u0153ufs de caille<\/figcaption><\/figure> <\/div>   <h2 class=\"wp-block-heading\">Param\u00e8tre de la machine de fabrication de cartons d'\u0153ufs de caille<\/h2>    <ul class=\"wp-block-list\"> <li>Mod\u00e8le\u00a0:\u00a0Sl-4\u00d74<\/li>    <li>Sortie\u00a0: 3000\u00a0pi\u00e8ces\/h<\/li>    <li>Puissance : 45 kW<\/li>    <li>Consommation de papier : 240kg\/h<\/li>    <li>Consommation d'eau : 480 kg\/h<\/li>    <li>M\u00e9thode de s\u00e9chage\u00a0: S\u00e9chage au four \u00e0 briques ou s\u00e9choir \u00e0 m\u00e9taux<\/li> <\/ul>    <p>Ce qui pr\u00e9c\u00e8de sont les param\u00e8tres de la machine avec une capacit\u00e9 de production de 300 plateaux d'\u0153ufs de caille par heure. Si vous souhaitez conna\u00eetre les param\u00e8tres des autres capacit\u00e9s de production de la machine \u00e0 plateaux \u00e0 \u0153ufs de caille, veuillez nous contacter via la fen\u00eatre contextuelle dans le coin inf\u00e9rieur droit.<\/p>    <h2 class=\"wp-block-heading\">Comment personnaliser la ligne de production de plateaux \u00e0 \u0153ufs de caille\u00a0?<\/h2>    <figure class=\"wp-block-gallery has-nested-images columns-default is-cropped wp-block-gallery-2 is-layout-flex wp-block-gallery-is-layout-flex\"> <figure class=\"wp-block-image size-large\"><img loading=\"lazy\" decoding=\"async\" width=\"720\" height=\"540\" data-id=\"436\" src=\"https:\/\/eggtraymachine.org\/wp-content\/uploads\/2023\/03\/Quail-egg-tray-machine-1.webp\" alt=\"Machine \u00e0 plateau d&#039;oeufs de caille\" class=\"wp-image-436\" title=\"\" srcset=\"https:\/\/eggtraymachine.org\/wp-content\/uploads\/2023\/03\/Quail-egg-tray-machine-1.webp 720w, https:\/\/eggtraymachine.org\/wp-content\/uploads\/2023\/03\/Quail-egg-tray-machine-1-300x225.webp 300w\" sizes=\"auto, (max-width: 720px) 100vw, 720px\" \/><figcaption class=\"wp-element-caption\">Machine \u00e0 plateau d'oeufs de caille<\/figcaption><\/figure>    <figure class=\"wp-block-image size-large\"><img loading=\"lazy\" decoding=\"async\" width=\"720\" height=\"540\" data-id=\"437\" src=\"https:\/\/eggtraymachine.org\/wp-content\/uploads\/2023\/03\/Quail-egg-tray-machine-details.webp\" alt=\"D\u00e9tails de la machine \u00e0 plateaux \u00e0 \u0153ufs de caille\" class=\"wp-image-437\" title=\"\" srcset=\"https:\/\/eggtraymachine.org\/wp-content\/uploads\/2023\/03\/Quail-egg-tray-machine-details.webp 720w, https:\/\/eggtraymachine.org\/wp-content\/uploads\/2023\/03\/Quail-egg-tray-machine-details-300x225.webp 300w\" sizes=\"auto, (max-width: 720px) 100vw, 720px\" \/><figcaption class=\"wp-element-caption\">D\u00e9tails de la machine \u00e0 plateau d'oeufs de caille<\/figcaption><\/figure>    <figure class=\"wp-block-image size-large\"><img loading=\"lazy\" decoding=\"async\" width=\"720\" height=\"540\" data-id=\"438\" src=\"https:\/\/eggtraymachine.org\/wp-content\/uploads\/2023\/03\/Quail-egg-tray-machine-delivery.webp\" alt=\"Livraison de machine \u00e0 plateau d&#039;oeufs de caille\" class=\"wp-image-438\" title=\"\" srcset=\"https:\/\/eggtraymachine.org\/wp-content\/uploads\/2023\/03\/Quail-egg-tray-machine-delivery.webp 720w, https:\/\/eggtraymachine.org\/wp-content\/uploads\/2023\/03\/Quail-egg-tray-machine-delivery-300x225.webp 300w\" sizes=\"auto, (max-width: 720px) 100vw, 720px\" \/><figcaption class=\"wp-element-caption\">Livraison de machine \u00e0 plateaux d'\u0153ufs de caille<\/figcaption><\/figure> <\/figure>    <p>Si vous avez besoin d'un plateau d'\u0153ufs de caille et d'une ligne de production de cartons d'\u0153ufs de caille, vous devez alors d\u00e9cider de la capacit\u00e9 que vous souhaitez produire. La production que nous pouvons g\u00e9rer est de 1 000 pi\u00e8ces\/h \u00e0 6 000 pi\u00e8ces\/h. Vous devez \u00e9galement indiquer la taille du plateau \u00e0 \u0153ufs de caille que vous souhaitez. Nous pouvons ensuite personnaliser le moule en fonction des donn\u00e9es que vous fournissez.<\/p>    <h2 class=\"wp-block-heading\">Mati\u00e8res premi\u00e8res pour la production de plateaux \u00e0 \u0153ufs de caille<\/h2>    <p>Quelles sont les mati\u00e8res premi\u00e8res pour la fabrication de barquettes d'\u0153ufs de caille ? La machine \u00e0 plateaux \u00e0 \u0153ufs de caille utilise des vieux papiers et a \u00e9galement besoin d'eau. Le prix des vieux papiers est relativement bas, ce qui permettra de contr\u00f4ler le co\u00fbt de production des plateaux d'\u0153ufs de caille, et l'eau contenue dans le processus de production peut \u00eatre recycl\u00e9e.<\/p>    <h2 class=\"wp-block-heading\">La m\u00eame machine est-elle utilis\u00e9e pour produire des plateaux \u00e0 \u0153ufs de caille et des bo\u00eetes \u00e0 \u0153ufs de caille\u00a0?<\/h2>    <p>La m\u00eame machine est utilis\u00e9e pour produire des plateaux \u00e0 \u0153ufs et des bo\u00eetes \u00e0 \u0153ufs, mais des moules diff\u00e9rents sont utilis\u00e9s. La machine doit \u00eatre configur\u00e9e pour diff\u00e9rents produits et diff\u00e9rents moules de produits. Les moules de produits sont \u00e9galement divis\u00e9s en diff\u00e9rents mat\u00e9riaux, les moules pour plateaux \u00e0 \u0153ufs ont des moules en plastique et des moules en aluminium. Les moules en aluminium sont de meilleure qualit\u00e9, mais le prix est forc\u00e9ment relativement \u00e9lev\u00e9. Pour plus de d\u00e9tails, veuillez nous contacter et nous vous enverrons des informations plus d\u00e9taill\u00e9es.<\/p>    <figure class=\"wp-block-image size-full\"><img loading=\"lazy\" decoding=\"async\" width=\"720\" height=\"540\" src=\"https:\/\/eggtraymachine.org\/wp-content\/uploads\/2023\/03\/quail-egg-tray-and-box.webp\" alt=\"plateau et bo\u00eete \u00e0 \u0153ufs de caille\" class=\"wp-image-443\" title=\"\" srcset=\"https:\/\/eggtraymachine.org\/wp-content\/uploads\/2023\/03\/quail-egg-tray-and-box.webp 720w, https:\/\/eggtraymachine.org\/wp-content\/uploads\/2023\/03\/quail-egg-tray-and-box-300x225.webp 300w\" sizes=\"auto, (max-width: 720px) 100vw, 720px\" \/><figcaption class=\"wp-element-caption\">Plateau et bo\u00eete \u00e0 \u0153ufs de caille<\/figcaption><\/figure>    <h2 class=\"wp-block-heading\">La diff\u00e9rence entre une machine \u00e0 plateaux \u00e0 \u0153ufs de caille et une machine \u00e0 plateaux \u00e0 \u0153ufs<\/h2>    <figure class=\"wp-block-gallery has-nested-images columns-default is-cropped wp-block-gallery-3 is-layout-flex wp-block-gallery-is-layout-flex\"> <figure class=\"wp-block-image size-large\"><img loading=\"lazy\" decoding=\"async\" width=\"720\" height=\"540\" data-id=\"440\" src=\"https:\/\/eggtraymachine.org\/wp-content\/uploads\/2023\/03\/egg-tray-machine-mold-1.webp\" alt=\"moule de machine \u00e0 plateau d&#039;oeufs\" class=\"wp-image-440\" title=\"\" srcset=\"https:\/\/eggtraymachine.org\/wp-content\/uploads\/2023\/03\/egg-tray-machine-mold-1.webp 720w, https:\/\/eggtraymachine.org\/wp-content\/uploads\/2023\/03\/egg-tray-machine-mold-1-300x225.webp 300w\" sizes=\"auto, (max-width: 720px) 100vw, 720px\" \/><figcaption class=\"wp-element-caption\">Moule de machine \u00e0 plateau d'oeufs<\/figcaption><\/figure>    <figure class=\"wp-block-image size-large\"><img loading=\"lazy\" decoding=\"async\" width=\"720\" height=\"540\" data-id=\"441\" src=\"https:\/\/eggtraymachine.org\/wp-content\/uploads\/2023\/03\/egg-carton-machine-mold.webp\" alt=\"moule de machine \u00e0 carton d&#039;oeufs\" class=\"wp-image-441\" title=\"\" srcset=\"https:\/\/eggtraymachine.org\/wp-content\/uploads\/2023\/03\/egg-carton-machine-mold.webp 720w, https:\/\/eggtraymachine.org\/wp-content\/uploads\/2023\/03\/egg-carton-machine-mold-300x225.webp 300w\" sizes=\"auto, (max-width: 720px) 100vw, 720px\" \/><figcaption class=\"wp-element-caption\">Moule de machine \u00e0 carton d'oeufs<\/figcaption><\/figure> <\/figure>    <p class=\"translation-block\">Les mati\u00e8res premi\u00e8res et le processus de production de la machine \u00e0 plateaux \u00e0 \u0153ufs de caille et de la machine \u00e0 plateaux \u00e0 \u0153ufs sont les m\u00eames, mais le moule pour la production du plateau \u00e0 \u0153ufs de caille doit \u00eatre personnalis\u00e9. Les autres sont les m\u00eames.<\/p>","protected":false},"excerpt":{"rendered":"<p>La machine \u00e0 plateaux \u00e0 \u0153ufs de caille est un appareil permettant de fabriquer des plateaux \u00e0 \u0153ufs de caille. La mati\u00e8re premi\u00e8re pour la fabrication des plateaux \u00e0 \u0153ufs de caille est le vieux papier. Cette machine ne pollue pas dans le processus de production et constitue une industrie respectueuse de l'environnement soutenue par de nombreux pays et gouvernements. La ligne de production de plateaux \u00e0 \u0153ufs de caille et de bo\u00eetes \u00e0 \u0153ufs peut \u00e9galement produire des plateaux \u00e0 \u0153ufs, des plateaux \u00e0 fruits, des urinoirs jetables, des plateaux \u00e0 vin et des bo\u00eetes d'emballage d'instruments de pr\u00e9cision.<\/p>","protected":false},"author":1,"featured_media":433,"parent":0,"template":"","tags":[31],"product-type":[9,4],"class_list":["post-432","product","type-product","status-publish","has-post-thumbnail","hentry","tag-quail-egg-tray-machine","product-type-egg-tray-making","product-type-product"],"_links":{"self":[{"href":"https:\/\/eggtraymachine.org\/fr\/wp-json\/wp\/v2\/product\/432","targetHints":{"allow":["GET"]}}],"collection":[{"href":"https:\/\/eggtraymachine.org\/fr\/wp-json\/wp\/v2\/product"}],"about":[{"href":"https:\/\/eggtraymachine.org\/fr\/wp-json\/wp\/v2\/types\/product"}],"author":[{"embeddable":true,"href":"https:\/\/eggtraymachine.org\/fr\/wp-json\/wp\/v2\/users\/1"}],"wp:featuredmedia":[{"embeddable":true,"href":"https:\/\/eggtraymachine.org\/fr\/wp-json\/wp\/v2\/media\/433"}],"wp:attachment":[{"href":"https:\/\/eggtraymachine.org\/fr\/wp-json\/wp\/v2\/media?parent=432"}],"wp:term":[{"taxonomy":"post_tag","embeddable":true,"href":"https:\/\/eggtraymachine.org\/fr\/wp-json\/wp\/v2\/tags?post=432"},{"taxonomy":"product-type","embeddable":true,"href":"https:\/\/eggtraymachine.org\/fr\/wp-json\/wp\/v2\/product-type?post=432"}],"curies":[{"name":"wp","href":"https:\/\/api.w.org\/{rel}","templated":true}]}}