{"id":384,"date":"2026-04-01T11:04:40","date_gmt":"2026-04-01T03:04:40","guid":{"rendered":"https:\/\/eggtraymachine.org\/?post_type=product&#038;p=384"},"modified":"2026-04-01T11:04:40","modified_gmt":"2026-04-01T03:04:40","slug":"paper-wine-tray-making-machine","status":"publish","type":"product","link":"https:\/\/eggtraymachine.org\/fr\/product\/paper-wine-tray-making-machine\/","title":{"rendered":"Machine de fabrication de barquettes \u00e0 vin en papier | machine d'emballage de p\u00e2te moul\u00e9e"},"content":{"rendered":"<p>La machine de fabrication de barquettes \u00e0 vin en papier est une sorte de barquette en papier pour l'emballage des bouteilles de vin. La machine de production de plateaux \u00e0 vin utilise des vieux papiers pour effectuer des processus tels que le concassage, le moulage, le s\u00e9chage, etc., afin de produire l'emballage des bouteilles de vin afin d'\u00e9viter que les produits en verre ne se heurtent et ne se brisent. Cette machine de fabrication de plateaux \u00e0 vin en papier peut produire des plateaux \u00e0 \u0153ufs, des plateaux de p\u00e9pini\u00e8re, des plateaux \u00e0 pommes et d'autres produits. La machine a \u00e9t\u00e9 vendue au Canada, au Nigeria, en Arabie Saoudite, \u00e0 Oman, en Afrique du Sud et plus encore.<\/p>    <figure class=\"wp-block-image size-full\"><img loading=\"lazy\" decoding=\"async\" width=\"720\" height=\"540\" src=\"https:\/\/eggtraymachine.org\/wp-content\/uploads\/2022\/11\/Paper-wine-tray.jpg\" alt=\"Machine de fabrication de barquettes \u00e0 vin en papier\" class=\"wp-image-386\" title=\"\" srcset=\"https:\/\/eggtraymachine.org\/wp-content\/uploads\/2022\/11\/Paper-wine-tray.jpg 720w, https:\/\/eggtraymachine.org\/wp-content\/uploads\/2022\/11\/Paper-wine-tray-300x225.jpg 300w\" sizes=\"auto, (max-width: 720px) 100vw, 720px\" \/><figcaption class=\"wp-element-caption\">Machine de fabrication de plateaux \u00e0 vin en papier<\/figcaption><\/figure>    <h2 class=\"wp-block-heading\">Pourquoi la machine \u00e0 plateaux \u00e0 \u0153ufs peut produire un plateau \u00e0 vin<\/h2>    <p class=\"translation-block\">Parce que les moules produits par la <a href=\"https:\/\/eggtraymachine.org\/fr\/product\/2000pc-h-pulp-egg-tray-machine\/\" data-type=\"URL\" data-id=\"https:\/\/eggtraymachine.org\/product\/2000pc-h-pulp-egg-tray-machine\/\">machine \u00e0 plateaux d'\u0153ufs<\/a> peuvent \u00eatre remplac\u00e9s, diff\u00e9rentes formes d'emballage peuvent \u00eatre produites en changeant diff\u00e9rents moules. C'est aussi la raison de la diversit\u00e9 des fonctions de la machine \u00e0 plateaux d'\u0153ufs. Si vous avez besoin de commander un plateau \u00e0 vin pour que votre machine de cave produise l'emballage du vin rouge, il vous suffit de fournir la taille de la bouteille de vin, et vous pouvez personnaliser une machine unique.<\/p>    <figure class=\"wp-block-gallery has-nested-images columns-2 is-cropped wp-block-gallery-2 is-layout-flex wp-block-gallery-is-layout-flex\"> <figure class=\"wp-block-image size-large\"><img loading=\"lazy\" decoding=\"async\" width=\"720\" height=\"540\" data-id=\"387\" src=\"https:\/\/eggtraymachine.org\/wp-content\/uploads\/2022\/11\/Paper-wine-tray-making-machine-1.jpg\" alt=\"plateau \u00e0 vin\" class=\"wp-image-387\" title=\"\" srcset=\"https:\/\/eggtraymachine.org\/wp-content\/uploads\/2022\/11\/Paper-wine-tray-making-machine-1.jpg 720w, https:\/\/eggtraymachine.org\/wp-content\/uploads\/2022\/11\/Paper-wine-tray-making-machine-1-300x225.jpg 300w\" sizes=\"auto, (max-width: 720px) 100vw, 720px\" \/><figcaption class=\"wp-element-caption\">Plateau \u00e0 vin<\/figcaption><\/figure>    <figure class=\"wp-block-image size-large\"><img loading=\"lazy\" decoding=\"async\" width=\"720\" height=\"540\" data-id=\"389\" src=\"https:\/\/eggtraymachine.org\/wp-content\/uploads\/2022\/11\/friut-tray.jpg\" alt=\"plateau de fruits\" class=\"wp-image-389\" title=\"\" srcset=\"https:\/\/eggtraymachine.org\/wp-content\/uploads\/2022\/11\/friut-tray.jpg 720w, https:\/\/eggtraymachine.org\/wp-content\/uploads\/2022\/11\/friut-tray-300x225.jpg 300w\" sizes=\"auto, (max-width: 720px) 100vw, 720px\" \/><figcaption class=\"wp-element-caption\">Plateau de fruits<\/figcaption><\/figure>    <figure class=\"wp-block-image size-large\"><img loading=\"lazy\" decoding=\"async\" width=\"720\" height=\"540\" data-id=\"390\" src=\"https:\/\/eggtraymachine.org\/wp-content\/uploads\/2022\/11\/paper-tray.jpg\" alt=\"bac \u00e0 papier\" class=\"wp-image-390\" title=\"\" srcset=\"https:\/\/eggtraymachine.org\/wp-content\/uploads\/2022\/11\/paper-tray.jpg 720w, https:\/\/eggtraymachine.org\/wp-content\/uploads\/2022\/11\/paper-tray-300x225.jpg 300w\" sizes=\"auto, (max-width: 720px) 100vw, 720px\" \/><figcaption class=\"wp-element-caption\">Bac \u00e0 papier<\/figcaption><\/figure>    <figure class=\"wp-block-image size-large\"><img loading=\"lazy\" decoding=\"async\" width=\"720\" height=\"540\" data-id=\"391\" src=\"https:\/\/eggtraymachine.org\/wp-content\/uploads\/2022\/11\/packing-tray.jpg\" alt=\"plateau d&#039;emballage\" class=\"wp-image-391\" title=\"\" srcset=\"https:\/\/eggtraymachine.org\/wp-content\/uploads\/2022\/11\/packing-tray.jpg 720w, https:\/\/eggtraymachine.org\/wp-content\/uploads\/2022\/11\/packing-tray-300x225.jpg 300w\" sizes=\"auto, (max-width: 720px) 100vw, 720px\" \/><figcaption class=\"wp-element-caption\">Plateau d'emballage<\/figcaption><\/figure> <\/figure>    <h2 class=\"wp-block-heading\">Processus de production de barquettes \u00e0 vin en papier<\/h2>    <figure class=\"wp-block-image size-full\"><img loading=\"lazy\" decoding=\"async\" width=\"720\" height=\"540\" src=\"https:\/\/eggtraymachine.org\/wp-content\/uploads\/2022\/11\/Paper-wine-tray-making-machine-2.jpg\" alt=\"Machine de fabrication de barquettes \u00e0 vin en papier\" class=\"wp-image-392\" title=\"\" srcset=\"https:\/\/eggtraymachine.org\/wp-content\/uploads\/2022\/11\/Paper-wine-tray-making-machine-2.jpg 720w, https:\/\/eggtraymachine.org\/wp-content\/uploads\/2022\/11\/Paper-wine-tray-making-machine-2-300x225.jpg 300w\" sizes=\"auto, (max-width: 720px) 100vw, 720px\" \/><figcaption class=\"wp-element-caption\">Machine de fabrication de plateaux \u00e0 vin en papier<\/figcaption><\/figure>    <h3 class=\"wp-block-heading\">1. Syst\u00e8me de mise en p\u00e2te de la machine de fabrication de plateaux \u00e0 vin en papier<\/h3>    <p class=\"translation-block\">(1) Mettre la mati\u00e8re premi\u00e8re dans la <a href=\"https:\/\/en.wikipedia.org\/wiki\/Pulp_(paper)\" target=\"_blank\" rel=\"noopener\">machine \u00e0 pulper<\/a>, ajouter une quantit\u00e9 appropri\u00e9e d'eau, remuer longtemps pour transformer le papier usag\u00e9 en pulpe, puis le mettre dans le r\u00e9servoir de stockage de pulpe pour le stockage.<\/p>    <p>(2) Mettez la pulpe dans le r\u00e9servoir de stockage de pulpe dans le r\u00e9servoir de m\u00e9lange de pulpe, ajustez la concentration de pulpe dans le r\u00e9servoir de m\u00e9lange de pulpe et remuez davantage \u00e0 travers l'eau blanche dans le r\u00e9servoir de retour et la pulpe \u00e9paisse dans le r\u00e9servoir de stockage de pulpe \u00e0 travers l'homog\u00e9n\u00e9isateur. . Apr\u00e8s ajustement \u00e0 une p\u00e2te appropri\u00e9e, placez-la dans le r\u00e9servoir d'alimentation en p\u00e2te pour \u00eatre utilis\u00e9e dans le syst\u00e8me de formage.<\/p>    <p>&nbsp;\u00c9quipements utilis\u00e9s : pulpeur, homog\u00e9n\u00e9isateur, pompe \u00e0 pulpe, tamis vibrant, d\u00e9compresseur de pulpe<\/p>    <h3 class=\"wp-block-heading\">2. Former un syst\u00e8me<\/h3>    <figure class=\"wp-block-image size-full\"><img loading=\"lazy\" decoding=\"async\" width=\"720\" height=\"540\" src=\"https:\/\/eggtraymachine.org\/wp-content\/uploads\/2022\/11\/Paper-wine-tray-forming-machine.jpg\" alt=\"Machine de formage de barquettes \u00e0 vin en papier\" class=\"wp-image-393\" title=\"\" srcset=\"https:\/\/eggtraymachine.org\/wp-content\/uploads\/2022\/11\/Paper-wine-tray-forming-machine.jpg 720w, https:\/\/eggtraymachine.org\/wp-content\/uploads\/2022\/11\/Paper-wine-tray-forming-machine-300x225.jpg 300w\" sizes=\"auto, (max-width: 720px) 100vw, 720px\" \/><figcaption class=\"wp-element-caption\">Machine de formage de plateaux \u00e0 vin en papier<\/figcaption><\/figure>    <p>(1) La p\u00e2te dans le r\u00e9servoir d'alimentation en p\u00e2te est introduite dans la machine de formage et adsorb\u00e9e par le syst\u00e8me de vide, la p\u00e2te passe \u00e0 travers le moule de l'\u00e9quipement, et la p\u00e2te est laiss\u00e9e sur le moule pour se former, et l'eau blanche est adsorb\u00e9 et transf\u00e9r\u00e9 vers le r\u00e9servoir d'eau par la pompe \u00e0 vide.<br>(2) Une fois le moule adsorb\u00e9, le moule de transfert passe \u00e0 travers la pression positive du compresseur d'air pour \u00e9vacuer l'air, et le produit moul\u00e9 est souffl\u00e9 du moule de moulage au moule rotatif, et une partie est envoy\u00e9e par le moule de transfert. .<br>\u00c9quipement utilis\u00e9 : machine \u00e0 mouler, moule, pompe \u00e0 vide, r\u00e9servoir \u00e0 pression n\u00e9gative, pompe \u00e0 eau, compresseur d'air, machine de nettoyage de moules<\/p>    <h3 class=\"wp-block-heading\">3. Syst\u00e8me de s\u00e9chage<\/h3>    <figure class=\"wp-block-gallery has-nested-images columns-default is-cropped wp-block-gallery-3 is-layout-flex wp-block-gallery-is-layout-flex\"> <figure class=\"wp-block-image size-large\"><img loading=\"lazy\" decoding=\"async\" width=\"720\" height=\"540\" data-id=\"395\" src=\"https:\/\/eggtraymachine.org\/wp-content\/uploads\/2022\/11\/red-wine-tray-making-mahcine.jpg\" alt=\"Machine de fabrication de plateaux \u00e0 vin rouge\" class=\"wp-image-395\" title=\"\" srcset=\"https:\/\/eggtraymachine.org\/wp-content\/uploads\/2022\/11\/red-wine-tray-making-mahcine.jpg 720w, https:\/\/eggtraymachine.org\/wp-content\/uploads\/2022\/11\/red-wine-tray-making-mahcine-300x225.jpg 300w\" sizes=\"auto, (max-width: 720px) 100vw, 720px\" \/><figcaption class=\"wp-element-caption\">Machine de fabrication de plateaux \u00e0 vin rouge<\/figcaption><\/figure>    <figure class=\"wp-block-image size-large\"><img loading=\"lazy\" decoding=\"async\" width=\"720\" height=\"540\" data-id=\"394\" src=\"https:\/\/eggtraymachine.org\/wp-content\/uploads\/2022\/11\/Drying-system.jpg\" alt=\"syst\u00e8me de s\u00e9chage\" class=\"wp-image-394\" title=\"\" srcset=\"https:\/\/eggtraymachine.org\/wp-content\/uploads\/2022\/11\/Drying-system.jpg 720w, https:\/\/eggtraymachine.org\/wp-content\/uploads\/2022\/11\/Drying-system-300x225.jpg 300w\" sizes=\"auto, (max-width: 720px) 100vw, 720px\" \/><figcaption class=\"wp-element-caption\">Syst\u00e8me de s\u00e9chage<\/figcaption><\/figure> <\/figure>    <p>(1) M\u00e9thode de s\u00e9chage naturelle : comptez directement sur la m\u00e9t\u00e9o et le vent naturel pour s\u00e9cher le produit.<br>(2) S\u00e9chage traditionnel : four tunnel en brique, la source de chaleur peut choisir le gaz naturel, le diesel, le charbon, le bois sec, des sources de chaleur telles que le gaz de p\u00e9trole liqu\u00e9fi\u00e9.<br>(3) Nouvelle ligne de s\u00e9chage multicouche : la ligne de s\u00e9chage m\u00e9tallique \u00e0 6 couches peut \u00e9conomiser de l'\u00e9nergie de plus de 30% par rapport au s\u00e9chage par transmission, et la principale source de chaleur est le gaz naturel, le diesel et le gaz de p\u00e9trole liqu\u00e9fi\u00e9.<\/p>    <h2 class=\"wp-block-heading\">4. Emballage auxiliaire des produits finis<\/h2>    <p class=\"translation-block\">(1) Empileur automatique<br>(2) <a href=\"https:\/\/eggtraymachine.org\/fr\/product\/egg-tray-packing-machine\/\" data-type=\"URL\" data-id=\"https:\/\/eggtraymachine.org\/product\/egg-tray-packing-machine\/\">Presse \u00e0 balles<\/a><\/p>    <p>Les \u00e9quipements et proc\u00e9d\u00e9s technologiques utilis\u00e9s dans la fabrication des plateaux \u00e0 vin sont les m\u00eames que ceux des plateaux \u00e0 \u0153ufs. La production est relativement simple et il existe de nombreux types de machines de fabrication de barquettes \u00e0 vin en papier. La production minimale est une machine de fabrication de barquettes \u00e0 vin en papier de 1 000 pc\/h.<\/p>    <figure class=\"wp-block-image size-full\"><img loading=\"lazy\" decoding=\"async\" width=\"720\" height=\"540\" src=\"https:\/\/eggtraymachine.org\/wp-content\/uploads\/2022\/11\/Paper-wine-tray-forming-machine.jpg\" alt=\"Machine de formage de barquettes \u00e0 vin en papier\" class=\"wp-image-393\" title=\"\" srcset=\"https:\/\/eggtraymachine.org\/wp-content\/uploads\/2022\/11\/Paper-wine-tray-forming-machine.jpg 720w, https:\/\/eggtraymachine.org\/wp-content\/uploads\/2022\/11\/Paper-wine-tray-forming-machine-300x225.jpg 300w\" sizes=\"auto, (max-width: 720px) 100vw, 720px\" \/><figcaption class=\"wp-element-caption\">Machine de formage de plateaux \u00e0 vin en papier<\/figcaption><\/figure>","protected":false},"excerpt":{"rendered":"<p>The paper wine tray-making machine is a kind of paper tray for wine bottle packaging. The wine tray production machine uses waste paper to perform processes such as crushing, molding, drying, etc., to produce the packaging of wine bottles to prevent glass products from hitting and breaking. This paper wine tray-making machine can Production of [&hellip;]<\/p>\n","protected":false},"author":1,"featured_media":385,"parent":0,"template":"","tags":[29],"product-type":[10],"class_list":["post-384","product","type-product","status-publish","has-post-thumbnail","hentry","tag-paper-wine-tray-making-machine","product-type-paper-pulp-tray-forming"],"_links":{"self":[{"href":"https:\/\/eggtraymachine.org\/fr\/wp-json\/wp\/v2\/product\/384","targetHints":{"allow":["GET"]}}],"collection":[{"href":"https:\/\/eggtraymachine.org\/fr\/wp-json\/wp\/v2\/product"}],"about":[{"href":"https:\/\/eggtraymachine.org\/fr\/wp-json\/wp\/v2\/types\/product"}],"author":[{"embeddable":true,"href":"https:\/\/eggtraymachine.org\/fr\/wp-json\/wp\/v2\/users\/1"}],"wp:featuredmedia":[{"embeddable":true,"href":"https:\/\/eggtraymachine.org\/fr\/wp-json\/wp\/v2\/media\/385"}],"wp:attachment":[{"href":"https:\/\/eggtraymachine.org\/fr\/wp-json\/wp\/v2\/media?parent=384"}],"wp:term":[{"taxonomy":"post_tag","embeddable":true,"href":"https:\/\/eggtraymachine.org\/fr\/wp-json\/wp\/v2\/tags?post=384"},{"taxonomy":"product-type","embeddable":true,"href":"https:\/\/eggtraymachine.org\/fr\/wp-json\/wp\/v2\/product-type?post=384"}],"curies":[{"name":"wp","href":"https:\/\/api.w.org\/{rel}","templated":true}]}}