{"id":277,"date":"2022-08-12T06:20:33","date_gmt":"2022-08-12T06:20:33","guid":{"rendered":"https:\/\/eggtraymachine.org\/?post_type=product&#038;p=277"},"modified":"2022-12-05T10:14:13","modified_gmt":"2022-12-05T02:14:13","slug":"2000pc-h-pulp-egg-tray-machine","status":"publish","type":"product","link":"https:\/\/eggtraymachine.org\/fr\/product\/2000pc-h-pulp-egg-tray-machine\/","title":{"rendered":"Machine de plateau d'oeufs de la pulpe 2000pc\/h"},"content":{"rendered":"<p class=\"translation-block\">Cette machine \u00e0 plateaux \u00e0 \u0153ufs en pulpe est une machine \u00e0 plateaux \u00e0 \u0153ufs avec une production de 2000 pi\u00e8ces par heure, et notre <a href=\"https:\/\/eggtraymachine.org\/fr\/product\/egg-tray-production-line\/\">production de plateaux \u00e0 \u0153ufs a 1000-8000 configurations diff\u00e9rentes<\/a>. Le plateau \u00e0 \u0153ufs est recycl\u00e9 en utilisant du papier usag\u00e9. Apr\u00e8s le broyage, le plateau \u00e0 \u0153ufs est fabriqu\u00e9. La taille normale du plateau \u00e0 \u0153ufs produit est de 30 trous, et il peut \u00e9galement \u00eatre personnalis\u00e9.<\/p>    <figure class=\"wp-block-embed is-type-video is-provider-youtube wp-block-embed-youtube wp-embed-aspect-16-9 wp-has-aspect-ratio\"><div class=\"wp-block-embed__wrapper\"> <iframe loading=\"lazy\" title=\"Machine de produit de plateau d&#039;oeufs violet | la machine de fabrication de plateaux \u00e0 \u0153ufs en papier | projet de recyclage des vieux papiers\" width=\"500\" height=\"281\" src=\"https:\/\/www.youtube.com\/embed\/5HgNoY7QYm0?feature=oembed\" frameborder=\"0\" allow=\"accelerometer; autoplay; clipboard-write; encrypted-media; gyroscope; picture-in-picture; web-share\" referrerpolicy=\"strict-origin-when-cross-origin\" allowfullscreen><\/iframe> <\/div><\/figure>    <h2 class=\"wp-block-heading\" id=\"h-why-is-the-egg-tray-industry-so-popular\">Pourquoi l\u2019industrie des plateaux \u00e0 \u0153ufs est-elle si populaire ?<\/h2>    <figure class=\"wp-block-gallery has-nested-images columns-default is-cropped wp-block-gallery-2 is-layout-flex wp-block-gallery-is-layout-flex\"> <figure class=\"wp-block-image size-large\"><img loading=\"lazy\" decoding=\"async\" width=\"720\" height=\"540\" data-id=\"283\" src=\"https:\/\/eggtraymachine.org\/wp-content\/uploads\/2022\/08\/pulp-egg-tray-after-packing.webp\" alt=\"plateau d&#039;oeufs en pulpe apr\u00e8s emballage\" class=\"wp-image-283\" title=\"\" srcset=\"https:\/\/eggtraymachine.org\/wp-content\/uploads\/2022\/08\/pulp-egg-tray-after-packing.webp 720w, https:\/\/eggtraymachine.org\/wp-content\/uploads\/2022\/08\/pulp-egg-tray-after-packing-300x225.webp 300w\" sizes=\"auto, (max-width: 720px) 100vw, 720px\" \/><figcaption class=\"wp-element-caption\">Plateau d'oeufs en pulpe apr\u00e8s emballage<\/figcaption><\/figure>    <figure class=\"wp-block-image size-large\"><img loading=\"lazy\" decoding=\"async\" width=\"720\" height=\"540\" data-id=\"284\" src=\"https:\/\/eggtraymachine.org\/wp-content\/uploads\/2022\/08\/pulp-egg-tray.webp\" alt=\"plateau \u00e0 \u0153ufs en pulpe\" class=\"wp-image-284\" title=\"\" srcset=\"https:\/\/eggtraymachine.org\/wp-content\/uploads\/2022\/08\/pulp-egg-tray.webp 720w, https:\/\/eggtraymachine.org\/wp-content\/uploads\/2022\/08\/pulp-egg-tray-300x225.webp 300w\" sizes=\"auto, (max-width: 720px) 100vw, 720px\" \/><figcaption class=\"wp-element-caption\">Plateau d'oeufs en pulpe<\/figcaption><\/figure> <\/figure>    <p>Il y a trois raisons \u00e0 la popularit\u00e9 de la production de plateaux \u00e0 \u0153ufs. Premi\u00e8rement, le co\u00fbt de production des plateaux \u00e0 \u0153ufs est faible et le co\u00fbt de production des plateaux \u00e0 \u0153ufs, en particulier les mati\u00e8res premi\u00e8res, est faible. De plus, la production de plateaux \u00e0 \u0153ufs est un processus respectueux de l'environnement, et l'ensemble du processus de production de plateaux \u00e0 \u0153ufs est exempt de pollution et r\u00e9pond aux normes d'assainissement de l'environnement de divers pays. Enfin, les plateaux \u00e0 \u0153ufs sont des consommables, et les fabricants de plateaux \u00e0 \u0153ufs peuvent avoir des clients r\u00e9guliers et des commandes stables. Ce sont les raisons pour lesquelles la production de plateaux \u00e0 \u0153ufs est si populaire.<\/p>    <h2 class=\"wp-block-heading\">Param\u00e8tre de machine de plateau d'oeufs de pulpe 2000 pc\/h<\/h2>   <div class=\"wp-block-image\"> <figure class=\"aligncenter size-full\"><img loading=\"lazy\" decoding=\"async\" width=\"720\" height=\"540\" src=\"https:\/\/eggtraymachine.org\/wp-content\/uploads\/2022\/08\/pulp-egg-tray-machine-1.webp\" alt=\"machine de formage de plateaux \u00e0 \u0153ufs en pulpe\" class=\"wp-image-285\" title=\"\" srcset=\"https:\/\/eggtraymachine.org\/wp-content\/uploads\/2022\/08\/pulp-egg-tray-machine-1.webp 720w, https:\/\/eggtraymachine.org\/wp-content\/uploads\/2022\/08\/pulp-egg-tray-machine-1-300x225.webp 300w\" sizes=\"auto, (max-width: 720px) 100vw, 720px\" \/><figcaption class=\"wp-element-caption\">machine de formage de plateaux \u00e0 \u0153ufs en pulpe<\/figcaption><\/figure> <\/div>   <figure class=\"wp-block-table\"><table><tbody><tr><td>mod\u00e8le<\/td><td>  sortir<\/td><td>consommation de papier<\/td><td>Consommation d'eau<br><\/td><td>\u00e9nergie utilis\u00e9e<\/td><td>num\u00e9ro de travail<\/td><\/tr><tr><td>SL-3*4<\/td><td>2000-2500 pi\u00e8ces\/heure<\/td><td>200kg\/h<\/td><td>450kg\/h<\/td><td>58 kW\/h<\/td><td>4-5<\/td><\/tr><\/tbody><\/table><figcaption class=\"wp-element-caption\"> param\u00e8tre de machine de plateau d'oeufs de pulpe<\/figcaption><\/figure>    <p class=\"translation-block\">La production minimale de cette<a href=\"https:\/\/en.wikipedia.org\/wiki\/Pulp_(band)\" data-type=\"URL\" data-id=\"https:\/\/en.wikipedia.org\/wiki\/Pulp_(band)\" target=\"_blank\" rel=\"noopener\"> machine \u00e0 plateaux \u00e0 \u0153ufs en pulpe<\/a> est de 2000\/h, et la plus \u00e9lev\u00e9e peut atteindre 2500pc\/h, ce qui a un certain rapport avec les comp\u00e9tences op\u00e9rationnelles des travailleurs de la ligne de production de plateaux \u00e0 \u0153ufs. Apr\u00e8s calcul, 200 kg de papier et 450 kg de papier doivent \u00eatre consomm\u00e9s en une heure. Le rapport d'eau \u00e0 papier est d'environ 3:1.<\/p>    <h2 class=\"wp-block-heading\">S\u00e9lection de mod\u00e8les de machine \u00e0 plateaux \u00e0 \u0153ufs<\/h2>   <div class=\"wp-block-image\"> <figure class=\"aligncenter size-full\"><img loading=\"lazy\" decoding=\"async\" width=\"720\" height=\"540\" src=\"https:\/\/eggtraymachine.org\/wp-content\/uploads\/2022\/08\/egg-tray-machine-factory-1.webp\" alt=\"Usine de machines \u00e0 plateaux \u00e0 \u0153ufs\" class=\"wp-image-287\" title=\"\" srcset=\"https:\/\/eggtraymachine.org\/wp-content\/uploads\/2022\/08\/egg-tray-machine-factory-1.webp 720w, https:\/\/eggtraymachine.org\/wp-content\/uploads\/2022\/08\/egg-tray-machine-factory-1-300x225.webp 300w\" sizes=\"auto, (max-width: 720px) 100vw, 720px\" \/><figcaption class=\"wp-element-caption\">Usine de machines \u00e0 plateaux \u00e0 \u0153ufs<\/figcaption><\/figure> <\/div>   <p class=\"translation-block\">L'usine Shuliy dispose de lignes de production de plateaux \u00e0 \u0153ufs avec des rendements diff\u00e9rents de 1000 \u00e0 8000 pi\u00e8ces par heure, qui r\u00e9pondent aux besoins de la plupart des productions de plateaux \u00e0 \u0153ufs, parmi lesquelles <a href=\"https:\/\/eggtraymachine.org\/fr\/product\/egg-tray-making-machine\/\">la production de plateaux \u00e0 \u0153ufs de 1000-2000pc\/h<\/a> appartient au traitement de plateaux \u00e0 \u0153ufs de petit volume, adapt\u00e9e \u00e0 la production d'ateliers familiaux. Ou lorsqu'une petite usine traite des plateaux \u00e0 \u0153ufs, 8000pc\/h est le rendement maximum. Si vous travaillez 8 heures par jour, vous pouvez produire 64 000 pi\u00e8ces par jour, ce qui peut former une certaine \u00e9chelle de traitement des plateaux \u00e0 \u0153ufs.<\/p>    <h2 class=\"wp-block-heading\">Configuration d'\u00e9quipement de production de plateaux \u00e0 \u0153ufs 2000 pc\/h<\/h2>   <div class=\"wp-block-image\"> <figure class=\"aligncenter size-full\"><img loading=\"lazy\" decoding=\"async\" width=\"720\" height=\"540\" src=\"https:\/\/eggtraymachine.org\/wp-content\/uploads\/2022\/08\/egg-tray-production-line-5.webp\" alt=\"ligne de production de plateaux \u00e0 \u0153ufs\" class=\"wp-image-286\" title=\"\" srcset=\"https:\/\/eggtraymachine.org\/wp-content\/uploads\/2022\/08\/egg-tray-production-line-5.webp 720w, https:\/\/eggtraymachine.org\/wp-content\/uploads\/2022\/08\/egg-tray-production-line-5-300x225.webp 300w\" sizes=\"auto, (max-width: 720px) 100vw, 720px\" \/><figcaption class=\"wp-element-caption\">ligne de production de plateaux \u00e0 \u0153ufs<\/figcaption><\/figure> <\/div>   <p>La production de plateaux \u00e0 \u0153ufs de 2 000 pi\u00e8ces\/h n\u00e9cessite un pulpeur, une machine de formage de plateaux \u00e0 \u0153ufs, un s\u00e9choir et une presse \u00e0 balles. Ces appareils forment une ligne compl\u00e8te de production de plateaux \u00e0 \u0153ufs.<\/p>    <h2 class=\"wp-block-heading\">Moule de machine de plateau d'oeufs de pulpe<\/h2>    <figure class=\"wp-block-gallery has-nested-images columns-default is-cropped wp-block-gallery-3 is-layout-flex wp-block-gallery-is-layout-flex\"> <figure class=\"wp-block-image size-large\"><img loading=\"lazy\" decoding=\"async\" width=\"720\" height=\"540\" data-id=\"288\" src=\"https:\/\/eggtraymachine.org\/wp-content\/uploads\/2022\/08\/plastic-egg-tray-mould.webp\" alt=\"moule \u00e0 plateau \u00e0 \u0153ufs en plastique\" class=\"wp-image-288\" title=\"\" srcset=\"https:\/\/eggtraymachine.org\/wp-content\/uploads\/2022\/08\/plastic-egg-tray-mould.webp 720w, https:\/\/eggtraymachine.org\/wp-content\/uploads\/2022\/08\/plastic-egg-tray-mould-300x225.webp 300w\" sizes=\"auto, (max-width: 720px) 100vw, 720px\" \/><figcaption class=\"wp-element-caption\">Moule \u00e0 plateau \u00e0 \u0153ufs en plastique<\/figcaption><\/figure>    <figure class=\"wp-block-image size-large\"><img loading=\"lazy\" decoding=\"async\" width=\"720\" height=\"540\" data-id=\"289\" src=\"https:\/\/eggtraymachine.org\/wp-content\/uploads\/2022\/08\/metal-egg-tray-mould.webp\" alt=\"moule \u00e0 plateau \u00e0 \u0153ufs en m\u00e9tal\" class=\"wp-image-289\" title=\"\" srcset=\"https:\/\/eggtraymachine.org\/wp-content\/uploads\/2022\/08\/metal-egg-tray-mould.webp 720w, https:\/\/eggtraymachine.org\/wp-content\/uploads\/2022\/08\/metal-egg-tray-mould-300x225.webp 300w\" sizes=\"auto, (max-width: 720px) 100vw, 720px\" \/><figcaption class=\"wp-element-caption\">Moule \u00e0 plateau \u00e0 \u0153ufs en m\u00e9tal<\/figcaption><\/figure> <\/figure>    <p>Le moule de la machine \u00e0 plateaux \u00e0 \u0153ufs en pulpe comporte deux mat\u00e9riaux, l'un est le plateau \u00e0 \u0153ufs en mati\u00e8re plastique et l'autre est le plateau \u00e0 \u0153ufs en mat\u00e9riau m\u00e9tallique. Aussi un peu plus cher. Pour fabriquer diff\u00e9rents types de plateaux \u00e0 \u0153ufs, il vous suffit de remplacer diff\u00e9rents moules pour plateaux \u00e0 \u0153ufs, mais en plus de fabriquer des plateaux \u00e0 \u0153ufs, des plateaux \u00e0 \u0153ufs en m\u00e9tal sont n\u00e9cessaires pour fabriquer d'autres types de produits en papier. \u00c9tant donn\u00e9 que les plateaux \u00e0 \u0153ufs en m\u00e9tal sont fabriqu\u00e9s de mani\u00e8re plus fine, les plateaux \u00e0 \u0153ufs en plastique ne peuvent pas r\u00e9pondre aux exigences.<\/p>    <h2 class=\"wp-block-heading\">dessiccateur de plateau des oeufs 2000kg\/h<\/h2>   <div class=\"wp-block-image\"> <figure class=\"aligncenter size-full\"><img loading=\"lazy\" decoding=\"async\" width=\"720\" height=\"540\" src=\"https:\/\/eggtraymachine.org\/wp-content\/uploads\/2022\/08\/egg-tray-after-drying.webp\" alt=\"plateau \u00e0 \u0153ufs apr\u00e8s s\u00e9chage\" class=\"wp-image-290\" title=\"\" srcset=\"https:\/\/eggtraymachine.org\/wp-content\/uploads\/2022\/08\/egg-tray-after-drying.webp 720w, https:\/\/eggtraymachine.org\/wp-content\/uploads\/2022\/08\/egg-tray-after-drying-300x225.webp 300w\" sizes=\"auto, (max-width: 720px) 100vw, 720px\" \/><figcaption class=\"wp-element-caption\">plateau \u00e0 \u0153ufs apr\u00e8s s\u00e9chage<\/figcaption><\/figure> <\/div>   <p class=\"translation-block\">Le s\u00e9chage naturel des plateaux \u00e0 \u0153ufs de 2000 kg\/h ne peut plus r\u00e9pondre aux besoins de production. Il doit \u00eatre s\u00e9ch\u00e9 avec un <a href=\"https:\/\/eggtraymachine.org\/fr\/product\/paper-egg-tray-dryer-egg-tray-drying-machine\/\">s\u00e8che-plateaux \u00e0 \u0153ufs en m\u00e9tal<\/a>, ou un four en briques peut \u00eatre construit pour le s\u00e9chage. L'efficacit\u00e9 de s\u00e9chage du s\u00e9choir est d'environ 30 \u00e0 40 minutes, et le processus de s\u00e9chage peut \u00eatre enti\u00e8rement automatis\u00e9.<\/p>    <h2 class=\"wp-block-heading\">Vid\u00e9o de la machine \u00e0 plateaux \u00e0 \u0153ufs en pulpe 2000 pc\/h<\/h2>    <figure class=\"wp-block-embed is-type-video is-provider-youtube wp-block-embed-youtube wp-embed-aspect-16-9 wp-has-aspect-ratio\"><div class=\"wp-block-embed__wrapper\"> <iframe loading=\"lazy\" title=\"L&#039;usine de machines \u00e0 plateaux \u00e0 \u0153ufs a produit des machines \u00e0 plateaux \u00e0 \u0153ufs de 2 000 pc\/h pour les clients de l&#039;Ouzb\u00e9kistan\" width=\"500\" height=\"281\" src=\"https:\/\/www.youtube.com\/embed\/qA1CohOIiFc?feature=oembed\" frameborder=\"0\" allow=\"accelerometer; autoplay; clipboard-write; encrypted-media; gyroscope; picture-in-picture; web-share\" referrerpolicy=\"strict-origin-when-cross-origin\" allowfullscreen><\/iframe> <\/div><figcaption class=\"wp-element-caption\">vid\u00e9o de la machine \u00e0 plateaux \u00e0 \u0153ufs<\/figcaption><\/figure>","protected":false},"excerpt":{"rendered":"<p>Cette machine \u00e0 plateaux \u00e0 \u0153ufs en pulpe est une machine \u00e0 plateaux \u00e0 \u0153ufs avec une production de 2 000 pi\u00e8ces par heure, et notre production de plateaux \u00e0 \u0153ufs a 1 000 \u00e0 8 000 configurations diff\u00e9rentes. <\/p>","protected":false},"author":1,"featured_media":282,"parent":0,"template":"","tags":[26],"product-type":[9,4],"class_list":["post-277","product","type-product","status-publish","has-post-thumbnail","hentry","tag-egg-tray-machine","product-type-egg-tray-making","product-type-product"],"_links":{"self":[{"href":"https:\/\/eggtraymachine.org\/fr\/wp-json\/wp\/v2\/product\/277","targetHints":{"allow":["GET"]}}],"collection":[{"href":"https:\/\/eggtraymachine.org\/fr\/wp-json\/wp\/v2\/product"}],"about":[{"href":"https:\/\/eggtraymachine.org\/fr\/wp-json\/wp\/v2\/types\/product"}],"author":[{"embeddable":true,"href":"https:\/\/eggtraymachine.org\/fr\/wp-json\/wp\/v2\/users\/1"}],"wp:featuredmedia":[{"embeddable":true,"href":"https:\/\/eggtraymachine.org\/fr\/wp-json\/wp\/v2\/media\/282"}],"wp:attachment":[{"href":"https:\/\/eggtraymachine.org\/fr\/wp-json\/wp\/v2\/media?parent=277"}],"wp:term":[{"taxonomy":"post_tag","embeddable":true,"href":"https:\/\/eggtraymachine.org\/fr\/wp-json\/wp\/v2\/tags?post=277"},{"taxonomy":"product-type","embeddable":true,"href":"https:\/\/eggtraymachine.org\/fr\/wp-json\/wp\/v2\/product-type?post=277"}],"curies":[{"name":"wp","href":"https:\/\/api.w.org\/{rel}","templated":true}]}}