{"id":240,"date":"2026-03-25T14:16:24","date_gmt":"2026-03-25T06:16:24","guid":{"rendered":"https:\/\/eggtraymachine.org\/?post_type=product&#038;p=240"},"modified":"2026-03-25T14:46:28","modified_gmt":"2026-03-25T06:46:28","slug":"egg-tray-packing-machine","status":"publish","type":"product","link":"https:\/\/eggtraymachine.org\/fr\/product\/egg-tray-packing-machine\/","title":{"rendered":"Machine d'emballage de plateaux \u00e0 \u0153ufs | empileur de plateaux \u00e0 \u0153ufs"},"content":{"rendered":"<p class=\"translation-block\">La <strong>machine d'emballage de plateaux d'\u0153ufs<\/strong> \u2014 \u00e9galement appel\u00e9e presse ou empileur \u00e0 \u0153ufs \u2014 est un \u00e9quipement essentiel dans la ligne de production de plateaux d'\u0153ufs. Cette machine effectue les \u00e9tapes finales cruciales de votre processus de production : compactage des plateaux d'\u0153ufs s\u00e9ch\u00e9s pour un stockage efficace et leur disposition pour une manipulation facile lors du transport.<\/p>    <p>Que vous exploitiez un petit atelier ou une grande installation industrielle, int\u00e9grer une machine d'emballage de qualit\u00e9 dans votre ligne de production am\u00e9liore consid\u00e9rablement l'efficacit\u00e9 op\u00e9rationnelle et r\u00e9duit les co\u00fbts logistiques. Nos solutions d'emballage de plateaux d'\u0153ufs ont \u00e9t\u00e9 d\u00e9ploy\u00e9es avec succ\u00e8s au Soudan, aux Philippines, en Malaisie, au Royaume-Uni, en Australie, et dans de nombreux autres pays.<\/p>    <figure class=\"wp-block-gallery aligncenter has-nested-images columns-default is-cropped wp-block-gallery-2 is-layout-flex wp-block-gallery-is-layout-flex\"> <figure class=\"wp-block-image size-large\"><img loading=\"lazy\" decoding=\"async\" width=\"720\" height=\"540\" data-id=\"263\" src=\"https:\/\/eggtraymachine.org\/wp-content\/uploads\/2022\/08\/function-of-the-egg-tray-baler.webp\" alt=\"egg tray packing machine function\" class=\"wp-image-263\" title=\"\" srcset=\"https:\/\/eggtraymachine.org\/wp-content\/uploads\/2022\/08\/function-of-the-egg-tray-baler.webp 720w, https:\/\/eggtraymachine.org\/wp-content\/uploads\/2022\/08\/function-of-the-egg-tray-baler-300x225.webp 300w\" sizes=\"auto, (max-width: 720px) 100vw, 720px\" \/><figcaption class=\"wp-element-caption\">Fonctionnement de la presse \u00e0 \u0153ufs<\/figcaption><\/figure>    <figure class=\"wp-block-image size-large\"><img loading=\"lazy\" decoding=\"async\" width=\"720\" height=\"540\" data-id=\"264\" src=\"https:\/\/eggtraymachine.org\/wp-content\/uploads\/2022\/08\/egg-tray-baler.webp\" alt=\"egg tray baler machine\" class=\"wp-image-264\" title=\"\" srcset=\"https:\/\/eggtraymachine.org\/wp-content\/uploads\/2022\/08\/egg-tray-baler.webp 720w, https:\/\/eggtraymachine.org\/wp-content\/uploads\/2022\/08\/egg-tray-baler-300x225.webp 300w\" sizes=\"auto, (max-width: 720px) 100vw, 720px\" \/><figcaption class=\"wp-element-caption\">Presses \u00e0 \u0153ufs industrielles<\/figcaption><\/figure> <\/figure>    <h2 class=\"wp-block-heading\">Pourquoi avez-vous besoin d'une machine d'emballage de plateaux d'\u0153ufs<\/h2>    <p>After the drying process, egg trays remain fluffy and occupy significant volume\u2014approximately 3-4 times more than their compacted form. Without proper compression and stacking, storage and transportation become major challenges. Here&#8217;s why the egg tray packing machine is indispensable:<\/p>    <ol class=\"wp-block-list\"> <li><strong>Optimisation de l'espace :<\/strong> Compacts les plateaux d'\u0153ufs \u00e0 un volume minimal, r\u00e9duisant jusqu'\u00e0 70 % l'espace de stockage<\/li>    <li><strong>Protection lors du transport :<\/strong> Les paquets comprim\u00e9s conservent leur forme m\u00eame lorsqu'ils sont empil\u00e9s avec des charges lourdes lors de l'exp\u00e9dition<\/li>    <li><strong>Efficacit\u00e9 du travail :<\/strong> \u00c9limine le empilement manuel, r\u00e9duisant les besoins en main-d'\u0153uvre et les risques de blessure<\/li>    <li><strong>Apparence professionnelle :<\/strong> Les produits bien emball\u00e9s cr\u00e9ent une meilleure impression aupr\u00e8s des acheteurs et distributeurs<\/li>    <li><strong>R\u00e9duction des co\u00fbts :<\/strong> R\u00e9duit les co\u00fbts d'exp\u00e9dition par unit\u00e9 et l'espace de stockage n\u00e9cessaire<\/li> <\/ol>    <h2 class=\"wp-block-heading\">Comment fonctionne la presse \u00e0 \u0153ufs<\/h2>    <p>The egg tray baler utilizes pneumatic (air-powered) compression to tightly bind dried egg trays into compact bundles. Here&#8217;s the working process:<\/p>    <ul class=\"wp-block-list\"> <li><strong>Compression :<\/strong> Le syst\u00e8me pneumatique applique une pression uniforme, r\u00e9duisant consid\u00e9rablement le volume des plateaux<\/li>    <li><strong>Liaison :<\/strong> Les sangles ou fils s\u00e9curisent le paquet comprim\u00e9<\/li>    <li><strong>Lib\u00e9ration :<\/strong> Le paquet comprim\u00e9 est retir\u00e9, conservant sa forme compacte<\/li> <\/ul>    <p>Les plateaux d'\u0153ufs comprim\u00e9s restent bien li\u00e9s lors de la manipulation, du stockage et du transport. M\u00eame lorsque des objets lourds sont plac\u00e9s dessus lors de l'exp\u00e9dition, la forme du plateau reste intacte et prot\u00e9g\u00e9e.<\/p>    <h2 class=\"wp-block-heading\">Sp\u00e9cifications techniques<\/h2>    <figure class=\"wp-block-table\"><table class=\"has-fixed-layout\"><tbody><tr><td><strong>Param\u00e8tre<\/strong><\/td><td><strong>sp\u00e9cification<\/strong><\/td><\/tr><tr><td>Source d'alimentation<\/td><td>Pneumatique (aliment\u00e9 \u00e0 l'air)<\/td><\/tr><tr><td>Produits trait\u00e9s<\/td><td>Plateaux d'\u0153ufs, plateaux de fruits, porte-gobelets<\/td><\/tr><tr><td>Mode de fonctionnement<\/td><td>Semi-automatique<\/td><\/tr><tr><td>Force de compression<\/td><td>R\u00e9glable en fonction du type de produit<\/td><\/tr><tr><td>Taille du paquet<\/td><td>Personnalisable<\/td><\/tr><tr><td>Pression de fonctionnement<\/td><td>0,6-0,8 MPa<\/td><\/tr><tr><td>Consommation d'air<\/td><td>0,3-0,5 m\u00b3\/min<\/td><\/tr><\/tbody><\/table><figcaption class=\"wp-element-caption\">Sp\u00e9cifications de la machine d'emballage de plateaux d'\u0153ufs<\/figcaption><\/figure>    <h2 class=\"wp-block-heading\">Empileur automatique de plateaux d'\u0153ufs<\/h2>    <p class=\"translation-block\">Pour les lignes de production \u00e0 volume \u00e9lev\u00e9, nous proposons \u00e9galement <strong>l'empileur automatique de plateaux d'\u0153ufs<\/strong> \u2014 un dispositif compl\u00e9mentaire qui re\u00e7oit et organise automatiquement les plateaux d'\u0153ufs s\u00e9ch\u00e9s depuis la ligne de production.<\/p>    <ul class=\"wp-block-list\"> <li>Collecte automatique des plateaux s\u00e9ch\u00e9s depuis le convoyeur de sortie<\/li>    <li>Empilement pr\u00e9cis en paquets organis\u00e9s<\/li>    <li>\u00c9limine le travail manuel r\u00e9p\u00e9titif<\/li>    <li>Permet l'automatisation compl\u00e8te de la ligne de production de plateaux d'\u0153ufs<\/li> <\/ul>    <p class=\"translation-block\"><strong>Avantage de l'automatisation compl\u00e8te :<\/strong> Avec un empileur automatique int\u00e9gr\u00e9 \u00e0 votre ligne de production, toute votre usine de plateaux d'\u0153ufs peut fonctionner efficacement avec seulement <strong>4 travailleurs<\/strong>\u2014un pour le pulpage, un pour la formation, un pour le s\u00e9chage, et un pour l'emballage et le contr\u00f4le qualit\u00e9.<\/p>    <figure class=\"wp-block-gallery has-nested-images columns-default is-cropped wp-block-gallery-3 is-layout-flex wp-block-gallery-is-layout-flex\"> <figure class=\"wp-block-image size-large\"><img decoding=\"async\" data-id=\"267\" src=\"https:\/\/eggtraymachine.org\/wp-content\/uploads\/2022\/08\/Unpacked-egg-tray.webp\" alt=\"unpacked egg trays\" class=\"wp-image-267\" title=\"\"><figcaption class=\"wp-element-caption\">Plateaux d'\u0153ufs non emball\u00e9s<\/figcaption><\/figure>    <figure class=\"wp-block-image size-large\"><img loading=\"lazy\" decoding=\"async\" width=\"720\" height=\"540\" data-id=\"269\" src=\"https:\/\/eggtraymachine.org\/wp-content\/uploads\/2022\/08\/Machine-packing-egg-tray.webp\" alt=\"machine packing egg tray\" class=\"wp-image-269\" title=\"\" srcset=\"https:\/\/eggtraymachine.org\/wp-content\/uploads\/2022\/08\/Machine-packing-egg-tray.webp 720w, https:\/\/eggtraymachine.org\/wp-content\/uploads\/2022\/08\/Machine-packing-egg-tray-300x225.webp 300w\" sizes=\"auto, (max-width: 720px) 100vw, 720px\" \/><figcaption class=\"wp-element-caption\">Machine en fonctionnement<\/figcaption><\/figure>    <figure class=\"wp-block-image size-large\"><img loading=\"lazy\" decoding=\"async\" width=\"720\" height=\"540\" data-id=\"266\" src=\"https:\/\/eggtraymachine.org\/wp-content\/uploads\/2022\/08\/egg-tray-stacker.webp\" alt=\"automatic egg tray stacker\" class=\"wp-image-266\" title=\"\" srcset=\"https:\/\/eggtraymachine.org\/wp-content\/uploads\/2022\/08\/egg-tray-stacker.webp 720w, https:\/\/eggtraymachine.org\/wp-content\/uploads\/2022\/08\/egg-tray-stacker-300x225.webp 300w\" sizes=\"auto, (max-width: 720px) 100vw, 720px\" \/><figcaption class=\"wp-element-caption\">Empileur automatique<\/figcaption><\/figure> <\/figure>    <h2 class=\"wp-block-heading\">Int\u00e9gration de la ligne de production compl\u00e8te<\/h2>    <p>The egg tray packing machine is the final piece in a complete egg tray production line. Here&#8217;s how it integrates with other equipment:<\/p>    <ol class=\"wp-block-list\"> <li><a href=\"https:\/\/eggtraymachine.org\/fr\/product\/egg-tray-pulper\/\">Pulpeur de barquettes \u00e0 \u0153ufs<\/a>: Convertit le papier usag\u00e9 en pulpe<\/li>    <li><a href=\"https:\/\/eggtraymachine.org\/fr\/product\/egg-tray-making-machine\/\">Machine de formage de plateaux \u00e0 \u0153ufs<\/a>: Moulage de la pulpe en formes de plateaux (1000-8000 pcs\/h disponibles)<\/li>    <li><a href=\"https:\/\/eggtraymachine.org\/fr\/product\/egg-tray-drying-box\/\">S\u00e9choir \u00e0 plateaux \u00e0 \u0153ufs<\/a>: \u00c9limine l'humidit\u00e9 des plateaux form\u00e9s<\/li>    <li><a href=\"https:\/\/eggtraymachine.org\/fr\/product\/egg-tray-carton-hot-pressing-machine\/\">Machine de pressage \u00e0 chaud<\/a> (Optionnel) : Am\u00e9liore la qualit\u00e9 de surface pour les march\u00e9s haut de gamme<\/li>    <li><strong>Machine d'emballage \/ Empileur de plateaux d'\u0153ufs<\/strong>: Compacte et empile les produits finis<\/li> <\/ol>    <h2 class=\"wp-block-heading\">Applications au-del\u00e0 des plateaux d'\u0153ufs<\/h2>    <p>Notre \u00e9quipement d'emballage g\u00e8re divers produits en moulage pulpe au-del\u00e0 des plateaux d'\u0153ufs :<\/p>    <ul class=\"wp-block-list\"> <li>Plateaux de fruits (pomme, orange, mangue)<\/li>    <li>Porte-gobelets et porte-bouteilles<\/li>    <li>Composants d'emballage industriel<\/li>    <li>Emballage d'instruments m\u00e9dicaux<\/li> <\/ul>    <figure class=\"wp-block-embed is-type-video is-provider-youtube wp-block-embed-youtube wp-embed-aspect-16-9 wp-has-aspect-ratio\"><div class=\"wp-block-embed__wrapper\"> <iframe loading=\"lazy\" title=\"Machine d&#039;emballage de plateaux \u00e0 \u0153ufs | r\u00e9duit la taille des plateaux \u00e0 \u0153ufs et les rend plus faciles \u00e0 stocker et \u00e0 emballer\" width=\"422\" height=\"750\" src=\"https:\/\/www.youtube.com\/embed\/9ccxz7t72yE?feature=oembed\" frameborder=\"0\" allow=\"accelerometer; autoplay; clipboard-write; encrypted-media; gyroscope; picture-in-picture; web-share\" referrerpolicy=\"strict-origin-when-cross-origin\" allowfullscreen><\/iframe> <\/div><figcaption class=\"wp-element-caption\">Vid\u00e9o de fonctionnement de la machine \u00e0 plateaux d'\u0153ufs<\/figcaption><\/figure>    <h2 class=\"wp-block-heading\">Pourquoi choisir l'\u00e9quipement d'emballage Shuliy ?<\/h2>    <ul class=\"wp-block-list\"> <li><strong>Exp\u00e9rience mondiale \u00e9prouv\u00e9e :<\/strong> Install\u00e9 dans plus de 20 pays, dont le Soudan, les Philippines, la Malaisie, le Royaume-Uni, et l'Australie<\/li>    <li><strong>Construction durable :<\/strong> Composants de qualit\u00e9 industrielle assurant une op\u00e9ration fiable \u00e0 long terme<\/li>    <li><strong>Entretien facile :<\/strong> Le syst\u00e8me pneumatique simple n\u00e9cessite peu d'entretien<\/li>    <li><strong>Application polyvalente :<\/strong> Manipule divers produits en moulage pulpe avec des r\u00e9glages simples<\/li>    <li><strong>Support complet :<\/strong> Conseils d'installation, formation \u00e0 l'utilisation, et fourniture de pi\u00e8ces de rechange<\/li> <\/ul>    <figure class=\"wp-block-gallery has-nested-images columns-default is-cropped wp-block-gallery-4 is-layout-flex wp-block-gallery-is-layout-flex\"> <figure class=\"wp-block-image size-large\"><img loading=\"lazy\" decoding=\"async\" width=\"720\" height=\"540\" data-id=\"270\" src=\"https:\/\/eggtraymachine.org\/wp-content\/uploads\/2022\/08\/egg-tray-production-1.webp\" alt=\"ligne de production de plateaux \u00e0 \u0153ufs\" class=\"wp-image-270\" title=\"\" srcset=\"https:\/\/eggtraymachine.org\/wp-content\/uploads\/2022\/08\/egg-tray-production-1.webp 720w, https:\/\/eggtraymachine.org\/wp-content\/uploads\/2022\/08\/egg-tray-production-1-300x225.webp 300w\" sizes=\"auto, (max-width: 720px) 100vw, 720px\" \/><figcaption class=\"wp-element-caption\">Ligne de production compl\u00e8te<\/figcaption><\/figure>    <figure class=\"wp-block-image size-large\"><img loading=\"lazy\" decoding=\"async\" width=\"720\" height=\"540\" data-id=\"274\" src=\"https:\/\/eggtraymachine.org\/wp-content\/uploads\/2022\/08\/egg-tray-factory.webp\" alt=\"usine de plateaux \u00e0 \u0153ufs\" class=\"wp-image-274\" title=\"\" srcset=\"https:\/\/eggtraymachine.org\/wp-content\/uploads\/2022\/08\/egg-tray-factory.webp 720w, https:\/\/eggtraymachine.org\/wp-content\/uploads\/2022\/08\/egg-tray-factory-300x225.webp 300w\" sizes=\"auto, (max-width: 720px) 100vw, 720px\" \/><figcaption class=\"wp-element-caption\">Installation de production du client<\/figcaption><\/figure> <\/figure>    <h2 class=\"wp-block-heading\">FAQ<\/h2>   <div id=\"rank-math-faq\" class=\"rank-math-block\"> <div class=\"rank-math-list\"> <div id=\"faq-packing-001\" class=\"rank-math-list-item\"> <h3 class=\"rank-math-question\">Quelle est la diff\u00e9rence entre une presse \u00e0 plateaux d'\u0153ufs et un empileur ?<\/h3> <div class=\"rank-math-answer\">  <p>La presse \u00e0 \u0153ufs compresse et bundle les plateaux pour le stockage et le transport. L'empileur re\u00e7oit et organise automatiquement les plateaux s\u00e9ch\u00e9s depuis le convoyeur. Beaucoup de clients utilisent les deux pour une automatisation compl\u00e8te.<\/p>  <\/div> <\/div> <div id=\"faq-packing-002\" class=\"rank-math-list-item\"> <h3 class=\"rank-math-question\">Quelle superficie la machine d'emballage n\u00e9cessite-t-elle ?<\/h3> <div class=\"rank-math-answer\">  <p>La machine d'emballage de plateaux d'\u0153ufs n\u00e9cessite environ 10-15 m\u00e8tres carr\u00e9s d'espace au sol. L'empileur automatique n\u00e9cessite 8-12 m\u00e8tres carr\u00e9s suppl\u00e9mentaires.<\/p>  <\/div> <\/div> <div id=\"faq-packing-003\" class=\"rank-math-list-item\"> <h3 class=\"rank-math-question\">La machine d'emballage n\u00e9cessite-t-elle de l'air comprim\u00e9 ?<\/h3> <div class=\"rank-math-answer\">  <p>Oui, le syst\u00e8me pneumatique n\u00e9cessite une alimentation en air comprim\u00e9. Nous pouvons recommander les sp\u00e9cifications d'un compresseur appropri\u00e9 en fonction de votre volume de production.<\/p>  <\/div> <\/div> <div id=\"faq-packing-004\" class=\"rank-math-list-item\"> <h3 class=\"rank-math-question\">La m\u00eame machine peut-elle emballer des plateaux de tailles diff\u00e9rentes ?<\/h3> <div class=\"rank-math-answer\">  <p>Oui, la chambre de compression peut \u00eatre ajust\u00e9e pour accueillir diff\u00e9rentes tailles de plateaux. Notre \u00e9quipe vous aidera \u00e0 configurer la machine pour vos produits sp\u00e9cifiques.<\/p>  <\/div> <\/div> <div id=\"faq-packing-005\" class=\"rank-math-list-item\"> <h3 class=\"rank-math-question\">Comment la machine d'emballage s'int\u00e8gre-t-elle \u00e0 ma ligne de production existante ?<\/h3> <div class=\"rank-math-answer\">  <p>La machine d'emballage et l'empileur se connectent \u00e0 la sortie de votre s\u00e9choir. Nous fournissons des recommandations de disposition et des conseils d'installation pour une int\u00e9gration sans faille.<\/p>  <\/div> <\/div> <div id=\"faq-packing-006\" class=\"rank-math-list-item\"> <h3 class=\"rank-math-question\">Quel entretien est n\u00e9cessaire pour l'\u00e9quipement d'emballage ?<\/h3> <div class=\"rank-math-answer\">  <p>L'entretien r\u00e9gulier comprend la v\u00e9rification du filtre \u00e0 air, la lubrification des pi\u00e8ces mobiles, et l'inspection des sangles\/mat\u00e9riaux de liaison. Nous fournissons des manuels d'entretien d\u00e9taill\u00e9s et des tutoriels vid\u00e9o.<\/p>  <\/div> <\/div> <\/div> <\/div>   <h2 class=\"wp-block-heading\">Compl\u00e9tez votre ligne de production<\/h2>    <p>Ajouter une machine d'emballage de qualit\u00e9 \u00e0 votre ligne de production de plateaux d'\u0153ufs est un investissement qui se rentabilise par la r\u00e9duction des co\u00fbts de main-d'\u0153uvre, la baisse des frais d'exp\u00e9dition, et l'am\u00e9lioration de la pr\u00e9sentation du produit.<\/p>    <p class=\"translation-block\">Nous proposons des solutions compl\u00e8tes de production de plateaux d'\u0153ufs avec des \u00e9quipements allant de <strong>1000 \u00e0 8000 pcs\/h<\/strong>. Notre \u00e9quipe peut vous aider \u00e0 concevoir une ligne de production adapt\u00e9e \u00e0 vos besoins sp\u00e9cifiques.<\/p>    <p class=\"translation-block\"><strong>What&#8217;s Included:<\/strong><\/p>    <ul class=\"wp-block-list\"> <li>Conception et planification de la ligne de production compl\u00e8te<\/li>    <li>Choix de l'\u00e9quipement en fonction de vos besoins en capacit\u00e9<\/li>    <li>Conseils d'installation et formation des op\u00e9rateurs<\/li>    <li>Support technique continu et fourniture de pi\u00e8ces de rechange<\/li> <\/ul>    <p>Contactez-nous d\u00e8s aujourd'hui pour discuter de vos besoins en production de plateaux d'\u0153ufs et recevoir un devis personnalis\u00e9.<\/p>","protected":false},"excerpt":{"rendered":"<p>Egg tray packing machine (baler) for compacting and stacking dried egg trays. Reduces storage space, protects during transport. Pneumatic operation, compatible with all production lines.<\/p>","protected":false},"author":1,"featured_media":262,"parent":0,"template":"","tags":[22],"product-type":[21,4],"class_list":["post-240","product","type-product","status-publish","has-post-thumbnail","hentry","tag-egg-tray-packing-machine","product-type-egg-tray-packing","product-type-product"],"_links":{"self":[{"href":"https:\/\/eggtraymachine.org\/fr\/wp-json\/wp\/v2\/product\/240","targetHints":{"allow":["GET"]}}],"collection":[{"href":"https:\/\/eggtraymachine.org\/fr\/wp-json\/wp\/v2\/product"}],"about":[{"href":"https:\/\/eggtraymachine.org\/fr\/wp-json\/wp\/v2\/types\/product"}],"author":[{"embeddable":true,"href":"https:\/\/eggtraymachine.org\/fr\/wp-json\/wp\/v2\/users\/1"}],"wp:featuredmedia":[{"embeddable":true,"href":"https:\/\/eggtraymachine.org\/fr\/wp-json\/wp\/v2\/media\/262"}],"wp:attachment":[{"href":"https:\/\/eggtraymachine.org\/fr\/wp-json\/wp\/v2\/media?parent=240"}],"wp:term":[{"taxonomy":"post_tag","embeddable":true,"href":"https:\/\/eggtraymachine.org\/fr\/wp-json\/wp\/v2\/tags?post=240"},{"taxonomy":"product-type","embeddable":true,"href":"https:\/\/eggtraymachine.org\/fr\/wp-json\/wp\/v2\/product-type?post=240"}],"curies":[{"name":"wp","href":"https:\/\/api.w.org\/{rel}","templated":true}]}}