{"id":224,"date":"2022-08-11T02:59:56","date_gmt":"2022-08-11T02:59:56","guid":{"rendered":"https:\/\/eggtraymachine.org\/?post_type=product&#038;p=224"},"modified":"2025-08-14T14:20:27","modified_gmt":"2025-08-14T06:20:27","slug":"egg-tray-carton-hot-pressing-machine","status":"publish","type":"product","link":"https:\/\/eggtraymachine.org\/fr\/product\/egg-tray-carton-hot-pressing-machine\/","title":{"rendered":"Machine de pressage \u00e0 chaud de carton de plateau d'oeufs"},"content":{"rendered":"<p class=\"translation-block\">Une machine de pressage \u00e0 chaud de carton pour plateaux d'\u0153ufs est une machine utilis\u00e9e pour lisser la surface des plateaux d'\u0153ufs et pour le traitement approfondi des plateaux d'\u0153ufs. Elle est g\u00e9n\u00e9ralement utilis\u00e9e pour le pressage \u00e0 chaud apr\u00e8s <a href=\"https:\/\/eggtraymachine.org\/fr\/product\/egg-tray-production-line\/\">la bo\u00eete de formation de la machine \u00e0 former les plateaux d'\u0153ufs<\/a>, et elle peut \u00eatre emball\u00e9e apr\u00e8s le pressage \u00e0 chaud. <\/p>    <p>Le pressage \u00e0 chaud ne prend que 6 \u00e0 10 secondes pour presser un plateau d'\u0153ufs, avec une efficacit\u00e9 de production extr\u00eamement \u00e9lev\u00e9e. Actuellement, la machine de formation par pressage \u00e0 chaud a \u00e9t\u00e9 vendue aux \u00c9tats-Unis, en France, au Vietnam, aux Philippines et dans d'autres endroits.<\/p>    <h2 class=\"wp-block-heading\">Vid\u00e9o de fonctionnement de la presse \u00e0 chaud pour plateaux d'\u0153ufs<\/h2>    <figure class=\"wp-block-embed is-type-video is-provider-youtube wp-block-embed-youtube wp-embed-aspect-16-9 wp-has-aspect-ratio\"><div class=\"wp-block-embed__wrapper\"> <iframe loading=\"lazy\" title=\"Plateau \u00e0 \u0153ufs amovible \u00e0 presse chaude | peut presser quatre \u00e0 la fois\" width=\"422\" height=\"750\" src=\"https:\/\/www.youtube.com\/embed\/L_EJA79i29Y?feature=oembed\" frameborder=\"0\" allow=\"accelerometer; autoplay; clipboard-write; encrypted-media; gyroscope; picture-in-picture; web-share\" referrerpolicy=\"strict-origin-when-cross-origin\" allowfullscreen><\/iframe> <\/div><\/figure>    <h2 class=\"wp-block-heading\">Quels produits doivent \u00eatre d\u00e9form\u00e9s ?<\/h2>    <figure class=\"wp-block-gallery has-nested-images columns-default is-cropped wp-block-gallery-2 is-layout-flex wp-block-gallery-is-layout-flex\"> <figure class=\"wp-block-image size-large\"><img loading=\"lazy\" decoding=\"async\" width=\"720\" height=\"540\" data-id=\"469\" src=\"https:\/\/eggtraymachine.org\/wp-content\/uploads\/2023\/03\/egg-tray-making-1.webp\" alt=\"fabrication de plateaux \u00e0 \u0153ufs\" class=\"wp-image-469\" title=\"\" srcset=\"https:\/\/eggtraymachine.org\/wp-content\/uploads\/2023\/03\/egg-tray-making-1.webp 720w, https:\/\/eggtraymachine.org\/wp-content\/uploads\/2023\/03\/egg-tray-making-1-300x225.webp 300w\" sizes=\"auto, (max-width: 720px) 100vw, 720px\" \/><figcaption class=\"wp-element-caption\">Fabrication de plateaux \u00e0 \u0153ufs<\/figcaption><\/figure>    <figure class=\"wp-block-image size-large\"><img loading=\"lazy\" decoding=\"async\" width=\"720\" height=\"540\" data-id=\"444\" src=\"https:\/\/eggtraymachine.org\/wp-content\/uploads\/2023\/03\/Waste-paper-processing-for-different-packaging-products.webp\" alt=\"Traitement des vieux papiers pour diff\u00e9rents produits d&#039;emballage\" class=\"wp-image-444\" title=\"\" srcset=\"https:\/\/eggtraymachine.org\/wp-content\/uploads\/2023\/03\/Waste-paper-processing-for-different-packaging-products.webp 720w, https:\/\/eggtraymachine.org\/wp-content\/uploads\/2023\/03\/Waste-paper-processing-for-different-packaging-products-300x225.webp 300w\" sizes=\"auto, (max-width: 720px) 100vw, 720px\" \/><figcaption class=\"wp-element-caption\">Traitement des vieux papiers pour diff\u00e9rents produits d'emballage<\/figcaption><\/figure> <\/figure>    <p>Les plateaux \u00e0 \u0153ufs haut de gamme et autres produits en papier n\u00e9cessitent des machines de pressage \u00e0 chaud. Si les exigences relatives \u00e0 l'apparence du plateau \u00e0 \u0153ufs ne sont pas tr\u00e8s \u00e9lev\u00e9es, le plateau \u00e0 \u0153ufs peut \u00eatre omis, mais d'autres produits en papier doivent \u00eatre \u00e9quip\u00e9s d'une machine de pressage \u00e0 chaud, tels que les bo\u00eetes \u00e0 \u0153ufs, les plateaux \u00e0 fruits, les plateaux \u00e0 vin et les boissons au caf\u00e9. plateaux.<\/p>    <figure class=\"wp-block-gallery has-nested-images columns-default is-cropped wp-block-gallery-3 is-layout-flex wp-block-gallery-is-layout-flex\"> <figure class=\"wp-block-image size-large\"><img loading=\"lazy\" decoding=\"async\" width=\"720\" height=\"540\" data-id=\"387\" src=\"https:\/\/eggtraymachine.org\/wp-content\/uploads\/2022\/11\/Paper-wine-tray-making-machine-1.jpg\" alt=\"plateau \u00e0 vin\" class=\"wp-image-387\" title=\"\" srcset=\"https:\/\/eggtraymachine.org\/wp-content\/uploads\/2022\/11\/Paper-wine-tray-making-machine-1.jpg 720w, https:\/\/eggtraymachine.org\/wp-content\/uploads\/2022\/11\/Paper-wine-tray-making-machine-1-300x225.jpg 300w\" sizes=\"auto, (max-width: 720px) 100vw, 720px\" \/><figcaption class=\"wp-element-caption\">Plateau \u00e0 vin<\/figcaption><\/figure>    <figure class=\"wp-block-image size-large\"><img loading=\"lazy\" decoding=\"async\" width=\"720\" height=\"540\" data-id=\"386\" src=\"https:\/\/eggtraymachine.org\/wp-content\/uploads\/2022\/11\/Paper-wine-tray.jpg\" alt=\"Machine de fabrication de barquettes \u00e0 vin en papier\" class=\"wp-image-386\" title=\"\" srcset=\"https:\/\/eggtraymachine.org\/wp-content\/uploads\/2022\/11\/Paper-wine-tray.jpg 720w, https:\/\/eggtraymachine.org\/wp-content\/uploads\/2022\/11\/Paper-wine-tray-300x225.jpg 300w\" sizes=\"auto, (max-width: 720px) 100vw, 720px\" \/><figcaption class=\"wp-element-caption\">Machine de fabrication de plateaux \u00e0 vin en papier<\/figcaption><\/figure> <\/figure>    <h2 class=\"wp-block-heading\">La fonction de la machine \u00e0 presser les plateaux \u00e0 \u0153ufs<\/h2>    <figure class=\"wp-block-gallery aligncenter has-nested-images columns-default is-cropped wp-block-gallery-4 is-layout-flex wp-block-gallery-is-layout-flex\"> <figure class=\"wp-block-image size-full\"><img loading=\"lazy\" decoding=\"async\" width=\"720\" height=\"540\" data-id=\"230\" src=\"https:\/\/eggtraymachine.org\/wp-content\/uploads\/2022\/08\/egg-tray-pressing-machine-function.webp\" alt=\"fonction de la machine \u00e0 presser les plateaux \u00e0 \u0153ufs\" class=\"wp-image-230\" title=\"\" srcset=\"https:\/\/eggtraymachine.org\/wp-content\/uploads\/2022\/08\/egg-tray-pressing-machine-function.webp 720w, https:\/\/eggtraymachine.org\/wp-content\/uploads\/2022\/08\/egg-tray-pressing-machine-function-300x225.webp 300w\" sizes=\"auto, (max-width: 720px) 100vw, 720px\" \/><figcaption class=\"wp-element-caption\">Fonction de la machine de pressage \u00e0 chaud du plateau \u00e0 \u0153ufs<\/figcaption><\/figure>    <figure class=\"wp-block-image size-full\"><img loading=\"lazy\" decoding=\"async\" width=\"720\" height=\"540\" data-id=\"388\" src=\"https:\/\/eggtraymachine.org\/wp-content\/uploads\/2022\/11\/wine-tray.jpg\" alt=\"plateau \u00e0 vin\" class=\"wp-image-388\" title=\"\" srcset=\"https:\/\/eggtraymachine.org\/wp-content\/uploads\/2022\/11\/wine-tray.jpg 720w, https:\/\/eggtraymachine.org\/wp-content\/uploads\/2022\/11\/wine-tray-300x225.jpg 300w\" sizes=\"auto, (max-width: 720px) 100vw, 720px\" \/><figcaption class=\"wp-element-caption\">Plateau \u00e0 vin<\/figcaption><\/figure> <\/figure>    <p class=\"translation-block\">Le <a href=\"https:\/\/en.wikipedia.org\/wiki\/Hot_Press\" data-type=\"URL\" data-id=\"https:\/\/en.wikipedia.org\/wiki\/Hot_Press\" target=\"_blank\" rel=\"noopener\">pressage \u00e0 chaud<\/a> est utilis\u00e9 pour la correction de forme apr\u00e8s la formation du plateau d'\u0153ufs, ce qui peut rendre la surface du plateau d'\u0153ufs ou du plateau en papier plus lisse. Apr\u00e8s avoir utilis\u00e9 la machine de formation par pressage \u00e0 chaud, le carton \u00e0 \u0153ufs sera plus beau, ce qui peut augmenter le prix du carton \u00e0 \u0153ufs et produire un profit plus \u00e9lev\u00e9.<\/p>    <h2 class=\"wp-block-heading\">Comment utiliser la presse \u00e0 chaud pour plateaux \u00e0 \u0153ufs ?<\/h2>    <p>Une machine de pressage \u00e0 chaud pour cartons \u00e0 \u0153ufs est une machine semi-automatique qui doit \u00eatre actionn\u00e9e manuellement. En pressant \u00e0 chaud, la surface du carton \u00e0 \u0153ufs et du plateau d'\u0153ufs est plus uniforme. La temp\u00e9rature peut \u00eatre ajust\u00e9e entre 150 et 200 degr\u00e9s Celsius selon les besoins. <\/p>    <p>Elle a un large \u00e9ventail d'applications, pouvant \u00eatre utilis\u00e9e pour presser \u00e0 chaud des cartons \u00e0 \u0153ufs, des plateaux \u00e0 vin, des plateaux \u00e0 fruits et d'autres plateaux en papier. Le temps n\u00e9cessaire pour presser \u00e0 chaud un plateau d'\u0153ufs est de 6 \u00e0 10 secondes. L'efficacit\u00e9 de production est tr\u00e8s \u00e9lev\u00e9e.<\/p>    <figure class=\"wp-block-gallery aligncenter has-nested-images columns-default is-cropped wp-block-gallery-5 is-layout-flex wp-block-gallery-is-layout-flex\"> <figure class=\"wp-block-image size-large\"><img loading=\"lazy\" decoding=\"async\" width=\"540\" height=\"720\" data-id=\"733\" src=\"https:\/\/eggtraymachine.org\/wp-content\/uploads\/2025\/08\/egg-carton-hot-press-machine.webp\" alt=\"machine de pressage \u00e0 chaud pour cartons \u00e0 \u0153ufs\" class=\"wp-image-733\" title=\"\" srcset=\"https:\/\/eggtraymachine.org\/wp-content\/uploads\/2025\/08\/egg-carton-hot-press-machine.webp 540w, https:\/\/eggtraymachine.org\/wp-content\/uploads\/2025\/08\/egg-carton-hot-press-machine-225x300.webp 225w, https:\/\/eggtraymachine.org\/wp-content\/uploads\/2025\/08\/egg-carton-hot-press-machine-9x12.webp 9w\" sizes=\"auto, (max-width: 540px) 100vw, 540px\" \/><figcaption class=\"wp-element-caption\">Machine de pressage \u00e0 chaud pour cartons \u00e0 \u0153ufs<\/figcaption><\/figure>    <figure class=\"wp-block-image size-large\"><img loading=\"lazy\" decoding=\"async\" width=\"720\" height=\"540\" data-id=\"739\" src=\"https:\/\/eggtraymachine.org\/wp-content\/uploads\/2025\/08\/hot-pressing-disk.webp\" alt=\"une machine avec quelques bo\u00eetes dessus\" class=\"wp-image-739\" title=\"\" srcset=\"https:\/\/eggtraymachine.org\/wp-content\/uploads\/2025\/08\/hot-pressing-disk.webp 720w, https:\/\/eggtraymachine.org\/wp-content\/uploads\/2025\/08\/hot-pressing-disk-300x225.webp 300w, https:\/\/eggtraymachine.org\/wp-content\/uploads\/2025\/08\/hot-pressing-disk-16x12.webp 16w\" sizes=\"auto, (max-width: 720px) 100vw, 720px\" \/><figcaption class=\"wp-element-caption\">Disque de pressage \u00e0 chaud<\/figcaption><\/figure> <\/figure>    <h2 class=\"wp-block-heading\">Comment fonctionne une machine de pressage \u00e0 chaud de cartons d'\u0153ufs<\/h2>    <figure class=\"wp-block-gallery has-nested-images columns-default is-cropped wp-block-gallery-6 is-layout-flex wp-block-gallery-is-layout-flex\"> <figure class=\"wp-block-image size-full\"><img loading=\"lazy\" decoding=\"async\" width=\"540\" height=\"720\" data-id=\"738\" src=\"https:\/\/eggtraymachine.org\/wp-content\/uploads\/2025\/08\/hot-press-machine.webp\" alt=\"presse \u00e0 chaud\" class=\"wp-image-738\" title=\"\" srcset=\"https:\/\/eggtraymachine.org\/wp-content\/uploads\/2025\/08\/hot-press-machine.webp 540w, https:\/\/eggtraymachine.org\/wp-content\/uploads\/2025\/08\/hot-press-machine-225x300.webp 225w, https:\/\/eggtraymachine.org\/wp-content\/uploads\/2025\/08\/hot-press-machine-9x12.webp 9w\" sizes=\"auto, (max-width: 540px) 100vw, 540px\" \/><figcaption class=\"wp-element-caption\">Machine de pressage \u00e0 chaud<\/figcaption><\/figure>    <figure class=\"wp-block-image size-full\"><img loading=\"lazy\" decoding=\"async\" width=\"540\" height=\"720\" data-id=\"734\" src=\"https:\/\/eggtraymachine.org\/wp-content\/uploads\/2025\/08\/egg-carton-hot-press.webp\" alt=\"pressage \u00e0 chaud de cartons \u00e0 \u0153ufs\" class=\"wp-image-734\" title=\"\" srcset=\"https:\/\/eggtraymachine.org\/wp-content\/uploads\/2025\/08\/egg-carton-hot-press.webp 540w, https:\/\/eggtraymachine.org\/wp-content\/uploads\/2025\/08\/egg-carton-hot-press-225x300.webp 225w, https:\/\/eggtraymachine.org\/wp-content\/uploads\/2025\/08\/egg-carton-hot-press-9x12.webp 9w\" sizes=\"auto, (max-width: 540px) 100vw, 540px\" \/><figcaption class=\"wp-element-caption\">Pressage \u00e0 chaud de cartons \u00e0 \u0153ufs<\/figcaption><\/figure>    <figure class=\"wp-block-image size-full\"><img loading=\"lazy\" decoding=\"async\" width=\"540\" height=\"720\" data-id=\"736\" src=\"https:\/\/eggtraymachine.org\/wp-content\/uploads\/2025\/08\/egg-tray-hot-press.webp\" alt=\"Presse \u00e0 chaud pour plateau \u00e0 \u0153ufs\" class=\"wp-image-736\" title=\"\" srcset=\"https:\/\/eggtraymachine.org\/wp-content\/uploads\/2025\/08\/egg-tray-hot-press.webp 540w, https:\/\/eggtraymachine.org\/wp-content\/uploads\/2025\/08\/egg-tray-hot-press-225x300.webp 225w, https:\/\/eggtraymachine.org\/wp-content\/uploads\/2025\/08\/egg-tray-hot-press-9x12.webp 9w\" sizes=\"auto, (max-width: 540px) 100vw, 540px\" \/><figcaption class=\"wp-element-caption\">Pressage \u00e0 chaud de plateaux d'\u0153ufs<\/figcaption><\/figure> <\/figure>    <p>Le pressage \u00e0 chaud des plateaux d'\u0153ufs se fait \u00e0 haute temp\u00e9rature. Lorsque la surface du carton \u00e0 \u0153ufs est expos\u00e9e \u00e0 haute temp\u00e9rature, les plis \u00e0 la surface s'\u00e9tirent, tout comme lorsque l'on repasse des v\u00eatements \u00e0 la maison, ce qui utilise le m\u00eame principe de fonctionnement. La temp\u00e9rature de la machine de pressage \u00e0 chaud pour plateaux d'\u0153ufs peut \u00e9galement \u00eatre ajust\u00e9e, ce qui est tr\u00e8s simple et pratique.<\/p>    <h2 class=\"wp-block-heading\">La structure de la machine de fa\u00e7onnage \u00e0 chaud<\/h2>    <p>Les composants principaux de la machine de pressage \u00e0 chaud pour plateaux \u00e0 \u0153ufs comprennent le moteur, l'engrenage, le moteur, le roulement, la bo\u00eete de vitesses, etc. Le composant principal est le moteur. Le moule de la presse chaude du plateau \u00e0 \u0153ufs peut \u00eatre remplac\u00e9 et diff\u00e9rents moules doivent \u00eatre remplac\u00e9s pour traiter diff\u00e9rents plateaux en papier.<\/p>    <figure class=\"wp-block-gallery has-nested-images columns-default is-cropped wp-block-gallery-7 is-layout-flex wp-block-gallery-is-layout-flex\"> <figure class=\"wp-block-image size-large\"><img loading=\"lazy\" decoding=\"async\" width=\"720\" height=\"540\" data-id=\"739\" src=\"https:\/\/eggtraymachine.org\/wp-content\/uploads\/2025\/08\/hot-pressing-disk.webp\" alt=\"une machine avec quelques bo\u00eetes dessus\" class=\"wp-image-739\" title=\"\" srcset=\"https:\/\/eggtraymachine.org\/wp-content\/uploads\/2025\/08\/hot-pressing-disk.webp 720w, https:\/\/eggtraymachine.org\/wp-content\/uploads\/2025\/08\/hot-pressing-disk-300x225.webp 300w, https:\/\/eggtraymachine.org\/wp-content\/uploads\/2025\/08\/hot-pressing-disk-16x12.webp 16w\" sizes=\"auto, (max-width: 720px) 100vw, 720px\" \/><figcaption class=\"wp-element-caption\">Disque de pressage \u00e0 chaud<\/figcaption><\/figure>    <figure class=\"wp-block-image size-large\"><img loading=\"lazy\" decoding=\"async\" width=\"720\" height=\"540\" data-id=\"741\" src=\"https:\/\/eggtraymachine.org\/wp-content\/uploads\/2025\/08\/the-mold.webp\" alt=\"le moule\" class=\"wp-image-741\" title=\"\" srcset=\"https:\/\/eggtraymachine.org\/wp-content\/uploads\/2025\/08\/the-mold.webp 720w, https:\/\/eggtraymachine.org\/wp-content\/uploads\/2025\/08\/the-mold-300x225.webp 300w, https:\/\/eggtraymachine.org\/wp-content\/uploads\/2025\/08\/the-mold-16x12.webp 16w\" sizes=\"auto, (max-width: 720px) 100vw, 720px\" \/><figcaption class=\"wp-element-caption\">Le moule<\/figcaption><\/figure>    <figure class=\"wp-block-image size-full\"><img loading=\"lazy\" decoding=\"async\" width=\"720\" height=\"540\" data-id=\"758\" src=\"https:\/\/eggtraymachine.org\/wp-content\/uploads\/2022\/08\/hot-press-control.webp\" alt=\"commande de pressage \u00e0 chaud\" class=\"wp-image-758\" title=\"\" srcset=\"https:\/\/eggtraymachine.org\/wp-content\/uploads\/2022\/08\/hot-press-control.webp 720w, https:\/\/eggtraymachine.org\/wp-content\/uploads\/2022\/08\/hot-press-control-300x225.webp 300w, https:\/\/eggtraymachine.org\/wp-content\/uploads\/2022\/08\/hot-press-control-16x12.webp 16w\" sizes=\"auto, (max-width: 720px) 100vw, 720px\" \/><figcaption class=\"wp-element-caption\">Contr\u00f4le de la presse \u00e0 chaud<\/figcaption><\/figure> <\/figure>    <h2 class=\"wp-block-heading\">Avantages de la machine \u00e0 presser les plateaux d'\u0153ufs<\/h2>    <figure class=\"wp-block-gallery has-nested-images columns-default is-cropped wp-block-gallery-8 is-layout-flex wp-block-gallery-is-layout-flex\"> <figure class=\"wp-block-image size-large\"><img loading=\"lazy\" decoding=\"async\" width=\"720\" height=\"540\" data-id=\"234\" src=\"https:\/\/eggtraymachine.org\/wp-content\/uploads\/2022\/08\/egg-tray-pressing-machine.webp\" alt=\"\" class=\"wp-image-234\" title=\"\" srcset=\"https:\/\/eggtraymachine.org\/wp-content\/uploads\/2022\/08\/egg-tray-pressing-machine.webp 720w, https:\/\/eggtraymachine.org\/wp-content\/uploads\/2022\/08\/egg-tray-pressing-machine-300x225.webp 300w\" sizes=\"auto, (max-width: 720px) 100vw, 720px\" \/><figcaption class=\"wp-element-caption\">Machine de pressage \u00e0 chaud de carton de plateau d'oeufs<\/figcaption><\/figure>    <figure class=\"wp-block-image size-large\"><img loading=\"lazy\" decoding=\"async\" width=\"720\" height=\"540\" data-id=\"235\" src=\"https:\/\/eggtraymachine.org\/wp-content\/uploads\/2022\/08\/friut-tray.webp\" alt=\"\" class=\"wp-image-235\" title=\"\" srcset=\"https:\/\/eggtraymachine.org\/wp-content\/uploads\/2022\/08\/friut-tray.webp 720w, https:\/\/eggtraymachine.org\/wp-content\/uploads\/2022\/08\/friut-tray-300x225.webp 300w\" sizes=\"auto, (max-width: 720px) 100vw, 720px\" \/><figcaption class=\"wp-element-caption\">Pressage \u00e0 chaud de carton de plateau d'oeufs <\/figcaption><\/figure> <\/figure>    <ul class=\"wp-block-list\"> <li>Fonctionnement simple, une personne peut r\u00e9aliser le travail de pressage \u00e0 chaud des plateaux d'\u0153ufs.<\/li>    <li>La machine est \u00e9quip\u00e9e d'un dispositif de comptage facile \u00e0 utiliser.<\/li>    <li>Avec un dispositif de s\u00e9curit\u00e9 infrarouge.<\/li>    <li>Avec des fonctions de soufflage des moules sup\u00e9rieur et inf\u00e9rieur.<\/li> <\/ul>    <h2 class=\"wp-block-heading\" id=\"h-parameters-of-hot-press-forming-machine\">Param\u00e8tres de la machine de formation par pressage \u00e0 chaud<\/h2>    <figure class=\"wp-block-table\"><table><tbody><tr><td>Nom<\/td><td>Machine de presse \u00e0 chaud pour plateaux \u00e0 \u0153ufs pour la correction de forme<\/td><\/tr><tr><td>Dimension<\/td><td>1200*800*1800mm<\/td><\/tr><tr><td>Pression de travail<\/td><td>15 tonnes<\/td><\/tr><tr><td>Pouvoir<\/td><td>6,5 kW<\/td><\/tr><tr><td>Temp\u00e9rature de travail<\/td><td>160 ~ 200 \u2103 <\/td><\/tr><tr><td>Temps de cycle de travail<\/td><td>6-10 secondes<\/td><\/tr><tr><td>Air comprim\u00e9 requis<\/td><td>0,5~0,6mpa, 1m\u00b3\/min<\/td><\/tr><tr><td>Contr\u00f4le<\/td><td>Contr\u00f4le par API<\/td><\/tr><\/tbody><\/table><\/figure>    <figure class=\"wp-block-gallery has-nested-images columns-default is-cropped wp-block-gallery-9 is-layout-flex wp-block-gallery-is-layout-flex\"> <figure class=\"wp-block-image size-large\"><img loading=\"lazy\" decoding=\"async\" width=\"720\" height=\"540\" data-id=\"740\" src=\"https:\/\/eggtraymachine.org\/wp-content\/uploads\/2025\/08\/large-hot-press-machine.webp\" alt=\"grande machine de pressage \u00e0 chaud\" class=\"wp-image-740\" title=\"\" srcset=\"https:\/\/eggtraymachine.org\/wp-content\/uploads\/2025\/08\/large-hot-press-machine.webp 720w, https:\/\/eggtraymachine.org\/wp-content\/uploads\/2025\/08\/large-hot-press-machine-300x225.webp 300w, https:\/\/eggtraymachine.org\/wp-content\/uploads\/2025\/08\/large-hot-press-machine-16x12.webp 16w\" sizes=\"auto, (max-width: 720px) 100vw, 720px\" \/><figcaption class=\"wp-element-caption\">Grande machine de pressage \u00e0 chaud<\/figcaption><\/figure>    <figure class=\"wp-block-image size-large\"><img loading=\"lazy\" decoding=\"async\" width=\"720\" height=\"540\" data-id=\"735\" src=\"https:\/\/eggtraymachine.org\/wp-content\/uploads\/2025\/08\/egg-tray-hot-press-factory.webp\" alt=\"usine de pressage \u00e0 chaud pour plateaux d\u2019\u0153ufs\" class=\"wp-image-735\" title=\"\" srcset=\"https:\/\/eggtraymachine.org\/wp-content\/uploads\/2025\/08\/egg-tray-hot-press-factory.webp 720w, https:\/\/eggtraymachine.org\/wp-content\/uploads\/2025\/08\/egg-tray-hot-press-factory-300x225.webp 300w, https:\/\/eggtraymachine.org\/wp-content\/uploads\/2025\/08\/egg-tray-hot-press-factory-16x12.webp 16w\" sizes=\"auto, (max-width: 720px) 100vw, 720px\" \/><figcaption class=\"wp-element-caption\">Usine de presse \u00e0 chaud pour plateaux d'\u0153ufs<\/figcaption><\/figure> <\/figure>    <h2 class=\"wp-block-heading\">FAQ<\/h2>   <div id=\"rank-math-faq\" class=\"rank-math-block\"> <div class=\"rank-math-list\"> <div id=\"faq-question-1755141787350\" class=\"rank-math-list-item\"> <h3 class=\"rank-math-question\">Quelle est la fonction d'une presse chaude pour plateaux \u00e0 \u0153ufs ?<\/h3> <div class=\"rank-math-answer\">  <p>Il est utilis\u00e9 pour presser des plateaux d'\u0153ufs en pulpe moul\u00e9e \u00e0 haute temp\u00e9rature afin de les rendre plus lisses, plus durs et plus r\u00e9sistants \u00e0 l'eau, am\u00e9liorant ainsi leur apparence et leur durabilit\u00e9.<\/p>  <\/div> <\/div> <div id=\"faq-question-1755141923887\" class=\"rank-math-list-item\"> <h3 class=\"rank-math-question\">La machine peut-elle \u00eatre utilis\u00e9e pour d'autres plateaux que les bo\u00eetes \u00e0 \u0153ufs\u00a0?<\/h3> <div class=\"rank-math-answer\">  <p>Oui, en changeant le moule, il peut \u00eatre utilis\u00e9 pour des plateaux \u00e0 fruits, des plateaux \u00e0 bouteilles, des porte-gobelets et d'autres produits en pulpe moul\u00e9e.<\/p>  <\/div> <\/div> <div id=\"faq-question-1755141959328\" class=\"rank-math-list-item\"> <h3 class=\"rank-math-question\">L'usinage \u00e0 chaud augmente-t-il la r\u00e9sistance de la plaque?<\/h3> <div class=\"rank-math-answer\">  <p>Oui, cela compacte la structure de la fibre, am\u00e9liorant la r\u00e9sistance m\u00e9canique, l'imperm\u00e9abilit\u00e9 et la r\u00e9sistance \u00e0 la d\u00e9formation.<\/p>  <\/div> <\/div> <div id=\"faq-question-1755142031199\" class=\"rank-math-list-item\"> <h3 class=\"rank-math-question\">Puis-je personnaliser la forme du moule et le logo ?<\/h3> <div class=\"rank-math-answer\">  <p>Oui, nous pouvons produire des moules avec la forme de plateau souhait\u00e9e, la taille des alv\u00e9oles et le logo en relief.<\/p>  <\/div> <\/div> <div id=\"faq-question-1755141708912\" class=\"rank-math-list-item\"> <h3 class=\"rank-math-question\">Ma ligne de production de plateaux \u00e0 \u0153ufs doit-elle \u00eatre \u00e9quip\u00e9e d'une presse \u00e0 chaud ?<\/h3> <div class=\"rank-math-answer\">  <p>Pas n\u00e9cessairement. Une presse \u00e0 chaud est un \u00e9quipement optionnel. Cependant, les alv\u00e9oles \u00e0 \u0153ufs qui ont \u00e9t\u00e9 press\u00e9es \u00e0 chaud ont un meilleur aspect et peuvent \u00eatre vendues plus cher.<\/p>  <\/div> <\/div> <\/div> <\/div>   <h2 class=\"wp-block-heading\">Contactez-nous !<\/h2>    <p>Si vous souhaitez en savoir plus sur les machines de pressage \u00e0 chaud pour plateaux d'\u0153ufs, des vid\u00e9os ou des devis, n'h\u00e9sitez pas \u00e0 nous contacter.<\/p>","protected":false},"excerpt":{"rendered":"<p>Une machine de pressage \u00e0 chaud de plateaux \u00e0 \u0153ufs est une machine permettant de lisser la surface des plateaux \u00e0 \u0153ufs et des plateaux \u00e0 \u0153ufs, et de traiter en profondeur les plateaux \u00e0 \u0153ufs. <\/p>","protected":false},"author":1,"featured_media":228,"parent":0,"template":"","tags":[19,22],"product-type":[4,20],"class_list":["post-224","product","type-product","status-publish","has-post-thumbnail","hentry","tag-egg-tray-hot-pressing-machine","tag-egg-tray-packing-machine","product-type-product","product-type-egg-tray-pressing-machine"],"_links":{"self":[{"href":"https:\/\/eggtraymachine.org\/fr\/wp-json\/wp\/v2\/product\/224","targetHints":{"allow":["GET"]}}],"collection":[{"href":"https:\/\/eggtraymachine.org\/fr\/wp-json\/wp\/v2\/product"}],"about":[{"href":"https:\/\/eggtraymachine.org\/fr\/wp-json\/wp\/v2\/types\/product"}],"author":[{"embeddable":true,"href":"https:\/\/eggtraymachine.org\/fr\/wp-json\/wp\/v2\/users\/1"}],"wp:featuredmedia":[{"embeddable":true,"href":"https:\/\/eggtraymachine.org\/fr\/wp-json\/wp\/v2\/media\/228"}],"wp:attachment":[{"href":"https:\/\/eggtraymachine.org\/fr\/wp-json\/wp\/v2\/media?parent=224"}],"wp:term":[{"taxonomy":"post_tag","embeddable":true,"href":"https:\/\/eggtraymachine.org\/fr\/wp-json\/wp\/v2\/tags?post=224"},{"taxonomy":"product-type","embeddable":true,"href":"https:\/\/eggtraymachine.org\/fr\/wp-json\/wp\/v2\/product-type?post=224"}],"curies":[{"name":"wp","href":"https:\/\/api.w.org\/{rel}","templated":true}]}}