{"id":169,"date":"2022-08-09T07:46:24","date_gmt":"2022-08-09T07:46:24","guid":{"rendered":"https:\/\/eggtraymachine.org\/?post_type=product&#038;p=169"},"modified":"2022-09-29T17:16:49","modified_gmt":"2022-09-29T09:16:49","slug":"egg-tray-pulper","status":"publish","type":"product","link":"https:\/\/eggtraymachine.org\/fr\/product\/egg-tray-pulper\/","title":{"rendered":"Pulpeur de plateaux \u00e0 \u0153ufs | d\u00e9chiqueteuse \u00e0 papier"},"content":{"rendered":"<p class=\"translation-block\">Le pulpeur de bacs \u00e0 \u0153ufs, \u00e9galement connu sous le nom de d\u00e9chiqueteuse de papier, est un appareil utilis\u00e9 pour \u00e9craser et <a href=\"https:\/\/en.wikipedia.org\/wiki\/Pulp_(paper)\" target=\"_blank\" rel=\"noopener\">produire de la pulpe<\/a> \u00e0 partir de d\u00e9chets. Lors du traitement des bacs \u00e0 \u0153ufs, le papier doit d'abord \u00eatre transform\u00e9 en pulpe, puis les bacs \u00e0 \u0153ufs sont fabriqu\u00e9s par une machine de moulage. La machine \u00e0 pulper les bacs \u00e0 \u0153ufs est une machine n\u00e9cessaire \u00e0 la production de bacs \u00e0 \u0153ufs et la base de la production de bacs \u00e0 \u0153ufs. La machine \u00e0 pulper peut \u00e9galement \u00eatre utilis\u00e9e pour le moulage de diverses formes de produits en papier dans les usines de fabrication de vaisselle, les industries papeti\u00e8res et les porte-bouteilles de vin.<\/p>    <figure class=\"wp-block-gallery has-nested-images columns-default is-cropped wp-block-gallery-2 is-layout-flex wp-block-gallery-is-layout-flex\"> <figure class=\"wp-block-image size-large\"><img loading=\"lazy\" decoding=\"async\" width=\"720\" height=\"540\" data-id=\"179\" src=\"https:\/\/eggtraymachine.org\/wp-content\/uploads\/2022\/08\/egg-tray-10.webp\" alt=\"\" class=\"wp-image-179\" title=\"\" srcset=\"https:\/\/eggtraymachine.org\/wp-content\/uploads\/2022\/08\/egg-tray-10.webp 720w, https:\/\/eggtraymachine.org\/wp-content\/uploads\/2022\/08\/egg-tray-10-300x225.webp 300w\" sizes=\"auto, (max-width: 720px) 100vw, 720px\" \/><\/figure>    <figure class=\"wp-block-image size-large\"><img loading=\"lazy\" decoding=\"async\" width=\"720\" height=\"540\" data-id=\"180\" src=\"https:\/\/eggtraymachine.org\/wp-content\/uploads\/2022\/08\/paper-products.webp\" alt=\"produits en papier\" class=\"wp-image-180\" title=\"\" srcset=\"https:\/\/eggtraymachine.org\/wp-content\/uploads\/2022\/08\/paper-products.webp 720w, https:\/\/eggtraymachine.org\/wp-content\/uploads\/2022\/08\/paper-products-300x225.webp 300w\" sizes=\"auto, (max-width: 720px) 100vw, 720px\" \/><figcaption>Produits en papier<\/figcaption><\/figure> <\/figure>    <h2 class=\"wp-block-heading\" id=\"h-the-raw-material-of-egg-tray-pulper\">La mati\u00e8re premi\u00e8re du pulpeur de plateaux \u00e0 \u0153ufs<\/h2>    <p>Les mati\u00e8res premi\u00e8res du pulpeur sont principalement des produits en papier, tels que des bo\u00eetes en carton ondul\u00e9, des vieux livres et du papier A4, qui peuvent \u00eatre utilis\u00e9s pour la production de plateaux \u00e0 \u0153ufs. Le pulpeur peut utiliser ces vieux produits de papier pour les recycler et les broyer en p\u00e2te, ce qui m\u00e9rite d'\u00eatre mentionn\u00e9. Oui, lors du processus de r\u00e9duction en p\u00e2te, il n'est pas n\u00e9cessaire de broyer le papier et celui-ci peut \u00eatre directement trait\u00e9 par un pulpeur hydraulique.<\/p>    <h2 class=\"wp-block-heading\">Quels sont les ingr\u00e9dients du pulpeur de plateaux \u00e0 \u0153ufs ?<\/h2>    <figure class=\"wp-block-image size-full\"><img loading=\"lazy\" decoding=\"async\" width=\"720\" height=\"540\" src=\"https:\/\/eggtraymachine.org\/wp-content\/uploads\/2022\/08\/Egg-trays-of-different-colors.webp\" alt=\"Plateaux \u00e0 \u0153ufs de diff\u00e9rentes couleurs\" class=\"wp-image-178\" title=\"\" srcset=\"https:\/\/eggtraymachine.org\/wp-content\/uploads\/2022\/08\/Egg-trays-of-different-colors.webp 720w, https:\/\/eggtraymachine.org\/wp-content\/uploads\/2022\/08\/Egg-trays-of-different-colors-300x225.webp 300w\" sizes=\"auto, (max-width: 720px) 100vw, 720px\" \/><figcaption>Plateaux \u00e0 \u0153ufs de diff\u00e9rentes couleurs<\/figcaption><\/figure>    <p>Le composant principal de la machine \u00e0 plateaux \u00e0 \u0153ufs est la pulpe, mais afin de rendre le plateau \u00e0 \u0153ufs plus ferme, il est g\u00e9n\u00e9ralement n\u00e9cessaire d'ajouter certains additifs au plateau \u00e0 \u0153ufs. Vous pouvez ajouter un peu de poudre de pierre \u00e0 la pulpe pour vous assurer que le plateau \u00e0 \u0153ufs est suffisamment fa\u00e7onn\u00e9. De plus, vous devez ajouter un peu de colle pour que la pulpe soit collante. Bien entendu, cela doit \u00eatre ajout\u00e9 proportionnellement. Il faut exp\u00e9rimenter plusieurs fois pendant la production pour trouver le meilleur ratio \u00e0 ajouter.<\/p>    <h2 class=\"wp-block-heading\">L'effet de la r\u00e9duction en p\u00e2te sur la qualit\u00e9 des plateaux \u00e0 \u0153ufs<\/h2>    <figure class=\"wp-block-image size-full\"><img loading=\"lazy\" decoding=\"async\" width=\"720\" height=\"540\" src=\"https:\/\/eggtraymachine.org\/wp-content\/uploads\/2022\/08\/Egg-tray-pulping-tank.webp\" alt=\"R\u00e9servoir de r\u00e9duction en p\u00e2te pour plateaux \u00e0 \u0153ufs\" class=\"wp-image-172\" title=\"\" srcset=\"https:\/\/eggtraymachine.org\/wp-content\/uploads\/2022\/08\/Egg-tray-pulping-tank.webp 720w, https:\/\/eggtraymachine.org\/wp-content\/uploads\/2022\/08\/Egg-tray-pulping-tank-300x225.webp 300w\" sizes=\"auto, (max-width: 720px) 100vw, 720px\" \/><figcaption>R\u00e9servoir de r\u00e9duction en p\u00e2te pour plateaux \u00e0 \u0153ufs<\/figcaption><\/figure>    <p>La r\u00e9duction en p\u00e2te est la premi\u00e8re \u00e9tape de la production de plateaux \u00e0 \u0153ufs, et l'impact de la r\u00e9duction en p\u00e2te sur les plateaux \u00e0 \u0153ufs est tr\u00e8s important, comme le rapport eau\/papier, et l'ajustement de la couleur des plateaux \u00e0 \u0153ufs est effectu\u00e9 dans cette \u00e9tape de r\u00e9duction en p\u00e2te. De plus, plus la pulpe est onctueuse, plus le plateau \u00e0 \u0153ufs produit est beau. Par cons\u00e9quent, lors de la r\u00e9duction en p\u00e2te, un pulpeur de plateaux \u00e0 \u0153ufs et des mati\u00e8res premi\u00e8res de haute qualit\u00e9 sont s\u00e9lectionn\u00e9s.<\/p>    <h2 class=\"wp-block-heading\">Comment faire de la pulpe de plateau \u00e0 \u0153ufs ?<\/h2>    <figure class=\"wp-block-image size-full\"><img loading=\"lazy\" decoding=\"async\" width=\"725\" height=\"210\" src=\"https:\/\/eggtraymachine.org\/wp-content\/uploads\/2022\/08\/make-egg-tray-pulp.webp\" alt=\"faire de la pulpe pour un plateau \u00e0 \u0153ufs\" class=\"wp-image-173\" title=\"\" srcset=\"https:\/\/eggtraymachine.org\/wp-content\/uploads\/2022\/08\/make-egg-tray-pulp.webp 725w, https:\/\/eggtraymachine.org\/wp-content\/uploads\/2022\/08\/make-egg-tray-pulp-300x87.webp 300w\" sizes=\"auto, (max-width: 725px) 100vw, 725px\" \/><figcaption>Faire de la pulpe de plateau \u00e0 \u0153ufs<\/figcaption><\/figure>    <p class=\"translation-block\">Le pulpage des bacs \u00e0 \u0153ufs n\u00e9cessite une machine \u00e0 pulper les bacs \u00e0 \u0153ufs et trois bassins, le premier bassin est utilis\u00e9 pour contenir la pulpe, le second bassin est utilis\u00e9 pour ajuster le ratio de pulpe et d'eau, et le troisi\u00e8me bassin est un r\u00e9servoir de stockage d'eau. Apr\u00e8s traitement dans trois bassins, la mati\u00e8re premi\u00e8re de pulpe qui r\u00e9pond aux exigences de la <a href=\"https:\/\/eggtraymachine.org\/fr\/product\/egg-tray-forming-machine\/\">machine de moulage de bacs \u00e0 \u0153ufs<\/a> est produite, puis le bac \u00e0 \u0153ufs est form\u00e9, et enfin, il est <a href=\"https:\/\/eggtraymachine.org\/fr\/product\/paper-egg-tray-dryer-egg-tray-drying-machine\/\">s\u00e9ch\u00e9<\/a>. L'eau produite par les bacs \u00e0 \u0153ufs peut \u00eatre recycl\u00e9e, ce qui est propice \u00e0 l'\u00e9conomie d'eau.<\/p>    <h2 class=\"wp-block-heading\">Param\u00e8tres de la machine de d\u00e9chiquetage de papier<\/h2>    <figure class=\"wp-block-gallery has-nested-images columns-default is-cropped wp-block-gallery-3 is-layout-flex wp-block-gallery-is-layout-flex\"> <figure class=\"wp-block-image size-large\"><img loading=\"lazy\" decoding=\"async\" width=\"720\" height=\"540\" data-id=\"174\" src=\"https:\/\/eggtraymachine.org\/wp-content\/uploads\/2022\/08\/egg-tray-pulper.webp\" alt=\"pulpeur de plateaux \u00e0 \u0153ufs\" class=\"wp-image-174\" title=\"\" srcset=\"https:\/\/eggtraymachine.org\/wp-content\/uploads\/2022\/08\/egg-tray-pulper.webp 720w, https:\/\/eggtraymachine.org\/wp-content\/uploads\/2022\/08\/egg-tray-pulper-300x225.webp 300w\" sizes=\"auto, (max-width: 720px) 100vw, 720px\" \/><figcaption>Pulpeur de plateaux \u00e0 \u0153ufs Sl-2.0 <\/figcaption><\/figure>    <figure class=\"wp-block-image size-large\"><img loading=\"lazy\" decoding=\"async\" width=\"720\" height=\"540\" data-id=\"175\" src=\"https:\/\/eggtraymachine.org\/wp-content\/uploads\/2022\/08\/egg-tray-pulper-1.webp\" alt=\"pulpeur de plateaux \u00e0 \u0153ufs\" class=\"wp-image-175\" title=\"\" srcset=\"https:\/\/eggtraymachine.org\/wp-content\/uploads\/2022\/08\/egg-tray-pulper-1.webp 720w, https:\/\/eggtraymachine.org\/wp-content\/uploads\/2022\/08\/egg-tray-pulper-1-300x225.webp 300w\" sizes=\"auto, (max-width: 720px) 100vw, 720px\" \/><figcaption>Pulpeur de plateaux \u00e0 \u0153ufs Sl-1.0 <\/figcaption><\/figure>    <figure class=\"wp-block-image size-large\"><img loading=\"lazy\" decoding=\"async\" width=\"720\" height=\"540\" data-id=\"176\" src=\"https:\/\/eggtraymachine.org\/wp-content\/uploads\/2022\/08\/egg-tray-pulper-2.webp\" alt=\"pulpeur de plateaux \u00e0 \u0153ufs\" class=\"wp-image-176\" title=\"\" srcset=\"https:\/\/eggtraymachine.org\/wp-content\/uploads\/2022\/08\/egg-tray-pulper-2.webp 720w, https:\/\/eggtraymachine.org\/wp-content\/uploads\/2022\/08\/egg-tray-pulper-2-300x225.webp 300w\" sizes=\"auto, (max-width: 720px) 100vw, 720px\" \/><figcaption>Pulpeur de plateaux \u00e0 \u0153ufs Sl-4.5<\/figcaption><\/figure> <\/figure>    <figure class=\"wp-block-table\"><table><tbody><tr><td>Mod\u00e8le<\/td><td>Puissance (kW)<\/td><td>Volume\uff08m\u00b3\uff09<\/td><td>Taille (mm)<\/td><td>Capacit\u00e9 (kg\/une fois)<\/td><\/tr><tr><td>SL-1.0<\/td><td>7.5<\/td><td>1.2<\/td><td>1400*1200*1400<\/td><td>300<\/td><\/tr><tr><td>SL-2.0<\/td><td>11<\/td><td>2.0<\/td><td>1550*1500*1400<\/td><td>400<\/td><\/tr><tr><td>SL-4.5<\/td><td>22<\/td><td>4.5<\/td><td>2200*2200*2600<\/td><td>600<\/td><\/tr><\/tbody><\/table><figcaption>Param\u00e8tres de la machine de d\u00e9chiquetage de papier<\/figcaption><\/figure>    <h2 class=\"wp-block-heading\">Quelles pi\u00e8ces sont incluses dans le pulpeur\u00a0?<\/h2>    <figure class=\"wp-block-image size-full\"><img loading=\"lazy\" decoding=\"async\" width=\"720\" height=\"540\" src=\"https:\/\/eggtraymachine.org\/wp-content\/uploads\/2022\/08\/Pulping-machine-composition.webp\" alt=\"Composition de la machine \u00e0 p\u00e2te\" class=\"wp-image-177\" title=\"\" srcset=\"https:\/\/eggtraymachine.org\/wp-content\/uploads\/2022\/08\/Pulping-machine-composition.webp 720w, https:\/\/eggtraymachine.org\/wp-content\/uploads\/2022\/08\/Pulping-machine-composition-300x225.webp 300w\" sizes=\"auto, (max-width: 720px) 100vw, 720px\" \/><figcaption>Composition de la machine \u00e0 r\u00e9duire en p\u00e2te<\/figcaption><\/figure>    <p class=\"translation-block\">La pulpe de bacs \u00e0 \u0153ufs se compose de trois parties : le pulpeur hydraulique, le raffineur de pulpe et la pompe \u00e0 pulpe, qui peuvent non seulement \u00e9craser le papier mais aussi le broyer pour assurer la douceur de la pulpe. M\u00e9langez bien avec de l'eau pour assurer l'uniformit\u00e9 de l'\u00e9paisseur du bac \u00e0 \u0153ufs. Le pulpage est le travail de base de la fabrication des bacs \u00e0 \u0153ufs. Apr\u00e8s le pulpage, il est ensuite mis en forme et s\u00e9ch\u00e9. Nous pouvons fournir un ensemble complet de <a href=\"https:\/\/eggtraymachine.org\/fr\/product\/egg-tray-production-line\/\" data-type=\"URL\" data-id=\"https:\/\/eggtraymachine.org\/product\/egg-tray-production-line\/\">lignes de production de bacs \u00e0 \u0153ufs<\/a>, et pouvons \u00e9galement produire des <a href=\"https:\/\/eggtraymachine.org\/fr\/product\/egg-carton-production-line\/\" data-type=\"URL\" data-id=\"https:\/\/eggtraymachine.org\/product\/egg-carton-production-line\/\">lignes de production de bo\u00eetes \u00e0 \u0153ufs<\/a> ou d'<a href=\"https:\/\/eggtraymachine.org\/fr\/product\/apple-tray-making-machine\/\" data-type=\"URL\" data-id=\"https:\/\/eggtraymachine.org\/product\/apple-tray-making-machine\/\">autres machines d'emballage pour d'autres articles fragiles<\/a>.<\/p>","protected":false},"excerpt":{"rendered":"<p>Le pulpeur de plateaux \u00e0 \u0153ufs, \u00e9galement connu sous le nom de d\u00e9chiqueteuse de papier, est un appareil utilis\u00e9 pour broyer et fabriquer de la p\u00e2te \u00e0 partir de d\u00e9chets.<\/p>","protected":false},"author":1,"featured_media":171,"parent":0,"template":"","tags":[27,28,17],"product-type":[18,4],"class_list":["post-169","product","type-product","status-publish","has-post-thumbnail","hentry","tag-egg-carton-machine","tag-egg-tray","tag-egg-tray-pulper","product-type-egg-tray-pulper","product-type-product"],"_links":{"self":[{"href":"https:\/\/eggtraymachine.org\/fr\/wp-json\/wp\/v2\/product\/169","targetHints":{"allow":["GET"]}}],"collection":[{"href":"https:\/\/eggtraymachine.org\/fr\/wp-json\/wp\/v2\/product"}],"about":[{"href":"https:\/\/eggtraymachine.org\/fr\/wp-json\/wp\/v2\/types\/product"}],"author":[{"embeddable":true,"href":"https:\/\/eggtraymachine.org\/fr\/wp-json\/wp\/v2\/users\/1"}],"wp:featuredmedia":[{"embeddable":true,"href":"https:\/\/eggtraymachine.org\/fr\/wp-json\/wp\/v2\/media\/171"}],"wp:attachment":[{"href":"https:\/\/eggtraymachine.org\/fr\/wp-json\/wp\/v2\/media?parent=169"}],"wp:term":[{"taxonomy":"post_tag","embeddable":true,"href":"https:\/\/eggtraymachine.org\/fr\/wp-json\/wp\/v2\/tags?post=169"},{"taxonomy":"product-type","embeddable":true,"href":"https:\/\/eggtraymachine.org\/fr\/wp-json\/wp\/v2\/product-type?post=169"}],"curies":[{"name":"wp","href":"https:\/\/api.w.org\/{rel}","templated":true}]}}