{"id":157,"date":"2022-08-09T02:16:34","date_gmt":"2022-08-09T02:16:34","guid":{"rendered":"https:\/\/eggtraymachine.org\/?post_type=product&#038;p=157"},"modified":"2024-06-19T10:57:33","modified_gmt":"2024-06-19T02:57:33","slug":"paper-egg-tray-dryer-egg-tray-drying-machine","status":"publish","type":"product","link":"https:\/\/eggtraymachine.org\/fr\/product\/paper-egg-tray-dryer-egg-tray-drying-machine\/","title":{"rendered":"S\u00e9choir \u00e0 plateaux \u00e0 \u0153ufs en papier | Machine de s\u00e9chage de plateaux \u00e0 \u0153ufs"},"content":{"rendered":"<p>Le s\u00e9choir \u00e0 \u0153ufs en papier est un appareil essentiel pour d\u00e9shydrater le plateau \u00e0 \u0153ufs apr\u00e8s sa formation. \u00c9tant donn\u00e9 que le plateau \u00e0 \u0153ufs est fabriqu\u00e9 par r\u00e9duction en p\u00e2te, le plateau \u00e0 \u0153ufs contiendra beaucoup d'eau apr\u00e8s sa cr\u00e9ation. Par cons\u00e9quent, une machine de s\u00e9chage de plateaux \u00e0 \u0153ufs est n\u00e9cessaire pour la d\u00e9shydratation. Notre \u00e9quipement de s\u00e9chage de plateaux \u00e0 \u0153ufs peut s\u00e9cher un lot de plateaux \u00e0 \u0153ufs en 30 minutes. Le s\u00e9choir \u00e0 \u0153ufs en m\u00e9tal a \u00e9galement un certain impact sur la qualit\u00e9 du plateau \u00e0 \u0153ufs. <\/p>    <figure class=\"wp-block-image size-full\"><img loading=\"lazy\" decoding=\"async\" width=\"720\" height=\"540\" src=\"https:\/\/eggtraymachine.org\/wp-content\/uploads\/2022\/08\/Undried-egg-tray.webp\" alt=\"plateau d&#039;oeufs non s\u00e9ch\u00e9s\" class=\"wp-image-160\" title=\"\" srcset=\"https:\/\/eggtraymachine.org\/wp-content\/uploads\/2022\/08\/Undried-egg-tray.webp 720w, https:\/\/eggtraymachine.org\/wp-content\/uploads\/2022\/08\/Undried-egg-tray-300x225.webp 300w\" sizes=\"auto, (max-width: 720px) 100vw, 720px\" \/><figcaption class=\"wp-element-caption\">Plateau d'oeufs non s\u00e9ch\u00e9s<\/figcaption><\/figure>    <h2 class=\"wp-block-heading\">Avantages du s\u00e9choir \u00e0 plateaux \u00e0 \u0153ufs en papier<\/h2>    <ul class=\"wp-block-list\"> <li>30% moins de carburant qu'une maison en brique.<\/li>    <li>La temp\u00e9rature est contr\u00f4lable pour garantir la qualit\u00e9 des plateaux \u00e0 \u0153ufs dans le s\u00e9choir et des plateaux \u00e0 \u0153ufs. sont g\u00e9latinis\u00e9s car trop \u00e9lev\u00e9s.<\/li>    <li>La machine \u00e0 plateaux \u00e0 \u0153ufs multicouches occupe une petite surface et \u00e9conomise de l'espace.<\/li>    <li>Le s\u00e9choir \u00e0 plateaux \u00e0 \u0153ufs en papier est une production enti\u00e8rement automatique, \u00e9conomisant ainsi les travailleurs.<\/li> <\/ul>    <figure class=\"wp-block-image size-full\"><img loading=\"lazy\" decoding=\"async\" width=\"720\" height=\"540\" src=\"https:\/\/eggtraymachine.org\/wp-content\/uploads\/2022\/08\/Use-the-egg-tray-after-drying.webp\" alt=\"Utilisez le plateau \u00e0 \u0153ufs apr\u00e8s s\u00e9chage\" class=\"wp-image-165\" title=\"\" srcset=\"https:\/\/eggtraymachine.org\/wp-content\/uploads\/2022\/08\/Use-the-egg-tray-after-drying.webp 720w, https:\/\/eggtraymachine.org\/wp-content\/uploads\/2022\/08\/Use-the-egg-tray-after-drying-300x225.webp 300w\" sizes=\"auto, (max-width: 720px) 100vw, 720px\" \/><figcaption class=\"wp-element-caption\">Utilisez le plateau \u00e0 \u0153ufs apr\u00e8s s\u00e9chage<\/figcaption><\/figure>    <h2 class=\"wp-block-heading\">Param\u00e8tres du s\u00e9choir \u00e0 plateaux \u00e0 \u0153ufs<\/h2>    <figure class=\"wp-block-table\"><table><tbody><tr><td>moule<\/td><td>sortir<\/td><td>consommation de papier<\/td><td>consommation d'eau<\/td><td>\u00e9nergie utilis\u00e9e<\/td><td>num\u00e9ro de travailleur<\/td><\/tr><tr><td>SL-4*4<\/td><td>3500 pi\u00e8ces\/heure<\/td><td>280kg\/h<\/td><td>560kg\/heure<\/td><td>78kg\/heure<\/td><td>4-5<\/td><\/tr><tr><td>SL-4*8<\/td><td>4000 pi\u00e8ces\/heure<\/td><td>320kg\/heure<\/td><td>600kg\/heure<\/td><td>80kg\/heure<\/td><td>5-6<\/td><\/tr><tr><td>SL-5*8<\/td><td>5000 pi\u00e8ces\/heure<\/td><td>400kg\/heure<\/td><td>750kg\/heure<\/td><td>85kg\/h<\/td><td>3-4<\/td><\/tr><tr><td>SL-5*12<\/td><td>6000 pi\u00e8ces\/heure<\/td><td>480kg\/h<\/td><td>900kg\/heure<\/td><td>90kg\/h<\/td><td>3-4<\/td><\/tr><tr><td>SL-6*12<\/td><td>8000 pi\u00e8ces\/heure<\/td><td>640 kg\/heure<\/td><td>1040 kg\/heure<\/td><td>100kg\/h<\/td><td>3-4<\/td><\/tr><\/tbody><\/table><figcaption class=\"wp-element-caption\">Param\u00e8tres du s\u00e9choir \u00e0 plateaux \u00e0 \u0153ufs<\/figcaption><\/figure>    <p>Chez Shuliy Egg Tray Machinery, nous avons les 5 machines de s\u00e9chage de plateaux \u00e0 \u0153ufs les plus vendues ci-dessus \u00e0 vendre. La production de ces cinq mod\u00e8les de machines est de 3 500 pi\u00e8ces\/h, 4 000 pi\u00e8ces\/h, 5 000 pi\u00e8ces\/h et 8 000 pi\u00e8ces\/h. Vous pouvez choisir le bon \u00e9quipement de s\u00e9chage en fonction de la taille de votre usine de production de plateaux \u00e0 \u0153ufs.<\/p>    <h2 class=\"wp-block-heading\" id=\"h-introduction-of-egg-tray-drying-method\">Introduction de la m\u00e9thode de s\u00e9chage sur plateau \u00e0 \u0153ufs<\/h2>    <h3 class=\"wp-block-heading\">Machine de s\u00e9chage de plateaux \u00e0 \u0153ufs <\/h3>    <figure class=\"wp-block-image size-full\"><img loading=\"lazy\" decoding=\"async\" width=\"720\" height=\"540\" src=\"https:\/\/eggtraymachine.org\/wp-content\/uploads\/2022\/08\/Paper-egg-tray-drying.webp\" alt=\"S\u00e9chage des plateaux \u00e0 \u0153ufs en papier\" class=\"wp-image-163\" title=\"\" srcset=\"https:\/\/eggtraymachine.org\/wp-content\/uploads\/2022\/08\/Paper-egg-tray-drying.webp 720w, https:\/\/eggtraymachine.org\/wp-content\/uploads\/2022\/08\/Paper-egg-tray-drying-300x225.webp 300w\" sizes=\"auto, (max-width: 720px) 100vw, 720px\" \/><figcaption class=\"wp-element-caption\">S\u00e9choir \u00e0 plateaux \u00e0 \u0153ufs en papier<\/figcaption><\/figure>    <p class=\"translation-block\">La machine de s\u00e9chage des plateaux \u00e0 \u0153ufs est adapt\u00e9e \u00e0 la <a href=\"https:\/\/eggtraymachine.org\/fr\/product\/egg-carton-production-line\/\">ligne de production de plateaux \u00e0 \u0153ufs<\/a> avec une grande capacit\u00e9. Le s\u00e8che-plateaux \u00e0 \u0153ufs prend environ 30 minutes pour s\u00e9cher un lot de plateaux \u00e0 \u0153ufs, et l'efficacit\u00e9 est relativement \u00e9lev\u00e9e. De plus, le s\u00e8che-linge en m\u00e9tal peut \u00e9conomiser 30 % par rapport au s\u00e8che-linge en four \u00e0 briques. combustible.<\/p>    <h3 class=\"wp-block-heading\">S\u00e9chage naturel<\/h3>    <figure class=\"wp-block-image size-full\"><img loading=\"lazy\" decoding=\"async\" width=\"720\" height=\"540\" src=\"https:\/\/eggtraymachine.org\/wp-content\/uploads\/2022\/08\/Natural-drying-egg-try.webp\" alt=\"Essayez l&#039;\u0153uf s\u00e9ch\u00e9 naturel\" class=\"wp-image-161\" title=\"\" srcset=\"https:\/\/eggtraymachine.org\/wp-content\/uploads\/2022\/08\/Natural-drying-egg-try.webp 720w, https:\/\/eggtraymachine.org\/wp-content\/uploads\/2022\/08\/Natural-drying-egg-try-300x225.webp 300w\" sizes=\"auto, (max-width: 720px) 100vw, 720px\" \/><figcaption class=\"wp-element-caption\">Plateau \u00e0 \u0153ufs \u00e0 s\u00e9chage naturel<\/figcaption><\/figure>    <p>Le s\u00e9chage naturel est la m\u00e9thode de s\u00e9chage la plus simple pour le s\u00e9chage des plateaux \u00e0 \u0153ufs. G\u00e9n\u00e9ralement, si le rendement est de 1 000 \u00e0 2 000 pi\u00e8ces\/h, un s\u00e9chage naturel peut \u00eatre utilis\u00e9. Lorsque la temp\u00e9rature atteint 30 \u00e0 40 degr\u00e9s Celsius, il peut \u00eatre s\u00e9ch\u00e9 en une journ\u00e9e.<\/p>    <h3 class=\"wp-block-heading\">S\u00e9chage au four \u00e0 briques<\/h3>    <figure class=\"wp-block-image size-full\"><img loading=\"lazy\" decoding=\"async\" width=\"720\" height=\"540\" src=\"https:\/\/eggtraymachine.org\/wp-content\/uploads\/2022\/08\/Brick-kiln-dried-egg-tray.webp\" alt=\"Plateau d&#039;\u0153ufs s\u00e9ch\u00e9s au four en brique\" class=\"wp-image-162\" title=\"\" srcset=\"https:\/\/eggtraymachine.org\/wp-content\/uploads\/2022\/08\/Brick-kiln-dried-egg-tray.webp 720w, https:\/\/eggtraymachine.org\/wp-content\/uploads\/2022\/08\/Brick-kiln-dried-egg-tray-300x225.webp 300w\" sizes=\"auto, (max-width: 720px) 100vw, 720px\" \/><figcaption class=\"wp-element-caption\">Plateau d'\u0153ufs s\u00e9ch\u00e9s au four en brique<\/figcaption><\/figure>    <p class=\"translation-block\">Lors du s\u00e9chage dans un <a href=\"https:\/\/en.wikipedia.org\/wiki\/Brick_Kiln\" data-type=\"URL\" data-id=\"https:\/\/en.wikipedia.org\/wiki\/Brick_Kiln\" target=\"_blank\" rel=\"noopener\">four \u00e0 briques<\/a>, construisez un four \u00e0 briques pour le s\u00e9chage. L'efficacit\u00e9 du s\u00e9chage au four \u00e0 briques est sup\u00e9rieure \u00e0 celle du s\u00e9chage naturel. La surface du site de s\u00e9chage au four \u00e0 briques est de 30 m\u00e8tres carr\u00e9s, et l'efficacit\u00e9 de travail du s\u00e9chage au four \u00e0 briques est relativement \u00e9lev\u00e9e, ce qui est adapt\u00e9 pour une production de taille moyenne.<\/p>    <h3 class=\"wp-block-heading\">La source de chaleur pour le s\u00e9choir \u00e0 plateaux \u00e0 \u0153ufs en papier<\/h3>    <figure class=\"wp-block-image size-full\"><img loading=\"lazy\" decoding=\"async\" width=\"720\" height=\"540\" src=\"https:\/\/eggtraymachine.org\/wp-content\/uploads\/2022\/08\/egg-tray-drying.webp\" alt=\"S\u00e9chage sur plateau \u00e0 \u0153ufs\" class=\"wp-image-166\" title=\"\" srcset=\"https:\/\/eggtraymachine.org\/wp-content\/uploads\/2022\/08\/egg-tray-drying.webp 720w, https:\/\/eggtraymachine.org\/wp-content\/uploads\/2022\/08\/egg-tray-drying-300x225.webp 300w\" sizes=\"auto, (max-width: 720px) 100vw, 720px\" \/><figcaption class=\"wp-element-caption\">S\u00e9chage des plateaux \u00e0 \u0153ufs<\/figcaption><\/figure>    <p>La machine de s\u00e9chage de plateaux \u00e0 \u0153ufs peut utiliser du gaz naturel, du diesel, de l'essence, des granul\u00e9s de biomasse ou de l'huile de transfert de chaleur comme source de chaleur, et la temp\u00e9rature de chauffage est de 180 \u00e0 220 \u00b0C. En utilisant le ventilateur pour extraire l'eau \u00e9vapor\u00e9e du produit, le plateau \u00e0 \u0153ufs peut \u00eatre rapidement s\u00e9ch\u00e9. <\/p>    <p>Il est tr\u00e8s important de pouvoir contr\u00f4ler la temp\u00e9rature dans le s\u00e9choir \u00e0 \u0153ufs en papier. \u00c9tant donn\u00e9 que le plateau \u00e0 \u0153ufs est un produit en papier, si la temp\u00e9rature interne de la machine est trop \u00e9lev\u00e9e, il est facile d'enflammer le plateau \u00e0 \u0153ufs, et si elle est trop basse, l'efficacit\u00e9 de s\u00e9chage du plateau \u00e0 \u0153ufs sera r\u00e9duite.<\/p>    <h2 class=\"wp-block-heading\">S\u00e9choir de cartons d'\u0153ufs monocouche ou s\u00e9choir de cartons d'\u0153ufs multicouches<\/h2>    <figure class=\"wp-block-image size-full\"><img loading=\"lazy\" decoding=\"async\" width=\"720\" height=\"540\" src=\"https:\/\/eggtraymachine.org\/wp-content\/uploads\/2022\/08\/egg-tray-drying-machine-1.webp\" alt=\"Machine de s\u00e9chage de plateaux \u00e0 \u0153ufs\" class=\"wp-image-164\" title=\"\" srcset=\"https:\/\/eggtraymachine.org\/wp-content\/uploads\/2022\/08\/egg-tray-drying-machine-1.webp 720w, https:\/\/eggtraymachine.org\/wp-content\/uploads\/2022\/08\/egg-tray-drying-machine-1-300x225.webp 300w\" sizes=\"auto, (max-width: 720px) 100vw, 720px\" \/><figcaption class=\"wp-element-caption\"> S\u00e9choir \u00e0 plateaux \u00e0 \u0153ufs en papier<\/figcaption><\/figure>    <p>Il existe deux types de machines de s\u00e9chage de plateaux \u00e0 \u0153ufs, des machines de s\u00e9chage de plateaux \u00e0 \u0153ufs monocouches et des machines de s\u00e9chage de cartons d'\u0153ufs multicouches. L'efficacit\u00e9 de travail des machines monocouches et des machines multicouches est la m\u00eame. La superficie de la machine de s\u00e9chage monocouche est de 40 m\u00e8tres et la zone d'utilisation de la machine de s\u00e9chage multicouche est de 15 m\u00e8tres, ce qui est tr\u00e8s important pour les clients disposant de zones d'installation plus petites.<\/p>    <p>De plus, le s\u00e9choir \u00e0 plateaux \u00e0 \u0153ufs en papier multicouche a une plus grande capacit\u00e9, ce qui convient \u00e0 la fabrication de plateaux \u00e0 \u0153ufs \u00e0 moyenne et grande \u00e9chelle. Si vous poss\u00e9dez une grande usine de fabrication de plateaux \u00e0 \u0153ufs, je vous recommande de choisir ce s\u00e9choir multicouche.<\/p>","protected":false},"excerpt":{"rendered":"<p>Le s\u00e9choir \u00e0 plateaux \u00e0 \u0153ufs en papier convient \u00e0 la ligne de production de plateaux \u00e0 \u0153ufs \u00e0 grand rendement. Notre machine de s\u00e9chage de plateaux \u00e0 \u0153ufs prend environ 30 minutes pour s\u00e9cher un lot de plateaux \u00e0 \u0153ufs<\/p>","protected":false},"author":1,"featured_media":159,"parent":0,"template":"","tags":[27,28,13],"product-type":[4,15],"class_list":["post-157","product","type-product","status-publish","has-post-thumbnail","hentry","tag-egg-carton-machine","tag-egg-tray","tag-paper-egg-tray-dryer","product-type-product","product-type-egg-tray-dryer"],"_links":{"self":[{"href":"https:\/\/eggtraymachine.org\/fr\/wp-json\/wp\/v2\/product\/157","targetHints":{"allow":["GET"]}}],"collection":[{"href":"https:\/\/eggtraymachine.org\/fr\/wp-json\/wp\/v2\/product"}],"about":[{"href":"https:\/\/eggtraymachine.org\/fr\/wp-json\/wp\/v2\/types\/product"}],"author":[{"embeddable":true,"href":"https:\/\/eggtraymachine.org\/fr\/wp-json\/wp\/v2\/users\/1"}],"wp:featuredmedia":[{"embeddable":true,"href":"https:\/\/eggtraymachine.org\/fr\/wp-json\/wp\/v2\/media\/159"}],"wp:attachment":[{"href":"https:\/\/eggtraymachine.org\/fr\/wp-json\/wp\/v2\/media?parent=157"}],"wp:term":[{"taxonomy":"post_tag","embeddable":true,"href":"https:\/\/eggtraymachine.org\/fr\/wp-json\/wp\/v2\/tags?post=157"},{"taxonomy":"product-type","embeddable":true,"href":"https:\/\/eggtraymachine.org\/fr\/wp-json\/wp\/v2\/product-type?post=157"}],"curies":[{"name":"wp","href":"https:\/\/api.w.org\/{rel}","templated":true}]}}