{"id":2,"date":"2022-08-01T10:18:31","date_gmt":"2022-08-01T10:18:31","guid":{"rendered":"https:\/\/eggtraymachine.org\/?page_id=2"},"modified":"2026-04-23T17:02:57","modified_gmt":"2026-04-23T09:02:57","slug":"about-us","status":"publish","type":"page","link":"https:\/\/eggtraymachine.org\/fr\/about-us\/","title":{"rendered":"\u00c0 propos de nous"},"content":{"rendered":"<p>La soci\u00e9t\u00e9 Shuliy est un fabricant avec plus de 10 ans d'exp\u00e9rience dans les plateaux \u00e0 \u0153ufs. Actuellement, elle a atteint une certaine \u00e9chelle dans l'industrie des plateaux \u00e0 \u0153ufs. L'usine Shuliy s'est engag\u00e9e ces derni\u00e8res ann\u00e9es dans l'innovation des machines \u00e0 plateaux \u00e0 \u0153ufs, offrant un meilleur service \u00e0 plus de consommateurs. Par exemple, il n'y a pas seulement des machines de production de plateaux \u00e0 \u0153ufs, mais aussi des produits en papier tels que des plateaux de pommes et des plateaux de vin.<\/p>    <figure class=\"wp-block-gallery has-nested-images columns-default is-cropped wp-block-gallery-2 is-layout-flex wp-block-gallery-is-layout-flex\"> <figure class=\"wp-block-image size-large\"><img loading=\"lazy\" decoding=\"async\" width=\"1024\" height=\"373\" data-id=\"990\" src=\"https:\/\/eggtraymachine.org\/wp-content\/uploads\/2026\/04\/Egg-Carton-Production-Line-1024x373.webp\" alt=\"Ligne de production de cartons d&#039;\u0153ufs\" class=\"wp-image-990\" title=\"\" srcset=\"https:\/\/eggtraymachine.org\/wp-content\/uploads\/2026\/04\/Egg-Carton-Production-Line-1024x373.webp 1024w, https:\/\/eggtraymachine.org\/wp-content\/uploads\/2026\/04\/Egg-Carton-Production-Line-300x109.webp 300w, https:\/\/eggtraymachine.org\/wp-content\/uploads\/2026\/04\/Egg-Carton-Production-Line-768x280.webp 768w, https:\/\/eggtraymachine.org\/wp-content\/uploads\/2026\/04\/Egg-Carton-Production-Line-18x7.webp 18w, https:\/\/eggtraymachine.org\/wp-content\/uploads\/2026\/04\/Egg-Carton-Production-Line-1536x560.webp 1536w, https:\/\/eggtraymachine.org\/wp-content\/uploads\/2026\/04\/Egg-Carton-Production-Line.webp 1920w\" sizes=\"auto, (max-width: 1024px) 100vw, 1024px\" \/><figcaption class=\"wp-element-caption\">Ligne de production de cartons d'\u0153ufs<\/figcaption><\/figure> <\/figure>    <h2 class=\"wp-block-heading\" id=\"h-what-egg-tray-equipment-do-we-have\">De quel \u00e9quipement de plateau \u00e0 \u0153ufs disposons-nous\u00a0?<\/h2>    <p>Shuliy dispose actuellement d'une ligne de production compl\u00e8te de plateaux \u00e0 \u0153ufs et d'une ligne de production de cartons \u00e0 \u0153ufs. La capacit\u00e9 de production d'un plateau \u00e0 \u0153ufs peut aller de 1000 pi\u00e8ces\/h \u00e0 8000 pi\u00e8ces\/h. La fabrication de plateaux \u00e0 \u0153ufs comprend le pulpage, la formation, le s\u00e9chage et la production de plateaux. Des \u00e9tapes telles que l'emballage des plateaux, si vous souhaitez d\u00e9marrer une usine de plateaux \u00e0 \u0153ufs, vous n'avez besoin que de 4 \u00e0 5 ouvriers pour produire des plateaux.<\/p>    <figure class=\"wp-block-gallery has-nested-images columns-default is-cropped wp-block-gallery-3 is-layout-flex wp-block-gallery-is-layout-flex\"> <figure class=\"wp-block-image size-large\"><img loading=\"lazy\" decoding=\"async\" width=\"720\" height=\"540\" data-id=\"876\" src=\"https:\/\/eggtraymachine.org\/wp-content\/uploads\/2025\/10\/Shuliy-Egg-Tray-Processing-Factory.webp\" alt=\"Usine de traitement des plateaux \u00e0 \u0153ufs Shuliy\" class=\"wp-image-876\" title=\"\" srcset=\"https:\/\/eggtraymachine.org\/wp-content\/uploads\/2025\/10\/Shuliy-Egg-Tray-Processing-Factory.webp 720w, https:\/\/eggtraymachine.org\/wp-content\/uploads\/2025\/10\/Shuliy-Egg-Tray-Processing-Factory-300x225.webp 300w, https:\/\/eggtraymachine.org\/wp-content\/uploads\/2025\/10\/Shuliy-Egg-Tray-Processing-Factory-16x12.webp 16w\" sizes=\"auto, (max-width: 720px) 100vw, 720px\" \/><figcaption class=\"wp-element-caption\">Usine de traitement des plateaux \u00e0 \u0153ufs Shuliy<\/figcaption><\/figure>    <figure class=\"wp-block-image size-large\"><img loading=\"lazy\" decoding=\"async\" width=\"720\" height=\"540\" data-id=\"867\" src=\"https:\/\/eggtraymachine.org\/wp-content\/uploads\/2025\/10\/Egg-Tray-Processing-Factory.webp\" alt=\"Usine de traitement des caisses \u00e0 \u0153ufs\" class=\"wp-image-867\" title=\"\" srcset=\"https:\/\/eggtraymachine.org\/wp-content\/uploads\/2025\/10\/Egg-Tray-Processing-Factory.webp 720w, https:\/\/eggtraymachine.org\/wp-content\/uploads\/2025\/10\/Egg-Tray-Processing-Factory-300x225.webp 300w, https:\/\/eggtraymachine.org\/wp-content\/uploads\/2025\/10\/Egg-Tray-Processing-Factory-16x12.webp 16w\" sizes=\"auto, (max-width: 720px) 100vw, 720px\" \/><figcaption class=\"wp-element-caption\">Usine de traitement des caisses \u00e0 \u0153ufs<\/figcaption><\/figure>    <figure class=\"wp-block-image size-large\"><img loading=\"lazy\" decoding=\"async\" width=\"720\" height=\"540\" data-id=\"865\" src=\"https:\/\/eggtraymachine.org\/wp-content\/uploads\/2025\/10\/Egg-Tray-Manufacturing-Plant.webp\" alt=\"Usine de fabrication de plateaux \u00e0 \u0153ufs\" class=\"wp-image-865\" title=\"\" srcset=\"https:\/\/eggtraymachine.org\/wp-content\/uploads\/2025\/10\/Egg-Tray-Manufacturing-Plant.webp 720w, https:\/\/eggtraymachine.org\/wp-content\/uploads\/2025\/10\/Egg-Tray-Manufacturing-Plant-300x225.webp 300w, https:\/\/eggtraymachine.org\/wp-content\/uploads\/2025\/10\/Egg-Tray-Manufacturing-Plant-16x12.webp 16w\" sizes=\"auto, (max-width: 720px) 100vw, 720px\" \/><figcaption class=\"wp-element-caption\">Usine de fabrication de plateaux \u00e0 \u0153ufs<\/figcaption><\/figure> <\/figure>    <h2 class=\"wp-block-heading\">Nos forces principales<\/h2>    <p class=\"translation-block\"><strong>Plus de 10 ans d'exp\u00e9rience en fabrication<\/strong><\/p>    <p>Technologie mature, qualit\u00e9 stable, \u00e9quipe professionnelle pour assurer la fiabilit\u00e9 des machines.<\/p>    <p class=\"translation-block\"><strong>Ligne de production compl\u00e8te<\/strong><\/p>    <p>Solution tout-en-un de la pulpage, de la formation, du s\u00e9chage et de l'emballage, op\u00e9ration facile avec seulement 4-5 ouvriers.<\/p>    <p class=\"translation-block\"><strong>Respectueux de l'environnement et \u00e9conomique<\/strong><\/p>    <p>Utiliser du papier recycl\u00e9 comme mati\u00e8re premi\u00e8re, faible co\u00fbt, sans pollution, et conforme aux normes mondiales de protection de l'environnement.<\/p>    <p class=\"translation-block\"><strong>Solutions personnalis\u00e9es<\/strong><\/p>    <p>Supporte la personnalisation de la production, la configuration et la conception de l'am\u00e9nagement de l'usine pour diff\u00e9rents clients.<\/p>    <figure class=\"wp-block-gallery aligncenter has-nested-images columns-default is-cropped wp-block-gallery-4 is-layout-flex wp-block-gallery-is-layout-flex\"> <figure class=\"wp-block-image size-full\"><img loading=\"lazy\" decoding=\"async\" width=\"720\" height=\"540\" data-id=\"999\" src=\"https:\/\/eggtraymachine.org\/wp-content\/uploads\/2026\/04\/Visit-by-Pakistani-Clients.webp\" alt=\"Visit by Pakistani Clients\" class=\"wp-image-999\" title=\"\" srcset=\"https:\/\/eggtraymachine.org\/wp-content\/uploads\/2026\/04\/Visit-by-Pakistani-Clients.webp 720w, https:\/\/eggtraymachine.org\/wp-content\/uploads\/2026\/04\/Visit-by-Pakistani-Clients-300x225.webp 300w, https:\/\/eggtraymachine.org\/wp-content\/uploads\/2026\/04\/Visit-by-Pakistani-Clients-16x12.webp 16w\" sizes=\"auto, (max-width: 720px) 100vw, 720px\" \/><figcaption class=\"wp-element-caption\">Visite par des clients pakistanais<\/figcaption><\/figure>    <figure class=\"wp-block-image size-full\"><img loading=\"lazy\" decoding=\"async\" width=\"720\" height=\"540\" data-id=\"1003\" src=\"https:\/\/eggtraymachine.org\/wp-content\/uploads\/2026\/04\/Burkina-Faso-Egg-Tray-making-machine.webp\" alt=\"Burkina Faso Egg Tray making machine\" class=\"wp-image-1003\" title=\"\" srcset=\"https:\/\/eggtraymachine.org\/wp-content\/uploads\/2026\/04\/Burkina-Faso-Egg-Tray-making-machine.webp 720w, https:\/\/eggtraymachine.org\/wp-content\/uploads\/2026\/04\/Burkina-Faso-Egg-Tray-making-machine-300x225.webp 300w, https:\/\/eggtraymachine.org\/wp-content\/uploads\/2026\/04\/Burkina-Faso-Egg-Tray-making-machine-16x12.webp 16w\" sizes=\"auto, (max-width: 720px) 100vw, 720px\" \/><figcaption class=\"wp-element-caption\">Machine \u00e0 fabriquer des plateaux \u00e0 \u0153ufs au Burkina Faso<\/figcaption><\/figure>    <figure class=\"wp-block-image size-full\"><img loading=\"lazy\" decoding=\"async\" width=\"720\" height=\"540\" data-id=\"1004\" src=\"https:\/\/eggtraymachine.org\/wp-content\/uploads\/2026\/04\/Benin-Egg-Tray-Machine.webp\" alt=\"Benin Clients Visit the Factory\" class=\"wp-image-1004\" title=\"\" srcset=\"https:\/\/eggtraymachine.org\/wp-content\/uploads\/2026\/04\/Benin-Egg-Tray-Machine.webp 720w, https:\/\/eggtraymachine.org\/wp-content\/uploads\/2026\/04\/Benin-Egg-Tray-Machine-300x225.webp 300w, https:\/\/eggtraymachine.org\/wp-content\/uploads\/2026\/04\/Benin-Egg-Tray-Machine-16x12.webp 16w\" sizes=\"auto, (max-width: 720px) 100vw, 720px\" \/><figcaption class=\"wp-element-caption\">Les clients b\u00e9ninois visitent l'usine<\/figcaption><\/figure> <\/figure>    <h2 class=\"wp-block-heading\">Quelles conditions sont bonnes pour produire des plateaux \u00e0 \u0153ufs ?<\/h2>    <p>S'il y a beaucoup de ressources papier \u00e0 disposition. S'il y a beaucoup de vieux papiers dans votre r\u00e9gion, vous pouvez utiliser ces vieux papiers pour recycler et traiter les plateaux \u00e0 \u0153ufs.<\/p>    <p>S'il y a beaucoup de fermes de poulets autour. Les plateaux \u00e0 \u0153ufs sont principalement vendus \u00e0 certaines fermes de poulets, et il y a des usines de poulets autour de vous pour obtenir des commandes fixes de plateaux \u00e0 \u0153ufs.<\/p>    <p>Si le gouvernement limite les industries polluantes. Si votre pays a des restrictions sur les industries polluantes et que vous recherchez un projet adapt\u00e9, la production de plateaux \u00e0 \u0153ufs est un bon choix, car elle ne g\u00e9n\u00e8re aucune pollution environnementale tout au long du processus.<\/p>    <figure class=\"wp-block-gallery has-nested-images columns-default is-cropped wp-block-gallery-5 is-layout-flex wp-block-gallery-is-layout-flex\"> <figure class=\"wp-block-image size-large\"><img loading=\"lazy\" decoding=\"async\" width=\"720\" height=\"540\" data-id=\"871\" src=\"https:\/\/eggtraymachine.org\/wp-content\/uploads\/2025\/10\/Fully-Automatic-Egg-Carton-Production-Line.webp\" alt=\"Ligne de production automatique de cartons \u00e0 pommes\" class=\"wp-image-871\" title=\"\" srcset=\"https:\/\/eggtraymachine.org\/wp-content\/uploads\/2025\/10\/Fully-Automatic-Egg-Carton-Production-Line.webp 720w, https:\/\/eggtraymachine.org\/wp-content\/uploads\/2025\/10\/Fully-Automatic-Egg-Carton-Production-Line-300x225.webp 300w, https:\/\/eggtraymachine.org\/wp-content\/uploads\/2025\/10\/Fully-Automatic-Egg-Carton-Production-Line-16x12.webp 16w\" sizes=\"auto, (max-width: 720px) 100vw, 720px\" \/><figcaption class=\"wp-element-caption\">Ligne de production automatique de cartons \u00e0 pommes<\/figcaption><\/figure>    <figure class=\"wp-block-image size-large\"><img loading=\"lazy\" decoding=\"async\" width=\"720\" height=\"540\" data-id=\"873\" src=\"https:\/\/eggtraymachine.org\/wp-content\/uploads\/2025\/10\/Fully-automatic-egg-tray-processing-plant.webp\" alt=\"Usine de traitement automatique de plateaux de pommes\" class=\"wp-image-873\" title=\"\" srcset=\"https:\/\/eggtraymachine.org\/wp-content\/uploads\/2025\/10\/Fully-automatic-egg-tray-processing-plant.webp 720w, https:\/\/eggtraymachine.org\/wp-content\/uploads\/2025\/10\/Fully-automatic-egg-tray-processing-plant-300x225.webp 300w, https:\/\/eggtraymachine.org\/wp-content\/uploads\/2025\/10\/Fully-automatic-egg-tray-processing-plant-16x12.webp 16w\" sizes=\"auto, (max-width: 720px) 100vw, 720px\" \/><figcaption class=\"wp-element-caption\">Usine de traitement automatique de plateaux de pommes<\/figcaption><\/figure> <\/figure>    <h2 class=\"wp-block-heading\">Notre service<\/h2>    <ul class=\"wp-block-list\"> <li>Fournir une vid\u00e9o de la production de plateaux \u00e0 \u0153ufs. Beaucoup de clients ne connaissent pas bien la fabrication de plateaux \u00e0 \u0153ufs, nous pouvons donc fournir des informations d\u00e9taill\u00e9es pour les aider \u00e0 comprendre l'industrie des plateaux \u00e0 \u0153ufs.<\/li>    <li>Machine d'essai pour la machine \u00e0 plateaux \u00e0 \u0153ufs. Apr\u00e8s la production de la machine \u00e0 plateaux \u00e0 \u0153ufs, vous pouvez tester la performance de la machine et envoyer la vid\u00e9o.<\/li>    <li>Aider \u00e0 construire l'usine. Shuliy dispose de designers professionnels qui peuvent fournir les plans de conception de l'usine de plateaux \u00e0 \u0153ufs.<\/li>    <li>Aider les clients \u00e0 \u00e9tablir des budgets. En fonction de la production de plateaux \u00e0 \u0153ufs du client, le budget pour le d\u00e9veloppement de nouvelles industries peut \u00eatre calcul\u00e9, ce qui facilite la planification de leur activit\u00e9.<\/li> <\/ul>    <figure class=\"wp-block-gallery aligncenter has-nested-images columns-default is-cropped wp-block-gallery-6 is-layout-flex wp-block-gallery-is-layout-flex\"> <figure class=\"wp-block-image size-full\"><img loading=\"lazy\" decoding=\"async\" width=\"716\" height=\"833\" data-id=\"301\" src=\"https:\/\/eggtraymachine.org\/wp-content\/uploads\/2022\/08\/Egg-Tray-Certificate.webp\" alt=\"Certificat de plateau d&#039;oeufs\" class=\"wp-image-301\" title=\"\" srcset=\"https:\/\/eggtraymachine.org\/wp-content\/uploads\/2022\/08\/Egg-Tray-Certificate.webp 716w, https:\/\/eggtraymachine.org\/wp-content\/uploads\/2022\/08\/Egg-Tray-Certificate-258x300.webp 258w\" sizes=\"auto, (max-width: 716px) 100vw, 716px\" \/><figcaption class=\"wp-element-caption\">Certificat de plateau d'oeufs<\/figcaption><\/figure>    <figure class=\"wp-block-image size-full\"><img loading=\"lazy\" decoding=\"async\" width=\"540\" height=\"720\" data-id=\"1002\" src=\"https:\/\/eggtraymachine.org\/wp-content\/uploads\/2026\/04\/India-Egg-Tray-Machine.webp\" alt=\"Les clients indiens visitent l&#039;usine\" class=\"wp-image-1002\" title=\"\" srcset=\"https:\/\/eggtraymachine.org\/wp-content\/uploads\/2026\/04\/India-Egg-Tray-Machine.webp 540w, https:\/\/eggtraymachine.org\/wp-content\/uploads\/2026\/04\/India-Egg-Tray-Machine-225x300.webp 225w, https:\/\/eggtraymachine.org\/wp-content\/uploads\/2026\/04\/India-Egg-Tray-Machine-9x12.webp 9w\" sizes=\"auto, (max-width: 540px) 100vw, 540px\" \/><figcaption class=\"wp-element-caption\">Visite des clients indiens \u00e0 l'usine<\/figcaption><\/figure> <\/figure>","protected":false},"excerpt":{"rendered":"<p>Shuliy Company is a manufacturer with 10+ years of experience in egg trays. At present, it has formed a certain scale in the egg tray industry. Shuliy factory has been committed to the innovation of egg tray machines in recent years, providing more consumers. Better service. For example, now there are not only egg tray [&hellip;]<\/p>\n","protected":false},"author":1,"featured_media":0,"parent":0,"menu_order":0,"comment_status":"closed","ping_status":"open","template":"","meta":{"footnotes":""},"class_list":["post-2","page","type-page","status-publish","hentry"],"_links":{"self":[{"href":"https:\/\/eggtraymachine.org\/fr\/wp-json\/wp\/v2\/pages\/2","targetHints":{"allow":["GET"]}}],"collection":[{"href":"https:\/\/eggtraymachine.org\/fr\/wp-json\/wp\/v2\/pages"}],"about":[{"href":"https:\/\/eggtraymachine.org\/fr\/wp-json\/wp\/v2\/types\/page"}],"author":[{"embeddable":true,"href":"https:\/\/eggtraymachine.org\/fr\/wp-json\/wp\/v2\/users\/1"}],"replies":[{"embeddable":true,"href":"https:\/\/eggtraymachine.org\/fr\/wp-json\/wp\/v2\/comments?post=2"}],"version-history":[{"count":10,"href":"https:\/\/eggtraymachine.org\/fr\/wp-json\/wp\/v2\/pages\/2\/revisions"}],"predecessor-version":[{"id":1029,"href":"https:\/\/eggtraymachine.org\/fr\/wp-json\/wp\/v2\/pages\/2\/revisions\/1029"}],"wp:attachment":[{"href":"https:\/\/eggtraymachine.org\/fr\/wp-json\/wp\/v2\/media?parent=2"}],"curies":[{"name":"wp","href":"https:\/\/api.w.org\/{rel}","templated":true}]}}