{"id":97,"date":"2022-08-03T08:11:44","date_gmt":"2022-08-03T08:11:44","guid":{"rendered":"https:\/\/eggtraymachine.org\/?post_type=product&#038;p=97"},"modified":"2024-06-18T16:46:05","modified_gmt":"2024-06-18T08:46:05","slug":"apple-tray-making-machine","status":"publish","type":"product","link":"https:\/\/eggtraymachine.org\/es\/product\/apple-tray-making-machine\/","title":{"rendered":"M\u00e1quina para fabricar bandejas de manzanas | m\u00e1quina de bandeja de fruta de papel\u00a0"},"content":{"rendered":"<p>La m\u00e1quina para fabricar bandejas de manzanas es una m\u00e1quina que se utiliza para producir una bandeja para empaquetar frutas y tambi\u00e9n puede producir otras bandejas de frutas, como kiwis, caquis y otras frutas que se trituran f\u00e1cilmente.<\/p>    <p>La m\u00e1quina de bandejas para manzanas puede fabricar bandejas de papel de diferentes tama\u00f1os reemplazando diferentes moldes. Dado que las bandejas para manzanas est\u00e1n hechas de productos de papel usado, los materiales de embalaje son productos ecol\u00f3gicos. No contaminar\u00e1 el medio ambiente durante el proceso de producci\u00f3n.<\/p>    <h2 class=\"wp-block-heading\">Proceso de procesamiento de la bandeja de Apple<\/h2>   <div class=\"wp-block-image\"> <figure class=\"aligncenter size-full\"><img loading=\"lazy\" decoding=\"async\" width=\"720\" height=\"540\" src=\"https:\/\/eggtraymachine.org\/wp-content\/uploads\/2022\/08\/Apple-tray-processing-process.webp\" alt=\"Proceso de procesamiento de la bandeja de Apple\" class=\"wp-image-101\" title=\"\" srcset=\"https:\/\/eggtraymachine.org\/wp-content\/uploads\/2022\/08\/Apple-tray-processing-process.webp 720w, https:\/\/eggtraymachine.org\/wp-content\/uploads\/2022\/08\/Apple-tray-processing-process-300x225.webp 300w\" sizes=\"auto, (max-width: 720px) 100vw, 720px\" \/><figcaption class=\"wp-element-caption\">Proceso de procesamiento de la bandeja de Apple<\/figcaption><\/figure> <\/div>   <p class=\"translation-block\">Las bandejas de manzanas necesitan usar papel de desecho como materia prima para un proceso llamado procesamiento, que puede ser productos de papel como cartones, libros, peri\u00f3dicos, etc. El <a href=\"https:\/\/eggtraymachine.org\/es\/product\/egg-tray-production-line\/\">proceso de procesamiento de bandejas de manzanas<\/a> es primero pulpado, luego moldeado de bandejas de manzanas y finalmente secado y empaquetado. Dado que la materia prima de la bandeja de manzanas es papel, es un material de embalaje degradable. muy respetuoso con el medio ambiente<\/p>    <h2 class=\"wp-block-heading\">Par\u00e1metros del soporte de Apple<\/h2>    <figure class=\"wp-block-gallery has-nested-images columns-default is-cropped wp-block-gallery-2 is-layout-flex wp-block-gallery-is-layout-flex\"> <figure class=\"wp-block-image size-large\"><img loading=\"lazy\" decoding=\"async\" width=\"720\" height=\"540\" data-id=\"107\" src=\"https:\/\/eggtraymachine.org\/wp-content\/uploads\/2022\/08\/apple-tray-mold.webp\" alt=\"molde de bandeja de manzana\" class=\"wp-image-107\" title=\"\" srcset=\"https:\/\/eggtraymachine.org\/wp-content\/uploads\/2022\/08\/apple-tray-mold.webp 720w, https:\/\/eggtraymachine.org\/wp-content\/uploads\/2022\/08\/apple-tray-mold-300x225.webp 300w\" sizes=\"auto, (max-width: 720px) 100vw, 720px\" \/><figcaption class=\"wp-element-caption\">Molde de bandeja de manzana<\/figcaption><\/figure>    <figure class=\"wp-block-image size-large\"><img loading=\"lazy\" decoding=\"async\" width=\"720\" height=\"540\" data-id=\"108\" src=\"https:\/\/eggtraymachine.org\/wp-content\/uploads\/2022\/08\/apple-tray.webp\" alt=\"bandeja de manzana\" class=\"wp-image-108\" title=\"\" srcset=\"https:\/\/eggtraymachine.org\/wp-content\/uploads\/2022\/08\/apple-tray.webp 720w, https:\/\/eggtraymachine.org\/wp-content\/uploads\/2022\/08\/apple-tray-300x225.webp 300w\" sizes=\"auto, (max-width: 720px) 100vw, 720px\" \/><figcaption class=\"wp-element-caption\">Bandeja de manzana<\/figcaption><\/figure> <\/figure>    <p>Hay muchos modelos de bandejas para manzanas de la empresa Shuliy, que van desde 1000pc\/h-8000pc\/h, el modelo m\u00e1s peque\u00f1o es 1000pc\/h, tambi\u00e9n llamado SL-3*1, la m\u00e1quina tiene un eje y hay tres bandejas peque\u00f1as para manzanas. en un modelo de eje para que se puedan producir 3 bandejas de manzanas por procesamiento.<\/p>    <figure class=\"wp-block-table\"><table><tbody><tr><td>modelo<\/td><td>capacidad<\/td><td>consumo de papel<\/td><td>Consumo de agua<\/td><td>energ\u00eda utilizada<\/td><td>obrero<\/td><\/tr><tr><td>SL-3*1<\/td><td>1000-1500 unidades\/h<\/td><td>120kg\/hora<\/td><td>300kg\/h<\/td><td>32 kw\/h<\/td><td>3-4<\/td><\/tr><tr><td>SL-4*1<\/td><td>1500-2000PCS\/h<\/td><td>160kg\/hora<\/td><td>380kg\/h<\/td><td>45kw\/h<\/td><td>3-4<\/td><\/tr><tr><td>SL-3*4<\/td><td>2000-2500 piezas\/h<\/td><td>200kg\/h<\/td><td>450kg\/h<\/td><td>58 kw\/h<\/td><td>4-5<\/td><\/tr><tr><td>SL-4*4<\/td><td>3000-3500 piezas\/h<\/td><td>280kg\/hora<\/td><td>560kg\/hora<\/td><td>78 kw\/h<\/td><td>4-5<\/td><\/tr><tr><td>SL-4*8<\/td><td>4000 piezas\/h<\/td><td>320kg\/h<\/td><td>600kg\/hora<\/td><td>80 kw\/h<\/td><td>5-6<\/td><\/tr><tr><td>SL-5*8<\/td><td>5000 piezas\/hora<\/td><td>400kg\/h<\/td><td>750kg\/hora<\/td><td>85 kw\/h<\/td><td>3-4<\/td><\/tr><tr><td>SL-5*12<\/td><td>6000 piezas\/h<\/td><td>480kg\/h<\/td><td>900kg\/hora<\/td><td>90 kw\/h<\/td><td>3-4<\/td><\/tr><tr><td>SL-6*12<\/td><td>8000 piezas\/hora<\/td><td>640kg\/hora<\/td><td>1040kg\/hora<\/td><td>100 kw\/h<\/td><td>3-4<\/td><\/tr><\/tbody><\/table><figcaption class=\"wp-element-caption\">Par\u00e1metros de la m\u00e1quina para fabricar bandejas de manzanas<\/figcaption><\/figure>    <h2 class=\"wp-block-heading\" id=\"h-why-use-an-apple-tray\">\u00bfPor qu\u00e9 utilizar una bandeja para manzanas?<\/h2>   <div class=\"wp-block-image\"> <figure class=\"aligncenter size-full\"><img loading=\"lazy\" decoding=\"async\" width=\"720\" height=\"540\" src=\"https:\/\/eggtraymachine.org\/wp-content\/uploads\/2022\/08\/Apple-tray.webp\" alt=\"bandeja de manzana\" class=\"wp-image-100\" title=\"\" srcset=\"https:\/\/eggtraymachine.org\/wp-content\/uploads\/2022\/08\/Apple-tray.webp 720w, https:\/\/eggtraymachine.org\/wp-content\/uploads\/2022\/08\/Apple-tray-300x225.webp 300w\" sizes=\"auto, (max-width: 720px) 100vw, 720px\" \/><figcaption class=\"wp-element-caption\">bandeja de manzana<\/figcaption><\/figure> <\/div>   <p>Hay muchas zonas donde las frutas se exportan o necesitan ser transportadas a largas distancias. Si no hay protecci\u00f3n en las bandejas de manzanas, las frutas pueden chocar entre s\u00ed, lo que har\u00e1 que las manzanas sean extremadamente perecederas. Por lo tanto, las frutas que deban transportarse a largas distancias se colocar\u00e1n en la bandeja de frutas para su protecci\u00f3n. <\/p>    <p>La m\u00e1quina para fabricar bandejas de manzanas est\u00e1 dise\u00f1ada y fabricada de acuerdo con la forma geom\u00e9trica, especificaciones y requisitos de protecci\u00f3n del producto a envasar. Tiene efectos de protecci\u00f3n ideales como amortiguaci\u00f3n, resistencia a los golpes, resistencia a la compresi\u00f3n, resistencia al impacto, antiest\u00e1tico, anticorrosi\u00f3n, a prueba de humedad, etc.<\/p>    <p> Se usa ampliamente en cristaler\u00eda, cer\u00e1mica, aparatos electr\u00f3nicos, piezas mec\u00e1nicas, instrumentos, herramientas, juguetes, tel\u00e9fonos m\u00f3viles y otros productos en el embalaje de revestimiento. Con la mejora de la tecnolog\u00eda y la tecnolog\u00eda de producci\u00f3n, las bandejas de papel tambi\u00e9n se utilizan lentamente en el embalaje exterior. de productos, envasando directamente el producto.<\/p>    <h2 class=\"wp-block-heading\">\u00bfQu\u00e9 bandejas de frutas se pueden procesar?<\/h2>    <figure class=\"wp-block-gallery has-nested-images columns-default is-cropped wp-block-gallery-3 is-layout-flex wp-block-gallery-is-layout-flex\"> <figure class=\"wp-block-image size-large\"><img loading=\"lazy\" decoding=\"async\" width=\"720\" height=\"540\" data-id=\"103\" src=\"https:\/\/eggtraymachine.org\/wp-content\/uploads\/2022\/08\/fruit-trays.webp\" alt=\"bandejas de frutas\" class=\"wp-image-103\" title=\"\" srcset=\"https:\/\/eggtraymachine.org\/wp-content\/uploads\/2022\/08\/fruit-trays.webp 720w, https:\/\/eggtraymachine.org\/wp-content\/uploads\/2022\/08\/fruit-trays-300x225.webp 300w\" sizes=\"auto, (max-width: 720px) 100vw, 720px\" \/><figcaption class=\"wp-element-caption\">Bandejas de frutas<\/figcaption><\/figure>    <figure class=\"wp-block-image size-large\"><img loading=\"lazy\" decoding=\"async\" width=\"720\" height=\"540\" data-id=\"104\" src=\"https:\/\/eggtraymachine.org\/wp-content\/uploads\/2022\/08\/fruit-tray.webp\" alt=\"bandejas de frutas\" class=\"wp-image-104\" title=\"\" srcset=\"https:\/\/eggtraymachine.org\/wp-content\/uploads\/2022\/08\/fruit-tray.webp 720w, https:\/\/eggtraymachine.org\/wp-content\/uploads\/2022\/08\/fruit-tray-300x225.webp 300w\" sizes=\"auto, (max-width: 720px) 100vw, 720px\" \/><figcaption class=\"wp-element-caption\">Bandejas de frutas<\/figcaption><\/figure>    <figure class=\"wp-block-image size-large\"><img loading=\"lazy\" decoding=\"async\" width=\"720\" height=\"540\" data-id=\"105\" src=\"https:\/\/eggtraymachine.org\/wp-content\/uploads\/2022\/08\/fruit-tray-1.webp\" alt=\"bandejas de frutas\" class=\"wp-image-105\" title=\"\" srcset=\"https:\/\/eggtraymachine.org\/wp-content\/uploads\/2022\/08\/fruit-tray-1.webp 720w, https:\/\/eggtraymachine.org\/wp-content\/uploads\/2022\/08\/fruit-tray-1-300x225.webp 300w\" sizes=\"auto, (max-width: 720px) 100vw, 720px\" \/><figcaption class=\"wp-element-caption\">Bandejas de frutas<\/figcaption><\/figure> <\/figure>    <p class=\"translation-block\">Muchas frutas no se estropean al apretarlas y necesitan un buen embalaje. Esta m\u00e1quina para fabricar bandejas de frutas no solo puede procesar bandejas de manzanas, sino tambi\u00e9n bandejas de uvas, caquis, <a href=\"https:\/\/nl.wikipedia.org\/wiki\/Kiwi_(fruit)\" data-type=\"URL\" data-id=\"https:\/\/nl.wikipedia.org\/wiki\/Kiwi_(fruit)\" target=\"_blank\" rel=\"noopener\">kiwis<\/a>, peras y otras frutas, ya que los moldes de nuestra m\u00e1quina para fabricar bandejas de manzanas se pueden personalizar y se puede fabricar el molde correspondiente seg\u00fan la forma de la fruta del cliente. Por lo tanto, las <a href=\"https:\/\/eggtraymachine.org\/es\/product\/egg-carton-production-line\/\" data-type=\"URL\" data-id=\"https:\/\/eggtraymachine.org\/product\/egg-carton-production-line\/\"> <\/a><a href=\"https:\/\/eggtraymachine.org\/es\/product\/egg-tray-forming-machine\/\" data-type=\"URL\" data-id=\"https:\/\/eggtraymachine.org\/product\/egg-carton-production-line\/\">m\u00e1quinas para producir bandejas de papel<\/a><a href=\"https:\/\/eggtraymachine.org\/es\/product\/egg-carton-production-line\/\" data-type=\"URL\" data-id=\"https:\/\/eggtraymachine.org\/product\/egg-carton-production-line\/\">s<\/a> son ampliamente utilizadas. <\/p>    <p>Es importante tener en cuenta que nuestra m\u00e1quina para fabricar cartones de huevos solo puede fabricar bandejas de huevos de papel.<\/p>    <h2 class=\"wp-block-heading\">Caracter\u00edsticas de la m\u00e1quina para fabricar bandejas de manzanas.<\/h2>   <div class=\"wp-block-image\"> <figure class=\"aligncenter size-full\"><img loading=\"lazy\" decoding=\"async\" width=\"720\" height=\"540\" src=\"https:\/\/eggtraymachine.org\/wp-content\/uploads\/2022\/08\/apple-tray-making-machine.webp\" alt=\"m\u00e1quina para fabricar bandejas de manzanas\" class=\"wp-image-106\" title=\"\" srcset=\"https:\/\/eggtraymachine.org\/wp-content\/uploads\/2022\/08\/apple-tray-making-machine.webp 720w, https:\/\/eggtraymachine.org\/wp-content\/uploads\/2022\/08\/apple-tray-making-machine-300x225.webp 300w\" sizes=\"auto, (max-width: 720px) 100vw, 720px\" \/><figcaption class=\"wp-element-caption\">m\u00e1quina para fabricar bandejas de manzanas<\/figcaption><\/figure> <\/div>   <ol class=\"wp-block-list\"> <li>El modelo de m\u00e1quina para fabricar bandejas de manzanas es una m\u00e1quina integrada. Puede realizar las funciones de succi\u00f3n retr\u00f3grada, formando y colocando bandejas de manzanas. <\/li>    <li>Adopta un sistema de control PLC. Durante el proceso de formaci\u00f3n de bandejas de manzanas, la pulpa primero se adsorber\u00e1 en la m\u00e1quina y luego se formar\u00e1. <\/li>    <li>Se exprimir\u00e1 el exceso de agua en la bandeja para manzanas y la m\u00e1quina para fabricar bandejas para manzanas desmoldar\u00e1 la bandeja para manzanas formada. Todo el proceso de procesamiento de la bandeja de Apple es completamente autom\u00e1tico.<\/li> <\/ol>    <h2 class=\"wp-block-heading\">Exportaci\u00f3n a Turqu\u00eda, m\u00e1quina de bandejas de frutas de papel.&nbsp;<\/h2>   <div class=\"wp-block-image\"> <figure class=\"aligncenter size-full\"><img loading=\"lazy\" decoding=\"async\" width=\"720\" height=\"540\" src=\"https:\/\/eggtraymachine.org\/wp-content\/uploads\/2022\/08\/Export-to-Turkey-paper-fruit-tray-machine-.webp\" alt=\"Exportaci\u00f3n a Turqu\u00eda, m\u00e1quina de bandejas de frutas de papel.\u00a0\" class=\"wp-image-102\" title=\"\" srcset=\"https:\/\/eggtraymachine.org\/wp-content\/uploads\/2022\/08\/Export-to-Turkey-paper-fruit-tray-machine-.webp 720w, https:\/\/eggtraymachine.org\/wp-content\/uploads\/2022\/08\/Export-to-Turkey-paper-fruit-tray-machine--300x225.webp 300w\" sizes=\"auto, (max-width: 720px) 100vw, 720px\" \/><figcaption class=\"wp-element-caption\">Exportaci\u00f3n a Turqu\u00eda, m\u00e1quina de bandejas de frutas de papel.&nbsp;<\/figcaption><\/figure> <\/div>   <p class=\"translation-block\">Exportamos una <a href=\"https:\/\/eggtraymachine.org\/es\/product\/egg-tray-production-line\/\" data-type=\"URL\" data-id=\"https:\/\/eggtraymachine.org\/product\/egg-tray-production-line\/\">l\u00ednea de producci\u00f3n de bandejas de manzanas<\/a> a Turqu\u00eda. El cliente es una empresa. Principalmente vende bandejas de frutas despu\u00e9s de la producci\u00f3n a empresas exportadoras de frutas. Las frutas necesitan ser empaquetadas antes de la exportaci\u00f3n. El cliente compr\u00f3 tres tipos de moldes, uno de bandejas de huevos, uno de bandejas de manzanas y otro de bandejas de uvas. Las uvas necesitan una mejor protecci\u00f3n durante el transporte.<\/p>","protected":false},"excerpt":{"rendered":"<p>La m\u00e1quina de bandejas para manzanas es una m\u00e1quina que se utiliza para producir una bandeja para empaquetar frutas y tambi\u00e9n puede producir otras bandejas de frutas, como kiwis, caquis y otras frutas que se trituran f\u00e1cilmente.<\/p>","protected":false},"author":1,"featured_media":99,"parent":0,"template":"","tags":[27,26],"product-type":[10,4],"class_list":["post-97","product","type-product","status-publish","has-post-thumbnail","hentry","tag-egg-carton-machine","tag-egg-tray-machine","product-type-paper-pulp-tray-forming","product-type-product"],"_links":{"self":[{"href":"https:\/\/eggtraymachine.org\/es\/wp-json\/wp\/v2\/product\/97","targetHints":{"allow":["GET"]}}],"collection":[{"href":"https:\/\/eggtraymachine.org\/es\/wp-json\/wp\/v2\/product"}],"about":[{"href":"https:\/\/eggtraymachine.org\/es\/wp-json\/wp\/v2\/types\/product"}],"author":[{"embeddable":true,"href":"https:\/\/eggtraymachine.org\/es\/wp-json\/wp\/v2\/users\/1"}],"wp:featuredmedia":[{"embeddable":true,"href":"https:\/\/eggtraymachine.org\/es\/wp-json\/wp\/v2\/media\/99"}],"wp:attachment":[{"href":"https:\/\/eggtraymachine.org\/es\/wp-json\/wp\/v2\/media?parent=97"}],"wp:term":[{"taxonomy":"post_tag","embeddable":true,"href":"https:\/\/eggtraymachine.org\/es\/wp-json\/wp\/v2\/tags?post=97"},{"taxonomy":"product-type","embeddable":true,"href":"https:\/\/eggtraymachine.org\/es\/wp-json\/wp\/v2\/product-type?post=97"}],"curies":[{"name":"wp","href":"https:\/\/api.w.org\/{rel}","templated":true}]}}