{"id":47,"date":"2022-08-02T09:44:58","date_gmt":"2022-08-02T09:44:58","guid":{"rendered":"https:\/\/eggtraymachine.org\/?post_type=product&#038;p=47"},"modified":"2024-06-26T16:15:25","modified_gmt":"2024-06-26T08:15:25","slug":"egg-carton-production-line","status":"publish","type":"product","link":"https:\/\/eggtraymachine.org\/es\/product\/egg-carton-production-line\/","title":{"rendered":"L\u00ednea de producci\u00f3n de cart\u00f3n de huevos | M\u00e1quina de cart\u00f3n de huevos"},"content":{"rendered":"<p>La l\u00ednea de producci\u00f3n de cart\u00f3n de huevos Shuliy proporciona una soluci\u00f3n integral para todo, desde el moldeado de pulpa hasta el secado y el envasado. Puede garantizar la producci\u00f3n de cartones de huevos de alta calidad. <\/p>    <p>La capacidad de 1000-8000 unidades por hora puede satisfacer la mayor\u00eda de las demandas de producci\u00f3n de cart\u00f3n de huevos. Por lo tanto, ya sea una peque\u00f1a o mediana empresa o una granja grande, nuestra l\u00ednea de fabricaci\u00f3n de cartones de huevos puede satisfacer sus necesidades.<\/p>    <figure class=\"wp-block-embed is-type-video is-provider-youtube wp-block-embed-youtube wp-embed-aspect-16-9 wp-has-aspect-ratio\"><div class=\"wp-block-embed__wrapper\"> <iframe loading=\"lazy\" title=\"\u00bfC\u00f3mo hacer bandejas para huevos? \u00a1Mire nuestro v\u00eddeo avanzado en 3D de la m\u00e1quina para fabricar bandejas de huevos en acci\u00f3n!\" width=\"500\" height=\"281\" src=\"https:\/\/www.youtube.com\/embed\/-0mtegid0ts?feature=oembed\" frameborder=\"0\" allow=\"accelerometer; autoplay; clipboard-write; encrypted-media; gyroscope; picture-in-picture; web-share\" referrerpolicy=\"strict-origin-when-cross-origin\" allowfullscreen><\/iframe> <\/div><figcaption class=\"wp-element-caption\">V\u00eddeo de producci\u00f3n de bandejas de huevos.<\/figcaption><\/figure>    <p>La producci\u00f3n de cartones de huevos se procesa utilizando papel usado. Tras un sencillo procesamiento, se pueden obtener productos de cart\u00f3n de huevos. Hay dos tipos de bandejas y cajas de huevos que se utilizan habitualmente para envasar huevos. Las cajas de huevos son m\u00e1s resistentes cuando se usan para envasar huevos y tienen funciones como conservaci\u00f3n y olor cuando se colocan dentro del refrigerador. Por eso, las cajas de huevos se utilizan a menudo en supermercados y plantas procesadoras de huevos.<\/p>   <div class=\"wp-block-image\"> <figure class=\"aligncenter size-full\"><img loading=\"lazy\" decoding=\"async\" width=\"720\" height=\"540\" src=\"https:\/\/eggtraymachine.org\/wp-content\/uploads\/2022\/08\/egg-carton-machine-factory.webp\" alt=\"f\u00e1brica de m\u00e1quinas de cart\u00f3n de huevos\" class=\"wp-image-367\" title=\"\" srcset=\"https:\/\/eggtraymachine.org\/wp-content\/uploads\/2022\/08\/egg-carton-machine-factory.webp 720w, https:\/\/eggtraymachine.org\/wp-content\/uploads\/2022\/08\/egg-carton-machine-factory-300x225.webp 300w\" sizes=\"auto, (max-width: 720px) 100vw, 720px\" \/><figcaption class=\"wp-element-caption\">f\u00e1brica de m\u00e1quinas de cart\u00f3n de huevos<\/figcaption><\/figure> <\/div>   <h2 class=\"wp-block-heading\" id=\"h-raw-materials-for-egg-carton-production-line\">Materias primas para la l\u00ednea de producci\u00f3n de cart\u00f3n de huevos.<\/h2>    <p class=\"translation-block\">La producci\u00f3n de cartones de huevos puede utilizar cajas de <a href=\"https:\/\/en.wikipedia.org\/wiki\/Cardboard_box\" data-type=\"URL\" data-id=\"https:\/\/en.wikipedia.org\/wiki\/Cardboard_box\" target=\"_blank\" rel=\"noopener\">cart\u00f3n corrugado<\/a>, desechos de calidad, libros usados y otros productos de papel para fabricar cartones de huevos. Utiliza principalmente recursos de papel reciclado, triturando y haciendo pulpa, y luego m\u00e1quinas formadoras de cartones de huevos para formar las cajas de huevos. <\/p>    <p>Adem\u00e1s del papel usado, son esenciales el agua, los adhesivos y los agentes antimicrobianos. Los adhesivos a\u00f1aden resistencia a las bandejas de papel para huevos. Los agentes antimicrobianos prolongan la vida \u00fatil de la bandeja para huevos y garantizan la seguridad alimentaria.<\/p>    <p>Debido a que el costo de la materia prima para la producci\u00f3n de cartones de huevos es bajo, las ganancias de los cartones de huevos son altas, raz\u00f3n por la cual muchas personas producen cartones de huevos.<\/p>    <figure class=\"wp-block-gallery has-nested-images columns-default is-cropped wp-block-gallery-2 is-layout-flex wp-block-gallery-is-layout-flex\"> <figure class=\"wp-block-image size-large\"><img loading=\"lazy\" decoding=\"async\" width=\"720\" height=\"540\" data-id=\"570\" src=\"https:\/\/eggtraymachine.org\/wp-content\/uploads\/2022\/08\/corrugated-cardboard.jpg\" alt=\"cart\u00f3n corrugado\" class=\"wp-image-570\" title=\"\" srcset=\"https:\/\/eggtraymachine.org\/wp-content\/uploads\/2022\/08\/corrugated-cardboard.jpg 720w, https:\/\/eggtraymachine.org\/wp-content\/uploads\/2022\/08\/corrugated-cardboard-300x225.jpg 300w, https:\/\/eggtraymachine.org\/wp-content\/uploads\/2022\/08\/corrugated-cardboard-16x12.jpg 16w\" sizes=\"auto, (max-width: 720px) 100vw, 720px\" \/><figcaption class=\"wp-element-caption\">Cart\u00f3n corrugado<\/figcaption><\/figure>    <figure class=\"wp-block-image size-large\"><img loading=\"lazy\" decoding=\"async\" width=\"720\" height=\"540\" data-id=\"571\" src=\"https:\/\/eggtraymachine.org\/wp-content\/uploads\/2022\/08\/newspaper.jpg\" alt=\"peri\u00f3dico\" class=\"wp-image-571\" title=\"\" srcset=\"https:\/\/eggtraymachine.org\/wp-content\/uploads\/2022\/08\/newspaper.jpg 720w, https:\/\/eggtraymachine.org\/wp-content\/uploads\/2022\/08\/newspaper-300x225.jpg 300w, https:\/\/eggtraymachine.org\/wp-content\/uploads\/2022\/08\/newspaper-16x12.jpg 16w\" sizes=\"auto, (max-width: 720px) 100vw, 720px\" \/><figcaption class=\"wp-element-caption\">Peri\u00f3dico<\/figcaption><\/figure> <\/figure>    <h2 class=\"wp-block-heading\">Proceso de la l\u00ednea de producci\u00f3n de cart\u00f3n de huevos.<\/h2>    <figure class=\"wp-block-image size-full\"><img loading=\"lazy\" decoding=\"async\" width=\"720\" height=\"540\" src=\"https:\/\/eggtraymachine.org\/wp-content\/uploads\/2022\/08\/Egg-carton-production-line.webp\" alt=\"L\u00ednea de producci\u00f3n de cart\u00f3n de huevos\" class=\"wp-image-53\" title=\"\" srcset=\"https:\/\/eggtraymachine.org\/wp-content\/uploads\/2022\/08\/Egg-carton-production-line.webp 720w, https:\/\/eggtraymachine.org\/wp-content\/uploads\/2022\/08\/Egg-carton-production-line-300x225.webp 300w\" sizes=\"auto, (max-width: 720px) 100vw, 720px\" \/><figcaption class=\"wp-element-caption\">L\u00ednea de producci\u00f3n de cart\u00f3n de huevos<\/figcaption><\/figure>    <p>El proceso de producci\u00f3n de cartones de huevos y de bandejas de huevos es el mismo. Todos deben pasar por los pasos de despulpado \u2192 formaci\u00f3n del cart\u00f3n de huevos \u2192 secado del cart\u00f3n de huevos \u2192 procesamiento secundario del cart\u00f3n de huevos (opcional) \u2192 envasado del cart\u00f3n de huevos.<\/p>    <h2 class=\"wp-block-heading\">Principales m\u00e1quinas para fabricar cartones de huevos.<\/h2>    <div class=\"wp-block-media-text alignwide is-stacked-on-mobile\"><figure class=\"wp-block-media-text__media\"><img loading=\"lazy\" decoding=\"async\" width=\"720\" height=\"540\" src=\"https:\/\/eggtraymachine.org\/wp-content\/uploads\/2022\/08\/Egg-carton-pulper.webp\" alt=\"Despulpadora de cartones de huevos\" class=\"wp-image-57 size-full\" title=\"\" srcset=\"https:\/\/eggtraymachine.org\/wp-content\/uploads\/2022\/08\/Egg-carton-pulper.webp 720w, https:\/\/eggtraymachine.org\/wp-content\/uploads\/2022\/08\/Egg-carton-pulper-300x225.webp 300w\" sizes=\"auto, (max-width: 720px) 100vw, 720px\" \/><\/figure><div class=\"wp-block-media-text__content\"> <h3 class=\"wp-block-heading\">Despulpadora de cartones de huevos<\/h3>    <p class=\"translation-block\">El <a href=\"https:\/\/eggtraymachine.org\/es\/product\/egg-tray-pulper\/\">pulper para cartones de huevos<\/a> es el primer paso de la l\u00ednea de producci\u00f3n de cartones de huevos que produce una pulpa homog\u00e9nea a partir de papel de desecho.<\/p> <\/div><\/div>    <div class=\"wp-block-media-text alignwide has-media-on-the-right is-stacked-on-mobile\"><div class=\"wp-block-media-text__content\"> <h3 class=\"wp-block-heading\">M\u00e1quina formadora de cart\u00f3n de huevos<\/h3>    <p class=\"translation-block\">La <a href=\"https:\/\/eggtraymachine.org\/es\/product\/egg-tray-forming-machine\/\">m\u00e1quina formadora de cartones de huevos<\/a> es el paso m\u00e1s cr\u00edtico en el proceso de producci\u00f3n de cartones de huevos. Absorbe la pulpa en la forma de un cart\u00f3n de huevos utilizando un molde y la comprime para darle forma.<\/p> <\/div><figure class=\"wp-block-media-text__media\"><img loading=\"lazy\" decoding=\"async\" width=\"720\" height=\"540\" src=\"https:\/\/eggtraymachine.org\/wp-content\/uploads\/2022\/08\/Egg-carton-forming-machine.webp\" alt=\"M\u00e1quina formadora de cart\u00f3n de huevos\" class=\"wp-image-58 size-full\" title=\"\" srcset=\"https:\/\/eggtraymachine.org\/wp-content\/uploads\/2022\/08\/Egg-carton-forming-machine.webp 720w, https:\/\/eggtraymachine.org\/wp-content\/uploads\/2022\/08\/Egg-carton-forming-machine-300x225.webp 300w\" sizes=\"auto, (max-width: 720px) 100vw, 720px\" \/><\/figure><\/div>    <div class=\"wp-block-media-text alignwide is-stacked-on-mobile\"><figure class=\"wp-block-media-text__media\"><img loading=\"lazy\" decoding=\"async\" width=\"626\" height=\"654\" src=\"https:\/\/eggtraymachine.org\/wp-content\/uploads\/2022\/08\/Egg-carton-thermoforming-machine-1.webp\" alt=\"M\u00e1quina termoformadora de cart\u00f3n de huevos\" class=\"wp-image-63 size-full\" title=\"\" srcset=\"https:\/\/eggtraymachine.org\/wp-content\/uploads\/2022\/08\/Egg-carton-thermoforming-machine-1.webp 626w, https:\/\/eggtraymachine.org\/wp-content\/uploads\/2022\/08\/Egg-carton-thermoforming-machine-1-287x300.webp 287w\" sizes=\"auto, (max-width: 626px) 100vw, 626px\" \/><\/figure><div class=\"wp-block-media-text__content\"> <h3 class=\"wp-block-heading\">M\u00e1quina termoformadora de cart\u00f3n de huevos<\/h3>    <p class=\"translation-block\">La <a href=\"https:\/\/eggtraymachine.org\/es\/product\/egg-tray-carton-hot-pressing-machine\/\">m\u00e1quina de prensado en caliente para cajas de huevos<\/a> se puede usar para darle forma y fortalecer a\u00fan m\u00e1s la caja de huevos al calentarla y prensarla en el molde de la m\u00e1quina.<\/p> <\/div><\/div>    <div class=\"wp-block-media-text alignwide has-media-on-the-right is-stacked-on-mobile\"><div class=\"wp-block-media-text__content\"> <h3 class=\"wp-block-heading\">Secadora de cartones de huevos<\/h3>    <p class=\"translation-block\">Los <a href=\"https:\/\/eggtraymachine.org\/es\/product\/paper-egg-tray-dryer-egg-tray-drying-machine\/\">secadores de cartones de huevos<\/a> utilizan aire caliente para eliminar la humedad de los cartones de huevos.<\/p> <\/div><figure class=\"wp-block-media-text__media\"><img loading=\"lazy\" decoding=\"async\" width=\"720\" height=\"540\" src=\"https:\/\/eggtraymachine.org\/wp-content\/uploads\/2022\/08\/egg-carton-dryer.webp\" alt=\"secador de cart\u00f3n de huevos\" class=\"wp-image-62 size-full\" title=\"\" srcset=\"https:\/\/eggtraymachine.org\/wp-content\/uploads\/2022\/08\/egg-carton-dryer.webp 720w, https:\/\/eggtraymachine.org\/wp-content\/uploads\/2022\/08\/egg-carton-dryer-300x225.webp 300w\" sizes=\"auto, (max-width: 720px) 100vw, 720px\" \/><\/figure><\/div>    <h2 class=\"wp-block-heading\">M\u00e9todo de secado del cart\u00f3n de huevos<\/h2>    <p>Como se mencion\u00f3 anteriormente, puede elegir una secadora de cart\u00f3n de huevos multicapa, que es eficiente y ahorra espacio. El combustible seco se puede seleccionar de diversas maneras, como por ejemplo gas o fueloil. En comparaci\u00f3n con el secado en horno de ladrillos, la mayor ventaja de la secadora es que ahorra combustible y al mismo tiempo puede ahorrar alrededor de 30% de energ\u00eda.<\/p>    <p>Adem\u00e1s, el secado de cartones de huevos puede utilizar secado natural, que es adecuado para producci\u00f3n de peque\u00f1o volumen. Tambi\u00e9n puedes construir tu horno de ladrillos para secar, lo que requiere suficiente espacio. <\/p>    <figure class=\"wp-block-gallery has-nested-images columns-default is-cropped wp-block-gallery-3 is-layout-flex wp-block-gallery-is-layout-flex\"> <figure class=\"wp-block-image size-large\"><img loading=\"lazy\" decoding=\"async\" width=\"720\" height=\"540\" data-id=\"72\" src=\"https:\/\/eggtraymachine.org\/wp-content\/uploads\/2022\/08\/Brick-kiln-drying-egg-trays.webp\" alt=\"Cart\u00f3n de huevos de secado en horno de ladrillos\" class=\"wp-image-72\" title=\"\" srcset=\"https:\/\/eggtraymachine.org\/wp-content\/uploads\/2022\/08\/Brick-kiln-drying-egg-trays.webp 720w, https:\/\/eggtraymachine.org\/wp-content\/uploads\/2022\/08\/Brick-kiln-drying-egg-trays-300x225.webp 300w\" sizes=\"auto, (max-width: 720px) 100vw, 720px\" \/><figcaption class=\"wp-element-caption\">Cart\u00f3n de huevos para secado en horno de ladrillos<\/figcaption><\/figure>    <figure class=\"wp-block-image size-large\"><img loading=\"lazy\" decoding=\"async\" width=\"720\" height=\"540\" data-id=\"581\" src=\"https:\/\/eggtraymachine.org\/wp-content\/uploads\/2022\/08\/dry-naturally.webp\" alt=\"secar naturalmente\" class=\"wp-image-581\" title=\"\" srcset=\"https:\/\/eggtraymachine.org\/wp-content\/uploads\/2022\/08\/dry-naturally.webp 720w, https:\/\/eggtraymachine.org\/wp-content\/uploads\/2022\/08\/dry-naturally-300x225.webp 300w, https:\/\/eggtraymachine.org\/wp-content\/uploads\/2022\/08\/dry-naturally-16x12.webp 16w\" sizes=\"auto, (max-width: 720px) 100vw, 720px\" \/><figcaption class=\"wp-element-caption\">Secar naturalmente<\/figcaption><\/figure> <\/figure>    <h2 class=\"wp-block-heading\">Par\u00e1metro de la l\u00ednea de producci\u00f3n de cart\u00f3n de huevos<\/h2>    <figure class=\"wp-block-table\"><table><tbody><tr><td>Modelo<\/td><td>Capacidad<\/td><td>Consumo de papel<\/td><td>Consumo de agua<\/td><td>Energ\u00eda utilizada<\/td><td>Obrero<\/td><\/tr><tr><td>SL-3*1<\/td><td>1000-1500 unidades\/h<\/td><td>120kg\/hora<\/td><td>300kg\/h<\/td><td>32 kw\/h<\/td><td>3-4<\/td><\/tr><tr><td>SL-4*1<\/td><td>1500-2000PCS\/h<\/td><td>160kg\/hora<\/td><td>380kg\/h<\/td><td>45kw\/h<\/td><td>3-4<\/td><\/tr><tr><td>SL-3*4<\/td><td>2000-2500 piezas\/h<\/td><td>200kg\/h<\/td><td>450kg\/h<\/td><td>58 kw\/h<\/td><td>4-5<\/td><\/tr><tr><td>SL-4*4<\/td><td>3000-3500 piezas\/h<\/td><td>280kg\/hora<\/td><td>560kg\/hora<\/td><td>78 kw\/h<\/td><td>4-5<\/td><\/tr><tr><td>SL-4*8<\/td><td>4000 piezas\/h<\/td><td>320kg\/h<\/td><td>600kg\/hora<\/td><td>80 kw\/h<\/td><td>5-6<\/td><\/tr><tr><td>SL-5*8<\/td><td>5000 piezas\/hora<\/td><td>400kg\/h<\/td><td>750kg\/hora<\/td><td>85 kw\/h<\/td><td>3-4<\/td><\/tr><tr><td>SL-5*12<\/td><td>6000 piezas\/h<\/td><td>480kg\/h<\/td><td>900kg\/hora<\/td><td>90 kw\/h<\/td><td>3-4<\/td><\/tr><tr><td>SL-6*12<\/td><td>8000 piezas\/hora<\/td><td>640kg\/hora<\/td><td>1040kg\/hora<\/td><td>100 kw\/h<\/td><td>3-4<\/td><\/tr><\/tbody><\/table><figcaption class=\"wp-element-caption\">l\u00ednea de producci\u00f3n de cart\u00f3n de huevos<\/figcaption><\/figure>    <p>La configuraci\u00f3n de la l\u00ednea de producci\u00f3n de cartones de huevos, el grado de automatizaci\u00f3n y el tama\u00f1o de la m\u00e1quina determinan la producci\u00f3n de cartones de huevos. Esto significa que si desea obtener 8000 unidades de cartones de huevos en una hora, debe elegir una l\u00ednea con alta automatizaci\u00f3n, alta configuraci\u00f3n y una m\u00e1quina m\u00e1s grande.<\/p>    <figure class=\"wp-block-image size-full\"><img loading=\"lazy\" decoding=\"async\" width=\"720\" height=\"540\" src=\"https:\/\/eggtraymachine.org\/wp-content\/uploads\/2022\/08\/Egg-cartons.webp\" alt=\"Cartones de huevos \" class=\"wp-image-365\" title=\"\" srcset=\"https:\/\/eggtraymachine.org\/wp-content\/uploads\/2022\/08\/Egg-cartons.webp 720w, https:\/\/eggtraymachine.org\/wp-content\/uploads\/2022\/08\/Egg-cartons-300x225.webp 300w\" sizes=\"auto, (max-width: 720px) 100vw, 720px\" \/><figcaption class=\"wp-element-caption\">Cartones de huevos <\/figcaption><\/figure>    <h2 class=\"wp-block-heading\">\u00bfC\u00f3mo producir cajas de huevos de diferentes tama\u00f1os?<\/h2>    <p>El tama\u00f1o del cart\u00f3n de huevos es diferente para cada fabricante de cart\u00f3n de huevos. Algunos requieren seis huevos por caja y otros requieren 12 huevos por caja o 18 huevos por caja. Entonces, \u00bfc\u00f3mo produce la m\u00e1quina de cart\u00f3n de huevos cajas de huevos de diferentes especificaciones? Est\u00e1 determinado por el dise\u00f1o del molde de la m\u00e1quina. Por lo tanto, la m\u00e1quina de cart\u00f3n de huevos tiene varias funciones y puede producir diferentes tama\u00f1os de cartones de huevos.<\/p>    <figure class=\"wp-block-image size-full\"><img loading=\"lazy\" decoding=\"async\" width=\"720\" height=\"540\" src=\"https:\/\/eggtraymachine.org\/wp-content\/uploads\/2022\/08\/egg-carton-molds.webp\" alt=\"moldes de carton de huevos\" class=\"wp-image-578\" title=\"\" srcset=\"https:\/\/eggtraymachine.org\/wp-content\/uploads\/2022\/08\/egg-carton-molds.webp 720w, https:\/\/eggtraymachine.org\/wp-content\/uploads\/2022\/08\/egg-carton-molds-300x225.webp 300w, https:\/\/eggtraymachine.org\/wp-content\/uploads\/2022\/08\/egg-carton-molds-16x12.webp 16w\" sizes=\"auto, (max-width: 720px) 100vw, 720px\" \/><figcaption class=\"wp-element-caption\">Moldes de cart\u00f3n de huevos<\/figcaption><\/figure>    <h2 class=\"wp-block-heading\">\u00bfC\u00f3mo se producen los cartones de huevos de diferentes colores?<\/h2>    <p>Veremos cajas de huevos de otros colores en supermercados u otros lugares, no solo blancas sino \u00bfc\u00f3mo se producen las cajas de huevos de colores? De hecho, durante el proceso de producci\u00f3n de cajas de huevos, existe un proceso de despulpado muy importante. Puede agregar tintes y colorantes durante el proceso de despulpado para producir cartones de huevos de diferentes colores.<\/p>    <figure class=\"wp-block-gallery has-nested-images columns-default is-cropped wp-block-gallery-4 is-layout-flex wp-block-gallery-is-layout-flex\"> <figure class=\"wp-block-image size-large\"><img loading=\"lazy\" decoding=\"async\" width=\"720\" height=\"540\" data-id=\"364\" src=\"https:\/\/eggtraymachine.org\/wp-content\/uploads\/2022\/08\/egg-cartons.webp\" alt=\"cartones de huevos\" class=\"wp-image-364\" title=\"\" srcset=\"https:\/\/eggtraymachine.org\/wp-content\/uploads\/2022\/08\/egg-cartons.webp 720w, https:\/\/eggtraymachine.org\/wp-content\/uploads\/2022\/08\/egg-cartons-300x225.webp 300w\" sizes=\"auto, (max-width: 720px) 100vw, 720px\" \/><figcaption class=\"wp-element-caption\">Cartones de huevos<\/figcaption><\/figure>    <figure class=\"wp-block-image size-large\"><img loading=\"lazy\" decoding=\"async\" width=\"720\" height=\"540\" data-id=\"363\" src=\"https:\/\/eggtraymachine.org\/wp-content\/uploads\/2022\/08\/egg-cartons-of-different-colors-1.webp\" alt=\"cartones de huevos de diferentes colores\" class=\"wp-image-363\" title=\"\" srcset=\"https:\/\/eggtraymachine.org\/wp-content\/uploads\/2022\/08\/egg-cartons-of-different-colors-1.webp 720w, https:\/\/eggtraymachine.org\/wp-content\/uploads\/2022\/08\/egg-cartons-of-different-colors-1-300x225.webp 300w\" sizes=\"auto, (max-width: 720px) 100vw, 720px\" \/><figcaption class=\"wp-element-caption\">Cartones de huevos de diferentes colores<\/figcaption><\/figure> <\/figure>    <h2 class=\"wp-block-heading\">\u00bfCu\u00e1l es la diferencia entre la producci\u00f3n de cart\u00f3n de huevos y bandeja de huevos?<\/h2>    <p>Como todos sabemos, existen dos tipos de m\u00e9todos de envasado para nuestros huevos comunes. Una es una bandeja para huevos y la otra es un cart\u00f3n de huevos. \u00bfCu\u00e1l es la diferencia entre los m\u00e9todos de producci\u00f3n de estos dos productos? De hecho, la producci\u00f3n de materias primas y el proceso de producci\u00f3n de bandejas y cajas de huevos son los mismos. <\/p>    <p>La \u00fanica diferencia en la producci\u00f3n es que los moldes de las m\u00e1quinas formadoras de bandejas de huevos para bandejas de huevos y cajas de huevos son diferentes. Nuestros moldes se pueden personalizar seg\u00fan las necesidades del cliente. De esta forma, los clientes est\u00e1n m\u00e1s diversificados en producci\u00f3n y m\u00e1s competitivos en ventas.<\/p>    <figure class=\"wp-block-gallery has-nested-images columns-default is-cropped wp-block-gallery-5 is-layout-flex wp-block-gallery-is-layout-flex\"> <figure class=\"wp-block-image size-large\"><img loading=\"lazy\" decoding=\"async\" width=\"720\" height=\"540\" data-id=\"579\" src=\"https:\/\/eggtraymachine.org\/wp-content\/uploads\/2022\/08\/egg-tray-mold-1.webp\" alt=\"molde para bandeja de huevos\" class=\"wp-image-579\" title=\"\" srcset=\"https:\/\/eggtraymachine.org\/wp-content\/uploads\/2022\/08\/egg-tray-mold-1.webp 720w, https:\/\/eggtraymachine.org\/wp-content\/uploads\/2022\/08\/egg-tray-mold-1-300x225.webp 300w, https:\/\/eggtraymachine.org\/wp-content\/uploads\/2022\/08\/egg-tray-mold-1-16x12.webp 16w\" sizes=\"auto, (max-width: 720px) 100vw, 720px\" \/><figcaption class=\"wp-element-caption\">Molde para bandeja de huevos<\/figcaption><\/figure>    <figure class=\"wp-block-image size-large\"><img loading=\"lazy\" decoding=\"async\" width=\"720\" height=\"540\" data-id=\"580\" src=\"https:\/\/eggtraymachine.org\/wp-content\/uploads\/2022\/08\/egg-carton-mold.webp\" alt=\"molde de cart\u00f3n de huevos\" class=\"wp-image-580\" title=\"\" srcset=\"https:\/\/eggtraymachine.org\/wp-content\/uploads\/2022\/08\/egg-carton-mold.webp 720w, https:\/\/eggtraymachine.org\/wp-content\/uploads\/2022\/08\/egg-carton-mold-300x225.webp 300w, https:\/\/eggtraymachine.org\/wp-content\/uploads\/2022\/08\/egg-carton-mold-16x12.webp 16w\" sizes=\"auto, (max-width: 720px) 100vw, 720px\" \/><figcaption class=\"wp-element-caption\">Molde de cart\u00f3n de huevos<\/figcaption><\/figure> <\/figure>    <h2 class=\"wp-block-heading\">Caso de cliente sobre la l\u00ednea de producci\u00f3n de cart\u00f3n de huevos<\/h2>    <figure class=\"wp-block-image size-full\"><img loading=\"lazy\" decoding=\"async\" width=\"720\" height=\"540\" src=\"https:\/\/eggtraymachine.org\/wp-content\/uploads\/2022\/08\/Egg-carton-machine-delivery.webp\" alt=\"Entrega de m\u00e1quinas de cart\u00f3n de huevos\" class=\"wp-image-67\" title=\"\" srcset=\"https:\/\/eggtraymachine.org\/wp-content\/uploads\/2022\/08\/Egg-carton-machine-delivery.webp 720w, https:\/\/eggtraymachine.org\/wp-content\/uploads\/2022\/08\/Egg-carton-machine-delivery-300x225.webp 300w\" sizes=\"auto, (max-width: 720px) 100vw, 720px\" \/><figcaption class=\"wp-element-caption\">Entrega de m\u00e1quinas de cart\u00f3n de huevos<\/figcaption><\/figure>    <p class=\"translation-block\">Hay un <a href=\"https:\/\/eggtraymachine.org\/es\/Info\/egg-tray-machine-exported-to-cameroon\/\" data-type=\"URL\" data-id=\"https:\/\/eggtraymachine.org\/Info\/egg-tray-machine-exported-to-cameroon\/\">cliente de una granja de pollos en Camer\u00fan<\/a> que quiere una l\u00ednea de producci\u00f3n de m\u00e1quinas para cartones de huevos. El cliente tiene una granja de pollos y quiere expandir su negocio. Por lo tanto, elige procesar cartones de huevos, no solo para satisfacer las necesidades de las cajas de huevos de su granja de pollos, sino tambi\u00e9n para venderlos externamente.<\/p>    <p class=\"translation-block\">El cliente pidi\u00f3 una l\u00ednea de producci\u00f3n de cartones de huevos, que incluye un pulper, una m\u00e1quina formadora de cartones de huevos, una <a href=\"https:\/\/eggtraymachine.org\/es\/product\/egg-tray-carton-hot-pressing-machine\/\" data-type=\"URL\" data-id=\"https:\/\/eggtraymachine.org\/product\/egg-tray-carton-hot-pressing-machine\/\">m\u00e1quina de hidroformado<\/a> y una m\u00e1quina de empaquetado de cartones de huevos. Despu\u00e9s de que la m\u00e1quina fue enviada a Camer\u00fan, tuvo el control total de la producci\u00f3n de cartones de huevos dentro de una semana de producci\u00f3n. <\/p>    <p>Antes de la compra, enviaremos al cliente la informaci\u00f3n relacionada con la producci\u00f3n de la bandeja de huevos y el vendedor profesional le explicar\u00e1 el uso y la estructura de la m\u00e1quina. As\u00ed los clientes pueden producir r\u00e1pidamente cartones de huevos. Si est\u00e1 buscando una l\u00ednea eficiente de fabricaci\u00f3n de cartones de huevos, no dude en contactarnos.<\/p>","protected":false},"excerpt":{"rendered":"<p>Nuestra l\u00ednea de producci\u00f3n de cartones de huevos ofrece un proceso continuo desde el moldeado de la pulpa hasta el secado y el envasado. S\u00f3lo se necesitan 3-4 trabajadores.<\/p>","protected":false},"author":1,"featured_media":121,"parent":0,"template":"","tags":[27,12],"product-type":[3],"class_list":["post-47","product","type-product","status-publish","has-post-thumbnail","hentry","tag-egg-carton-machine","tag-egg-carton-production-line","product-type-egg-tray-production"],"_links":{"self":[{"href":"https:\/\/eggtraymachine.org\/es\/wp-json\/wp\/v2\/product\/47","targetHints":{"allow":["GET"]}}],"collection":[{"href":"https:\/\/eggtraymachine.org\/es\/wp-json\/wp\/v2\/product"}],"about":[{"href":"https:\/\/eggtraymachine.org\/es\/wp-json\/wp\/v2\/types\/product"}],"author":[{"embeddable":true,"href":"https:\/\/eggtraymachine.org\/es\/wp-json\/wp\/v2\/users\/1"}],"wp:featuredmedia":[{"embeddable":true,"href":"https:\/\/eggtraymachine.org\/es\/wp-json\/wp\/v2\/media\/121"}],"wp:attachment":[{"href":"https:\/\/eggtraymachine.org\/es\/wp-json\/wp\/v2\/media?parent=47"}],"wp:term":[{"taxonomy":"post_tag","embeddable":true,"href":"https:\/\/eggtraymachine.org\/es\/wp-json\/wp\/v2\/tags?post=47"},{"taxonomy":"product-type","embeddable":true,"href":"https:\/\/eggtraymachine.org\/es\/wp-json\/wp\/v2\/product-type?post=47"}],"curies":[{"name":"wp","href":"https:\/\/api.w.org\/{rel}","templated":true}]}}