{"id":432,"date":"2023-03-10T16:59:59","date_gmt":"2023-03-10T08:59:59","guid":{"rendered":"https:\/\/eggtraymachine.org\/?post_type=product&#038;p=432"},"modified":"2024-06-19T15:33:44","modified_gmt":"2024-06-19T07:33:44","slug":"quail-egg-tray-machine","status":"publish","type":"product","link":"https:\/\/eggtraymachine.org\/es\/product\/quail-egg-tray-machine\/","title":{"rendered":"M\u00e1quina para bandejas de huevos de codorniz | m\u00e1quina para fabricar cajas de huevos de codorniz"},"content":{"rendered":"<p class=\"translation-block\">La m\u00e1quina para fabricar bandejas de huevos de codorniz es un dispositivo para fabricar bandejas de huevos de codorniz. La materia prima para fabricar bandejas de <a href=\"https:\/\/en.wikipedia.org\/wiki\/Quail_eggs\" data-type=\"URL\" data-id=\"https:\/\/en.wikipedia.org\/wiki\/Quail_eggs\" target=\"_blank\" rel=\"noopener\">huevos de codorniz<\/a> es papel de desecho. Esta m\u00e1quina no genera contaminaci\u00f3n en el proceso de producci\u00f3n y es una industria respetuosa con el medio ambiente apoyada por muchos pa\u00edses y gobiernos. <\/p>    <p>La l\u00ednea de producci\u00f3n de bandejas y cajas para huevos de codorniz tambi\u00e9n puede producir bandejas para huevos, bandejas para frutas, urinarios desechables, bandejas para vino y cajas para empaquetar instrumentos de precisi\u00f3n.<\/p>   <div class=\"wp-block-image\"> <figure class=\"aligncenter size-full\"><img loading=\"lazy\" decoding=\"async\" width=\"720\" height=\"540\" src=\"https:\/\/eggtraymachine.org\/wp-content\/uploads\/2023\/03\/Waste-paper-processing-for-different-packaging-products.webp\" alt=\"Procesamiento de papel usado para diferentes productos de embalaje.\" class=\"wp-image-444\" title=\"\" srcset=\"https:\/\/eggtraymachine.org\/wp-content\/uploads\/2023\/03\/Waste-paper-processing-for-different-packaging-products.webp 720w, https:\/\/eggtraymachine.org\/wp-content\/uploads\/2023\/03\/Waste-paper-processing-for-different-packaging-products-300x225.webp 300w\" sizes=\"auto, (max-width: 720px) 100vw, 720px\" \/><figcaption class=\"wp-element-caption\">Procesamiento de papel usado para diferentes productos de embalaje.<\/figcaption><\/figure> <\/div>   <h2 class=\"wp-block-heading\">Video de la m\u00e1quina de bandejas de huevos de papel.<\/h2>    <figure class=\"wp-block-embed is-type-video is-provider-youtube wp-block-embed-youtube wp-embed-aspect-16-9 wp-has-aspect-ratio\"><div class=\"wp-block-embed__wrapper\"> <iframe loading=\"lazy\" title=\"V\u00eddeo 3D de 1000 piezas\/h-6000 piezas\/h de la l\u00ednea de producci\u00f3n autom\u00e1tica de bandejas de huevos | producci\u00f3n de cart\u00f3n de huevos de papel\" width=\"500\" height=\"281\" src=\"https:\/\/www.youtube.com\/embed\/qjUwbSb-hiI?feature=oembed\" frameborder=\"0\" allow=\"accelerometer; autoplay; clipboard-write; encrypted-media; gyroscope; picture-in-picture; web-share\" referrerpolicy=\"strict-origin-when-cross-origin\" allowfullscreen><\/iframe> <\/div><figcaption class=\"wp-element-caption\">V\u00eddeo de producci\u00f3n de cart\u00f3n de huevos.<\/figcaption><\/figure>    <h2 class=\"wp-block-heading\">Proceso de producci\u00f3n de bandejas de huevos de codorniz.<\/h2>    <p class=\"translation-block\">El proceso principal de producci\u00f3n de bandejas de huevos de codorniz es trituraci\u00f3n de papel de desecho \u2192 homogeneizaci\u00f3n \u2192 formado \u2192 secado \u2192 empaquetado. Existen tres m\u00e9todos de secado de bandejas de huevos: secado natural, secado en horno de ladrillos y secado en secador met\u00e1lico. Las m\u00e1quinas para cartones de huevos de codorniz que necesita usar incluyen pulperas, m\u00e1quinas para bandejas de huevos de codorniz, <a href=\"https:\/\/eggtraymachine.org\/es\/product\/paper-egg-tray-dryer-egg-tray-drying-machine\/\">secadores de bandejas de huevos<\/a> y m\u00e1quinas de empaquetado de bandejas de huevos.<\/p>   <div class=\"wp-block-image\"> <figure class=\"aligncenter size-full\"><img loading=\"lazy\" decoding=\"async\" width=\"720\" height=\"540\" src=\"https:\/\/eggtraymachine.org\/wp-content\/uploads\/2023\/03\/Quail-egg-tray-production-process.webp\" alt=\"Proceso de producci\u00f3n de bandejas de huevos de codorniz.\" class=\"wp-image-442\" title=\"\" srcset=\"https:\/\/eggtraymachine.org\/wp-content\/uploads\/2023\/03\/Quail-egg-tray-production-process.webp 720w, https:\/\/eggtraymachine.org\/wp-content\/uploads\/2023\/03\/Quail-egg-tray-production-process-300x225.webp 300w\" sizes=\"auto, (max-width: 720px) 100vw, 720px\" \/><figcaption class=\"wp-element-caption\">Proceso de producci\u00f3n de bandejas de huevos de codorniz.<\/figcaption><\/figure> <\/div>   <h2 class=\"wp-block-heading\">Par\u00e1metro de la m\u00e1quina para fabricar cart\u00f3n de huevos de codorniz<\/h2>    <ul class=\"wp-block-list\"> <li>Modelo: Sl-4\u00d74<\/li>    <li>Salida: 3000 piezas\/h<\/li>    <li>Potencia: 45 kw<\/li>    <li>Consumo de papel: 240kg\/h<\/li>    <li>Consumo de agua: 480 kg\/h<\/li>    <li>M\u00e9todo de secado: secado en horno de ladrillos o secador de metal.<\/li> <\/ul>    <p>Los anteriores son los par\u00e1metros de la m\u00e1quina con capacidad de producci\u00f3n de 300 bandejas de huevos de codorniz por hora. Si desea conocer los par\u00e1metros de otras capacidades de producci\u00f3n de la m\u00e1quina para bandejas de huevos de codorniz, cont\u00e1ctenos a trav\u00e9s de la ventana emergente en la esquina inferior derecha.<\/p>    <h2 class=\"wp-block-heading\">\u00bfC\u00f3mo personalizar la l\u00ednea de producci\u00f3n de bandejas de huevos de codorniz?<\/h2>    <figure class=\"wp-block-gallery has-nested-images columns-default is-cropped wp-block-gallery-2 is-layout-flex wp-block-gallery-is-layout-flex\"> <figure class=\"wp-block-image size-large\"><img loading=\"lazy\" decoding=\"async\" width=\"720\" height=\"540\" data-id=\"436\" src=\"https:\/\/eggtraymachine.org\/wp-content\/uploads\/2023\/03\/Quail-egg-tray-machine-1.webp\" alt=\"M\u00e1quina para bandejas de huevos de codorniz\" class=\"wp-image-436\" title=\"\" srcset=\"https:\/\/eggtraymachine.org\/wp-content\/uploads\/2023\/03\/Quail-egg-tray-machine-1.webp 720w, https:\/\/eggtraymachine.org\/wp-content\/uploads\/2023\/03\/Quail-egg-tray-machine-1-300x225.webp 300w\" sizes=\"auto, (max-width: 720px) 100vw, 720px\" \/><figcaption class=\"wp-element-caption\">M\u00e1quina de bandejas de huevos de codorniz<\/figcaption><\/figure>    <figure class=\"wp-block-image size-large\"><img loading=\"lazy\" decoding=\"async\" width=\"720\" height=\"540\" data-id=\"437\" src=\"https:\/\/eggtraymachine.org\/wp-content\/uploads\/2023\/03\/Quail-egg-tray-machine-details.webp\" alt=\"Detalles de la m\u00e1quina para bandejas de huevos de codorniz\" class=\"wp-image-437\" title=\"\" srcset=\"https:\/\/eggtraymachine.org\/wp-content\/uploads\/2023\/03\/Quail-egg-tray-machine-details.webp 720w, https:\/\/eggtraymachine.org\/wp-content\/uploads\/2023\/03\/Quail-egg-tray-machine-details-300x225.webp 300w\" sizes=\"auto, (max-width: 720px) 100vw, 720px\" \/><figcaption class=\"wp-element-caption\">Detalles de la m\u00e1quina para bandejas de huevos de codorniz<\/figcaption><\/figure>    <figure class=\"wp-block-image size-large\"><img loading=\"lazy\" decoding=\"async\" width=\"720\" height=\"540\" data-id=\"438\" src=\"https:\/\/eggtraymachine.org\/wp-content\/uploads\/2023\/03\/Quail-egg-tray-machine-delivery.webp\" alt=\"Entrega de la m\u00e1quina de bandejas de huevos de codorniz\" class=\"wp-image-438\" title=\"\" srcset=\"https:\/\/eggtraymachine.org\/wp-content\/uploads\/2023\/03\/Quail-egg-tray-machine-delivery.webp 720w, https:\/\/eggtraymachine.org\/wp-content\/uploads\/2023\/03\/Quail-egg-tray-machine-delivery-300x225.webp 300w\" sizes=\"auto, (max-width: 720px) 100vw, 720px\" \/><figcaption class=\"wp-element-caption\">Entrega de m\u00e1quina de bandeja de huevos de codorniz<\/figcaption><\/figure> <\/figure>    <p>Si necesita una l\u00ednea de producci\u00f3n de bandejas y cartones de huevos de codorniz, entonces debe decidir qu\u00e9 capacidad desea producir. La producci\u00f3n que podemos manejar es de 1000 piezas\/h-6000 piezas\/h. Adem\u00e1s, deber\u00e1s indicar el tama\u00f1o de la bandeja de huevos de codorniz que desees. Luego podremos personalizar el molde seg\u00fan los datos que nos proporciones.<\/p>    <h2 class=\"wp-block-heading\">Materias primas para la producci\u00f3n de bandejas para huevos de codorniz.<\/h2>    <p>\u00bfCu\u00e1les son las materias primas para la elaboraci\u00f3n de bandejas para huevos de codorniz? La m\u00e1quina para fabricar bandejas de huevos de codorniz utiliza papel usado y tambi\u00e9n necesita agua. El precio del papel usado es relativamente bajo, lo que controlar\u00e1 el costo de producci\u00f3n de bandejas para huevos de codorniz y el agua del proceso de producci\u00f3n se puede reciclar.<\/p>    <h2 class=\"wp-block-heading\">\u00bfSe utiliza la misma m\u00e1quina para producir bandejas y cajas de huevos de codorniz?<\/h2>    <p>Se utiliza la misma m\u00e1quina para producir bandejas y cajas de huevos, pero se utilizan moldes diferentes. La m\u00e1quina debe configurarse para diferentes productos y diferentes moldes de productos. Los moldes de productos tambi\u00e9n se dividen en diferentes materiales, los moldes para bandejas de huevos tienen moldes de pl\u00e1stico y moldes de aluminio. Los moldes de aluminio son de mejor calidad, pero el precio es inevitablemente relativamente alto. Para obtener m\u00e1s informaci\u00f3n, comun\u00edquese con nosotros y le enviaremos informaci\u00f3n m\u00e1s detallada.<\/p>    <figure class=\"wp-block-image size-full\"><img loading=\"lazy\" decoding=\"async\" width=\"720\" height=\"540\" src=\"https:\/\/eggtraymachine.org\/wp-content\/uploads\/2023\/03\/quail-egg-tray-and-box.webp\" alt=\"bandeja y caja de huevos de codorniz\" class=\"wp-image-443\" title=\"\" srcset=\"https:\/\/eggtraymachine.org\/wp-content\/uploads\/2023\/03\/quail-egg-tray-and-box.webp 720w, https:\/\/eggtraymachine.org\/wp-content\/uploads\/2023\/03\/quail-egg-tray-and-box-300x225.webp 300w\" sizes=\"auto, (max-width: 720px) 100vw, 720px\" \/><figcaption class=\"wp-element-caption\">Bandeja y caja de huevos de codorniz<\/figcaption><\/figure>    <h2 class=\"wp-block-heading\">La diferencia entre una m\u00e1quina para bandejas de huevos de codorniz y una m\u00e1quina para bandejas de huevos<\/h2>    <figure class=\"wp-block-gallery has-nested-images columns-default is-cropped wp-block-gallery-3 is-layout-flex wp-block-gallery-is-layout-flex\"> <figure class=\"wp-block-image size-large\"><img loading=\"lazy\" decoding=\"async\" width=\"720\" height=\"540\" data-id=\"440\" src=\"https:\/\/eggtraymachine.org\/wp-content\/uploads\/2023\/03\/egg-tray-machine-mold-1.webp\" alt=\"molde de la m\u00e1quina de la bandeja de huevos\" class=\"wp-image-440\" title=\"\" srcset=\"https:\/\/eggtraymachine.org\/wp-content\/uploads\/2023\/03\/egg-tray-machine-mold-1.webp 720w, https:\/\/eggtraymachine.org\/wp-content\/uploads\/2023\/03\/egg-tray-machine-mold-1-300x225.webp 300w\" sizes=\"auto, (max-width: 720px) 100vw, 720px\" \/><figcaption class=\"wp-element-caption\">Molde de m\u00e1quina de bandeja de huevos<\/figcaption><\/figure>    <figure class=\"wp-block-image size-large\"><img loading=\"lazy\" decoding=\"async\" width=\"720\" height=\"540\" data-id=\"441\" src=\"https:\/\/eggtraymachine.org\/wp-content\/uploads\/2023\/03\/egg-carton-machine-mold.webp\" alt=\"molde de la m\u00e1quina del cart\u00f3n de huevos\" class=\"wp-image-441\" title=\"\" srcset=\"https:\/\/eggtraymachine.org\/wp-content\/uploads\/2023\/03\/egg-carton-machine-mold.webp 720w, https:\/\/eggtraymachine.org\/wp-content\/uploads\/2023\/03\/egg-carton-machine-mold-300x225.webp 300w\" sizes=\"auto, (max-width: 720px) 100vw, 720px\" \/><figcaption class=\"wp-element-caption\">Molde de m\u00e1quina de cart\u00f3n de huevos<\/figcaption><\/figure> <\/figure>    <p class=\"translation-block\">Las materias primas y el proceso de producci\u00f3n de la m\u00e1quina para bandejas de huevos de codorniz y la <a href=\"https:\/\/eggtraymachine.org\/es\/product\/2000pc-h-pulp-egg-tray-machine\/\" data-type=\"URL\" data-id=\"https:\/\/eggtraymachine.org\/product\/2000pc-h-pulp-egg-tray-machine\/\">m\u00e1quina para bandejas de huevos<\/a> son los mismos, pero el molde para producir la bandeja de huevos de codorniz debe personalizarse. Los dem\u00e1s son iguales.<\/p>","protected":false},"excerpt":{"rendered":"<p>La m\u00e1quina para fabricar bandejas para huevos de codorniz es un dispositivo para fabricar bandejas para huevos de codorniz. La materia prima para la elaboraci\u00f3n de bandejas para huevos de codorniz es el papel usado. Esta m\u00e1quina no contamina el proceso de producci\u00f3n y es una industria respetuosa con el medio ambiente respaldada por muchos pa\u00edses y gobiernos. La l\u00ednea de producci\u00f3n de bandejas y cajas para huevos de codorniz tambi\u00e9n puede producir bandejas para huevos, bandejas para frutas, urinarios desechables, bandejas para vino y cajas para empaquetar instrumentos de precisi\u00f3n.<\/p>","protected":false},"author":1,"featured_media":433,"parent":0,"template":"","tags":[31],"product-type":[9,4],"class_list":["post-432","product","type-product","status-publish","has-post-thumbnail","hentry","tag-quail-egg-tray-machine","product-type-egg-tray-making","product-type-product"],"_links":{"self":[{"href":"https:\/\/eggtraymachine.org\/es\/wp-json\/wp\/v2\/product\/432","targetHints":{"allow":["GET"]}}],"collection":[{"href":"https:\/\/eggtraymachine.org\/es\/wp-json\/wp\/v2\/product"}],"about":[{"href":"https:\/\/eggtraymachine.org\/es\/wp-json\/wp\/v2\/types\/product"}],"author":[{"embeddable":true,"href":"https:\/\/eggtraymachine.org\/es\/wp-json\/wp\/v2\/users\/1"}],"wp:featuredmedia":[{"embeddable":true,"href":"https:\/\/eggtraymachine.org\/es\/wp-json\/wp\/v2\/media\/433"}],"wp:attachment":[{"href":"https:\/\/eggtraymachine.org\/es\/wp-json\/wp\/v2\/media?parent=432"}],"wp:term":[{"taxonomy":"post_tag","embeddable":true,"href":"https:\/\/eggtraymachine.org\/es\/wp-json\/wp\/v2\/tags?post=432"},{"taxonomy":"product-type","embeddable":true,"href":"https:\/\/eggtraymachine.org\/es\/wp-json\/wp\/v2\/product-type?post=432"}],"curies":[{"name":"wp","href":"https:\/\/api.w.org\/{rel}","templated":true}]}}