{"id":384,"date":"2026-04-01T11:04:40","date_gmt":"2026-04-01T03:04:40","guid":{"rendered":"https:\/\/eggtraymachine.org\/?post_type=product&#038;p=384"},"modified":"2026-04-01T11:04:40","modified_gmt":"2026-04-01T03:04:40","slug":"paper-wine-tray-making-machine","status":"publish","type":"product","link":"https:\/\/eggtraymachine.org\/es\/product\/paper-wine-tray-making-machine\/","title":{"rendered":"M\u00e1quina para fabricar bandejas de vino de papel | empaquetadora de pulpa moldeada"},"content":{"rendered":"<p>La m\u00e1quina para fabricar bandejas de papel para vino es un tipo de bandeja de papel para envasar botellas de vino. La m\u00e1quina de producci\u00f3n de bandejas para vino utiliza papel usado para realizar procesos como trituraci\u00f3n, moldeado, secado, etc., para producir el embalaje de botellas de vino y evitar que los productos de vidrio se golpeen y se rompan. Esta m\u00e1quina para fabricar bandejas de papel para vino puede producir bandejas para huevos, bandejas para viveros, bandejas para manzanas y otros productos. La m\u00e1quina se vendi\u00f3 a Canad\u00e1, Nigeria, Arabia Saudita, Om\u00e1n, Sud\u00e1frica y m\u00e1s.<\/p>    <figure class=\"wp-block-image size-full\"><img loading=\"lazy\" decoding=\"async\" width=\"720\" height=\"540\" src=\"https:\/\/eggtraymachine.org\/wp-content\/uploads\/2022\/11\/Paper-wine-tray.jpg\" alt=\"M\u00e1quina para fabricar bandejas de vino de papel.\" class=\"wp-image-386\" title=\"\" srcset=\"https:\/\/eggtraymachine.org\/wp-content\/uploads\/2022\/11\/Paper-wine-tray.jpg 720w, https:\/\/eggtraymachine.org\/wp-content\/uploads\/2022\/11\/Paper-wine-tray-300x225.jpg 300w\" sizes=\"auto, (max-width: 720px) 100vw, 720px\" \/><figcaption class=\"wp-element-caption\">M\u00e1quina para fabricar bandejas de vino de papel<\/figcaption><\/figure>    <h2 class=\"wp-block-heading\">\u00bfPor qu\u00e9 la m\u00e1quina de bandejas de huevos puede producir una bandeja de vino?<\/h2>    <p class=\"translation-block\">Porque los moldes producidos por la <a href=\"https:\/\/eggtraymachine.org\/es\/product\/2000pc-h-pulp-egg-tray-machine\/\" data-type=\"URL\" data-id=\"https:\/\/eggtraymachine.org\/product\/2000pc-h-pulp-egg-tray-machine\/\">m\u00e1quina de bandejas de huevo<\/a> pueden ser reemplazados, se pueden producir diferentes formas de embalaje cambiando diferentes moldes. Esta tambi\u00e9n es la raz\u00f3n de la diversidad de funciones de la m\u00e1quina de bandejas de huevo. Si necesitas pedir una bandeja de vino para que tu m\u00e1quina de bodega produzca el embalaje de vino tinto, entonces solo necesitas proporcionar el tama\u00f1o de la botella de vino, y puedes personalizar una m\u00e1quina \u00fanica.<\/p>    <figure class=\"wp-block-gallery has-nested-images columns-2 is-cropped wp-block-gallery-2 is-layout-flex wp-block-gallery-is-layout-flex\"> <figure class=\"wp-block-image size-large\"><img loading=\"lazy\" decoding=\"async\" width=\"720\" height=\"540\" data-id=\"387\" src=\"https:\/\/eggtraymachine.org\/wp-content\/uploads\/2022\/11\/Paper-wine-tray-making-machine-1.jpg\" alt=\"bandeja de vino\" class=\"wp-image-387\" title=\"\" srcset=\"https:\/\/eggtraymachine.org\/wp-content\/uploads\/2022\/11\/Paper-wine-tray-making-machine-1.jpg 720w, https:\/\/eggtraymachine.org\/wp-content\/uploads\/2022\/11\/Paper-wine-tray-making-machine-1-300x225.jpg 300w\" sizes=\"auto, (max-width: 720px) 100vw, 720px\" \/><figcaption class=\"wp-element-caption\">Bandeja de vino<\/figcaption><\/figure>    <figure class=\"wp-block-image size-large\"><img loading=\"lazy\" decoding=\"async\" width=\"720\" height=\"540\" data-id=\"389\" src=\"https:\/\/eggtraymachine.org\/wp-content\/uploads\/2022\/11\/friut-tray.jpg\" alt=\"bandeja de frutas\" class=\"wp-image-389\" title=\"\" srcset=\"https:\/\/eggtraymachine.org\/wp-content\/uploads\/2022\/11\/friut-tray.jpg 720w, https:\/\/eggtraymachine.org\/wp-content\/uploads\/2022\/11\/friut-tray-300x225.jpg 300w\" sizes=\"auto, (max-width: 720px) 100vw, 720px\" \/><figcaption class=\"wp-element-caption\">Bandeja de frutas<\/figcaption><\/figure>    <figure class=\"wp-block-image size-large\"><img loading=\"lazy\" decoding=\"async\" width=\"720\" height=\"540\" data-id=\"390\" src=\"https:\/\/eggtraymachine.org\/wp-content\/uploads\/2022\/11\/paper-tray.jpg\" alt=\"bandeja de papel\" class=\"wp-image-390\" title=\"\" srcset=\"https:\/\/eggtraymachine.org\/wp-content\/uploads\/2022\/11\/paper-tray.jpg 720w, https:\/\/eggtraymachine.org\/wp-content\/uploads\/2022\/11\/paper-tray-300x225.jpg 300w\" sizes=\"auto, (max-width: 720px) 100vw, 720px\" \/><figcaption class=\"wp-element-caption\">Bandeja de papel<\/figcaption><\/figure>    <figure class=\"wp-block-image size-large\"><img loading=\"lazy\" decoding=\"async\" width=\"720\" height=\"540\" data-id=\"391\" src=\"https:\/\/eggtraymachine.org\/wp-content\/uploads\/2022\/11\/packing-tray.jpg\" alt=\"bandeja de embalaje\" class=\"wp-image-391\" title=\"\" srcset=\"https:\/\/eggtraymachine.org\/wp-content\/uploads\/2022\/11\/packing-tray.jpg 720w, https:\/\/eggtraymachine.org\/wp-content\/uploads\/2022\/11\/packing-tray-300x225.jpg 300w\" sizes=\"auto, (max-width: 720px) 100vw, 720px\" \/><figcaption class=\"wp-element-caption\">Bandeja de embalaje<\/figcaption><\/figure> <\/figure>    <h2 class=\"wp-block-heading\">Proceso de producci\u00f3n de bandejas de vino de papel.<\/h2>    <figure class=\"wp-block-image size-full\"><img loading=\"lazy\" decoding=\"async\" width=\"720\" height=\"540\" src=\"https:\/\/eggtraymachine.org\/wp-content\/uploads\/2022\/11\/Paper-wine-tray-making-machine-2.jpg\" alt=\"M\u00e1quina para fabricar bandejas de vino de papel.\" class=\"wp-image-392\" title=\"\" srcset=\"https:\/\/eggtraymachine.org\/wp-content\/uploads\/2022\/11\/Paper-wine-tray-making-machine-2.jpg 720w, https:\/\/eggtraymachine.org\/wp-content\/uploads\/2022\/11\/Paper-wine-tray-making-machine-2-300x225.jpg 300w\" sizes=\"auto, (max-width: 720px) 100vw, 720px\" \/><figcaption class=\"wp-element-caption\">M\u00e1quina para fabricar bandejas de vino de papel<\/figcaption><\/figure>    <h3 class=\"wp-block-heading\">1. Sistema de pulpa de la m\u00e1quina fabricadora de bandejas de vino de papel.<\/h3>    <p class=\"translation-block\">(1) Coloca la materia prima en la <a href=\"https:\/\/en.wikipedia.org\/wiki\/Pulp_(paper)\" target=\"_blank\" rel=\"noopener\">m\u00e1quina de pulpeo<\/a>, agrega una cantidad adecuada de agua, m\u00e9zclala durante un tiempo prolongado para convertir el papel desechado en pulpa, y luego col\u00f3cala en el tanque de almacenamiento de pulpa para su almacenamiento.<\/p>    <p>(2) Coloque la pulpa del tanque de almacenamiento de pulpa en el tanque de mezcla de pulpa, ajuste la concentraci\u00f3n de pulpa en el tanque de mezcla de pulpa y revuelva m\u00e1s a trav\u00e9s del agua blanca en el tanque de retorno y la pulpa espesa en el tanque de almacenamiento de pulpa a trav\u00e9s del homogeneizador. . Despu\u00e9s de ajustarla a una pulpa adecuada, col\u00f3quela en el tanque de suministro de pulpa para usarla en el sistema de formaci\u00f3n.<\/p>    <p>&nbsp;Equipos utilizados: pulper, homogeneizador, bomba de pulpa, criba vibratoria, descompresor de pulpa.<\/p>    <h3 class=\"wp-block-heading\">2. Formar un sistema<\/h3>    <figure class=\"wp-block-image size-full\"><img loading=\"lazy\" decoding=\"async\" width=\"720\" height=\"540\" src=\"https:\/\/eggtraymachine.org\/wp-content\/uploads\/2022\/11\/Paper-wine-tray-forming-machine.jpg\" alt=\"M\u00e1quina formadora de bandejas de vino de papel\" class=\"wp-image-393\" title=\"\" srcset=\"https:\/\/eggtraymachine.org\/wp-content\/uploads\/2022\/11\/Paper-wine-tray-forming-machine.jpg 720w, https:\/\/eggtraymachine.org\/wp-content\/uploads\/2022\/11\/Paper-wine-tray-forming-machine-300x225.jpg 300w\" sizes=\"auto, (max-width: 720px) 100vw, 720px\" \/><figcaption class=\"wp-element-caption\">M\u00e1quina formadora de bandejas de vino de papel<\/figcaption><\/figure>    <p>(1) La pulpa en el tanque de suministro de pulpa se alimenta a la m\u00e1quina formadora y es absorbida por el sistema de vac\u00edo, la pulpa pasa a trav\u00e9s del molde en el equipo y la pulpa se deja en el molde para que se forme, y el agua blanca es absorbido y transferido de regreso al tanque de agua por la bomba de vac\u00edo.<br>(2) Despu\u00e9s de que se adsorbe el molde, el molde de transferencia pasa a trav\u00e9s de la presi\u00f3n positiva del compresor de aire para descargar el aire, y el producto moldeado se sopla desde el molde de moldeo al molde giratorio, y parte es enviado por el molde de transferencia. .<br>Equipo utilizado: m\u00e1quina de moldeo, molde, bomba de vac\u00edo, tanque de presi\u00f3n negativa, bomba de agua, compresor de aire, m\u00e1quina de limpieza de moldes<\/p>    <h3 class=\"wp-block-heading\">3. Sistema de secado<\/h3>    <figure class=\"wp-block-gallery has-nested-images columns-default is-cropped wp-block-gallery-3 is-layout-flex wp-block-gallery-is-layout-flex\"> <figure class=\"wp-block-image size-large\"><img loading=\"lazy\" decoding=\"async\" width=\"720\" height=\"540\" data-id=\"395\" src=\"https:\/\/eggtraymachine.org\/wp-content\/uploads\/2022\/11\/red-wine-tray-making-mahcine.jpg\" alt=\"M\u00e1quina para hacer bandejas de vino tinto\" class=\"wp-image-395\" title=\"\" srcset=\"https:\/\/eggtraymachine.org\/wp-content\/uploads\/2022\/11\/red-wine-tray-making-mahcine.jpg 720w, https:\/\/eggtraymachine.org\/wp-content\/uploads\/2022\/11\/red-wine-tray-making-mahcine-300x225.jpg 300w\" sizes=\"auto, (max-width: 720px) 100vw, 720px\" \/><figcaption class=\"wp-element-caption\">M\u00e1quina para hacer bandejas de vino tinto<\/figcaption><\/figure>    <figure class=\"wp-block-image size-large\"><img loading=\"lazy\" decoding=\"async\" width=\"720\" height=\"540\" data-id=\"394\" src=\"https:\/\/eggtraymachine.org\/wp-content\/uploads\/2022\/11\/Drying-system.jpg\" alt=\"sistema de secado\" class=\"wp-image-394\" title=\"\" srcset=\"https:\/\/eggtraymachine.org\/wp-content\/uploads\/2022\/11\/Drying-system.jpg 720w, https:\/\/eggtraymachine.org\/wp-content\/uploads\/2022\/11\/Drying-system-300x225.jpg 300w\" sizes=\"auto, (max-width: 720px) 100vw, 720px\" \/><figcaption class=\"wp-element-caption\">Sistema de secado<\/figcaption><\/figure> <\/figure>    <p>(1) M\u00e9todo de secado natural: dependa directamente del clima y del viento natural para secar el producto.<br>(2) Secado tradicional: horno t\u00fanel de ladrillo, la fuente de calor puede elegir gas natural, diesel, carb\u00f3n, madera seca, fuentes de calor como gas licuado de petr\u00f3leo.<br>(3) Nueva l\u00ednea de secado multicapa: la l\u00ednea de secado de metal de 6 capas puede ahorrar energ\u00eda en m\u00e1s de 30% en comparaci\u00f3n con el secado por transmisi\u00f3n, y la principal fuente de calor es el gas natural, el gas\u00f3leo y el gas licuado de petr\u00f3leo.<\/p>    <h2 class=\"wp-block-heading\">4. Embalaje auxiliar de productos terminados.<\/h2>    <p class=\"translation-block\">(1) Apilador autom\u00e1tico<br>(2) <a href=\"https:\/\/eggtraymachine.org\/es\/product\/egg-tray-packing-machine\/\" data-type=\"URL\" data-id=\"https:\/\/eggtraymachine.org\/product\/egg-tray-packing-machine\/\">Empacadora<\/a><\/p>    <p>Los equipos y procesos tecnol\u00f3gicos utilizados en la producci\u00f3n de bandejas de vino son los mismos que los de las bandejas de huevos. La producci\u00f3n es relativamente simple y existen muchos tipos de m\u00e1quinas para fabricar bandejas de papel para vino. La producci\u00f3n m\u00ednima es una m\u00e1quina para fabricar bandejas de papel para vino de 1000 piezas por hora.<\/p>    <figure class=\"wp-block-image size-full\"><img loading=\"lazy\" decoding=\"async\" width=\"720\" height=\"540\" src=\"https:\/\/eggtraymachine.org\/wp-content\/uploads\/2022\/11\/Paper-wine-tray-forming-machine.jpg\" alt=\"M\u00e1quina formadora de bandejas de vino de papel\" class=\"wp-image-393\" title=\"\" srcset=\"https:\/\/eggtraymachine.org\/wp-content\/uploads\/2022\/11\/Paper-wine-tray-forming-machine.jpg 720w, https:\/\/eggtraymachine.org\/wp-content\/uploads\/2022\/11\/Paper-wine-tray-forming-machine-300x225.jpg 300w\" sizes=\"auto, (max-width: 720px) 100vw, 720px\" \/><figcaption class=\"wp-element-caption\">M\u00e1quina formadora de bandejas de vino de papel<\/figcaption><\/figure>","protected":false},"excerpt":{"rendered":"<p>The paper wine tray-making machine is a kind of paper tray for wine bottle packaging. The wine tray production machine uses waste paper to perform processes such as crushing, molding, drying, etc., to produce the packaging of wine bottles to prevent glass products from hitting and breaking. This paper wine tray-making machine can Production of [&hellip;]<\/p>\n","protected":false},"author":1,"featured_media":385,"parent":0,"template":"","tags":[29],"product-type":[10],"class_list":["post-384","product","type-product","status-publish","has-post-thumbnail","hentry","tag-paper-wine-tray-making-machine","product-type-paper-pulp-tray-forming"],"_links":{"self":[{"href":"https:\/\/eggtraymachine.org\/es\/wp-json\/wp\/v2\/product\/384","targetHints":{"allow":["GET"]}}],"collection":[{"href":"https:\/\/eggtraymachine.org\/es\/wp-json\/wp\/v2\/product"}],"about":[{"href":"https:\/\/eggtraymachine.org\/es\/wp-json\/wp\/v2\/types\/product"}],"author":[{"embeddable":true,"href":"https:\/\/eggtraymachine.org\/es\/wp-json\/wp\/v2\/users\/1"}],"wp:featuredmedia":[{"embeddable":true,"href":"https:\/\/eggtraymachine.org\/es\/wp-json\/wp\/v2\/media\/385"}],"wp:attachment":[{"href":"https:\/\/eggtraymachine.org\/es\/wp-json\/wp\/v2\/media?parent=384"}],"wp:term":[{"taxonomy":"post_tag","embeddable":true,"href":"https:\/\/eggtraymachine.org\/es\/wp-json\/wp\/v2\/tags?post=384"},{"taxonomy":"product-type","embeddable":true,"href":"https:\/\/eggtraymachine.org\/es\/wp-json\/wp\/v2\/product-type?post=384"}],"curies":[{"name":"wp","href":"https:\/\/api.w.org\/{rel}","templated":true}]}}