{"id":277,"date":"2022-08-12T06:20:33","date_gmt":"2022-08-12T06:20:33","guid":{"rendered":"https:\/\/eggtraymachine.org\/?post_type=product&#038;p=277"},"modified":"2022-12-05T10:14:13","modified_gmt":"2022-12-05T02:14:13","slug":"2000pc-h-pulp-egg-tray-machine","status":"publish","type":"product","link":"https:\/\/eggtraymachine.org\/es\/product\/2000pc-h-pulp-egg-tray-machine\/","title":{"rendered":"M\u00e1quina de bandeja de huevos de pulpa 2000pc\/h"},"content":{"rendered":"<p class=\"translation-block\">Esta m\u00e1quina de bandejas de huevos de pulpa es una m\u00e1quina de bandejas de huevos con una producci\u00f3n de 2000 unidades por hora, y nuestra <a href=\"https:\/\/eggtraymachine.org\/es\/product\/egg-tray-production-line\/\">producci\u00f3n de bandejas de huevos tiene 1000-8000 configuraciones diferentes<\/a>. La bandeja de huevos se recicla utilizando papel de desecho. Despu\u00e9s de triturar, se fabrica la bandeja de huevos. El tama\u00f1o normal de la bandeja de huevos producida es de 30 agujeros, y tambi\u00e9n se puede personalizar.<\/p>    <figure class=\"wp-block-embed is-type-video is-provider-youtube wp-block-embed-youtube wp-embed-aspect-16-9 wp-has-aspect-ratio\"><div class=\"wp-block-embed__wrapper\"> <iframe loading=\"lazy\" title=\"M\u00e1quina de productos de bandeja de huevos p\u00farpura | la m\u00e1quina para fabricar bandejas de huevos de papel | proyecto de reciclaje de papel usado\" width=\"500\" height=\"281\" src=\"https:\/\/www.youtube.com\/embed\/5HgNoY7QYm0?feature=oembed\" frameborder=\"0\" allow=\"accelerometer; autoplay; clipboard-write; encrypted-media; gyroscope; picture-in-picture; web-share\" referrerpolicy=\"strict-origin-when-cross-origin\" allowfullscreen><\/iframe> <\/div><\/figure>    <h2 class=\"wp-block-heading\" id=\"h-why-is-the-egg-tray-industry-so-popular\">\u00bfPor qu\u00e9 es tan popular la industria de las bandejas para huevos?<\/h2>    <figure class=\"wp-block-gallery has-nested-images columns-default is-cropped wp-block-gallery-2 is-layout-flex wp-block-gallery-is-layout-flex\"> <figure class=\"wp-block-image size-large\"><img loading=\"lazy\" decoding=\"async\" width=\"720\" height=\"540\" data-id=\"283\" src=\"https:\/\/eggtraymachine.org\/wp-content\/uploads\/2022\/08\/pulp-egg-tray-after-packing.webp\" alt=\"bandeja de pulpa de huevos despu\u00e9s del embalaje\" class=\"wp-image-283\" title=\"\" srcset=\"https:\/\/eggtraymachine.org\/wp-content\/uploads\/2022\/08\/pulp-egg-tray-after-packing.webp 720w, https:\/\/eggtraymachine.org\/wp-content\/uploads\/2022\/08\/pulp-egg-tray-after-packing-300x225.webp 300w\" sizes=\"auto, (max-width: 720px) 100vw, 720px\" \/><figcaption class=\"wp-element-caption\">Bandeja de pulpa para huevos despu\u00e9s del embalaje<\/figcaption><\/figure>    <figure class=\"wp-block-image size-large\"><img loading=\"lazy\" decoding=\"async\" width=\"720\" height=\"540\" data-id=\"284\" src=\"https:\/\/eggtraymachine.org\/wp-content\/uploads\/2022\/08\/pulp-egg-tray.webp\" alt=\"bandeja de pulpa de huevo\" class=\"wp-image-284\" title=\"\" srcset=\"https:\/\/eggtraymachine.org\/wp-content\/uploads\/2022\/08\/pulp-egg-tray.webp 720w, https:\/\/eggtraymachine.org\/wp-content\/uploads\/2022\/08\/pulp-egg-tray-300x225.webp 300w\" sizes=\"auto, (max-width: 720px) 100vw, 720px\" \/><figcaption class=\"wp-element-caption\">Bandeja de pulpa para huevos<\/figcaption><\/figure> <\/figure>    <p>Hay tres razones que explican la popularidad de la producci\u00f3n de bandejas para huevos. Primero, el costo de producci\u00f3n de las bandejas para huevos es bajo y el costo de producci\u00f3n de las bandejas para huevos, especialmente las materias primas, es bajo. Adem\u00e1s, la producci\u00f3n de bandejas para huevos es un proceso respetuoso con el medio ambiente y todo el proceso de producci\u00f3n de bandejas para huevos est\u00e1 libre de contaminaci\u00f3n y cumple con los est\u00e1ndares de saneamiento ambiental de varios pa\u00edses. Por \u00faltimo, las bandejas para huevos son consumibles y los fabricantes de bandejas para huevos pueden tener clientes habituales y pedidos estables. \u00c9stas son las razones por las que la producci\u00f3n de bandejas para huevos es tan popular.<\/p>    <h2 class=\"wp-block-heading\">Par\u00e1metro de la m\u00e1quina de bandeja de huevos de pulpa 2000pc\/h<\/h2>   <div class=\"wp-block-image\"> <figure class=\"aligncenter size-full\"><img loading=\"lazy\" decoding=\"async\" width=\"720\" height=\"540\" src=\"https:\/\/eggtraymachine.org\/wp-content\/uploads\/2022\/08\/pulp-egg-tray-machine-1.webp\" alt=\"M\u00e1quina formadora de bandejas de pulpa de huevos\" class=\"wp-image-285\" title=\"\" srcset=\"https:\/\/eggtraymachine.org\/wp-content\/uploads\/2022\/08\/pulp-egg-tray-machine-1.webp 720w, https:\/\/eggtraymachine.org\/wp-content\/uploads\/2022\/08\/pulp-egg-tray-machine-1-300x225.webp 300w\" sizes=\"auto, (max-width: 720px) 100vw, 720px\" \/><figcaption class=\"wp-element-caption\">M\u00e1quina formadora de bandejas de pulpa de huevos<\/figcaption><\/figure> <\/div>   <figure class=\"wp-block-table\"><table><tbody><tr><td>modelo<\/td><td>  producci\u00f3n<\/td><td>consumo de papel<\/td><td>Consumo de agua<br><\/td><td>energ\u00eda utilizada<\/td><td>n\u00famero de trabajo<\/td><\/tr><tr><td>SL-3*4<\/td><td>2000-2500 piezas\/h<\/td><td>200kg\/h<\/td><td>450kg\/h<\/td><td>58 kw\/h<\/td><td>4-5<\/td><\/tr><\/tbody><\/table><figcaption class=\"wp-element-caption\"> Par\u00e1metro de la m\u00e1quina de la bandeja de huevos de pulpa<\/figcaption><\/figure>    <p class=\"translation-block\">La producci\u00f3n m\u00ednima de esta <a href=\"https:\/\/en.wikipedia.org\/wiki\/Pulp_(band)\" data-type=\"URL\" data-id=\"https:\/\/en.wikipedia.org\/wiki\/Pulp_(band)\" target=\"_blank\" rel=\"noopener\">m\u00e1quina de bandejas de huevos de pulpa<\/a> es de 2000\/h, y la m\u00e1s alta puede alcanzar las 2500 unidades\/h, lo que tiene cierta relaci\u00f3n con las habilidades operativas de los trabajadores de la l\u00ednea de producci\u00f3n de bandejas de huevos. Despu\u00e9s de calcular, se necesitan consumir 200 kg de papel y 450 kg de papel en una hora. La relaci\u00f3n agua-papel es de aproximadamente 3:1.<\/p>    <h2 class=\"wp-block-heading\">Selecci\u00f3n de modelo de m\u00e1quina para bandejas de huevos.<\/h2>   <div class=\"wp-block-image\"> <figure class=\"aligncenter size-full\"><img loading=\"lazy\" decoding=\"async\" width=\"720\" height=\"540\" src=\"https:\/\/eggtraymachine.org\/wp-content\/uploads\/2022\/08\/egg-tray-machine-factory-1.webp\" alt=\"f\u00e1brica de m\u00e1quinas de bandejas de huevos\" class=\"wp-image-287\" title=\"\" srcset=\"https:\/\/eggtraymachine.org\/wp-content\/uploads\/2022\/08\/egg-tray-machine-factory-1.webp 720w, https:\/\/eggtraymachine.org\/wp-content\/uploads\/2022\/08\/egg-tray-machine-factory-1-300x225.webp 300w\" sizes=\"auto, (max-width: 720px) 100vw, 720px\" \/><figcaption class=\"wp-element-caption\">f\u00e1brica de m\u00e1quinas de bandejas de huevos<\/figcaption><\/figure> <\/div>   <p class=\"translation-block\">La f\u00e1brica Shuliy tiene l\u00edneas de producci\u00f3n de bandejas de huevos con diferentes producciones de 1000-8000 unidades\/h, que satisfacen las necesidades de la mayor\u00eda de la producci\u00f3n de bandejas de huevos, entre las cuales <a href=\"https:\/\/eggtraymachine.org\/es\/product\/egg-tray-making-machine\/\">la producci\u00f3n de bandejas de huevos de 1000-2000 unidades\/h<\/a> pertenece al procesamiento de bandejas de huevos a peque\u00f1a escala, adecuado para la producci\u00f3n en talleres familiares. O cuando una f\u00e1brica peque\u00f1a procesa bandejas de huevos, 8000 unidades\/h es la producci\u00f3n m\u00e1xima. Si trabaja 8 horas al d\u00eda, puede producir 64.000 unidades al d\u00eda, lo que puede formar una cierta escala de procesamiento de bandejas de huevos.<\/p>    <h2 class=\"wp-block-heading\">Configuraci\u00f3n del equipo de producci\u00f3n de bandejas de huevos de 2000 pc\/h<\/h2>   <div class=\"wp-block-image\"> <figure class=\"aligncenter size-full\"><img loading=\"lazy\" decoding=\"async\" width=\"720\" height=\"540\" src=\"https:\/\/eggtraymachine.org\/wp-content\/uploads\/2022\/08\/egg-tray-production-line-5.webp\" alt=\"l\u00ednea de producci\u00f3n de bandejas de huevos\" class=\"wp-image-286\" title=\"\" srcset=\"https:\/\/eggtraymachine.org\/wp-content\/uploads\/2022\/08\/egg-tray-production-line-5.webp 720w, https:\/\/eggtraymachine.org\/wp-content\/uploads\/2022\/08\/egg-tray-production-line-5-300x225.webp 300w\" sizes=\"auto, (max-width: 720px) 100vw, 720px\" \/><figcaption class=\"wp-element-caption\">l\u00ednea de producci\u00f3n de bandejas de huevos<\/figcaption><\/figure> <\/div>   <p>La producci\u00f3n de bandejas de huevos a 2000 pc\/h requiere una despulpadora, una m\u00e1quina formadora de bandejas de huevos, una secadora y una empacadora. Estos dispositivos forman una l\u00ednea completa de producci\u00f3n de bandejas para huevos.<\/p>    <h2 class=\"wp-block-heading\">Molde de m\u00e1quina de bandeja de huevos de pulpa<\/h2>    <figure class=\"wp-block-gallery has-nested-images columns-default is-cropped wp-block-gallery-3 is-layout-flex wp-block-gallery-is-layout-flex\"> <figure class=\"wp-block-image size-large\"><img loading=\"lazy\" decoding=\"async\" width=\"720\" height=\"540\" data-id=\"288\" src=\"https:\/\/eggtraymachine.org\/wp-content\/uploads\/2022\/08\/plastic-egg-tray-mould.webp\" alt=\"molde de bandeja de huevos de pl\u00e1stico\" class=\"wp-image-288\" title=\"\" srcset=\"https:\/\/eggtraymachine.org\/wp-content\/uploads\/2022\/08\/plastic-egg-tray-mould.webp 720w, https:\/\/eggtraymachine.org\/wp-content\/uploads\/2022\/08\/plastic-egg-tray-mould-300x225.webp 300w\" sizes=\"auto, (max-width: 720px) 100vw, 720px\" \/><figcaption class=\"wp-element-caption\">Molde de bandeja de huevos de pl\u00e1stico<\/figcaption><\/figure>    <figure class=\"wp-block-image size-large\"><img loading=\"lazy\" decoding=\"async\" width=\"720\" height=\"540\" data-id=\"289\" src=\"https:\/\/eggtraymachine.org\/wp-content\/uploads\/2022\/08\/metal-egg-tray-mould.webp\" alt=\"molde de bandeja de huevos de metal\" class=\"wp-image-289\" title=\"\" srcset=\"https:\/\/eggtraymachine.org\/wp-content\/uploads\/2022\/08\/metal-egg-tray-mould.webp 720w, https:\/\/eggtraymachine.org\/wp-content\/uploads\/2022\/08\/metal-egg-tray-mould-300x225.webp 300w\" sizes=\"auto, (max-width: 720px) 100vw, 720px\" \/><figcaption class=\"wp-element-caption\">Molde de bandeja de huevos de metal<\/figcaption><\/figure> <\/figure>    <p>El molde de la m\u00e1quina para fabricar bandejas de huevos con pulpa tiene dos materiales, uno es la bandeja para huevos hecha de material pl\u00e1stico y el otro es la bandeja para huevos hecha de material met\u00e1lico. Tambi\u00e9n un poco m\u00e1s caro. Para hacer diferentes tipos de bandejas para huevos, solo necesita reemplazar diferentes moldes para bandejas para huevos, pero adem\u00e1s de hacer bandejas para huevos, se requieren bandejas para huevos de metal para fabricar otros tipos de productos de papel. Debido a que las bandejas para huevos de metal est\u00e1n hechas de forma m\u00e1s fina, las bandejas para huevos de pl\u00e1stico no pueden cumplir con los requisitos.<\/p>    <h2 class=\"wp-block-heading\">Secador de bandeja de huevos de 2000 kg\/h<\/h2>   <div class=\"wp-block-image\"> <figure class=\"aligncenter size-full\"><img loading=\"lazy\" decoding=\"async\" width=\"720\" height=\"540\" src=\"https:\/\/eggtraymachine.org\/wp-content\/uploads\/2022\/08\/egg-tray-after-drying.webp\" alt=\"bandeja de huevos despu\u00e9s del secado\" class=\"wp-image-290\" title=\"\" srcset=\"https:\/\/eggtraymachine.org\/wp-content\/uploads\/2022\/08\/egg-tray-after-drying.webp 720w, https:\/\/eggtraymachine.org\/wp-content\/uploads\/2022\/08\/egg-tray-after-drying-300x225.webp 300w\" sizes=\"auto, (max-width: 720px) 100vw, 720px\" \/><figcaption class=\"wp-element-caption\">bandeja de huevos despu\u00e9s del secado<\/figcaption><\/figure> <\/div>   <p class=\"translation-block\">El secado natural de bandejas de huevos de 2000 kg\/h ya no puede satisfacer las necesidades de producci\u00f3n. Necesita ser secado con un <a href=\"https:\/\/eggtraymachine.org\/es\/product\/paper-egg-tray-dryer-egg-tray-drying-machine\/\">secador de bandejas de huevos de metal<\/a>, o se puede construir un horno de ladrillos para el secado. La eficiencia de secado del secador es de aproximadamente 30-40 minutos, y el proceso de secado puede ser producci\u00f3n totalmente autom\u00e1tica.<\/p>    <h2 class=\"wp-block-heading\">V\u00eddeo de la m\u00e1quina de bandeja de huevos de pulpa 2000pc\/h<\/h2>    <figure class=\"wp-block-embed is-type-video is-provider-youtube wp-block-embed-youtube wp-embed-aspect-16-9 wp-has-aspect-ratio\"><div class=\"wp-block-embed__wrapper\"> <iframe loading=\"lazy\" title=\"La f\u00e1brica de m\u00e1quinas para bandejas de huevos ha producido m\u00e1quinas para bandejas de huevos de 2000 unidades por hora para clientes de Uzbekist\u00e1n.\" width=\"500\" height=\"281\" src=\"https:\/\/www.youtube.com\/embed\/qA1CohOIiFc?feature=oembed\" frameborder=\"0\" allow=\"accelerometer; autoplay; clipboard-write; encrypted-media; gyroscope; picture-in-picture; web-share\" referrerpolicy=\"strict-origin-when-cross-origin\" allowfullscreen><\/iframe> <\/div><figcaption class=\"wp-element-caption\">V\u00eddeo de la m\u00e1quina de bandejas de huevos.<\/figcaption><\/figure>","protected":false},"excerpt":{"rendered":"<p>Esta m\u00e1quina para fabricar bandejas de huevos con pulpa es una m\u00e1quina para fabricar bandejas de huevos con una producci\u00f3n de 2000 piezas por hora, y nuestra producci\u00f3n de bandejas para huevos tiene entre 1000 y 8000 configuraciones diferentes. <\/p>","protected":false},"author":1,"featured_media":282,"parent":0,"template":"","tags":[26],"product-type":[9,4],"class_list":["post-277","product","type-product","status-publish","has-post-thumbnail","hentry","tag-egg-tray-machine","product-type-egg-tray-making","product-type-product"],"_links":{"self":[{"href":"https:\/\/eggtraymachine.org\/es\/wp-json\/wp\/v2\/product\/277","targetHints":{"allow":["GET"]}}],"collection":[{"href":"https:\/\/eggtraymachine.org\/es\/wp-json\/wp\/v2\/product"}],"about":[{"href":"https:\/\/eggtraymachine.org\/es\/wp-json\/wp\/v2\/types\/product"}],"author":[{"embeddable":true,"href":"https:\/\/eggtraymachine.org\/es\/wp-json\/wp\/v2\/users\/1"}],"wp:featuredmedia":[{"embeddable":true,"href":"https:\/\/eggtraymachine.org\/es\/wp-json\/wp\/v2\/media\/282"}],"wp:attachment":[{"href":"https:\/\/eggtraymachine.org\/es\/wp-json\/wp\/v2\/media?parent=277"}],"wp:term":[{"taxonomy":"post_tag","embeddable":true,"href":"https:\/\/eggtraymachine.org\/es\/wp-json\/wp\/v2\/tags?post=277"},{"taxonomy":"product-type","embeddable":true,"href":"https:\/\/eggtraymachine.org\/es\/wp-json\/wp\/v2\/product-type?post=277"}],"curies":[{"name":"wp","href":"https:\/\/api.w.org\/{rel}","templated":true}]}}