{"id":224,"date":"2022-08-11T02:59:56","date_gmt":"2022-08-11T02:59:56","guid":{"rendered":"https:\/\/eggtraymachine.org\/?post_type=product&#038;p=224"},"modified":"2025-08-14T14:20:27","modified_gmt":"2025-08-14T06:20:27","slug":"egg-tray-carton-hot-pressing-machine","status":"publish","type":"product","link":"https:\/\/eggtraymachine.org\/es\/product\/egg-tray-carton-hot-pressing-machine\/","title":{"rendered":"M\u00e1quina de prensado en caliente de cart\u00f3n para bandejas de huevos"},"content":{"rendered":"<p class=\"translation-block\">Una m\u00e1quina de prensado en caliente para cajas de bandejas de huevos es una m\u00e1quina para alisar la superficie de las bandejas de huevos y las cajas de bandejas de huevos, y para el procesamiento profundo de las bandejas de huevos. Generalmente se utiliza para el prensado en caliente despu\u00e9s de <a href=\"https:\/\/eggtraymachine.org\/es\/product\/egg-tray-production-line\/\">la caja de formaci\u00f3n de la m\u00e1quina formadora de bandejas de huevos<\/a>, y puede empaquetarse despu\u00e9s del prensado en caliente. <\/p>    <p>La prensa en caliente solo tarda entre 6 y 10 segundos en prensar una bandeja de huevos, con una eficiencia de producci\u00f3n extremadamente alta. Actualmente, la m\u00e1quina de conformado por prensa en caliente se ha vendido a Estados Unidos, Francia, Vietnam, Filipinas y otros lugares.<\/p>    <h2 class=\"wp-block-heading\">Video de funcionamiento de la prensa en caliente para bandejas de huevos<\/h2>    <figure class=\"wp-block-embed is-type-video is-provider-youtube wp-block-embed-youtube wp-embed-aspect-16-9 wp-has-aspect-ratio\"><div class=\"wp-block-embed__wrapper\"> <iframe loading=\"lazy\" title=\"Bandeja de huevos extra\u00edble prensa caliente | puede presionar cuatro a la vez\" width=\"422\" height=\"750\" src=\"https:\/\/www.youtube.com\/embed\/L_EJA79i29Y?feature=oembed\" frameborder=\"0\" allow=\"accelerometer; autoplay; clipboard-write; encrypted-media; gyroscope; picture-in-picture; web-share\" referrerpolicy=\"strict-origin-when-cross-origin\" allowfullscreen><\/iframe> <\/div><\/figure>    <h2 class=\"wp-block-heading\">\u00bfQu\u00e9 productos deben corregirse de forma?<\/h2>    <figure class=\"wp-block-gallery has-nested-images columns-default is-cropped wp-block-gallery-2 is-layout-flex wp-block-gallery-is-layout-flex\"> <figure class=\"wp-block-image size-large\"><img loading=\"lazy\" decoding=\"async\" width=\"720\" height=\"540\" data-id=\"469\" src=\"https:\/\/eggtraymachine.org\/wp-content\/uploads\/2023\/03\/egg-tray-making-1.webp\" alt=\"hacer bandejas de huevos\" class=\"wp-image-469\" title=\"\" srcset=\"https:\/\/eggtraymachine.org\/wp-content\/uploads\/2023\/03\/egg-tray-making-1.webp 720w, https:\/\/eggtraymachine.org\/wp-content\/uploads\/2023\/03\/egg-tray-making-1-300x225.webp 300w\" sizes=\"auto, (max-width: 720px) 100vw, 720px\" \/><figcaption class=\"wp-element-caption\">Fabricaci\u00f3n de bandejas para huevos<\/figcaption><\/figure>    <figure class=\"wp-block-image size-large\"><img loading=\"lazy\" decoding=\"async\" width=\"720\" height=\"540\" data-id=\"444\" src=\"https:\/\/eggtraymachine.org\/wp-content\/uploads\/2023\/03\/Waste-paper-processing-for-different-packaging-products.webp\" alt=\"Procesamiento de papel usado para diferentes productos de embalaje.\" class=\"wp-image-444\" title=\"\" srcset=\"https:\/\/eggtraymachine.org\/wp-content\/uploads\/2023\/03\/Waste-paper-processing-for-different-packaging-products.webp 720w, https:\/\/eggtraymachine.org\/wp-content\/uploads\/2023\/03\/Waste-paper-processing-for-different-packaging-products-300x225.webp 300w\" sizes=\"auto, (max-width: 720px) 100vw, 720px\" \/><figcaption class=\"wp-element-caption\">Procesamiento de papel usado para diferentes productos de embalaje<\/figcaption><\/figure> <\/figure>    <p>Las bandejas para huevos de primera calidad y otros productos de papel requieren m\u00e1quinas de prensado en caliente. Si los requisitos para la apariencia de la bandeja de huevos no son muy altos, se puede omitir la bandeja de huevos, pero otros productos de papel deben estar equipados con una m\u00e1quina de prensado en caliente, como cajas de huevos, bandejas de frutas, bandejas de vino y bebidas de caf\u00e9. bandejas.<\/p>    <figure class=\"wp-block-gallery has-nested-images columns-default is-cropped wp-block-gallery-3 is-layout-flex wp-block-gallery-is-layout-flex\"> <figure class=\"wp-block-image size-large\"><img loading=\"lazy\" decoding=\"async\" width=\"720\" height=\"540\" data-id=\"387\" src=\"https:\/\/eggtraymachine.org\/wp-content\/uploads\/2022\/11\/Paper-wine-tray-making-machine-1.jpg\" alt=\"bandeja de vino\" class=\"wp-image-387\" title=\"\" srcset=\"https:\/\/eggtraymachine.org\/wp-content\/uploads\/2022\/11\/Paper-wine-tray-making-machine-1.jpg 720w, https:\/\/eggtraymachine.org\/wp-content\/uploads\/2022\/11\/Paper-wine-tray-making-machine-1-300x225.jpg 300w\" sizes=\"auto, (max-width: 720px) 100vw, 720px\" \/><figcaption class=\"wp-element-caption\">Bandeja de vino<\/figcaption><\/figure>    <figure class=\"wp-block-image size-large\"><img loading=\"lazy\" decoding=\"async\" width=\"720\" height=\"540\" data-id=\"386\" src=\"https:\/\/eggtraymachine.org\/wp-content\/uploads\/2022\/11\/Paper-wine-tray.jpg\" alt=\"M\u00e1quina para fabricar bandejas de vino de papel.\" class=\"wp-image-386\" title=\"\" srcset=\"https:\/\/eggtraymachine.org\/wp-content\/uploads\/2022\/11\/Paper-wine-tray.jpg 720w, https:\/\/eggtraymachine.org\/wp-content\/uploads\/2022\/11\/Paper-wine-tray-300x225.jpg 300w\" sizes=\"auto, (max-width: 720px) 100vw, 720px\" \/><figcaption class=\"wp-element-caption\">M\u00e1quina para fabricar bandejas de vino de papel<\/figcaption><\/figure> <\/figure>    <h2 class=\"wp-block-heading\">La funci\u00f3n de la m\u00e1quina prensadora de bandejas de huevos.<\/h2>    <figure class=\"wp-block-gallery aligncenter has-nested-images columns-default is-cropped wp-block-gallery-4 is-layout-flex wp-block-gallery-is-layout-flex\"> <figure class=\"wp-block-image size-full\"><img loading=\"lazy\" decoding=\"async\" width=\"720\" height=\"540\" data-id=\"230\" src=\"https:\/\/eggtraymachine.org\/wp-content\/uploads\/2022\/08\/egg-tray-pressing-machine-function.webp\" alt=\"Funci\u00f3n de la m\u00e1quina prensadora de bandejas de huevos\" class=\"wp-image-230\" title=\"\" srcset=\"https:\/\/eggtraymachine.org\/wp-content\/uploads\/2022\/08\/egg-tray-pressing-machine-function.webp 720w, https:\/\/eggtraymachine.org\/wp-content\/uploads\/2022\/08\/egg-tray-pressing-machine-function-300x225.webp 300w\" sizes=\"auto, (max-width: 720px) 100vw, 720px\" \/><figcaption class=\"wp-element-caption\">Funci\u00f3n de la m\u00e1quina de prensado en caliente de bandeja de huevos<\/figcaption><\/figure>    <figure class=\"wp-block-image size-full\"><img loading=\"lazy\" decoding=\"async\" width=\"720\" height=\"540\" data-id=\"388\" src=\"https:\/\/eggtraymachine.org\/wp-content\/uploads\/2022\/11\/wine-tray.jpg\" alt=\"bandeja de vino\" class=\"wp-image-388\" title=\"\" srcset=\"https:\/\/eggtraymachine.org\/wp-content\/uploads\/2022\/11\/wine-tray.jpg 720w, https:\/\/eggtraymachine.org\/wp-content\/uploads\/2022\/11\/wine-tray-300x225.jpg 300w\" sizes=\"auto, (max-width: 720px) 100vw, 720px\" \/><figcaption class=\"wp-element-caption\">Bandeja de vino<\/figcaption><\/figure> <\/figure>    <p class=\"translation-block\">La <a href=\"https:\/\/en.wikipedia.org\/wiki\/Hot_Press\" data-type=\"URL\" data-id=\"https:\/\/en.wikipedia.org\/wiki\/Hot_Press\" target=\"_blank\" rel=\"noopener\">prensa en caliente<\/a> se utiliza para la correcci\u00f3n de la forma despu\u00e9s de que la bandeja de huevos se ha formado, lo que puede hacer que la superficie de la bandeja de huevos o la bandeja de papel sea m\u00e1s lisa. Despu\u00e9s de usar la m\u00e1quina de conformado por prensa en caliente, la caja de huevos ser\u00e1 m\u00e1s bonita, lo que puede aumentar el precio de la caja de huevos y producirla para la caja de huevos, generando mayores beneficios.<\/p>    <h2 class=\"wp-block-heading\">\u00bfC\u00f3mo utilizar la m\u00e1quina prensadora en caliente de bandejas de huevos?<\/h2>    <p>Una m\u00e1quina de prensado en caliente para cajas de huevos es una m\u00e1quina semiautom\u00e1tica que requiere operaci\u00f3n manual. Mediante el prensado en caliente de la m\u00e1quina, la superficie de la caja de huevos y la bandeja de huevos es m\u00e1s uniforme. La temperatura se puede ajustar entre 150 y 200 grados Celsius seg\u00fan las necesidades reales. <\/p>    <p>Tiene una amplia gama de aplicaciones, que se pueden utilizar para prensar en caliente cajas de huevos, bandejas de vino, bandejas de frutas y otras bandejas de papel. El tiempo requerido para prensar en caliente una bandeja de huevos es de 6 a 10 segundos. La eficiencia de producci\u00f3n es muy alta.<\/p>    <figure class=\"wp-block-gallery aligncenter has-nested-images columns-default is-cropped wp-block-gallery-5 is-layout-flex wp-block-gallery-is-layout-flex\"> <figure class=\"wp-block-image size-large\"><img loading=\"lazy\" decoding=\"async\" width=\"540\" height=\"720\" data-id=\"733\" src=\"https:\/\/eggtraymachine.org\/wp-content\/uploads\/2025\/08\/egg-carton-hot-press-machine.webp\" alt=\"m\u00e1quina de prensado en caliente para cajas de huevos\" class=\"wp-image-733\" title=\"\" srcset=\"https:\/\/eggtraymachine.org\/wp-content\/uploads\/2025\/08\/egg-carton-hot-press-machine.webp 540w, https:\/\/eggtraymachine.org\/wp-content\/uploads\/2025\/08\/egg-carton-hot-press-machine-225x300.webp 225w, https:\/\/eggtraymachine.org\/wp-content\/uploads\/2025\/08\/egg-carton-hot-press-machine-9x12.webp 9w\" sizes=\"auto, (max-width: 540px) 100vw, 540px\" \/><figcaption class=\"wp-element-caption\">M\u00e1quina de prensado en caliente para cajas de huevos<\/figcaption><\/figure>    <figure class=\"wp-block-image size-large\"><img loading=\"lazy\" decoding=\"async\" width=\"720\" height=\"540\" data-id=\"739\" src=\"https:\/\/eggtraymachine.org\/wp-content\/uploads\/2025\/08\/hot-pressing-disk.webp\" alt=\"una m\u00e1quina con algunas cajas encima\" class=\"wp-image-739\" title=\"\" srcset=\"https:\/\/eggtraymachine.org\/wp-content\/uploads\/2025\/08\/hot-pressing-disk.webp 720w, https:\/\/eggtraymachine.org\/wp-content\/uploads\/2025\/08\/hot-pressing-disk-300x225.webp 300w, https:\/\/eggtraymachine.org\/wp-content\/uploads\/2025\/08\/hot-pressing-disk-16x12.webp 16w\" sizes=\"auto, (max-width: 720px) 100vw, 720px\" \/><figcaption class=\"wp-element-caption\">Disco de prensado en caliente<\/figcaption><\/figure> <\/figure>    <h2 class=\"wp-block-heading\">C\u00f3mo funciona una m\u00e1quina de prensado en caliente de cart\u00f3n de huevos<\/h2>    <figure class=\"wp-block-gallery has-nested-images columns-default is-cropped wp-block-gallery-6 is-layout-flex wp-block-gallery-is-layout-flex\"> <figure class=\"wp-block-image size-full\"><img loading=\"lazy\" decoding=\"async\" width=\"540\" height=\"720\" data-id=\"738\" src=\"https:\/\/eggtraymachine.org\/wp-content\/uploads\/2025\/08\/hot-press-machine.webp\" alt=\"m\u00e1quina de prensa caliente\" class=\"wp-image-738\" title=\"\" srcset=\"https:\/\/eggtraymachine.org\/wp-content\/uploads\/2025\/08\/hot-press-machine.webp 540w, https:\/\/eggtraymachine.org\/wp-content\/uploads\/2025\/08\/hot-press-machine-225x300.webp 225w, https:\/\/eggtraymachine.org\/wp-content\/uploads\/2025\/08\/hot-press-machine-9x12.webp 9w\" sizes=\"auto, (max-width: 540px) 100vw, 540px\" \/><figcaption class=\"wp-element-caption\">M\u00e1quina de prensa en caliente<\/figcaption><\/figure>    <figure class=\"wp-block-image size-full\"><img loading=\"lazy\" decoding=\"async\" width=\"540\" height=\"720\" data-id=\"734\" src=\"https:\/\/eggtraymachine.org\/wp-content\/uploads\/2025\/08\/egg-carton-hot-press.webp\" alt=\"prensa en caliente para cajas de huevos\" class=\"wp-image-734\" title=\"\" srcset=\"https:\/\/eggtraymachine.org\/wp-content\/uploads\/2025\/08\/egg-carton-hot-press.webp 540w, https:\/\/eggtraymachine.org\/wp-content\/uploads\/2025\/08\/egg-carton-hot-press-225x300.webp 225w, https:\/\/eggtraymachine.org\/wp-content\/uploads\/2025\/08\/egg-carton-hot-press-9x12.webp 9w\" sizes=\"auto, (max-width: 540px) 100vw, 540px\" \/><figcaption class=\"wp-element-caption\">Prensa en caliente para cajas de huevos<\/figcaption><\/figure>    <figure class=\"wp-block-image size-full\"><img loading=\"lazy\" decoding=\"async\" width=\"540\" height=\"720\" data-id=\"736\" src=\"https:\/\/eggtraymachine.org\/wp-content\/uploads\/2025\/08\/egg-tray-hot-press.webp\" alt=\"prensa caliente para bandeja de huevos\" class=\"wp-image-736\" title=\"\" srcset=\"https:\/\/eggtraymachine.org\/wp-content\/uploads\/2025\/08\/egg-tray-hot-press.webp 540w, https:\/\/eggtraymachine.org\/wp-content\/uploads\/2025\/08\/egg-tray-hot-press-225x300.webp 225w, https:\/\/eggtraymachine.org\/wp-content\/uploads\/2025\/08\/egg-tray-hot-press-9x12.webp 9w\" sizes=\"auto, (max-width: 540px) 100vw, 540px\" \/><figcaption class=\"wp-element-caption\">Prensa en caliente para bandejas de huevos<\/figcaption><\/figure> <\/figure>    <p>La prensa t\u00e9rmica para bandejas de huevos se forma mediante alta temperatura. Cuando la superficie de la caja de huevos se expone a altas temperaturas, los pliegues de la superficie se estirar\u00e1n, al igual que planchar ropa en casa, que utiliza el mismo principio de funcionamiento. La temperatura de la m\u00e1quina de prensado en caliente para bandejas de huevos tambi\u00e9n se puede ajustar, lo que es muy simple y conveniente.<\/p>    <h2 class=\"wp-block-heading\">La estructura de la m\u00e1quina moldeadora de prensa en caliente.<\/h2>    <p>Los componentes principales de la m\u00e1quina prensadora en caliente para bandejas de huevos incluyen el motor, el engranaje, el motor, el cojinete, la caja de cambios, etc. El componente principal es el motor. El molde de la prensa en caliente de la bandeja de huevos se puede reemplazar y es necesario reemplazar diferentes moldes para procesar diferentes bandejas de papel.<\/p>    <figure class=\"wp-block-gallery has-nested-images columns-default is-cropped wp-block-gallery-7 is-layout-flex wp-block-gallery-is-layout-flex\"> <figure class=\"wp-block-image size-large\"><img loading=\"lazy\" decoding=\"async\" width=\"720\" height=\"540\" data-id=\"739\" src=\"https:\/\/eggtraymachine.org\/wp-content\/uploads\/2025\/08\/hot-pressing-disk.webp\" alt=\"una m\u00e1quina con algunas cajas encima\" class=\"wp-image-739\" title=\"\" srcset=\"https:\/\/eggtraymachine.org\/wp-content\/uploads\/2025\/08\/hot-pressing-disk.webp 720w, https:\/\/eggtraymachine.org\/wp-content\/uploads\/2025\/08\/hot-pressing-disk-300x225.webp 300w, https:\/\/eggtraymachine.org\/wp-content\/uploads\/2025\/08\/hot-pressing-disk-16x12.webp 16w\" sizes=\"auto, (max-width: 720px) 100vw, 720px\" \/><figcaption class=\"wp-element-caption\">Disco de prensado en caliente<\/figcaption><\/figure>    <figure class=\"wp-block-image size-large\"><img loading=\"lazy\" decoding=\"async\" width=\"720\" height=\"540\" data-id=\"741\" src=\"https:\/\/eggtraymachine.org\/wp-content\/uploads\/2025\/08\/the-mold.webp\" alt=\"el molde\" class=\"wp-image-741\" title=\"\" srcset=\"https:\/\/eggtraymachine.org\/wp-content\/uploads\/2025\/08\/the-mold.webp 720w, https:\/\/eggtraymachine.org\/wp-content\/uploads\/2025\/08\/the-mold-300x225.webp 300w, https:\/\/eggtraymachine.org\/wp-content\/uploads\/2025\/08\/the-mold-16x12.webp 16w\" sizes=\"auto, (max-width: 720px) 100vw, 720px\" \/><figcaption class=\"wp-element-caption\">El molde<\/figcaption><\/figure>    <figure class=\"wp-block-image size-full\"><img loading=\"lazy\" decoding=\"async\" width=\"720\" height=\"540\" data-id=\"758\" src=\"https:\/\/eggtraymachine.org\/wp-content\/uploads\/2022\/08\/hot-press-control.webp\" alt=\"control de prensado en caliente\" class=\"wp-image-758\" title=\"\" srcset=\"https:\/\/eggtraymachine.org\/wp-content\/uploads\/2022\/08\/hot-press-control.webp 720w, https:\/\/eggtraymachine.org\/wp-content\/uploads\/2022\/08\/hot-press-control-300x225.webp 300w, https:\/\/eggtraymachine.org\/wp-content\/uploads\/2022\/08\/hot-press-control-16x12.webp 16w\" sizes=\"auto, (max-width: 720px) 100vw, 720px\" \/><figcaption class=\"wp-element-caption\">Control de prensa en caliente<\/figcaption><\/figure> <\/figure>    <h2 class=\"wp-block-heading\">Ventajas de la m\u00e1quina de prensado de bandejas de huevos<\/h2>    <figure class=\"wp-block-gallery has-nested-images columns-default is-cropped wp-block-gallery-8 is-layout-flex wp-block-gallery-is-layout-flex\"> <figure class=\"wp-block-image size-large\"><img loading=\"lazy\" decoding=\"async\" width=\"720\" height=\"540\" data-id=\"234\" src=\"https:\/\/eggtraymachine.org\/wp-content\/uploads\/2022\/08\/egg-tray-pressing-machine.webp\" alt=\"\" class=\"wp-image-234\" title=\"\" srcset=\"https:\/\/eggtraymachine.org\/wp-content\/uploads\/2022\/08\/egg-tray-pressing-machine.webp 720w, https:\/\/eggtraymachine.org\/wp-content\/uploads\/2022\/08\/egg-tray-pressing-machine-300x225.webp 300w\" sizes=\"auto, (max-width: 720px) 100vw, 720px\" \/><figcaption class=\"wp-element-caption\">M\u00e1quina de prensado en caliente de cart\u00f3n con bandeja de huevos<\/figcaption><\/figure>    <figure class=\"wp-block-image size-large\"><img loading=\"lazy\" decoding=\"async\" width=\"720\" height=\"540\" data-id=\"235\" src=\"https:\/\/eggtraymachine.org\/wp-content\/uploads\/2022\/08\/friut-tray.webp\" alt=\"\" class=\"wp-image-235\" title=\"\" srcset=\"https:\/\/eggtraymachine.org\/wp-content\/uploads\/2022\/08\/friut-tray.webp 720w, https:\/\/eggtraymachine.org\/wp-content\/uploads\/2022\/08\/friut-tray-300x225.webp 300w\" sizes=\"auto, (max-width: 720px) 100vw, 720px\" \/><figcaption class=\"wp-element-caption\">Prensado en caliente del cart\u00f3n de la bandeja de huevos <\/figcaption><\/figure> <\/figure>    <ul class=\"wp-block-list\"> <li>Operaci\u00f3n simple, una persona puede completar el trabajo de prensado en caliente de bandejas de huevos.<\/li>    <li>La m\u00e1quina est\u00e1 equipada con un dispositivo contador que es f\u00e1cil de operar.<\/li>    <li>Con un dispositivo de seguridad infrarrojo.<\/li>    <li>Con funciones de soplado de molde superior e inferior.<\/li> <\/ul>    <h2 class=\"wp-block-heading\" id=\"h-parameters-of-hot-press-forming-machine\">Par\u00e1metros de la m\u00e1quina de conformado por prensa en caliente<\/h2>    <figure class=\"wp-block-table\"><table><tbody><tr><td>Nombre<\/td><td>M\u00e1quina de prensado en caliente de bandejas de huevos para corregir la forma.<\/td><\/tr><tr><td>Dimensi\u00f3n<\/td><td>1200*800*1800mm<\/td><\/tr><tr><td>Presi\u00f3n de trabajo<\/td><td>15 toneladas<\/td><\/tr><tr><td>Fuerza<\/td><td>6,5 kw<\/td><\/tr><tr><td>Temperatura de trabajo<\/td><td>160~200\u2103 <\/td><\/tr><tr><td>Tiempo de ciclo de trabajo<\/td><td>6-10 segundos<\/td><\/tr><tr><td>Se requiere aire comprimido<\/td><td>0,5~0,6 MPa, 1 m\u00b3\/min<\/td><\/tr><tr><td>Control<\/td><td>control PLC<\/td><\/tr><\/tbody><\/table><\/figure>    <figure class=\"wp-block-gallery has-nested-images columns-default is-cropped wp-block-gallery-9 is-layout-flex wp-block-gallery-is-layout-flex\"> <figure class=\"wp-block-image size-large\"><img loading=\"lazy\" decoding=\"async\" width=\"720\" height=\"540\" data-id=\"740\" src=\"https:\/\/eggtraymachine.org\/wp-content\/uploads\/2025\/08\/large-hot-press-machine.webp\" alt=\"gran m\u00e1quina de prensa en caliente\" class=\"wp-image-740\" title=\"\" srcset=\"https:\/\/eggtraymachine.org\/wp-content\/uploads\/2025\/08\/large-hot-press-machine.webp 720w, https:\/\/eggtraymachine.org\/wp-content\/uploads\/2025\/08\/large-hot-press-machine-300x225.webp 300w, https:\/\/eggtraymachine.org\/wp-content\/uploads\/2025\/08\/large-hot-press-machine-16x12.webp 16w\" sizes=\"auto, (max-width: 720px) 100vw, 720px\" \/><figcaption class=\"wp-element-caption\">M\u00e1quina de prensa en caliente grande<\/figcaption><\/figure>    <figure class=\"wp-block-image size-large\"><img loading=\"lazy\" decoding=\"async\" width=\"720\" height=\"540\" data-id=\"735\" src=\"https:\/\/eggtraymachine.org\/wp-content\/uploads\/2025\/08\/egg-tray-hot-press-factory.webp\" alt=\"f\u00e1brica de prensado en caliente de bandejas de huevos\" class=\"wp-image-735\" title=\"\" srcset=\"https:\/\/eggtraymachine.org\/wp-content\/uploads\/2025\/08\/egg-tray-hot-press-factory.webp 720w, https:\/\/eggtraymachine.org\/wp-content\/uploads\/2025\/08\/egg-tray-hot-press-factory-300x225.webp 300w, https:\/\/eggtraymachine.org\/wp-content\/uploads\/2025\/08\/egg-tray-hot-press-factory-16x12.webp 16w\" sizes=\"auto, (max-width: 720px) 100vw, 720px\" \/><figcaption class=\"wp-element-caption\">F\u00e1brica de prensado en caliente para bandejas de huevos<\/figcaption><\/figure> <\/figure>    <h2 class=\"wp-block-heading\">Preguntas frecuentes<\/h2>   <div id=\"rank-math-faq\" class=\"rank-math-block\"> <div class=\"rank-math-list\"> <div id=\"faq-question-1755141787350\" class=\"rank-math-list-item\"> <h3 class=\"rank-math-question\">\u00bfCu\u00e1l es la funci\u00f3n de una m\u00e1quina de prensado en caliente para bandejas de huevos?<\/h3> <div class=\"rank-math-answer\">  <p>Se utiliza para prensar bandejas de huevos de pulpa moldeada a altas temperaturas para hacerlas m\u00e1s lisas, duras y resistentes al agua, mejorando la apariencia y la durabilidad.<\/p>  <\/div> <\/div> <div id=\"faq-question-1755141923887\" class=\"rank-math-list-item\"> <h3 class=\"rank-math-question\">\u00bfPuede la m\u00e1quina usarse para bandejas distintas de bandejas para huevos?<\/h3> <div class=\"rank-math-answer\">  <p>S\u00ed, al cambiar el molde, se puede utilizar para bandejas de frutas, bandejas de botellas, portavasos y otros productos de pulpa moldeada.<\/p>  <\/div> <\/div> <div id=\"faq-question-1755141959328\" class=\"rank-math-list-item\"> <h3 class=\"rank-math-question\">\u00bfEl prensado en caliente aumenta la resistencia de la bandeja?<\/h3> <div class=\"rank-math-answer\">  <p>S\u00ed, compacta la estructura de la fibra, mejorando la resistencia mec\u00e1nica, la impermeabilidad y la resistencia a la deformaci\u00f3n.<\/p>  <\/div> <\/div> <div id=\"faq-question-1755142031199\" class=\"rank-math-list-item\"> <h3 class=\"rank-math-question\">\u00bfPuedo personalizar la forma del molde y el logo?<\/h3> <div class=\"rank-math-answer\">  <p>S\u00ed, podemos producir moldes con la forma de bandeja deseada, tama\u00f1o de celdas y logotipo en relieve.<\/p>  <\/div> <\/div> <div id=\"faq-question-1755141708912\" class=\"rank-math-list-item\"> <h3 class=\"rank-math-question\">\u00bfNecesita mi l\u00ednea de producci\u00f3n de bandejas de huevos estar equipada con una prensa en caliente?<\/h3> <div class=\"rank-math-answer\">  <p>No necesariamente. Una prensa en caliente es un equipo opcional. Sin embargo, las bandejas de huevos que han pasado por la prensa en caliente tienen mejor aspecto y pueden alcanzar un precio m\u00e1s alto.<\/p>  <\/div> <\/div> <\/div> <\/div>   <h2 class=\"wp-block-heading\">\u00a1Cont\u00e1ctanos!<\/h2>    <p>Si desea obtener m\u00e1s informaci\u00f3n sobre m\u00e1quinas de prensado en caliente para bandejas de huevos, v\u00eddeos o presupuestos, no dude en ponerse en contacto con nosotros.<\/p>","protected":false},"excerpt":{"rendered":"<p>Una m\u00e1quina de prensado en caliente de bandejas de huevos es una m\u00e1quina para alisar la superficie de bandejas de huevos y bandejas de huevos, y para el procesamiento profundo de bandejas de huevos. <\/p>","protected":false},"author":1,"featured_media":228,"parent":0,"template":"","tags":[19,22],"product-type":[4,20],"class_list":["post-224","product","type-product","status-publish","has-post-thumbnail","hentry","tag-egg-tray-hot-pressing-machine","tag-egg-tray-packing-machine","product-type-product","product-type-egg-tray-pressing-machine"],"_links":{"self":[{"href":"https:\/\/eggtraymachine.org\/es\/wp-json\/wp\/v2\/product\/224","targetHints":{"allow":["GET"]}}],"collection":[{"href":"https:\/\/eggtraymachine.org\/es\/wp-json\/wp\/v2\/product"}],"about":[{"href":"https:\/\/eggtraymachine.org\/es\/wp-json\/wp\/v2\/types\/product"}],"author":[{"embeddable":true,"href":"https:\/\/eggtraymachine.org\/es\/wp-json\/wp\/v2\/users\/1"}],"wp:featuredmedia":[{"embeddable":true,"href":"https:\/\/eggtraymachine.org\/es\/wp-json\/wp\/v2\/media\/228"}],"wp:attachment":[{"href":"https:\/\/eggtraymachine.org\/es\/wp-json\/wp\/v2\/media?parent=224"}],"wp:term":[{"taxonomy":"post_tag","embeddable":true,"href":"https:\/\/eggtraymachine.org\/es\/wp-json\/wp\/v2\/tags?post=224"},{"taxonomy":"product-type","embeddable":true,"href":"https:\/\/eggtraymachine.org\/es\/wp-json\/wp\/v2\/product-type?post=224"}],"curies":[{"name":"wp","href":"https:\/\/api.w.org\/{rel}","templated":true}]}}