{"id":169,"date":"2022-08-09T07:46:24","date_gmt":"2022-08-09T07:46:24","guid":{"rendered":"https:\/\/eggtraymachine.org\/?post_type=product&#038;p=169"},"modified":"2022-09-29T17:16:49","modified_gmt":"2022-09-29T09:16:49","slug":"egg-tray-pulper","status":"publish","type":"product","link":"https:\/\/eggtraymachine.org\/es\/product\/egg-tray-pulper\/","title":{"rendered":"Pulpadora de bandejas de huevos | m\u00e1quina trituradora de papel"},"content":{"rendered":"<p class=\"translation-block\">The egg tray pulper, also known as a paper shredder machine, is a device used to crush and <a href=\"https:\/\/en.wikipedia.org\/wiki\/Pulp_(paper)\" target=\"_blank\" rel=\"noopener\">make pulp<\/a> from waste. During the processing of egg trays, the paper first needs to be made into pulp, and then the egg trays are made by a forming machine. The Egg tray pulping machine is a necessary machine for egg tray production and the basis for egg tray production. The pulping machine can also be used for the forming of various shapes of paper products in tableware manufacturing plants, papermaking industries, and wine bottle holders.<\/p>    <figure class=\"wp-block-gallery has-nested-images columns-default is-cropped wp-block-gallery-2 is-layout-flex wp-block-gallery-is-layout-flex\"> <figure class=\"wp-block-image size-large\"><img loading=\"lazy\" decoding=\"async\" width=\"720\" height=\"540\" data-id=\"179\" src=\"https:\/\/eggtraymachine.org\/wp-content\/uploads\/2022\/08\/egg-tray-10.webp\" alt=\"\" class=\"wp-image-179\" title=\"\" srcset=\"https:\/\/eggtraymachine.org\/wp-content\/uploads\/2022\/08\/egg-tray-10.webp 720w, https:\/\/eggtraymachine.org\/wp-content\/uploads\/2022\/08\/egg-tray-10-300x225.webp 300w\" sizes=\"auto, (max-width: 720px) 100vw, 720px\" \/><\/figure>    <figure class=\"wp-block-image size-large\"><img loading=\"lazy\" decoding=\"async\" width=\"720\" height=\"540\" data-id=\"180\" src=\"https:\/\/eggtraymachine.org\/wp-content\/uploads\/2022\/08\/paper-products.webp\" alt=\"productos de papel\" class=\"wp-image-180\" title=\"\" srcset=\"https:\/\/eggtraymachine.org\/wp-content\/uploads\/2022\/08\/paper-products.webp 720w, https:\/\/eggtraymachine.org\/wp-content\/uploads\/2022\/08\/paper-products-300x225.webp 300w\" sizes=\"auto, (max-width: 720px) 100vw, 720px\" \/><figcaption>Productos de papel<\/figcaption><\/figure> <\/figure>    <h2 class=\"wp-block-heading\" id=\"h-the-raw-material-of-egg-tray-pulper\">La materia prima del despulpadora de bandejas de huevos.<\/h2>    <p>Las materias primas de la despulpadora son principalmente productos de papel, como cajas de cart\u00f3n corrugado, libros de desecho y papel A4, que se pueden utilizar para la producci\u00f3n de bandejas de huevos. El despulpador puede utilizar estos productos de papel usado para reciclarlos y triturarlos hasta convertirlos en pulpa, lo cual vale la pena mencionar. S\u00ed, en el proceso de despulpado, no es necesario triturar el papel y puede procesarse directamente con una despulpadora hidr\u00e1ulica.<\/p>    <h2 class=\"wp-block-heading\">\u00bfCu\u00e1les son los ingredientes del despulpador de bandejas de huevos?<\/h2>    <figure class=\"wp-block-image size-full\"><img loading=\"lazy\" decoding=\"async\" width=\"720\" height=\"540\" src=\"https:\/\/eggtraymachine.org\/wp-content\/uploads\/2022\/08\/Egg-trays-of-different-colors.webp\" alt=\"Bandejas para huevos de diferentes colores.\" class=\"wp-image-178\" title=\"\" srcset=\"https:\/\/eggtraymachine.org\/wp-content\/uploads\/2022\/08\/Egg-trays-of-different-colors.webp 720w, https:\/\/eggtraymachine.org\/wp-content\/uploads\/2022\/08\/Egg-trays-of-different-colors-300x225.webp 300w\" sizes=\"auto, (max-width: 720px) 100vw, 720px\" \/><figcaption>Bandejas De Huevos De Diferentes Colores<\/figcaption><\/figure>    <p>El componente principal de la m\u00e1quina para bandejas de huevos es la pulpa, pero para que la bandeja para huevos sea m\u00e1s firme, generalmente es necesario agregar ciertos aditivos a la bandeja para huevos. Puedes agregar un poco de polvo de piedra a la pulpa para asegurarte de que la bandeja de huevos tenga la forma suficiente. Adem\u00e1s, es necesario agregar un poco de pegamento para asegurar que la pulpa quede pegajosa. Por supuesto, esto debe agregarse en proporci\u00f3n. Es necesario experimentar varias veces durante la producci\u00f3n para encontrar la mejor proporci\u00f3n para agregar.<\/p>    <h2 class=\"wp-block-heading\">El efecto del despulpado sobre la calidad de las bandejas de huevos.<\/h2>    <figure class=\"wp-block-image size-full\"><img loading=\"lazy\" decoding=\"async\" width=\"720\" height=\"540\" src=\"https:\/\/eggtraymachine.org\/wp-content\/uploads\/2022\/08\/Egg-tray-pulping-tank.webp\" alt=\"Tanque de pulpa de bandeja de huevos\" class=\"wp-image-172\" title=\"\" srcset=\"https:\/\/eggtraymachine.org\/wp-content\/uploads\/2022\/08\/Egg-tray-pulping-tank.webp 720w, https:\/\/eggtraymachine.org\/wp-content\/uploads\/2022\/08\/Egg-tray-pulping-tank-300x225.webp 300w\" sizes=\"auto, (max-width: 720px) 100vw, 720px\" \/><figcaption>Tanque de pulpa de bandeja de huevos<\/figcaption><\/figure>    <p>El despulpado es el primer paso en la producci\u00f3n de bandejas de huevos, y el impacto del despulpado en las bandejas de huevos es muy importante, como la proporci\u00f3n de agua y papel, y el ajuste del color de las bandejas de huevos, todo se realiza en este paso del despulpado. Adem\u00e1s, cuanto mayor sea la suavidad de la pulpa, m\u00e1s bella ser\u00e1 la bandeja de huevos. Por lo tanto, al despulpar se seleccionan despulpadoras de bandejas de huevos y materias primas de alta calidad.<\/p>    <h2 class=\"wp-block-heading\">\u00bfC\u00f3mo hacer pulpa de bandeja de huevos?<\/h2>    <figure class=\"wp-block-image size-full\"><img loading=\"lazy\" decoding=\"async\" width=\"725\" height=\"210\" src=\"https:\/\/eggtraymachine.org\/wp-content\/uploads\/2022\/08\/make-egg-tray-pulp.webp\" alt=\"hacer pulpa de bandeja de huevos\" class=\"wp-image-173\" title=\"\" srcset=\"https:\/\/eggtraymachine.org\/wp-content\/uploads\/2022\/08\/make-egg-tray-pulp.webp 725w, https:\/\/eggtraymachine.org\/wp-content\/uploads\/2022\/08\/make-egg-tray-pulp-300x87.webp 300w\" sizes=\"auto, (max-width: 725px) 100vw, 725px\" \/><figcaption>hacer pulpa para bandejas de huevos<\/figcaption><\/figure>    <p class=\"translation-block\">Egg tray pulping requires an egg tray pulping machine and three pools, the first pool is used to hold the pulp, the second pool is used to adjust the ratio of pulp and water, and the third pool is a water storage tank. After processing in three pools, the pulp raw material that meets the <a href=\"https:\/\/eggtraymachine.org\/es\/product\/egg-tray-forming-machine\/\">egg tray forming machine<\/a> is produced, then the egg tray is formed, and finally, it is<a href=\"https:\/\/eggtraymachine.org\/es\/product\/paper-egg-tray-dryer-egg-tray-drying-machine\/\"> egg tray dried<\/a>. The water produced by the egg tray can be recycled, which is conducive to saving water.<\/p>    <h2 class=\"wp-block-heading\">Par\u00e1metros de la m\u00e1quina trituradora de papel<\/h2>    <figure class=\"wp-block-gallery has-nested-images columns-default is-cropped wp-block-gallery-3 is-layout-flex wp-block-gallery-is-layout-flex\"> <figure class=\"wp-block-image size-large\"><img loading=\"lazy\" decoding=\"async\" width=\"720\" height=\"540\" data-id=\"174\" src=\"https:\/\/eggtraymachine.org\/wp-content\/uploads\/2022\/08\/egg-tray-pulper.webp\" alt=\"despulpadora de bandejas de huevos\" class=\"wp-image-174\" title=\"\" srcset=\"https:\/\/eggtraymachine.org\/wp-content\/uploads\/2022\/08\/egg-tray-pulper.webp 720w, https:\/\/eggtraymachine.org\/wp-content\/uploads\/2022\/08\/egg-tray-pulper-300x225.webp 300w\" sizes=\"auto, (max-width: 720px) 100vw, 720px\" \/><figcaption>Pulper de bandeja de huevos Sl-2.0 <\/figcaption><\/figure>    <figure class=\"wp-block-image size-large\"><img loading=\"lazy\" decoding=\"async\" width=\"720\" height=\"540\" data-id=\"175\" src=\"https:\/\/eggtraymachine.org\/wp-content\/uploads\/2022\/08\/egg-tray-pulper-1.webp\" alt=\"despulpadora de bandejas de huevos\" class=\"wp-image-175\" title=\"\" srcset=\"https:\/\/eggtraymachine.org\/wp-content\/uploads\/2022\/08\/egg-tray-pulper-1.webp 720w, https:\/\/eggtraymachine.org\/wp-content\/uploads\/2022\/08\/egg-tray-pulper-1-300x225.webp 300w\" sizes=\"auto, (max-width: 720px) 100vw, 720px\" \/><figcaption>Pulper de bandeja de huevos Sl-1.0 <\/figcaption><\/figure>    <figure class=\"wp-block-image size-large\"><img loading=\"lazy\" decoding=\"async\" width=\"720\" height=\"540\" data-id=\"176\" src=\"https:\/\/eggtraymachine.org\/wp-content\/uploads\/2022\/08\/egg-tray-pulper-2.webp\" alt=\"despulpadora de bandejas de huevos\" class=\"wp-image-176\" title=\"\" srcset=\"https:\/\/eggtraymachine.org\/wp-content\/uploads\/2022\/08\/egg-tray-pulper-2.webp 720w, https:\/\/eggtraymachine.org\/wp-content\/uploads\/2022\/08\/egg-tray-pulper-2-300x225.webp 300w\" sizes=\"auto, (max-width: 720px) 100vw, 720px\" \/><figcaption>Pulper de bandeja de huevos Sl-4.5<\/figcaption><\/figure> <\/figure>    <figure class=\"wp-block-table\"><table><tbody><tr><td>Modelo<\/td><td>Potencia (kW)<\/td><td>Volumen (m\u00b3)<\/td><td>Tama\u00f1o (mm)<\/td><td>Capacidad (kg\/una vez)<\/td><\/tr><tr><td>SL-1.0<\/td><td>7.5<\/td><td>1.2<\/td><td>1400*1200*1400<\/td><td>300<\/td><\/tr><tr><td>SL-2.0<\/td><td>11<\/td><td>2.0<\/td><td>1550*1500*1400<\/td><td>400<\/td><\/tr><tr><td>SL-4.5<\/td><td>22<\/td><td>4.5<\/td><td>2200*2200*2600<\/td><td>600<\/td><\/tr><\/tbody><\/table><figcaption>Par\u00e1metros de la m\u00e1quina trituradora de papel<\/figcaption><\/figure>    <h2 class=\"wp-block-heading\">\u00bfQu\u00e9 piezas est\u00e1n incluidas en el pulper?<\/h2>    <figure class=\"wp-block-image size-full\"><img loading=\"lazy\" decoding=\"async\" width=\"720\" height=\"540\" src=\"https:\/\/eggtraymachine.org\/wp-content\/uploads\/2022\/08\/Pulping-machine-composition.webp\" alt=\"Composici\u00f3n de la m\u00e1quina despulpadora\" class=\"wp-image-177\" title=\"\" srcset=\"https:\/\/eggtraymachine.org\/wp-content\/uploads\/2022\/08\/Pulping-machine-composition.webp 720w, https:\/\/eggtraymachine.org\/wp-content\/uploads\/2022\/08\/Pulping-machine-composition-300x225.webp 300w\" sizes=\"auto, (max-width: 720px) 100vw, 720px\" \/><figcaption>Composici\u00f3n de la m\u00e1quina pulpadora<\/figcaption><\/figure>    <p class=\"translation-block\">La pulpa de bandejas de huevo consta de tres partes: la pulper hidr\u00e1ulico, el refinador de pulpa y la bomba de pulpa, que no solo permiten la trituraci\u00f3n del papel sino tambi\u00e9n el molido de la pulpa para garantizar la suavidad de la pulpa. Mezcle bien con agua para asegurar que el espesor de la bandeja de huevo sea uniforme. El enmallamiento es el trabajo b\u00e1sico para fabricar bandejas de huevo. Despu\u00e9s del pulping, se da forma y se seca. Podemos proporcionar un juego completo de <a href=\"https:\/\/eggtraymachine.org\/es\/product\/egg-tray-production-line\/\" data-type=\"URL\" data-id=\"https:\/\/eggtraymachine.org\/product\/egg-tray-production-line\/\">l\u00edneas de producci\u00f3n de bandejas de huevo<\/a>, y tambi\u00e9n podemos producir <a href=\"https:\/\/eggtraymachine.org\/es\/product\/egg-carton-production-line\/\" data-type=\"URL\" data-id=\"https:\/\/eggtraymachine.org\/product\/egg-carton-production-line\/\">l\u00edneas de producci\u00f3n de cajas de huevo<\/a> o <a href=\"https:\/\/eggtraymachine.org\/es\/product\/apple-tray-making-machine\/\" data-type=\"URL\" data-id=\"https:\/\/eggtraymachine.org\/product\/apple-tray-making-machine\/\">otra m\u00e1quina de embalaje para otros art\u00edculos fr\u00e1giles<\/a>.<\/p>","protected":false},"excerpt":{"rendered":"<p>La despulpadora de bandejas de huevos, tambi\u00e9n conocida como m\u00e1quina trituradora de papel, es un dispositivo que se utiliza para triturar y producir pulpa a partir de desechos.<\/p>","protected":false},"author":1,"featured_media":171,"parent":0,"template":"","tags":[27,28,17],"product-type":[18,4],"class_list":["post-169","product","type-product","status-publish","has-post-thumbnail","hentry","tag-egg-carton-machine","tag-egg-tray","tag-egg-tray-pulper","product-type-egg-tray-pulper","product-type-product"],"_links":{"self":[{"href":"https:\/\/eggtraymachine.org\/es\/wp-json\/wp\/v2\/product\/169","targetHints":{"allow":["GET"]}}],"collection":[{"href":"https:\/\/eggtraymachine.org\/es\/wp-json\/wp\/v2\/product"}],"about":[{"href":"https:\/\/eggtraymachine.org\/es\/wp-json\/wp\/v2\/types\/product"}],"author":[{"embeddable":true,"href":"https:\/\/eggtraymachine.org\/es\/wp-json\/wp\/v2\/users\/1"}],"wp:featuredmedia":[{"embeddable":true,"href":"https:\/\/eggtraymachine.org\/es\/wp-json\/wp\/v2\/media\/171"}],"wp:attachment":[{"href":"https:\/\/eggtraymachine.org\/es\/wp-json\/wp\/v2\/media?parent=169"}],"wp:term":[{"taxonomy":"post_tag","embeddable":true,"href":"https:\/\/eggtraymachine.org\/es\/wp-json\/wp\/v2\/tags?post=169"},{"taxonomy":"product-type","embeddable":true,"href":"https:\/\/eggtraymachine.org\/es\/wp-json\/wp\/v2\/product-type?post=169"}],"curies":[{"name":"wp","href":"https:\/\/api.w.org\/{rel}","templated":true}]}}