{"id":157,"date":"2022-08-09T02:16:34","date_gmt":"2022-08-09T02:16:34","guid":{"rendered":"https:\/\/eggtraymachine.org\/?post_type=product&#038;p=157"},"modified":"2024-06-19T10:57:33","modified_gmt":"2024-06-19T02:57:33","slug":"paper-egg-tray-dryer-egg-tray-drying-machine","status":"publish","type":"product","link":"https:\/\/eggtraymachine.org\/es\/product\/paper-egg-tray-dryer-egg-tray-drying-machine\/","title":{"rendered":"Secadora de bandejas de huevos de papel | secadora de bandejas de huevos"},"content":{"rendered":"<p>El secador de bandejas de huevos de papel es un dispositivo esencial para deshidratar la bandeja de huevos una vez formada. Dado que la bandeja de huevos se fabrica mediante pulpa, la bandeja de huevos contendr\u00e1 mucha agua despu\u00e9s de su creaci\u00f3n. Por lo tanto, se requiere una secadora de bandejas de huevos para la deshidrataci\u00f3n. Nuestro equipo de secado de bandejas de huevos puede secar un lote de bandejas de huevos en 30 minutos. El secador de bandejas de huevos de metal tambi\u00e9n tiene un cierto impacto en la calidad de la bandeja de huevos. <\/p>    <figure class=\"wp-block-image size-full\"><img loading=\"lazy\" decoding=\"async\" width=\"720\" height=\"540\" src=\"https:\/\/eggtraymachine.org\/wp-content\/uploads\/2022\/08\/Undried-egg-tray.webp\" alt=\"bandeja de huevos sin secar\" class=\"wp-image-160\" title=\"\" srcset=\"https:\/\/eggtraymachine.org\/wp-content\/uploads\/2022\/08\/Undried-egg-tray.webp 720w, https:\/\/eggtraymachine.org\/wp-content\/uploads\/2022\/08\/Undried-egg-tray-300x225.webp 300w\" sizes=\"auto, (max-width: 720px) 100vw, 720px\" \/><figcaption class=\"wp-element-caption\">Bandeja de huevos sin secar<\/figcaption><\/figure>    <h2 class=\"wp-block-heading\">Ventajas del secador de bandejas de huevos de papel.<\/h2>    <ul class=\"wp-block-list\"> <li>30% menos combustible que una casa de ladrillos.<\/li>    <li>La temperatura es controlable para garantizar la calidad de las bandejas de huevos en la secadora y de las bandejas de huevos. Est\u00e1n gelatinizados porque est\u00e1n demasiado altos.<\/li>    <li>La m\u00e1quina para bandejas de huevos multicapa ocupa un \u00e1rea peque\u00f1a y ahorra espacio.<\/li>    <li>El secador de bandejas de huevos de papel es de producci\u00f3n totalmente autom\u00e1tica, lo que ahorra trabajadores.<\/li> <\/ul>    <figure class=\"wp-block-image size-full\"><img loading=\"lazy\" decoding=\"async\" width=\"720\" height=\"540\" src=\"https:\/\/eggtraymachine.org\/wp-content\/uploads\/2022\/08\/Use-the-egg-tray-after-drying.webp\" alt=\"Utilice la bandeja para huevos despu\u00e9s del secado.\" class=\"wp-image-165\" title=\"\" srcset=\"https:\/\/eggtraymachine.org\/wp-content\/uploads\/2022\/08\/Use-the-egg-tray-after-drying.webp 720w, https:\/\/eggtraymachine.org\/wp-content\/uploads\/2022\/08\/Use-the-egg-tray-after-drying-300x225.webp 300w\" sizes=\"auto, (max-width: 720px) 100vw, 720px\" \/><figcaption class=\"wp-element-caption\">Utilice la bandeja para huevos despu\u00e9s del secado<\/figcaption><\/figure>    <h2 class=\"wp-block-heading\">Par\u00e1metros del secador de bandejas de huevos<\/h2>    <figure class=\"wp-block-table\"><table><tbody><tr><td>moho<\/td><td>producci\u00f3n<\/td><td>consumo de papel<\/td><td>consumo de agua<\/td><td>energ\u00eda utilizada<\/td><td>numero de trabajador<\/td><\/tr><tr><td>SL-4*4<\/td><td>3500 piezas\/h<\/td><td>280kg\/hora<\/td><td>560kg\/hora<\/td><td>78kg\/hora<\/td><td>4-5<\/td><\/tr><tr><td>SL-4*8<\/td><td>4000 piezas\/h<\/td><td>320kg\/h<\/td><td>600kg\/hora<\/td><td>80kg\/hora<\/td><td>5-6<\/td><\/tr><tr><td>SL-5*8<\/td><td>5000 piezas\/hora<\/td><td>400kg\/h<\/td><td>750kg\/hora<\/td><td>85kg\/hora<\/td><td>3-4<\/td><\/tr><tr><td>SL-5*12<\/td><td>6000 piezas\/h<\/td><td>480kg\/h<\/td><td>900kg\/hora<\/td><td>90kg\/hora<\/td><td>3-4<\/td><\/tr><tr><td>SL-6*12<\/td><td>8000 piezas\/hora<\/td><td>640kg\/hora<\/td><td>1040kg\/hora<\/td><td>100kg\/h<\/td><td>3-4<\/td><\/tr><\/tbody><\/table><figcaption class=\"wp-element-caption\">Par\u00e1metros del secador de bandejas de huevos<\/figcaption><\/figure>    <p>En Shuliy Egg Tray Machinery, tenemos a la venta las 5 m\u00e1quinas secadoras de bandejas de huevos m\u00e1s vendidas mencionadas anteriormente. La producci\u00f3n de estos cinco modelos de m\u00e1quinas es de 3500 piezas\/h, 4000 piezas\/h, 5000 piezas\/h y 8000 piezas\/h. Puede elegir el equipo de secado adecuado seg\u00fan el tama\u00f1o de su planta de producci\u00f3n de bandejas de huevos.<\/p>    <h2 class=\"wp-block-heading\" id=\"h-introduction-of-egg-tray-drying-method\">Introducci\u00f3n del m\u00e9todo de secado en bandeja de huevos.<\/h2>    <h3 class=\"wp-block-heading\">Secadora de bandejas de huevos <\/h3>    <figure class=\"wp-block-image size-full\"><img loading=\"lazy\" decoding=\"async\" width=\"720\" height=\"540\" src=\"https:\/\/eggtraymachine.org\/wp-content\/uploads\/2022\/08\/Paper-egg-tray-drying.webp\" alt=\"Secado de bandejas de huevos de papel\" class=\"wp-image-163\" title=\"\" srcset=\"https:\/\/eggtraymachine.org\/wp-content\/uploads\/2022\/08\/Paper-egg-tray-drying.webp 720w, https:\/\/eggtraymachine.org\/wp-content\/uploads\/2022\/08\/Paper-egg-tray-drying-300x225.webp 300w\" sizes=\"auto, (max-width: 720px) 100vw, 720px\" \/><figcaption class=\"wp-element-caption\">Secadora de bandeja de huevos de papel<\/figcaption><\/figure>    <p class=\"translation-block\">La m\u00e1quina de secado de bandejas de huevo es adecuada para la <a href=\"https:\/\/eggtraymachine.org\/es\/product\/egg-carton-production-line\/\">l\u00ednea de producci\u00f3n de bandejas de huevo<\/a> con gran producci\u00f3n. El secador de bandejas de huevo tarda aproximadamente 30 minutos en secar un lote de bandejas de huevo, y la eficiencia es relativamente alta. Adem\u00e1s, el secador de metal puede ahorrar un 30% en comparaci\u00f3n con el secador de horno de ladrillo. combustible.<\/p>    <h3 class=\"wp-block-heading\">Secado natural<\/h3>    <figure class=\"wp-block-image size-full\"><img loading=\"lazy\" decoding=\"async\" width=\"720\" height=\"540\" src=\"https:\/\/eggtraymachine.org\/wp-content\/uploads\/2022\/08\/Natural-drying-egg-try.webp\" alt=\"Prueba de huevo secado natural\" class=\"wp-image-161\" title=\"\" srcset=\"https:\/\/eggtraymachine.org\/wp-content\/uploads\/2022\/08\/Natural-drying-egg-try.webp 720w, https:\/\/eggtraymachine.org\/wp-content\/uploads\/2022\/08\/Natural-drying-egg-try-300x225.webp 300w\" sizes=\"auto, (max-width: 720px) 100vw, 720px\" \/><figcaption class=\"wp-element-caption\">Bandeja de huevos de secado natural<\/figcaption><\/figure>    <p>El secado natural es el m\u00e9todo de secado m\u00e1s sencillo para el secado de huevos en bandejas. Generalmente, si la producci\u00f3n es de 1000-2000 unidades\/h, se puede utilizar el secado natural. Cuando la temperatura alcanza los 30-40 grados cent\u00edgrados, se puede secar en un d\u00eda.<\/p>    <h3 class=\"wp-block-heading\">Secado en horno de ladrillos<\/h3>    <figure class=\"wp-block-image size-full\"><img loading=\"lazy\" decoding=\"async\" width=\"720\" height=\"540\" src=\"https:\/\/eggtraymachine.org\/wp-content\/uploads\/2022\/08\/Brick-kiln-dried-egg-tray.webp\" alt=\"Bandeja de huevos secos al horno de ladrillos\" class=\"wp-image-162\" title=\"\" srcset=\"https:\/\/eggtraymachine.org\/wp-content\/uploads\/2022\/08\/Brick-kiln-dried-egg-tray.webp 720w, https:\/\/eggtraymachine.org\/wp-content\/uploads\/2022\/08\/Brick-kiln-dried-egg-tray-300x225.webp 300w\" sizes=\"auto, (max-width: 720px) 100vw, 720px\" \/><figcaption class=\"wp-element-caption\">Bandeja para huevos secados en horno de ladrillos<\/figcaption><\/figure>    <p class=\"translation-block\">Al secar en el <a href=\"https:\/\/en.wikipedia.org\/wiki\/Brick_Kiln\" data-type=\"URL\" data-id=\"https:\/\/en.wikipedia.org\/wiki\/Brick_Kiln\" target=\"_blank\" rel=\"noopener\">horno de ladrillo<\/a>, construye un horno de ladrillo para secar. La eficiencia del secado en horno de ladrillo es mayor que la del secado natural. El \u00e1rea del sitio de secado en horno de ladrillo es de 30 metros cuadrados, y la eficiencia de trabajo del secado en horno de ladrillo es relativamente alta, lo que es adecuado para producci\u00f3n de tama\u00f1o mediano.<\/p>    <h3 class=\"wp-block-heading\">La fuente de calor del secador de bandejas de huevos de papel.<\/h3>    <figure class=\"wp-block-image size-full\"><img loading=\"lazy\" decoding=\"async\" width=\"720\" height=\"540\" src=\"https:\/\/eggtraymachine.org\/wp-content\/uploads\/2022\/08\/egg-tray-drying.webp\" alt=\"secado en bandeja de huevos\" class=\"wp-image-166\" title=\"\" srcset=\"https:\/\/eggtraymachine.org\/wp-content\/uploads\/2022\/08\/egg-tray-drying.webp 720w, https:\/\/eggtraymachine.org\/wp-content\/uploads\/2022\/08\/egg-tray-drying-300x225.webp 300w\" sizes=\"auto, (max-width: 720px) 100vw, 720px\" \/><figcaption class=\"wp-element-caption\">Secado de bandeja de huevos<\/figcaption><\/figure>    <p>La m\u00e1quina secadora de bandejas de huevos puede utilizar gas natural, diesel, gasolina, pellets de biomasa o aceite de transferencia de calor como fuente de calor, y la temperatura de calentamiento es de 180-220\u00b0C. Usando el ventilador para extraer el agua evaporada del producto, la bandeja de huevos se puede secar r\u00e1pidamente. <\/p>    <p>Es muy importante poder controlar la temperatura en la secadora de bandejas de huevos de papel. Dado que la bandeja de huevos es un producto de papel, si la temperatura interna de la m\u00e1quina es demasiado alta, es f\u00e1cil encender la bandeja de huevos, y si es demasiado baja, se reducir\u00e1 la eficiencia de secado de la bandeja de huevos.<\/p>    <h2 class=\"wp-block-heading\">Secadora de cartones de huevos de una sola capa o secadora de cartones de huevos multicapa<\/h2>    <figure class=\"wp-block-image size-full\"><img loading=\"lazy\" decoding=\"async\" width=\"720\" height=\"540\" src=\"https:\/\/eggtraymachine.org\/wp-content\/uploads\/2022\/08\/egg-tray-drying-machine-1.webp\" alt=\"secadora de bandejas de huevos\" class=\"wp-image-164\" title=\"\" srcset=\"https:\/\/eggtraymachine.org\/wp-content\/uploads\/2022\/08\/egg-tray-drying-machine-1.webp 720w, https:\/\/eggtraymachine.org\/wp-content\/uploads\/2022\/08\/egg-tray-drying-machine-1-300x225.webp 300w\" sizes=\"auto, (max-width: 720px) 100vw, 720px\" \/><figcaption class=\"wp-element-caption\"> Secadora de bandeja de huevos de papel<\/figcaption><\/figure>    <p>Hay dos tipos de m\u00e1quinas secadoras de bandejas de huevos, m\u00e1quinas secadoras de bandejas de huevos de una sola capa y m\u00e1quinas secadoras de cajas de huevos de m\u00faltiples capas. La eficiencia de trabajo de las m\u00e1quinas de una sola capa y de las m\u00e1quinas de varias capas es la misma. El \u00e1rea de la secadora de una sola capa es de 40 metros y el \u00e1rea de uso de la secadora de m\u00faltiples capas es de 15 metros, lo cual es muy importante para clientes con \u00e1reas de planta m\u00e1s peque\u00f1as.<\/p>    <p>Adem\u00e1s, el secador de bandejas de huevos de papel multicapa tiene una mayor capacidad, lo que es adecuado para la fabricaci\u00f3n de bandejas de huevos a mediana y gran escala. Si tienes una gran planta de fabricaci\u00f3n de bandejas para huevos, te recomiendo que elijas esta secadora multicapa.<\/p>","protected":false},"excerpt":{"rendered":"<p>El secador de bandejas de huevos de papel es adecuado para la l\u00ednea de producci\u00f3n de bandejas de huevos con gran producci\u00f3n. Nuestra secadora de bandejas de huevos tarda unos 30 minutos en secar un lote de bandejas de huevos.<\/p>","protected":false},"author":1,"featured_media":159,"parent":0,"template":"","tags":[27,28,13],"product-type":[4,15],"class_list":["post-157","product","type-product","status-publish","has-post-thumbnail","hentry","tag-egg-carton-machine","tag-egg-tray","tag-paper-egg-tray-dryer","product-type-product","product-type-egg-tray-dryer"],"_links":{"self":[{"href":"https:\/\/eggtraymachine.org\/es\/wp-json\/wp\/v2\/product\/157","targetHints":{"allow":["GET"]}}],"collection":[{"href":"https:\/\/eggtraymachine.org\/es\/wp-json\/wp\/v2\/product"}],"about":[{"href":"https:\/\/eggtraymachine.org\/es\/wp-json\/wp\/v2\/types\/product"}],"author":[{"embeddable":true,"href":"https:\/\/eggtraymachine.org\/es\/wp-json\/wp\/v2\/users\/1"}],"wp:featuredmedia":[{"embeddable":true,"href":"https:\/\/eggtraymachine.org\/es\/wp-json\/wp\/v2\/media\/159"}],"wp:attachment":[{"href":"https:\/\/eggtraymachine.org\/es\/wp-json\/wp\/v2\/media?parent=157"}],"wp:term":[{"taxonomy":"post_tag","embeddable":true,"href":"https:\/\/eggtraymachine.org\/es\/wp-json\/wp\/v2\/tags?post=157"},{"taxonomy":"product-type","embeddable":true,"href":"https:\/\/eggtraymachine.org\/es\/wp-json\/wp\/v2\/product-type?post=157"}],"curies":[{"name":"wp","href":"https:\/\/api.w.org\/{rel}","templated":true}]}}