{"id":2,"date":"2022-08-01T10:18:31","date_gmt":"2022-08-01T10:18:31","guid":{"rendered":"https:\/\/eggtraymachine.org\/?page_id=2"},"modified":"2026-04-08T17:27:10","modified_gmt":"2026-04-08T09:27:10","slug":"about-us","status":"publish","type":"page","link":"https:\/\/eggtraymachine.org\/es\/about-us\/","title":{"rendered":"Sobre nosotros"},"content":{"rendered":"<p>Shuliy Company es un fabricante con 20 a\u00f1os de experiencia en bandejas para huevos. En la actualidad, ha formado cierta escala en la industria de las bandejas de huevos. La f\u00e1brica Shuliy se ha comprometido con la innovaci\u00f3n de las m\u00e1quinas para bandejas de huevos en los \u00faltimos a\u00f1os, proporcionando m\u00e1s consumidores. Mejor servicio. Por ejemplo, ahora no s\u00f3lo hay m\u00e1quinas de producci\u00f3n de bandejas para huevos, sino tambi\u00e9n productos de papel como bandejas para manzanas y bandejas para vino.<\/p>    <figure class=\"wp-block-gallery aligncenter has-nested-images columns-default is-cropped wp-block-gallery-2 is-layout-flex wp-block-gallery-is-layout-flex\"> <figure class=\"wp-block-image size-full\"><img loading=\"lazy\" decoding=\"async\" width=\"720\" height=\"540\" data-id=\"860\" src=\"https:\/\/eggtraymachine.org\/wp-content\/uploads\/2025\/10\/Turkish-customers-visit.webp\" alt=\"Clientes Turcos visitan\" class=\"wp-image-860\" title=\"\" srcset=\"https:\/\/eggtraymachine.org\/wp-content\/uploads\/2025\/10\/Turkish-customers-visit.webp 720w, https:\/\/eggtraymachine.org\/wp-content\/uploads\/2025\/10\/Turkish-customers-visit-300x225.webp 300w, https:\/\/eggtraymachine.org\/wp-content\/uploads\/2025\/10\/Turkish-customers-visit-16x12.webp 16w\" sizes=\"auto, (max-width: 720px) 100vw, 720px\" \/><figcaption class=\"wp-element-caption\">Clientes Turcos Visitantes<\/figcaption><\/figure>    <figure class=\"wp-block-image size-full\"><img loading=\"lazy\" decoding=\"async\" width=\"720\" height=\"540\" data-id=\"855\" src=\"https:\/\/eggtraymachine.org\/wp-content\/uploads\/2025\/10\/Yemeni-customers-visit.webp\" alt=\"Visita de clientes yemen\u00edes\" class=\"wp-image-855\" title=\"\" srcset=\"https:\/\/eggtraymachine.org\/wp-content\/uploads\/2025\/10\/Yemeni-customers-visit.webp 720w, https:\/\/eggtraymachine.org\/wp-content\/uploads\/2025\/10\/Yemeni-customers-visit-300x225.webp 300w, https:\/\/eggtraymachine.org\/wp-content\/uploads\/2025\/10\/Yemeni-customers-visit-16x12.webp 16w\" sizes=\"auto, (max-width: 720px) 100vw, 720px\" \/><figcaption class=\"wp-element-caption\">Visita de clientes yemen\u00edes<\/figcaption><\/figure>    <figure class=\"wp-block-image size-full\"><img loading=\"lazy\" decoding=\"async\" width=\"720\" height=\"540\" data-id=\"857\" src=\"https:\/\/eggtraymachine.org\/wp-content\/uploads\/2025\/10\/Nigerian-customers-visit.webp\" alt=\"Visita de clientes nigerianos\" class=\"wp-image-857\" title=\"\" srcset=\"https:\/\/eggtraymachine.org\/wp-content\/uploads\/2025\/10\/Nigerian-customers-visit.webp 720w, https:\/\/eggtraymachine.org\/wp-content\/uploads\/2025\/10\/Nigerian-customers-visit-300x225.webp 300w, https:\/\/eggtraymachine.org\/wp-content\/uploads\/2025\/10\/Nigerian-customers-visit-16x12.webp 16w\" sizes=\"auto, (max-width: 720px) 100vw, 720px\" \/><figcaption class=\"wp-element-caption\">Visita de clientes nigerianos<\/figcaption><\/figure> <\/figure>    <h2 class=\"wp-block-heading\" id=\"h-what-egg-tray-equipment-do-we-have\">\u00bfQu\u00e9 equipo de bandeja de huevos tenemos?<\/h2>    <figure class=\"wp-block-gallery has-nested-images columns-default is-cropped wp-block-gallery-3 is-layout-flex wp-block-gallery-is-layout-flex\"> <figure class=\"wp-block-image size-large\"><img loading=\"lazy\" decoding=\"async\" width=\"720\" height=\"540\" data-id=\"876\" src=\"https:\/\/eggtraymachine.org\/wp-content\/uploads\/2025\/10\/Shuliy-Egg-Tray-Processing-Factory.webp\" alt=\"F\u00e1brica de procesamiento de bandejas de huevos Shuliy\" class=\"wp-image-876\" title=\"\" srcset=\"https:\/\/eggtraymachine.org\/wp-content\/uploads\/2025\/10\/Shuliy-Egg-Tray-Processing-Factory.webp 720w, https:\/\/eggtraymachine.org\/wp-content\/uploads\/2025\/10\/Shuliy-Egg-Tray-Processing-Factory-300x225.webp 300w, https:\/\/eggtraymachine.org\/wp-content\/uploads\/2025\/10\/Shuliy-Egg-Tray-Processing-Factory-16x12.webp 16w\" sizes=\"auto, (max-width: 720px) 100vw, 720px\" \/><figcaption class=\"wp-element-caption\">F\u00e1brica de procesamiento de bandejas de huevos Shuliy<\/figcaption><\/figure>    <figure class=\"wp-block-image size-large\"><img loading=\"lazy\" decoding=\"async\" width=\"720\" height=\"540\" data-id=\"867\" src=\"https:\/\/eggtraymachine.org\/wp-content\/uploads\/2025\/10\/Egg-Tray-Processing-Factory.webp\" alt=\"F\u00e1brica de procesamiento de bandejas de huevo\" class=\"wp-image-867\" title=\"\" srcset=\"https:\/\/eggtraymachine.org\/wp-content\/uploads\/2025\/10\/Egg-Tray-Processing-Factory.webp 720w, https:\/\/eggtraymachine.org\/wp-content\/uploads\/2025\/10\/Egg-Tray-Processing-Factory-300x225.webp 300w, https:\/\/eggtraymachine.org\/wp-content\/uploads\/2025\/10\/Egg-Tray-Processing-Factory-16x12.webp 16w\" sizes=\"auto, (max-width: 720px) 100vw, 720px\" \/><figcaption class=\"wp-element-caption\">F\u00e1brica de procesamiento de bandejas de huevo<\/figcaption><\/figure>    <figure class=\"wp-block-image size-large\"><img loading=\"lazy\" decoding=\"async\" width=\"720\" height=\"540\" data-id=\"865\" src=\"https:\/\/eggtraymachine.org\/wp-content\/uploads\/2025\/10\/Egg-Tray-Manufacturing-Plant.webp\" alt=\"Planta de fabricaci\u00f3n de bandejas para huevos\" class=\"wp-image-865\" title=\"\" srcset=\"https:\/\/eggtraymachine.org\/wp-content\/uploads\/2025\/10\/Egg-Tray-Manufacturing-Plant.webp 720w, https:\/\/eggtraymachine.org\/wp-content\/uploads\/2025\/10\/Egg-Tray-Manufacturing-Plant-300x225.webp 300w, https:\/\/eggtraymachine.org\/wp-content\/uploads\/2025\/10\/Egg-Tray-Manufacturing-Plant-16x12.webp 16w\" sizes=\"auto, (max-width: 720px) 100vw, 720px\" \/><figcaption class=\"wp-element-caption\">Planta de fabricaci\u00f3n de bandejas para huevos<\/figcaption><\/figure> <\/figure>    <p>Shuliy actualmente cuenta con equipos completos para la l\u00ednea de producci\u00f3n de bandejas de huevos y equipos para la l\u00ednea de producci\u00f3n de cartones de huevos. La producci\u00f3n de la bandeja de huevos puede ser de 1000pc\/h-8000pc\/h. La producci\u00f3n de bandejas de huevos incluye el despulpado de bandejas de huevos, la formaci\u00f3n de bandejas de huevos, el secado de bandejas de huevos y la producci\u00f3n de bandejas de huevos. Pasos como el envasado en bandejas. Si desea iniciar una f\u00e1brica de bandejas para huevos, solo necesita de 4 a 5 trabajadores para producir bandejas para huevos.<\/p>    <h2 class=\"wp-block-heading\">\u00bfQu\u00e9 condiciones son buenas para usted para producir bandejas de huevos?<\/h2>   <div class=\"wp-block-image\"> <figure class=\"aligncenter size-full\"><img loading=\"lazy\" decoding=\"async\" width=\"600\" height=\"400\" src=\"https:\/\/eggtraymachine.org\/wp-content\/uploads\/2022\/08\/egg-trays.webp\" alt=\"bandejas de huevos\" class=\"wp-image-300\" title=\"\" srcset=\"https:\/\/eggtraymachine.org\/wp-content\/uploads\/2022\/08\/egg-trays.webp 600w, https:\/\/eggtraymachine.org\/wp-content\/uploads\/2022\/08\/egg-trays-300x200.webp 300w\" sizes=\"auto, (max-width: 600px) 100vw, 600px\" \/><figcaption class=\"wp-element-caption\">bandejas de huevos<\/figcaption><\/figure> <\/div>   <ol class=\"wp-block-list\"> <li>Si hay muchos recursos en papel disponibles. Si hay mucho papel usado en su ubicaci\u00f3n, puede utilizar este papel usado para reciclar y procesar bandejas de huevos.<\/li> <\/ol>    <p>   2. Si hay muchas granjas de pollos alrededor. Las bandejas de huevos se venden principalmente a algunas granjas de pollos, y hay f\u00e1bricas de pollos a tu alrededor para obtener pedidos fijos de bandejas de huevos.<\/p>    <p>   3. Si el gobierno restringe las industrias contaminantes. Si su pa\u00eds tiene restricciones sobre industrias contaminantes y est\u00e1 buscando un proyecto adecuado, entonces la producci\u00f3n de bandejas para huevos es una buena opci\u00f3n y no hay contaminaci\u00f3n ambiental en todo el proceso de producci\u00f3n de bandejas para huevos.<\/p>    <h2 class=\"wp-block-heading\">nuestro servicio<\/h2>   <div class=\"wp-block-image\"> <figure class=\"aligncenter size-full\"><img loading=\"lazy\" decoding=\"async\" width=\"716\" height=\"833\" src=\"https:\/\/eggtraymachine.org\/wp-content\/uploads\/2022\/08\/Egg-Tray-Certificate.webp\" alt=\"Certificado de bandeja de huevos\" class=\"wp-image-301\" title=\"\" srcset=\"https:\/\/eggtraymachine.org\/wp-content\/uploads\/2022\/08\/Egg-Tray-Certificate.webp 716w, https:\/\/eggtraymachine.org\/wp-content\/uploads\/2022\/08\/Egg-Tray-Certificate-258x300.webp 258w\" sizes=\"auto, (max-width: 716px) 100vw, 716px\" \/><figcaption class=\"wp-element-caption\">Certificado de bandeja de huevos<\/figcaption><\/figure> <\/div>   <ul class=\"wp-block-list\"> <li>Proporcione videos de producci\u00f3n de bandejas de huevos. Muchos clientes no est\u00e1n familiarizados con la producci\u00f3n de bandejas de huevos, por lo que podemos proporcionar informaci\u00f3n detallada para ayudarlos a entender la industria de las bandejas de huevos<\/li>    <li>Prueba de la m\u00e1quina de bandejas de huevos. Despu\u00e9s de completar la producci\u00f3n de la m\u00e1quina de bandejas de huevos, puede probar el rendimiento de la m\u00e1quina y enviar el video<\/li>    <li>Ayuda a construir la f\u00e1brica. Shuliy cuenta con dise\u00f1adores profesionales que pueden proporcionar los planos de dise\u00f1o de la f\u00e1brica de bandejas de huevos<\/li>    <li>Ayuda a los clientes a hacer presupuestos. Seg\u00fan la producci\u00f3n de bandejas de huevos del cliente, se puede calcular el presupuesto para desarrollar nuevas industrias, lo que facilita a los clientes planificar su negocio.<\/li> <\/ul>","protected":false},"excerpt":{"rendered":"<p>Shuliy Company is a manufacturer with 20 years of experience in egg trays. At present, it has formed a certain scale in the egg tray industry. Shuliy factory has been committed to the innovation of egg tray machines in recent years, providing more consumers. Better service. For example, now there are not only egg tray [&hellip;]<\/p>\n","protected":false},"author":1,"featured_media":0,"parent":0,"menu_order":0,"comment_status":"closed","ping_status":"open","template":"","meta":{"footnotes":""},"class_list":["post-2","page","type-page","status-publish","hentry"],"_links":{"self":[{"href":"https:\/\/eggtraymachine.org\/es\/wp-json\/wp\/v2\/pages\/2","targetHints":{"allow":["GET"]}}],"collection":[{"href":"https:\/\/eggtraymachine.org\/es\/wp-json\/wp\/v2\/pages"}],"about":[{"href":"https:\/\/eggtraymachine.org\/es\/wp-json\/wp\/v2\/types\/page"}],"author":[{"embeddable":true,"href":"https:\/\/eggtraymachine.org\/es\/wp-json\/wp\/v2\/users\/1"}],"replies":[{"embeddable":true,"href":"https:\/\/eggtraymachine.org\/es\/wp-json\/wp\/v2\/comments?post=2"}],"version-history":[{"count":2,"href":"https:\/\/eggtraymachine.org\/es\/wp-json\/wp\/v2\/pages\/2\/revisions"}],"predecessor-version":[{"id":988,"href":"https:\/\/eggtraymachine.org\/es\/wp-json\/wp\/v2\/pages\/2\/revisions\/988"}],"wp:attachment":[{"href":"https:\/\/eggtraymachine.org\/es\/wp-json\/wp\/v2\/media?parent=2"}],"curies":[{"name":"wp","href":"https:\/\/api.w.org\/{rel}","templated":true}]}}