{"id":97,"date":"2022-08-03T08:11:44","date_gmt":"2022-08-03T08:11:44","guid":{"rendered":"https:\/\/eggtraymachine.org\/?post_type=product&#038;p=97"},"modified":"2024-06-18T16:46:05","modified_gmt":"2024-06-18T08:46:05","slug":"apple-tray-making-machine","status":"publish","type":"product","link":"https:\/\/eggtraymachine.org\/de\/product\/apple-tray-making-machine\/","title":{"rendered":"Apfelkarton Herstellungsmaschine | Papier Obstkarton Maschine\u00a0"},"content":{"rendered":"<p>Die Apfeltray-Maschine ist eine Maschine zur Herstellung von Obstverpackungstrays und kann auch andere Obsttrays produzieren, wie z.B. Kiwis, Persimonen und andere Fr\u00fcchte, die leicht zerdr\u00fcckt werden k\u00f6nnen.<\/p>    <p>Die Apfeltraymaschine kann Pappschalen in verschiedenen Gr\u00f6\u00dfen herstellen, indem sie verschiedene Formen austauscht. Da die Apfeltrays aus Abfallpapierprodukten hergestellt werden, sind die Verpackungsmaterialien umweltfreundliche Produkte. Der Produktionsprozess wird die Umwelt nicht belasten.<\/p>    <h2 class=\"wp-block-heading\">Verarbeitung von Apfeltrays<\/h2>   <div class=\"wp-block-image\"> <figure class=\"aligncenter size-full\"><img loading=\"lazy\" decoding=\"async\" width=\"720\" height=\"540\" src=\"https:\/\/eggtraymachine.org\/wp-content\/uploads\/2022\/08\/Apple-tray-processing-process.webp\" alt=\"Verarbeitung von Apfeltrays\" class=\"wp-image-101\" title=\"\" srcset=\"https:\/\/eggtraymachine.org\/wp-content\/uploads\/2022\/08\/Apple-tray-processing-process.webp 720w, https:\/\/eggtraymachine.org\/wp-content\/uploads\/2022\/08\/Apple-tray-processing-process-300x225.webp 300w\" sizes=\"auto, (max-width: 720px) 100vw, 720px\" \/><figcaption class=\"wp-element-caption\">Verarbeitung von Apfeltrays<\/figcaption><\/figure> <\/div>   <p class=\"translation-block\">Apfeltrays m\u00fcssen Abfallpapier als Rohmaterial f\u00fcr einen Prozess namens Verarbeitung verwenden, der Papierprodukte wie Kartons, B\u00fccher, Zeitungen usw. umfassen kann. Der <a href=\"https:\/\/eggtraymachine.org\/de\/product\/egg-tray-production-line\/\">Prozess der Apfeltray-Verarbeitung<\/a> besteht zun\u00e4chst aus der Pulpe, dann der Formung des Apfeltrays und schlie\u00dflich dem Trocknen und Verpacken. Da das Rohmaterial des Apfeltrays Papier ist, handelt es sich um ein biologisch abbaubares Verpackungsmaterial. Sehr umweltfreundlich.<\/p>    <h2 class=\"wp-block-heading\">Parameter f\u00fcr Apfelhalter<\/h2>    <figure class=\"wp-block-gallery has-nested-images columns-default is-cropped wp-block-gallery-2 is-layout-flex wp-block-gallery-is-layout-flex\"> <figure class=\"wp-block-image size-large\"><img loading=\"lazy\" decoding=\"async\" width=\"720\" height=\"540\" data-id=\"107\" src=\"https:\/\/eggtraymachine.org\/wp-content\/uploads\/2022\/08\/apple-tray-mold.webp\" alt=\"Apfeltray Form\" class=\"wp-image-107\" title=\"\" srcset=\"https:\/\/eggtraymachine.org\/wp-content\/uploads\/2022\/08\/apple-tray-mold.webp 720w, https:\/\/eggtraymachine.org\/wp-content\/uploads\/2022\/08\/apple-tray-mold-300x225.webp 300w\" sizes=\"auto, (max-width: 720px) 100vw, 720px\" \/><figcaption class=\"wp-element-caption\">Apfeltray-Matrize<\/figcaption><\/figure>    <figure class=\"wp-block-image size-large\"><img loading=\"lazy\" decoding=\"async\" width=\"720\" height=\"540\" data-id=\"108\" src=\"https:\/\/eggtraymachine.org\/wp-content\/uploads\/2022\/08\/apple-tray.webp\" alt=\"Apfeltray\" class=\"wp-image-108\" title=\"\" srcset=\"https:\/\/eggtraymachine.org\/wp-content\/uploads\/2022\/08\/apple-tray.webp 720w, https:\/\/eggtraymachine.org\/wp-content\/uploads\/2022\/08\/apple-tray-300x225.webp 300w\" sizes=\"auto, (max-width: 720px) 100vw, 720px\" \/><figcaption class=\"wp-element-caption\">Apfeltray<\/figcaption><\/figure> <\/figure>    <p>Es gibt viele Modelle von Apfelwannen von der Firma Shuliy, die von 1000 St\u00fcck pro Stunde bis 8000 St\u00fcck pro Stunde reichen. Das kleinste Modell ist 1000 St\u00fcck pro Stunde, auch SL-3*1 genannt. Die Maschine hat eine Achse, und es gibt drei kleine Apfelwannen auf einem Achsenmodell, sodass 3 Apfelwannen pro Verarbeitung produziert werden k\u00f6nnen.<\/p>    <figure class=\"wp-block-table\"><table><tbody><tr><td>Modell<\/td><td>Kapazit\u00e4t<\/td><td>Papierverbrauch<\/td><td>Wasserverbrauch<\/td><td>Energieverbrauch<\/td><td>Arbeiter<\/td><\/tr><tr><td>SL-3*1<\/td><td>1000-1500 St\u00fcck\/h<\/td><td>120 kg\/h<\/td><td>300 kg\/h<\/td><td>32 kW\/h<\/td><td>3-4<\/td><\/tr><tr><td>SL-4*1<\/td><td>1500-2000 St\u00fcck\/Stunde<\/td><td>160kg\/h<\/td><td>380kg\/h<\/td><td>45kWh<\/td><td>3-4<\/td><\/tr><tr><td>SL-3*4<\/td><td>2000-2500 St\u00fcck pro Stunde<\/td><td>200kg\/h<\/td><td>450kg\/h<\/td><td>58kw\/h<\/td><td>4-5<\/td><\/tr><tr><td>SL-4*4<\/td><td>3000-3500 St\u00fcck\/h<\/td><td>280kg\/h<\/td><td>560kg\/h<\/td><td>78 kW\/h<\/td><td>4-5<\/td><\/tr><tr><td>SL-4*8<\/td><td>4000St\u00fcck\/h<\/td><td>320kg\/h<\/td><td>600kg\/h<\/td><td>80 kW\/h<\/td><td>5-6<\/td><\/tr><tr><td>SL-5*8<\/td><td>5000St\u00fcck\/h<\/td><td>400kg\/h<\/td><td>750kg\/h<\/td><td>85 kW\/h<\/td><td>3-4<\/td><\/tr><tr><td>SL-5*12<\/td><td>6000St\u00fcck\/h<\/td><td>480kg\/h<\/td><td>900kg\/h<\/td><td>90 kW\/h<\/td><td>3-4<\/td><\/tr><tr><td>SL-6*12<\/td><td>8000 St\u00fcck\/h<\/td><td>640 kg\/h<\/td><td>1040 kg\/h<\/td><td>100kWh<\/td><td>3-4<\/td><\/tr><\/tbody><\/table><figcaption class=\"wp-element-caption\">Parameter der Apfeltray-Maschine<\/figcaption><\/figure>    <h2 class=\"wp-block-heading\" id=\"h-why-use-an-apple-tray\">Warum eine Apfeltray verwenden?<\/h2>   <div class=\"wp-block-image\"> <figure class=\"aligncenter size-full\"><img loading=\"lazy\" decoding=\"async\" width=\"720\" height=\"540\" src=\"https:\/\/eggtraymachine.org\/wp-content\/uploads\/2022\/08\/Apple-tray.webp\" alt=\"Apfeltray\" class=\"wp-image-100\" title=\"\" srcset=\"https:\/\/eggtraymachine.org\/wp-content\/uploads\/2022\/08\/Apple-tray.webp 720w, https:\/\/eggtraymachine.org\/wp-content\/uploads\/2022\/08\/Apple-tray-300x225.webp 300w\" sizes=\"auto, (max-width: 720px) 100vw, 720px\" \/><figcaption class=\"wp-element-caption\">Apfeltray<\/figcaption><\/figure> <\/div>   <p>Es gibt viele Bereiche, in denen Fr\u00fcchte exportiert oder \u00fcber lange Strecken transportiert werden m\u00fcssen. Wenn es keinen Schutz auf den Apfelkisten gibt, k\u00f6nnen die Fr\u00fcchte miteinander kollidieren, was dazu f\u00fchrt, dass die \u00c4pfel extrem verderblich werden. Daher werden Fr\u00fcchte, die \u00fcber lange Strecken transportiert werden m\u00fcssen, zum Schutz in die Obstkiste gelegt. <\/p>    <p>Die Apfelbeh\u00e4lter-Herstellungsmaschine ist nach der geometrischen Form, den Spezifikationen und den Schutzanforderungen des zu verpackenden Produkts konzipiert und hergestellt. Sie bietet ideale Schutzeffekte wie Pufferung, Sto\u00dffestigkeit, Druckfestigkeit, Schlagfestigkeit, Antistatik, Korrosionsschutz, Feuchtigkeitsschutz usw.<\/p>    <p> Es wird h\u00e4ufig in Glaswaren, Keramiken, elektronischen Ger\u00e4ten, mechanischen Teilen, Instrumenten, Werkzeugen, Spielzeugen, Mobiltelefonen und anderen Produkten in der Innenverpackung verwendet. Mit der Verbesserung der Technologie und der Produktionstechnik werden Pappschalen auch langsam in der Au\u00dfenverpackung von Produkten verwendet, um das Produkt direkt zu verpacken.<\/p>    <h2 class=\"wp-block-heading\">Welche Obsttrays k\u00f6nnen verarbeitet werden?<\/h2>    <figure class=\"wp-block-gallery has-nested-images columns-default is-cropped wp-block-gallery-3 is-layout-flex wp-block-gallery-is-layout-flex\"> <figure class=\"wp-block-image size-large\"><img loading=\"lazy\" decoding=\"async\" width=\"720\" height=\"540\" data-id=\"103\" src=\"https:\/\/eggtraymachine.org\/wp-content\/uploads\/2022\/08\/fruit-trays.webp\" alt=\"Obsttabletts\" class=\"wp-image-103\" title=\"\" srcset=\"https:\/\/eggtraymachine.org\/wp-content\/uploads\/2022\/08\/fruit-trays.webp 720w, https:\/\/eggtraymachine.org\/wp-content\/uploads\/2022\/08\/fruit-trays-300x225.webp 300w\" sizes=\"auto, (max-width: 720px) 100vw, 720px\" \/><figcaption class=\"wp-element-caption\">Obsttrays<\/figcaption><\/figure>    <figure class=\"wp-block-image size-large\"><img loading=\"lazy\" decoding=\"async\" width=\"720\" height=\"540\" data-id=\"104\" src=\"https:\/\/eggtraymachine.org\/wp-content\/uploads\/2022\/08\/fruit-tray.webp\" alt=\"Obsttabletts\" class=\"wp-image-104\" title=\"\" srcset=\"https:\/\/eggtraymachine.org\/wp-content\/uploads\/2022\/08\/fruit-tray.webp 720w, https:\/\/eggtraymachine.org\/wp-content\/uploads\/2022\/08\/fruit-tray-300x225.webp 300w\" sizes=\"auto, (max-width: 720px) 100vw, 720px\" \/><figcaption class=\"wp-element-caption\">Obsttrays<\/figcaption><\/figure>    <figure class=\"wp-block-image size-large\"><img loading=\"lazy\" decoding=\"async\" width=\"720\" height=\"540\" data-id=\"105\" src=\"https:\/\/eggtraymachine.org\/wp-content\/uploads\/2022\/08\/fruit-tray-1.webp\" alt=\"Obsttabletts\" class=\"wp-image-105\" title=\"\" srcset=\"https:\/\/eggtraymachine.org\/wp-content\/uploads\/2022\/08\/fruit-tray-1.webp 720w, https:\/\/eggtraymachine.org\/wp-content\/uploads\/2022\/08\/fruit-tray-1-300x225.webp 300w\" sizes=\"auto, (max-width: 720px) 100vw, 720px\" \/><figcaption class=\"wp-element-caption\">Obsttrays<\/figcaption><\/figure> <\/figure>    <p class=\"translation-block\">Viele Fr\u00fcchte verletzen sich beim Dr\u00fccken nicht und ben\u00f6tigen eine gute Verpackung. Diese Maschine zur Herstellung von Fruchttrays kann nicht nur Apfeltrays, sondern auch Trays f\u00fcr Trauben, Persimonen, <a href=\"https:\/\/nl.wikipedia.org\/wiki\/Kiwi_(fruit)\" data-type=\"URL\" data-id=\"https:\/\/nl.wikipedia.org\/wiki\/Kiwi_(fruit)\" target=\"_blank\" rel=\"noopener\">Kiwi<\/a>, Birnen und andere Fr\u00fcchte verarbeiten, da die Formen unserer Apfeltray-Maschine anpassbar sind. Die entsprechende Form kann entsprechend der Fruchtform des Kunden hergestellt werden. Daher sind <a href=\"https:\/\/eggtraymachine.org\/de\/product\/egg-carton-production-line\/\" data-type=\"URL\" data-id=\"https:\/\/eggtraymachine.org\/product\/egg-carton-production-line\/\"> <\/a><a href=\"https:\/\/eggtraymachine.org\/de\/product\/egg-tray-forming-machine\/\" data-type=\"URL\" data-id=\"https:\/\/eggtraymachine.org\/product\/egg-carton-production-line\/\">Papiertray-Produktionsmaschinen<\/a><a href=\"https:\/\/eggtraymachine.org\/de\/product\/egg-carton-production-line\/\" data-type=\"URL\" data-id=\"https:\/\/eggtraymachine.org\/product\/egg-carton-production-line\/\">s<\/a> sind weit verbreitet. <\/p>    <p>Es ist wichtig zu beachten, dass unsere Eierkartonherstellungsmaschine nur Papp-Eiertrays herstellen kann.<\/p>    <h2 class=\"wp-block-heading\">Merkmale der Apfeltr\u00e4ger-Maschine<\/h2>   <div class=\"wp-block-image\"> <figure class=\"aligncenter size-full\"><img loading=\"lazy\" decoding=\"async\" width=\"720\" height=\"540\" src=\"https:\/\/eggtraymachine.org\/wp-content\/uploads\/2022\/08\/apple-tray-making-machine.webp\" alt=\"Apfel-Tablett-Herstellungsmaschine\" class=\"wp-image-106\" title=\"\" srcset=\"https:\/\/eggtraymachine.org\/wp-content\/uploads\/2022\/08\/apple-tray-making-machine.webp 720w, https:\/\/eggtraymachine.org\/wp-content\/uploads\/2022\/08\/apple-tray-making-machine-300x225.webp 300w\" sizes=\"auto, (max-width: 720px) 100vw, 720px\" \/><figcaption class=\"wp-element-caption\">Apfel-Tray-Herstellungsmaschine<\/figcaption><\/figure> <\/div>   <ol class=\"wp-block-list\"> <li>Die Apfeltray-Herstellungsmaschine ist eine integrierte Maschine. Sie kann die Funktionen der retrograden Saugleistung, der Formung und des Platzierens von Apfeltrays ausf\u00fchren. <\/li>    <li>Es verwendet ein PLC-Steuerungssystem. W\u00e4hrend des Formungsprozesses von Apfelkisten wird das Pulping zun\u00e4chst an der Maschine adsorbiert und dann geformt. <\/li>    <li>Das \u00fcbersch\u00fcssige Wasser im Apfelbeh\u00e4lter wird herausgedr\u00fcckt, und die Apfelbeh\u00e4ltermaschine wird die geformten Apfelbeh\u00e4lter entformen. Der gesamte Prozess der Apfelbeh\u00e4lterverarbeitung ist vollautomatisch.<\/li> <\/ol>    <h2 class=\"wp-block-heading\">Export nach T\u00fcrkei Papier Obstschalenmaschine&nbsp;<\/h2>   <div class=\"wp-block-image\"> <figure class=\"aligncenter size-full\"><img loading=\"lazy\" decoding=\"async\" width=\"720\" height=\"540\" src=\"https:\/\/eggtraymachine.org\/wp-content\/uploads\/2022\/08\/Export-to-Turkey-paper-fruit-tray-machine-.webp\" alt=\"Export nach T\u00fcrkei Papier Obstschalenmaschine\u00a0\" class=\"wp-image-102\" title=\"\" srcset=\"https:\/\/eggtraymachine.org\/wp-content\/uploads\/2022\/08\/Export-to-Turkey-paper-fruit-tray-machine-.webp 720w, https:\/\/eggtraymachine.org\/wp-content\/uploads\/2022\/08\/Export-to-Turkey-paper-fruit-tray-machine--300x225.webp 300w\" sizes=\"auto, (max-width: 720px) 100vw, 720px\" \/><figcaption class=\"wp-element-caption\">Export nach T\u00fcrkei Papier Obstschalenmaschine&nbsp;<\/figcaption><\/figure> <\/div>   <p class=\"translation-block\">Wir haben eine <a href=\"https:\/\/eggtraymachine.org\/de\/product\/egg-tray-production-line\/\" data-type=\"URL\" data-id=\"https:\/\/eggtraymachine.org\/product\/egg-tray-production-line\/\">Apfeltray-Produktionslinie<\/a> nach T\u00fcrkei exportiert. Der Kunde ist ein Unternehmen. Es verkauft haupts\u00e4chlich Fruchttrays nach der Produktion an Obstexportunternehmen. Fr\u00fcchte m\u00fcssen vor dem Export verpackt werden. Der Kunde erwarb drei Arten von Formen, eine f\u00fcr Eiertrays, eine f\u00fcr Apfeltrays und die andere f\u00fcr Trauben. Trauben ben\u00f6tigen w\u00e4hrend des Transports einen besseren Schutz.<\/p>","protected":false},"excerpt":{"rendered":"<p>Die Apfeltraymaschine ist eine Maschine, die verwendet wird, um eine Obstverpackungsschale herzustellen, und kann auch andere Obstschalen produzieren, wie z.B. f\u00fcr Kiwi, Persimonen und andere Fr\u00fcchte, die leicht zerdr\u00fcckt werden k\u00f6nnen.<\/p>","protected":false},"author":1,"featured_media":99,"parent":0,"template":"","tags":[27,26],"product-type":[10,4],"class_list":["post-97","product","type-product","status-publish","has-post-thumbnail","hentry","tag-egg-carton-machine","tag-egg-tray-machine","product-type-paper-pulp-tray-forming","product-type-product"],"_links":{"self":[{"href":"https:\/\/eggtraymachine.org\/de\/wp-json\/wp\/v2\/product\/97","targetHints":{"allow":["GET"]}}],"collection":[{"href":"https:\/\/eggtraymachine.org\/de\/wp-json\/wp\/v2\/product"}],"about":[{"href":"https:\/\/eggtraymachine.org\/de\/wp-json\/wp\/v2\/types\/product"}],"author":[{"embeddable":true,"href":"https:\/\/eggtraymachine.org\/de\/wp-json\/wp\/v2\/users\/1"}],"wp:featuredmedia":[{"embeddable":true,"href":"https:\/\/eggtraymachine.org\/de\/wp-json\/wp\/v2\/media\/99"}],"wp:attachment":[{"href":"https:\/\/eggtraymachine.org\/de\/wp-json\/wp\/v2\/media?parent=97"}],"wp:term":[{"taxonomy":"post_tag","embeddable":true,"href":"https:\/\/eggtraymachine.org\/de\/wp-json\/wp\/v2\/tags?post=97"},{"taxonomy":"product-type","embeddable":true,"href":"https:\/\/eggtraymachine.org\/de\/wp-json\/wp\/v2\/product-type?post=97"}],"curies":[{"name":"wp","href":"https:\/\/api.w.org\/{rel}","templated":true}]}}