{"id":47,"date":"2022-08-02T09:44:58","date_gmt":"2022-08-02T09:44:58","guid":{"rendered":"https:\/\/eggtraymachine.org\/?post_type=product&#038;p=47"},"modified":"2024-06-26T16:15:25","modified_gmt":"2024-06-26T08:15:25","slug":"egg-carton-production-line","status":"publish","type":"product","link":"https:\/\/eggtraymachine.org\/de\/product\/egg-carton-production-line\/","title":{"rendered":"Eierkarton Produktionslinie | Eierkarton Maschine"},"content":{"rendered":"<p>Die Shuliy-Eierkarton-Produktionslinie bietet eine Komplettl\u00f6sung f\u00fcr alles, von der Pulpeformung bis hin zu Trocknung und Verpackung. Sie kann die Produktion von hochwertigen Eierkartons gew\u00e4hrleisten. <\/p>    <p>Die Kapazit\u00e4t von 1.000-8.000 St\u00fcck pro Stunde kann die meisten Anforderungen an die Produktion von Eierkartons erf\u00fcllen. Daher kann unsere Eierkarton-Produktionslinie sowohl den Bed\u00fcrfnissen von kleinen und mittelst\u00e4ndischen Unternehmen als auch von gro\u00dfen Farmen gerecht werden.<\/p>    <figure class=\"wp-block-embed is-type-video is-provider-youtube wp-block-embed-youtube wp-embed-aspect-16-9 wp-has-aspect-ratio\"><div class=\"wp-block-embed__wrapper\"> <iframe loading=\"lazy\" title=\"Wie macht man Eiertrays? Sehen Sie sich unser fortschrittliches 3D-Video der Eiertray-Herstellungsmaschine in Aktion an!\" width=\"500\" height=\"281\" src=\"https:\/\/www.youtube.com\/embed\/-0mtegid0ts?feature=oembed\" frameborder=\"0\" allow=\"accelerometer; autoplay; clipboard-write; encrypted-media; gyroscope; picture-in-picture; web-share\" referrerpolicy=\"strict-origin-when-cross-origin\" allowfullscreen><\/iframe> <\/div><figcaption class=\"wp-element-caption\">Video zur Eierkartonproduktion<\/figcaption><\/figure>    <p>Die Produktion von Papp-Eierkartons erfolgt durch die Verwendung von Altpapier. Nach einer einfachen Verarbeitung k\u00f6nnen Eierkartonprodukte hergestellt werden. Es gibt zwei Arten von Eiertrays und Eierboxen, die normalerweise zur Verpackung von Eiern verwendet werden. Eierboxen sind robuster, wenn sie zur Eierverpackung verwendet werden, und haben Funktionen wie Konservierung und Geruchsneutralisierung, wenn sie im K\u00fchlschrank aufbewahrt werden. Daher werden Eierboxen h\u00e4ufig in Superm\u00e4rkten und Eierverarbeitungsanlagen verwendet.<\/p>   <div class=\"wp-block-image\"> <figure class=\"aligncenter size-full\"><img loading=\"lazy\" decoding=\"async\" width=\"720\" height=\"540\" src=\"https:\/\/eggtraymachine.org\/wp-content\/uploads\/2022\/08\/egg-carton-machine-factory.webp\" alt=\"Eierkartonmaschinenfabrik\" class=\"wp-image-367\" title=\"\" srcset=\"https:\/\/eggtraymachine.org\/wp-content\/uploads\/2022\/08\/egg-carton-machine-factory.webp 720w, https:\/\/eggtraymachine.org\/wp-content\/uploads\/2022\/08\/egg-carton-machine-factory-300x225.webp 300w\" sizes=\"auto, (max-width: 720px) 100vw, 720px\" \/><figcaption class=\"wp-element-caption\">Eierkartonmaschinenfabrik<\/figcaption><\/figure> <\/div>   <h2 class=\"wp-block-heading\" id=\"h-raw-materials-for-egg-carton-production-line\">Rohstoffe f\u00fcr die Produktion von Eierkartons<\/h2>    <p class=\"translation-block\">F\u00fcr die Herstellung von Eierkartons kann Wellpappe, Altpapier, Altb\u00fccher und andere Papierprodukte verwendet werden. Haupts\u00e4chlich werden recycelte Papierressourcen verwendet, zerkleinert und zu Brei verarbeitet, und dann werden Eierkarton-Formmaschinen verwendet, um Eierkartons zu formen. <\/p>    <p>Neben Altpapier sind Wasser, Klebstoffe und antimikrobielle Mittel unerl\u00e4sslich. Klebstoffe verleihen den Papp-Eiertrays Festigkeit. Antimikrobielle Mittel verl\u00e4ngern die Lebensdauer des Eiertrays und gew\u00e4hrleisten die Lebensmittelsicherheit.<\/p>    <p>Da die Rohstoffkosten f\u00fcr die Produktion von Eierkartons niedrig sind, ist der Gewinn von Eierkartons hoch, weshalb viele Menschen Eierkartons produzieren.<\/p>    <figure class=\"wp-block-gallery has-nested-images columns-default is-cropped wp-block-gallery-2 is-layout-flex wp-block-gallery-is-layout-flex\"> <figure class=\"wp-block-image size-large\"><img loading=\"lazy\" decoding=\"async\" width=\"720\" height=\"540\" data-id=\"570\" src=\"https:\/\/eggtraymachine.org\/wp-content\/uploads\/2022\/08\/corrugated-cardboard.jpg\" alt=\"Wellpappe\" class=\"wp-image-570\" title=\"\" srcset=\"https:\/\/eggtraymachine.org\/wp-content\/uploads\/2022\/08\/corrugated-cardboard.jpg 720w, https:\/\/eggtraymachine.org\/wp-content\/uploads\/2022\/08\/corrugated-cardboard-300x225.jpg 300w, https:\/\/eggtraymachine.org\/wp-content\/uploads\/2022\/08\/corrugated-cardboard-16x12.jpg 16w\" sizes=\"auto, (max-width: 720px) 100vw, 720px\" \/><figcaption class=\"wp-element-caption\">Wellpappe<\/figcaption><\/figure>    <figure class=\"wp-block-image size-large\"><img loading=\"lazy\" decoding=\"async\" width=\"720\" height=\"540\" data-id=\"571\" src=\"https:\/\/eggtraymachine.org\/wp-content\/uploads\/2022\/08\/newspaper.jpg\" alt=\"Zeitung\" class=\"wp-image-571\" title=\"\" srcset=\"https:\/\/eggtraymachine.org\/wp-content\/uploads\/2022\/08\/newspaper.jpg 720w, https:\/\/eggtraymachine.org\/wp-content\/uploads\/2022\/08\/newspaper-300x225.jpg 300w, https:\/\/eggtraymachine.org\/wp-content\/uploads\/2022\/08\/newspaper-16x12.jpg 16w\" sizes=\"auto, (max-width: 720px) 100vw, 720px\" \/><figcaption class=\"wp-element-caption\">Zeitung<\/figcaption><\/figure> <\/figure>    <h2 class=\"wp-block-heading\">Prozess der Eierkartonproduktion<\/h2>    <figure class=\"wp-block-image size-full\"><img loading=\"lazy\" decoding=\"async\" width=\"720\" height=\"540\" src=\"https:\/\/eggtraymachine.org\/wp-content\/uploads\/2022\/08\/Egg-carton-production-line.webp\" alt=\"Eierkarton-Produktionslinie\" class=\"wp-image-53\" title=\"\" srcset=\"https:\/\/eggtraymachine.org\/wp-content\/uploads\/2022\/08\/Egg-carton-production-line.webp 720w, https:\/\/eggtraymachine.org\/wp-content\/uploads\/2022\/08\/Egg-carton-production-line-300x225.webp 300w\" sizes=\"auto, (max-width: 720px) 100vw, 720px\" \/><figcaption class=\"wp-element-caption\">Eierkarton-Produktionslinie<\/figcaption><\/figure>    <p>Der Prozess der Herstellung von Eierkartons und Eiertrays ist derselbe. Sie m\u00fcssen alle die Schritte der Zellstoffherstellung \u2192 Formung des Eierkartons \u2192 Trocknung des Eierkartons \u2192 sekund\u00e4re Verarbeitung des Eierkartons (optional) \u2192 Verpackung des Eierkartons durchlaufen.<\/p>    <h2 class=\"wp-block-heading\">Hauptmaschinen zur Herstellung von Eierkartons<\/h2>    <div class=\"wp-block-media-text alignwide is-stacked-on-mobile\"><figure class=\"wp-block-media-text__media\"><img loading=\"lazy\" decoding=\"async\" width=\"720\" height=\"540\" src=\"https:\/\/eggtraymachine.org\/wp-content\/uploads\/2022\/08\/Egg-carton-pulper.webp\" alt=\"Eierkarton-Pulper\" class=\"wp-image-57 size-full\" title=\"\" srcset=\"https:\/\/eggtraymachine.org\/wp-content\/uploads\/2022\/08\/Egg-carton-pulper.webp 720w, https:\/\/eggtraymachine.org\/wp-content\/uploads\/2022\/08\/Egg-carton-pulper-300x225.webp 300w\" sizes=\"auto, (max-width: 720px) 100vw, 720px\" \/><\/figure><div class=\"wp-block-media-text__content\"> <h3 class=\"wp-block-heading\">Eierkarton-Pulper<\/h3>    <p class=\"translation-block\">Der <a href=\"https:\/\/eggtraymachine.org\/de\/product\/egg-tray-pulper\/\">Eierkarton-Pulper<\/a> ist der erste Schritt der Eierkarton-Produktionslinie, bei dem aus Altpapier ein homogener Brei hergestellt wird.<\/p> <\/div><\/div>    <div class=\"wp-block-media-text alignwide has-media-on-the-right is-stacked-on-mobile\"><div class=\"wp-block-media-text__content\"> <h3 class=\"wp-block-heading\">Eierkarton-Formmaschine<\/h3>    <p class=\"translation-block\">Die <a href=\"https:\/\/eggtraymachine.org\/de\/product\/egg-tray-forming-machine\/\">Eierkarton-Formmaschine<\/a> ist der wichtigste Schritt im Eierkarton-Herstellungsprozess. Sie saugt den Brei mit einer Form an und presst ihn in die Form eines Eierkartons.<\/p> <\/div><figure class=\"wp-block-media-text__media\"><img loading=\"lazy\" decoding=\"async\" width=\"720\" height=\"540\" src=\"https:\/\/eggtraymachine.org\/wp-content\/uploads\/2022\/08\/Egg-carton-forming-machine.webp\" alt=\"Eierkarton-Formmaschine\" class=\"wp-image-58 size-full\" title=\"\" srcset=\"https:\/\/eggtraymachine.org\/wp-content\/uploads\/2022\/08\/Egg-carton-forming-machine.webp 720w, https:\/\/eggtraymachine.org\/wp-content\/uploads\/2022\/08\/Egg-carton-forming-machine-300x225.webp 300w\" sizes=\"auto, (max-width: 720px) 100vw, 720px\" \/><\/figure><\/div>    <div class=\"wp-block-media-text alignwide is-stacked-on-mobile\"><figure class=\"wp-block-media-text__media\"><img loading=\"lazy\" decoding=\"async\" width=\"626\" height=\"654\" src=\"https:\/\/eggtraymachine.org\/wp-content\/uploads\/2022\/08\/Egg-carton-thermoforming-machine-1.webp\" alt=\"Eierkarton-Tiefziehmaschine\" class=\"wp-image-63 size-full\" title=\"\" srcset=\"https:\/\/eggtraymachine.org\/wp-content\/uploads\/2022\/08\/Egg-carton-thermoforming-machine-1.webp 626w, https:\/\/eggtraymachine.org\/wp-content\/uploads\/2022\/08\/Egg-carton-thermoforming-machine-1-287x300.webp 287w\" sizes=\"auto, (max-width: 626px) 100vw, 626px\" \/><\/figure><div class=\"wp-block-media-text__content\"> <h3 class=\"wp-block-heading\">Eierkarton-Tiefziehmaschine<\/h3>    <p class=\"translation-block\">Die <a href=\"https:\/\/eggtraymachine.org\/de\/product\/egg-tray-carton-hot-pressing-machine\/\">Eierkarton-Hochdruckmaschine<\/a> kann verwendet werden, um den Eierkarton durch Erhitzen und Pressen in der Form der Maschine weiter zu formen und zu st\u00e4rken.<\/p> <\/div><\/div>    <div class=\"wp-block-media-text alignwide has-media-on-the-right is-stacked-on-mobile\"><div class=\"wp-block-media-text__content\"> <h3 class=\"wp-block-heading\">Eierkarton-Trockner<\/h3>    <p class=\"translation-block\"><a href=\"https:\/\/eggtraymachine.org\/de\/product\/paper-egg-tray-dryer-egg-tray-drying-machine\/\">Eierkarton-Trockner<\/a> verwenden hei\u00dfe Luft, um Feuchtigkeit aus den Eierkartons zu entfernen.<\/p> <\/div><figure class=\"wp-block-media-text__media\"><img loading=\"lazy\" decoding=\"async\" width=\"720\" height=\"540\" src=\"https:\/\/eggtraymachine.org\/wp-content\/uploads\/2022\/08\/egg-carton-dryer.webp\" alt=\"Eierkarton-Trockner\" class=\"wp-image-62 size-full\" title=\"\" srcset=\"https:\/\/eggtraymachine.org\/wp-content\/uploads\/2022\/08\/egg-carton-dryer.webp 720w, https:\/\/eggtraymachine.org\/wp-content\/uploads\/2022\/08\/egg-carton-dryer-300x225.webp 300w\" sizes=\"auto, (max-width: 720px) 100vw, 720px\" \/><\/figure><\/div>    <h2 class=\"wp-block-heading\">Eierkarton-Trocknungsverfahren<\/h2>    <p>Wie oben erw\u00e4hnt, k\u00f6nnen Sie einen mehrschichtigen Eierkartontrockner w\u00e4hlen, der effizient und platzsparend ist. Der getrocknete Brennstoff kann auf verschiedene Weise ausgew\u00e4hlt werden, wie z.B. Gas oder Heiz\u00f6l. Im Vergleich zur Trocknung in Ziegelei ist der gr\u00f6\u00dfte Vorteil des Trockners, dass er Brennstoff spart und gleichzeitig etwa 30 % Energie einsparen kann.<\/p>    <p>Dar\u00fcber hinaus kann das Trocknen von Eierkartons durch nat\u00fcrliche Trocknung erfolgen, die sich f\u00fcr die Produktion in kleinen Mengen eignet. Sie k\u00f6nnen auch Ihren eigenen Ziegelofen zum Trocknen bauen, was ausreichend Platz erfordert. <\/p>    <figure class=\"wp-block-gallery has-nested-images columns-default is-cropped wp-block-gallery-3 is-layout-flex wp-block-gallery-is-layout-flex\"> <figure class=\"wp-block-image size-large\"><img loading=\"lazy\" decoding=\"async\" width=\"720\" height=\"540\" data-id=\"72\" src=\"https:\/\/eggtraymachine.org\/wp-content\/uploads\/2022\/08\/Brick-kiln-drying-egg-trays.webp\" alt=\"Ziegelofen zum Trocknen von Eierkartons\" class=\"wp-image-72\" title=\"\" srcset=\"https:\/\/eggtraymachine.org\/wp-content\/uploads\/2022\/08\/Brick-kiln-drying-egg-trays.webp 720w, https:\/\/eggtraymachine.org\/wp-content\/uploads\/2022\/08\/Brick-kiln-drying-egg-trays-300x225.webp 300w\" sizes=\"auto, (max-width: 720px) 100vw, 720px\" \/><figcaption class=\"wp-element-caption\">Ziegelofen-Trocknung Eierkarton<\/figcaption><\/figure>    <figure class=\"wp-block-image size-large\"><img loading=\"lazy\" decoding=\"async\" width=\"720\" height=\"540\" data-id=\"581\" src=\"https:\/\/eggtraymachine.org\/wp-content\/uploads\/2022\/08\/dry-naturally.webp\" alt=\"nat\u00fcrlich trocknen\" class=\"wp-image-581\" title=\"\" srcset=\"https:\/\/eggtraymachine.org\/wp-content\/uploads\/2022\/08\/dry-naturally.webp 720w, https:\/\/eggtraymachine.org\/wp-content\/uploads\/2022\/08\/dry-naturally-300x225.webp 300w, https:\/\/eggtraymachine.org\/wp-content\/uploads\/2022\/08\/dry-naturally-16x12.webp 16w\" sizes=\"auto, (max-width: 720px) 100vw, 720px\" \/><figcaption class=\"wp-element-caption\">Nat\u00fcrlich trocknen<\/figcaption><\/figure> <\/figure>    <h2 class=\"wp-block-heading\">Parameter der Eierkarton-Produktionslinie<\/h2>    <figure class=\"wp-block-table\"><table><tbody><tr><td>Modell<\/td><td>Kapazit\u00e4t<\/td><td>Papierverbrauch<\/td><td>Wasserverbrauch<\/td><td>Verbrauchte Energie<\/td><td>Arbeiter<\/td><\/tr><tr><td>SL-3*1<\/td><td>1000-1500 St\u00fcck\/h<\/td><td>120 kg\/h<\/td><td>300 kg\/h<\/td><td>32 kW\/h<\/td><td>3-4<\/td><\/tr><tr><td>SL-4*1<\/td><td>1500-2000 St\u00fcck\/Stunde<\/td><td>160kg\/h<\/td><td>380kg\/h<\/td><td>45kWh<\/td><td>3-4<\/td><\/tr><tr><td>SL-3*4<\/td><td>2000-2500 St\u00fcck pro Stunde<\/td><td>200kg\/h<\/td><td>450kg\/h<\/td><td>58kw\/h<\/td><td>4-5<\/td><\/tr><tr><td>SL-4*4<\/td><td>3000-3500 St\u00fcck\/h<\/td><td>280kg\/h<\/td><td>560kg\/h<\/td><td>78 kW\/h<\/td><td>4-5<\/td><\/tr><tr><td>SL-4*8<\/td><td>4000St\u00fcck\/h<\/td><td>320kg\/h<\/td><td>600kg\/h<\/td><td>80 kW\/h<\/td><td>5-6<\/td><\/tr><tr><td>SL-5*8<\/td><td>5000St\u00fcck\/h<\/td><td>400kg\/h<\/td><td>750kg\/h<\/td><td>85 kW\/h<\/td><td>3-4<\/td><\/tr><tr><td>SL-5*12<\/td><td>6000St\u00fcck\/h<\/td><td>480kg\/h<\/td><td>900kg\/h<\/td><td>90 kW\/h<\/td><td>3-4<\/td><\/tr><tr><td>SL-6*12<\/td><td>8000 St\u00fcck\/h<\/td><td>640 kg\/h<\/td><td>1040 kg\/h<\/td><td>100kWh<\/td><td>3-4<\/td><\/tr><\/tbody><\/table><figcaption class=\"wp-element-caption\">Eierkarton Produktionslinie<\/figcaption><\/figure>    <p>Die Konfiguration der Eierkarton-Produktionslinie, der Automatisierungsgrad und die Gr\u00f6\u00dfe der Maschine bestimmen die Produktion von Eierkartons. Das bedeutet, dass Sie, wenn Sie 8000 St\u00fcck Eierkartons in einer Stunde erhalten m\u00f6chten, eine Linie mit hoher Automatisierung, hoher Konfiguration und einer gr\u00f6\u00dferen Maschine w\u00e4hlen m\u00fcssen.<\/p>    <figure class=\"wp-block-image size-full\"><img loading=\"lazy\" decoding=\"async\" width=\"720\" height=\"540\" src=\"https:\/\/eggtraymachine.org\/wp-content\/uploads\/2022\/08\/Egg-cartons.webp\" alt=\"Eierkartons \" class=\"wp-image-365\" title=\"\" srcset=\"https:\/\/eggtraymachine.org\/wp-content\/uploads\/2022\/08\/Egg-cartons.webp 720w, https:\/\/eggtraymachine.org\/wp-content\/uploads\/2022\/08\/Egg-cartons-300x225.webp 300w\" sizes=\"auto, (max-width: 720px) 100vw, 720px\" \/><figcaption class=\"wp-element-caption\">Eierkartons <\/figcaption><\/figure>    <h2 class=\"wp-block-heading\">Wie produziert man Eierboxen in verschiedenen Gr\u00f6\u00dfen?<\/h2>    <p>Die Gr\u00f6\u00dfe des Eierkartons ist je nach Hersteller unterschiedlich. Einige ben\u00f6tigen sechs Eier pro Karton, andere ben\u00f6tigen 12 Eier pro Karton oder 18 Eier pro Karton. Wie produziert die Eierkartonmaschine also Eierboxen in verschiedenen Spezifikationen? Das wird durch das Design der Form der Maschine bestimmt. Daher hat die Eierkartonmaschine verschiedene Funktionen und kann Eierkartons in unterschiedlichen Gr\u00f6\u00dfen herstellen.<\/p>    <figure class=\"wp-block-image size-full\"><img loading=\"lazy\" decoding=\"async\" width=\"720\" height=\"540\" src=\"https:\/\/eggtraymachine.org\/wp-content\/uploads\/2022\/08\/egg-carton-molds.webp\" alt=\"Eierkartonformen\" class=\"wp-image-578\" title=\"\" srcset=\"https:\/\/eggtraymachine.org\/wp-content\/uploads\/2022\/08\/egg-carton-molds.webp 720w, https:\/\/eggtraymachine.org\/wp-content\/uploads\/2022\/08\/egg-carton-molds-300x225.webp 300w, https:\/\/eggtraymachine.org\/wp-content\/uploads\/2022\/08\/egg-carton-molds-16x12.webp 16w\" sizes=\"auto, (max-width: 720px) 100vw, 720px\" \/><figcaption class=\"wp-element-caption\">Eierkartonformen<\/figcaption><\/figure>    <h2 class=\"wp-block-heading\">Wie werden Eierkartons in verschiedenen Farben hergestellt?<\/h2>    <p>Wir werden in Superm\u00e4rkten oder anderen Orten Eierkartons in anderen Farben sehen, nicht nur in Wei\u00df, sondern wie werden die bunten Eierkartons hergestellt? Tats\u00e4chlich gibt es w\u00e4hrend des Produktionsprozesses von Eierkartons einen sehr wichtigen Pulpprozess. Sie k\u00f6nnen Farbstoffe und Farben w\u00e4hrend des Pulpprozesses hinzuf\u00fcgen, um Eierkartons in verschiedenen Farben herzustellen.<\/p>    <figure class=\"wp-block-gallery has-nested-images columns-default is-cropped wp-block-gallery-4 is-layout-flex wp-block-gallery-is-layout-flex\"> <figure class=\"wp-block-image size-large\"><img loading=\"lazy\" decoding=\"async\" width=\"720\" height=\"540\" data-id=\"364\" src=\"https:\/\/eggtraymachine.org\/wp-content\/uploads\/2022\/08\/egg-cartons.webp\" alt=\"Eierkartons\" class=\"wp-image-364\" title=\"\" srcset=\"https:\/\/eggtraymachine.org\/wp-content\/uploads\/2022\/08\/egg-cartons.webp 720w, https:\/\/eggtraymachine.org\/wp-content\/uploads\/2022\/08\/egg-cartons-300x225.webp 300w\" sizes=\"auto, (max-width: 720px) 100vw, 720px\" \/><figcaption class=\"wp-element-caption\">Eierkartons<\/figcaption><\/figure>    <figure class=\"wp-block-image size-large\"><img loading=\"lazy\" decoding=\"async\" width=\"720\" height=\"540\" data-id=\"363\" src=\"https:\/\/eggtraymachine.org\/wp-content\/uploads\/2022\/08\/egg-cartons-of-different-colors-1.webp\" alt=\"Eierkartons in verschiedenen Farben\" class=\"wp-image-363\" title=\"\" srcset=\"https:\/\/eggtraymachine.org\/wp-content\/uploads\/2022\/08\/egg-cartons-of-different-colors-1.webp 720w, https:\/\/eggtraymachine.org\/wp-content\/uploads\/2022\/08\/egg-cartons-of-different-colors-1-300x225.webp 300w\" sizes=\"auto, (max-width: 720px) 100vw, 720px\" \/><figcaption class=\"wp-element-caption\">Eierkartons in verschiedenen Farben<\/figcaption><\/figure> <\/figure>    <h2 class=\"wp-block-heading\">Was ist der Unterschied zwischen der Produktion von Eierkartons und Eiertrays?<\/h2>    <p>Wie wir alle wissen, gibt es zwei Arten von Verpackungsmethoden f\u00fcr unsere g\u00e4ngigen Eier. Die eine ist ein Eierhalter und die andere ist ein Eierkarton. Was ist der Unterschied zwischen den Produktionsmethoden dieser beiden Produkte? Tats\u00e4chlich sind die Rohmaterialien und der Produktionsprozess von Eierhaltern und Eierkartons gleich. <\/p>    <p>Der einzige Unterschied in der Produktion besteht darin, dass die Formen von Eierschalenformmaschinen f\u00fcr Eierschalen und Eierkartons unterschiedlich sind. Unsere Formen k\u00f6nnen entsprechend den Kundenbed\u00fcrfnissen angepasst werden. Auf diese Weise sind die Kunden in der Produktion vielf\u00e4ltiger und wettbewerbsf\u00e4higer im Verkauf.<\/p>    <figure class=\"wp-block-gallery has-nested-images columns-default is-cropped wp-block-gallery-5 is-layout-flex wp-block-gallery-is-layout-flex\"> <figure class=\"wp-block-image size-large\"><img loading=\"lazy\" decoding=\"async\" width=\"720\" height=\"540\" data-id=\"579\" src=\"https:\/\/eggtraymachine.org\/wp-content\/uploads\/2022\/08\/egg-tray-mold-1.webp\" alt=\"Eierkartonform\" class=\"wp-image-579\" title=\"\" srcset=\"https:\/\/eggtraymachine.org\/wp-content\/uploads\/2022\/08\/egg-tray-mold-1.webp 720w, https:\/\/eggtraymachine.org\/wp-content\/uploads\/2022\/08\/egg-tray-mold-1-300x225.webp 300w, https:\/\/eggtraymachine.org\/wp-content\/uploads\/2022\/08\/egg-tray-mold-1-16x12.webp 16w\" sizes=\"auto, (max-width: 720px) 100vw, 720px\" \/><figcaption class=\"wp-element-caption\">Eiertray Form<\/figcaption><\/figure>    <figure class=\"wp-block-image size-large\"><img loading=\"lazy\" decoding=\"async\" width=\"720\" height=\"540\" data-id=\"580\" src=\"https:\/\/eggtraymachine.org\/wp-content\/uploads\/2022\/08\/egg-carton-mold.webp\" alt=\"Eierkartonform\" class=\"wp-image-580\" title=\"\" srcset=\"https:\/\/eggtraymachine.org\/wp-content\/uploads\/2022\/08\/egg-carton-mold.webp 720w, https:\/\/eggtraymachine.org\/wp-content\/uploads\/2022\/08\/egg-carton-mold-300x225.webp 300w, https:\/\/eggtraymachine.org\/wp-content\/uploads\/2022\/08\/egg-carton-mold-16x12.webp 16w\" sizes=\"auto, (max-width: 720px) 100vw, 720px\" \/><figcaption class=\"wp-element-caption\">Eierkartonform<\/figcaption><\/figure> <\/figure>    <h2 class=\"wp-block-heading\">Kundenfall zur Eierkarton-Produktionslinie<\/h2>    <figure class=\"wp-block-image size-full\"><img loading=\"lazy\" decoding=\"async\" width=\"720\" height=\"540\" src=\"https:\/\/eggtraymachine.org\/wp-content\/uploads\/2022\/08\/Egg-carton-machine-delivery.webp\" alt=\"Lieferung der Eierkartonmaschine\" class=\"wp-image-67\" title=\"\" srcset=\"https:\/\/eggtraymachine.org\/wp-content\/uploads\/2022\/08\/Egg-carton-machine-delivery.webp 720w, https:\/\/eggtraymachine.org\/wp-content\/uploads\/2022\/08\/Egg-carton-machine-delivery-300x225.webp 300w\" sizes=\"auto, (max-width: 720px) 100vw, 720px\" \/><figcaption class=\"wp-element-caption\">Eierkartonmaschine Lieferung<\/figcaption><\/figure>    <p class=\"translation-block\">Es gibt einen <a href=\"https:\/\/eggtraymachine.org\/de\/Info\/egg-tray-machine-exported-to-cameroon\/\" data-type=\"URL\" data-id=\"https:\/\/eggtraymachine.org\/Info\/egg-tray-machine-exported-to-cameroon\/\">Kunden von einem H\u00fchnerhof in Kamerun<\/a>, der eine Produktionslinie f\u00fcr Eierkartonmaschinen w\u00fcnscht. Der Kunde hat einen H\u00fchnerhof und m\u00f6chte sein Gesch\u00e4ft erweitern. Daher entscheidet er sich f\u00fcr die Verarbeitung von Eierkartons, um nicht nur den Bedarf seines H\u00fchnerhofs an Eierkartons zu decken, sondern auch nach au\u00dfen zu verkaufen.<\/p>    <p class=\"translation-block\">Der Kunde bestellte eine Eierkarton-Produktionslinie, einschlie\u00dflich eines Pulpers, einer Eierkarton-Formmaschine, einer <a href=\"https:\/\/eggtraymachine.org\/de\/product\/egg-tray-carton-hot-pressing-machine\/\" data-type=\"URL\" data-id=\"https:\/\/eggtraymachine.org\/product\/egg-tray-carton-hot-pressing-machine\/\">Hydroformmaschine<\/a> und einer Eierkarton-Verpackungsmaschine. Nachdem die Maschine nach Kamerun verschifft wurde, hatte er innerhalb einer Woche nach Produktionsbeginn die volle Kontrolle \u00fcber die Eierkartonproduktion. <\/p>    <p>Vor dem Kauf senden wir dem Kunden die produktionsbezogenen Informationen \u00fcber das Eierkarton-Tablett, und der professionelle Verk\u00e4ufer wird die Verwendung und den Aufbau der Maschine erkl\u00e4ren. So k\u00f6nnen die Kunden schnell Eierkartons produzieren. Wenn Sie nach einer effizienten Eierkarton-Produktionslinie suchen, z\u00f6gern Sie bitte nicht, uns zu kontaktieren.<\/p>","protected":false},"excerpt":{"rendered":"<p>Unsere Produktionlinie f\u00fcr Eierkartons bietet einen nahtlosen Prozess von der Pulpeformung bis zum Trocknen und Verpacken. Es werden nur 3-4 Arbeiter ben\u00f6tigt.<\/p>","protected":false},"author":1,"featured_media":121,"parent":0,"template":"","tags":[27,12],"product-type":[3],"class_list":["post-47","product","type-product","status-publish","has-post-thumbnail","hentry","tag-egg-carton-machine","tag-egg-carton-production-line","product-type-egg-tray-production"],"_links":{"self":[{"href":"https:\/\/eggtraymachine.org\/de\/wp-json\/wp\/v2\/product\/47","targetHints":{"allow":["GET"]}}],"collection":[{"href":"https:\/\/eggtraymachine.org\/de\/wp-json\/wp\/v2\/product"}],"about":[{"href":"https:\/\/eggtraymachine.org\/de\/wp-json\/wp\/v2\/types\/product"}],"author":[{"embeddable":true,"href":"https:\/\/eggtraymachine.org\/de\/wp-json\/wp\/v2\/users\/1"}],"wp:featuredmedia":[{"embeddable":true,"href":"https:\/\/eggtraymachine.org\/de\/wp-json\/wp\/v2\/media\/121"}],"wp:attachment":[{"href":"https:\/\/eggtraymachine.org\/de\/wp-json\/wp\/v2\/media?parent=47"}],"wp:term":[{"taxonomy":"post_tag","embeddable":true,"href":"https:\/\/eggtraymachine.org\/de\/wp-json\/wp\/v2\/tags?post=47"},{"taxonomy":"product-type","embeddable":true,"href":"https:\/\/eggtraymachine.org\/de\/wp-json\/wp\/v2\/product-type?post=47"}],"curies":[{"name":"wp","href":"https:\/\/api.w.org\/{rel}","templated":true}]}}