{"id":432,"date":"2023-03-10T16:59:59","date_gmt":"2023-03-10T08:59:59","guid":{"rendered":"https:\/\/eggtraymachine.org\/?post_type=product&#038;p=432"},"modified":"2024-06-19T15:33:44","modified_gmt":"2024-06-19T07:33:44","slug":"quail-egg-tray-machine","status":"publish","type":"product","link":"https:\/\/eggtraymachine.org\/de\/product\/quail-egg-tray-machine\/","title":{"rendered":"Wachtel-Ei-Tablettmaschine | Wachtel-Ei-Box-Herstellungsmaschine"},"content":{"rendered":"<p class=\"translation-block\">Die Wachtel-Eier-Transportmaschine ist ein Ger\u00e4t zur Herstellung von Wachtel-Eier-Transportkisten. Das Rohmaterial zur Herstellung von <a href=\"https:\/\/en.wikipedia.org\/wiki\/Quail_eggs\" data-type=\"URL\" data-id=\"https:\/\/en.wikipedia.org\/wiki\/Quail_eggs\" target=\"_blank\" rel=\"noopener\">Wachtel-Eier<\/a>-Transportkisten ist Abfallpapier. Diese Maschine verursacht keine Verschmutzung im Produktionsprozess und ist eine umweltfreundliche Industrie, die von vielen L\u00e4ndern und Regierungen unterst\u00fctzt wird. <\/p>    <p>Die Produktion von Wachtel-Ei-Trays und Eierboxen kann auch Eiertrays, Obsttrays, Einweg-Urinbeutel, Weinkisten und Verpackungsboxen f\u00fcr Pr\u00e4zisionsinstrumente herstellen.<\/p>   <div class=\"wp-block-image\"> <figure class=\"aligncenter size-full\"><img loading=\"lazy\" decoding=\"async\" width=\"720\" height=\"540\" src=\"https:\/\/eggtraymachine.org\/wp-content\/uploads\/2023\/03\/Waste-paper-processing-for-different-packaging-products.webp\" alt=\"Abfallpapierverarbeitung f\u00fcr verschiedene Verpackungsprodukte\" class=\"wp-image-444\" title=\"\" srcset=\"https:\/\/eggtraymachine.org\/wp-content\/uploads\/2023\/03\/Waste-paper-processing-for-different-packaging-products.webp 720w, https:\/\/eggtraymachine.org\/wp-content\/uploads\/2023\/03\/Waste-paper-processing-for-different-packaging-products-300x225.webp 300w\" sizes=\"auto, (max-width: 720px) 100vw, 720px\" \/><figcaption class=\"wp-element-caption\">Abfallpapierverarbeitung f\u00fcr verschiedene Verpackungsprodukte<\/figcaption><\/figure> <\/div>   <h2 class=\"wp-block-heading\">Video der Maschine zur Herstellung von Papp-Eiertrays<\/h2>    <figure class=\"wp-block-embed is-type-video is-provider-youtube wp-block-embed-youtube wp-embed-aspect-16-9 wp-has-aspect-ratio\"><div class=\"wp-block-embed__wrapper\"> <iframe loading=\"lazy\" title=\"1000 St\u00fcck\/h-6000 St\u00fcck\/h 3D-Video der automatischen Eier-Tray-Produktionslinie | Papier-Ei-Karton-Produktion\" width=\"500\" height=\"281\" src=\"https:\/\/www.youtube.com\/embed\/qjUwbSb-hiI?feature=oembed\" frameborder=\"0\" allow=\"accelerometer; autoplay; clipboard-write; encrypted-media; gyroscope; picture-in-picture; web-share\" referrerpolicy=\"strict-origin-when-cross-origin\" allowfullscreen><\/iframe> <\/div><figcaption class=\"wp-element-caption\">Video zur Produktion von Eierkartons<\/figcaption><\/figure>    <h2 class=\"wp-block-heading\">Produktionsprozess von Wachtelei-Trays<\/h2>    <p class=\"translation-block\">Der Hauptprozess der Wachtel-Eier-Transportkistenproduktion ist Abfallpapierzerkleinerung\u2192Homogenisierung\u2192Formung\u2192Trocknung\u2192Verpackung. Es gibt drei Methoden zum Trocknen der Eierkisten: nat\u00fcrliche Trocknung, Ziegelofen-Trocknung und Metall-Trockner-Trocknung. Die Wachtel-Eier-Boxenmaschinen, die Sie verwenden m\u00fcssen, umfassen Pulpers, Wachtel-Eier-Transportkistenmaschinen, <a href=\"https:\/\/eggtraymachine.org\/de\/product\/paper-egg-tray-dryer-egg-tray-drying-machine\/\">Eierkisten-Trockner<\/a> und Eierkisten-Verpackungsmaschinen.<\/p>   <div class=\"wp-block-image\"> <figure class=\"aligncenter size-full\"><img loading=\"lazy\" decoding=\"async\" width=\"720\" height=\"540\" src=\"https:\/\/eggtraymachine.org\/wp-content\/uploads\/2023\/03\/Quail-egg-tray-production-process.webp\" alt=\"Produktionsprozess von Wachtelei-Trays\" class=\"wp-image-442\" title=\"\" srcset=\"https:\/\/eggtraymachine.org\/wp-content\/uploads\/2023\/03\/Quail-egg-tray-production-process.webp 720w, https:\/\/eggtraymachine.org\/wp-content\/uploads\/2023\/03\/Quail-egg-tray-production-process-300x225.webp 300w\" sizes=\"auto, (max-width: 720px) 100vw, 720px\" \/><figcaption class=\"wp-element-caption\">Produktionsprozess von Wachtelei-Trays<\/figcaption><\/figure> <\/div>   <h2 class=\"wp-block-heading\">Parameter der Maschine zur Herstellung von Wachtelei-Kartons<\/h2>    <ul class=\"wp-block-list\"> <li>Modell: Sl-4\u00d74<\/li>    <li>Aussto\u00df: 3000 St\u00fcck\/Stunde<\/li>    <li>Leistung: 45 kW<\/li>    <li>Papierverbrauch: 240 kg\/Stunde<\/li>    <li>Wasserverbrauch: 480 kg\/Stunde<\/li>    <li>Trockenmethode: Ziegelofen-Trocknung oder Metalltrockner<\/li> <\/ul>    <p>Die oben genannten sind die Parameter der Maschine mit einer Produktionskapazit\u00e4t von 300 Wachtel-Ei-Trays pro Stunde. Wenn Sie die Parameter anderer Produktionskapazit\u00e4ten der Wachtel-Ei-Tray-Maschine wissen m\u00f6chten, kontaktieren Sie uns bitte \u00fcber das Popup-Fenster in der unteren rechten Ecke.<\/p>    <h2 class=\"wp-block-heading\">Wie kann man die Produktionslinie f\u00fcr Wachtel-Ei-Trays anpassen?<\/h2>    <figure class=\"wp-block-gallery has-nested-images columns-default is-cropped wp-block-gallery-2 is-layout-flex wp-block-gallery-is-layout-flex\"> <figure class=\"wp-block-image size-large\"><img loading=\"lazy\" decoding=\"async\" width=\"720\" height=\"540\" data-id=\"436\" src=\"https:\/\/eggtraymachine.org\/wp-content\/uploads\/2023\/03\/Quail-egg-tray-machine-1.webp\" alt=\"Wachtel-Eierkartonmaschine\" class=\"wp-image-436\" title=\"\" srcset=\"https:\/\/eggtraymachine.org\/wp-content\/uploads\/2023\/03\/Quail-egg-tray-machine-1.webp 720w, https:\/\/eggtraymachine.org\/wp-content\/uploads\/2023\/03\/Quail-egg-tray-machine-1-300x225.webp 300w\" sizes=\"auto, (max-width: 720px) 100vw, 720px\" \/><figcaption class=\"wp-element-caption\">Wachtel-Eiablagemaschine<\/figcaption><\/figure>    <figure class=\"wp-block-image size-large\"><img loading=\"lazy\" decoding=\"async\" width=\"720\" height=\"540\" data-id=\"437\" src=\"https:\/\/eggtraymachine.org\/wp-content\/uploads\/2023\/03\/Quail-egg-tray-machine-details.webp\" alt=\"Details zur Wachtel-Ei-Tray-Maschine\" class=\"wp-image-437\" title=\"\" srcset=\"https:\/\/eggtraymachine.org\/wp-content\/uploads\/2023\/03\/Quail-egg-tray-machine-details.webp 720w, https:\/\/eggtraymachine.org\/wp-content\/uploads\/2023\/03\/Quail-egg-tray-machine-details-300x225.webp 300w\" sizes=\"auto, (max-width: 720px) 100vw, 720px\" \/><figcaption class=\"wp-element-caption\">Details zur Wachtel-Ei-Tray-Maschine<\/figcaption><\/figure>    <figure class=\"wp-block-image size-large\"><img loading=\"lazy\" decoding=\"async\" width=\"720\" height=\"540\" data-id=\"438\" src=\"https:\/\/eggtraymachine.org\/wp-content\/uploads\/2023\/03\/Quail-egg-tray-machine-delivery.webp\" alt=\"Lieferung der Wachtel-Ei-Tray-Maschine\" class=\"wp-image-438\" title=\"\" srcset=\"https:\/\/eggtraymachine.org\/wp-content\/uploads\/2023\/03\/Quail-egg-tray-machine-delivery.webp 720w, https:\/\/eggtraymachine.org\/wp-content\/uploads\/2023\/03\/Quail-egg-tray-machine-delivery-300x225.webp 300w\" sizes=\"auto, (max-width: 720px) 100vw, 720px\" \/><figcaption class=\"wp-element-caption\">Lieferung der Wachtel-Ei-Tray-Maschine<\/figcaption><\/figure> <\/figure>    <p>Wenn Sie eine Produktionseinheit f\u00fcr Wachtel-Eier-Trays und Wachtel-Eier-Kartons ben\u00f6tigen, m\u00fcssen Sie entscheiden, welche Kapazit\u00e4t Sie produzieren m\u00f6chten. Die Leistung, die wir bew\u00e4ltigen k\u00f6nnen, liegt zwischen 1000 St\u00fcck\/Stunde und 6000 St\u00fcck\/Stunde. Au\u00dferdem m\u00fcssen Sie die Gr\u00f6\u00dfe des Wachtel-Eier-Trays angeben, das Sie m\u00f6chten. Dann k\u00f6nnen wir die Form gem\u00e4\u00df den von Ihnen bereitgestellten Daten anpassen.<\/p>    <h2 class=\"wp-block-heading\">Rohmaterialien f\u00fcr die Produktion von Wachtel-Ei-Trays<\/h2>    <p>Was sind die Rohstoffe f\u00fcr die Produktion von Wachtelei-Trays? Die Wachtelei-Tray-Maschine verwendet Altpapier und ben\u00f6tigt auch Wasser. Der Preis f\u00fcr Altpapier ist relativ niedrig, was die Kosten f\u00fcr die Produktion von Wachtelei-Trays kontrolliert, und das Wasser im Produktionsprozess kann recycelt werden.<\/p>    <h2 class=\"wp-block-heading\">Wird dieselbe Maschine zur Herstellung von Wachtel-Ei-Trays und Wachtel-Ei-Kartons verwendet?<\/h2>    <p>Die gleiche Maschine wird zur Herstellung von Eiertrays und Eierboxen verwendet, aber es werden unterschiedliche Formen eingesetzt. Die Maschine muss f\u00fcr verschiedene Produkte und verschiedene Produktformen konfiguriert werden. Produktformen sind auch in verschiedene Materialien unterteilt, Eiertray-Formen haben Kunststoffformen und Aluminiumformen. Aluminiumformen sind von besserer Qualit\u00e4t, aber der Preis ist unvermeidlich relativ hoch. F\u00fcr weitere Informationen kontaktieren Sie uns bitte, und wir werden Ihnen einige detailliertere Informationen zusenden.<\/p>    <figure class=\"wp-block-image size-full\"><img loading=\"lazy\" decoding=\"async\" width=\"720\" height=\"540\" src=\"https:\/\/eggtraymachine.org\/wp-content\/uploads\/2023\/03\/quail-egg-tray-and-box.webp\" alt=\"Wachtel-Ei-Tray und Box\" class=\"wp-image-443\" title=\"\" srcset=\"https:\/\/eggtraymachine.org\/wp-content\/uploads\/2023\/03\/quail-egg-tray-and-box.webp 720w, https:\/\/eggtraymachine.org\/wp-content\/uploads\/2023\/03\/quail-egg-tray-and-box-300x225.webp 300w\" sizes=\"auto, (max-width: 720px) 100vw, 720px\" \/><figcaption class=\"wp-element-caption\">Wachtel-Eiablage und -Box<\/figcaption><\/figure>    <h2 class=\"wp-block-heading\">Der Unterschied zwischen einer Wachtel-Ei-Tray-Maschine und einer Eier-Tray-Maschine<\/h2>    <figure class=\"wp-block-gallery has-nested-images columns-default is-cropped wp-block-gallery-3 is-layout-flex wp-block-gallery-is-layout-flex\"> <figure class=\"wp-block-image size-large\"><img loading=\"lazy\" decoding=\"async\" width=\"720\" height=\"540\" data-id=\"440\" src=\"https:\/\/eggtraymachine.org\/wp-content\/uploads\/2023\/03\/egg-tray-machine-mold-1.webp\" alt=\"Eierkartonmaschinenform\" class=\"wp-image-440\" title=\"\" srcset=\"https:\/\/eggtraymachine.org\/wp-content\/uploads\/2023\/03\/egg-tray-machine-mold-1.webp 720w, https:\/\/eggtraymachine.org\/wp-content\/uploads\/2023\/03\/egg-tray-machine-mold-1-300x225.webp 300w\" sizes=\"auto, (max-width: 720px) 100vw, 720px\" \/><figcaption class=\"wp-element-caption\">Eierkartonmaschinenform<\/figcaption><\/figure>    <figure class=\"wp-block-image size-large\"><img loading=\"lazy\" decoding=\"async\" width=\"720\" height=\"540\" data-id=\"441\" src=\"https:\/\/eggtraymachine.org\/wp-content\/uploads\/2023\/03\/egg-carton-machine-mold.webp\" alt=\"Eierkarton-Maschinenform\" class=\"wp-image-441\" title=\"\" srcset=\"https:\/\/eggtraymachine.org\/wp-content\/uploads\/2023\/03\/egg-carton-machine-mold.webp 720w, https:\/\/eggtraymachine.org\/wp-content\/uploads\/2023\/03\/egg-carton-machine-mold-300x225.webp 300w\" sizes=\"auto, (max-width: 720px) 100vw, 720px\" \/><figcaption class=\"wp-element-caption\">Eierkarton-Maschinenform<\/figcaption><\/figure> <\/figure>    <p class=\"translation-block\">Die Rohstoffe und der Produktionsprozess der Wachtel-Eier-Transportkistenmaschine und eines <a href=\"https:\/\/eggtraymachine.org\/de\/product\/2000pc-h-pulp-egg-tray-machine\/\" data-type=\"URL\" data-id=\"https:\/\/eggtraymachine.org\/product\/2000pc-h-pulp-egg-tray-machine\/\">Eierkistenmaschinen-Moduls<\/a> sind identisch, aber die Form zum Herstellen der Wachtel-Eier-Transportkisten muss angepasst werden. Ansonsten sind sie gleich.<\/p>","protected":false},"excerpt":{"rendered":"<p>Die Maschine zur Herstellung von Wachtel-Ei-Schalen ist ein Ger\u00e4t zur Herstellung von Wachtel-Ei-Schalen. Das Rohmaterial zur Herstellung von Wachtel-Ei-Schalen ist Altpapier. Diese Maschine verursacht w\u00e4hrend des Produktionsprozesses keine Umweltverschmutzung und ist eine umweltfreundliche Industrie, die von vielen L\u00e4ndern und Regierungen unterst\u00fctzt wird. Die Produktionslinie f\u00fcr Wachtel-Ei-Schalen und Eierkartons kann auch Eierkartons, Obstschalen, Einweg-Urinflaschen, Weinschalen und Verpackungsboxen f\u00fcr Pr\u00e4zisionsinstrumente herstellen.<\/p>","protected":false},"author":1,"featured_media":433,"parent":0,"template":"","tags":[31],"product-type":[9,4],"class_list":["post-432","product","type-product","status-publish","has-post-thumbnail","hentry","tag-quail-egg-tray-machine","product-type-egg-tray-making","product-type-product"],"_links":{"self":[{"href":"https:\/\/eggtraymachine.org\/de\/wp-json\/wp\/v2\/product\/432","targetHints":{"allow":["GET"]}}],"collection":[{"href":"https:\/\/eggtraymachine.org\/de\/wp-json\/wp\/v2\/product"}],"about":[{"href":"https:\/\/eggtraymachine.org\/de\/wp-json\/wp\/v2\/types\/product"}],"author":[{"embeddable":true,"href":"https:\/\/eggtraymachine.org\/de\/wp-json\/wp\/v2\/users\/1"}],"wp:featuredmedia":[{"embeddable":true,"href":"https:\/\/eggtraymachine.org\/de\/wp-json\/wp\/v2\/media\/433"}],"wp:attachment":[{"href":"https:\/\/eggtraymachine.org\/de\/wp-json\/wp\/v2\/media?parent=432"}],"wp:term":[{"taxonomy":"post_tag","embeddable":true,"href":"https:\/\/eggtraymachine.org\/de\/wp-json\/wp\/v2\/tags?post=432"},{"taxonomy":"product-type","embeddable":true,"href":"https:\/\/eggtraymachine.org\/de\/wp-json\/wp\/v2\/product-type?post=432"}],"curies":[{"name":"wp","href":"https:\/\/api.w.org\/{rel}","templated":true}]}}