{"id":384,"date":"2026-04-01T11:04:40","date_gmt":"2026-04-01T03:04:40","guid":{"rendered":"https:\/\/eggtraymachine.org\/?post_type=product&#038;p=384"},"modified":"2026-04-01T11:04:40","modified_gmt":"2026-04-01T03:04:40","slug":"paper-wine-tray-making-machine","status":"publish","type":"product","link":"https:\/\/eggtraymachine.org\/de\/product\/paper-wine-tray-making-machine\/","title":{"rendered":"Papier-Wein-Tablett-Herstellungsmaschine | geformte Zellstoffverpackungsmaschine"},"content":{"rendered":"<p>Die Papier-Weintray-Herstellungsmaschine ist eine Art von Papiertray f\u00fcr die Verpackung von Weinflaschen. Die Weintray-Produktionsmaschine verwendet Altpapier, um Prozesse wie Zerkleinern, Formen, Trocknen usw. durchzuf\u00fchren, um die Verpackung von Weinflaschen herzustellen und zu verhindern, dass Glasprodukte zerbrechen. Diese Papier-Weintray-Herstellungsmaschine kann auch Eiertrays, Baumschultrays, Apfeltrays und andere Produkte herstellen. Die Maschine wurde nach Kanada, Nigeria, Saudi-Arabien, Oman, S\u00fcdafrika und mehr verkauft.<\/p>    <figure class=\"wp-block-image size-full\"><img loading=\"lazy\" decoding=\"async\" width=\"720\" height=\"540\" src=\"https:\/\/eggtraymachine.org\/wp-content\/uploads\/2022\/11\/Paper-wine-tray.jpg\" alt=\"Papier-Weinablage-Herstellungsmaschine\" class=\"wp-image-386\" title=\"\" srcset=\"https:\/\/eggtraymachine.org\/wp-content\/uploads\/2022\/11\/Paper-wine-tray.jpg 720w, https:\/\/eggtraymachine.org\/wp-content\/uploads\/2022\/11\/Paper-wine-tray-300x225.jpg 300w\" sizes=\"auto, (max-width: 720px) 100vw, 720px\" \/><figcaption class=\"wp-element-caption\">Papier-Weinablage-Herstellungsmaschine<\/figcaption><\/figure>    <h2 class=\"wp-block-heading\">Warum die Eierablage-Maschine eine Weinablage herstellen kann<\/h2>    <p class=\"translation-block\">Da die von der <a href=\"https:\/\/eggtraymachine.org\/de\/product\/2000pc-h-pulp-egg-tray-machine\/\" data-type=\"URL\" data-id=\"https:\/\/eggtraymachine.org\/product\/2000pc-h-pulp-egg-tray-machine\/\">Eierverpackungsmaschine<\/a> produzierten Formen austauschbar sind, k\u00f6nnen durch den Wechsel verschiedener Formen unterschiedliche Verpackungsformen hergestellt werden. Dies ist auch der Grund f\u00fcr die Vielfalt der Funktionen der Eierverpackungsmaschine. Wenn Sie ein Weingestell f\u00fcr Ihre Weinmaschine bestellen m\u00fcssen, um die Verpackung von Rotwein herzustellen, m\u00fcssen Sie nur die Gr\u00f6\u00dfe der Weinflasche angeben, und Sie k\u00f6nnen eine einzigartige Maschine anpassen.<\/p>    <figure class=\"wp-block-gallery has-nested-images columns-2 is-cropped wp-block-gallery-2 is-layout-flex wp-block-gallery-is-layout-flex\"> <figure class=\"wp-block-image size-large\"><img loading=\"lazy\" decoding=\"async\" width=\"720\" height=\"540\" data-id=\"387\" src=\"https:\/\/eggtraymachine.org\/wp-content\/uploads\/2022\/11\/Paper-wine-tray-making-machine-1.jpg\" alt=\"Wein Tablett\" class=\"wp-image-387\" title=\"\" srcset=\"https:\/\/eggtraymachine.org\/wp-content\/uploads\/2022\/11\/Paper-wine-tray-making-machine-1.jpg 720w, https:\/\/eggtraymachine.org\/wp-content\/uploads\/2022\/11\/Paper-wine-tray-making-machine-1-300x225.jpg 300w\" sizes=\"auto, (max-width: 720px) 100vw, 720px\" \/><figcaption class=\"wp-element-caption\">Weinablage<\/figcaption><\/figure>    <figure class=\"wp-block-image size-large\"><img loading=\"lazy\" decoding=\"async\" width=\"720\" height=\"540\" data-id=\"389\" src=\"https:\/\/eggtraymachine.org\/wp-content\/uploads\/2022\/11\/friut-tray.jpg\" alt=\"Obstablage\" class=\"wp-image-389\" title=\"\" srcset=\"https:\/\/eggtraymachine.org\/wp-content\/uploads\/2022\/11\/friut-tray.jpg 720w, https:\/\/eggtraymachine.org\/wp-content\/uploads\/2022\/11\/friut-tray-300x225.jpg 300w\" sizes=\"auto, (max-width: 720px) 100vw, 720px\" \/><figcaption class=\"wp-element-caption\">Obsttablett<\/figcaption><\/figure>    <figure class=\"wp-block-image size-large\"><img loading=\"lazy\" decoding=\"async\" width=\"720\" height=\"540\" data-id=\"390\" src=\"https:\/\/eggtraymachine.org\/wp-content\/uploads\/2022\/11\/paper-tray.jpg\" alt=\"Papierablage\" class=\"wp-image-390\" title=\"\" srcset=\"https:\/\/eggtraymachine.org\/wp-content\/uploads\/2022\/11\/paper-tray.jpg 720w, https:\/\/eggtraymachine.org\/wp-content\/uploads\/2022\/11\/paper-tray-300x225.jpg 300w\" sizes=\"auto, (max-width: 720px) 100vw, 720px\" \/><figcaption class=\"wp-element-caption\">Papierablage<\/figcaption><\/figure>    <figure class=\"wp-block-image size-large\"><img loading=\"lazy\" decoding=\"async\" width=\"720\" height=\"540\" data-id=\"391\" src=\"https:\/\/eggtraymachine.org\/wp-content\/uploads\/2022\/11\/packing-tray.jpg\" alt=\"Verpackungstablett\" class=\"wp-image-391\" title=\"\" srcset=\"https:\/\/eggtraymachine.org\/wp-content\/uploads\/2022\/11\/packing-tray.jpg 720w, https:\/\/eggtraymachine.org\/wp-content\/uploads\/2022\/11\/packing-tray-300x225.jpg 300w\" sizes=\"auto, (max-width: 720px) 100vw, 720px\" \/><figcaption class=\"wp-element-caption\">Verpackungstablett<\/figcaption><\/figure> <\/figure>    <h2 class=\"wp-block-heading\">Herstellungsprozess der Papier-Weinablage<\/h2>    <figure class=\"wp-block-image size-full\"><img loading=\"lazy\" decoding=\"async\" width=\"720\" height=\"540\" src=\"https:\/\/eggtraymachine.org\/wp-content\/uploads\/2022\/11\/Paper-wine-tray-making-machine-2.jpg\" alt=\"Papier-Weinablage-Herstellungsmaschine\" class=\"wp-image-392\" title=\"\" srcset=\"https:\/\/eggtraymachine.org\/wp-content\/uploads\/2022\/11\/Paper-wine-tray-making-machine-2.jpg 720w, https:\/\/eggtraymachine.org\/wp-content\/uploads\/2022\/11\/Paper-wine-tray-making-machine-2-300x225.jpg 300w\" sizes=\"auto, (max-width: 720px) 100vw, 720px\" \/><figcaption class=\"wp-element-caption\">Papier-Weinablage-Herstellungsmaschine<\/figcaption><\/figure>    <h3 class=\"wp-block-heading\">1. Pulpausystem der Papier-Wein-Tablett-Herstellungsmaschine<\/h3>    <p class=\"translation-block\">(1) Legen Sie das Rohmaterial in die <a href=\"https:\/\/en.wikipedia.org\/wiki\/Pulp_(paper)\" target=\"_blank\" rel=\"noopener\">Zellstoff<\/a>maschine, f\u00fcgen Sie eine angemessene Menge Wasser hinzu, r\u00fchren Sie es lange um, um das Altpapier in Zellstoff zu verwandeln, und legen Sie es dann zur Lagerung in den Zellstoffspeicher.<\/p>    <p>(2) Geben Sie das Zellstoff in den Zellstoffspeichertank in den Zellstoffmischbeh\u00e4lter, passen Sie die Zellstoffkonzentration im Zellstoffmischbeh\u00e4lter an und r\u00fchren Sie weiter durch das wei\u00dfe Wasser im R\u00fccktank und den dicken Zellstoff im Zellstoffspeichertank durch den Homogenisierer. Nachdem der Zellstoff auf eine geeignete Konsistenz eingestellt wurde, geben Sie ihn in den Zellstoffversorgungstank, um im Formungssystem verwendet zu werden.<\/p>    <p>&nbsp;Verwendete Ausr\u00fcstung: Pulper, Homogenisierer, Zellstoffpumpe, Sieb, Zellstoff-Dekompressor<\/p>    <h3 class=\"wp-block-heading\">2. Ein System bilden<\/h3>    <figure class=\"wp-block-image size-full\"><img loading=\"lazy\" decoding=\"async\" width=\"720\" height=\"540\" src=\"https:\/\/eggtraymachine.org\/wp-content\/uploads\/2022\/11\/Paper-wine-tray-forming-machine.jpg\" alt=\"Papier-Weinkarton-Bildungsmaschine\" class=\"wp-image-393\" title=\"\" srcset=\"https:\/\/eggtraymachine.org\/wp-content\/uploads\/2022\/11\/Paper-wine-tray-forming-machine.jpg 720w, https:\/\/eggtraymachine.org\/wp-content\/uploads\/2022\/11\/Paper-wine-tray-forming-machine-300x225.jpg 300w\" sizes=\"auto, (max-width: 720px) 100vw, 720px\" \/><figcaption class=\"wp-element-caption\">Papier-Wein-Tablett-Formmaschine<\/figcaption><\/figure>    <p>(1) Der Brei im Breivorratstank wird in die Formmaschine gef\u00f6rdert und vom Vakuumsystem adsorbiert. Der Brei wird durch die Form auf der Ausr\u00fcstung geleitet, und der Brei bleibt auf der Form, um zu formen, w\u00e4hrend das wei\u00dfe Wasser adsorbiert und durch die Vakuumpumpe zur\u00fcck zum Wassertank geleitet wird.<br>(2) Nachdem die Form adsorbiert ist, durchl\u00e4uft die Transferform den \u00dcberdruck des Luftkompressors, um die Luft abzulassen, und das geformte Produkt wird von der Form auf die rotierende Form geblasen, und einige werden durch die Transferform nach au\u00dfen bef\u00f6rdert.<br>Verwendete Ausr\u00fcstung: Formmaschine, Form, Vakuumpumpe, Unterdrucktank, Wasserpumpe, Luftkompressor, Formreinigungsmaschine<\/p>    <h3 class=\"wp-block-heading\">3. Trocknungssystem<\/h3>    <figure class=\"wp-block-gallery has-nested-images columns-default is-cropped wp-block-gallery-3 is-layout-flex wp-block-gallery-is-layout-flex\"> <figure class=\"wp-block-image size-large\"><img loading=\"lazy\" decoding=\"async\" width=\"720\" height=\"540\" data-id=\"395\" src=\"https:\/\/eggtraymachine.org\/wp-content\/uploads\/2022\/11\/red-wine-tray-making-mahcine.jpg\" alt=\"Rotwein Tablett Herstellungsmaschine\" class=\"wp-image-395\" title=\"\" srcset=\"https:\/\/eggtraymachine.org\/wp-content\/uploads\/2022\/11\/red-wine-tray-making-mahcine.jpg 720w, https:\/\/eggtraymachine.org\/wp-content\/uploads\/2022\/11\/red-wine-tray-making-mahcine-300x225.jpg 300w\" sizes=\"auto, (max-width: 720px) 100vw, 720px\" \/><figcaption class=\"wp-element-caption\">Rotwein-Tablett-Herstellungsmaschine<\/figcaption><\/figure>    <figure class=\"wp-block-image size-large\"><img loading=\"lazy\" decoding=\"async\" width=\"720\" height=\"540\" data-id=\"394\" src=\"https:\/\/eggtraymachine.org\/wp-content\/uploads\/2022\/11\/Drying-system.jpg\" alt=\"Trocknungssystem\" class=\"wp-image-394\" title=\"\" srcset=\"https:\/\/eggtraymachine.org\/wp-content\/uploads\/2022\/11\/Drying-system.jpg 720w, https:\/\/eggtraymachine.org\/wp-content\/uploads\/2022\/11\/Drying-system-300x225.jpg 300w\" sizes=\"auto, (max-width: 720px) 100vw, 720px\" \/><figcaption class=\"wp-element-caption\">Trockenanlage<\/figcaption><\/figure> <\/figure>    <p>(1) Nat\u00fcrliche Trocknungsmethode: direkt auf das Wetter und den nat\u00fcrlichen Wind angewiesen, um das Produkt zu trocknen.<br>(2) Traditionelles Trocknen: Ziegelgebaute Tunnel\u00f6fen, die W\u00e4rmequelle kann aus Erdgas, Diesel, Kohle, trockenem Holz, W\u00e4rmequellen wie Fl\u00fcssiggas gew\u00e4hlt werden.<br>(3) Neue Mehrschichttrocknungsanlage: Die 6-lagige Metalltrocknungsanlage kann im Vergleich zur Durchlauf-Trocknung mehr als 30 % Energie sparen, und die Hauptw\u00e4rmequelle ist Erdgas, Diesel und Fl\u00fcssiggas.<\/p>    <h2 class=\"wp-block-heading\">4. Hilfspackaging von Fertigprodukten<\/h2>    <p class=\"translation-block\">(1) Automatischer Stapler<br>(2) <a href=\"https:\/\/eggtraymachine.org\/de\/product\/egg-tray-packing-machine\/\" data-type=\"URL\" data-id=\"https:\/\/eggtraymachine.org\/product\/egg-tray-packing-machine\/\">Baler<\/a><\/p>    <p>Die Ausr\u00fcstungen und technologischen Prozesse, die bei der Herstellung von Weinkisten verwendet werden, sind die gleichen wie die von Eierkisten. Die Produktion ist relativ einfach, und es gibt viele Arten von Maschinen zur Herstellung von Papier-Weinkisten. Die Mindestproduktion betr\u00e4gt 1000 St\u00fcck pro Stunde f\u00fcr eine Maschine zur Herstellung von Papier-Weinkisten.<\/p>    <figure class=\"wp-block-image size-full\"><img loading=\"lazy\" decoding=\"async\" width=\"720\" height=\"540\" src=\"https:\/\/eggtraymachine.org\/wp-content\/uploads\/2022\/11\/Paper-wine-tray-forming-machine.jpg\" alt=\"Papier-Weinkarton-Bildungsmaschine\" class=\"wp-image-393\" title=\"\" srcset=\"https:\/\/eggtraymachine.org\/wp-content\/uploads\/2022\/11\/Paper-wine-tray-forming-machine.jpg 720w, https:\/\/eggtraymachine.org\/wp-content\/uploads\/2022\/11\/Paper-wine-tray-forming-machine-300x225.jpg 300w\" sizes=\"auto, (max-width: 720px) 100vw, 720px\" \/><figcaption class=\"wp-element-caption\">Papier-Wein-Tablett-Formmaschine<\/figcaption><\/figure>","protected":false},"excerpt":{"rendered":"<p>The paper wine tray-making machine is a kind of paper tray for wine bottle packaging. The wine tray production machine uses waste paper to perform processes such as crushing, molding, drying, etc., to produce the packaging of wine bottles to prevent glass products from hitting and breaking. This paper wine tray-making machine can Production of [&hellip;]<\/p>\n","protected":false},"author":1,"featured_media":385,"parent":0,"template":"","tags":[29],"product-type":[10],"class_list":["post-384","product","type-product","status-publish","has-post-thumbnail","hentry","tag-paper-wine-tray-making-machine","product-type-paper-pulp-tray-forming"],"_links":{"self":[{"href":"https:\/\/eggtraymachine.org\/de\/wp-json\/wp\/v2\/product\/384","targetHints":{"allow":["GET"]}}],"collection":[{"href":"https:\/\/eggtraymachine.org\/de\/wp-json\/wp\/v2\/product"}],"about":[{"href":"https:\/\/eggtraymachine.org\/de\/wp-json\/wp\/v2\/types\/product"}],"author":[{"embeddable":true,"href":"https:\/\/eggtraymachine.org\/de\/wp-json\/wp\/v2\/users\/1"}],"wp:featuredmedia":[{"embeddable":true,"href":"https:\/\/eggtraymachine.org\/de\/wp-json\/wp\/v2\/media\/385"}],"wp:attachment":[{"href":"https:\/\/eggtraymachine.org\/de\/wp-json\/wp\/v2\/media?parent=384"}],"wp:term":[{"taxonomy":"post_tag","embeddable":true,"href":"https:\/\/eggtraymachine.org\/de\/wp-json\/wp\/v2\/tags?post=384"},{"taxonomy":"product-type","embeddable":true,"href":"https:\/\/eggtraymachine.org\/de\/wp-json\/wp\/v2\/product-type?post=384"}],"curies":[{"name":"wp","href":"https:\/\/api.w.org\/{rel}","templated":true}]}}