{"id":277,"date":"2022-08-12T06:20:33","date_gmt":"2022-08-12T06:20:33","guid":{"rendered":"https:\/\/eggtraymachine.org\/?post_type=product&#038;p=277"},"modified":"2022-12-05T10:14:13","modified_gmt":"2022-12-05T02:14:13","slug":"2000pc-h-pulp-egg-tray-machine","status":"publish","type":"product","link":"https:\/\/eggtraymachine.org\/de\/product\/2000pc-h-pulp-egg-tray-machine\/","title":{"rendered":"2000 St\u00fcck\/h Pulpe-Eierkartonmaschine"},"content":{"rendered":"<p class=\"translation-block\">Dieses Papierteller-Eierhalterungsmaschinen-Setup ist eine Eierpappschale-Maschine mit einer Ausbeute von 2000 Stk. pro Stunde, und unser <a href=\"https:\/\/eggtraymachine.org\/de\/product\/egg-tray-production-line\/\">Eierpappschalenproduktion hat 1000-8000 verschiedene Konfigurationen<\/a>. Die Eierpappschale wird durch Verwendung von Altpapier recycelt. Nach dem Zerkleinern wird die Eierpappschale hergestellt. Die normale Gr\u00f6\u00dfe der produzierten Eierpappschale ist 30 L\u00f6cher, und sie kann auch individuell angepasst werden.<\/p>    <figure class=\"wp-block-embed is-type-video is-provider-youtube wp-block-embed-youtube wp-embed-aspect-16-9 wp-has-aspect-ratio\"><div class=\"wp-block-embed__wrapper\"> <iframe loading=\"lazy\" title=\"Lila Eierkartonmaschine | die Papier-Eierkarton-Herstellungsmaschine | Projekt zur Wiederverwertung von Altpapier\" width=\"500\" height=\"281\" src=\"https:\/\/www.youtube.com\/embed\/5HgNoY7QYm0?feature=oembed\" frameborder=\"0\" allow=\"accelerometer; autoplay; clipboard-write; encrypted-media; gyroscope; picture-in-picture; web-share\" referrerpolicy=\"strict-origin-when-cross-origin\" allowfullscreen><\/iframe> <\/div><\/figure>    <h2 class=\"wp-block-heading\" id=\"h-why-is-the-egg-tray-industry-so-popular\">Warum ist die Eierkartonindustrie so beliebt?<\/h2>    <figure class=\"wp-block-gallery has-nested-images columns-default is-cropped wp-block-gallery-2 is-layout-flex wp-block-gallery-is-layout-flex\"> <figure class=\"wp-block-image size-large\"><img loading=\"lazy\" decoding=\"async\" width=\"720\" height=\"540\" data-id=\"283\" src=\"https:\/\/eggtraymachine.org\/wp-content\/uploads\/2022\/08\/pulp-egg-tray-after-packing.webp\" alt=\"Pulpeierkarton nach dem Verpacken\" class=\"wp-image-283\" title=\"\" srcset=\"https:\/\/eggtraymachine.org\/wp-content\/uploads\/2022\/08\/pulp-egg-tray-after-packing.webp 720w, https:\/\/eggtraymachine.org\/wp-content\/uploads\/2022\/08\/pulp-egg-tray-after-packing-300x225.webp 300w\" sizes=\"auto, (max-width: 720px) 100vw, 720px\" \/><figcaption class=\"wp-element-caption\">Zellstoff-Eierkarton nach der Verpackung<\/figcaption><\/figure>    <figure class=\"wp-block-image size-large\"><img loading=\"lazy\" decoding=\"async\" width=\"720\" height=\"540\" data-id=\"284\" src=\"https:\/\/eggtraymachine.org\/wp-content\/uploads\/2022\/08\/pulp-egg-tray.webp\" alt=\"Zellstoff-Ei-Tray\" class=\"wp-image-284\" title=\"\" srcset=\"https:\/\/eggtraymachine.org\/wp-content\/uploads\/2022\/08\/pulp-egg-tray.webp 720w, https:\/\/eggtraymachine.org\/wp-content\/uploads\/2022\/08\/pulp-egg-tray-300x225.webp 300w\" sizes=\"auto, (max-width: 720px) 100vw, 720px\" \/><figcaption class=\"wp-element-caption\">Pulp-Ei-Tray<\/figcaption><\/figure> <\/figure>    <p>Es gibt drei Gr\u00fcnde f\u00fcr die Beliebtheit der Produktion von Eierverpackungen. Erstens sind die Produktionskosten f\u00fcr Eierverpackungen niedrig, insbesondere die Kosten f\u00fcr Rohmaterialien. Dar\u00fcber hinaus ist die Produktion von Eierverpackungen ein umweltfreundlicher Prozess, und der gesamte Prozess der Eierverpackungsproduktion ist frei von Verschmutzung und erf\u00fcllt die Umweltstandards verschiedener L\u00e4nder. Schlie\u00dflich sind Eierverpackungen Verbrauchsmaterialien, und Hersteller von Eierverpackungen k\u00f6nnen regelm\u00e4\u00dfige Kunden und stabile Auftr\u00e4ge haben. Dies sind die Gr\u00fcnde, warum die Produktion von Eierverpackungen so beliebt ist.<\/p>    <h2 class=\"wp-block-heading\">2000 St\u00fcck\/h Pulp Eierkartonmaschine Parameter<\/h2>   <div class=\"wp-block-image\"> <figure class=\"aligncenter size-full\"><img loading=\"lazy\" decoding=\"async\" width=\"720\" height=\"540\" src=\"https:\/\/eggtraymachine.org\/wp-content\/uploads\/2022\/08\/pulp-egg-tray-machine-1.webp\" alt=\"Maschine zur Formung von Pulp-Ei-Trays\" class=\"wp-image-285\" title=\"\" srcset=\"https:\/\/eggtraymachine.org\/wp-content\/uploads\/2022\/08\/pulp-egg-tray-machine-1.webp 720w, https:\/\/eggtraymachine.org\/wp-content\/uploads\/2022\/08\/pulp-egg-tray-machine-1-300x225.webp 300w\" sizes=\"auto, (max-width: 720px) 100vw, 720px\" \/><figcaption class=\"wp-element-caption\">Maschine zur Formung von Pulp-Ei-Trays<\/figcaption><\/figure> <\/div>   <figure class=\"wp-block-table\"><table><tbody><tr><td>Modell<\/td><td>  Ausgabe<\/td><td>Papierverbrauch<\/td><td>Wasserverbrauch<br><\/td><td>Energieverbrauch<\/td><td>Arbeit Nummer<\/td><\/tr><tr><td>SL-3*4<\/td><td>2000-2500 St\u00fcck pro Stunde<\/td><td>200kg\/h<\/td><td>450kg\/h<\/td><td>58kw\/h<\/td><td>4-5<\/td><\/tr><\/tbody><\/table><figcaption class=\"wp-element-caption\"> Parameter der Pulp-Ei-Tray-Maschine<\/figcaption><\/figure>    <p class=\"translation-block\">Die minimale Ausbeute dieses<a href=\"https:\/\/en.wikipedia.org\/wiki\/Pulp_(band)\" data-type=\"URL\" data-id=\"https:\/\/en.wikipedia.org\/wiki\/Pulp_(band)\" target=\"_blank\" rel=\"noopener\"> Pulp<\/a>-Eierpappschalenmaschinen betr\u00e4gt 2000\/h, und die H\u00f6chstleistung kann 2500 Stk\/h erreichen, was in gewissem Ma\u00dfe mit dem Bedienungsgeschick der Arbeiter der Eierpappschalenproduktionslinie zusammenh\u00e4ngt. Nach Berechnung werden 200 kg Papier und 450 kg Papier pro Stunde verbraucht. Das Verh\u00e4ltnis von Wasser zu Papier betr\u00e4gt ungef\u00e4hr 3:1.<\/p>    <h2 class=\"wp-block-heading\">Modellauswahl f\u00fcr Eierkartonmaschinen<\/h2>   <div class=\"wp-block-image\"> <figure class=\"aligncenter size-full\"><img loading=\"lazy\" decoding=\"async\" width=\"720\" height=\"540\" src=\"https:\/\/eggtraymachine.org\/wp-content\/uploads\/2022\/08\/egg-tray-machine-factory-1.webp\" alt=\"Eierkarton Maschinenfabrik\" class=\"wp-image-287\" title=\"\" srcset=\"https:\/\/eggtraymachine.org\/wp-content\/uploads\/2022\/08\/egg-tray-machine-factory-1.webp 720w, https:\/\/eggtraymachine.org\/wp-content\/uploads\/2022\/08\/egg-tray-machine-factory-1-300x225.webp 300w\" sizes=\"auto, (max-width: 720px) 100vw, 720px\" \/><figcaption class=\"wp-element-caption\">Eierkarton Maschinenfabrik<\/figcaption><\/figure> <\/div>   <p class=\"translation-block\">Shuliy-Fabrik verf\u00fcgt \u00fcber Eierpappschalen-Produktionslinien mit unterschiedlichen Ausbeuten von 1000-8000 Stk\/h, die den Bed\u00fcrfnissen der meisten Eierpappschalenproduktionen gerecht werden, wovon <a href=\"https:\/\/eggtraymachine.org\/de\/product\/egg-tray-making-machine\/\">1000-2000pc\/h Eierpappschalenproduktion<\/a> zu den kleinen Volumen der Eierpappschalenverarbeitung geh\u00f6rt und sich f\u00fcr Familienwerkst\u00e4tten eignet. Oder wenn eine kleine Fabrik Eierpappschalen verarbeitet, ist 8000 Stk\/h die maximale Ausbeute. Wenn Sie 8 Stunden am Tag arbeiten, k\u00f6nnen Sie 64.000 Stk pro Tag produzieren, was eine gewisse Skalierung der Eierpappschalenverarbeitung erm\u00f6glicht.<\/p>    <h2 class=\"wp-block-heading\">Konfiguration der Eierkartonproduktionsanlage mit 2000 St\u00fcck pro Stunde<\/h2>   <div class=\"wp-block-image\"> <figure class=\"aligncenter size-full\"><img loading=\"lazy\" decoding=\"async\" width=\"720\" height=\"540\" src=\"https:\/\/eggtraymachine.org\/wp-content\/uploads\/2022\/08\/egg-tray-production-line-5.webp\" alt=\"Eierkartonproduktionslinie\" class=\"wp-image-286\" title=\"\" srcset=\"https:\/\/eggtraymachine.org\/wp-content\/uploads\/2022\/08\/egg-tray-production-line-5.webp 720w, https:\/\/eggtraymachine.org\/wp-content\/uploads\/2022\/08\/egg-tray-production-line-5-300x225.webp 300w\" sizes=\"auto, (max-width: 720px) 100vw, 720px\" \/><figcaption class=\"wp-element-caption\">Eierkartonproduktionslinie<\/figcaption><\/figure> <\/div>   <p>Die Produktion von 2000 St\u00fcck pro Stunde f\u00fcr Eierkartons erfordert einen Pulper, eine Eierkartonformmaschine, einen Trockner und eine Ballenpresse. Diese Ger\u00e4te bilden eine vollst\u00e4ndige Produktionslinie f\u00fcr Eierkartons.<\/p>    <h2 class=\"wp-block-heading\">Form f\u00fcr Eierkartons aus Zellstoff<\/h2>    <figure class=\"wp-block-gallery has-nested-images columns-default is-cropped wp-block-gallery-3 is-layout-flex wp-block-gallery-is-layout-flex\"> <figure class=\"wp-block-image size-large\"><img loading=\"lazy\" decoding=\"async\" width=\"720\" height=\"540\" data-id=\"288\" src=\"https:\/\/eggtraymachine.org\/wp-content\/uploads\/2022\/08\/plastic-egg-tray-mould.webp\" alt=\"Kunststoff-Ei-Tray Form\" class=\"wp-image-288\" title=\"\" srcset=\"https:\/\/eggtraymachine.org\/wp-content\/uploads\/2022\/08\/plastic-egg-tray-mould.webp 720w, https:\/\/eggtraymachine.org\/wp-content\/uploads\/2022\/08\/plastic-egg-tray-mould-300x225.webp 300w\" sizes=\"auto, (max-width: 720px) 100vw, 720px\" \/><figcaption class=\"wp-element-caption\">Kunststoff-Eiablageform<\/figcaption><\/figure>    <figure class=\"wp-block-image size-large\"><img loading=\"lazy\" decoding=\"async\" width=\"720\" height=\"540\" data-id=\"289\" src=\"https:\/\/eggtraymachine.org\/wp-content\/uploads\/2022\/08\/metal-egg-tray-mould.webp\" alt=\"Metall-Eierkartonform\" class=\"wp-image-289\" title=\"\" srcset=\"https:\/\/eggtraymachine.org\/wp-content\/uploads\/2022\/08\/metal-egg-tray-mould.webp 720w, https:\/\/eggtraymachine.org\/wp-content\/uploads\/2022\/08\/metal-egg-tray-mould-300x225.webp 300w\" sizes=\"auto, (max-width: 720px) 100vw, 720px\" \/><figcaption class=\"wp-element-caption\">Metall-Eiablageform<\/figcaption><\/figure> <\/figure>    <p>Die Form der Pulpeierkartonmaschine besteht aus zwei Materialien: Zum einen gibt es die Eierkartons aus Kunststoffmaterial und zum anderen die Eierkartons aus Metallmaterial. Letztere sind auch etwas teurer. Um verschiedene Arten von Eierkartons herzustellen, m\u00fcssen Sie lediglich die verschiedenen Eierkartonformen austauschen. Aber neben der Herstellung von Eierkartons sind Metall-Eierkartons erforderlich, um andere Arten von Papierprodukten herzustellen. Da Metall-Eierkartons feiner verarbeitet sind, k\u00f6nnen Kunststoff-Eierkartons die Anforderungen nicht erf\u00fcllen.<\/p>    <h2 class=\"wp-block-heading\">2000 kg\/h Eierkartontrockner<\/h2>   <div class=\"wp-block-image\"> <figure class=\"aligncenter size-full\"><img loading=\"lazy\" decoding=\"async\" width=\"720\" height=\"540\" src=\"https:\/\/eggtraymachine.org\/wp-content\/uploads\/2022\/08\/egg-tray-after-drying.webp\" alt=\"Eierkarton nach dem Trocknen\" class=\"wp-image-290\" title=\"\" srcset=\"https:\/\/eggtraymachine.org\/wp-content\/uploads\/2022\/08\/egg-tray-after-drying.webp 720w, https:\/\/eggtraymachine.org\/wp-content\/uploads\/2022\/08\/egg-tray-after-drying-300x225.webp 300w\" sizes=\"auto, (max-width: 720px) 100vw, 720px\" \/><figcaption class=\"wp-element-caption\">Eierkarton nach dem Trocknen<\/figcaption><\/figure> <\/div>   <p class=\"translation-block\">Die nat\u00fcrliche Trocknung der 2000kg\/h Eierpappschalen kann den Produktionsbedarf nicht mehr decken. Sie muss mit einem <a href=\"https:\/\/eggtraymachine.org\/de\/product\/paper-egg-tray-dryer-egg-tray-drying-machine\/\">Metall-Eierpappschalen-Trockner<\/a> getrocknet werden, oder man kann einen Backofenofen zum Trocknen bauen. Die Trocknungseffizienz des Trockners betr\u00e4gt ca. 30-40 Minuten, und der Trocknungsprozess kann eine vollautomatische Produktion sein.<\/p>    <h2 class=\"wp-block-heading\">Video der Zellstoff-Eierkartonmaschine mit 2000 St\u00fcck\/h<\/h2>    <figure class=\"wp-block-embed is-type-video is-provider-youtube wp-block-embed-youtube wp-embed-aspect-16-9 wp-has-aspect-ratio\"><div class=\"wp-block-embed__wrapper\"> <iframe loading=\"lazy\" title=\"Die Eierablage Maschinenfabrik hat 2000 St\u00fcck\/h Eierablage Maschinen f\u00fcr Kunden aus Usbekistan produziert.\" width=\"500\" height=\"281\" src=\"https:\/\/www.youtube.com\/embed\/qA1CohOIiFc?feature=oembed\" frameborder=\"0\" allow=\"accelerometer; autoplay; clipboard-write; encrypted-media; gyroscope; picture-in-picture; web-share\" referrerpolicy=\"strict-origin-when-cross-origin\" allowfullscreen><\/iframe> <\/div><figcaption class=\"wp-element-caption\">Eierkartonmaschinenvideo<\/figcaption><\/figure>","protected":false},"excerpt":{"rendered":"<p>Diese Papp-Eierkartonmaschine ist eine Eierkartonmaschine mit einer Produktionskapazit\u00e4t von 2000 St\u00fcck pro Stunde, und unsere Eierkartonproduktion hat 1000-8000 verschiedene Konfigurationen. <\/p>","protected":false},"author":1,"featured_media":282,"parent":0,"template":"","tags":[26],"product-type":[9,4],"class_list":["post-277","product","type-product","status-publish","has-post-thumbnail","hentry","tag-egg-tray-machine","product-type-egg-tray-making","product-type-product"],"_links":{"self":[{"href":"https:\/\/eggtraymachine.org\/de\/wp-json\/wp\/v2\/product\/277","targetHints":{"allow":["GET"]}}],"collection":[{"href":"https:\/\/eggtraymachine.org\/de\/wp-json\/wp\/v2\/product"}],"about":[{"href":"https:\/\/eggtraymachine.org\/de\/wp-json\/wp\/v2\/types\/product"}],"author":[{"embeddable":true,"href":"https:\/\/eggtraymachine.org\/de\/wp-json\/wp\/v2\/users\/1"}],"wp:featuredmedia":[{"embeddable":true,"href":"https:\/\/eggtraymachine.org\/de\/wp-json\/wp\/v2\/media\/282"}],"wp:attachment":[{"href":"https:\/\/eggtraymachine.org\/de\/wp-json\/wp\/v2\/media?parent=277"}],"wp:term":[{"taxonomy":"post_tag","embeddable":true,"href":"https:\/\/eggtraymachine.org\/de\/wp-json\/wp\/v2\/tags?post=277"},{"taxonomy":"product-type","embeddable":true,"href":"https:\/\/eggtraymachine.org\/de\/wp-json\/wp\/v2\/product-type?post=277"}],"curies":[{"name":"wp","href":"https:\/\/api.w.org\/{rel}","templated":true}]}}