{"id":240,"date":"2026-03-25T14:16:24","date_gmt":"2026-03-25T06:16:24","guid":{"rendered":"https:\/\/eggtraymachine.org\/?post_type=product&#038;p=240"},"modified":"2026-03-25T14:46:28","modified_gmt":"2026-03-25T06:46:28","slug":"egg-tray-packing-machine","status":"publish","type":"product","link":"https:\/\/eggtraymachine.org\/de\/product\/egg-tray-packing-machine\/","title":{"rendered":"Eierkartonverpackungsmaschine | Eierkartonstapler"},"content":{"rendered":"<p class=\"translation-block\">Der <strong>Eierkorb-Verpackungsautomat<\/strong>\u2014auch bekannt als Eierkorb-Baler oder Stapler\u2014ist ein wesentliches Ger\u00e4t in der Eierkorb-Produktionslinie. Dieses Ger\u00e4t f\u00fchrt die kritischen letzten Schritte Ihres Produktionsprozesses aus: das Komprimieren getrockneter Eierk\u00f6rbe f\u00fcr eine effiziente Lagerung und das Anordnen f\u00fcr eine einfache Handhabung w\u00e4hrend des Transports.<\/p>    <p>Egal, ob Sie eine kleine Werkstatt oder eine gro\u00dfe Industrieanlage betreiben, die Integration einer hochwertigen Verpackungsmaschine in Ihre Produktionslinie verbessert die Betriebseffizienz erheblich und senkt die Logistikkosten. Unsere Eierkorb-Verpackungsl\u00f6sungen wurden erfolgreich in Sudan, den Philippinen, Malaysia, Gro\u00dfbritannien, Australien und zahlreichen anderen L\u00e4ndern weltweit eingesetzt.<\/p>    <figure class=\"wp-block-gallery aligncenter has-nested-images columns-default is-cropped wp-block-gallery-2 is-layout-flex wp-block-gallery-is-layout-flex\"> <figure class=\"wp-block-image size-large\"><img loading=\"lazy\" decoding=\"async\" width=\"720\" height=\"540\" data-id=\"263\" src=\"https:\/\/eggtraymachine.org\/wp-content\/uploads\/2022\/08\/function-of-the-egg-tray-baler.webp\" alt=\"egg tray packing machine function\" class=\"wp-image-263\" title=\"\" srcset=\"https:\/\/eggtraymachine.org\/wp-content\/uploads\/2022\/08\/function-of-the-egg-tray-baler.webp 720w, https:\/\/eggtraymachine.org\/wp-content\/uploads\/2022\/08\/function-of-the-egg-tray-baler-300x225.webp 300w\" sizes=\"auto, (max-width: 720px) 100vw, 720px\" \/><figcaption class=\"wp-element-caption\">Betrieb des Eierkorb-Balers<\/figcaption><\/figure>    <figure class=\"wp-block-image size-large\"><img loading=\"lazy\" decoding=\"async\" width=\"720\" height=\"540\" data-id=\"264\" src=\"https:\/\/eggtraymachine.org\/wp-content\/uploads\/2022\/08\/egg-tray-baler.webp\" alt=\"egg tray baler machine\" class=\"wp-image-264\" title=\"\" srcset=\"https:\/\/eggtraymachine.org\/wp-content\/uploads\/2022\/08\/egg-tray-baler.webp 720w, https:\/\/eggtraymachine.org\/wp-content\/uploads\/2022\/08\/egg-tray-baler-300x225.webp 300w\" sizes=\"auto, (max-width: 720px) 100vw, 720px\" \/><figcaption class=\"wp-element-caption\">Industrieller Eierkorb-Baler<\/figcaption><\/figure> <\/figure>    <h2 class=\"wp-block-heading\">Warum Sie eine Eierkorb-Verpackungsmaschine ben\u00f6tigen<\/h2>    <p>After the drying process, egg trays remain fluffy and occupy significant volume\u2014approximately 3-4 times more than their compacted form. Without proper compression and stacking, storage and transportation become major challenges. Here&#8217;s why the egg tray packing machine is indispensable:<\/p>    <ol class=\"wp-block-list\"> <li><strong>Platzoptimierung:<\/strong> Komprimiert Eierk\u00f6rbe auf ein Minimum, reduziert den Lagerbedarf um bis zu 70%<\/li>    <li><strong>Transportschutz:<\/strong> Komprimierte B\u00fcndel behalten ihre Form auch bei schweren Lasten w\u00e4hrend des Versands bei<\/li>    <li><strong>Arbeits-Effizienz:<\/strong> Beseitigt manuelles Stapeln, reduziert den Personalbedarf und Verletzungsrisiken<\/li>    <li><strong>Professionelles Erscheinungsbild:<\/strong> Ordentlich geb\u00fcndelte Produkte hinterlassen bei K\u00e4ufern und H\u00e4ndlern einen besseren Eindruck<\/li>    <li><strong>Kostenreduzierung:<\/strong> Niedrigere Versandkosten pro Einheit und reduzierter Lagerplatzbedarf<\/li> <\/ol>    <h2 class=\"wp-block-heading\">Funktionsweise des Eierkorb-Balers<\/h2>    <p>The egg tray baler utilizes pneumatic (air-powered) compression to tightly bind dried egg trays into compact bundles. Here&#8217;s the working process:<\/p>    <ul class=\"wp-block-list\"> <li><strong>Kompression:<\/strong> Das pneumatische System \u00fcbt gleichm\u00e4\u00dfigen Druck aus, wodurch das Volumen der K\u00f6rbe erheblich reduziert wird<\/li>    <li><strong>Binden:<\/strong> Straps oder Dr\u00e4hte sichern das komprimierte B\u00fcndel<\/li>    <li><strong>Freigabe:<\/strong> Das komprimierte B\u00fcndel wird entfernt und beh\u00e4lt seine kompakte Form bei<\/li> <\/ul>    <p>Die komprimierten Eierk\u00f6rbe bleiben w\u00e4hrend Handhabung, Lagerung und Transport fest gebunden. Selbst bei schweren Gegenst\u00e4nden auf der Oberseite w\u00e4hrend des Versands bleibt die Korbform intakt und gesch\u00fctzt.<\/p>    <h2 class=\"wp-block-heading\">Technische Spezifikationen<\/h2>    <figure class=\"wp-block-table\"><table class=\"has-fixed-layout\"><tbody><tr><td><strong>Parameter<\/strong><\/td><td><strong>Spezifikation<\/strong><\/td><\/tr><tr><td>Energiequelle<\/td><td>Pneumatisch (druckluftbetrieben)<\/td><\/tr><tr><td>Verarbeitete Produkte<\/td><td>Eierk\u00f6rbe, Obstk\u00f6rbe, Becherhalter<\/td><\/tr><tr><td>Betriebsmodus<\/td><td>Halbautomatisch<\/td><\/tr><tr><td>Kompressionskraft<\/td><td>Verstellbar je nach Produkttyp<\/td><\/tr><tr><td>B\u00fcndelgr\u00f6\u00dfe<\/td><td>Anpassbar<\/td><\/tr><tr><td>Betriebsdruck<\/td><td>0,6-0,8 MPa<\/td><\/tr><tr><td>Luftverbrauch<\/td><td>0,3-0,5 m\u00b3\/min<\/td><\/tr><\/tbody><\/table><figcaption class=\"wp-element-caption\">Spezifikationen der Eierkorb-Verpackungsmaschine<\/figcaption><\/figure>    <h2 class=\"wp-block-heading\">Automatischer Eierkorb-Stapler<\/h2>    <p class=\"translation-block\">F\u00fcr Hochvolumen-Produktionslinien bieten wir auch den <strong>automatischen Eierkorb-Stapler<\/strong>\u2014ein erg\u00e4nzendes Ger\u00e4t, das getrocknete Eierk\u00f6rbe automatisch vom Produktionsband empf\u00e4ngt und organisiert.<\/p>    <ul class=\"wp-block-list\"> <li>Sammelt automatisch getrocknete K\u00f6rbe vom Ausgabeband<\/li>    <li>Stapelt K\u00f6rbe in pr\u00e4zisen, organisierten B\u00fcndeln<\/li>    <li>Beseitigt repetitive manuelle Arbeit<\/li>    <li>Erm\u00f6glicht die vollst\u00e4ndige Automatisierung der Eierkorb-Produktionslinie<\/li> <\/ul>    <p class=\"translation-block\"><strong>Vollautomatisierungs-Vorteil:<\/strong> Mit einem automatischen Stapler, der in Ihre Produktionslinie integriert ist, kann Ihre gesamte Eierkorb-Fabrik effizient mit nur <strong>4 Arbeitern<\/strong> betrieben werden\u2014einer beim Pulping, einer beim Formen, einer beim Trocknen und einer f\u00fcr Verpackung und Qualit\u00e4tskontrolle.<\/p>    <figure class=\"wp-block-gallery has-nested-images columns-default is-cropped wp-block-gallery-3 is-layout-flex wp-block-gallery-is-layout-flex\"> <figure class=\"wp-block-image size-large\"><img decoding=\"async\" data-id=\"267\" src=\"https:\/\/eggtraymachine.org\/wp-content\/uploads\/2022\/08\/Unpacked-egg-tray.webp\" alt=\"unpacked egg trays\" class=\"wp-image-267\" title=\"\"><figcaption class=\"wp-element-caption\">Unverpackte Eierk\u00f6rbe<\/figcaption><\/figure>    <figure class=\"wp-block-image size-large\"><img loading=\"lazy\" decoding=\"async\" width=\"720\" height=\"540\" data-id=\"269\" src=\"https:\/\/eggtraymachine.org\/wp-content\/uploads\/2022\/08\/Machine-packing-egg-tray.webp\" alt=\"machine packing egg tray\" class=\"wp-image-269\" title=\"\" srcset=\"https:\/\/eggtraymachine.org\/wp-content\/uploads\/2022\/08\/Machine-packing-egg-tray.webp 720w, https:\/\/eggtraymachine.org\/wp-content\/uploads\/2022\/08\/Machine-packing-egg-tray-300x225.webp 300w\" sizes=\"auto, (max-width: 720px) 100vw, 720px\" \/><figcaption class=\"wp-element-caption\">Maschine in Betrieb<\/figcaption><\/figure>    <figure class=\"wp-block-image size-large\"><img loading=\"lazy\" decoding=\"async\" width=\"720\" height=\"540\" data-id=\"266\" src=\"https:\/\/eggtraymachine.org\/wp-content\/uploads\/2022\/08\/egg-tray-stacker.webp\" alt=\"automatic egg tray stacker\" class=\"wp-image-266\" title=\"\" srcset=\"https:\/\/eggtraymachine.org\/wp-content\/uploads\/2022\/08\/egg-tray-stacker.webp 720w, https:\/\/eggtraymachine.org\/wp-content\/uploads\/2022\/08\/egg-tray-stacker-300x225.webp 300w\" sizes=\"auto, (max-width: 720px) 100vw, 720px\" \/><figcaption class=\"wp-element-caption\">Automatischer Stapler<\/figcaption><\/figure> <\/figure>    <h2 class=\"wp-block-heading\">Vollst\u00e4ndige Integration der Produktionslinie<\/h2>    <p>The egg tray packing machine is the final piece in a complete egg tray production line. Here&#8217;s how it integrates with other equipment:<\/p>    <ol class=\"wp-block-list\"> <li><a href=\"https:\/\/eggtraymachine.org\/de\/product\/egg-tray-pulper\/\">Eiertray-Pulper<\/a>: Wandelt Altpapier in Pulpe um<\/li>    <li><a href=\"https:\/\/eggtraymachine.org\/de\/product\/egg-tray-making-machine\/\">Eierkartonformmaschine<\/a>: Formen Pulpe zu Korbformen (verf\u00fcgbar 1000-8000 St\u00fcck\/h)<\/li>    <li><a href=\"https:\/\/eggtraymachine.org\/de\/product\/egg-tray-drying-box\/\">Eierkarton-Trockner<\/a>: Entfernt Feuchtigkeit aus geformten K\u00f6rben<\/li>    <li><a href=\"https:\/\/eggtraymachine.org\/de\/product\/egg-tray-carton-hot-pressing-machine\/\">Hei\u00dfpressmaschine<\/a> (Optional): Verbessert die Oberfl\u00e4chenqualit\u00e4t f\u00fcr Premium-M\u00e4rkte<\/li>    <li><strong>Eierkorb-Verpackungsmaschine \/ Stapler<\/strong>: Verdichtet und stapelt fertige Produkte<\/li> <\/ol>    <h2 class=\"wp-block-heading\">Anwendungen \u00fcber Eierk\u00f6rbe hinaus<\/h2>    <p>Unsere Verpackungsausr\u00fcstung verarbeitet neben Eierk\u00f6rben auch verschiedene Pulpe-Formprodukte:<\/p>    <ul class=\"wp-block-list\"> <li>Obstk\u00f6rbe (Apfel, Orange, Mango)<\/li>    <li>Becherhalter und Getr\u00e4nkehalter<\/li>    <li>Industrielle Verpackungskomponenten<\/li>    <li>Medizinische Instrumentenverpackung<\/li> <\/ul>    <figure class=\"wp-block-embed is-type-video is-provider-youtube wp-block-embed-youtube wp-embed-aspect-16-9 wp-has-aspect-ratio\"><div class=\"wp-block-embed__wrapper\"> <iframe loading=\"lazy\" title=\"Eiertray-Verpackungsmaschine | reduziert die Gr\u00f6\u00dfe von Eiertrays und macht sie einfacher zu lagern und zu verpacken\" width=\"422\" height=\"750\" src=\"https:\/\/www.youtube.com\/embed\/9ccxz7t72yE?feature=oembed\" frameborder=\"0\" allow=\"accelerometer; autoplay; clipboard-write; encrypted-media; gyroscope; picture-in-picture; web-share\" referrerpolicy=\"strict-origin-when-cross-origin\" allowfullscreen><\/iframe> <\/div><figcaption class=\"wp-element-caption\">Video zur Bedienung der Eierkorb-Verpackungsmaschine<\/figcaption><\/figure>    <h2 class=\"wp-block-heading\">Warum Shuliy-Verpackungsausr\u00fcstung w\u00e4hlen?<\/h2>    <ul class=\"wp-block-list\"> <li><strong>Bew\u00e4hrte globale Erfolgsbilanz:<\/strong> In \u00fcber 20 L\u00e4ndern installiert, darunter Sudan, Philippinen, Malaysia, Gro\u00dfbritannien und Australien<\/li>    <li><strong>Robuste Konstruktion:<\/strong> Industrietaugliche Komponenten sorgen f\u00fcr einen langfristigen, zuverl\u00e4ssigen Betrieb<\/li>    <li><strong>Einfache Wartung:<\/strong> Das einfache pneumatische System erfordert minimalen Wartungsaufwand<\/li>    <li><strong>Vielseitige Anwendung:<\/strong> Verarbeitet verschiedene Pulpe-Formprodukte mit einfachen Anpassungen<\/li>    <li><strong>Umfassender Support:<\/strong> Installationsanleitung, Betriebsschulung und Ersatzteillieferung<\/li> <\/ul>    <figure class=\"wp-block-gallery has-nested-images columns-default is-cropped wp-block-gallery-4 is-layout-flex wp-block-gallery-is-layout-flex\"> <figure class=\"wp-block-image size-large\"><img loading=\"lazy\" decoding=\"async\" width=\"720\" height=\"540\" data-id=\"270\" src=\"https:\/\/eggtraymachine.org\/wp-content\/uploads\/2022\/08\/egg-tray-production-1.webp\" alt=\"Eierkartonproduktionslinie\" class=\"wp-image-270\" title=\"\" srcset=\"https:\/\/eggtraymachine.org\/wp-content\/uploads\/2022\/08\/egg-tray-production-1.webp 720w, https:\/\/eggtraymachine.org\/wp-content\/uploads\/2022\/08\/egg-tray-production-1-300x225.webp 300w\" sizes=\"auto, (max-width: 720px) 100vw, 720px\" \/><figcaption class=\"wp-element-caption\">Vollst\u00e4ndige Produktionslinie<\/figcaption><\/figure>    <figure class=\"wp-block-image size-large\"><img loading=\"lazy\" decoding=\"async\" width=\"720\" height=\"540\" data-id=\"274\" src=\"https:\/\/eggtraymachine.org\/wp-content\/uploads\/2022\/08\/egg-tray-factory.webp\" alt=\"Eierablage-Fabrik\" class=\"wp-image-274\" title=\"\" srcset=\"https:\/\/eggtraymachine.org\/wp-content\/uploads\/2022\/08\/egg-tray-factory.webp 720w, https:\/\/eggtraymachine.org\/wp-content\/uploads\/2022\/08\/egg-tray-factory-300x225.webp 300w\" sizes=\"auto, (max-width: 720px) 100vw, 720px\" \/><figcaption class=\"wp-element-caption\">Kundenproduktionsanlage<\/figcaption><\/figure> <\/figure>    <h2 class=\"wp-block-heading\">H\u00e4ufig gestellte Fragen<\/h2>   <div id=\"rank-math-faq\" class=\"rank-math-block\"> <div class=\"rank-math-list\"> <div id=\"faq-packing-001\" class=\"rank-math-list-item\"> <h3 class=\"rank-math-question\">Was ist der Unterschied zwischen einem Eierkorb-Baler und einem Stapler?<\/h3> <div class=\"rank-math-answer\">  <p>Der Eierkorb-Baler komprimiert und b\u00fcndelt K\u00f6rbe f\u00fcr Lagerung und Transport. Der Stapler empf\u00e4ngt und organisiert automatisch getrocknete K\u00f6rbe vom F\u00f6rderband. Viele Kunden verwenden beide f\u00fcr eine vollst\u00e4ndige Automatisierung.<\/p>  <\/div> <\/div> <div id=\"faq-packing-002\" class=\"rank-math-list-item\"> <h3 class=\"rank-math-question\">Wie viel Platz ben\u00f6tigt die Verpackungsmaschine?<\/h3> <div class=\"rank-math-answer\">  <p>Die Eierkorb-Verpackungsmaschine ben\u00f6tigt etwa 10-15 Quadratmeter Bodenfl\u00e4che. Der automatische Stapler ben\u00f6tigt zus\u00e4tzlich 8-12 Quadratmeter.<\/p>  <\/div> <\/div> <div id=\"faq-packing-003\" class=\"rank-math-list-item\"> <h3 class=\"rank-math-question\">Ben\u00f6tigt die Verpackungsmaschine Druckluft?<\/h3> <div class=\"rank-math-answer\">  <p>Ja, das pneumatische System ben\u00f6tigt eine Druckluftversorgung. Wir k\u00f6nnen geeignete Kompressorspezifikationen basierend auf Ihrem Produktionsvolumen empfehlen.<\/p>  <\/div> <\/div> <div id=\"faq-packing-004\" class=\"rank-math-list-item\"> <h3 class=\"rank-math-question\">Kann die gleiche Maschine verschiedene Korbgr\u00f6\u00dfen verpacken?<\/h3> <div class=\"rank-math-answer\">  <p>Ja, die Kompressionskammer kann an verschiedene Korbgr\u00f6\u00dfen angepasst werden. Unser Team hilft bei der Konfiguration der Maschine f\u00fcr Ihre spezifischen Produkte.<\/p>  <\/div> <\/div> <div id=\"faq-packing-005\" class=\"rank-math-list-item\"> <h3 class=\"rank-math-question\">Wie integriert sich die Verpackungsmaschine in meine bestehende Produktionslinie?<\/h3> <div class=\"rank-math-answer\">  <p>Die Verpackungsmaschine und der Stapler sind an den Ausgang Ihres Trockners angeschlossen. Wir bieten Layout-Empfehlungen und Installationsanleitungen f\u00fcr eine nahtlose Integration.<\/p>  <\/div> <\/div> <div id=\"faq-packing-006\" class=\"rank-math-list-item\"> <h3 class=\"rank-math-question\">Welche Wartung ist f\u00fcr die Verpackungsausr\u00fcstung erforderlich?<\/h3> <div class=\"rank-math-answer\">  <p>Regelm\u00e4\u00dfige Wartung umfasst die \u00dcberpr\u00fcfung des Luftfilters, Schmierung beweglicher Teile und Inspektion der B\u00e4nder\/Bindematerialien. Wir stellen detaillierte Wartungsanleitungen und Video-Tutorials bereit.<\/p>  <\/div> <\/div> <\/div> <\/div>   <h2 class=\"wp-block-heading\">Vervollst\u00e4ndigen Sie Ihre Produktionslinie<\/h2>    <p>Die Investition in eine Qualit\u00e4ts-Verpackungsmaschine f\u00fcr Ihre Eierkorb-Produktionslinie amortisiert sich durch reduzierte Arbeitskosten, niedrigere Versandkosten und verbesserte Produktpr\u00e4sentation.<\/p>    <p class=\"translation-block\">Wir bieten komplette Eierkorb-Produktionsl\u00f6sungen mit Ausr\u00fcstung von <strong>1000 bis 8000 St\u00fcck\/h<\/strong> Kapazit\u00e4t. Unser Team hilft Ihnen, eine Produktionslinie zu entwerfen, die auf Ihre spezifischen Anforderungen zugeschnitten ist.<\/p>    <p class=\"translation-block\"><strong>What&#8217;s Included:<\/strong><\/p>    <ul class=\"wp-block-list\"> <li>Komplette Produktionslinienplanung und Layoutgestaltung<\/li>    <li>Ausr\u00fcstungswahl basierend auf Ihren Kapazit\u00e4tsanforderungen<\/li>    <li>Installationsanleitung und Schulung des Bedienpersonals<\/li>    <li>Laufende technische Unterst\u00fctzung und Ersatzteillieferung<\/li> <\/ul>    <p>Kontaktieren Sie uns noch heute, um Ihre Anforderungen an die Eierkorb-Produktion zu besprechen und ein individuelles Angebot zu erhalten.<\/p>","protected":false},"excerpt":{"rendered":"<p>Egg tray packing machine (baler) for compacting and stacking dried egg trays. Reduces storage space, protects during transport. Pneumatic operation, compatible with all production lines.<\/p>","protected":false},"author":1,"featured_media":262,"parent":0,"template":"","tags":[22],"product-type":[21,4],"class_list":["post-240","product","type-product","status-publish","has-post-thumbnail","hentry","tag-egg-tray-packing-machine","product-type-egg-tray-packing","product-type-product"],"_links":{"self":[{"href":"https:\/\/eggtraymachine.org\/de\/wp-json\/wp\/v2\/product\/240","targetHints":{"allow":["GET"]}}],"collection":[{"href":"https:\/\/eggtraymachine.org\/de\/wp-json\/wp\/v2\/product"}],"about":[{"href":"https:\/\/eggtraymachine.org\/de\/wp-json\/wp\/v2\/types\/product"}],"author":[{"embeddable":true,"href":"https:\/\/eggtraymachine.org\/de\/wp-json\/wp\/v2\/users\/1"}],"wp:featuredmedia":[{"embeddable":true,"href":"https:\/\/eggtraymachine.org\/de\/wp-json\/wp\/v2\/media\/262"}],"wp:attachment":[{"href":"https:\/\/eggtraymachine.org\/de\/wp-json\/wp\/v2\/media?parent=240"}],"wp:term":[{"taxonomy":"post_tag","embeddable":true,"href":"https:\/\/eggtraymachine.org\/de\/wp-json\/wp\/v2\/tags?post=240"},{"taxonomy":"product-type","embeddable":true,"href":"https:\/\/eggtraymachine.org\/de\/wp-json\/wp\/v2\/product-type?post=240"}],"curies":[{"name":"wp","href":"https:\/\/api.w.org\/{rel}","templated":true}]}}