{"id":224,"date":"2022-08-11T02:59:56","date_gmt":"2022-08-11T02:59:56","guid":{"rendered":"https:\/\/eggtraymachine.org\/?post_type=product&#038;p=224"},"modified":"2025-08-14T14:20:27","modified_gmt":"2025-08-14T06:20:27","slug":"egg-tray-carton-hot-pressing-machine","status":"publish","type":"product","link":"https:\/\/eggtraymachine.org\/de\/product\/egg-tray-carton-hot-pressing-machine\/","title":{"rendered":"Eierkarton-Hotpressmaschine"},"content":{"rendered":"<p class=\"translation-block\">Eine Eierkarton-Hei\u00dfpressmaschine ist eine Maschine zum Gl\u00e4tten der Oberfl\u00e4che von Eierkartons und Eierpappe sowie zur Tiefenbearbeitung von Eierpappe. Sie wird im Allgemeinen zum Hei\u00dfpressen nach <a href=\"https:\/\/eggtraymachine.org\/de\/product\/egg-tray-production-line\/\">dem Formkasten der Eierpappenformmaschine<\/a> verwendet und kann nach dem Hei\u00dfpressen verpackt werden. <\/p>    <p>Die Hei\u00dfpresse ben\u00f6tigt nur 6-10 Sekunden zum Pressen einer Eierpappe, mit extrem hoher Produktionseffizienz. Derzeit wurde die Hei\u00dfpressformmaschine in die Vereinigten Staaten, nach Frankreich, Vietnam, auf die Philippinen und an andere Orte verkauft.<\/p>    <h2 class=\"wp-block-heading\">Arbeitsvideo der Hei\u00dfpressmaschine f\u00fcr Eierkartons<\/h2>    <figure class=\"wp-block-embed is-type-video is-provider-youtube wp-block-embed-youtube wp-embed-aspect-16-9 wp-has-aspect-ratio\"><div class=\"wp-block-embed__wrapper\"> <iframe loading=\"lazy\" title=\"Abnehmbare Eierkarton-Hotpressmaschine | kann vier auf einmal pressen\" width=\"422\" height=\"750\" src=\"https:\/\/www.youtube.com\/embed\/L_EJA79i29Y?feature=oembed\" frameborder=\"0\" allow=\"accelerometer; autoplay; clipboard-write; encrypted-media; gyroscope; picture-in-picture; web-share\" referrerpolicy=\"strict-origin-when-cross-origin\" allowfullscreen><\/iframe> <\/div><\/figure>    <h2 class=\"wp-block-heading\">Welche Produkte m\u00fcssen in Form gebracht werden?<\/h2>    <figure class=\"wp-block-gallery has-nested-images columns-default is-cropped wp-block-gallery-2 is-layout-flex wp-block-gallery-is-layout-flex\"> <figure class=\"wp-block-image size-large\"><img loading=\"lazy\" decoding=\"async\" width=\"720\" height=\"540\" data-id=\"469\" src=\"https:\/\/eggtraymachine.org\/wp-content\/uploads\/2023\/03\/egg-tray-making-1.webp\" alt=\"Eierkarton Herstellung\" class=\"wp-image-469\" title=\"\" srcset=\"https:\/\/eggtraymachine.org\/wp-content\/uploads\/2023\/03\/egg-tray-making-1.webp 720w, https:\/\/eggtraymachine.org\/wp-content\/uploads\/2023\/03\/egg-tray-making-1-300x225.webp 300w\" sizes=\"auto, (max-width: 720px) 100vw, 720px\" \/><figcaption class=\"wp-element-caption\">Eierkartonherstellung<\/figcaption><\/figure>    <figure class=\"wp-block-image size-large\"><img loading=\"lazy\" decoding=\"async\" width=\"720\" height=\"540\" data-id=\"444\" src=\"https:\/\/eggtraymachine.org\/wp-content\/uploads\/2023\/03\/Waste-paper-processing-for-different-packaging-products.webp\" alt=\"Abfallpapierverarbeitung f\u00fcr verschiedene Verpackungsprodukte\" class=\"wp-image-444\" title=\"\" srcset=\"https:\/\/eggtraymachine.org\/wp-content\/uploads\/2023\/03\/Waste-paper-processing-for-different-packaging-products.webp 720w, https:\/\/eggtraymachine.org\/wp-content\/uploads\/2023\/03\/Waste-paper-processing-for-different-packaging-products-300x225.webp 300w\" sizes=\"auto, (max-width: 720px) 100vw, 720px\" \/><figcaption class=\"wp-element-caption\">Altpapierverarbeitung f\u00fcr verschiedene Verpackungsprodukte<\/figcaption><\/figure> <\/figure>    <p>Premium-Eierkartons und andere Papierprodukte ben\u00f6tigen Hei\u00dfpressmaschinen. Wenn die Anforderungen an das Aussehen des Eierkartons nicht sehr hoch sind, kann der Eierkarton weggelassen werden, aber andere Papierprodukte m\u00fcssen mit einer Hei\u00dfpressmaschine ausgestattet sein, wie z.B. Eierboxen, Obstschalen, Weinkisten und Kaffeetrinkschalen.<\/p>    <figure class=\"wp-block-gallery has-nested-images columns-default is-cropped wp-block-gallery-3 is-layout-flex wp-block-gallery-is-layout-flex\"> <figure class=\"wp-block-image size-large\"><img loading=\"lazy\" decoding=\"async\" width=\"720\" height=\"540\" data-id=\"387\" src=\"https:\/\/eggtraymachine.org\/wp-content\/uploads\/2022\/11\/Paper-wine-tray-making-machine-1.jpg\" alt=\"Wein Tablett\" class=\"wp-image-387\" title=\"\" srcset=\"https:\/\/eggtraymachine.org\/wp-content\/uploads\/2022\/11\/Paper-wine-tray-making-machine-1.jpg 720w, https:\/\/eggtraymachine.org\/wp-content\/uploads\/2022\/11\/Paper-wine-tray-making-machine-1-300x225.jpg 300w\" sizes=\"auto, (max-width: 720px) 100vw, 720px\" \/><figcaption class=\"wp-element-caption\">Weinablage<\/figcaption><\/figure>    <figure class=\"wp-block-image size-large\"><img loading=\"lazy\" decoding=\"async\" width=\"720\" height=\"540\" data-id=\"386\" src=\"https:\/\/eggtraymachine.org\/wp-content\/uploads\/2022\/11\/Paper-wine-tray.jpg\" alt=\"Papier-Weinablage-Herstellungsmaschine\" class=\"wp-image-386\" title=\"\" srcset=\"https:\/\/eggtraymachine.org\/wp-content\/uploads\/2022\/11\/Paper-wine-tray.jpg 720w, https:\/\/eggtraymachine.org\/wp-content\/uploads\/2022\/11\/Paper-wine-tray-300x225.jpg 300w\" sizes=\"auto, (max-width: 720px) 100vw, 720px\" \/><figcaption class=\"wp-element-caption\">Papier-Weinablage-Herstellungsmaschine<\/figcaption><\/figure> <\/figure>    <h2 class=\"wp-block-heading\">Die Funktion der Eierablagepressmaschine<\/h2>    <figure class=\"wp-block-gallery aligncenter has-nested-images columns-default is-cropped wp-block-gallery-4 is-layout-flex wp-block-gallery-is-layout-flex\"> <figure class=\"wp-block-image size-full\"><img loading=\"lazy\" decoding=\"async\" width=\"720\" height=\"540\" data-id=\"230\" src=\"https:\/\/eggtraymachine.org\/wp-content\/uploads\/2022\/08\/egg-tray-pressing-machine-function.webp\" alt=\"Funktion der Eierkartonpressmaschine\" class=\"wp-image-230\" title=\"\" srcset=\"https:\/\/eggtraymachine.org\/wp-content\/uploads\/2022\/08\/egg-tray-pressing-machine-function.webp 720w, https:\/\/eggtraymachine.org\/wp-content\/uploads\/2022\/08\/egg-tray-pressing-machine-function-300x225.webp 300w\" sizes=\"auto, (max-width: 720px) 100vw, 720px\" \/><figcaption class=\"wp-element-caption\">Funktion der Eierablage-Hei\u00dfpressmaschine<\/figcaption><\/figure>    <figure class=\"wp-block-image size-full\"><img loading=\"lazy\" decoding=\"async\" width=\"720\" height=\"540\" data-id=\"388\" src=\"https:\/\/eggtraymachine.org\/wp-content\/uploads\/2022\/11\/wine-tray.jpg\" alt=\"Wein Tablett\" class=\"wp-image-388\" title=\"\" srcset=\"https:\/\/eggtraymachine.org\/wp-content\/uploads\/2022\/11\/wine-tray.jpg 720w, https:\/\/eggtraymachine.org\/wp-content\/uploads\/2022\/11\/wine-tray-300x225.jpg 300w\" sizes=\"auto, (max-width: 720px) 100vw, 720px\" \/><figcaption class=\"wp-element-caption\">Weinablage<\/figcaption><\/figure> <\/figure>    <p class=\"translation-block\">Die <a href=\"https:\/\/en.wikipedia.org\/wiki\/Hot_Press\" data-type=\"URL\" data-id=\"https:\/\/en.wikipedia.org\/wiki\/Hot_Press\" target=\"_blank\" rel=\"noopener\">Hei\u00dfpresse<\/a> wird zur Formkorrektur nach der Formung der Eierpappe verwendet, wodurch die Oberfl\u00e4che der Eierpappe oder Pappschale glatter wird. Nach der Verwendung der Hei\u00dfpressformmaschine wird der Eierkarton sch\u00f6ner, was den Preis des Eierkartons erh\u00f6hen und h\u00f6here Gewinne f\u00fcr den Eierkarton erzielen kann.<\/p>    <h2 class=\"wp-block-heading\">Wie man die Hei\u00dfpressmaschine f\u00fcr Eierkartons verwendet?<\/h2>    <p>Eine Eierkarton-Hei\u00dfpressmaschine ist eine halbautomatische Maschine, die manuell bedient werden muss. Durch Hei\u00dfpressen der Maschine wird die Oberfl\u00e4che des Eierkartons und der Eierpappe gleichm\u00e4\u00dfiger. Die Temperatur kann je nach Bedarf zwischen 150-200 Grad Celsius eingestellt werden. <\/p>    <p>Sie hat ein breites Anwendungsspektrum und kann zum Hei\u00dfpressen von Eierkartons, Weinkartons, Obstschalen und anderen Pappschalen verwendet werden. Die ben\u00f6tigte Zeit zum Hei\u00dfpressen einer Eierpappe betr\u00e4gt 6-10 Sekunden. Die Produktionseffizienz ist sehr hoch.<\/p>    <figure class=\"wp-block-gallery aligncenter has-nested-images columns-default is-cropped wp-block-gallery-5 is-layout-flex wp-block-gallery-is-layout-flex\"> <figure class=\"wp-block-image size-large\"><img loading=\"lazy\" decoding=\"async\" width=\"540\" height=\"720\" data-id=\"733\" src=\"https:\/\/eggtraymachine.org\/wp-content\/uploads\/2025\/08\/egg-carton-hot-press-machine.webp\" alt=\"Eierkarton-Hei\u00dfpressmaschine\" class=\"wp-image-733\" title=\"\" srcset=\"https:\/\/eggtraymachine.org\/wp-content\/uploads\/2025\/08\/egg-carton-hot-press-machine.webp 540w, https:\/\/eggtraymachine.org\/wp-content\/uploads\/2025\/08\/egg-carton-hot-press-machine-225x300.webp 225w, https:\/\/eggtraymachine.org\/wp-content\/uploads\/2025\/08\/egg-carton-hot-press-machine-9x12.webp 9w\" sizes=\"auto, (max-width: 540px) 100vw, 540px\" \/><figcaption class=\"wp-element-caption\">Eierkarton-Hei\u00dfpressmaschine<\/figcaption><\/figure>    <figure class=\"wp-block-image size-large\"><img loading=\"lazy\" decoding=\"async\" width=\"720\" height=\"540\" data-id=\"739\" src=\"https:\/\/eggtraymachine.org\/wp-content\/uploads\/2025\/08\/hot-pressing-disk.webp\" alt=\"eine Maschine mit ein paar darauf befindlichen Kartons\" class=\"wp-image-739\" title=\"\" srcset=\"https:\/\/eggtraymachine.org\/wp-content\/uploads\/2025\/08\/hot-pressing-disk.webp 720w, https:\/\/eggtraymachine.org\/wp-content\/uploads\/2025\/08\/hot-pressing-disk-300x225.webp 300w, https:\/\/eggtraymachine.org\/wp-content\/uploads\/2025\/08\/hot-pressing-disk-16x12.webp 16w\" sizes=\"auto, (max-width: 720px) 100vw, 720px\" \/><figcaption class=\"wp-element-caption\">Hei\u00dfpressplatte<\/figcaption><\/figure> <\/figure>    <h2 class=\"wp-block-heading\">Wie eine Hei\u00dfpressmaschine f\u00fcr Eierkartons funktioniert<\/h2>    <figure class=\"wp-block-gallery has-nested-images columns-default is-cropped wp-block-gallery-6 is-layout-flex wp-block-gallery-is-layout-flex\"> <figure class=\"wp-block-image size-full\"><img loading=\"lazy\" decoding=\"async\" width=\"540\" height=\"720\" data-id=\"738\" src=\"https:\/\/eggtraymachine.org\/wp-content\/uploads\/2025\/08\/hot-press-machine.webp\" alt=\"Hei\u00dfpressmaschine\" class=\"wp-image-738\" title=\"\" srcset=\"https:\/\/eggtraymachine.org\/wp-content\/uploads\/2025\/08\/hot-press-machine.webp 540w, https:\/\/eggtraymachine.org\/wp-content\/uploads\/2025\/08\/hot-press-machine-225x300.webp 225w, https:\/\/eggtraymachine.org\/wp-content\/uploads\/2025\/08\/hot-press-machine-9x12.webp 9w\" sizes=\"auto, (max-width: 540px) 100vw, 540px\" \/><figcaption class=\"wp-element-caption\">Hei\u00dfpressmaschine<\/figcaption><\/figure>    <figure class=\"wp-block-image size-full\"><img loading=\"lazy\" decoding=\"async\" width=\"540\" height=\"720\" data-id=\"734\" src=\"https:\/\/eggtraymachine.org\/wp-content\/uploads\/2025\/08\/egg-carton-hot-press.webp\" alt=\"Eierkarton-Hei\u00dfpresse\" class=\"wp-image-734\" title=\"\" srcset=\"https:\/\/eggtraymachine.org\/wp-content\/uploads\/2025\/08\/egg-carton-hot-press.webp 540w, https:\/\/eggtraymachine.org\/wp-content\/uploads\/2025\/08\/egg-carton-hot-press-225x300.webp 225w, https:\/\/eggtraymachine.org\/wp-content\/uploads\/2025\/08\/egg-carton-hot-press-9x12.webp 9w\" sizes=\"auto, (max-width: 540px) 100vw, 540px\" \/><figcaption class=\"wp-element-caption\">Eierkarton-Hei\u00dfpresse<\/figcaption><\/figure>    <figure class=\"wp-block-image size-full\"><img loading=\"lazy\" decoding=\"async\" width=\"540\" height=\"720\" data-id=\"736\" src=\"https:\/\/eggtraymachine.org\/wp-content\/uploads\/2025\/08\/egg-tray-hot-press.webp\" alt=\"Eierkarton Hei\u00dfpressen\" class=\"wp-image-736\" title=\"\" srcset=\"https:\/\/eggtraymachine.org\/wp-content\/uploads\/2025\/08\/egg-tray-hot-press.webp 540w, https:\/\/eggtraymachine.org\/wp-content\/uploads\/2025\/08\/egg-tray-hot-press-225x300.webp 225w, https:\/\/eggtraymachine.org\/wp-content\/uploads\/2025\/08\/egg-tray-hot-press-9x12.webp 9w\" sizes=\"auto, (max-width: 540px) 100vw, 540px\" \/><figcaption class=\"wp-element-caption\">Eierpappen-Hei\u00dfpresse<\/figcaption><\/figure> <\/figure>    <p>Die Eierpappen-Hei\u00dfpresse wird durch hohe Temperaturen geformt. Wenn die Oberfl\u00e4che des Eierkartons hoher Temperatur ausgesetzt wird, dehnen sich die Falten auf der Oberfl\u00e4che aus, \u00e4hnlich wie beim B\u00fcgeln von Kleidung zu Hause, was nach dem gleichen Funktionsprinzip funktioniert. Die Temperatur der Eierpappen-Hei\u00dfpressmaschine kann ebenfalls eingestellt werden, was sehr einfach und bequem ist.<\/p>    <h2 class=\"wp-block-heading\">Die Struktur der Hei\u00dfpressformmaschine<\/h2>    <p>Die Hauptkomponenten der Hei\u00dfpressmaschine f\u00fcr Eiertrays umfassen den Motor, das Getriebe, den Motor, das Lager, das Getriebe usw. Die Hauptkomponente ist der Motor. Die Form der Hei\u00dfpressmaschine f\u00fcr Eiertrays kann ausgetauscht werden, und verschiedene Formen m\u00fcssen ausgetauscht werden, um verschiedene Papiertrays zu verarbeiten.<\/p>    <figure class=\"wp-block-gallery has-nested-images columns-default is-cropped wp-block-gallery-7 is-layout-flex wp-block-gallery-is-layout-flex\"> <figure class=\"wp-block-image size-large\"><img loading=\"lazy\" decoding=\"async\" width=\"720\" height=\"540\" data-id=\"739\" src=\"https:\/\/eggtraymachine.org\/wp-content\/uploads\/2025\/08\/hot-pressing-disk.webp\" alt=\"eine Maschine mit ein paar darauf befindlichen Kartons\" class=\"wp-image-739\" title=\"\" srcset=\"https:\/\/eggtraymachine.org\/wp-content\/uploads\/2025\/08\/hot-pressing-disk.webp 720w, https:\/\/eggtraymachine.org\/wp-content\/uploads\/2025\/08\/hot-pressing-disk-300x225.webp 300w, https:\/\/eggtraymachine.org\/wp-content\/uploads\/2025\/08\/hot-pressing-disk-16x12.webp 16w\" sizes=\"auto, (max-width: 720px) 100vw, 720px\" \/><figcaption class=\"wp-element-caption\">Hei\u00dfpressplatte<\/figcaption><\/figure>    <figure class=\"wp-block-image size-large\"><img loading=\"lazy\" decoding=\"async\" width=\"720\" height=\"540\" data-id=\"741\" src=\"https:\/\/eggtraymachine.org\/wp-content\/uploads\/2025\/08\/the-mold.webp\" alt=\"die Form\" class=\"wp-image-741\" title=\"\" srcset=\"https:\/\/eggtraymachine.org\/wp-content\/uploads\/2025\/08\/the-mold.webp 720w, https:\/\/eggtraymachine.org\/wp-content\/uploads\/2025\/08\/the-mold-300x225.webp 300w, https:\/\/eggtraymachine.org\/wp-content\/uploads\/2025\/08\/the-mold-16x12.webp 16w\" sizes=\"auto, (max-width: 720px) 100vw, 720px\" \/><figcaption class=\"wp-element-caption\">Die Form<\/figcaption><\/figure>    <figure class=\"wp-block-image size-full\"><img loading=\"lazy\" decoding=\"async\" width=\"720\" height=\"540\" data-id=\"758\" src=\"https:\/\/eggtraymachine.org\/wp-content\/uploads\/2022\/08\/hot-press-control.webp\" alt=\"Hotpresssteuerung\" class=\"wp-image-758\" title=\"\" srcset=\"https:\/\/eggtraymachine.org\/wp-content\/uploads\/2022\/08\/hot-press-control.webp 720w, https:\/\/eggtraymachine.org\/wp-content\/uploads\/2022\/08\/hot-press-control-300x225.webp 300w, https:\/\/eggtraymachine.org\/wp-content\/uploads\/2022\/08\/hot-press-control-16x12.webp 16w\" sizes=\"auto, (max-width: 720px) 100vw, 720px\" \/><figcaption class=\"wp-element-caption\">Hei\u00dfpresssteuerung<\/figcaption><\/figure> <\/figure>    <h2 class=\"wp-block-heading\">Vorteile der Eierpappen-Formmaschine<\/h2>    <figure class=\"wp-block-gallery has-nested-images columns-default is-cropped wp-block-gallery-8 is-layout-flex wp-block-gallery-is-layout-flex\"> <figure class=\"wp-block-image size-large\"><img loading=\"lazy\" decoding=\"async\" width=\"720\" height=\"540\" data-id=\"234\" src=\"https:\/\/eggtraymachine.org\/wp-content\/uploads\/2022\/08\/egg-tray-pressing-machine.webp\" alt=\"\" class=\"wp-image-234\" title=\"\" srcset=\"https:\/\/eggtraymachine.org\/wp-content\/uploads\/2022\/08\/egg-tray-pressing-machine.webp 720w, https:\/\/eggtraymachine.org\/wp-content\/uploads\/2022\/08\/egg-tray-pressing-machine-300x225.webp 300w\" sizes=\"auto, (max-width: 720px) 100vw, 720px\" \/><figcaption class=\"wp-element-caption\">Eierkarton-Hei\u00dfpressmaschine<\/figcaption><\/figure>    <figure class=\"wp-block-image size-large\"><img loading=\"lazy\" decoding=\"async\" width=\"720\" height=\"540\" data-id=\"235\" src=\"https:\/\/eggtraymachine.org\/wp-content\/uploads\/2022\/08\/friut-tray.webp\" alt=\"\" class=\"wp-image-235\" title=\"\" srcset=\"https:\/\/eggtraymachine.org\/wp-content\/uploads\/2022\/08\/friut-tray.webp 720w, https:\/\/eggtraymachine.org\/wp-content\/uploads\/2022\/08\/friut-tray-300x225.webp 300w\" sizes=\"auto, (max-width: 720px) 100vw, 720px\" \/><figcaption class=\"wp-element-caption\">Eierkarton Hei\u00dfpressen <\/figcaption><\/figure> <\/figure>    <ul class=\"wp-block-list\"> <li>Einfache Bedienung, eine Person kann die Eierpappen-Hei\u00dfpressarbeit erledigen.<\/li>    <li>Die Maschine ist mit einem Z\u00e4hlerger\u00e4t ausgestattet, das einfach zu bedienen ist.<\/li>    <li>Mit einer Infrarot-Sicherheitsvorrichtung.<\/li>    <li>Mit oberen und unteren Formblasfunktionen.<\/li> <\/ul>    <h2 class=\"wp-block-heading\" id=\"h-parameters-of-hot-press-forming-machine\">Parameter der Hei\u00dfpressformmaschine<\/h2>    <figure class=\"wp-block-table\"><table><tbody><tr><td>Name<\/td><td>Eierkarton Hei\u00dfpressmaschine zur Formkorrektur<\/td><\/tr><tr><td>Dimension<\/td><td>1200*800*1800mm<\/td><\/tr><tr><td>Arbeitsdruck<\/td><td>15 Tonnen<\/td><\/tr><tr><td>Leistung<\/td><td>6,5 kW<\/td><\/tr><tr><td>Arbeitstemperatur<\/td><td>160~200\u2103 <\/td><\/tr><tr><td>Arbeitszykluszeit<\/td><td>6-10 Sekunden<\/td><\/tr><tr><td>Druckluft erforderlich<\/td><td>0,5~0,6 MPa, 1 m\u00b3\/min<\/td><\/tr><tr><td>Steuerung<\/td><td>PLC-Steuerung<\/td><\/tr><\/tbody><\/table><\/figure>    <figure class=\"wp-block-gallery has-nested-images columns-default is-cropped wp-block-gallery-9 is-layout-flex wp-block-gallery-is-layout-flex\"> <figure class=\"wp-block-image size-large\"><img loading=\"lazy\" decoding=\"async\" width=\"720\" height=\"540\" data-id=\"740\" src=\"https:\/\/eggtraymachine.org\/wp-content\/uploads\/2025\/08\/large-hot-press-machine.webp\" alt=\"gro\u00dfe Hotpressmaschine\" class=\"wp-image-740\" title=\"\" srcset=\"https:\/\/eggtraymachine.org\/wp-content\/uploads\/2025\/08\/large-hot-press-machine.webp 720w, https:\/\/eggtraymachine.org\/wp-content\/uploads\/2025\/08\/large-hot-press-machine-300x225.webp 300w, https:\/\/eggtraymachine.org\/wp-content\/uploads\/2025\/08\/large-hot-press-machine-16x12.webp 16w\" sizes=\"auto, (max-width: 720px) 100vw, 720px\" \/><figcaption class=\"wp-element-caption\">Gro\u00dfe Hei\u00dfpressmaschine<\/figcaption><\/figure>    <figure class=\"wp-block-image size-large\"><img loading=\"lazy\" decoding=\"async\" width=\"720\" height=\"540\" data-id=\"735\" src=\"https:\/\/eggtraymachine.org\/wp-content\/uploads\/2025\/08\/egg-tray-hot-press-factory.webp\" alt=\"Eierkarton-Hotpressfabrik\" class=\"wp-image-735\" title=\"\" srcset=\"https:\/\/eggtraymachine.org\/wp-content\/uploads\/2025\/08\/egg-tray-hot-press-factory.webp 720w, https:\/\/eggtraymachine.org\/wp-content\/uploads\/2025\/08\/egg-tray-hot-press-factory-300x225.webp 300w, https:\/\/eggtraymachine.org\/wp-content\/uploads\/2025\/08\/egg-tray-hot-press-factory-16x12.webp 16w\" sizes=\"auto, (max-width: 720px) 100vw, 720px\" \/><figcaption class=\"wp-element-caption\">Eierpappen-Hei\u00dfpressfabrik<\/figcaption><\/figure> <\/figure>    <h2 class=\"wp-block-heading\">H\u00e4ufig gestellte Fragen<\/h2>   <div id=\"rank-math-faq\" class=\"rank-math-block\"> <div class=\"rank-math-list\"> <div id=\"faq-question-1755141787350\" class=\"rank-math-list-item\"> <h3 class=\"rank-math-question\">Was ist die Funktion einer Hei\u00dfpressmaschine f\u00fcr Eiertrays?<\/h3> <div class=\"rank-math-answer\">  <p>Es wird verwendet, um geformte Zellstoff-Eierkartons bei hohen Temperaturen zu pressen, damit sie glatter, h\u00e4rter und wasserbest\u00e4ndiger werden, was Aussehen und Haltbarkeit verbessert.<\/p>  <\/div> <\/div> <div id=\"faq-question-1755141923887\" class=\"rank-math-list-item\"> <h3 class=\"rank-math-question\">Kann die Maschine auch f\u00fcr andere Schalen als Eierverpackungen verwendet werden?<\/h3> <div class=\"rank-math-answer\">  <p>Ja, durch \u00c4ndern der Form kann es f\u00fcr Obsttabletts, Flaschentabletts, Becherhalter und andere geformte Zellstoffprodukte verwendet werden.<\/p>  <\/div> <\/div> <div id=\"faq-question-1755141959328\" class=\"rank-math-list-item\"> <h3 class=\"rank-math-question\">Erh\u00f6ht Hei\u00dfpressen die Festigkeit der Schale?<\/h3> <div class=\"rank-math-answer\">  <p>Ja, es verdichtet die Faserstruktur und verbessert die mechanische Festigkeit, Wasserdichtigkeit und Verformungsbest\u00e4ndigkeit.<\/p>  <\/div> <\/div> <div id=\"faq-question-1755142031199\" class=\"rank-math-list-item\"> <h3 class=\"rank-math-question\">Kann ich die Form des Modells und das Logo anpassen?<\/h3> <div class=\"rank-math-answer\">  <p>Ja, wir k\u00f6nnen Formen mit Ihrer gew\u00fcnschten Schalenform, Zellengr\u00f6\u00dfe und gepr\u00e4gtem Logo herstellen.<\/p>  <\/div> <\/div> <div id=\"faq-question-1755141708912\" class=\"rank-math-list-item\"> <h3 class=\"rank-math-question\">Muss meine Eierkartonproduktionslinie mit einer Hei\u00dfpresse ausgestattet sein?<\/h3> <div class=\"rank-math-answer\">  <p>Nicht unbedingt. Eine Hei\u00dfpresse ist eine optionale Ausr\u00fcstung. Allerdings sehen hei\u00dfgepresste Eierkartons besser aus und k\u00f6nnen einen h\u00f6heren Preis erzielen.<\/p>  <\/div> <\/div> <\/div> <\/div>   <h2 class=\"wp-block-heading\">Kontaktieren Sie uns!<\/h2>    <p>Wenn Sie mehr \u00fcber Eierpappen-Hei\u00dfpressmaschinen, Videos oder Angebote erfahren m\u00f6chten, kontaktieren Sie uns bitte.<\/p>","protected":false},"excerpt":{"rendered":"<p>Eine Hei\u00dfpressmaschine f\u00fcr Eierkartons ist eine Maschine zum Gl\u00e4tten der Oberfl\u00e4che von Eierkartons und zur Tiefenverarbeitung von Eierkartons. <\/p>","protected":false},"author":1,"featured_media":228,"parent":0,"template":"","tags":[19,22],"product-type":[4,20],"class_list":["post-224","product","type-product","status-publish","has-post-thumbnail","hentry","tag-egg-tray-hot-pressing-machine","tag-egg-tray-packing-machine","product-type-product","product-type-egg-tray-pressing-machine"],"_links":{"self":[{"href":"https:\/\/eggtraymachine.org\/de\/wp-json\/wp\/v2\/product\/224","targetHints":{"allow":["GET"]}}],"collection":[{"href":"https:\/\/eggtraymachine.org\/de\/wp-json\/wp\/v2\/product"}],"about":[{"href":"https:\/\/eggtraymachine.org\/de\/wp-json\/wp\/v2\/types\/product"}],"author":[{"embeddable":true,"href":"https:\/\/eggtraymachine.org\/de\/wp-json\/wp\/v2\/users\/1"}],"wp:featuredmedia":[{"embeddable":true,"href":"https:\/\/eggtraymachine.org\/de\/wp-json\/wp\/v2\/media\/228"}],"wp:attachment":[{"href":"https:\/\/eggtraymachine.org\/de\/wp-json\/wp\/v2\/media?parent=224"}],"wp:term":[{"taxonomy":"post_tag","embeddable":true,"href":"https:\/\/eggtraymachine.org\/de\/wp-json\/wp\/v2\/tags?post=224"},{"taxonomy":"product-type","embeddable":true,"href":"https:\/\/eggtraymachine.org\/de\/wp-json\/wp\/v2\/product-type?post=224"}],"curies":[{"name":"wp","href":"https:\/\/api.w.org\/{rel}","templated":true}]}}