{"id":169,"date":"2022-08-09T07:46:24","date_gmt":"2022-08-09T07:46:24","guid":{"rendered":"https:\/\/eggtraymachine.org\/?post_type=product&#038;p=169"},"modified":"2022-09-29T17:16:49","modified_gmt":"2022-09-29T09:16:49","slug":"egg-tray-pulper","status":"publish","type":"product","link":"https:\/\/eggtraymachine.org\/de\/product\/egg-tray-pulper\/","title":{"rendered":"Eierkarton-Pulper | Papier-Schreddermaschine"},"content":{"rendered":"<p class=\"translation-block\">Der Eierkarton-Pulper, auch bekannt als Aktenvernichter, ist ein Ger\u00e4t zum Zerkleinern und <a href=\"https:\/\/en.wikipedia.org\/wiki\/Pulp_(paper)\" target=\"_blank\" rel=\"noopener\">Aufschl\u00e4mmen<\/a> von Abf\u00e4llen. Bei der Verarbeitung von Eierkartons muss das Papier zuerst zu Pulpe verarbeitet und dann werden die Eierkartons von einer Formmaschine hergestellt. Die Eierkarton-Pulpermachine ist eine notwendige Maschine f\u00fcr die Herstellung von Eierkartons und die Grundlage f\u00fcr die Herstellung von Eierkartons. Die Pulpermachine kann auch f\u00fcr die Formgebung verschiedener Papierprodukte in der Geschirrherstellung, in der Papierindustrie und f\u00fcr Flaschenhalter verwendet werden.<\/p>    <figure class=\"wp-block-gallery has-nested-images columns-default is-cropped wp-block-gallery-2 is-layout-flex wp-block-gallery-is-layout-flex\"> <figure class=\"wp-block-image size-large\"><img loading=\"lazy\" decoding=\"async\" width=\"720\" height=\"540\" data-id=\"179\" src=\"https:\/\/eggtraymachine.org\/wp-content\/uploads\/2022\/08\/egg-tray-10.webp\" alt=\"\" class=\"wp-image-179\" title=\"\" srcset=\"https:\/\/eggtraymachine.org\/wp-content\/uploads\/2022\/08\/egg-tray-10.webp 720w, https:\/\/eggtraymachine.org\/wp-content\/uploads\/2022\/08\/egg-tray-10-300x225.webp 300w\" sizes=\"auto, (max-width: 720px) 100vw, 720px\" \/><\/figure>    <figure class=\"wp-block-image size-large\"><img loading=\"lazy\" decoding=\"async\" width=\"720\" height=\"540\" data-id=\"180\" src=\"https:\/\/eggtraymachine.org\/wp-content\/uploads\/2022\/08\/paper-products.webp\" alt=\"Papierprodukte\" class=\"wp-image-180\" title=\"\" srcset=\"https:\/\/eggtraymachine.org\/wp-content\/uploads\/2022\/08\/paper-products.webp 720w, https:\/\/eggtraymachine.org\/wp-content\/uploads\/2022\/08\/paper-products-300x225.webp 300w\" sizes=\"auto, (max-width: 720px) 100vw, 720px\" \/><figcaption>Papierprodukte<\/figcaption><\/figure> <\/figure>    <h2 class=\"wp-block-heading\" id=\"h-the-raw-material-of-egg-tray-pulper\">Das Rohmaterial der Eierkarton-Pressmaschine<\/h2>    <p>Die Rohstoffe des Schredders sind haupts\u00e4chlich Papierprodukte, wie Wellpappkartons, alte B\u00fccher und A4-Papier, die zur Herstellung von Eiertrays verwendet werden k\u00f6nnen. Der Schredder kann diese Altpapierprodukte zum Recycling und Zerkleinern zu Zellstoff verwenden, was erw\u00e4hnenswert ist. Ja, im Prozess der Zellstoffherstellung ist kein Zerkleinern des Papiers erforderlich, und es kann direkt von einem hydraulischen Schredder verarbeitet werden.<\/p>    <h2 class=\"wp-block-heading\">Was sind die Zutaten des Eierkarton-Pulper?<\/h2>    <figure class=\"wp-block-image size-full\"><img loading=\"lazy\" decoding=\"async\" width=\"720\" height=\"540\" src=\"https:\/\/eggtraymachine.org\/wp-content\/uploads\/2022\/08\/Egg-trays-of-different-colors.webp\" alt=\"Eierkartons in verschiedenen Farben\" class=\"wp-image-178\" title=\"\" srcset=\"https:\/\/eggtraymachine.org\/wp-content\/uploads\/2022\/08\/Egg-trays-of-different-colors.webp 720w, https:\/\/eggtraymachine.org\/wp-content\/uploads\/2022\/08\/Egg-trays-of-different-colors-300x225.webp 300w\" sizes=\"auto, (max-width: 720px) 100vw, 720px\" \/><figcaption>Eierkartons in verschiedenen Farben<\/figcaption><\/figure>    <p>Der Hauptbestandteil der Eierkartonmaschine ist Zellstoff, aber um den Eierkarton stabiler zu machen, ist es im Allgemeinen notwendig, bestimmte Zusatzstoffe hinzuzuf\u00fcgen. Sie k\u00f6nnen etwas Steinmehl zum Zellstoff hinzuf\u00fcgen, um sicherzustellen, dass der Eierkarton ausreichend geformt ist. Dar\u00fcber hinaus m\u00fcssen Sie etwas Kleber hinzuf\u00fcgen, um sicherzustellen, dass der Zellstoff klebrig ist. Nat\u00fcrlich muss dies im richtigen Verh\u00e4ltnis hinzugef\u00fcgt werden. Es ist notwendig, w\u00e4hrend der Produktion mehrere Male zu experimentieren, um das beste Verh\u00e4ltnis zu finden.<\/p>    <h2 class=\"wp-block-heading\">Die Auswirkungen des Pulperns auf die Qualit\u00e4t der Eierkartons<\/h2>    <figure class=\"wp-block-image size-full\"><img loading=\"lazy\" decoding=\"async\" width=\"720\" height=\"540\" src=\"https:\/\/eggtraymachine.org\/wp-content\/uploads\/2022\/08\/Egg-tray-pulping-tank.webp\" alt=\"Eierkarton-Pulpertank\" class=\"wp-image-172\" title=\"\" srcset=\"https:\/\/eggtraymachine.org\/wp-content\/uploads\/2022\/08\/Egg-tray-pulping-tank.webp 720w, https:\/\/eggtraymachine.org\/wp-content\/uploads\/2022\/08\/Egg-tray-pulping-tank-300x225.webp 300w\" sizes=\"auto, (max-width: 720px) 100vw, 720px\" \/><figcaption>Eierkarton-Pulping-Tank<\/figcaption><\/figure>    <p>Die Pulpe ist der erste Schritt in der Produktion von Eiertrays, und der Einfluss der Pulpe auf Eiertrays ist sehr wichtig, wie das Verh\u00e4ltnis von Wasser und Papier sowie die Farbjustierung der Eiertrays, die alle in diesem Schritt der Pulpe durchgef\u00fchrt werden. Dar\u00fcber hinaus gilt: Je h\u00f6her die Gl\u00e4tte der Pulpe, desto sch\u00f6ner ist das produzierte Eiertray. Daher werden bei der Pulpe hochwertige Eiertray-Pulper und Rohstoffe ausgew\u00e4hlt.<\/p>    <h2 class=\"wp-block-heading\">Wie macht man Eierkarton-Pulpe?<\/h2>    <figure class=\"wp-block-image size-full\"><img loading=\"lazy\" decoding=\"async\" width=\"725\" height=\"210\" src=\"https:\/\/eggtraymachine.org\/wp-content\/uploads\/2022\/08\/make-egg-tray-pulp.webp\" alt=\"Eierkarton-Pulpe herstellen\" class=\"wp-image-173\" title=\"\" srcset=\"https:\/\/eggtraymachine.org\/wp-content\/uploads\/2022\/08\/make-egg-tray-pulp.webp 725w, https:\/\/eggtraymachine.org\/wp-content\/uploads\/2022\/08\/make-egg-tray-pulp-300x87.webp 300w\" sizes=\"auto, (max-width: 725px) 100vw, 725px\" \/><figcaption>Eierkarton-Pulpe herstellen<\/figcaption><\/figure>    <p class=\"translation-block\">F\u00fcr das Pulpern von Eierkartons wird eine Eierkarton-Pulpermachine und drei Becken ben\u00f6tigt. Das erste Becken dient zur Aufnahme der Pulpe, das zweite Becken zur Einstellung des Pulpe-Wasser-Verh\u00e4ltnisses und das dritte Becken ist ein Wassertank. Nach der Verarbeitung in den drei Becken wird das Rohmaterial f\u00fcr die Pulpe hergestellt, das den <a href=\"https:\/\/eggtraymachine.org\/de\/product\/egg-tray-forming-machine\/\">Eierkarton-Formmaschine<\/a> erf\u00fcllt. Anschlie\u00dfend wird der Eierkarton geformt und schlie\u00dflich wird der <a href=\"https:\/\/eggtraymachine.org\/de\/product\/paper-egg-tray-dryer-egg-tray-drying-machine\/\">Eierkarton getrocknet<\/a>. Das bei der Eierkartonherstellung anfallende Wasser kann recycelt werden, was zur Wassereinsparung beitr\u00e4gt.<\/p>    <h2 class=\"wp-block-heading\">Parameter der Papierschreddermaschine<\/h2>    <figure class=\"wp-block-gallery has-nested-images columns-default is-cropped wp-block-gallery-3 is-layout-flex wp-block-gallery-is-layout-flex\"> <figure class=\"wp-block-image size-large\"><img loading=\"lazy\" decoding=\"async\" width=\"720\" height=\"540\" data-id=\"174\" src=\"https:\/\/eggtraymachine.org\/wp-content\/uploads\/2022\/08\/egg-tray-pulper.webp\" alt=\"Eierkarton Pulper\" class=\"wp-image-174\" title=\"\" srcset=\"https:\/\/eggtraymachine.org\/wp-content\/uploads\/2022\/08\/egg-tray-pulper.webp 720w, https:\/\/eggtraymachine.org\/wp-content\/uploads\/2022\/08\/egg-tray-pulper-300x225.webp 300w\" sizes=\"auto, (max-width: 720px) 100vw, 720px\" \/><figcaption>Sl-2.0 Eierkarton-Pulper <\/figcaption><\/figure>    <figure class=\"wp-block-image size-large\"><img loading=\"lazy\" decoding=\"async\" width=\"720\" height=\"540\" data-id=\"175\" src=\"https:\/\/eggtraymachine.org\/wp-content\/uploads\/2022\/08\/egg-tray-pulper-1.webp\" alt=\"Eierkarton Pulper\" class=\"wp-image-175\" title=\"\" srcset=\"https:\/\/eggtraymachine.org\/wp-content\/uploads\/2022\/08\/egg-tray-pulper-1.webp 720w, https:\/\/eggtraymachine.org\/wp-content\/uploads\/2022\/08\/egg-tray-pulper-1-300x225.webp 300w\" sizes=\"auto, (max-width: 720px) 100vw, 720px\" \/><figcaption>Sl-1.0 Eierkarton-Pulper <\/figcaption><\/figure>    <figure class=\"wp-block-image size-large\"><img loading=\"lazy\" decoding=\"async\" width=\"720\" height=\"540\" data-id=\"176\" src=\"https:\/\/eggtraymachine.org\/wp-content\/uploads\/2022\/08\/egg-tray-pulper-2.webp\" alt=\"Eierkarton Pulper\" class=\"wp-image-176\" title=\"\" srcset=\"https:\/\/eggtraymachine.org\/wp-content\/uploads\/2022\/08\/egg-tray-pulper-2.webp 720w, https:\/\/eggtraymachine.org\/wp-content\/uploads\/2022\/08\/egg-tray-pulper-2-300x225.webp 300w\" sizes=\"auto, (max-width: 720px) 100vw, 720px\" \/><figcaption>Sl-4.5 Eierkarton-Pulper<\/figcaption><\/figure> <\/figure>    <figure class=\"wp-block-table\"><table><tbody><tr><td>Modell<\/td><td>Leistung(kW)<\/td><td>Volumen\uff08m\u00b3\uff09<\/td><td>Gr\u00f6\u00dfe\uff08mm\uff09<\/td><td>Kapazit\u00e4t(kg\/Charge)<\/td><\/tr><tr><td>SL-1.0<\/td><td>7.5<\/td><td>1.2<\/td><td>1400*1200*1400<\/td><td>300<\/td><\/tr><tr><td>SL-2.0<\/td><td>11<\/td><td>2.0<\/td><td>1550*1500*1400<\/td><td>400<\/td><\/tr><tr><td>SL-4.5<\/td><td>22<\/td><td>4.5<\/td><td>2200*2200*2600<\/td><td>600<\/td><\/tr><\/tbody><\/table><figcaption>Parameter der Papierschreddermaschine<\/figcaption><\/figure>    <h2 class=\"wp-block-heading\">Welche Teile sind im Pulper enthalten?<\/h2>    <figure class=\"wp-block-image size-full\"><img loading=\"lazy\" decoding=\"async\" width=\"720\" height=\"540\" src=\"https:\/\/eggtraymachine.org\/wp-content\/uploads\/2022\/08\/Pulping-machine-composition.webp\" alt=\"Zusammensetzung der Pulpmachine\" class=\"wp-image-177\" title=\"\" srcset=\"https:\/\/eggtraymachine.org\/wp-content\/uploads\/2022\/08\/Pulping-machine-composition.webp 720w, https:\/\/eggtraymachine.org\/wp-content\/uploads\/2022\/08\/Pulping-machine-composition-300x225.webp 300w\" sizes=\"auto, (max-width: 720px) 100vw, 720px\" \/><figcaption>Zusammensetzung der Pulpmachine<\/figcaption><\/figure>    <p class=\"translation-block\">Der Eierkarton-Pulper besteht aus drei Teilen: dem Hydraulikpulper, dem Pulper-Refiner und der Pulperpumpe, die nicht nur Papier zerkleinern, sondern auch Pulpe mahlen k\u00f6nnen, um die Gl\u00e4tte der Pulpe zu gew\u00e4hrleisten. Gut mit Wasser mischen, um sicherzustellen, dass die Dicke des Eierkartons gleichm\u00e4\u00dfig ist. Das Pulpern ist die grundlegende Arbeit bei der Herstellung von Eierkartons. Nach dem Pulpern wird es geformt und getrocknet. Wir k\u00f6nnen komplette <a href=\"https:\/\/eggtraymachine.org\/de\/product\/egg-tray-production-line\/\" data-type=\"URL\" data-id=\"https:\/\/eggtraymachine.org\/product\/egg-tray-production-line\/\">Eierkarton-Produktionslinien<\/a> liefern und auch <a href=\"https:\/\/eggtraymachine.org\/de\/product\/egg-carton-production-line\/\" data-type=\"URL\" data-id=\"https:\/\/eggtraymachine.org\/product\/egg-carton-production-line\/\">Eierbox-Produktionslinien<\/a> oder <a href=\"https:\/\/eggtraymachine.org\/de\/product\/apple-tray-making-machine\/\" data-type=\"URL\" data-id=\"https:\/\/eggtraymachine.org\/product\/apple-tray-making-machine\/\">andere Verpackungsmaschinen f\u00fcr andere zerbrechliche Artikel<\/a> herstellen.<\/p>","protected":false},"excerpt":{"rendered":"<p>Der Eierkarton-Pulper, auch bekannt als Papierzerkleinerungsmaschine, ist ein Ger\u00e4t, das verwendet wird, um Abfall zu zerkleinern und zu Pulpe zu verarbeiten.<\/p>","protected":false},"author":1,"featured_media":171,"parent":0,"template":"","tags":[27,28,17],"product-type":[18,4],"class_list":["post-169","product","type-product","status-publish","has-post-thumbnail","hentry","tag-egg-carton-machine","tag-egg-tray","tag-egg-tray-pulper","product-type-egg-tray-pulper","product-type-product"],"_links":{"self":[{"href":"https:\/\/eggtraymachine.org\/de\/wp-json\/wp\/v2\/product\/169","targetHints":{"allow":["GET"]}}],"collection":[{"href":"https:\/\/eggtraymachine.org\/de\/wp-json\/wp\/v2\/product"}],"about":[{"href":"https:\/\/eggtraymachine.org\/de\/wp-json\/wp\/v2\/types\/product"}],"author":[{"embeddable":true,"href":"https:\/\/eggtraymachine.org\/de\/wp-json\/wp\/v2\/users\/1"}],"wp:featuredmedia":[{"embeddable":true,"href":"https:\/\/eggtraymachine.org\/de\/wp-json\/wp\/v2\/media\/171"}],"wp:attachment":[{"href":"https:\/\/eggtraymachine.org\/de\/wp-json\/wp\/v2\/media?parent=169"}],"wp:term":[{"taxonomy":"post_tag","embeddable":true,"href":"https:\/\/eggtraymachine.org\/de\/wp-json\/wp\/v2\/tags?post=169"},{"taxonomy":"product-type","embeddable":true,"href":"https:\/\/eggtraymachine.org\/de\/wp-json\/wp\/v2\/product-type?post=169"}],"curies":[{"name":"wp","href":"https:\/\/api.w.org\/{rel}","templated":true}]}}