{"id":157,"date":"2022-08-09T02:16:34","date_gmt":"2022-08-09T02:16:34","guid":{"rendered":"https:\/\/eggtraymachine.org\/?post_type=product&#038;p=157"},"modified":"2024-06-19T10:57:33","modified_gmt":"2024-06-19T02:57:33","slug":"paper-egg-tray-dryer-egg-tray-drying-machine","status":"publish","type":"product","link":"https:\/\/eggtraymachine.org\/de\/product\/paper-egg-tray-dryer-egg-tray-drying-machine\/","title":{"rendered":"Papier-Eierkarton-Trockner | Eierkarton-Trocknungsmaschine"},"content":{"rendered":"<p>Der Papiereierkarton-Trockner ist ein essentielles Ger\u00e4t zum Dehydrieren des Eierkartons, nachdem er geformt wurde. Da der Eierkarton durch Pulping hergestellt wird, enth\u00e4lt der Eierkarton nach der Herstellung viel Wasser. Daher ist eine Eierkartontrocknungsmaschine f\u00fcr die Dehydrierung erforderlich. Unsere Eierkartontrocknungsger\u00e4te k\u00f6nnen eine Charge Eierkartons in 30 Minuten trocknen. Der metallene Eierkarton-Trockner hat auch einen gewissen Einfluss auf die Qualit\u00e4t des Eierkartons. <\/p>    <figure class=\"wp-block-image size-full\"><img loading=\"lazy\" decoding=\"async\" width=\"720\" height=\"540\" src=\"https:\/\/eggtraymachine.org\/wp-content\/uploads\/2022\/08\/Undried-egg-tray.webp\" alt=\"und getrocknete Eierplatte\" class=\"wp-image-160\" title=\"\" srcset=\"https:\/\/eggtraymachine.org\/wp-content\/uploads\/2022\/08\/Undried-egg-tray.webp 720w, https:\/\/eggtraymachine.org\/wp-content\/uploads\/2022\/08\/Undried-egg-tray-300x225.webp 300w\" sizes=\"auto, (max-width: 720px) 100vw, 720px\" \/><figcaption class=\"wp-element-caption\">Nass Ei-Tablett<\/figcaption><\/figure>    <h2 class=\"wp-block-heading\">Vorteile des Papier-Ei-Tablett-Trockners<\/h2>    <ul class=\"wp-block-list\"> <li>30% weniger Kraftstoff als ein Ziegelhaus.<\/li>    <li>Die Temperatur ist regelbar, um die Qualit\u00e4t der Eierkartons im Trockner sicherzustellen, und die Eierkartons sind geliert, weil sie zu hoch sind.<\/li>    <li>Die Mehrschicht-Eierkartonmaschine nimmt wenig Platz ein und spart Raum.<\/li>    <li>Der Papier-Eierkarton-Trockner ist vollautomatische Produktion und spart Arbeitskr\u00e4fte.<\/li> <\/ul>    <figure class=\"wp-block-image size-full\"><img loading=\"lazy\" decoding=\"async\" width=\"720\" height=\"540\" src=\"https:\/\/eggtraymachine.org\/wp-content\/uploads\/2022\/08\/Use-the-egg-tray-after-drying.webp\" alt=\"Verwenden Sie das Ei-Tablett nach dem Trocknen\" class=\"wp-image-165\" title=\"\" srcset=\"https:\/\/eggtraymachine.org\/wp-content\/uploads\/2022\/08\/Use-the-egg-tray-after-drying.webp 720w, https:\/\/eggtraymachine.org\/wp-content\/uploads\/2022\/08\/Use-the-egg-tray-after-drying-300x225.webp 300w\" sizes=\"auto, (max-width: 720px) 100vw, 720px\" \/><figcaption class=\"wp-element-caption\">Verwenden Sie das Eierkarton nach dem Trocknen<\/figcaption><\/figure>    <h2 class=\"wp-block-heading\">Parameter des Eierkartontrockners<\/h2>    <figure class=\"wp-block-table\"><table><tbody><tr><td>Form<\/td><td>Ausgabe<\/td><td>Papierverbrauch<\/td><td>Wasserverbrauch<\/td><td>Energieverbrauch<\/td><td>Arbeiternummer<\/td><\/tr><tr><td>SL-4*4<\/td><td>3500 St\u00fcck\/Stunde<\/td><td>280kg\/h<\/td><td>560kg\/h<\/td><td>78kg\/h<\/td><td>4-5<\/td><\/tr><tr><td>SL-4*8<\/td><td>4000St\u00fcck\/h<\/td><td>320kg\/h<\/td><td>600kg\/h<\/td><td>80kg\/h<\/td><td>5-6<\/td><\/tr><tr><td>SL-5*8<\/td><td>5000St\u00fcck\/h<\/td><td>400kg\/h<\/td><td>750kg\/h<\/td><td>85kg\/h<\/td><td>3-4<\/td><\/tr><tr><td>SL-5*12<\/td><td>6000St\u00fcck\/h<\/td><td>480kg\/h<\/td><td>900kg\/h<\/td><td>90kg\/h<\/td><td>3-4<\/td><\/tr><tr><td>SL-6*12<\/td><td>8000 St\u00fcck\/h<\/td><td>640 kg\/h<\/td><td>1040 kg\/h<\/td><td>100kg\/h<\/td><td>3-4<\/td><\/tr><\/tbody><\/table><figcaption class=\"wp-element-caption\">Parameter des Eierkartontrockners<\/figcaption><\/figure>    <p>Bei Shuliy Egg Tray Machinery haben wir die oben genannten 5 meistverkauften Eierkarton-Trocknungsmaschinen im Angebot. Die Produktionskapazit\u00e4t dieser f\u00fcnf Maschinenmodelle betr\u00e4gt 3500 St\u00fcck\/Stunde, 4000 St\u00fcck\/Stunde, 5000 St\u00fcck\/Stunde und 8000 St\u00fcck\/Stunde. Sie k\u00f6nnen die richtige Trocknungsanlage je nach Gr\u00f6\u00dfe Ihres Eierkarton-Produktionswerks ausw\u00e4hlen.<\/p>    <h2 class=\"wp-block-heading\" id=\"h-introduction-of-egg-tray-drying-method\">Einf\u00fchrung der Eierkarton-Trocknungsmethode<\/h2>    <h3 class=\"wp-block-heading\">Eierkartontrocknungsmaschine <\/h3>    <figure class=\"wp-block-image size-full\"><img loading=\"lazy\" decoding=\"async\" width=\"720\" height=\"540\" src=\"https:\/\/eggtraymachine.org\/wp-content\/uploads\/2022\/08\/Paper-egg-tray-drying.webp\" alt=\"Papier-Eiablage Trocknung\" class=\"wp-image-163\" title=\"\" srcset=\"https:\/\/eggtraymachine.org\/wp-content\/uploads\/2022\/08\/Paper-egg-tray-drying.webp 720w, https:\/\/eggtraymachine.org\/wp-content\/uploads\/2022\/08\/Paper-egg-tray-drying-300x225.webp 300w\" sizes=\"auto, (max-width: 720px) 100vw, 720px\" \/><figcaption class=\"wp-element-caption\">Papier-Ei-Tray-Trockner<\/figcaption><\/figure>    <p class=\"translation-block\">Die Eierkartontrocknungsmaschine ist geeignet f\u00fcr die <a href=\"https:\/\/eggtraymachine.org\/de\/product\/egg-carton-production-line\/\">Eierkartonproduktionslinie<\/a> mit hoher Ausbeute. Der Eierkartontrockner ben\u00f6tigt etwa 30 Minuten, um eine Charge Eierkartons zu trocknen, und die Effizienz ist relativ hoch. Dar\u00fcber hinaus kann der Metalltrockner im Vergleich zum Ziegelofen-Trockner 30 % Brennstoff einsparen.<\/p>    <h3 class=\"wp-block-heading\">Nat\u00fcrliche Trocknung<\/h3>    <figure class=\"wp-block-image size-full\"><img loading=\"lazy\" decoding=\"async\" width=\"720\" height=\"540\" src=\"https:\/\/eggtraymachine.org\/wp-content\/uploads\/2022\/08\/Natural-drying-egg-try.webp\" alt=\"Nat\u00fcrliche Trocknung Eiablage\" class=\"wp-image-161\" title=\"\" srcset=\"https:\/\/eggtraymachine.org\/wp-content\/uploads\/2022\/08\/Natural-drying-egg-try.webp 720w, https:\/\/eggtraymachine.org\/wp-content\/uploads\/2022\/08\/Natural-drying-egg-try-300x225.webp 300w\" sizes=\"auto, (max-width: 720px) 100vw, 720px\" \/><figcaption class=\"wp-element-caption\">Nat\u00fcrliche Trocknung von Eierkartons<\/figcaption><\/figure>    <p>Die nat\u00fcrliche Trocknung ist die einfachste Trocknungsmethode f\u00fcr die Trocknung von Eierpaletten. Im Allgemeinen kann bei einer Produktion von 1000-2000 St\u00fcck\/Stunde die nat\u00fcrliche Trocknung verwendet werden. Wenn die Temperatur 30-40 Grad Celsius erreicht, kann sie an einem Tag getrocknet werden.<\/p>    <h3 class=\"wp-block-heading\">Ziegeldrohtrocknung<\/h3>    <figure class=\"wp-block-image size-full\"><img loading=\"lazy\" decoding=\"async\" width=\"720\" height=\"540\" src=\"https:\/\/eggtraymachine.org\/wp-content\/uploads\/2022\/08\/Brick-kiln-dried-egg-tray.webp\" alt=\"Ziegelofen getrocknete Eiablage\" class=\"wp-image-162\" title=\"\" srcset=\"https:\/\/eggtraymachine.org\/wp-content\/uploads\/2022\/08\/Brick-kiln-dried-egg-tray.webp 720w, https:\/\/eggtraymachine.org\/wp-content\/uploads\/2022\/08\/Brick-kiln-dried-egg-tray-300x225.webp 300w\" sizes=\"auto, (max-width: 720px) 100vw, 720px\" \/><figcaption class=\"wp-element-caption\">Ziegelofen-getrocknete Eierplatte<\/figcaption><\/figure>    <p class=\"translation-block\">Beim Trocknen im <a href=\"https:\/\/en.wikipedia.org\/wiki\/Brick_Kiln\" data-type=\"URL\" data-id=\"https:\/\/en.wikipedia.org\/wiki\/Brick_Kiln\" target=\"_blank\" rel=\"noopener\">Ziegelofen<\/a> wird ein Ziegelofen zum Trocknen gebaut. Die Effizienz der Ziegelofen-Trocknung ist h\u00f6her als die der nat\u00fcrlichen Trocknung. Die Fl\u00e4che f\u00fcr die Ziegelofen-Trocknung betr\u00e4gt 30 Quadratmeter, und die Arbeitseffizienz der Ziegelofen-Trocknung ist relativ hoch, was sie f\u00fcr die mittelgro\u00dfe Produktion geeignet macht.<\/p>    <h3 class=\"wp-block-heading\">Die W\u00e4rmequelle f\u00fcr den Papiereierplatten-Trockner<\/h3>    <figure class=\"wp-block-image size-full\"><img loading=\"lazy\" decoding=\"async\" width=\"720\" height=\"540\" src=\"https:\/\/eggtraymachine.org\/wp-content\/uploads\/2022\/08\/egg-tray-drying.webp\" alt=\"Eiablage Trocknung\" class=\"wp-image-166\" title=\"\" srcset=\"https:\/\/eggtraymachine.org\/wp-content\/uploads\/2022\/08\/egg-tray-drying.webp 720w, https:\/\/eggtraymachine.org\/wp-content\/uploads\/2022\/08\/egg-tray-drying-300x225.webp 300w\" sizes=\"auto, (max-width: 720px) 100vw, 720px\" \/><figcaption class=\"wp-element-caption\">Eierplatten-Trocknung<\/figcaption><\/figure>    <p>Die Eierkarton-Trocknungsmaschine kann Erdgas, Diesel, Benzin, Biomassepellets oder W\u00e4rmetr\u00e4ger\u00f6l als W\u00e4rmequelle verwenden, und die Heiztemperatur liegt bei 180-220 \u00b0C. Mit dem Ventilator wird das verdampfte Wasser aus dem Produkt abgezogen, sodass der Eierkarton schnell getrocknet werden kann. <\/p>    <p>Es ist sehr wichtig, die Temperatur im Papiereierkarton-Trockner kontrollieren zu k\u00f6nnen. Da der Eierkarton ein Papierprodukt ist, kann es leicht entz\u00fcndet werden, wenn die Innentemperatur der Maschine zu hoch ist, und wenn sie zu niedrig ist, wird die Trocknungseffizienz des Eierkartons verringert.<\/p>    <h2 class=\"wp-block-heading\">Einlagiger Eierkarton-Trockner oder mehrlagiger Eierkarton-Trockner<\/h2>    <figure class=\"wp-block-image size-full\"><img loading=\"lazy\" decoding=\"async\" width=\"720\" height=\"540\" src=\"https:\/\/eggtraymachine.org\/wp-content\/uploads\/2022\/08\/egg-tray-drying-machine-1.webp\" alt=\"Eierkartontrocknungsmaschine\" class=\"wp-image-164\" title=\"\" srcset=\"https:\/\/eggtraymachine.org\/wp-content\/uploads\/2022\/08\/egg-tray-drying-machine-1.webp 720w, https:\/\/eggtraymachine.org\/wp-content\/uploads\/2022\/08\/egg-tray-drying-machine-1-300x225.webp 300w\" sizes=\"auto, (max-width: 720px) 100vw, 720px\" \/><figcaption class=\"wp-element-caption\"> Papier-Ei-Tray-Trockner<\/figcaption><\/figure>    <p>Es gibt zwei Arten von Eierkarton-Trocknungsmaschinen: Einlagige Eierkarton-Trockner und mehrlagige Eierkarton-Trockner. Die Arbeitseffizienz der einlagigen Maschinen und der mehrlagigen Maschinen ist gleich. Die Fl\u00e4che der einlagigen Trocknungsmaschine betr\u00e4gt 40 Quadratmeter, und die Fl\u00e4chennutzung der mehrlagigen Trocknungsmaschine betr\u00e4gt 15 Quadratmeter, was f\u00fcr Kunden mit kleineren Betriebsfl\u00e4chen sehr wichtig ist.<\/p>    <p>Dar\u00fcber hinaus hat der Mehrschicht-Papier-Eiablage-Trockner eine gr\u00f6\u00dfere Kapazit\u00e4t, die f\u00fcr die mittelgro\u00dfe und gro\u00dfe Produktion von Eiablagen geeignet ist. Wenn Sie ein gro\u00dfes Werk zur Herstellung von Eiablagen haben, empfehle ich Ihnen, diesen Mehrschichttrockner zu w\u00e4hlen.<\/p>","protected":false},"excerpt":{"rendered":"<p>Der Papiereierkarton-Trockner ist f\u00fcr die Eierkartonproduktionslinie mit hoher Ausbeute geeignet. Unsere Eierkartontrocknungsmaschine ben\u00f6tigt etwa 30 Minuten, um eine Charge Eierkartons zu trocknen.<\/p>","protected":false},"author":1,"featured_media":159,"parent":0,"template":"","tags":[27,28,13],"product-type":[4,15],"class_list":["post-157","product","type-product","status-publish","has-post-thumbnail","hentry","tag-egg-carton-machine","tag-egg-tray","tag-paper-egg-tray-dryer","product-type-product","product-type-egg-tray-dryer"],"_links":{"self":[{"href":"https:\/\/eggtraymachine.org\/de\/wp-json\/wp\/v2\/product\/157","targetHints":{"allow":["GET"]}}],"collection":[{"href":"https:\/\/eggtraymachine.org\/de\/wp-json\/wp\/v2\/product"}],"about":[{"href":"https:\/\/eggtraymachine.org\/de\/wp-json\/wp\/v2\/types\/product"}],"author":[{"embeddable":true,"href":"https:\/\/eggtraymachine.org\/de\/wp-json\/wp\/v2\/users\/1"}],"wp:featuredmedia":[{"embeddable":true,"href":"https:\/\/eggtraymachine.org\/de\/wp-json\/wp\/v2\/media\/159"}],"wp:attachment":[{"href":"https:\/\/eggtraymachine.org\/de\/wp-json\/wp\/v2\/media?parent=157"}],"wp:term":[{"taxonomy":"post_tag","embeddable":true,"href":"https:\/\/eggtraymachine.org\/de\/wp-json\/wp\/v2\/tags?post=157"},{"taxonomy":"product-type","embeddable":true,"href":"https:\/\/eggtraymachine.org\/de\/wp-json\/wp\/v2\/product-type?post=157"}],"curies":[{"name":"wp","href":"https:\/\/api.w.org\/{rel}","templated":true}]}}