{"id":2,"date":"2022-08-01T10:18:31","date_gmt":"2022-08-01T10:18:31","guid":{"rendered":"https:\/\/eggtraymachine.org\/?page_id=2"},"modified":"2026-04-23T17:02:57","modified_gmt":"2026-04-23T09:02:57","slug":"about-us","status":"publish","type":"page","link":"https:\/\/eggtraymachine.org\/de\/about-us\/","title":{"rendered":"\u00dcber uns"},"content":{"rendered":"<p>Shuliy ist ein Hersteller mit \u00fcber 10 Jahren Erfahrung in der Herstellung von Eierkartons. Derzeit hat es eine bestimmte Gr\u00f6\u00dfe in der Eierkartonbranche erreicht. Die Shuliy-Fabrik hat sich in den letzten Jahren der Innovation von Eierkartonmaschinen verschrieben und bietet mehr Verbrauchern besseren Service. Zum Beispiel gibt es jetzt nicht nur Eierkartonmaschinen, sondern auch Papierprodukte wie Apfel- und Weinkartons.<\/p>    <figure class=\"wp-block-gallery has-nested-images columns-default is-cropped wp-block-gallery-2 is-layout-flex wp-block-gallery-is-layout-flex\"> <figure class=\"wp-block-image size-large\"><img loading=\"lazy\" decoding=\"async\" width=\"1024\" height=\"373\" data-id=\"990\" src=\"https:\/\/eggtraymachine.org\/wp-content\/uploads\/2026\/04\/Egg-Carton-Production-Line-1024x373.webp\" alt=\"Eierkarton-Produktionslinie\" class=\"wp-image-990\" title=\"\" srcset=\"https:\/\/eggtraymachine.org\/wp-content\/uploads\/2026\/04\/Egg-Carton-Production-Line-1024x373.webp 1024w, https:\/\/eggtraymachine.org\/wp-content\/uploads\/2026\/04\/Egg-Carton-Production-Line-300x109.webp 300w, https:\/\/eggtraymachine.org\/wp-content\/uploads\/2026\/04\/Egg-Carton-Production-Line-768x280.webp 768w, https:\/\/eggtraymachine.org\/wp-content\/uploads\/2026\/04\/Egg-Carton-Production-Line-18x7.webp 18w, https:\/\/eggtraymachine.org\/wp-content\/uploads\/2026\/04\/Egg-Carton-Production-Line-1536x560.webp 1536w, https:\/\/eggtraymachine.org\/wp-content\/uploads\/2026\/04\/Egg-Carton-Production-Line.webp 1920w\" sizes=\"auto, (max-width: 1024px) 100vw, 1024px\" \/><figcaption class=\"wp-element-caption\">Eierkarton-Produktionslinie<\/figcaption><\/figure> <\/figure>    <h2 class=\"wp-block-heading\" id=\"h-what-egg-tray-equipment-do-we-have\">Welche Eierkartonmaschinen haben wir?<\/h2>    <p>Shuliy verf\u00fcgt derzeit \u00fcber eine vollst\u00e4ndige Eierkarton-Produktionslinie und eine Eierkarton-Produktionslinie. Die Produktionskapazit\u00e4t der Eierkartons betr\u00e4gt 1000 St\u00fcck\/h-8000 St\u00fcck\/h. Die Herstellung von Eierkartons umfasst Schritte wie Eierkarton-Aufbereitung, Formen, Trocknung und Verpackung. Wenn Sie eine Eierkartonfabrik starten m\u00f6chten, ben\u00f6tigen Sie nur 4-5 Arbeiter.<\/p>    <figure class=\"wp-block-gallery has-nested-images columns-default is-cropped wp-block-gallery-3 is-layout-flex wp-block-gallery-is-layout-flex\"> <figure class=\"wp-block-image size-large\"><img loading=\"lazy\" decoding=\"async\" width=\"720\" height=\"540\" data-id=\"876\" src=\"https:\/\/eggtraymachine.org\/wp-content\/uploads\/2025\/10\/Shuliy-Egg-Tray-Processing-Factory.webp\" alt=\"Shuliy Ei-Tabletten-Verarbeitungsfabrik\" class=\"wp-image-876\" title=\"\" srcset=\"https:\/\/eggtraymachine.org\/wp-content\/uploads\/2025\/10\/Shuliy-Egg-Tray-Processing-Factory.webp 720w, https:\/\/eggtraymachine.org\/wp-content\/uploads\/2025\/10\/Shuliy-Egg-Tray-Processing-Factory-300x225.webp 300w, https:\/\/eggtraymachine.org\/wp-content\/uploads\/2025\/10\/Shuliy-Egg-Tray-Processing-Factory-16x12.webp 16w\" sizes=\"auto, (max-width: 720px) 100vw, 720px\" \/><figcaption class=\"wp-element-caption\">Shuliy Ei-Tabletten-Verarbeitungsfabrik<\/figcaption><\/figure>    <figure class=\"wp-block-image size-large\"><img loading=\"lazy\" decoding=\"async\" width=\"720\" height=\"540\" data-id=\"867\" src=\"https:\/\/eggtraymachine.org\/wp-content\/uploads\/2025\/10\/Egg-Tray-Processing-Factory.webp\" alt=\"Eierkorb-Verarbeitungsfabrik\" class=\"wp-image-867\" title=\"\" srcset=\"https:\/\/eggtraymachine.org\/wp-content\/uploads\/2025\/10\/Egg-Tray-Processing-Factory.webp 720w, https:\/\/eggtraymachine.org\/wp-content\/uploads\/2025\/10\/Egg-Tray-Processing-Factory-300x225.webp 300w, https:\/\/eggtraymachine.org\/wp-content\/uploads\/2025\/10\/Egg-Tray-Processing-Factory-16x12.webp 16w\" sizes=\"auto, (max-width: 720px) 100vw, 720px\" \/><figcaption class=\"wp-element-caption\">Eierkorb-Verarbeitungsfabrik<\/figcaption><\/figure>    <figure class=\"wp-block-image size-large\"><img loading=\"lazy\" decoding=\"async\" width=\"720\" height=\"540\" data-id=\"865\" src=\"https:\/\/eggtraymachine.org\/wp-content\/uploads\/2025\/10\/Egg-Tray-Manufacturing-Plant.webp\" alt=\"Eier-Tabletten-Fabrik\" class=\"wp-image-865\" title=\"\" srcset=\"https:\/\/eggtraymachine.org\/wp-content\/uploads\/2025\/10\/Egg-Tray-Manufacturing-Plant.webp 720w, https:\/\/eggtraymachine.org\/wp-content\/uploads\/2025\/10\/Egg-Tray-Manufacturing-Plant-300x225.webp 300w, https:\/\/eggtraymachine.org\/wp-content\/uploads\/2025\/10\/Egg-Tray-Manufacturing-Plant-16x12.webp 16w\" sizes=\"auto, (max-width: 720px) 100vw, 720px\" \/><figcaption class=\"wp-element-caption\">Eier-Tabletten-Fabrik<\/figcaption><\/figure> <\/figure>    <h2 class=\"wp-block-heading\">Unsere Kernkompetenzen<\/h2>    <p class=\"translation-block\"><strong>\u00dcber 10 Jahre Herstellungserfahrung<\/strong><\/p>    <p>Reife Technologie, stabile Qualit\u00e4t, professionelles Team sorgt f\u00fcr zuverl\u00e4ssige Maschinenleistung.<\/p>    <p class=\"translation-block\"><strong>Komplette Produktionslinie<\/strong><\/p>    <p>One-Stop-L\u00f6sung von Aufbereitung, Formen, Trocknung bis Verpackung, einfache Bedienung mit nur 4-5 Arbeitern.<\/p>    <p class=\"translation-block\"><strong>Umweltfreundlich und kostensparend<\/strong><\/p>    <p>Verwenden Sie Altpapier als Rohstoff, niedrige Kosten, keine Umweltverschmutzung und Erf\u00fcllung globaler Umweltschutzstandards.<\/p>    <p class=\"translation-block\"><strong>Ma\u00dfgeschneiderte L\u00f6sungen<\/strong><\/p>    <p>Unterst\u00fctzung bei ma\u00dfgeschneiderten Produktionsausgaben, Konfigurationen und Fabriklayout-Designs f\u00fcr verschiedene Kunden.<\/p>    <figure class=\"wp-block-gallery aligncenter has-nested-images columns-default is-cropped wp-block-gallery-4 is-layout-flex wp-block-gallery-is-layout-flex\"> <figure class=\"wp-block-image size-full\"><img loading=\"lazy\" decoding=\"async\" width=\"720\" height=\"540\" data-id=\"999\" src=\"https:\/\/eggtraymachine.org\/wp-content\/uploads\/2026\/04\/Visit-by-Pakistani-Clients.webp\" alt=\"Visit by Pakistani Clients\" class=\"wp-image-999\" title=\"\" srcset=\"https:\/\/eggtraymachine.org\/wp-content\/uploads\/2026\/04\/Visit-by-Pakistani-Clients.webp 720w, https:\/\/eggtraymachine.org\/wp-content\/uploads\/2026\/04\/Visit-by-Pakistani-Clients-300x225.webp 300w, https:\/\/eggtraymachine.org\/wp-content\/uploads\/2026\/04\/Visit-by-Pakistani-Clients-16x12.webp 16w\" sizes=\"auto, (max-width: 720px) 100vw, 720px\" \/><figcaption class=\"wp-element-caption\">Besuch von pakistanischen Kunden<\/figcaption><\/figure>    <figure class=\"wp-block-image size-full\"><img loading=\"lazy\" decoding=\"async\" width=\"720\" height=\"540\" data-id=\"1003\" src=\"https:\/\/eggtraymachine.org\/wp-content\/uploads\/2026\/04\/Burkina-Faso-Egg-Tray-making-machine.webp\" alt=\"Burkina Faso Egg Tray making machine\" class=\"wp-image-1003\" title=\"\" srcset=\"https:\/\/eggtraymachine.org\/wp-content\/uploads\/2026\/04\/Burkina-Faso-Egg-Tray-making-machine.webp 720w, https:\/\/eggtraymachine.org\/wp-content\/uploads\/2026\/04\/Burkina-Faso-Egg-Tray-making-machine-300x225.webp 300w, https:\/\/eggtraymachine.org\/wp-content\/uploads\/2026\/04\/Burkina-Faso-Egg-Tray-making-machine-16x12.webp 16w\" sizes=\"auto, (max-width: 720px) 100vw, 720px\" \/><figcaption class=\"wp-element-caption\">Burkina Faso Eierkartonmaschine<\/figcaption><\/figure>    <figure class=\"wp-block-image size-full\"><img loading=\"lazy\" decoding=\"async\" width=\"720\" height=\"540\" data-id=\"1004\" src=\"https:\/\/eggtraymachine.org\/wp-content\/uploads\/2026\/04\/Benin-Egg-Tray-Machine.webp\" alt=\"Benin Clients Visit the Factory\" class=\"wp-image-1004\" title=\"\" srcset=\"https:\/\/eggtraymachine.org\/wp-content\/uploads\/2026\/04\/Benin-Egg-Tray-Machine.webp 720w, https:\/\/eggtraymachine.org\/wp-content\/uploads\/2026\/04\/Benin-Egg-Tray-Machine-300x225.webp 300w, https:\/\/eggtraymachine.org\/wp-content\/uploads\/2026\/04\/Benin-Egg-Tray-Machine-16x12.webp 16w\" sizes=\"auto, (max-width: 720px) 100vw, 720px\" \/><figcaption class=\"wp-element-caption\">Benin-Kunden besuchen die Fabrik<\/figcaption><\/figure> <\/figure>    <h2 class=\"wp-block-heading\">Welche Bedingungen sind gut f\u00fcr Sie, um Eiertrays herzustellen?<\/h2>    <p>Wenn es viele Papierressourcen gibt. Wenn es in Ihrer Umgebung viel Altpapier gibt, k\u00f6nnen Sie dieses Altpapier verwenden, um Eiertrays zu recyceln und zu verarbeiten.<\/p>    <p>Wenn es viele H\u00fchnerfarmen in der N\u00e4he gibt. Eierkartons werden haupts\u00e4chlich an einige H\u00fchnerfarmen verkauft, und es gibt H\u00fchnerfabriken in Ihrer N\u00e4he, um feste Eierkartonbestellungen zu erhalten<\/p>    <p>Wenn die Regierung verschmutzende Industrien einschr\u00e4nkt. Wenn Ihr Land Beschr\u00e4nkungen f\u00fcr verschmutzende Industrien hat und Sie nach einem geeigneten Projekt suchen, ist die Produktion von Eierkartons eine gute Wahl, da sie im gesamten Prozess keine Umweltverschmutzung verursacht.<\/p>    <figure class=\"wp-block-gallery has-nested-images columns-default is-cropped wp-block-gallery-5 is-layout-flex wp-block-gallery-is-layout-flex\"> <figure class=\"wp-block-image size-large\"><img loading=\"lazy\" decoding=\"async\" width=\"720\" height=\"540\" data-id=\"871\" src=\"https:\/\/eggtraymachine.org\/wp-content\/uploads\/2025\/10\/Fully-Automatic-Egg-Carton-Production-Line.webp\" alt=\"Vollautomatische Apfelkarton-Produktionslinie\" class=\"wp-image-871\" title=\"\" srcset=\"https:\/\/eggtraymachine.org\/wp-content\/uploads\/2025\/10\/Fully-Automatic-Egg-Carton-Production-Line.webp 720w, https:\/\/eggtraymachine.org\/wp-content\/uploads\/2025\/10\/Fully-Automatic-Egg-Carton-Production-Line-300x225.webp 300w, https:\/\/eggtraymachine.org\/wp-content\/uploads\/2025\/10\/Fully-Automatic-Egg-Carton-Production-Line-16x12.webp 16w\" sizes=\"auto, (max-width: 720px) 100vw, 720px\" \/><figcaption class=\"wp-element-caption\">Vollautomatische Apfelkarton-Produktionslinie<\/figcaption><\/figure>    <figure class=\"wp-block-image size-large\"><img loading=\"lazy\" decoding=\"async\" width=\"720\" height=\"540\" data-id=\"873\" src=\"https:\/\/eggtraymachine.org\/wp-content\/uploads\/2025\/10\/Fully-automatic-egg-tray-processing-plant.webp\" alt=\"Vollautomatische Apfel-Tablett-Produktionsanlage\" class=\"wp-image-873\" title=\"\" srcset=\"https:\/\/eggtraymachine.org\/wp-content\/uploads\/2025\/10\/Fully-automatic-egg-tray-processing-plant.webp 720w, https:\/\/eggtraymachine.org\/wp-content\/uploads\/2025\/10\/Fully-automatic-egg-tray-processing-plant-300x225.webp 300w, https:\/\/eggtraymachine.org\/wp-content\/uploads\/2025\/10\/Fully-automatic-egg-tray-processing-plant-16x12.webp 16w\" sizes=\"auto, (max-width: 720px) 100vw, 720px\" \/><figcaption class=\"wp-element-caption\">Vollautomatische Apfel-Tablett-Produktionsanlage<\/figcaption><\/figure> <\/figure>    <h2 class=\"wp-block-heading\">Unser Service<\/h2>    <ul class=\"wp-block-list\"> <li>Bereitstellung eines Produktionsvideos f\u00fcr Eierkartons. Viele Kunden sind mit der Herstellung von Eierkartons nicht vertraut, daher k\u00f6nnen wir detaillierte Informationen bereitstellen, um ihnen das Eierkarton-Industrie zu erkl\u00e4ren.<\/li>    <li>Testmaschine f\u00fcr Eierkartons. Nach Abschluss der Produktion der Eierkartonmaschine k\u00f6nnen Sie die Leistung der Maschine testen und das Video senden.<\/li>    <li>Hilfe beim Bau der Fabrik. Shuliy verf\u00fcgt \u00fcber professionelle Designer, die die Konstruktionszeichnungen der Eierkartonfabrik bereitstellen k\u00f6nnen.<\/li>    <li>Helfen Sie den Kunden, Budgets zu erstellen. Basierend auf der Eierkartonproduktion des Kunden kann das Budget f\u00fcr die Entwicklung neuer Industrien berechnet werden, was die Gesch\u00e4ftsplanung f\u00fcr die Kunden erleichtert.<\/li> <\/ul>    <figure class=\"wp-block-gallery aligncenter has-nested-images columns-default is-cropped wp-block-gallery-6 is-layout-flex wp-block-gallery-is-layout-flex\"> <figure class=\"wp-block-image size-full\"><img loading=\"lazy\" decoding=\"async\" width=\"716\" height=\"833\" data-id=\"301\" src=\"https:\/\/eggtraymachine.org\/wp-content\/uploads\/2022\/08\/Egg-Tray-Certificate.webp\" alt=\"Eierkarton Zertifikat\" class=\"wp-image-301\" title=\"\" srcset=\"https:\/\/eggtraymachine.org\/wp-content\/uploads\/2022\/08\/Egg-Tray-Certificate.webp 716w, https:\/\/eggtraymachine.org\/wp-content\/uploads\/2022\/08\/Egg-Tray-Certificate-258x300.webp 258w\" sizes=\"auto, (max-width: 716px) 100vw, 716px\" \/><figcaption class=\"wp-element-caption\">Eierkarton Zertifikat<\/figcaption><\/figure>    <figure class=\"wp-block-image size-full\"><img loading=\"lazy\" decoding=\"async\" width=\"540\" height=\"720\" data-id=\"1002\" src=\"https:\/\/eggtraymachine.org\/wp-content\/uploads\/2026\/04\/India-Egg-Tray-Machine.webp\" alt=\"Indische Kunden besuchen die Fabrik\" class=\"wp-image-1002\" title=\"\" srcset=\"https:\/\/eggtraymachine.org\/wp-content\/uploads\/2026\/04\/India-Egg-Tray-Machine.webp 540w, https:\/\/eggtraymachine.org\/wp-content\/uploads\/2026\/04\/India-Egg-Tray-Machine-225x300.webp 225w, https:\/\/eggtraymachine.org\/wp-content\/uploads\/2026\/04\/India-Egg-Tray-Machine-9x12.webp 9w\" sizes=\"auto, (max-width: 540px) 100vw, 540px\" \/><figcaption class=\"wp-element-caption\">Indische Kunden besuchen die Fabrik<\/figcaption><\/figure> <\/figure>","protected":false},"excerpt":{"rendered":"<p>Shuliy Company is a manufacturer with 10+ years of experience in egg trays. At present, it has formed a certain scale in the egg tray industry. Shuliy factory has been committed to the innovation of egg tray machines in recent years, providing more consumers. Better service. For example, now there are not only egg tray [&hellip;]<\/p>\n","protected":false},"author":1,"featured_media":0,"parent":0,"menu_order":0,"comment_status":"closed","ping_status":"open","template":"","meta":{"footnotes":""},"class_list":["post-2","page","type-page","status-publish","hentry"],"_links":{"self":[{"href":"https:\/\/eggtraymachine.org\/de\/wp-json\/wp\/v2\/pages\/2","targetHints":{"allow":["GET"]}}],"collection":[{"href":"https:\/\/eggtraymachine.org\/de\/wp-json\/wp\/v2\/pages"}],"about":[{"href":"https:\/\/eggtraymachine.org\/de\/wp-json\/wp\/v2\/types\/page"}],"author":[{"embeddable":true,"href":"https:\/\/eggtraymachine.org\/de\/wp-json\/wp\/v2\/users\/1"}],"replies":[{"embeddable":true,"href":"https:\/\/eggtraymachine.org\/de\/wp-json\/wp\/v2\/comments?post=2"}],"version-history":[{"count":10,"href":"https:\/\/eggtraymachine.org\/de\/wp-json\/wp\/v2\/pages\/2\/revisions"}],"predecessor-version":[{"id":1029,"href":"https:\/\/eggtraymachine.org\/de\/wp-json\/wp\/v2\/pages\/2\/revisions\/1029"}],"wp:attachment":[{"href":"https:\/\/eggtraymachine.org\/de\/wp-json\/wp\/v2\/media?parent=2"}],"curies":[{"name":"wp","href":"https:\/\/api.w.org\/{rel}","templated":true}]}}